{"id":7059,"date":"2025-10-29T08:52:22","date_gmt":"2025-10-29T05:52:22","guid":{"rendered":"https:\/\/www.kapi.ltd\/urun\/yeni-celik-kapi-modelleri-4-2\/"},"modified":"2025-11-22T10:35:46","modified_gmt":"2025-11-22T07:35:46","slug":"nouveaux-modeles-de-portes-en-acier","status":"publish","type":"product","link":"https:\/\/www.kapi.ltd\/fr\/urun\/nouveaux-modeles-de-portes-en-acier\/","title":{"rendered":"nouveaux mod\u00e8les de portes en acier"},"content":{"rendered":"<article class=\"text-token-text-primary w-full focus:outline-none [--shadow-height:45px] has-data-writing-block:pointer-events-none has-data-writing-block:-mt-(--shadow-height) has-data-writing-block:pt-(--shadow-height) [&amp;:has([data-writing-block])&gt;*]:pointer-events-auto [content-visibility:auto] supports-[content-visibility:auto]:[contain-intrinsic-size:auto_100lvh] scroll-mt-[calc(var(--header-height)+min(200px,max(70px,20svh)))]\" dir=\"auto\" tabindex=\"-1\" data-turn-id=\"request-69011883-bfb8-832f-8603-e665053e85bf-0\" data-testid=\"conversation-turn-14\" data-scroll-anchor=\"true\" data-turn=\"assistant\">\n<div class=\"text-base my-auto mx-auto pb-10 [--thread-content-margin:--spacing(4)] thread-sm:[--thread-content-margin:--spacing(6)] thread-lg:[--thread-content-margin:--spacing(16)] px-(--thread-content-margin)\">\n<div class=\"[--thread-content-max-width:40rem] thread-lg:[--thread-content-max-width:48rem] mx-auto max-w-(--thread-content-max-width) flex-1 group\/turn-messages focus-visible:outline-hidden relative flex w-full min-w-0 flex-col agent-turn\" tabindex=\"-1\">\n<div class=\"flex max-w-full flex-col grow\">\n<div class=\"min-h-8 text-message relative flex w-full flex-col items-end gap-2 text-start break-words whitespace-normal [.text-message+&amp;]:mt-1\" dir=\"auto\" data-message-author-role=\"assistant\" data-message-id=\"b701aa8a-4bc7-429b-9af0-b8ba16ed6254\" data-message-model-slug=\"gpt-5\">\n<div class=\"flex w-full flex-col gap-1 empty:hidden first:pt-[1px]\">\n<div class=\"markdown prose dark:prose-invert w-full break-words light markdown-new-styling\">\n<p data-start=\"2814\" data-end=\"3346\" data-is-last-node=\"\" data-is-only-node=\"\">\n<\/div>\n<\/div>\n<\/div>\n<\/div>\n<div class=\"z-0 flex min-h-[46px] justify-start\">\n<p>Nouveaux mod\u00e8les de portes en acier : S\u00e9curit\u00e9 renforc\u00e9e, design luxueux et lignes modernes<\/p>\n<p>La porte d&rsquo;entr\u00e9e de votre maison joue un r\u00f4le crucial, tant pour la s\u00e9curit\u00e9 que pour l&rsquo;esth\u00e9tique. Dans les int\u00e9rieurs modernes, les portes en acier doivent \u00eatre non seulement robustes, mais aussi \u00e9l\u00e9gantes et raffin\u00e9es. Les nouveaux mod\u00e8les de portes en acier allient parfaitement ces deux atouts. Les syst\u00e8mes de double verrouillage et l&rsquo;association de teintes bois\u00e9es et anthracite offrent un niveau de s\u00e9curit\u00e9 et d&rsquo;esth\u00e9tique optimal. Ces designs luxueux, notamment ceux aux lignes modernes, ne passent pas inaper\u00e7us.<\/p>\n<p>Double verrouillage : S\u00e9curit\u00e9 maximale<\/p>\n<p>La s\u00e9curit\u00e9 a toujours \u00e9t\u00e9 une priorit\u00e9 pour les portes ext\u00e9rieures. Les nouveaux mod\u00e8les de portes en acier offrent une s\u00e9curit\u00e9 renforc\u00e9e gr\u00e2ce \u00e0 leurs syst\u00e8mes de double verrouillage. Ce syst\u00e8me rend votre maison plus difficile \u00e0 cambrioler et vous prot\u00e8ge, vous et votre famille, des agressions ext\u00e9rieures. Gr\u00e2ce \u00e0 leur construction robuste et durable, les portes en acier offrent une excellente protection contre le vol et les intrusions. Cet atout est devenu un choix judicieux, notamment pour les personnes vivant en milieu urbain ou dans des zones \u00e0 forte pr\u00e9occupation en mati\u00e8re de s\u00e9curit\u00e9.<\/p>\n<p>L&rsquo;harmonie parfaite des tons bois et de l&rsquo;anthracite<\/p>\n<p>L&rsquo;esth\u00e9tique est tout aussi importante que la s\u00e9curit\u00e9 lorsqu&rsquo;il s&rsquo;agit d&#8217;embellir l&rsquo;ext\u00e9rieur de votre maison. Les nouveaux mod\u00e8les de portes en acier proposent un design contemporain alliant tons bois et anthracite. Le bois cr\u00e9e une ambiance naturelle et chaleureuse, tandis que l&rsquo;anthracite apporte une touche moderne et \u00e9l\u00e9gante. L&rsquo;harmonie de ces deux couleurs conf\u00e8re une allure luxueuse \u00e0 la porte en acier et donne \u00e0 votre maison une allure prestigieuse.<\/p>\n<p>L&rsquo;aspect sobre et \u00e9l\u00e9gant de l&rsquo;anthracite convient particuli\u00e8rement aux maisons modernes. Les tons bois\u00e9s ajoutent une touche naturelle et raffin\u00e9e \u00e0 ce design, contrebalan\u00e7ant l&rsquo;aspect froid et aust\u00e8re des portes en acier. Le r\u00e9sultat\u00a0: des designs luxueux qui allient \u00e9l\u00e9gance et s\u00e9curit\u00e9.<\/p>\n<p>Lignes modernes\u00a0: Esth\u00e9tique et fonctionnalit\u00e9 r\u00e9unies<\/p>\n<p>Les nouveaux mod\u00e8les de portes en acier se distinguent par leurs lignes modernes. Leurs designs minimalistes et \u00e9pur\u00e9s sont con\u00e7us pour s&rsquo;harmoniser avec le d\u00e9cor ext\u00e9rieur de la maison. Les portes en acier assurent non seulement la s\u00e9curit\u00e9, mais contribuent \u00e9galement \u00e0 l&rsquo;esth\u00e9tique de l&rsquo;ext\u00e9rieur. Avec leurs lignes modernes et leur design luxueux, ces portes sont bien plus qu&rsquo;une simple porte d&rsquo;entr\u00e9e\u00a0: elles constituent un v\u00e9ritable \u00e9l\u00e9ment esth\u00e9tique qui apportera une touche d&rsquo;\u00e9l\u00e9gance \u00e0 votre int\u00e9rieur.<\/p>\n<p>La structure robuste et les lignes \u00e9l\u00e9gantes des portes en acier sont con\u00e7ues pour r\u00e9pondre aux exigences de l&rsquo;architecture moderne. Ces mod\u00e8les luxueux sont un choix id\u00e9al, notamment pour les b\u00e2timents contemporains. Les nouveaux mod\u00e8les de portes en acier offrent la solution parfaite pour ceux qui recherchent un design minimaliste, \u00e9l\u00e9gant et s\u00e9curis\u00e9.<\/p>\n<p>En conclusion, ces nouveaux mod\u00e8les de portes en acier allient s\u00e9curit\u00e9, \u00e9l\u00e9gance et modernit\u00e9, sublimant l&rsquo;ext\u00e9rieur de votre maison tout en garantissant la s\u00e9curit\u00e9 de votre int\u00e9rieur. Ces mod\u00e8les luxueux, dot\u00e9s de syst\u00e8mes de double verrouillage, de finitions bois et de coloris anthracite, ajoutent une touche d&rsquo;esth\u00e9tique \u00e0 votre maison tout en offrant une excellente solution en mati\u00e8re de s\u00e9curit\u00e9. Si vous recherchez \u00e0 la fois s\u00e9curit\u00e9 et esth\u00e9tique, les portes en acier modernes sont faites pour vous\u00a0!<\/p>\n<\/div>\n<div class=\"mt-3 w-full empty:hidden\">\n<div class=\"text-center\"><\/div>\n<\/div>\n<\/div>\n<\/div>\n<\/article>\n<div class=\"pointer-events-none h-px w-px\" aria-hidden=\"true\" data-edge=\"true\"><\/div>\n","protected":false},"excerpt":{"rendered":"<p>Nouveaux mod\u00e8les de portes en acier : S\u00e9curit\u00e9 renforc\u00e9e, design luxueux et lignes modernes La porte d&rsquo;entr\u00e9e de votre maison joue un r\u00f4le crucial, tant pour la s\u00e9curit\u00e9 que pour l&rsquo;esth\u00e9tique. Dans les int\u00e9rieurs modernes, les portes en acier doivent \u00eatre non seulement robustes, mais aussi \u00e9l\u00e9gantes et raffin\u00e9es. Les nouveaux mod\u00e8les de portes en<\/p>\n","protected":false},"featured_media":7028,"template":"","meta":{"_bbp_topic_count":0,"_bbp_reply_count":0,"_bbp_total_topic_count":0,"_bbp_total_reply_count":0,"_bbp_voice_count":0,"_bbp_anonymous_reply_count":0,"_bbp_topic_count_hidden":0,"_bbp_reply_count_hidden":0,"_bbp_forum_subforum_count":0},"product_brand":[],"product_cat":[732],"product_tag":[],"class_list":{"0":"post-7059","1":"product","2":"type-product","3":"status-publish","4":"has-post-thumbnail","6":"product_cat-porte-moderne-en-acier","8":"first","9":"instock","10":"shipping-taxable","11":"product-type-simple","12":"prodpage-classic"},"yoast_head":"<!-- This site is optimized with the Yoast SEO Premium plugin v26.6 (Yoast SEO v27.5) - https:\/\/yoast.com\/product\/yoast-seo-premium-wordpress\/ -->\n<title>nouveaux mod\u00e8les de portes en acier - nouvelle porte en acier -<\/title>\n<meta name=\"description\" content=\"Les nouveaux mod\u00e8les de portes en acier allient l&#039;\u00e9l\u00e9gance de la couleur anthracite \u00e0 un syst\u00e8me de s\u00e9curit\u00e9 \u00e0 double verrouillage et \u00e0 des tons bois\u00e9s.\" \/>\n<meta name=\"robots\" content=\"index, follow, max-snippet:-1, max-image-preview:large, max-video-preview:-1\" \/>\n<link rel=\"canonical\" href=\"https:\/\/www.kapi.ltd\/fr\/urun\/nouveaux-modeles-de-portes-en-acier\/\" \/>\n<meta property=\"og:locale\" content=\"fr_FR\" \/>\n<meta property=\"og:type\" content=\"article\" \/>\n<meta property=\"og:title\" content=\"nouveaux mod\u00e8les de portes en acier\" \/>\n<meta property=\"og:description\" content=\"Les nouveaux mod\u00e8les de portes en acier allient l&#039;\u00e9l\u00e9gance de la couleur anthracite \u00e0 un syst\u00e8me de s\u00e9curit\u00e9 \u00e0 double verrouillage et \u00e0 des tons bois\u00e9s.\" \/>\n<meta property=\"og:url\" content=\"https:\/\/www.kapi.ltd\/fr\/urun\/nouveaux-modeles-de-portes-en-acier\/\" \/>\n<meta property=\"og:site_name\" content=\"\u0130\u00e7 Oda Kap\u0131lar\u0131 - \u00c7elik kap\u0131 modelleri - apartman kap\u0131lar\u0131\" \/>\n<meta property=\"article:modified_time\" content=\"2025-11-22T07:35:46+00:00\" \/>\n<meta property=\"og:image\" content=\"https:\/\/www.kapi.ltd\/wp-content\/uploads\/2025\/10\/yeni-celik-kapi-modelleri\u200b.webp\" \/>\n\t<meta property=\"og:image:width\" content=\"650\" \/>\n\t<meta property=\"og:image:height\" content=\"975\" \/>\n\t<meta property=\"og:image:type\" content=\"image\/webp\" \/>\n<meta name=\"twitter:card\" content=\"summary_large_image\" \/>\n<meta name=\"twitter:label1\" content=\"Dur\u00e9e de lecture estim\u00e9e\" \/>\n\t<meta name=\"twitter:data1\" content=\"4 minutes\" \/>\n<script type=\"application\/ld+json\" class=\"yoast-schema-graph\">{\"@context\":\"https:\\\/\\\/schema.org\",\"@graph\":[{\"@type\":\"WebPage\",\"@id\":\"https:\\\/\\\/www.kapi.ltd\\\/fr\\\/urun\\\/nouveaux-modeles-de-portes-en-acier\\\/\",\"url\":\"https:\\\/\\\/www.kapi.ltd\\\/fr\\\/urun\\\/nouveaux-modeles-de-portes-en-acier\\\/\",\"name\":\"nouveaux mod\u00e8les de portes en acier - nouvelle porte en acier -\",\"isPartOf\":{\"@id\":\"https:\\\/\\\/www.kapi.ltd\\\/fr\\\/#website\"},\"primaryImageOfPage\":{\"@id\":\"https:\\\/\\\/www.kapi.ltd\\\/fr\\\/urun\\\/nouveaux-modeles-de-portes-en-acier\\\/#primaryimage\"},\"image\":{\"@id\":\"https:\\\/\\\/www.kapi.ltd\\\/fr\\\/urun\\\/nouveaux-modeles-de-portes-en-acier\\\/#primaryimage\"},\"thumbnailUrl\":\"https:\\\/\\\/www.kapi.ltd\\\/wp-content\\\/uploads\\\/2025\\\/10\\\/yeni-celik-kapi-modelleri\u200b.webp\",\"datePublished\":\"2025-10-29T05:52:22+00:00\",\"dateModified\":\"2025-11-22T07:35:46+00:00\",\"description\":\"Les nouveaux mod\u00e8les de portes en acier allient l'\u00e9l\u00e9gance de la couleur anthracite \u00e0 un syst\u00e8me de s\u00e9curit\u00e9 \u00e0 double verrouillage et \u00e0 des tons bois\u00e9s.\",\"breadcrumb\":{\"@id\":\"https:\\\/\\\/www.kapi.ltd\\\/fr\\\/urun\\\/nouveaux-modeles-de-portes-en-acier\\\/#breadcrumb\"},\"inLanguage\":\"fr-FR\",\"potentialAction\":[{\"@type\":\"ReadAction\",\"target\":[\"https:\\\/\\\/www.kapi.ltd\\\/fr\\\/urun\\\/nouveaux-modeles-de-portes-en-acier\\\/\"]}]},{\"@type\":\"ImageObject\",\"inLanguage\":\"fr-FR\",\"@id\":\"https:\\\/\\\/www.kapi.ltd\\\/fr\\\/urun\\\/nouveaux-modeles-de-portes-en-acier\\\/#primaryimage\",\"url\":\"https:\\\/\\\/www.kapi.ltd\\\/wp-content\\\/uploads\\\/2025\\\/10\\\/yeni-celik-kapi-modelleri\u200b.webp\",\"contentUrl\":\"https:\\\/\\\/www.kapi.ltd\\\/wp-content\\\/uploads\\\/2025\\\/10\\\/yeni-celik-kapi-modelleri\u200b.webp\",\"width\":650,\"height\":975,\"caption\":\"yeni \u00e7elik kap\u0131 modelleri\"},{\"@type\":\"BreadcrumbList\",\"@id\":\"https:\\\/\\\/www.kapi.ltd\\\/fr\\\/urun\\\/nouveaux-modeles-de-portes-en-acier\\\/#breadcrumb\",\"itemListElement\":[{\"@type\":\"ListItem\",\"position\":1,\"name\":\"Anasayfa\",\"item\":\"https:\\\/\\\/www.kapi.ltd\\\/fr\\\/\"},{\"@type\":\"ListItem\",\"position\":2,\"name\":\"ic-kapi-celik-kapi-modelleri\",\"item\":\"https:\\\/\\\/www.kapi.ltd\\\/?page_id=4263\"},{\"@type\":\"ListItem\",\"position\":3,\"name\":\"nouveaux mod\u00e8les de portes en acier\"}]},{\"@type\":\"WebSite\",\"@id\":\"https:\\\/\\\/www.kapi.ltd\\\/fr\\\/#website\",\"url\":\"https:\\\/\\\/www.kapi.ltd\\\/fr\\\/\",\"name\":\"\u0130\u00e7 Kap\u0131 Ve \u00c7elik Kap\u0131 Modelleri\",\"description\":\"T\u00fcrkiye Kap\u0131 Modelleri Merkezi\",\"potentialAction\":[{\"@type\":\"SearchAction\",\"target\":{\"@type\":\"EntryPoint\",\"urlTemplate\":\"https:\\\/\\\/www.kapi.ltd\\\/fr\\\/?s={search_term_string}\"},\"query-input\":{\"@type\":\"PropertyValueSpecification\",\"valueRequired\":true,\"valueName\":\"search_term_string\"}}],\"inLanguage\":\"fr-FR\"}]}<\/script>\n<!-- \/ Yoast SEO Premium plugin. -->","yoast_head_json":{"title":"nouveaux mod\u00e8les de portes en acier - nouvelle porte en acier -","description":"Les nouveaux mod\u00e8les de portes en acier allient l'\u00e9l\u00e9gance de la couleur anthracite \u00e0 un syst\u00e8me de s\u00e9curit\u00e9 \u00e0 double verrouillage et \u00e0 des tons bois\u00e9s.","robots":{"index":"index","follow":"follow","max-snippet":"max-snippet:-1","max-image-preview":"max-image-preview:large","max-video-preview":"max-video-preview:-1"},"canonical":"https:\/\/www.kapi.ltd\/fr\/urun\/nouveaux-modeles-de-portes-en-acier\/","og_locale":"fr_FR","og_type":"article","og_title":"nouveaux mod\u00e8les de portes en acier","og_description":"Les nouveaux mod\u00e8les de portes en acier allient l'\u00e9l\u00e9gance de la couleur anthracite \u00e0 un syst\u00e8me de s\u00e9curit\u00e9 \u00e0 double verrouillage et \u00e0 des tons bois\u00e9s.","og_url":"https:\/\/www.kapi.ltd\/fr\/urun\/nouveaux-modeles-de-portes-en-acier\/","og_site_name":"\u0130\u00e7 Oda Kap\u0131lar\u0131 - \u00c7elik kap\u0131 modelleri - apartman kap\u0131lar\u0131","article_modified_time":"2025-11-22T07:35:46+00:00","og_image":[{"width":650,"height":975,"url":"https:\/\/www.kapi.ltd\/wp-content\/uploads\/2025\/10\/yeni-celik-kapi-modelleri\u200b.webp","type":"image\/webp"}],"twitter_card":"summary_large_image","twitter_misc":{"Dur\u00e9e de lecture estim\u00e9e":"4 minutes"},"schema":{"@context":"https:\/\/schema.org","@graph":[{"@type":"WebPage","@id":"https:\/\/www.kapi.ltd\/fr\/urun\/nouveaux-modeles-de-portes-en-acier\/","url":"https:\/\/www.kapi.ltd\/fr\/urun\/nouveaux-modeles-de-portes-en-acier\/","name":"nouveaux mod\u00e8les de portes en acier - nouvelle porte en acier -","isPartOf":{"@id":"https:\/\/www.kapi.ltd\/fr\/#website"},"primaryImageOfPage":{"@id":"https:\/\/www.kapi.ltd\/fr\/urun\/nouveaux-modeles-de-portes-en-acier\/#primaryimage"},"image":{"@id":"https:\/\/www.kapi.ltd\/fr\/urun\/nouveaux-modeles-de-portes-en-acier\/#primaryimage"},"thumbnailUrl":"https:\/\/www.kapi.ltd\/wp-content\/uploads\/2025\/10\/yeni-celik-kapi-modelleri\u200b.webp","datePublished":"2025-10-29T05:52:22+00:00","dateModified":"2025-11-22T07:35:46+00:00","description":"Les nouveaux mod\u00e8les de portes en acier allient l'\u00e9l\u00e9gance de la couleur anthracite \u00e0 un syst\u00e8me de s\u00e9curit\u00e9 \u00e0 double verrouillage et \u00e0 des tons bois\u00e9s.","breadcrumb":{"@id":"https:\/\/www.kapi.ltd\/fr\/urun\/nouveaux-modeles-de-portes-en-acier\/#breadcrumb"},"inLanguage":"fr-FR","potentialAction":[{"@type":"ReadAction","target":["https:\/\/www.kapi.ltd\/fr\/urun\/nouveaux-modeles-de-portes-en-acier\/"]}]},{"@type":"ImageObject","inLanguage":"fr-FR","@id":"https:\/\/www.kapi.ltd\/fr\/urun\/nouveaux-modeles-de-portes-en-acier\/#primaryimage","url":"https:\/\/www.kapi.ltd\/wp-content\/uploads\/2025\/10\/yeni-celik-kapi-modelleri\u200b.webp","contentUrl":"https:\/\/www.kapi.ltd\/wp-content\/uploads\/2025\/10\/yeni-celik-kapi-modelleri\u200b.webp","width":650,"height":975,"caption":"yeni \u00e7elik kap\u0131 modelleri"},{"@type":"BreadcrumbList","@id":"https:\/\/www.kapi.ltd\/fr\/urun\/nouveaux-modeles-de-portes-en-acier\/#breadcrumb","itemListElement":[{"@type":"ListItem","position":1,"name":"Anasayfa","item":"https:\/\/www.kapi.ltd\/fr\/"},{"@type":"ListItem","position":2,"name":"ic-kapi-celik-kapi-modelleri","item":"https:\/\/www.kapi.ltd\/?page_id=4263"},{"@type":"ListItem","position":3,"name":"nouveaux mod\u00e8les de portes en acier"}]},{"@type":"WebSite","@id":"https:\/\/www.kapi.ltd\/fr\/#website","url":"https:\/\/www.kapi.ltd\/fr\/","name":"\u0130\u00e7 Kap\u0131 Ve \u00c7elik Kap\u0131 Modelleri","description":"T\u00fcrkiye Kap\u0131 Modelleri Merkezi","potentialAction":[{"@type":"SearchAction","target":{"@type":"EntryPoint","urlTemplate":"https:\/\/www.kapi.ltd\/fr\/?s={search_term_string}"},"query-input":{"@type":"PropertyValueSpecification","valueRequired":true,"valueName":"search_term_string"}}],"inLanguage":"fr-FR"}]}},"_links":{"self":[{"href":"https:\/\/www.kapi.ltd\/fr\/wp-json\/wp\/v2\/product\/7059","targetHints":{"allow":["GET"]}}],"collection":[{"href":"https:\/\/www.kapi.ltd\/fr\/wp-json\/wp\/v2\/product"}],"about":[{"href":"https:\/\/www.kapi.ltd\/fr\/wp-json\/wp\/v2\/types\/product"}],"version-history":[{"count":2,"href":"https:\/\/www.kapi.ltd\/fr\/wp-json\/wp\/v2\/product\/7059\/revisions"}],"predecessor-version":[{"id":7212,"href":"https:\/\/www.kapi.ltd\/fr\/wp-json\/wp\/v2\/product\/7059\/revisions\/7212"}],"wp:featuredmedia":[{"embeddable":true,"href":"https:\/\/www.kapi.ltd\/fr\/wp-json\/wp\/v2\/media\/7028"}],"wp:attachment":[{"href":"https:\/\/www.kapi.ltd\/fr\/wp-json\/wp\/v2\/media?parent=7059"}],"wp:term":[{"taxonomy":"product_brand","embeddable":true,"href":"https:\/\/www.kapi.ltd\/fr\/wp-json\/wp\/v2\/product_brand?post=7059"},{"taxonomy":"product_cat","embeddable":true,"href":"https:\/\/www.kapi.ltd\/fr\/wp-json\/wp\/v2\/product_cat?post=7059"},{"taxonomy":"product_tag","embeddable":true,"href":"https:\/\/www.kapi.ltd\/fr\/wp-json\/wp\/v2\/product_tag?post=7059"}],"curies":[{"name":"wp","href":"https:\/\/api.w.org\/{rel}","templated":true}]}}