{"id":6332,"date":"2025-10-07T00:38:58","date_gmt":"2025-10-06T21:38:58","guid":{"rendered":"https:\/\/www.kapi.ltd\/urun\/altin-varakli-lake-kapi-modeli-2\/"},"modified":"2025-11-23T02:03:50","modified_gmt":"2025-11-22T23:03:50","slug":"portes-laquees-a-bordure-doree","status":"publish","type":"product","link":"https:\/\/www.kapi.ltd\/fr\/urun\/portes-laquees-a-bordure-doree\/","title":{"rendered":"Portes laqu\u00e9es \u00e0 bordure dor\u00e9e"},"content":{"rendered":"<article class=\"text-token-text-primary w-full focus:outline-none [--shadow-height:45px] has-data-writing-block:pointer-events-none has-data-writing-block:-mt-(--shadow-height) has-data-writing-block:pt-(--shadow-height) [&amp;:has([data-writing-block])&gt;*]:pointer-events-auto [content-visibility:auto] supports-[content-visibility:auto]:[contain-intrinsic-size:auto_100lvh] scroll-mt-[calc(var(--header-height)+min(200px,max(70px,20svh)))]\" dir=\"auto\" tabindex=\"-1\" data-turn-id=\"request-WEB:c615d289-fce1-4fff-8363-f18c43a2352b-0\" data-testid=\"conversation-turn-2\" data-scroll-anchor=\"true\" data-turn=\"assistant\">\n<div class=\"text-base my-auto mx-auto pb-10 [--thread-content-margin:--spacing(4)] thread-sm:[--thread-content-margin:--spacing(6)] thread-lg:[--thread-content-margin:--spacing(16)] px-(--thread-content-margin)\">\n<div class=\"[--thread-content-max-width:40rem] thread-lg:[--thread-content-max-width:48rem] mx-auto max-w-(--thread-content-max-width) flex-1 group\/turn-messages focus-visible:outline-hidden relative flex w-full min-w-0 flex-col agent-turn\" tabindex=\"-1\">\n<div class=\"flex max-w-full flex-col grow\">\n<div class=\"min-h-8 text-message relative flex w-full flex-col items-end gap-2 text-start break-words whitespace-normal [.text-message+&amp;]:mt-1\" dir=\"auto\" data-message-author-role=\"assistant\" data-message-id=\"f5eb240f-46bc-44c0-8449-8c9e46e36726\" data-message-model-slug=\"gpt-5\">\n<div class=\"flex w-full flex-col gap-1 empty:hidden first:pt-[1px]\">\n<div class=\"markdown prose dark:prose-invert w-full break-words light markdown-new-styling\">\n<p><strong>Motifs dor\u00e9s laqu\u00e9 Chambre Doors : Le point de rencontre du luxe et \u00c9l\u00e9gance<\/strong><\/p>\n<p>Si tu es regarder pour int\u00e9rieur portes que combin\u00e9 esth\u00e9tique et \u00e9l\u00e9gance , captivant avec chaque d\u00e9taillez dans votre maison ou lieu de travail , puis orn\u00e9 d&rsquo;or laqu\u00e9 chambre portes peut &#8211; \u00eatre parfait choix . Tandis que blanc laqu\u00e9 portes , lesquelles exsuder L&rsquo;\u00e9l\u00e9gance dans les int\u00e9rieurs modernes , c&rsquo;est en g\u00e9n\u00e9ral le choix le plus populaire , <strong>le or tonifi\u00e9 laqu\u00e9 mod\u00e8le de porte toujours d\u00e9tient un sp\u00e9cial lieu <\/strong>parmi luxe laqu\u00e9 porte mod\u00e8les . Exceptionnel dans les deux cas. visuel et l&rsquo;artisanat , ces portes ajouter une touche d&rsquo;\u00e9l\u00e9gance touche \u00e0 ton maison d\u00e9cor et incarner luxe et grandeur dans chaque respect .<\/p>\n<p><strong>Pourquoi Choisissez l&rsquo;incrustation d&rsquo;or laqu\u00e9 Des portes ?<\/strong><\/p>\n<p><strong>Motifs dor\u00e9s portes <\/strong>\u00e9lever ton int\u00e9rieurs depuis le ordinaire \u00e0 le esth\u00e9tiquement agr\u00e9able , ajoutant une touche magique aura \u00e0 ton d\u00e9cor . Feuille d&rsquo;or , l&rsquo; un des d&rsquo;abord choix que vient \u00e0 esprit quand il s&rsquo;agit \u00e0 <strong>luxe laqu\u00e9 portes <\/strong>, est \u00e9l\u00e9gant d\u00e9tail que \u00e9l\u00e8ve le l&rsquo;atmosph\u00e8re de votre chambre . Laqu\u00e9e portes , enrichies avec attirant or incrustations , peut-\u00eatre avoir un style minimaliste conception , mais leur \u00e9l\u00e9gant or feuille accents ajouter une touche de grandeur \u00e0 ton espace .<\/p>\n<p>Bordure dor\u00e9e laqu\u00e9 portes sont pr\u00e9f\u00e9r\u00e9 non seulement pour leur l&rsquo;\u00e9l\u00e9gance , mais aussi pour leur long\u00e9vit\u00e9 . Laqu\u00e9 portes avoir r\u00e9sistant \u00e0 l&rsquo;eau , r\u00e9sistant aux rayures et facile \u00e0 nettoyer surfaces . Ces caract\u00e9ristiques permettre pour les deux esth\u00e9tique et fonctionnel utiliser pour beaucoup ann\u00e9es \u00e0 viens .<\/p>\n<p><strong>qualit\u00e9 du travail et Prix Diff\u00e9rences entre les broderies dor\u00e9es Portes<\/strong><\/p>\n<p>Bordure dor\u00e9e laqu\u00e9 int\u00e9rieur portes sont en g\u00e9n\u00e9ral <strong>cher <\/strong>plus haut que standard laqu\u00e9 portes . Ceci est d\u00fb \u00e0 le or feuille qualit\u00e9 du travail et le de haute qualit\u00e9 mat\u00e9riels utilis\u00e9 . Tandis que blanc laqu\u00e9 int\u00e9rieur portes sont esth\u00e9tiquement simple et \u00e9l\u00e9gant , orn\u00e9 de dorures portes exiger suppl\u00e9mentaire Le savoir-faire . blanc laqu\u00e9 La porte est la premi\u00e8re fabriqu\u00e9 , suivi par le or feuille rev\u00eatement . Ceci Le processus est men\u00e9 dehors par qualifi\u00e9 artisans et\u200b chaque la porte est unique visuel merci \u00e0 le m\u00e9ticuleux application de l&rsquo;or feuille .<\/p>\n<p>le co\u00fbts du blanc laqu\u00e9 int\u00e9rieur Les portes peuvent g\u00e9n\u00e9ralement \u00eatre plus \u00e9conomique , <strong>couleur or chambre portes <\/strong>offre beaucoup\u200b plus luxueux et distinctif Regardez . Ces portes sont excellents\u200b choix , en particulier pour ceux regarder \u00e0 rester dehors dans leurs int\u00e9rieurs . Cependant , en raison de \u00e0 le plus haut travail frais et de haute qualit\u00e9 mat\u00e9riels utilis\u00e9 , <strong>orn\u00e9 <\/strong>laqu\u00e9 portes sont l\u00e9g\u00e8rement plus cher que standard laqu\u00e9 portes . Cependant , les L&rsquo;investissement en vaut la peine . long courir pour durabilit\u00e9 et esth\u00e9tique .<\/p>\n<p><strong>De Lequel Lieux , c&rsquo;est Utilis\u00e9 ?<\/strong><\/p>\n<p><strong>Motifs dor\u00e9s int\u00e9rieur portes sont <\/strong>souvent privil\u00e9gi\u00e9 dans <strong>le luxe maisons , bureaux , h\u00f4tels et<\/strong>\u200b n&rsquo;importe lequel espace que n\u00e9cessite \u00e9l\u00e9gant d\u00e9coration . Si tu es regarder \u00e0 cr\u00e9er un somptueux l&rsquo;atmosph\u00e8re dans votre maison ou bureau , ces portes sont le parfait compl\u00e9ment \u00e0 ton d\u00e9cor . Surtout dans les espaces spacieux vie chambres , salon chambres et\u200b luxueux chambres , aux finitions dor\u00e9es laqu\u00e9 chambre portes volont\u00e9 \u00e9lever le atmosph\u00e8re et ajouter une touche de sophistication \u00e9l\u00e9gance \u00e0 n&rsquo;importe lequel espace .<\/p>\n<p>De plus , <strong>l&rsquo;or \u00e0 motifs int\u00e9rieur portes <\/strong>s&rsquo;asseoir \u00e0 la intersection du classique et des designs modernes . Ils peuvent \u00eatre utilis\u00e9s dans les deux traditionnel et des int\u00e9rieurs modernes . Leur \u00e9l\u00e9gant conception fait eux particuli\u00e8rement bien assortis aux modernes et minimaliste ameublement .<\/p>\n<p><strong>Conclusion : Apporter Luxe \u00e0 Votre maison<\/strong><\/p>\n<p>Si tu es regarder \u00e0 ajouter \u00e9l\u00e9gance et luxe \u00e0 ton int\u00e9rieurs , <strong>un or color\u00e9 laqu\u00e9 porte <\/strong>est parfait pour Vous . Bien que cela n\u00e9cessite plus artisanat et d\u00e9tail que standard options comme blanc laqu\u00e9 int\u00e9rieur portes , le visuel impact et l&rsquo;\u00e9l\u00e9gance qu&rsquo;elle offre sont certainement valeur le distinction . Avec les deux haut qualit\u00e9 mat\u00e9riels et un unique design , orn\u00e9 de dorures laqu\u00e9 portes volont\u00e9 devenir le la plupart attirant fonctionnalit\u00e9 dans votre maison ou lieu de travail .<\/p>\n<p>Par frappant le parfait \u00e9quilibre entre esth\u00e9tique et En mati\u00e8re de fonctionnalit\u00e9 , vous pouvez ajouter une touche de luxe. \u00e0 ton maison <strong>avec or color\u00e9 int\u00e9rieur portes <\/strong>. Ces luxueux portes , avec leur magistral un savoir-faire dans chaque d\u00e9tail , sera ajouter un captivant atmosph\u00e8re \u00e0 ton espaces .<\/p>\n<p>&nbsp;<\/p>\n<\/div>\n<\/div>\n<\/div>\n<\/div>\n<div class=\"mt-3 w-full empty:hidden\">\n<div class=\"text-center\"><\/div>\n<\/div>\n<\/div>\n<\/div>\n<\/article>\n<div class=\"pointer-events-none h-px w-px\" aria-hidden=\"true\" data-edge=\"true\"><\/div>\n","protected":false},"excerpt":{"rendered":"<p>&nbsp;<\/p>\n<div id=\"simple-translate\" class=\"simple-translate-system-theme\">\n<div>\n<div class=\"simple-translate-button isShow\" style=\"background-image: url('chrome-extension:\/\/ibplnjkanclpjokhdolnendpplpjiace\/icons\/512.png'); height: 22px; width: 22px; top: -23px; left: -118px;\"><\/div>\n<div class=\"simple-translate-panel \" style=\"width: 300px; height: 200px; top: 0px; left: 0px; font-size: 13px;\">\n<div class=\"simple-translate-result-wrapper\" style=\"overflow: hidden;\">\n<div class=\"simple-translate-move\" draggable=\"true\"><\/div>\n<div class=\"simple-translate-result-contents\">\n<p class=\"simple-translate-candidate\" dir=\"auto\">\n<\/div>\n<\/div>\n<\/div>\n<\/div>\n<\/div>\n","protected":false},"featured_media":6286,"template":"","meta":{"_bbp_topic_count":0,"_bbp_reply_count":0,"_bbp_total_topic_count":0,"_bbp_total_reply_count":0,"_bbp_voice_count":0,"_bbp_anonymous_reply_count":0,"_bbp_topic_count_hidden":0,"_bbp_reply_count_hidden":0,"_bbp_forum_subforum_count":0},"product_brand":[],"product_cat":[792],"product_tag":[],"class_list":{"0":"post-6332","1":"product","2":"type-product","3":"status-publish","4":"has-post-thumbnail","6":"product_cat-porte-laquee","8":"first","9":"instock","10":"shipping-taxable","11":"product-type-simple","12":"prodpage-classic"},"yoast_head":"<!-- This site is optimized with the Yoast SEO Premium plugin v26.6 (Yoast SEO v27.4) - https:\/\/yoast.com\/product\/yoast-seo-premium-wordpress\/ -->\n<title>Portes laqu\u00e9es \u00e0 bordure dor\u00e9e - \u0130\u00e7 Oda Kap\u0131lar\u0131 - \u00c7elik kap\u0131 modelleri - apartman kap\u0131lar\u0131<\/title>\n<meta name=\"description\" content=\"Les portes de chambre \u00e0 bordure dor\u00e9s et les portes de chambre laqu\u00e9es \u00e0 feuilles figurent parmi les mod\u00e8les de portes laqu\u00e9es de luxe les plus chers.\" \/>\n<meta name=\"robots\" content=\"index, follow, max-snippet:-1, max-image-preview:large, max-video-preview:-1\" \/>\n<link rel=\"canonical\" href=\"https:\/\/www.kapi.ltd\/fr\/urun\/portes-laquees-a-bordure-doree\/\" \/>\n<meta property=\"og:locale\" content=\"fr_FR\" \/>\n<meta property=\"og:type\" content=\"article\" \/>\n<meta property=\"og:title\" content=\"Portes laqu\u00e9es \u00e0 bordure dor\u00e9e\" \/>\n<meta property=\"og:description\" content=\"Les portes de chambre \u00e0 bordure dor\u00e9s et les portes de chambre laqu\u00e9es \u00e0 feuilles figurent parmi les mod\u00e8les de portes laqu\u00e9es de luxe les plus chers.\" \/>\n<meta property=\"og:url\" content=\"https:\/\/www.kapi.ltd\/fr\/urun\/portes-laquees-a-bordure-doree\/\" \/>\n<meta property=\"og:site_name\" content=\"\u0130\u00e7 Oda Kap\u0131lar\u0131 - \u00c7elik kap\u0131 modelleri - apartman kap\u0131lar\u0131\" \/>\n<meta property=\"article:modified_time\" content=\"2025-11-22T23:03:50+00:00\" \/>\n<meta property=\"og:image\" content=\"https:\/\/www.kapi.ltd\/wp-content\/uploads\/2015\/09\/varakli-lake-kapi.webp\" \/>\n\t<meta property=\"og:image:width\" content=\"768\" \/>\n\t<meta property=\"og:image:height\" content=\"1152\" \/>\n\t<meta property=\"og:image:type\" content=\"image\/webp\" \/>\n<meta name=\"twitter:card\" content=\"summary_large_image\" \/>\n<meta name=\"twitter:label1\" content=\"Dur\u00e9e de lecture estim\u00e9e\" \/>\n\t<meta name=\"twitter:data1\" content=\"5 minutes\" \/>\n<script type=\"application\/ld+json\" class=\"yoast-schema-graph\">{\"@context\":\"https:\\\/\\\/schema.org\",\"@graph\":[{\"@type\":\"WebPage\",\"@id\":\"https:\\\/\\\/www.kapi.ltd\\\/fr\\\/urun\\\/portes-laquees-a-bordure-doree\\\/\",\"url\":\"https:\\\/\\\/www.kapi.ltd\\\/fr\\\/urun\\\/portes-laquees-a-bordure-doree\\\/\",\"name\":\"Portes laqu\u00e9es \u00e0 bordure dor\u00e9e - \u0130\u00e7 Oda Kap\u0131lar\u0131 - \u00c7elik kap\u0131 modelleri - apartman kap\u0131lar\u0131\",\"isPartOf\":{\"@id\":\"https:\\\/\\\/www.kapi.ltd\\\/fr\\\/#website\"},\"primaryImageOfPage\":{\"@id\":\"https:\\\/\\\/www.kapi.ltd\\\/fr\\\/urun\\\/portes-laquees-a-bordure-doree\\\/#primaryimage\"},\"image\":{\"@id\":\"https:\\\/\\\/www.kapi.ltd\\\/fr\\\/urun\\\/portes-laquees-a-bordure-doree\\\/#primaryimage\"},\"thumbnailUrl\":\"https:\\\/\\\/www.kapi.ltd\\\/wp-content\\\/uploads\\\/2015\\\/09\\\/varakli-lake-kapi.webp\",\"datePublished\":\"2025-10-06T21:38:58+00:00\",\"dateModified\":\"2025-11-22T23:03:50+00:00\",\"description\":\"Les portes de chambre \u00e0 bordure dor\u00e9s et les portes de chambre laqu\u00e9es \u00e0 feuilles figurent parmi les mod\u00e8les de portes laqu\u00e9es de luxe les plus chers.\",\"breadcrumb\":{\"@id\":\"https:\\\/\\\/www.kapi.ltd\\\/fr\\\/urun\\\/portes-laquees-a-bordure-doree\\\/#breadcrumb\"},\"inLanguage\":\"fr-FR\",\"potentialAction\":[{\"@type\":\"ReadAction\",\"target\":[\"https:\\\/\\\/www.kapi.ltd\\\/fr\\\/urun\\\/portes-laquees-a-bordure-doree\\\/\"]}]},{\"@type\":\"ImageObject\",\"inLanguage\":\"fr-FR\",\"@id\":\"https:\\\/\\\/www.kapi.ltd\\\/fr\\\/urun\\\/portes-laquees-a-bordure-doree\\\/#primaryimage\",\"url\":\"https:\\\/\\\/www.kapi.ltd\\\/wp-content\\\/uploads\\\/2015\\\/09\\\/varakli-lake-kapi.webp\",\"contentUrl\":\"https:\\\/\\\/www.kapi.ltd\\\/wp-content\\\/uploads\\\/2015\\\/09\\\/varakli-lake-kapi.webp\",\"width\":768,\"height\":1152,\"caption\":\"varakl\u0131 lake kap\u0131\"},{\"@type\":\"BreadcrumbList\",\"@id\":\"https:\\\/\\\/www.kapi.ltd\\\/fr\\\/urun\\\/portes-laquees-a-bordure-doree\\\/#breadcrumb\",\"itemListElement\":[{\"@type\":\"ListItem\",\"position\":1,\"name\":\"Anasayfa\",\"item\":\"https:\\\/\\\/www.kapi.ltd\\\/fr\\\/\"},{\"@type\":\"ListItem\",\"position\":2,\"name\":\"ic-kapi-celik-kapi-modelleri\",\"item\":\"https:\\\/\\\/www.kapi.ltd\\\/?page_id=4263\"},{\"@type\":\"ListItem\",\"position\":3,\"name\":\"Portes laqu\u00e9es \u00e0 bordure dor\u00e9e\"}]},{\"@type\":\"WebSite\",\"@id\":\"https:\\\/\\\/www.kapi.ltd\\\/fr\\\/#website\",\"url\":\"https:\\\/\\\/www.kapi.ltd\\\/fr\\\/\",\"name\":\"\u0130\u00e7 Kap\u0131 Ve \u00c7elik Kap\u0131 Modelleri\",\"description\":\"T\u00fcrkiye Kap\u0131 Modelleri Merkezi\",\"potentialAction\":[{\"@type\":\"SearchAction\",\"target\":{\"@type\":\"EntryPoint\",\"urlTemplate\":\"https:\\\/\\\/www.kapi.ltd\\\/fr\\\/?s={search_term_string}\"},\"query-input\":{\"@type\":\"PropertyValueSpecification\",\"valueRequired\":true,\"valueName\":\"search_term_string\"}}],\"inLanguage\":\"fr-FR\"}]}<\/script>\n<!-- \/ Yoast SEO Premium plugin. -->","yoast_head_json":{"title":"Portes laqu\u00e9es \u00e0 bordure dor\u00e9e - \u0130\u00e7 Oda Kap\u0131lar\u0131 - \u00c7elik kap\u0131 modelleri - apartman kap\u0131lar\u0131","description":"Les portes de chambre \u00e0 bordure dor\u00e9s et les portes de chambre laqu\u00e9es \u00e0 feuilles figurent parmi les mod\u00e8les de portes laqu\u00e9es de luxe les plus chers.","robots":{"index":"index","follow":"follow","max-snippet":"max-snippet:-1","max-image-preview":"max-image-preview:large","max-video-preview":"max-video-preview:-1"},"canonical":"https:\/\/www.kapi.ltd\/fr\/urun\/portes-laquees-a-bordure-doree\/","og_locale":"fr_FR","og_type":"article","og_title":"Portes laqu\u00e9es \u00e0 bordure dor\u00e9e","og_description":"Les portes de chambre \u00e0 bordure dor\u00e9s et les portes de chambre laqu\u00e9es \u00e0 feuilles figurent parmi les mod\u00e8les de portes laqu\u00e9es de luxe les plus chers.","og_url":"https:\/\/www.kapi.ltd\/fr\/urun\/portes-laquees-a-bordure-doree\/","og_site_name":"\u0130\u00e7 Oda Kap\u0131lar\u0131 - \u00c7elik kap\u0131 modelleri - apartman kap\u0131lar\u0131","article_modified_time":"2025-11-22T23:03:50+00:00","og_image":[{"width":768,"height":1152,"url":"https:\/\/www.kapi.ltd\/wp-content\/uploads\/2015\/09\/varakli-lake-kapi.webp","type":"image\/webp"}],"twitter_card":"summary_large_image","twitter_misc":{"Dur\u00e9e de lecture estim\u00e9e":"5 minutes"},"schema":{"@context":"https:\/\/schema.org","@graph":[{"@type":"WebPage","@id":"https:\/\/www.kapi.ltd\/fr\/urun\/portes-laquees-a-bordure-doree\/","url":"https:\/\/www.kapi.ltd\/fr\/urun\/portes-laquees-a-bordure-doree\/","name":"Portes laqu\u00e9es \u00e0 bordure dor\u00e9e - \u0130\u00e7 Oda Kap\u0131lar\u0131 - \u00c7elik kap\u0131 modelleri - apartman kap\u0131lar\u0131","isPartOf":{"@id":"https:\/\/www.kapi.ltd\/fr\/#website"},"primaryImageOfPage":{"@id":"https:\/\/www.kapi.ltd\/fr\/urun\/portes-laquees-a-bordure-doree\/#primaryimage"},"image":{"@id":"https:\/\/www.kapi.ltd\/fr\/urun\/portes-laquees-a-bordure-doree\/#primaryimage"},"thumbnailUrl":"https:\/\/www.kapi.ltd\/wp-content\/uploads\/2015\/09\/varakli-lake-kapi.webp","datePublished":"2025-10-06T21:38:58+00:00","dateModified":"2025-11-22T23:03:50+00:00","description":"Les portes de chambre \u00e0 bordure dor\u00e9s et les portes de chambre laqu\u00e9es \u00e0 feuilles figurent parmi les mod\u00e8les de portes laqu\u00e9es de luxe les plus chers.","breadcrumb":{"@id":"https:\/\/www.kapi.ltd\/fr\/urun\/portes-laquees-a-bordure-doree\/#breadcrumb"},"inLanguage":"fr-FR","potentialAction":[{"@type":"ReadAction","target":["https:\/\/www.kapi.ltd\/fr\/urun\/portes-laquees-a-bordure-doree\/"]}]},{"@type":"ImageObject","inLanguage":"fr-FR","@id":"https:\/\/www.kapi.ltd\/fr\/urun\/portes-laquees-a-bordure-doree\/#primaryimage","url":"https:\/\/www.kapi.ltd\/wp-content\/uploads\/2015\/09\/varakli-lake-kapi.webp","contentUrl":"https:\/\/www.kapi.ltd\/wp-content\/uploads\/2015\/09\/varakli-lake-kapi.webp","width":768,"height":1152,"caption":"varakl\u0131 lake kap\u0131"},{"@type":"BreadcrumbList","@id":"https:\/\/www.kapi.ltd\/fr\/urun\/portes-laquees-a-bordure-doree\/#breadcrumb","itemListElement":[{"@type":"ListItem","position":1,"name":"Anasayfa","item":"https:\/\/www.kapi.ltd\/fr\/"},{"@type":"ListItem","position":2,"name":"ic-kapi-celik-kapi-modelleri","item":"https:\/\/www.kapi.ltd\/?page_id=4263"},{"@type":"ListItem","position":3,"name":"Portes laqu\u00e9es \u00e0 bordure dor\u00e9e"}]},{"@type":"WebSite","@id":"https:\/\/www.kapi.ltd\/fr\/#website","url":"https:\/\/www.kapi.ltd\/fr\/","name":"\u0130\u00e7 Kap\u0131 Ve \u00c7elik Kap\u0131 Modelleri","description":"T\u00fcrkiye Kap\u0131 Modelleri Merkezi","potentialAction":[{"@type":"SearchAction","target":{"@type":"EntryPoint","urlTemplate":"https:\/\/www.kapi.ltd\/fr\/?s={search_term_string}"},"query-input":{"@type":"PropertyValueSpecification","valueRequired":true,"valueName":"search_term_string"}}],"inLanguage":"fr-FR"}]}},"_links":{"self":[{"href":"https:\/\/www.kapi.ltd\/fr\/wp-json\/wp\/v2\/product\/6332","targetHints":{"allow":["GET"]}}],"collection":[{"href":"https:\/\/www.kapi.ltd\/fr\/wp-json\/wp\/v2\/product"}],"about":[{"href":"https:\/\/www.kapi.ltd\/fr\/wp-json\/wp\/v2\/types\/product"}],"version-history":[{"count":3,"href":"https:\/\/www.kapi.ltd\/fr\/wp-json\/wp\/v2\/product\/6332\/revisions"}],"predecessor-version":[{"id":6377,"href":"https:\/\/www.kapi.ltd\/fr\/wp-json\/wp\/v2\/product\/6332\/revisions\/6377"}],"wp:featuredmedia":[{"embeddable":true,"href":"https:\/\/www.kapi.ltd\/fr\/wp-json\/wp\/v2\/media\/6286"}],"wp:attachment":[{"href":"https:\/\/www.kapi.ltd\/fr\/wp-json\/wp\/v2\/media?parent=6332"}],"wp:term":[{"taxonomy":"product_brand","embeddable":true,"href":"https:\/\/www.kapi.ltd\/fr\/wp-json\/wp\/v2\/product_brand?post=6332"},{"taxonomy":"product_cat","embeddable":true,"href":"https:\/\/www.kapi.ltd\/fr\/wp-json\/wp\/v2\/product_cat?post=6332"},{"taxonomy":"product_tag","embeddable":true,"href":"https:\/\/www.kapi.ltd\/fr\/wp-json\/wp\/v2\/product_tag?post=6332"}],"curies":[{"name":"wp","href":"https:\/\/api.w.org\/{rel}","templated":true}]}}