{"id":6023,"date":"2025-10-01T21:29:25","date_gmt":"2025-10-01T21:29:25","guid":{"rendered":"https:\/\/www.kapi.ltd\/urun\/luks-oda-kapisi\/"},"modified":"2025-11-04T21:01:59","modified_gmt":"2025-11-04T18:01:59","slug":"porte-de-chambre-de-luxe","status":"publish","type":"product","link":"https:\/\/www.kapi.ltd\/fr\/urun\/porte-de-chambre-de-luxe\/","title":{"rendered":"Porte de chambre de luxe"},"content":{"rendered":"<p>Les portes de luxe sont le choix id\u00e9al pour apporter une touche sophistiqu\u00e9e \u00e0 votre int\u00e9rieur et cr\u00e9er une ambiance \u00e9l\u00e9gante dans vos espaces de vie. Leurs designs modernes, leurs mat\u00e9riaux haut de gamme et leurs d\u00e9tails esth\u00e9tiques s&rsquo;allient pour offrir une exp\u00e9rience sup\u00e9rieure, tant sur le plan visuel que fonctionnel. \u00c9l\u00e9gantes et raffin\u00e9es, les portes int\u00e9rieures de luxe s&rsquo;int\u00e8grent parfaitement \u00e0 tous les styles d&rsquo;int\u00e9rieur. Fabriqu\u00e9es \u00e0 partir de mat\u00e9riaux nobles tels que le bois, le MDF, le verre et la laque, elles subliment l&rsquo;esth\u00e9tique de votre pi\u00e8ce.<\/p>\n<p>Les portes laqu\u00e9es cr\u00e9ent un impact visuel \u00e9l\u00e9gant, particuli\u00e8rement dans les int\u00e9rieurs modernes, tout en s\u00e9duisant par leur durabilit\u00e9 et leur facilit\u00e9 d&rsquo;entretien. Les portes int\u00e9rieures de luxe se distinguent par leurs lignes \u00e9l\u00e9gantes et leur savoir-faire artisanal. Les techniques de fabrication haut de gamme garantissent l&rsquo;unicit\u00e9 de chaque porte. De plus, leur robustesse assure une long\u00e9vit\u00e9 exceptionnelle. Disponibles dans une vari\u00e9t\u00e9 de couleurs et de textures, les portes de luxe s&rsquo;harmonisent avec tous les styles d&rsquo;int\u00e9rieur et conviennent aussi bien aux espaces modernes que classiques.<\/p>\n<p>Les portes vitr\u00e9es laissent entrer la lumi\u00e8re naturelle tout en pr\u00e9servant l&rsquo;intimit\u00e9. Elles offrent une esth\u00e9tique agr\u00e9able et cr\u00e9ent une impression d&rsquo;espace. Les portes int\u00e9rieures vitr\u00e9es, alliant \u00e9l\u00e9gance et fonctionnalit\u00e9, sont particuli\u00e8rement appr\u00e9ci\u00e9es dans les espaces lumineux et spacieux. Outre le verre clair, des options de verre d\u00e9poli ou \u00e0 motifs sont \u00e9galement disponibles, offrant ainsi des possibilit\u00e9s de personnalisation selon les pr\u00e9f\u00e9rences de chacun.<\/p>\n<p>Les portes d&rsquo;entr\u00e9e haut de gamme jouent un r\u00f4le important, tant sur le plan esth\u00e9tique que sur celui de la s\u00e9curit\u00e9. Leur construction robuste et leurs ferrures de haute qualit\u00e9 en font une solution id\u00e9ale pour apporter s\u00e9curit\u00e9 et prestige \u00e0 votre maison ou votre bureau. Avec un large choix de mod\u00e8les pour r\u00e9pondre \u00e0 tous les besoins, elles constituent le choix parfait pour ceux qui recherchent \u00e0 la fois \u00e9l\u00e9gance et s\u00e9curit\u00e9. Les portes int\u00e9rieures laqu\u00e9es et haut de gamme, fabriqu\u00e9es \u00e0 partir de mat\u00e9riaux de haute qualit\u00e9, ajoutent une touche d&rsquo;\u00e9l\u00e9gance \u00e0 votre int\u00e9rieur et, gr\u00e2ce \u00e0 leur construction durable et robuste, vous accompagneront pendant de nombreuses ann\u00e9es.<\/p>\n","protected":false},"excerpt":{"rendered":"<p>Les portes de luxe sont le choix id\u00e9al pour apporter une touche sophistiqu\u00e9e \u00e0 votre int\u00e9rieur et cr\u00e9er une ambiance \u00e9l\u00e9gante dans vos espaces de vie. Leurs designs modernes, leurs mat\u00e9riaux haut de gamme et leurs d\u00e9tails esth\u00e9tiques s&rsquo;allient pour offrir une exp\u00e9rience sup\u00e9rieure, tant sur le plan visuel que fonctionnel. \u00c9l\u00e9gantes et raffin\u00e9es, les<\/p>\n","protected":false},"featured_media":6024,"template":"","meta":{"_bbp_topic_count":0,"_bbp_reply_count":0,"_bbp_total_topic_count":0,"_bbp_total_reply_count":0,"_bbp_voice_count":0,"_bbp_anonymous_reply_count":0,"_bbp_topic_count_hidden":0,"_bbp_reply_count_hidden":0,"_bbp_forum_subforum_count":0},"product_brand":[],"product_cat":[792],"product_tag":[],"class_list":{"0":"post-6023","1":"product","2":"type-product","3":"status-publish","4":"has-post-thumbnail","6":"product_cat-porte-laquee","8":"first","9":"instock","10":"shipping-taxable","11":"product-type-simple","12":"prodpage-classic"},"yoast_head":"<!-- This site is optimized with the Yoast SEO Premium plugin v26.6 (Yoast SEO v27.5) - https:\/\/yoast.com\/product\/yoast-seo-premium-wordpress\/ -->\n<title>Porte de chambre de luxe - portes de chambre - portes int\u00e9rieures<\/title>\n<meta name=\"description\" content=\"Sublimez vos espaces avec des portes int\u00e9rieures et des mod\u00e8les de portes de luxe. Designs modernes, mat\u00e9riaux haut de gamme\" \/>\n<meta name=\"robots\" content=\"index, follow, max-snippet:-1, max-image-preview:large, max-video-preview:-1\" \/>\n<link rel=\"canonical\" href=\"https:\/\/www.kapi.ltd\/fr\/urun\/porte-de-chambre-de-luxe\/\" \/>\n<meta property=\"og:locale\" content=\"fr_FR\" \/>\n<meta property=\"og:type\" content=\"article\" \/>\n<meta property=\"og:title\" content=\"Porte de chambre de luxe\" \/>\n<meta property=\"og:description\" content=\"Sublimez vos espaces avec des portes int\u00e9rieures et des mod\u00e8les de portes de luxe. Designs modernes, mat\u00e9riaux haut de gamme\" \/>\n<meta property=\"og:url\" content=\"https:\/\/www.kapi.ltd\/fr\/urun\/porte-de-chambre-de-luxe\/\" \/>\n<meta property=\"og:site_name\" content=\"\u0130\u00e7 Oda Kap\u0131lar\u0131 - \u00c7elik kap\u0131 modelleri - apartman kap\u0131lar\u0131\" \/>\n<meta property=\"article:modified_time\" content=\"2025-11-04T18:01:59+00:00\" \/>\n<meta property=\"og:image\" content=\"https:\/\/www.kapi.ltd\/wp-content\/uploads\/2025\/10\/luks-ic-oda-kapisi.webp\" \/>\n\t<meta property=\"og:image:width\" content=\"650\" \/>\n\t<meta property=\"og:image:height\" content=\"975\" \/>\n\t<meta property=\"og:image:type\" content=\"image\/webp\" \/>\n<meta name=\"twitter:card\" content=\"summary_large_image\" \/>\n<meta name=\"twitter:label1\" content=\"Dur\u00e9e de lecture estim\u00e9e\" \/>\n\t<meta name=\"twitter:data1\" content=\"3 minutes\" \/>\n<script type=\"application\/ld+json\" class=\"yoast-schema-graph\">{\"@context\":\"https:\\\/\\\/schema.org\",\"@graph\":[{\"@type\":\"WebPage\",\"@id\":\"https:\\\/\\\/www.kapi.ltd\\\/fr\\\/urun\\\/porte-de-chambre-de-luxe\\\/\",\"url\":\"https:\\\/\\\/www.kapi.ltd\\\/fr\\\/urun\\\/porte-de-chambre-de-luxe\\\/\",\"name\":\"Porte de chambre de luxe - portes de chambre - portes int\u00e9rieures\",\"isPartOf\":{\"@id\":\"https:\\\/\\\/www.kapi.ltd\\\/fr\\\/#website\"},\"primaryImageOfPage\":{\"@id\":\"https:\\\/\\\/www.kapi.ltd\\\/fr\\\/urun\\\/porte-de-chambre-de-luxe\\\/#primaryimage\"},\"image\":{\"@id\":\"https:\\\/\\\/www.kapi.ltd\\\/fr\\\/urun\\\/porte-de-chambre-de-luxe\\\/#primaryimage\"},\"thumbnailUrl\":\"https:\\\/\\\/www.kapi.ltd\\\/wp-content\\\/uploads\\\/2025\\\/10\\\/luks-ic-oda-kapisi.webp\",\"datePublished\":\"2025-10-01T21:29:25+00:00\",\"dateModified\":\"2025-11-04T18:01:59+00:00\",\"description\":\"Sublimez vos espaces avec des portes int\u00e9rieures et des mod\u00e8les de portes de luxe. Designs modernes, mat\u00e9riaux haut de gamme\",\"breadcrumb\":{\"@id\":\"https:\\\/\\\/www.kapi.ltd\\\/fr\\\/urun\\\/porte-de-chambre-de-luxe\\\/#breadcrumb\"},\"inLanguage\":\"fr-FR\",\"potentialAction\":[{\"@type\":\"ReadAction\",\"target\":[\"https:\\\/\\\/www.kapi.ltd\\\/fr\\\/urun\\\/porte-de-chambre-de-luxe\\\/\"]}]},{\"@type\":\"ImageObject\",\"inLanguage\":\"fr-FR\",\"@id\":\"https:\\\/\\\/www.kapi.ltd\\\/fr\\\/urun\\\/porte-de-chambre-de-luxe\\\/#primaryimage\",\"url\":\"https:\\\/\\\/www.kapi.ltd\\\/wp-content\\\/uploads\\\/2025\\\/10\\\/luks-ic-oda-kapisi.webp\",\"contentUrl\":\"https:\\\/\\\/www.kapi.ltd\\\/wp-content\\\/uploads\\\/2025\\\/10\\\/luks-ic-oda-kapisi.webp\",\"width\":650,\"height\":975,\"caption\":\"l\u00fcks i\u00e7 oda kap\u0131s\u0131\"},{\"@type\":\"BreadcrumbList\",\"@id\":\"https:\\\/\\\/www.kapi.ltd\\\/fr\\\/urun\\\/porte-de-chambre-de-luxe\\\/#breadcrumb\",\"itemListElement\":[{\"@type\":\"ListItem\",\"position\":1,\"name\":\"Anasayfa\",\"item\":\"https:\\\/\\\/www.kapi.ltd\\\/fr\\\/\"},{\"@type\":\"ListItem\",\"position\":2,\"name\":\"ic-kapi-celik-kapi-modelleri\",\"item\":\"https:\\\/\\\/www.kapi.ltd\\\/?page_id=4263\"},{\"@type\":\"ListItem\",\"position\":3,\"name\":\"Porte de chambre de luxe\"}]},{\"@type\":\"WebSite\",\"@id\":\"https:\\\/\\\/www.kapi.ltd\\\/fr\\\/#website\",\"url\":\"https:\\\/\\\/www.kapi.ltd\\\/fr\\\/\",\"name\":\"\u0130\u00e7 Kap\u0131 Ve \u00c7elik Kap\u0131 Modelleri\",\"description\":\"T\u00fcrkiye Kap\u0131 Modelleri Merkezi\",\"potentialAction\":[{\"@type\":\"SearchAction\",\"target\":{\"@type\":\"EntryPoint\",\"urlTemplate\":\"https:\\\/\\\/www.kapi.ltd\\\/fr\\\/?s={search_term_string}\"},\"query-input\":{\"@type\":\"PropertyValueSpecification\",\"valueRequired\":true,\"valueName\":\"search_term_string\"}}],\"inLanguage\":\"fr-FR\"}]}<\/script>\n<!-- \/ Yoast SEO Premium plugin. -->","yoast_head_json":{"title":"Porte de chambre de luxe - portes de chambre - portes int\u00e9rieures","description":"Sublimez vos espaces avec des portes int\u00e9rieures et des mod\u00e8les de portes de luxe. Designs modernes, mat\u00e9riaux haut de gamme","robots":{"index":"index","follow":"follow","max-snippet":"max-snippet:-1","max-image-preview":"max-image-preview:large","max-video-preview":"max-video-preview:-1"},"canonical":"https:\/\/www.kapi.ltd\/fr\/urun\/porte-de-chambre-de-luxe\/","og_locale":"fr_FR","og_type":"article","og_title":"Porte de chambre de luxe","og_description":"Sublimez vos espaces avec des portes int\u00e9rieures et des mod\u00e8les de portes de luxe. Designs modernes, mat\u00e9riaux haut de gamme","og_url":"https:\/\/www.kapi.ltd\/fr\/urun\/porte-de-chambre-de-luxe\/","og_site_name":"\u0130\u00e7 Oda Kap\u0131lar\u0131 - \u00c7elik kap\u0131 modelleri - apartman kap\u0131lar\u0131","article_modified_time":"2025-11-04T18:01:59+00:00","og_image":[{"width":650,"height":975,"url":"https:\/\/www.kapi.ltd\/wp-content\/uploads\/2025\/10\/luks-ic-oda-kapisi.webp","type":"image\/webp"}],"twitter_card":"summary_large_image","twitter_misc":{"Dur\u00e9e de lecture estim\u00e9e":"3 minutes"},"schema":{"@context":"https:\/\/schema.org","@graph":[{"@type":"WebPage","@id":"https:\/\/www.kapi.ltd\/fr\/urun\/porte-de-chambre-de-luxe\/","url":"https:\/\/www.kapi.ltd\/fr\/urun\/porte-de-chambre-de-luxe\/","name":"Porte de chambre de luxe - portes de chambre - portes int\u00e9rieures","isPartOf":{"@id":"https:\/\/www.kapi.ltd\/fr\/#website"},"primaryImageOfPage":{"@id":"https:\/\/www.kapi.ltd\/fr\/urun\/porte-de-chambre-de-luxe\/#primaryimage"},"image":{"@id":"https:\/\/www.kapi.ltd\/fr\/urun\/porte-de-chambre-de-luxe\/#primaryimage"},"thumbnailUrl":"https:\/\/www.kapi.ltd\/wp-content\/uploads\/2025\/10\/luks-ic-oda-kapisi.webp","datePublished":"2025-10-01T21:29:25+00:00","dateModified":"2025-11-04T18:01:59+00:00","description":"Sublimez vos espaces avec des portes int\u00e9rieures et des mod\u00e8les de portes de luxe. Designs modernes, mat\u00e9riaux haut de gamme","breadcrumb":{"@id":"https:\/\/www.kapi.ltd\/fr\/urun\/porte-de-chambre-de-luxe\/#breadcrumb"},"inLanguage":"fr-FR","potentialAction":[{"@type":"ReadAction","target":["https:\/\/www.kapi.ltd\/fr\/urun\/porte-de-chambre-de-luxe\/"]}]},{"@type":"ImageObject","inLanguage":"fr-FR","@id":"https:\/\/www.kapi.ltd\/fr\/urun\/porte-de-chambre-de-luxe\/#primaryimage","url":"https:\/\/www.kapi.ltd\/wp-content\/uploads\/2025\/10\/luks-ic-oda-kapisi.webp","contentUrl":"https:\/\/www.kapi.ltd\/wp-content\/uploads\/2025\/10\/luks-ic-oda-kapisi.webp","width":650,"height":975,"caption":"l\u00fcks i\u00e7 oda kap\u0131s\u0131"},{"@type":"BreadcrumbList","@id":"https:\/\/www.kapi.ltd\/fr\/urun\/porte-de-chambre-de-luxe\/#breadcrumb","itemListElement":[{"@type":"ListItem","position":1,"name":"Anasayfa","item":"https:\/\/www.kapi.ltd\/fr\/"},{"@type":"ListItem","position":2,"name":"ic-kapi-celik-kapi-modelleri","item":"https:\/\/www.kapi.ltd\/?page_id=4263"},{"@type":"ListItem","position":3,"name":"Porte de chambre de luxe"}]},{"@type":"WebSite","@id":"https:\/\/www.kapi.ltd\/fr\/#website","url":"https:\/\/www.kapi.ltd\/fr\/","name":"\u0130\u00e7 Kap\u0131 Ve \u00c7elik Kap\u0131 Modelleri","description":"T\u00fcrkiye Kap\u0131 Modelleri Merkezi","potentialAction":[{"@type":"SearchAction","target":{"@type":"EntryPoint","urlTemplate":"https:\/\/www.kapi.ltd\/fr\/?s={search_term_string}"},"query-input":{"@type":"PropertyValueSpecification","valueRequired":true,"valueName":"search_term_string"}}],"inLanguage":"fr-FR"}]}},"_links":{"self":[{"href":"https:\/\/www.kapi.ltd\/fr\/wp-json\/wp\/v2\/product\/6023","targetHints":{"allow":["GET"]}}],"collection":[{"href":"https:\/\/www.kapi.ltd\/fr\/wp-json\/wp\/v2\/product"}],"about":[{"href":"https:\/\/www.kapi.ltd\/fr\/wp-json\/wp\/v2\/types\/product"}],"version-history":[{"count":3,"href":"https:\/\/www.kapi.ltd\/fr\/wp-json\/wp\/v2\/product\/6023\/revisions"}],"predecessor-version":[{"id":6029,"href":"https:\/\/www.kapi.ltd\/fr\/wp-json\/wp\/v2\/product\/6023\/revisions\/6029"}],"wp:featuredmedia":[{"embeddable":true,"href":"https:\/\/www.kapi.ltd\/fr\/wp-json\/wp\/v2\/media\/6024"}],"wp:attachment":[{"href":"https:\/\/www.kapi.ltd\/fr\/wp-json\/wp\/v2\/media?parent=6023"}],"wp:term":[{"taxonomy":"product_brand","embeddable":true,"href":"https:\/\/www.kapi.ltd\/fr\/wp-json\/wp\/v2\/product_brand?post=6023"},{"taxonomy":"product_cat","embeddable":true,"href":"https:\/\/www.kapi.ltd\/fr\/wp-json\/wp\/v2\/product_cat?post=6023"},{"taxonomy":"product_tag","embeddable":true,"href":"https:\/\/www.kapi.ltd\/fr\/wp-json\/wp\/v2\/product_tag?post=6023"}],"curies":[{"name":"wp","href":"https:\/\/api.w.org\/{rel}","templated":true}]}}