{"id":5994,"date":"2025-10-05T06:26:04","date_gmt":"2025-10-05T06:26:04","guid":{"rendered":"https:\/\/www.kapi.ltd\/urun\/luks-lake-kapi-modelleri-2\/"},"modified":"2025-11-02T23:46:57","modified_gmt":"2025-11-02T20:46:57","slug":"modeles-de-portes-laquees-de-luxe","status":"publish","type":"product","link":"https:\/\/www.kapi.ltd\/fr\/urun\/modeles-de-portes-laquees-de-luxe\/","title":{"rendered":"mod\u00e8les de portes laqu\u00e9es de luxe"},"content":{"rendered":"<h2>Pourquoi les portes laqu\u00e9es sont-elles plus ch\u00e8res que les autres portes\u00a0?<\/h2>\n<p>Les portes laqu\u00e9es, avec leur \u00e9l\u00e9gance et leur durabilit\u00e9, occupent une place de choix dans la d\u00e9coration int\u00e9rieure. Cependant, leur prix est g\u00e9n\u00e9ralement plus \u00e9lev\u00e9 que celui des autres types de portes. Les portes laqu\u00e9es de luxe, \u00e0 la pointe de la modernit\u00e9, sont g\u00e9n\u00e9ralement fabriqu\u00e9es de cette mani\u00e8re, souvent avec un usinage CNC plus pouss\u00e9. Alors, quelles sont les raisons de ces prix \u00e9lev\u00e9s\u00a0? Voici quelques facteurs \u00e0 prendre en compte\u00a0:<\/p>\n<h2>1. Un choix de design illimit\u00e9\u00a0:<\/h2>\n<p>L\u2019un des principaux avantages des portes laqu\u00e9es r\u00e9side dans le choix quasi illimit\u00e9 de designs qu\u2019elles offrent. Proposant une riche palette esth\u00e9tique, les portes laqu\u00e9es s\u2019harmonisent parfaitement avec les styles modernes et classiques. Gr\u00e2ce \u00e0 la technologie CNC, il est possible de cr\u00e9er des motifs complexes et des designs personnalis\u00e9s. Cette vari\u00e9t\u00e9 permet de r\u00e9aliser une porte sur mesure pour chaque client. Toutefois, la production de tels designs personnalis\u00e9s exige plus de main-d\u2019\u0153uvre et de temps, ce qui contribue \u00e9galement \u00e0 l\u2019augmentation des prix.<\/p>\n<h3>2. Des technologies CNC et un savoir-faire d\u2019excellence\u00a0:<\/h3>\n<p>La production de portes laqu\u00e9es est r\u00e9alis\u00e9e \u00e0 l\u2019aide de technologies CNC (Conception Assist\u00e9e par Ordinateur) de pointe. Gr\u00e2ce \u00e0 cette technologie, les d\u00e9tails et les motifs des portes peuvent \u00eatre r\u00e9alis\u00e9s avec une extr\u00eame pr\u00e9cision. Les machines CNC usinent des d\u00e9tails complexes et fins, ce qui prend du temps et allonge le d\u00e9lai de production. De plus, des proc\u00e9d\u00e9s sp\u00e9ciaux comme la dorure \u00e0 la feuille rehaussent l&rsquo;esth\u00e9tique des portes, mais augmentent \u00e9galement les co\u00fbts de main-d&rsquo;\u0153uvre. Le temps d&rsquo;usinage des machines CNC est l&rsquo;un des principaux facteurs qui contribuent \u00e0 l&rsquo;augmentation du prix des portes.<\/p>\n<h3>3. \u00c9tapes de production et d\u00e9lais :<\/h3>\n<p>La fabrication de portes laqu\u00e9es exige une planification rigoureuse et un savoir-faire de haute qualit\u00e9. La surface de la porte est d&rsquo;abord ponc\u00e9e avec soin, puis recouverte d&rsquo;un vernis sp\u00e9cial. Ce proc\u00e9d\u00e9 lui conf\u00e8re une brillance parfaite. La fabrication de portes laqu\u00e9es, un processus long et m\u00e9ticuleux, requiert une attention particuli\u00e8re aux d\u00e9tails \u00e0 chaque \u00e9tape. Par ailleurs, certains mod\u00e8les de portes laqu\u00e9es comportent des couches de couleurs et de textures diff\u00e9rentes. Cela allonge le processus de production et entra\u00eene une hausse des prix.<\/p>\n<h3>4. Portes \u00e0 la feuille d&rsquo;or :<\/h3>\n<p>Un autre facteur important qui augmente le prix des portes laqu\u00e9es est le choix des mat\u00e9riaux. Les mat\u00e9riaux pr\u00e9cieux comme la feuille d&rsquo;or ajoutent une grande \u00e9l\u00e9gance esth\u00e9tique, tout en exigeant un savoir-faire plus pointu. La dorure \u00e0 la feuille est r\u00e9alis\u00e9e artisanalement par des experts, un proc\u00e9d\u00e9 qui contribue largement \u00e0 l&rsquo;augmentation du prix.<\/p>\n<h3>5. Qualit\u00e9 des mat\u00e9riaux :<\/h3>\n<p>La durabilit\u00e9 et la long\u00e9vit\u00e9 des portes laqu\u00e9es d\u00e9pendent de l&rsquo;utilisation de mat\u00e9riaux de haute qualit\u00e9. Des mat\u00e9riaux comme le MDF, les panneaux de particules et le bois sont fr\u00e9quemment privil\u00e9gi\u00e9s pour la fabrication de portes laqu\u00e9es. Si ces mat\u00e9riaux am\u00e9liorent la durabilit\u00e9 et l&rsquo;esth\u00e9tique des portes, ils en augmentent \u00e9galement le co\u00fbt. L&rsquo;utilisation de mat\u00e9riaux haut de gamme garantit la long\u00e9vit\u00e9 des portes laqu\u00e9es, mais cette qualit\u00e9 a un prix.<\/p>\n<h3>6. Processus de production long et complexe :<\/h3>\n<p>Le temps de production des portes laqu\u00e9es peut \u00eatre plus long que pour d&rsquo;autres types de portes. Chaque \u00e9tape de la fabrication exige un savoir-faire et une attention particuliers. Ce processus long engendre naturellement des co\u00fbts de production plus \u00e9lev\u00e9s. De plus, le travail suppl\u00e9mentaire requis pour les commandes et les mod\u00e8les sp\u00e9ciaux est un autre facteur d&rsquo;augmentation du prix.<\/p>\n<h4>Conclusion :<\/h4>\n<p>Le prix des portes laqu\u00e9es est influenc\u00e9 par de nombreux facteurs, de la qualit\u00e9 des mat\u00e9riaux utilis\u00e9s aux exigences de main-d&rsquo;\u0153uvre li\u00e9es \u00e0 la technologie CNC. Les innombrables possibilit\u00e9s de design, le savoir-faire artisanal requis, les longs processus de fabrication et la qualit\u00e9 sup\u00e9rieure des mat\u00e9riaux expliquent le prix plus \u00e9lev\u00e9 des portes laqu\u00e9es. Malgr\u00e9 ce co\u00fbt plus important, l&rsquo;esth\u00e9tique et la durabilit\u00e9 des portes laqu\u00e9es justifient cet investissement sur le long terme. Elles demeurent ainsi un choix de pr\u00e9dilection pour ceux qui privil\u00e9gient l&rsquo;\u00e9l\u00e9gance et la qualit\u00e9 dans leur d\u00e9coration int\u00e9rieure.<\/p>\n<div id=\"simple-translate\" class=\"simple-translate-system-theme\">\n<div>\n<div class=\"simple-translate-button isShow\" style=\"background-image: url('chrome-extension:\/\/ibplnjkanclpjokhdolnendpplpjiace\/icons\/512.png'); height: 22px; width: 22px; top: 918px; left: 12px;\"><\/div>\n<div class=\"simple-translate-panel \" style=\"width: 300px; height: 200px; top: 0px; left: 0px; font-size: 13px;\">\n<div class=\"simple-translate-result-wrapper\" style=\"overflow: hidden;\">\n<div class=\"simple-translate-move\" draggable=\"true\"><\/div>\n<div class=\"simple-translate-result-contents\">\n<p class=\"simple-translate-candidate\" dir=\"auto\">\n<\/div>\n<\/div>\n<\/div>\n<\/div>\n<\/div>\n","protected":false},"excerpt":{"rendered":"<p>Pourquoi les portes laqu\u00e9es sont-elles plus ch\u00e8res que les autres portes\u00a0? Les portes laqu\u00e9es, avec leur \u00e9l\u00e9gance et leur durabilit\u00e9, occupent une place de choix dans la d\u00e9coration int\u00e9rieure. Cependant, leur prix est g\u00e9n\u00e9ralement plus \u00e9lev\u00e9 que celui des autres types de portes. Les portes laqu\u00e9es de luxe, \u00e0 la pointe de la modernit\u00e9, sont<\/p>\n","protected":false},"featured_media":5979,"template":"","meta":{"_bbp_topic_count":0,"_bbp_reply_count":0,"_bbp_total_topic_count":0,"_bbp_total_reply_count":0,"_bbp_voice_count":0,"_bbp_anonymous_reply_count":0,"_bbp_topic_count_hidden":0,"_bbp_reply_count_hidden":0,"_bbp_forum_subforum_count":0},"product_brand":[],"product_cat":[792],"product_tag":[863,862],"class_list":{"0":"post-5994","1":"product","2":"type-product","3":"status-publish","4":"has-post-thumbnail","6":"product_cat-porte-laquee","7":"product_tag-modeles-de-portes-laquees","8":"product_tag-porte-laquee","10":"first","11":"instock","12":"shipping-taxable","13":"product-type-simple","14":"prodpage-classic"},"yoast_head":"<!-- This site is optimized with the Yoast SEO Premium plugin v26.6 (Yoast SEO v27.5) - https:\/\/yoast.com\/product\/yoast-seo-premium-wordpress\/ -->\n<title>mod\u00e8les de portes laqu\u00e9es de luxe - Mod\u00e8le de porte - Prix des portes<\/title>\n<meta name=\"description\" content=\"Les portes laqu\u00e9es ajoutent de la valeur \u00e0 n&#039;importe quel espace gr\u00e2ce \u00e0 leur style et leur durabilit\u00e9, et sont propos\u00e9es \u00e0 des prix abordables.\" \/>\n<meta name=\"robots\" content=\"index, follow, max-snippet:-1, max-image-preview:large, max-video-preview:-1\" \/>\n<link rel=\"canonical\" href=\"https:\/\/www.kapi.ltd\/fr\/urun\/modeles-de-portes-laquees-de-luxe\/\" \/>\n<meta property=\"og:locale\" content=\"fr_FR\" \/>\n<meta property=\"og:type\" content=\"article\" \/>\n<meta property=\"og:title\" content=\"mod\u00e8les de portes laqu\u00e9es de luxe\" \/>\n<meta property=\"og:description\" content=\"Les portes laqu\u00e9es ajoutent de la valeur \u00e0 n&#039;importe quel espace gr\u00e2ce \u00e0 leur style et leur durabilit\u00e9, et sont propos\u00e9es \u00e0 des prix abordables.\" \/>\n<meta property=\"og:url\" content=\"https:\/\/www.kapi.ltd\/fr\/urun\/modeles-de-portes-laquees-de-luxe\/\" \/>\n<meta property=\"og:site_name\" content=\"\u0130\u00e7 Oda Kap\u0131lar\u0131 - \u00c7elik kap\u0131 modelleri - apartman kap\u0131lar\u0131\" \/>\n<meta property=\"article:modified_time\" content=\"2025-11-02T20:46:57+00:00\" \/>\n<meta property=\"og:image\" content=\"https:\/\/www.kapi.ltd\/wp-content\/uploads\/2025\/10\/lake-kapi-modelleri-4.webp\" \/>\n\t<meta property=\"og:image:width\" content=\"650\" \/>\n\t<meta property=\"og:image:height\" content=\"975\" \/>\n\t<meta property=\"og:image:type\" content=\"image\/webp\" \/>\n<meta name=\"twitter:card\" content=\"summary_large_image\" \/>\n<meta name=\"twitter:label1\" content=\"Dur\u00e9e de lecture estim\u00e9e\" \/>\n\t<meta name=\"twitter:data1\" content=\"5 minutes\" \/>\n<script type=\"application\/ld+json\" class=\"yoast-schema-graph\">{\"@context\":\"https:\\\/\\\/schema.org\",\"@graph\":[{\"@type\":\"WebPage\",\"@id\":\"https:\\\/\\\/www.kapi.ltd\\\/fr\\\/urun\\\/modeles-de-portes-laquees-de-luxe\\\/\",\"url\":\"https:\\\/\\\/www.kapi.ltd\\\/fr\\\/urun\\\/modeles-de-portes-laquees-de-luxe\\\/\",\"name\":\"mod\u00e8les de portes laqu\u00e9es de luxe - Mod\u00e8le de porte - Prix des portes\",\"isPartOf\":{\"@id\":\"https:\\\/\\\/www.kapi.ltd\\\/fr\\\/#website\"},\"primaryImageOfPage\":{\"@id\":\"https:\\\/\\\/www.kapi.ltd\\\/fr\\\/urun\\\/modeles-de-portes-laquees-de-luxe\\\/#primaryimage\"},\"image\":{\"@id\":\"https:\\\/\\\/www.kapi.ltd\\\/fr\\\/urun\\\/modeles-de-portes-laquees-de-luxe\\\/#primaryimage\"},\"thumbnailUrl\":\"https:\\\/\\\/www.kapi.ltd\\\/wp-content\\\/uploads\\\/2025\\\/10\\\/lake-kapi-modelleri-4.webp\",\"datePublished\":\"2025-10-05T06:26:04+00:00\",\"dateModified\":\"2025-11-02T20:46:57+00:00\",\"description\":\"Les portes laqu\u00e9es ajoutent de la valeur \u00e0 n'importe quel espace gr\u00e2ce \u00e0 leur style et leur durabilit\u00e9, et sont propos\u00e9es \u00e0 des prix abordables.\",\"breadcrumb\":{\"@id\":\"https:\\\/\\\/www.kapi.ltd\\\/fr\\\/urun\\\/modeles-de-portes-laquees-de-luxe\\\/#breadcrumb\"},\"inLanguage\":\"fr-FR\",\"potentialAction\":[{\"@type\":\"ReadAction\",\"target\":[\"https:\\\/\\\/www.kapi.ltd\\\/fr\\\/urun\\\/modeles-de-portes-laquees-de-luxe\\\/\"]}]},{\"@type\":\"ImageObject\",\"inLanguage\":\"fr-FR\",\"@id\":\"https:\\\/\\\/www.kapi.ltd\\\/fr\\\/urun\\\/modeles-de-portes-laquees-de-luxe\\\/#primaryimage\",\"url\":\"https:\\\/\\\/www.kapi.ltd\\\/wp-content\\\/uploads\\\/2025\\\/10\\\/lake-kapi-modelleri-4.webp\",\"contentUrl\":\"https:\\\/\\\/www.kapi.ltd\\\/wp-content\\\/uploads\\\/2025\\\/10\\\/lake-kapi-modelleri-4.webp\",\"width\":650,\"height\":975,\"caption\":\"lake kap\u0131 modelleri\"},{\"@type\":\"BreadcrumbList\",\"@id\":\"https:\\\/\\\/www.kapi.ltd\\\/fr\\\/urun\\\/modeles-de-portes-laquees-de-luxe\\\/#breadcrumb\",\"itemListElement\":[{\"@type\":\"ListItem\",\"position\":1,\"name\":\"Anasayfa\",\"item\":\"https:\\\/\\\/www.kapi.ltd\\\/fr\\\/\"},{\"@type\":\"ListItem\",\"position\":2,\"name\":\"ic-kapi-celik-kapi-modelleri\",\"item\":\"https:\\\/\\\/www.kapi.ltd\\\/?page_id=4263\"},{\"@type\":\"ListItem\",\"position\":3,\"name\":\"mod\u00e8les de portes laqu\u00e9es de luxe\"}]},{\"@type\":\"WebSite\",\"@id\":\"https:\\\/\\\/www.kapi.ltd\\\/fr\\\/#website\",\"url\":\"https:\\\/\\\/www.kapi.ltd\\\/fr\\\/\",\"name\":\"\u0130\u00e7 Kap\u0131 Ve \u00c7elik Kap\u0131 Modelleri\",\"description\":\"T\u00fcrkiye Kap\u0131 Modelleri Merkezi\",\"potentialAction\":[{\"@type\":\"SearchAction\",\"target\":{\"@type\":\"EntryPoint\",\"urlTemplate\":\"https:\\\/\\\/www.kapi.ltd\\\/fr\\\/?s={search_term_string}\"},\"query-input\":{\"@type\":\"PropertyValueSpecification\",\"valueRequired\":true,\"valueName\":\"search_term_string\"}}],\"inLanguage\":\"fr-FR\"}]}<\/script>\n<!-- \/ Yoast SEO Premium plugin. -->","yoast_head_json":{"title":"mod\u00e8les de portes laqu\u00e9es de luxe - Mod\u00e8le de porte - Prix des portes","description":"Les portes laqu\u00e9es ajoutent de la valeur \u00e0 n'importe quel espace gr\u00e2ce \u00e0 leur style et leur durabilit\u00e9, et sont propos\u00e9es \u00e0 des prix abordables.","robots":{"index":"index","follow":"follow","max-snippet":"max-snippet:-1","max-image-preview":"max-image-preview:large","max-video-preview":"max-video-preview:-1"},"canonical":"https:\/\/www.kapi.ltd\/fr\/urun\/modeles-de-portes-laquees-de-luxe\/","og_locale":"fr_FR","og_type":"article","og_title":"mod\u00e8les de portes laqu\u00e9es de luxe","og_description":"Les portes laqu\u00e9es ajoutent de la valeur \u00e0 n'importe quel espace gr\u00e2ce \u00e0 leur style et leur durabilit\u00e9, et sont propos\u00e9es \u00e0 des prix abordables.","og_url":"https:\/\/www.kapi.ltd\/fr\/urun\/modeles-de-portes-laquees-de-luxe\/","og_site_name":"\u0130\u00e7 Oda Kap\u0131lar\u0131 - \u00c7elik kap\u0131 modelleri - apartman kap\u0131lar\u0131","article_modified_time":"2025-11-02T20:46:57+00:00","og_image":[{"width":650,"height":975,"url":"https:\/\/www.kapi.ltd\/wp-content\/uploads\/2025\/10\/lake-kapi-modelleri-4.webp","type":"image\/webp"}],"twitter_card":"summary_large_image","twitter_misc":{"Dur\u00e9e de lecture estim\u00e9e":"5 minutes"},"schema":{"@context":"https:\/\/schema.org","@graph":[{"@type":"WebPage","@id":"https:\/\/www.kapi.ltd\/fr\/urun\/modeles-de-portes-laquees-de-luxe\/","url":"https:\/\/www.kapi.ltd\/fr\/urun\/modeles-de-portes-laquees-de-luxe\/","name":"mod\u00e8les de portes laqu\u00e9es de luxe - Mod\u00e8le de porte - Prix des portes","isPartOf":{"@id":"https:\/\/www.kapi.ltd\/fr\/#website"},"primaryImageOfPage":{"@id":"https:\/\/www.kapi.ltd\/fr\/urun\/modeles-de-portes-laquees-de-luxe\/#primaryimage"},"image":{"@id":"https:\/\/www.kapi.ltd\/fr\/urun\/modeles-de-portes-laquees-de-luxe\/#primaryimage"},"thumbnailUrl":"https:\/\/www.kapi.ltd\/wp-content\/uploads\/2025\/10\/lake-kapi-modelleri-4.webp","datePublished":"2025-10-05T06:26:04+00:00","dateModified":"2025-11-02T20:46:57+00:00","description":"Les portes laqu\u00e9es ajoutent de la valeur \u00e0 n'importe quel espace gr\u00e2ce \u00e0 leur style et leur durabilit\u00e9, et sont propos\u00e9es \u00e0 des prix abordables.","breadcrumb":{"@id":"https:\/\/www.kapi.ltd\/fr\/urun\/modeles-de-portes-laquees-de-luxe\/#breadcrumb"},"inLanguage":"fr-FR","potentialAction":[{"@type":"ReadAction","target":["https:\/\/www.kapi.ltd\/fr\/urun\/modeles-de-portes-laquees-de-luxe\/"]}]},{"@type":"ImageObject","inLanguage":"fr-FR","@id":"https:\/\/www.kapi.ltd\/fr\/urun\/modeles-de-portes-laquees-de-luxe\/#primaryimage","url":"https:\/\/www.kapi.ltd\/wp-content\/uploads\/2025\/10\/lake-kapi-modelleri-4.webp","contentUrl":"https:\/\/www.kapi.ltd\/wp-content\/uploads\/2025\/10\/lake-kapi-modelleri-4.webp","width":650,"height":975,"caption":"lake kap\u0131 modelleri"},{"@type":"BreadcrumbList","@id":"https:\/\/www.kapi.ltd\/fr\/urun\/modeles-de-portes-laquees-de-luxe\/#breadcrumb","itemListElement":[{"@type":"ListItem","position":1,"name":"Anasayfa","item":"https:\/\/www.kapi.ltd\/fr\/"},{"@type":"ListItem","position":2,"name":"ic-kapi-celik-kapi-modelleri","item":"https:\/\/www.kapi.ltd\/?page_id=4263"},{"@type":"ListItem","position":3,"name":"mod\u00e8les de portes laqu\u00e9es de luxe"}]},{"@type":"WebSite","@id":"https:\/\/www.kapi.ltd\/fr\/#website","url":"https:\/\/www.kapi.ltd\/fr\/","name":"\u0130\u00e7 Kap\u0131 Ve \u00c7elik Kap\u0131 Modelleri","description":"T\u00fcrkiye Kap\u0131 Modelleri Merkezi","potentialAction":[{"@type":"SearchAction","target":{"@type":"EntryPoint","urlTemplate":"https:\/\/www.kapi.ltd\/fr\/?s={search_term_string}"},"query-input":{"@type":"PropertyValueSpecification","valueRequired":true,"valueName":"search_term_string"}}],"inLanguage":"fr-FR"}]}},"_links":{"self":[{"href":"https:\/\/www.kapi.ltd\/fr\/wp-json\/wp\/v2\/product\/5994","targetHints":{"allow":["GET"]}}],"collection":[{"href":"https:\/\/www.kapi.ltd\/fr\/wp-json\/wp\/v2\/product"}],"about":[{"href":"https:\/\/www.kapi.ltd\/fr\/wp-json\/wp\/v2\/types\/product"}],"version-history":[{"count":5,"href":"https:\/\/www.kapi.ltd\/fr\/wp-json\/wp\/v2\/product\/5994\/revisions"}],"predecessor-version":[{"id":6013,"href":"https:\/\/www.kapi.ltd\/fr\/wp-json\/wp\/v2\/product\/5994\/revisions\/6013"}],"wp:featuredmedia":[{"embeddable":true,"href":"https:\/\/www.kapi.ltd\/fr\/wp-json\/wp\/v2\/media\/5979"}],"wp:attachment":[{"href":"https:\/\/www.kapi.ltd\/fr\/wp-json\/wp\/v2\/media?parent=5994"}],"wp:term":[{"taxonomy":"product_brand","embeddable":true,"href":"https:\/\/www.kapi.ltd\/fr\/wp-json\/wp\/v2\/product_brand?post=5994"},{"taxonomy":"product_cat","embeddable":true,"href":"https:\/\/www.kapi.ltd\/fr\/wp-json\/wp\/v2\/product_cat?post=5994"},{"taxonomy":"product_tag","embeddable":true,"href":"https:\/\/www.kapi.ltd\/fr\/wp-json\/wp\/v2\/product_tag?post=5994"}],"curies":[{"name":"wp","href":"https:\/\/api.w.org\/{rel}","templated":true}]}}