{"id":5927,"date":"2025-10-30T10:31:25","date_gmt":"2025-10-30T07:31:25","guid":{"rendered":"https:\/\/www.kapi.ltd\/urun\/daire-giris-kapisi\/"},"modified":"2025-11-02T14:41:22","modified_gmt":"2025-11-02T11:41:22","slug":"porte-dentree-de-lappartement","status":"publish","type":"product","link":"https:\/\/www.kapi.ltd\/fr\/urun\/porte-dentree-de-lappartement\/","title":{"rendered":"Porte d&rsquo;entr\u00e9e de l&rsquo;appartement"},"content":{"rendered":"<p><strong>Porte d&rsquo;appartement moderne en acier : un nouveau design alliant esth\u00e9tique et s\u00e9curit\u00e9.<\/strong><\/p>\n<p>Les portes d&rsquo;appartement en acier jouent un r\u00f4le crucial dans la s\u00e9curit\u00e9 du logement et lui conf\u00e8rent une \u00e9l\u00e9gance esth\u00e9tique. Lors du choix d&rsquo;une <strong>porte d&rsquo;entr\u00e9e , il est important de prendre en compte la s\u00e9curit\u00e9, la durabilit\u00e9 et le design. C&rsquo;est pourquoi nous proposons une porte d&rsquo;appartement moderne en acier haute s\u00e9curit\u00e9 <\/strong>. Alliant avec style des tons anthracite et bois, cette porte en acier est \u00e0 la fois s\u00e9curis\u00e9e et esth\u00e9tique.<\/p>\n<p><strong>Haute protection gr\u00e2ce \u00e0 un syst\u00e8me de s\u00e9curit\u00e9 \u00e0 double verrouillage.<\/strong><\/p>\n<p>nouveau mod\u00e8le <strong>de porte d&rsquo;appartement en acier <\/strong>en mettant l&rsquo;accent sur la s\u00e9curit\u00e9. La porte est \u00e9quip\u00e9e d&rsquo; <strong>un syst\u00e8me de double verrouillage <\/strong>. Ce dispositif offre une protection renforc\u00e9e contre les intrusions gr\u00e2ce \u00e0 deux serrures de s\u00e9curit\u00e9 ind\u00e9pendantes. Gr\u00e2ce \u00e0 ce syst\u00e8me de s\u00e9curit\u00e9 bidirectionnel, votre appartement est parfaitement prot\u00e9g\u00e9. Le m\u00e9canisme de verrouillage de la porte est extr\u00eamement robuste et fiable, r\u00e9pondant ainsi pleinement \u00e0 vos exigences en mati\u00e8re de s\u00e9curit\u00e9.<\/p>\n<p><strong>Accessoires au design esth\u00e9tique et de qualit\u00e9<\/strong><\/p>\n<p><strong>Les portes d&rsquo;entr\u00e9e d&rsquo;appartement, <\/strong>\u00e9l\u00e9ments essentiels de l&rsquo;esth\u00e9tique ext\u00e9rieure, doivent allier s\u00e9curit\u00e9 et style. Notre nouveau mod\u00e8le de porte en acier se distingue par <strong>ses teintes anthracite et bois, <\/strong>pour un design r\u00e9solument moderne. L&rsquo;\u00e9l\u00e9gance de l&rsquo;anthracite se marie harmonieusement \u00e0 la chaleur du bois, faisant de cette porte un atout non seulement s\u00e9curis\u00e9, mais aussi esth\u00e9tique pour la fa\u00e7ade de votre maison.<\/p>\n<p>La porte est \u00e9galement \u00e9quip\u00e9e d&rsquo; <strong>une poign\u00e9e de porte allong\u00e9e en acier noir <\/strong>. Cette poign\u00e9e offre \u00e0 la fois une esth\u00e9tique agr\u00e9able et une grande facilit\u00e9 d&rsquo;utilisation. <strong>Les accessoires de porte en acier <\/strong>se distinguent \u00e9galement par leur qualit\u00e9 et leur \u00e9l\u00e9gance. Fabriqu\u00e9e dans un mat\u00e9riau robuste et durable, la poign\u00e9e allong\u00e9e s&rsquo;int\u00e8gre parfaitement au design g\u00e9n\u00e9ral de la porte.<\/p>\n<p><strong>Design moderne et durabilit\u00e9<\/strong><\/p>\n<p>Les designs modernes sont de plus en plus pris\u00e9s pour <strong>les portes d&rsquo;entr\u00e9e . Suivant cette tendance, nous avons cr\u00e9\u00e9 une porte d&rsquo;appartement moderne en acier <\/strong>. Robuste et durable, cette porte ne n\u00e9cessite aucun entretien. L&rsquo;acier la prot\u00e8ge des intemp\u00e9ries . Les facteurs externes tels que le soleil, la pluie et le vent n&rsquo;affectent pas sa dur\u00e9e de vie.<\/p>\n<p>Con\u00e7ue comme <strong>porte d&rsquo;entr\u00e9e d&rsquo;appartement , cette porte allie s\u00e9curit\u00e9 et modernit\u00e9. Ses d\u00e9tails \u00e9l\u00e9gants, associ\u00e9s \u00e0 la robustesse de sa structure en acier, lui conf\u00e8rent une grande durabilit\u00e9 et un style raffin\u00e9. Offrant des ann\u00e9es de fonctionnement sans souci <\/strong>, cette porte r\u00e9pondra \u00e0 toutes vos attentes, tant sur le plan fonctionnel qu&rsquo;esth\u00e9tique.<\/p>\n<p><strong>En conclusion<\/strong><\/p>\n<p>nouveau mod\u00e8le <strong>de porte d&rsquo;appartement en acier <\/strong>allie parfaitement s\u00e9curit\u00e9 et design. Offrant une protection optimale gr\u00e2ce \u00e0 <strong>son syst\u00e8me de double verrouillage , cette porte <\/strong>se distingue \u00e9galement par son esth\u00e9tique, notamment <strong>sa poign\u00e9e de porte en acier noir \u00e0 longue course <\/strong>et <strong>l&rsquo;alliance moderne des tons anthracite et bois . Ses accessoires de porte en acier <\/strong>de haute qualit\u00e9 et sa construction robuste garantissent une utilisation durable.<\/p>\n<p>Si vous souhaitez assurer la s\u00e9curit\u00e9 de votre maison et ajouter une touche de modernit\u00e9 \u00e0 votre ext\u00e9rieur, vous pouvez choisir ce mod\u00e8le \u00e9l\u00e9gant et s\u00fbr <strong>de porte d&rsquo;entr\u00e9e en acier pour appartement <\/strong>parmi <strong>les diff\u00e9rents mod\u00e8les disponibles .<\/strong><\/p>\n<p>&nbsp;<\/p>\n","protected":false},"excerpt":{"rendered":"<p>Porte d&rsquo;appartement moderne en acier : un nouveau design alliant esth\u00e9tique et s\u00e9curit\u00e9. Les portes d&rsquo;appartement en acier jouent un r\u00f4le crucial dans la s\u00e9curit\u00e9 du logement et lui conf\u00e8rent une \u00e9l\u00e9gance esth\u00e9tique. Lors du choix d&rsquo;une porte d&rsquo;entr\u00e9e , il est important de prendre en compte la s\u00e9curit\u00e9, la durabilit\u00e9 et le design. C&rsquo;est<\/p>\n","protected":false},"featured_media":5928,"template":"","meta":{"_bbp_topic_count":0,"_bbp_reply_count":0,"_bbp_total_topic_count":0,"_bbp_total_reply_count":0,"_bbp_voice_count":0,"_bbp_anonymous_reply_count":0,"_bbp_topic_count_hidden":0,"_bbp_reply_count_hidden":0,"_bbp_forum_subforum_count":0},"product_brand":[],"product_cat":[732],"product_tag":[846],"class_list":{"0":"post-5927","1":"product","2":"type-product","3":"status-publish","4":"has-post-thumbnail","6":"product_cat-porte-moderne-en-acier","7":"product_tag-porte-dentree","9":"first","10":"instock","11":"shipping-taxable","12":"product-type-simple","13":"prodpage-classic"},"yoast_head":"<!-- This site is optimized with the Yoast SEO Premium plugin v26.6 (Yoast SEO v27.4) - https:\/\/yoast.com\/product\/yoast-seo-premium-wordpress\/ -->\n<title>Porte d&#039;entr\u00e9e de l&#039;appartement - porte d&#039;appartement en acier<\/title>\n<meta name=\"description\" content=\"Cette porte d&#039;entr\u00e9e en acier au design moderne offre une s\u00e9curit\u00e9 optimale. Elle se distingue par sa longue poign\u00e9e en acier noir.\" \/>\n<meta name=\"robots\" content=\"index, follow, max-snippet:-1, max-image-preview:large, max-video-preview:-1\" \/>\n<link rel=\"canonical\" href=\"https:\/\/www.kapi.ltd\/fr\/urun\/porte-dentree-de-lappartement\/\" \/>\n<meta property=\"og:locale\" content=\"fr_FR\" \/>\n<meta property=\"og:type\" content=\"article\" \/>\n<meta property=\"og:title\" content=\"Porte d&#039;entr\u00e9e de l&#039;appartement\" \/>\n<meta property=\"og:description\" content=\"Cette porte d&#039;entr\u00e9e en acier au design moderne offre une s\u00e9curit\u00e9 optimale. Elle se distingue par sa longue poign\u00e9e en acier noir.\" \/>\n<meta property=\"og:url\" content=\"https:\/\/www.kapi.ltd\/fr\/urun\/porte-dentree-de-lappartement\/\" \/>\n<meta property=\"og:site_name\" content=\"\u0130\u00e7 Oda Kap\u0131lar\u0131 - \u00c7elik kap\u0131 modelleri - apartman kap\u0131lar\u0131\" \/>\n<meta property=\"article:modified_time\" content=\"2025-11-02T11:41:22+00:00\" \/>\n<meta property=\"og:image\" content=\"https:\/\/www.kapi.ltd\/wp-content\/uploads\/2025\/10\/daire-giris-kapisi.webp\" \/>\n\t<meta property=\"og:image:width\" content=\"650\" \/>\n\t<meta property=\"og:image:height\" content=\"975\" \/>\n\t<meta property=\"og:image:type\" content=\"image\/webp\" \/>\n<meta name=\"twitter:card\" content=\"summary_large_image\" \/>\n<meta name=\"twitter:label1\" content=\"Dur\u00e9e de lecture estim\u00e9e\" \/>\n\t<meta name=\"twitter:data1\" content=\"4 minutes\" \/>\n<script type=\"application\/ld+json\" class=\"yoast-schema-graph\">{\"@context\":\"https:\\\/\\\/schema.org\",\"@graph\":[{\"@type\":\"WebPage\",\"@id\":\"https:\\\/\\\/www.kapi.ltd\\\/fr\\\/urun\\\/porte-dentree-de-lappartement\\\/\",\"url\":\"https:\\\/\\\/www.kapi.ltd\\\/fr\\\/urun\\\/porte-dentree-de-lappartement\\\/\",\"name\":\"Porte d'entr\u00e9e de l'appartement - porte d'appartement en acier\",\"isPartOf\":{\"@id\":\"https:\\\/\\\/www.kapi.ltd\\\/fr\\\/#website\"},\"primaryImageOfPage\":{\"@id\":\"https:\\\/\\\/www.kapi.ltd\\\/fr\\\/urun\\\/porte-dentree-de-lappartement\\\/#primaryimage\"},\"image\":{\"@id\":\"https:\\\/\\\/www.kapi.ltd\\\/fr\\\/urun\\\/porte-dentree-de-lappartement\\\/#primaryimage\"},\"thumbnailUrl\":\"https:\\\/\\\/www.kapi.ltd\\\/wp-content\\\/uploads\\\/2025\\\/10\\\/daire-giris-kapisi.webp\",\"datePublished\":\"2025-10-30T07:31:25+00:00\",\"dateModified\":\"2025-11-02T11:41:22+00:00\",\"description\":\"Cette porte d'entr\u00e9e en acier au design moderne offre une s\u00e9curit\u00e9 optimale. Elle se distingue par sa longue poign\u00e9e en acier noir.\",\"breadcrumb\":{\"@id\":\"https:\\\/\\\/www.kapi.ltd\\\/fr\\\/urun\\\/porte-dentree-de-lappartement\\\/#breadcrumb\"},\"inLanguage\":\"fr-FR\",\"potentialAction\":[{\"@type\":\"ReadAction\",\"target\":[\"https:\\\/\\\/www.kapi.ltd\\\/fr\\\/urun\\\/porte-dentree-de-lappartement\\\/\"]}]},{\"@type\":\"ImageObject\",\"inLanguage\":\"fr-FR\",\"@id\":\"https:\\\/\\\/www.kapi.ltd\\\/fr\\\/urun\\\/porte-dentree-de-lappartement\\\/#primaryimage\",\"url\":\"https:\\\/\\\/www.kapi.ltd\\\/wp-content\\\/uploads\\\/2025\\\/10\\\/daire-giris-kapisi.webp\",\"contentUrl\":\"https:\\\/\\\/www.kapi.ltd\\\/wp-content\\\/uploads\\\/2025\\\/10\\\/daire-giris-kapisi.webp\",\"width\":650,\"height\":975,\"caption\":\"daire giri\u015f kap\u0131s\u0131\"},{\"@type\":\"BreadcrumbList\",\"@id\":\"https:\\\/\\\/www.kapi.ltd\\\/fr\\\/urun\\\/porte-dentree-de-lappartement\\\/#breadcrumb\",\"itemListElement\":[{\"@type\":\"ListItem\",\"position\":1,\"name\":\"Anasayfa\",\"item\":\"https:\\\/\\\/www.kapi.ltd\\\/fr\\\/\"},{\"@type\":\"ListItem\",\"position\":2,\"name\":\"ic-kapi-celik-kapi-modelleri\",\"item\":\"https:\\\/\\\/www.kapi.ltd\\\/?page_id=4263\"},{\"@type\":\"ListItem\",\"position\":3,\"name\":\"Porte d&#8217;entr\u00e9e de l&#8217;appartement\"}]},{\"@type\":\"WebSite\",\"@id\":\"https:\\\/\\\/www.kapi.ltd\\\/fr\\\/#website\",\"url\":\"https:\\\/\\\/www.kapi.ltd\\\/fr\\\/\",\"name\":\"\u0130\u00e7 Kap\u0131 Ve \u00c7elik Kap\u0131 Modelleri\",\"description\":\"T\u00fcrkiye Kap\u0131 Modelleri Merkezi\",\"potentialAction\":[{\"@type\":\"SearchAction\",\"target\":{\"@type\":\"EntryPoint\",\"urlTemplate\":\"https:\\\/\\\/www.kapi.ltd\\\/fr\\\/?s={search_term_string}\"},\"query-input\":{\"@type\":\"PropertyValueSpecification\",\"valueRequired\":true,\"valueName\":\"search_term_string\"}}],\"inLanguage\":\"fr-FR\"}]}<\/script>\n<!-- \/ Yoast SEO Premium plugin. -->","yoast_head_json":{"title":"Porte d'entr\u00e9e de l'appartement - porte d'appartement en acier","description":"Cette porte d'entr\u00e9e en acier au design moderne offre une s\u00e9curit\u00e9 optimale. Elle se distingue par sa longue poign\u00e9e en acier noir.","robots":{"index":"index","follow":"follow","max-snippet":"max-snippet:-1","max-image-preview":"max-image-preview:large","max-video-preview":"max-video-preview:-1"},"canonical":"https:\/\/www.kapi.ltd\/fr\/urun\/porte-dentree-de-lappartement\/","og_locale":"fr_FR","og_type":"article","og_title":"Porte d'entr\u00e9e de l'appartement","og_description":"Cette porte d'entr\u00e9e en acier au design moderne offre une s\u00e9curit\u00e9 optimale. Elle se distingue par sa longue poign\u00e9e en acier noir.","og_url":"https:\/\/www.kapi.ltd\/fr\/urun\/porte-dentree-de-lappartement\/","og_site_name":"\u0130\u00e7 Oda Kap\u0131lar\u0131 - \u00c7elik kap\u0131 modelleri - apartman kap\u0131lar\u0131","article_modified_time":"2025-11-02T11:41:22+00:00","og_image":[{"width":650,"height":975,"url":"https:\/\/www.kapi.ltd\/wp-content\/uploads\/2025\/10\/daire-giris-kapisi.webp","type":"image\/webp"}],"twitter_card":"summary_large_image","twitter_misc":{"Dur\u00e9e de lecture estim\u00e9e":"4 minutes"},"schema":{"@context":"https:\/\/schema.org","@graph":[{"@type":"WebPage","@id":"https:\/\/www.kapi.ltd\/fr\/urun\/porte-dentree-de-lappartement\/","url":"https:\/\/www.kapi.ltd\/fr\/urun\/porte-dentree-de-lappartement\/","name":"Porte d'entr\u00e9e de l'appartement - porte d'appartement en acier","isPartOf":{"@id":"https:\/\/www.kapi.ltd\/fr\/#website"},"primaryImageOfPage":{"@id":"https:\/\/www.kapi.ltd\/fr\/urun\/porte-dentree-de-lappartement\/#primaryimage"},"image":{"@id":"https:\/\/www.kapi.ltd\/fr\/urun\/porte-dentree-de-lappartement\/#primaryimage"},"thumbnailUrl":"https:\/\/www.kapi.ltd\/wp-content\/uploads\/2025\/10\/daire-giris-kapisi.webp","datePublished":"2025-10-30T07:31:25+00:00","dateModified":"2025-11-02T11:41:22+00:00","description":"Cette porte d'entr\u00e9e en acier au design moderne offre une s\u00e9curit\u00e9 optimale. Elle se distingue par sa longue poign\u00e9e en acier noir.","breadcrumb":{"@id":"https:\/\/www.kapi.ltd\/fr\/urun\/porte-dentree-de-lappartement\/#breadcrumb"},"inLanguage":"fr-FR","potentialAction":[{"@type":"ReadAction","target":["https:\/\/www.kapi.ltd\/fr\/urun\/porte-dentree-de-lappartement\/"]}]},{"@type":"ImageObject","inLanguage":"fr-FR","@id":"https:\/\/www.kapi.ltd\/fr\/urun\/porte-dentree-de-lappartement\/#primaryimage","url":"https:\/\/www.kapi.ltd\/wp-content\/uploads\/2025\/10\/daire-giris-kapisi.webp","contentUrl":"https:\/\/www.kapi.ltd\/wp-content\/uploads\/2025\/10\/daire-giris-kapisi.webp","width":650,"height":975,"caption":"daire giri\u015f kap\u0131s\u0131"},{"@type":"BreadcrumbList","@id":"https:\/\/www.kapi.ltd\/fr\/urun\/porte-dentree-de-lappartement\/#breadcrumb","itemListElement":[{"@type":"ListItem","position":1,"name":"Anasayfa","item":"https:\/\/www.kapi.ltd\/fr\/"},{"@type":"ListItem","position":2,"name":"ic-kapi-celik-kapi-modelleri","item":"https:\/\/www.kapi.ltd\/?page_id=4263"},{"@type":"ListItem","position":3,"name":"Porte d&#8217;entr\u00e9e de l&#8217;appartement"}]},{"@type":"WebSite","@id":"https:\/\/www.kapi.ltd\/fr\/#website","url":"https:\/\/www.kapi.ltd\/fr\/","name":"\u0130\u00e7 Kap\u0131 Ve \u00c7elik Kap\u0131 Modelleri","description":"T\u00fcrkiye Kap\u0131 Modelleri Merkezi","potentialAction":[{"@type":"SearchAction","target":{"@type":"EntryPoint","urlTemplate":"https:\/\/www.kapi.ltd\/fr\/?s={search_term_string}"},"query-input":{"@type":"PropertyValueSpecification","valueRequired":true,"valueName":"search_term_string"}}],"inLanguage":"fr-FR"}]}},"_links":{"self":[{"href":"https:\/\/www.kapi.ltd\/fr\/wp-json\/wp\/v2\/product\/5927","targetHints":{"allow":["GET"]}}],"collection":[{"href":"https:\/\/www.kapi.ltd\/fr\/wp-json\/wp\/v2\/product"}],"about":[{"href":"https:\/\/www.kapi.ltd\/fr\/wp-json\/wp\/v2\/types\/product"}],"version-history":[{"count":2,"href":"https:\/\/www.kapi.ltd\/fr\/wp-json\/wp\/v2\/product\/5927\/revisions"}],"predecessor-version":[{"id":5930,"href":"https:\/\/www.kapi.ltd\/fr\/wp-json\/wp\/v2\/product\/5927\/revisions\/5930"}],"wp:featuredmedia":[{"embeddable":true,"href":"https:\/\/www.kapi.ltd\/fr\/wp-json\/wp\/v2\/media\/5928"}],"wp:attachment":[{"href":"https:\/\/www.kapi.ltd\/fr\/wp-json\/wp\/v2\/media?parent=5927"}],"wp:term":[{"taxonomy":"product_brand","embeddable":true,"href":"https:\/\/www.kapi.ltd\/fr\/wp-json\/wp\/v2\/product_brand?post=5927"},{"taxonomy":"product_cat","embeddable":true,"href":"https:\/\/www.kapi.ltd\/fr\/wp-json\/wp\/v2\/product_cat?post=5927"},{"taxonomy":"product_tag","embeddable":true,"href":"https:\/\/www.kapi.ltd\/fr\/wp-json\/wp\/v2\/product_tag?post=5927"}],"curies":[{"name":"wp","href":"https:\/\/api.w.org\/{rel}","templated":true}]}}