{"id":5897,"date":"2025-10-18T13:53:40","date_gmt":"2025-10-18T10:53:40","guid":{"rendered":"https:\/\/www.kapi.ltd\/urun\/celik-kapi-modeli-6\/"},"modified":"2025-11-02T12:17:03","modified_gmt":"2025-11-02T09:17:03","slug":"modele-de-porte-en-acier-6","status":"publish","type":"product","link":"https:\/\/www.kapi.ltd\/fr\/urun\/modele-de-porte-en-acier-6\/","title":{"rendered":"Mod\u00e8le de porte en acier"},"content":{"rendered":"<p data-start=\"0\" data-end=\"97\"><strong data-start=\"0\" data-end=\"95\">Mod\u00e8le de Porte Blind\u00e9e : Porte Monobloc \u00e0 Double Serrure en Couleurs Anthracite et Blanche<\/strong><\/p>\n<p data-start=\"99\" data-end=\"462\">Avec son design moderne et \u00e9pur\u00e9, ce mod\u00e8le de porte blind\u00e9e associe l\u2019\u00e9l\u00e9gance des couleurs anthracite et blanche. Sa conception monobloc \u00e0 double serrure offre une s\u00e9curit\u00e9 \u00e9lev\u00e9e tout en apportant une harmonie esth\u00e9tique parfaite. La longue poign\u00e9e de porte utilis\u00e9e sur le panneau ajoute \u00e0 la fois une touche d\u2019\u00e9l\u00e9gance et une grande facilit\u00e9 d\u2019utilisation.<\/p>\n<p data-start=\"464\" data-end=\"737\">Cette porte blind\u00e9e anthracite, avec ses lignes simples et modernes, s\u2019adapte parfaitement \u00e0 tout type d\u2019espace de vie. Elle assure une protection maximale gr\u00e2ce \u00e0 son syst\u00e8me de double verrouillage tout en apportant une touche esth\u00e9tique contemporaine \u00e0 votre int\u00e9rieur.<\/p>\n<p data-start=\"739\" data-end=\"1024\" data-is-last-node=\"\" data-is-only-node=\"\">Appr\u00e9ci\u00e9e pour sa structure monobloc de haute qualit\u00e9 et son design raffin\u00e9, cette porte blind\u00e9e est un choix id\u00e9al pour ceux qui recherchent \u00e0 la fois s\u00e9curit\u00e9 et esth\u00e9tisme. Elle prot\u00e8ge efficacement vos espaces ext\u00e9rieurs tout en ajoutant de la valeur \u00e0 vos environnements modernes.<\/p>\n","protected":false},"excerpt":{"rendered":"<p>Mod\u00e8le de Porte Blind\u00e9e : Porte Monobloc \u00e0 Double Serrure en Couleurs Anthracite et Blanche Avec son design moderne et \u00e9pur\u00e9, ce mod\u00e8le de porte blind\u00e9e associe l\u2019\u00e9l\u00e9gance des couleurs anthracite et blanche. Sa conception monobloc \u00e0 double serrure offre une s\u00e9curit\u00e9 \u00e9lev\u00e9e tout en apportant une harmonie esth\u00e9tique parfaite. La longue poign\u00e9e de porte<\/p>\n","protected":false},"featured_media":5898,"template":"","meta":{"_bbp_topic_count":0,"_bbp_reply_count":0,"_bbp_total_topic_count":0,"_bbp_total_reply_count":0,"_bbp_voice_count":0,"_bbp_anonymous_reply_count":0,"_bbp_topic_count_hidden":0,"_bbp_reply_count_hidden":0,"_bbp_forum_subforum_count":0},"product_brand":[],"product_cat":[732],"product_tag":[],"class_list":{"0":"post-5897","1":"product","2":"type-product","3":"status-publish","4":"has-post-thumbnail","6":"product_cat-porte-moderne-en-acier","8":"first","9":"instock","10":"shipping-taxable","11":"product-type-simple","12":"prodpage-classic"},"yoast_head":"<!-- This site is optimized with the Yoast SEO Premium plugin v26.6 (Yoast SEO v27.4) - https:\/\/yoast.com\/product\/yoast-seo-premium-wordpress\/ -->\n<title>Mod\u00e8le de porte en acier - Nouvelles portes en acier -<\/title>\n<meta name=\"description\" content=\"Avec son design moderne, la porte monobloc en acier anthracite et blanc \u00e0 double verrouillage offre un mod\u00e8le de porte s\u00e9curis\u00e9.\" \/>\n<meta name=\"robots\" content=\"index, follow, max-snippet:-1, max-image-preview:large, max-video-preview:-1\" \/>\n<link rel=\"canonical\" href=\"https:\/\/www.kapi.ltd\/fr\/urun\/modele-de-porte-en-acier-6\/\" \/>\n<meta property=\"og:locale\" content=\"fr_FR\" \/>\n<meta property=\"og:type\" content=\"article\" \/>\n<meta property=\"og:title\" content=\"Mod\u00e8le de porte en acier\" \/>\n<meta property=\"og:description\" content=\"Avec son design moderne, la porte monobloc en acier anthracite et blanc \u00e0 double verrouillage offre un mod\u00e8le de porte s\u00e9curis\u00e9.\" \/>\n<meta property=\"og:url\" content=\"https:\/\/www.kapi.ltd\/fr\/urun\/modele-de-porte-en-acier-6\/\" \/>\n<meta property=\"og:site_name\" content=\"\u0130\u00e7 Oda Kap\u0131lar\u0131 - \u00c7elik kap\u0131 modelleri - apartman kap\u0131lar\u0131\" \/>\n<meta property=\"article:modified_time\" content=\"2025-11-02T09:17:03+00:00\" \/>\n<meta property=\"og:image\" content=\"https:\/\/www.kapi.ltd\/wp-content\/uploads\/2025\/10\/celik-kapi-modeli13.webp\" \/>\n\t<meta property=\"og:image:width\" content=\"650\" \/>\n\t<meta property=\"og:image:height\" content=\"975\" \/>\n\t<meta property=\"og:image:type\" content=\"image\/webp\" \/>\n<meta name=\"twitter:card\" content=\"summary_large_image\" \/>\n<meta name=\"twitter:label1\" content=\"Dur\u00e9e de lecture estim\u00e9e\" \/>\n\t<meta name=\"twitter:data1\" content=\"2 minutes\" \/>\n<script type=\"application\/ld+json\" class=\"yoast-schema-graph\">{\"@context\":\"https:\\\/\\\/schema.org\",\"@graph\":[{\"@type\":\"WebPage\",\"@id\":\"https:\\\/\\\/www.kapi.ltd\\\/fr\\\/urun\\\/modele-de-porte-en-acier-6\\\/\",\"url\":\"https:\\\/\\\/www.kapi.ltd\\\/fr\\\/urun\\\/modele-de-porte-en-acier-6\\\/\",\"name\":\"Mod\u00e8le de porte en acier - Nouvelles portes en acier -\",\"isPartOf\":{\"@id\":\"https:\\\/\\\/www.kapi.ltd\\\/fr\\\/#website\"},\"primaryImageOfPage\":{\"@id\":\"https:\\\/\\\/www.kapi.ltd\\\/fr\\\/urun\\\/modele-de-porte-en-acier-6\\\/#primaryimage\"},\"image\":{\"@id\":\"https:\\\/\\\/www.kapi.ltd\\\/fr\\\/urun\\\/modele-de-porte-en-acier-6\\\/#primaryimage\"},\"thumbnailUrl\":\"https:\\\/\\\/www.kapi.ltd\\\/wp-content\\\/uploads\\\/2025\\\/10\\\/celik-kapi-modeli13.webp\",\"datePublished\":\"2025-10-18T10:53:40+00:00\",\"dateModified\":\"2025-11-02T09:17:03+00:00\",\"description\":\"Avec son design moderne, la porte monobloc en acier anthracite et blanc \u00e0 double verrouillage offre un mod\u00e8le de porte s\u00e9curis\u00e9.\",\"breadcrumb\":{\"@id\":\"https:\\\/\\\/www.kapi.ltd\\\/fr\\\/urun\\\/modele-de-porte-en-acier-6\\\/#breadcrumb\"},\"inLanguage\":\"fr-FR\",\"potentialAction\":[{\"@type\":\"ReadAction\",\"target\":[\"https:\\\/\\\/www.kapi.ltd\\\/fr\\\/urun\\\/modele-de-porte-en-acier-6\\\/\"]}]},{\"@type\":\"ImageObject\",\"inLanguage\":\"fr-FR\",\"@id\":\"https:\\\/\\\/www.kapi.ltd\\\/fr\\\/urun\\\/modele-de-porte-en-acier-6\\\/#primaryimage\",\"url\":\"https:\\\/\\\/www.kapi.ltd\\\/wp-content\\\/uploads\\\/2025\\\/10\\\/celik-kapi-modeli13.webp\",\"contentUrl\":\"https:\\\/\\\/www.kapi.ltd\\\/wp-content\\\/uploads\\\/2025\\\/10\\\/celik-kapi-modeli13.webp\",\"width\":650,\"height\":975,\"caption\":\"\u00e7elik kap\u0131 modeli\"},{\"@type\":\"BreadcrumbList\",\"@id\":\"https:\\\/\\\/www.kapi.ltd\\\/fr\\\/urun\\\/modele-de-porte-en-acier-6\\\/#breadcrumb\",\"itemListElement\":[{\"@type\":\"ListItem\",\"position\":1,\"name\":\"Anasayfa\",\"item\":\"https:\\\/\\\/www.kapi.ltd\\\/fr\\\/\"},{\"@type\":\"ListItem\",\"position\":2,\"name\":\"ic-kapi-celik-kapi-modelleri\",\"item\":\"https:\\\/\\\/www.kapi.ltd\\\/?page_id=4263\"},{\"@type\":\"ListItem\",\"position\":3,\"name\":\"Mod\u00e8le de porte en acier\"}]},{\"@type\":\"WebSite\",\"@id\":\"https:\\\/\\\/www.kapi.ltd\\\/fr\\\/#website\",\"url\":\"https:\\\/\\\/www.kapi.ltd\\\/fr\\\/\",\"name\":\"\u0130\u00e7 Kap\u0131 Ve \u00c7elik Kap\u0131 Modelleri\",\"description\":\"T\u00fcrkiye Kap\u0131 Modelleri Merkezi\",\"potentialAction\":[{\"@type\":\"SearchAction\",\"target\":{\"@type\":\"EntryPoint\",\"urlTemplate\":\"https:\\\/\\\/www.kapi.ltd\\\/fr\\\/?s={search_term_string}\"},\"query-input\":{\"@type\":\"PropertyValueSpecification\",\"valueRequired\":true,\"valueName\":\"search_term_string\"}}],\"inLanguage\":\"fr-FR\"}]}<\/script>\n<!-- \/ Yoast SEO Premium plugin. -->","yoast_head_json":{"title":"Mod\u00e8le de porte en acier - Nouvelles portes en acier -","description":"Avec son design moderne, la porte monobloc en acier anthracite et blanc \u00e0 double verrouillage offre un mod\u00e8le de porte s\u00e9curis\u00e9.","robots":{"index":"index","follow":"follow","max-snippet":"max-snippet:-1","max-image-preview":"max-image-preview:large","max-video-preview":"max-video-preview:-1"},"canonical":"https:\/\/www.kapi.ltd\/fr\/urun\/modele-de-porte-en-acier-6\/","og_locale":"fr_FR","og_type":"article","og_title":"Mod\u00e8le de porte en acier","og_description":"Avec son design moderne, la porte monobloc en acier anthracite et blanc \u00e0 double verrouillage offre un mod\u00e8le de porte s\u00e9curis\u00e9.","og_url":"https:\/\/www.kapi.ltd\/fr\/urun\/modele-de-porte-en-acier-6\/","og_site_name":"\u0130\u00e7 Oda Kap\u0131lar\u0131 - \u00c7elik kap\u0131 modelleri - apartman kap\u0131lar\u0131","article_modified_time":"2025-11-02T09:17:03+00:00","og_image":[{"width":650,"height":975,"url":"https:\/\/www.kapi.ltd\/wp-content\/uploads\/2025\/10\/celik-kapi-modeli13.webp","type":"image\/webp"}],"twitter_card":"summary_large_image","twitter_misc":{"Dur\u00e9e de lecture estim\u00e9e":"2 minutes"},"schema":{"@context":"https:\/\/schema.org","@graph":[{"@type":"WebPage","@id":"https:\/\/www.kapi.ltd\/fr\/urun\/modele-de-porte-en-acier-6\/","url":"https:\/\/www.kapi.ltd\/fr\/urun\/modele-de-porte-en-acier-6\/","name":"Mod\u00e8le de porte en acier - Nouvelles portes en acier -","isPartOf":{"@id":"https:\/\/www.kapi.ltd\/fr\/#website"},"primaryImageOfPage":{"@id":"https:\/\/www.kapi.ltd\/fr\/urun\/modele-de-porte-en-acier-6\/#primaryimage"},"image":{"@id":"https:\/\/www.kapi.ltd\/fr\/urun\/modele-de-porte-en-acier-6\/#primaryimage"},"thumbnailUrl":"https:\/\/www.kapi.ltd\/wp-content\/uploads\/2025\/10\/celik-kapi-modeli13.webp","datePublished":"2025-10-18T10:53:40+00:00","dateModified":"2025-11-02T09:17:03+00:00","description":"Avec son design moderne, la porte monobloc en acier anthracite et blanc \u00e0 double verrouillage offre un mod\u00e8le de porte s\u00e9curis\u00e9.","breadcrumb":{"@id":"https:\/\/www.kapi.ltd\/fr\/urun\/modele-de-porte-en-acier-6\/#breadcrumb"},"inLanguage":"fr-FR","potentialAction":[{"@type":"ReadAction","target":["https:\/\/www.kapi.ltd\/fr\/urun\/modele-de-porte-en-acier-6\/"]}]},{"@type":"ImageObject","inLanguage":"fr-FR","@id":"https:\/\/www.kapi.ltd\/fr\/urun\/modele-de-porte-en-acier-6\/#primaryimage","url":"https:\/\/www.kapi.ltd\/wp-content\/uploads\/2025\/10\/celik-kapi-modeli13.webp","contentUrl":"https:\/\/www.kapi.ltd\/wp-content\/uploads\/2025\/10\/celik-kapi-modeli13.webp","width":650,"height":975,"caption":"\u00e7elik kap\u0131 modeli"},{"@type":"BreadcrumbList","@id":"https:\/\/www.kapi.ltd\/fr\/urun\/modele-de-porte-en-acier-6\/#breadcrumb","itemListElement":[{"@type":"ListItem","position":1,"name":"Anasayfa","item":"https:\/\/www.kapi.ltd\/fr\/"},{"@type":"ListItem","position":2,"name":"ic-kapi-celik-kapi-modelleri","item":"https:\/\/www.kapi.ltd\/?page_id=4263"},{"@type":"ListItem","position":3,"name":"Mod\u00e8le de porte en acier"}]},{"@type":"WebSite","@id":"https:\/\/www.kapi.ltd\/fr\/#website","url":"https:\/\/www.kapi.ltd\/fr\/","name":"\u0130\u00e7 Kap\u0131 Ve \u00c7elik Kap\u0131 Modelleri","description":"T\u00fcrkiye Kap\u0131 Modelleri Merkezi","potentialAction":[{"@type":"SearchAction","target":{"@type":"EntryPoint","urlTemplate":"https:\/\/www.kapi.ltd\/fr\/?s={search_term_string}"},"query-input":{"@type":"PropertyValueSpecification","valueRequired":true,"valueName":"search_term_string"}}],"inLanguage":"fr-FR"}]}},"_links":{"self":[{"href":"https:\/\/www.kapi.ltd\/fr\/wp-json\/wp\/v2\/product\/5897","targetHints":{"allow":["GET"]}}],"collection":[{"href":"https:\/\/www.kapi.ltd\/fr\/wp-json\/wp\/v2\/product"}],"about":[{"href":"https:\/\/www.kapi.ltd\/fr\/wp-json\/wp\/v2\/types\/product"}],"version-history":[{"count":3,"href":"https:\/\/www.kapi.ltd\/fr\/wp-json\/wp\/v2\/product\/5897\/revisions"}],"predecessor-version":[{"id":5901,"href":"https:\/\/www.kapi.ltd\/fr\/wp-json\/wp\/v2\/product\/5897\/revisions\/5901"}],"wp:featuredmedia":[{"embeddable":true,"href":"https:\/\/www.kapi.ltd\/fr\/wp-json\/wp\/v2\/media\/5898"}],"wp:attachment":[{"href":"https:\/\/www.kapi.ltd\/fr\/wp-json\/wp\/v2\/media?parent=5897"}],"wp:term":[{"taxonomy":"product_brand","embeddable":true,"href":"https:\/\/www.kapi.ltd\/fr\/wp-json\/wp\/v2\/product_brand?post=5897"},{"taxonomy":"product_cat","embeddable":true,"href":"https:\/\/www.kapi.ltd\/fr\/wp-json\/wp\/v2\/product_cat?post=5897"},{"taxonomy":"product_tag","embeddable":true,"href":"https:\/\/www.kapi.ltd\/fr\/wp-json\/wp\/v2\/product_tag?post=5897"}],"curies":[{"name":"wp","href":"https:\/\/api.w.org\/{rel}","templated":true}]}}