{"id":5607,"date":"2025-10-18T21:33:01","date_gmt":"2025-10-18T18:33:01","guid":{"rendered":"https:\/\/www.kapi.ltd\/urun\/celik-kapi-modeli-3\/"},"modified":"2025-10-24T22:47:09","modified_gmt":"2025-10-24T19:47:09","slug":"modele-de-porte-en-acier","status":"publish","type":"product","link":"https:\/\/www.kapi.ltd\/fr\/urun\/modele-de-porte-en-acier\/","title":{"rendered":"Mod\u00e8le de porte en acier"},"content":{"rendered":"<div class=\"relative basis-auto flex-col -mb-(--composer-overlap-px) [--composer-overlap-px:28px] grow flex overflow-hidden\">\n<div class=\"relative h-full\">\n<div class=\"flex h-full flex-col overflow-y-auto thread-xl:pt-(--header-height) [scrollbar-gutter:stable_both-edges]\">\n<div class=\"flex flex-col text-sm thread-xl:pt-header-height pb-25\">\n<article class=\"text-token-text-primary w-full focus:outline-none [--shadow-height:45px] has-data-writing-block:pointer-events-none has-data-writing-block:-mt-(--shadow-height) has-data-writing-block:pt-(--shadow-height) [&amp;:has([data-writing-block])&gt;*]:pointer-events-auto scroll-mt-[calc(var(--header-height)+min(200px,max(70px,20svh)))]\" dir=\"auto\" tabindex=\"-1\" data-turn-id=\"request-WEB:daedc216-5f69-4fce-aba6-b00f7f90a267-22\" data-testid=\"conversation-turn-46\" data-scroll-anchor=\"true\" data-turn=\"assistant\">\n<div class=\"text-base my-auto mx-auto pb-10 [--thread-content-margin:--spacing(4)] thread-sm:[--thread-content-margin:--spacing(6)] thread-lg:[--thread-content-margin:--spacing(16)] px-(--thread-content-margin)\">\n<div class=\"[--thread-content-max-width:40rem] thread-lg:[--thread-content-max-width:48rem] mx-auto max-w-(--thread-content-max-width) flex-1 group\/turn-messages focus-visible:outline-hidden relative flex w-full min-w-0 flex-col agent-turn\" tabindex=\"-1\">\n<div class=\"flex max-w-full flex-col grow\">\n<div class=\"min-h-8 text-message relative flex w-full flex-col items-end gap-2 text-start break-words whitespace-normal [.text-message+&amp;]:mt-1\" dir=\"auto\" data-message-author-role=\"assistant\" data-message-id=\"9130ff8a-2636-4209-a489-5cb11ada9bd8\" data-message-model-slug=\"gpt-5-mini\">\n<div class=\"flex w-full flex-col gap-1 empty:hidden first:pt-[1px]\">\n<div class=\"markdown prose dark:prose-invert w-full break-words light markdown-new-styling\">\n<p>Mod\u00e8le de porte en acier noir mat\u00a0: Design moderne et \u00e9l\u00e9gante harmonie des tons bois<\/p>\n<p>Le choix id\u00e9al pour ceux qui recherchent une porte en acier\u00a0: la porte en acier noir mat\u00a0! La chaleur des tons bois alli\u00e9e \u00e0 l&rsquo;\u00e9l\u00e9gance du noir mat cr\u00e9e un design moderne et esth\u00e9tique. Cette porte en acier noir, remarquable par son \u00e9l\u00e9gance et sa durabilit\u00e9, assure la s\u00e9curit\u00e9 de votre maison tout en sublimant votre d\u00e9coration moderne.<\/p>\n<p>Ce mod\u00e8le de porte en acier noir mat se distingue par ses lignes simples et \u00e9l\u00e9gantes, tandis que la texture naturelle des tons bois s&rsquo;harmonise parfaitement avec votre int\u00e9rieur. Son esth\u00e9tique est non seulement saisissante, mais elle se distingue \u00e9galement par sa construction robuste et ses fonctionnalit\u00e9s de s\u00e9curit\u00e9.<\/p>\n<p>Une porte en acier noir est le choix id\u00e9al pour apporter une touche de modernit\u00e9 \u00e0 votre maison, renforcer la s\u00e9curit\u00e9 et cr\u00e9er un design \u00e9l\u00e9gant. Sa couleur noir mat, associ\u00e9e aux tons bois, s&rsquo;int\u00e8gre parfaitement \u00e0 tous les styles de d\u00e9coration, int\u00e9rieurs comme ext\u00e9rieurs.<\/p>\n<\/div>\n<\/div>\n<\/div>\n<\/div>\n<\/div>\n<\/div>\n<\/article>\n<\/div>\n<\/div>\n<\/div>\n<\/div>\n","protected":false},"excerpt":{"rendered":"<p>Mod\u00e8le de porte en acier noir mat\u00a0: Design moderne et \u00e9l\u00e9gante harmonie des tons bois Le choix id\u00e9al pour ceux qui recherchent une porte en acier\u00a0: la porte en acier noir mat\u00a0! La chaleur des tons bois alli\u00e9e \u00e0 l&rsquo;\u00e9l\u00e9gance du noir mat cr\u00e9e un design moderne et esth\u00e9tique. Cette porte en acier noir, remarquable<\/p>\n","protected":false},"featured_media":5608,"template":"","meta":{"_bbp_topic_count":0,"_bbp_reply_count":0,"_bbp_total_topic_count":0,"_bbp_total_reply_count":0,"_bbp_voice_count":0,"_bbp_anonymous_reply_count":0,"_bbp_topic_count_hidden":0,"_bbp_reply_count_hidden":0,"_bbp_forum_subforum_count":0},"product_brand":[],"product_cat":[732],"product_tag":[734],"class_list":{"0":"post-5607","1":"product","2":"type-product","3":"status-publish","4":"has-post-thumbnail","6":"product_cat-porte-moderne-en-acier","7":"product_tag-modele-de-porte-en-acier","9":"first","10":"instock","11":"shipping-taxable","12":"product-type-simple","13":"prodpage-classic"},"yoast_head":"<!-- This site is optimized with the Yoast SEO Premium plugin v26.6 (Yoast SEO v27.5) - https:\/\/yoast.com\/product\/yoast-seo-premium-wordpress\/ -->\n<title>Mod\u00e8le de porte en acier - Mod\u00e8le de porte en acier noir mat<\/title>\n<meta name=\"description\" content=\"Les mod\u00e8les de portes en acier noir mat les plus populaires parmi les mod\u00e8les de portes en acier sont les nouvelles portes en acier.\" \/>\n<meta name=\"robots\" content=\"index, follow, max-snippet:-1, max-image-preview:large, max-video-preview:-1\" \/>\n<link rel=\"canonical\" href=\"https:\/\/www.kapi.ltd\/fr\/urun\/modele-de-porte-en-acier\/\" \/>\n<meta property=\"og:locale\" content=\"fr_FR\" \/>\n<meta property=\"og:type\" content=\"article\" \/>\n<meta property=\"og:title\" content=\"Mod\u00e8le de porte en acier\" \/>\n<meta property=\"og:description\" content=\"Les mod\u00e8les de portes en acier noir mat les plus populaires parmi les mod\u00e8les de portes en acier sont les nouvelles portes en acier.\" \/>\n<meta property=\"og:url\" content=\"https:\/\/www.kapi.ltd\/fr\/urun\/modele-de-porte-en-acier\/\" \/>\n<meta property=\"og:site_name\" content=\"\u0130\u00e7 Oda Kap\u0131lar\u0131 - \u00c7elik kap\u0131 modelleri - apartman kap\u0131lar\u0131\" \/>\n<meta property=\"article:modified_time\" content=\"2025-10-24T19:47:09+00:00\" \/>\n<meta property=\"og:image\" content=\"https:\/\/www.kapi.ltd\/wp-content\/uploads\/2025\/10\/celik-kapi-modeli.webp\" \/>\n\t<meta property=\"og:image:width\" content=\"650\" \/>\n\t<meta property=\"og:image:height\" content=\"975\" \/>\n\t<meta property=\"og:image:type\" content=\"image\/webp\" \/>\n<meta name=\"twitter:card\" content=\"summary_large_image\" \/>\n<meta name=\"twitter:label1\" content=\"Dur\u00e9e de lecture estim\u00e9e\" \/>\n\t<meta name=\"twitter:data1\" content=\"2 minutes\" \/>\n<script type=\"application\/ld+json\" class=\"yoast-schema-graph\">{\"@context\":\"https:\\\/\\\/schema.org\",\"@graph\":[{\"@type\":\"WebPage\",\"@id\":\"https:\\\/\\\/www.kapi.ltd\\\/fr\\\/urun\\\/modele-de-porte-en-acier\\\/\",\"url\":\"https:\\\/\\\/www.kapi.ltd\\\/fr\\\/urun\\\/modele-de-porte-en-acier\\\/\",\"name\":\"Mod\u00e8le de porte en acier - Mod\u00e8le de porte en acier noir mat\",\"isPartOf\":{\"@id\":\"https:\\\/\\\/www.kapi.ltd\\\/fr\\\/#website\"},\"primaryImageOfPage\":{\"@id\":\"https:\\\/\\\/www.kapi.ltd\\\/fr\\\/urun\\\/modele-de-porte-en-acier\\\/#primaryimage\"},\"image\":{\"@id\":\"https:\\\/\\\/www.kapi.ltd\\\/fr\\\/urun\\\/modele-de-porte-en-acier\\\/#primaryimage\"},\"thumbnailUrl\":\"https:\\\/\\\/www.kapi.ltd\\\/wp-content\\\/uploads\\\/2025\\\/10\\\/celik-kapi-modeli.webp\",\"datePublished\":\"2025-10-18T18:33:01+00:00\",\"dateModified\":\"2025-10-24T19:47:09+00:00\",\"description\":\"Les mod\u00e8les de portes en acier noir mat les plus populaires parmi les mod\u00e8les de portes en acier sont les nouvelles portes en acier.\",\"breadcrumb\":{\"@id\":\"https:\\\/\\\/www.kapi.ltd\\\/fr\\\/urun\\\/modele-de-porte-en-acier\\\/#breadcrumb\"},\"inLanguage\":\"fr-FR\",\"potentialAction\":[{\"@type\":\"ReadAction\",\"target\":[\"https:\\\/\\\/www.kapi.ltd\\\/fr\\\/urun\\\/modele-de-porte-en-acier\\\/\"]}]},{\"@type\":\"ImageObject\",\"inLanguage\":\"fr-FR\",\"@id\":\"https:\\\/\\\/www.kapi.ltd\\\/fr\\\/urun\\\/modele-de-porte-en-acier\\\/#primaryimage\",\"url\":\"https:\\\/\\\/www.kapi.ltd\\\/wp-content\\\/uploads\\\/2025\\\/10\\\/celik-kapi-modeli.webp\",\"contentUrl\":\"https:\\\/\\\/www.kapi.ltd\\\/wp-content\\\/uploads\\\/2025\\\/10\\\/celik-kapi-modeli.webp\",\"width\":650,\"height\":975,\"caption\":\"\u00e7elik kap\u0131 modeli\"},{\"@type\":\"BreadcrumbList\",\"@id\":\"https:\\\/\\\/www.kapi.ltd\\\/fr\\\/urun\\\/modele-de-porte-en-acier\\\/#breadcrumb\",\"itemListElement\":[{\"@type\":\"ListItem\",\"position\":1,\"name\":\"Anasayfa\",\"item\":\"https:\\\/\\\/www.kapi.ltd\\\/fr\\\/\"},{\"@type\":\"ListItem\",\"position\":2,\"name\":\"ic-kapi-celik-kapi-modelleri\",\"item\":\"https:\\\/\\\/www.kapi.ltd\\\/?page_id=4263\"},{\"@type\":\"ListItem\",\"position\":3,\"name\":\"Mod\u00e8le de porte en acier\"}]},{\"@type\":\"WebSite\",\"@id\":\"https:\\\/\\\/www.kapi.ltd\\\/fr\\\/#website\",\"url\":\"https:\\\/\\\/www.kapi.ltd\\\/fr\\\/\",\"name\":\"\u0130\u00e7 Kap\u0131 Ve \u00c7elik Kap\u0131 Modelleri\",\"description\":\"T\u00fcrkiye Kap\u0131 Modelleri Merkezi\",\"potentialAction\":[{\"@type\":\"SearchAction\",\"target\":{\"@type\":\"EntryPoint\",\"urlTemplate\":\"https:\\\/\\\/www.kapi.ltd\\\/fr\\\/?s={search_term_string}\"},\"query-input\":{\"@type\":\"PropertyValueSpecification\",\"valueRequired\":true,\"valueName\":\"search_term_string\"}}],\"inLanguage\":\"fr-FR\"}]}<\/script>\n<!-- \/ Yoast SEO Premium plugin. -->","yoast_head_json":{"title":"Mod\u00e8le de porte en acier - Mod\u00e8le de porte en acier noir mat","description":"Les mod\u00e8les de portes en acier noir mat les plus populaires parmi les mod\u00e8les de portes en acier sont les nouvelles portes en acier.","robots":{"index":"index","follow":"follow","max-snippet":"max-snippet:-1","max-image-preview":"max-image-preview:large","max-video-preview":"max-video-preview:-1"},"canonical":"https:\/\/www.kapi.ltd\/fr\/urun\/modele-de-porte-en-acier\/","og_locale":"fr_FR","og_type":"article","og_title":"Mod\u00e8le de porte en acier","og_description":"Les mod\u00e8les de portes en acier noir mat les plus populaires parmi les mod\u00e8les de portes en acier sont les nouvelles portes en acier.","og_url":"https:\/\/www.kapi.ltd\/fr\/urun\/modele-de-porte-en-acier\/","og_site_name":"\u0130\u00e7 Oda Kap\u0131lar\u0131 - \u00c7elik kap\u0131 modelleri - apartman kap\u0131lar\u0131","article_modified_time":"2025-10-24T19:47:09+00:00","og_image":[{"width":650,"height":975,"url":"https:\/\/www.kapi.ltd\/wp-content\/uploads\/2025\/10\/celik-kapi-modeli.webp","type":"image\/webp"}],"twitter_card":"summary_large_image","twitter_misc":{"Dur\u00e9e de lecture estim\u00e9e":"2 minutes"},"schema":{"@context":"https:\/\/schema.org","@graph":[{"@type":"WebPage","@id":"https:\/\/www.kapi.ltd\/fr\/urun\/modele-de-porte-en-acier\/","url":"https:\/\/www.kapi.ltd\/fr\/urun\/modele-de-porte-en-acier\/","name":"Mod\u00e8le de porte en acier - Mod\u00e8le de porte en acier noir mat","isPartOf":{"@id":"https:\/\/www.kapi.ltd\/fr\/#website"},"primaryImageOfPage":{"@id":"https:\/\/www.kapi.ltd\/fr\/urun\/modele-de-porte-en-acier\/#primaryimage"},"image":{"@id":"https:\/\/www.kapi.ltd\/fr\/urun\/modele-de-porte-en-acier\/#primaryimage"},"thumbnailUrl":"https:\/\/www.kapi.ltd\/wp-content\/uploads\/2025\/10\/celik-kapi-modeli.webp","datePublished":"2025-10-18T18:33:01+00:00","dateModified":"2025-10-24T19:47:09+00:00","description":"Les mod\u00e8les de portes en acier noir mat les plus populaires parmi les mod\u00e8les de portes en acier sont les nouvelles portes en acier.","breadcrumb":{"@id":"https:\/\/www.kapi.ltd\/fr\/urun\/modele-de-porte-en-acier\/#breadcrumb"},"inLanguage":"fr-FR","potentialAction":[{"@type":"ReadAction","target":["https:\/\/www.kapi.ltd\/fr\/urun\/modele-de-porte-en-acier\/"]}]},{"@type":"ImageObject","inLanguage":"fr-FR","@id":"https:\/\/www.kapi.ltd\/fr\/urun\/modele-de-porte-en-acier\/#primaryimage","url":"https:\/\/www.kapi.ltd\/wp-content\/uploads\/2025\/10\/celik-kapi-modeli.webp","contentUrl":"https:\/\/www.kapi.ltd\/wp-content\/uploads\/2025\/10\/celik-kapi-modeli.webp","width":650,"height":975,"caption":"\u00e7elik kap\u0131 modeli"},{"@type":"BreadcrumbList","@id":"https:\/\/www.kapi.ltd\/fr\/urun\/modele-de-porte-en-acier\/#breadcrumb","itemListElement":[{"@type":"ListItem","position":1,"name":"Anasayfa","item":"https:\/\/www.kapi.ltd\/fr\/"},{"@type":"ListItem","position":2,"name":"ic-kapi-celik-kapi-modelleri","item":"https:\/\/www.kapi.ltd\/?page_id=4263"},{"@type":"ListItem","position":3,"name":"Mod\u00e8le de porte en acier"}]},{"@type":"WebSite","@id":"https:\/\/www.kapi.ltd\/fr\/#website","url":"https:\/\/www.kapi.ltd\/fr\/","name":"\u0130\u00e7 Kap\u0131 Ve \u00c7elik Kap\u0131 Modelleri","description":"T\u00fcrkiye Kap\u0131 Modelleri Merkezi","potentialAction":[{"@type":"SearchAction","target":{"@type":"EntryPoint","urlTemplate":"https:\/\/www.kapi.ltd\/fr\/?s={search_term_string}"},"query-input":{"@type":"PropertyValueSpecification","valueRequired":true,"valueName":"search_term_string"}}],"inLanguage":"fr-FR"}]}},"_links":{"self":[{"href":"https:\/\/www.kapi.ltd\/fr\/wp-json\/wp\/v2\/product\/5607","targetHints":{"allow":["GET"]}}],"collection":[{"href":"https:\/\/www.kapi.ltd\/fr\/wp-json\/wp\/v2\/product"}],"about":[{"href":"https:\/\/www.kapi.ltd\/fr\/wp-json\/wp\/v2\/types\/product"}],"version-history":[{"count":2,"href":"https:\/\/www.kapi.ltd\/fr\/wp-json\/wp\/v2\/product\/5607\/revisions"}],"predecessor-version":[{"id":5612,"href":"https:\/\/www.kapi.ltd\/fr\/wp-json\/wp\/v2\/product\/5607\/revisions\/5612"}],"wp:featuredmedia":[{"embeddable":true,"href":"https:\/\/www.kapi.ltd\/fr\/wp-json\/wp\/v2\/media\/5608"}],"wp:attachment":[{"href":"https:\/\/www.kapi.ltd\/fr\/wp-json\/wp\/v2\/media?parent=5607"}],"wp:term":[{"taxonomy":"product_brand","embeddable":true,"href":"https:\/\/www.kapi.ltd\/fr\/wp-json\/wp\/v2\/product_brand?post=5607"},{"taxonomy":"product_cat","embeddable":true,"href":"https:\/\/www.kapi.ltd\/fr\/wp-json\/wp\/v2\/product_cat?post=5607"},{"taxonomy":"product_tag","embeddable":true,"href":"https:\/\/www.kapi.ltd\/fr\/wp-json\/wp\/v2\/product_tag?post=5607"}],"curies":[{"name":"wp","href":"https:\/\/api.w.org\/{rel}","templated":true}]}}