{"id":10298,"date":"2025-10-18T13:36:58","date_gmt":"2025-10-18T10:36:58","guid":{"rendered":"https:\/\/www.kapi.ltd\/urun\/siyah-celik-kapi-modelleri\/"},"modified":"2026-03-14T15:08:20","modified_gmt":"2026-03-14T12:08:20","slug":"siyah-celik-kapi-modelleri","status":"publish","type":"product","link":"https:\/\/www.kapi.ltd\/fr\/urun\/siyah-celik-kapi-modelleri\/","title":{"rendered":"Siyah \u00c7elik Kap\u0131 Modelleri"},"content":{"rendered":"<div class=\"flex flex-col text-sm pb-25\">\n<article class=\"text-token-text-primary w-full focus:outline-none [--shadow-height:45px] has-data-writing-block:pointer-events-none has-data-writing-block:-mt-(--shadow-height) has-data-writing-block:pt-(--shadow-height) [&amp;:has([data-writing-block])&gt;*]:pointer-events-auto scroll-mt-[calc(var(--header-height)+min(200px,max(70px,20svh)))]\" dir=\"auto\" tabindex=\"-1\" data-turn-id=\"617ab1c9-a3c2-447f-a053-1a88c2cd9523\" data-testid=\"conversation-turn-2\" data-scroll-anchor=\"true\" data-turn=\"assistant\">\n<div class=\"text-base my-auto mx-auto pb-10 [--thread-content-margin:--spacing(4)] @w-sm\/main:[--thread-content-margin:--spacing(6)] @w-lg\/main:[--thread-content-margin:--spacing(16)] px-(--thread-content-margin)\">\n<div class=\"[--thread-content-max-width:40rem] @w-lg\/main:[--thread-content-max-width:48rem] mx-auto max-w-(--thread-content-max-width) flex-1 group\/turn-messages focus-visible:outline-hidden relative flex w-full min-w-0 flex-col agent-turn\" tabindex=\"-1\">\n<div class=\"flex max-w-full flex-col grow\">\n<div class=\"min-h-8 text-message relative flex w-full flex-col items-end gap-2 text-start break-words whitespace-normal [.text-message+&amp;]:mt-1\" dir=\"auto\" data-message-author-role=\"assistant\" data-message-id=\"02d23184-589a-43f7-adf0-c60a707bad15\" data-message-model-slug=\"gpt-5-2\">\n<div class=\"flex w-full flex-col gap-1 empty:hidden first:pt-[1px]\">\n<div class=\"markdown prose dark:prose-invert w-full wrap-break-word light markdown-new-styling\">\n<p data-start=\"0\" data-end=\"109\"><strong data-start=\"0\" data-end=\"109\">\u00c7elik Kap\u0131 Modeli: Parlak Siyah ve Krem \u00c7ift Kilitli Monoblok Kap\u0131 &#8211; G\u00fcvenlik ve Esteti\u011fin M\u00fckemmel Uyumu<\/strong><\/p>\n<p data-start=\"111\" data-end=\"567\">Yeni <strong data-start=\"116\" data-end=\"140\">parlak siyah siyah ve krem<\/strong> renklerin zarif uyumunu yans\u0131tan \u00e7elik kap\u0131 modelimiz, modern tasar\u0131m\u0131 ve \u015f\u0131k detaylar\u0131 ile hem estetik hem de g\u00fcvenlik a\u00e7\u0131s\u0131ndan m\u00fckemmel bir se\u00e7enek sunuyor. <strong data-start=\"301\" data-end=\"344\">\u00c7ift kilitli monoblok \u00e7elik kap\u0131 yap\u0131s\u0131<\/strong>, \u00fcst\u00fcn g\u00fcvenlik sa\u011flamak i\u00e7in tasarlanm\u0131\u015f olup, evinizi veya i\u015f yerinizi olas\u0131 tehditlere kar\u015f\u0131 y\u00fcksek seviyede korur. Bu kap\u0131, sadece g\u00fcvenlik sa\u011flamaz; ayn\u0131 zamanda d\u0131\u015f mekanlar\u0131n\u0131za \u00e7a\u011fda\u015f bir hava katmak i\u00e7in idealdir. Siyah \u00c7elik Kap\u0131 Modelleri bu a\u015famada g\u00fczel modern bir \u00e7elik kap\u0131d\u0131r.<\/p>\n<p data-start=\"569\" data-end=\"1097\">Kap\u0131n\u0131n yap\u0131s\u0131nda kullan\u0131lan <strong data-start=\"598\" data-end=\"618\">monoblok tasar\u0131m<\/strong>, tek par\u00e7a formu sayesinde dayan\u0131kl\u0131l\u0131\u011f\u0131 art\u0131r\u0131r ve olas\u0131 zorlama giri\u015flere kar\u015f\u0131 son derece diren\u00e7li bir yap\u0131 sunar. \u00c7ift kilit sistemi, ekstra bir g\u00fcvenlik katman\u0131 ekler ve h\u0131rs\u0131zl\u0131k gibi istenmeyen olaylara kar\u015f\u0131 ekstra bir savunma sa\u011flar. Bu, \u00f6zellikle g\u00fcvenlik \u00f6ncelikli b\u00f6lgelerde ya\u015fayanlar i\u00e7in b\u00fcy\u00fck bir avantajd\u0131r. Kilitlerin dayan\u0131kl\u0131 yap\u0131s\u0131, yetkisiz ki\u015filerin kap\u0131y\u0131 a\u00e7mas\u0131n\u0131 zorla\u015ft\u0131r\u0131rken, kullan\u0131c\u0131 dostu \u00e7ekme kolu tasar\u0131m\u0131 ise g\u00fcnl\u00fck kullan\u0131mda rahatl\u0131k sunar.<\/p>\n<p data-start=\"1099\" data-end=\"1553\"><strong data-start=\"1099\" data-end=\"1130\">Alt\u0131n rengi parlak \u015feritler<\/strong> ile s\u00fcslenen bu kap\u0131, sadece i\u015flevsel de\u011fil, ayn\u0131 zamanda g\u00f6rsel olarak da dikkat \u00e7ekici bir tasar\u0131m sunuyor. Alt\u0131n detaylar, kap\u0131n\u0131n sade ve modern yap\u0131s\u0131n\u0131 tamamlar ve ona zarif bir hava katar. Siyah \u00e7elik kap\u0131, parlak y\u00fczeyiyle \u015f\u0131kl\u0131\u011f\u0131 temsil ederken, krem detaylar ise kap\u0131y\u0131 daha sofistike bir hale getiriyor. Bu iki rengin birle\u015fimi, hem klasik hem de modern tasar\u0131m anlay\u0131\u015flar\u0131n\u0131 harmanlayan bir sonu\u00e7 ortaya koyar.<\/p>\n<p data-start=\"1555\" data-end=\"2076\"><strong data-start=\"1555\" data-end=\"1577\">G\u00fcvenlik a\u00e7\u0131s\u0131ndan<\/strong> kap\u0131, d\u0131\u015f mekanlarda uzun y\u0131llar boyunca kullan\u0131labilecek dayan\u0131kl\u0131l\u0131\u011fa sahip malzemelerden \u00fcretilmi\u015ftir. \u00c7elik kap\u0131, k\u00f6t\u00fc hava ko\u015fullar\u0131na, UV \u0131\u015f\u0131nlar\u0131na ve nem gibi d\u0131\u015f etkenlere kar\u015f\u0131 son derece diren\u00e7lidir. Parlak siyah y\u00fczeyi, g\u00fcne\u015f \u0131\u015f\u0131\u011f\u0131ndan etkilenmeden renk b\u00fct\u00fcnl\u00fc\u011f\u00fcn\u00fc korur. Ayr\u0131ca, monoblok yap\u0131s\u0131 sayesinde, kap\u0131 dayan\u0131kl\u0131l\u0131k a\u00e7\u0131s\u0131ndan da \u00fcst seviyede performans g\u00f6sterir. Bu \u00f6zellik, kap\u0131y\u0131 yaln\u0131zca \u015f\u0131k ve estetik de\u011fil, ayn\u0131 zamanda uzun \u00f6m\u00fcrl\u00fc ve g\u00fcvenli bir se\u00e7enek haline getirir.<\/p>\n<p data-start=\"2078\" data-end=\"2557\"><strong data-start=\"2078\" data-end=\"2104\">Sade ve modern tasar\u0131m<\/strong> estetik a\u00e7\u0131dan da dikkatlice d\u00fc\u015f\u00fcn\u00fclm\u00fc\u015f bir detayd\u0131r. Hem evler hem de ticari alanlar i\u00e7in m\u00fckemmel uyum sa\u011flayacak \u015fekilde tasarlanm\u0131\u015f bu kap\u0131, her t\u00fcrl\u00fc d\u0131\u015f mekan dekorasyonuna kolayca entegre edilebilir. Kap\u0131n\u0131n minimalist \u00e7izgileri, zamans\u0131z bir \u015f\u0131kl\u0131k sunar ve herhangi bir d\u0131\u015f mekan\u0131n karakterine zarif bir dokunu\u015f ekler. Hem g\u00fcvenlik hem de g\u00f6rsellik a\u00e7\u0131s\u0131ndan m\u00fckemmel bir denge sa\u011flayan bu model, d\u0131\u015f mekanlar\u0131n\u0131za sofistike bir g\u00f6r\u00fcn\u00fcm katar.<\/p>\n<p data-start=\"2559\" data-end=\"2938\">Kap\u0131, <strong data-start=\"2565\" data-end=\"2584\">y\u00fcksek g\u00fcvenlik<\/strong> arayanlar i\u00e7in ideal bir se\u00e7imdir. Hem g\u00fcvenli\u011fi \u00f6n planda tutmak isteyen kullan\u0131c\u0131lar hem de modern ve \u015f\u0131k bir g\u00f6r\u00fcn\u00fcm isteyenler i\u00e7in harika bir \u00e7\u00f6z\u00fcm sunar. \u0130\u00e7 mekanlar\u0131n\u0131zda oldu\u011fu kadar d\u0131\u015f mekanlar\u0131n\u0131zda da kullanabilece\u011finiz bu kap\u0131, zarif ve \u015f\u0131k yap\u0131s\u0131 ile t\u00fcm dikkatleri \u00fczerine \u00e7ekerken, sundu\u011fu g\u00fcvenlik ile de huzur i\u00e7inde bir ya\u015fam sa\u011flar.<\/p>\n<p data-start=\"2940\" data-end=\"3278\" data-is-last-node=\"\" data-is-only-node=\"\">Sonu\u00e7 olarak, <strong data-start=\"2954\" data-end=\"3011\">parlak siyah ve krem \u00e7ift kilitli monoblok \u00e7elik kap\u0131<\/strong>, sadece bir kap\u0131 de\u011fil, evinizin veya i\u015f yerinizin g\u00fcvenli\u011fini en \u00fcst d\u00fczeye \u00e7\u0131karan, ayn\u0131 zamanda d\u0131\u015f mekanlar\u0131n\u0131za estetik bir dokunu\u015f ekleyen bir tasar\u0131md\u0131r. Hem g\u00fcvenli\u011fi hem de g\u00f6rselli\u011fi bir arada arayan herkes i\u00e7in m\u00fckemmel bir se\u00e7enek olarak \u00f6ne \u00e7\u0131kmaktad\u0131r.<\/p>\n<\/div>\n<\/div>\n<\/div>\n<\/div>\n<div class=\"z-0 flex min-h-[46px] justify-start\"><\/div>\n<\/div>\n<\/div>\n<\/article>\n<\/div>\n<div class=\"pointer-events-none h-px w-px absolute bottom-0\" aria-hidden=\"true\" data-edge=\"true\"><\/div>\n","protected":false},"excerpt":{"rendered":"<p>\u00c7elik Kap\u0131 Modeli: Parlak Siyah ve Krem \u00c7ift Kilitli Monoblok Kap\u0131 &#8211; G\u00fcvenlik ve Esteti\u011fin M\u00fckemmel Uyumu Yeni parlak siyah siyah ve krem renklerin zarif uyumunu yans\u0131tan \u00e7elik kap\u0131 modelimiz, modern tasar\u0131m\u0131 ve \u015f\u0131k detaylar\u0131 ile hem estetik hem de g\u00fcvenlik a\u00e7\u0131s\u0131ndan m\u00fckemmel bir se\u00e7enek sunuyor. \u00c7ift kilitli monoblok \u00e7elik kap\u0131 yap\u0131s\u0131, \u00fcst\u00fcn g\u00fcvenlik sa\u011flamak<\/p>\n","protected":false},"featured_media":9057,"template":"","meta":{"_bbp_topic_count":0,"_bbp_reply_count":0,"_bbp_total_topic_count":0,"_bbp_total_reply_count":0,"_bbp_voice_count":0,"_bbp_anonymous_reply_count":0,"_bbp_topic_count_hidden":0,"_bbp_reply_count_hidden":0,"_bbp_forum_subforum_count":0},"product_brand":[],"product_cat":[799],"product_tag":[],"class_list":{"0":"post-10298","1":"product","2":"type-product","3":"status-publish","4":"has-post-thumbnail","6":"product_cat-portes-en-acier-supplementaires","8":"first","9":"instock","10":"shipping-taxable","11":"product-type-simple","12":"prodpage-classic"},"yoast_head":"<!-- This site is optimized with the Yoast SEO Premium plugin v26.6 (Yoast SEO v27.4) - https:\/\/yoast.com\/product\/yoast-seo-premium-wordpress\/ -->\n<title>Siyah \u00c7elik Kap\u0131 Modelleri - \u0130\u00e7 Oda Kap\u0131lar\u0131 - \u00c7elik kap\u0131 modelleri - apartman kap\u0131lar\u0131<\/title>\n<meta name=\"robots\" content=\"index, follow, max-snippet:-1, max-image-preview:large, max-video-preview:-1\" \/>\n<link rel=\"canonical\" href=\"https:\/\/www.kapi.ltd\/fr\/urun\/siyah-celik-kapi-modelleri\/\" \/>\n<meta property=\"og:locale\" content=\"fr_FR\" \/>\n<meta property=\"og:type\" content=\"article\" \/>\n<meta property=\"og:title\" content=\"Siyah \u00c7elik Kap\u0131 Modelleri\" \/>\n<meta property=\"og:description\" content=\"\u00c7elik Kap\u0131 Modeli: Parlak Siyah ve Krem \u00c7ift Kilitli Monoblok Kap\u0131 &#8211; G\u00fcvenlik ve Esteti\u011fin M\u00fckemmel Uyumu Yeni parlak siyah siyah ve krem renklerin zarif uyumunu yans\u0131tan \u00e7elik kap\u0131 modelimiz, modern tasar\u0131m\u0131 ve \u015f\u0131k detaylar\u0131 ile hem estetik hem de g\u00fcvenlik a\u00e7\u0131s\u0131ndan m\u00fckemmel bir se\u00e7enek sunuyor. \u00c7ift kilitli monoblok \u00e7elik kap\u0131 yap\u0131s\u0131, \u00fcst\u00fcn g\u00fcvenlik sa\u011flamak\" \/>\n<meta property=\"og:url\" content=\"https:\/\/www.kapi.ltd\/fr\/urun\/siyah-celik-kapi-modelleri\/\" \/>\n<meta property=\"og:site_name\" content=\"\u0130\u00e7 Oda Kap\u0131lar\u0131 - \u00c7elik kap\u0131 modelleri - apartman kap\u0131lar\u0131\" \/>\n<meta property=\"article:modified_time\" content=\"2026-03-14T12:08:20+00:00\" \/>\n<meta name=\"twitter:card\" content=\"summary_large_image\" \/>\n<meta name=\"twitter:label1\" content=\"Dur\u00e9e de lecture estim\u00e9e\" \/>\n\t<meta name=\"twitter:data1\" content=\"3 minutes\" \/>\n<script type=\"application\/ld+json\" class=\"yoast-schema-graph\">{\"@context\":\"https:\\\/\\\/schema.org\",\"@graph\":[{\"@type\":\"WebPage\",\"@id\":\"https:\\\/\\\/www.kapi.ltd\\\/fr\\\/urun\\\/siyah-celik-kapi-modelleri\\\/\",\"url\":\"https:\\\/\\\/www.kapi.ltd\\\/fr\\\/urun\\\/siyah-celik-kapi-modelleri\\\/\",\"name\":\"Siyah \u00c7elik Kap\u0131 Modelleri - \u0130\u00e7 Oda Kap\u0131lar\u0131 - \u00c7elik kap\u0131 modelleri - apartman kap\u0131lar\u0131\",\"isPartOf\":{\"@id\":\"https:\\\/\\\/www.kapi.ltd\\\/fr\\\/#website\"},\"primaryImageOfPage\":{\"@id\":\"https:\\\/\\\/www.kapi.ltd\\\/fr\\\/urun\\\/siyah-celik-kapi-modelleri\\\/#primaryimage\"},\"image\":{\"@id\":\"https:\\\/\\\/www.kapi.ltd\\\/fr\\\/urun\\\/siyah-celik-kapi-modelleri\\\/#primaryimage\"},\"thumbnailUrl\":\"https:\\\/\\\/www.kapi.ltd\\\/wp-content\\\/uploads\\\/2025\\\/10\\\/celik-kapi-modelleri7.webp\",\"datePublished\":\"2025-10-18T10:36:58+00:00\",\"dateModified\":\"2026-03-14T12:08:20+00:00\",\"breadcrumb\":{\"@id\":\"https:\\\/\\\/www.kapi.ltd\\\/fr\\\/urun\\\/siyah-celik-kapi-modelleri\\\/#breadcrumb\"},\"inLanguage\":\"fr-FR\",\"potentialAction\":[{\"@type\":\"ReadAction\",\"target\":[\"https:\\\/\\\/www.kapi.ltd\\\/fr\\\/urun\\\/siyah-celik-kapi-modelleri\\\/\"]}]},{\"@type\":\"ImageObject\",\"inLanguage\":\"fr-FR\",\"@id\":\"https:\\\/\\\/www.kapi.ltd\\\/fr\\\/urun\\\/siyah-celik-kapi-modelleri\\\/#primaryimage\",\"url\":\"https:\\\/\\\/www.kapi.ltd\\\/wp-content\\\/uploads\\\/2025\\\/10\\\/celik-kapi-modelleri7.webp\",\"contentUrl\":\"https:\\\/\\\/www.kapi.ltd\\\/wp-content\\\/uploads\\\/2025\\\/10\\\/celik-kapi-modelleri7.webp\",\"width\":324,\"height\":433},{\"@type\":\"BreadcrumbList\",\"@id\":\"https:\\\/\\\/www.kapi.ltd\\\/fr\\\/urun\\\/siyah-celik-kapi-modelleri\\\/#breadcrumb\",\"itemListElement\":[{\"@type\":\"ListItem\",\"position\":1,\"name\":\"Anasayfa\",\"item\":\"https:\\\/\\\/www.kapi.ltd\\\/fr\\\/\"},{\"@type\":\"ListItem\",\"position\":2,\"name\":\"ic-kapi-celik-kapi-modelleri\",\"item\":\"https:\\\/\\\/www.kapi.ltd\\\/?page_id=4263\"},{\"@type\":\"ListItem\",\"position\":3,\"name\":\"Siyah \u00c7elik Kap\u0131 Modelleri\"}]},{\"@type\":\"WebSite\",\"@id\":\"https:\\\/\\\/www.kapi.ltd\\\/fr\\\/#website\",\"url\":\"https:\\\/\\\/www.kapi.ltd\\\/fr\\\/\",\"name\":\"\u0130\u00e7 Kap\u0131 Ve \u00c7elik Kap\u0131 Modelleri\",\"description\":\"T\u00fcrkiye Kap\u0131 Modelleri Merkezi\",\"potentialAction\":[{\"@type\":\"SearchAction\",\"target\":{\"@type\":\"EntryPoint\",\"urlTemplate\":\"https:\\\/\\\/www.kapi.ltd\\\/fr\\\/?s={search_term_string}\"},\"query-input\":{\"@type\":\"PropertyValueSpecification\",\"valueRequired\":true,\"valueName\":\"search_term_string\"}}],\"inLanguage\":\"fr-FR\"}]}<\/script>\n<!-- \/ Yoast SEO Premium plugin. -->","yoast_head_json":{"title":"Siyah \u00c7elik Kap\u0131 Modelleri - \u0130\u00e7 Oda Kap\u0131lar\u0131 - \u00c7elik kap\u0131 modelleri - apartman kap\u0131lar\u0131","robots":{"index":"index","follow":"follow","max-snippet":"max-snippet:-1","max-image-preview":"max-image-preview:large","max-video-preview":"max-video-preview:-1"},"canonical":"https:\/\/www.kapi.ltd\/fr\/urun\/siyah-celik-kapi-modelleri\/","og_locale":"fr_FR","og_type":"article","og_title":"Siyah \u00c7elik Kap\u0131 Modelleri","og_description":"\u00c7elik Kap\u0131 Modeli: Parlak Siyah ve Krem \u00c7ift Kilitli Monoblok Kap\u0131 &#8211; G\u00fcvenlik ve Esteti\u011fin M\u00fckemmel Uyumu Yeni parlak siyah siyah ve krem renklerin zarif uyumunu yans\u0131tan \u00e7elik kap\u0131 modelimiz, modern tasar\u0131m\u0131 ve \u015f\u0131k detaylar\u0131 ile hem estetik hem de g\u00fcvenlik a\u00e7\u0131s\u0131ndan m\u00fckemmel bir se\u00e7enek sunuyor. \u00c7ift kilitli monoblok \u00e7elik kap\u0131 yap\u0131s\u0131, \u00fcst\u00fcn g\u00fcvenlik sa\u011flamak","og_url":"https:\/\/www.kapi.ltd\/fr\/urun\/siyah-celik-kapi-modelleri\/","og_site_name":"\u0130\u00e7 Oda Kap\u0131lar\u0131 - \u00c7elik kap\u0131 modelleri - apartman kap\u0131lar\u0131","article_modified_time":"2026-03-14T12:08:20+00:00","twitter_card":"summary_large_image","twitter_misc":{"Dur\u00e9e de lecture estim\u00e9e":"3 minutes"},"schema":{"@context":"https:\/\/schema.org","@graph":[{"@type":"WebPage","@id":"https:\/\/www.kapi.ltd\/fr\/urun\/siyah-celik-kapi-modelleri\/","url":"https:\/\/www.kapi.ltd\/fr\/urun\/siyah-celik-kapi-modelleri\/","name":"Siyah \u00c7elik Kap\u0131 Modelleri - \u0130\u00e7 Oda Kap\u0131lar\u0131 - \u00c7elik kap\u0131 modelleri - apartman kap\u0131lar\u0131","isPartOf":{"@id":"https:\/\/www.kapi.ltd\/fr\/#website"},"primaryImageOfPage":{"@id":"https:\/\/www.kapi.ltd\/fr\/urun\/siyah-celik-kapi-modelleri\/#primaryimage"},"image":{"@id":"https:\/\/www.kapi.ltd\/fr\/urun\/siyah-celik-kapi-modelleri\/#primaryimage"},"thumbnailUrl":"https:\/\/www.kapi.ltd\/wp-content\/uploads\/2025\/10\/celik-kapi-modelleri7.webp","datePublished":"2025-10-18T10:36:58+00:00","dateModified":"2026-03-14T12:08:20+00:00","breadcrumb":{"@id":"https:\/\/www.kapi.ltd\/fr\/urun\/siyah-celik-kapi-modelleri\/#breadcrumb"},"inLanguage":"fr-FR","potentialAction":[{"@type":"ReadAction","target":["https:\/\/www.kapi.ltd\/fr\/urun\/siyah-celik-kapi-modelleri\/"]}]},{"@type":"ImageObject","inLanguage":"fr-FR","@id":"https:\/\/www.kapi.ltd\/fr\/urun\/siyah-celik-kapi-modelleri\/#primaryimage","url":"https:\/\/www.kapi.ltd\/wp-content\/uploads\/2025\/10\/celik-kapi-modelleri7.webp","contentUrl":"https:\/\/www.kapi.ltd\/wp-content\/uploads\/2025\/10\/celik-kapi-modelleri7.webp","width":324,"height":433},{"@type":"BreadcrumbList","@id":"https:\/\/www.kapi.ltd\/fr\/urun\/siyah-celik-kapi-modelleri\/#breadcrumb","itemListElement":[{"@type":"ListItem","position":1,"name":"Anasayfa","item":"https:\/\/www.kapi.ltd\/fr\/"},{"@type":"ListItem","position":2,"name":"ic-kapi-celik-kapi-modelleri","item":"https:\/\/www.kapi.ltd\/?page_id=4263"},{"@type":"ListItem","position":3,"name":"Siyah \u00c7elik Kap\u0131 Modelleri"}]},{"@type":"WebSite","@id":"https:\/\/www.kapi.ltd\/fr\/#website","url":"https:\/\/www.kapi.ltd\/fr\/","name":"\u0130\u00e7 Kap\u0131 Ve \u00c7elik Kap\u0131 Modelleri","description":"T\u00fcrkiye Kap\u0131 Modelleri Merkezi","potentialAction":[{"@type":"SearchAction","target":{"@type":"EntryPoint","urlTemplate":"https:\/\/www.kapi.ltd\/fr\/?s={search_term_string}"},"query-input":{"@type":"PropertyValueSpecification","valueRequired":true,"valueName":"search_term_string"}}],"inLanguage":"fr-FR"}]}},"_links":{"self":[{"href":"https:\/\/www.kapi.ltd\/fr\/wp-json\/wp\/v2\/product\/10298","targetHints":{"allow":["GET"]}}],"collection":[{"href":"https:\/\/www.kapi.ltd\/fr\/wp-json\/wp\/v2\/product"}],"about":[{"href":"https:\/\/www.kapi.ltd\/fr\/wp-json\/wp\/v2\/types\/product"}],"version-history":[{"count":0,"href":"https:\/\/www.kapi.ltd\/fr\/wp-json\/wp\/v2\/product\/10298\/revisions"}],"wp:featuredmedia":[{"embeddable":true,"href":"https:\/\/www.kapi.ltd\/fr\/wp-json\/wp\/v2\/media\/9057"}],"wp:attachment":[{"href":"https:\/\/www.kapi.ltd\/fr\/wp-json\/wp\/v2\/media?parent=10298"}],"wp:term":[{"taxonomy":"product_brand","embeddable":true,"href":"https:\/\/www.kapi.ltd\/fr\/wp-json\/wp\/v2\/product_brand?post=10298"},{"taxonomy":"product_cat","embeddable":true,"href":"https:\/\/www.kapi.ltd\/fr\/wp-json\/wp\/v2\/product_cat?post=10298"},{"taxonomy":"product_tag","embeddable":true,"href":"https:\/\/www.kapi.ltd\/fr\/wp-json\/wp\/v2\/product_tag?post=10298"}],"curies":[{"name":"wp","href":"https:\/\/api.w.org\/{rel}","templated":true}]}}