{"id":10146,"date":"2026-03-01T00:55:22","date_gmt":"2026-02-28T21:55:22","guid":{"rendered":"https:\/\/www.kapi.ltd\/urun\/wpc-kapi-turleri\/"},"modified":"2026-03-23T17:00:09","modified_gmt":"2026-03-23T14:00:09","slug":"types-de-portes-en-wpc","status":"publish","type":"product","link":"https:\/\/www.kapi.ltd\/fr\/urun\/types-de-portes-en-wpc\/","title":{"rendered":"Types de portes en WPC"},"content":{"rendered":"<div class=\"relative basis-auto flex-col -mb-(--composer-overlap-px) [--composer-overlap-px:28px] grow flex\">\n<div class=\"flex flex-col text-sm pb-25\">\n<article class=\"text-token-text-primary w-full focus:outline-none [--shadow-height:45px] has-data-writing-block:pointer-events-none has-data-writing-block:-mt-(--shadow-height) has-data-writing-block:pt-(--shadow-height) [&amp;:has([data-writing-block])&gt;*]:pointer-events-auto scroll-mt-[calc(var(--header-height)+min(200px,max(70px,20svh)))]\" dir=\"auto\" tabindex=\"-1\" data-turn-id=\"request-WEB:2b9e6435-ceff-4ba4-bf60-66abfd099f94-4\" data-testid=\"conversation-turn-6\" data-scroll-anchor=\"true\" data-turn=\"assistant\">\n<div class=\"text-base my-auto mx-auto pb-10 [--thread-content-margin:--spacing(4)] @w-sm\/main:[--thread-content-margin:--spacing(6)] @w-lg\/main:[--thread-content-margin:--spacing(16)] px-(--thread-content-margin)\">\n<div class=\"[--thread-content-max-width:40rem] @w-lg\/main:[--thread-content-max-width:48rem] mx-auto max-w-(--thread-content-max-width) flex-1 group\/turn-messages focus-visible:outline-hidden relative flex w-full min-w-0 flex-col agent-turn\" tabindex=\"-1\">\n<div class=\"flex max-w-full flex-col grow\">\n<div class=\"min-h-8 text-message relative flex w-full flex-col items-end gap-2 text-start break-words whitespace-normal [.text-message+&amp;]:mt-1\" dir=\"auto\" data-message-author-role=\"assistant\" data-message-id=\"7e3d4023-93e5-4f40-b9b4-ca2e1a7065cc\" data-message-model-slug=\"gpt-5-2\">\n<div class=\"flex w-full flex-col gap-1 empty:hidden first:pt-[1px]\">\n<div class=\"markdown prose dark:prose-invert w-full wrap-break-word light markdown-new-styling\">\n<div class=\"flex flex-col text-sm\">\n<article class=\"text-token-text-primary w-full focus:outline-none [--shadow-height:45px] has-data-writing-block:pointer-events-none has-data-writing-block:-mt-(--shadow-height) has-data-writing-block:pt-(--shadow-height) [&amp;:has([data-writing-block])&gt;*]:pointer-events-auto scroll-mt-[calc(var(--header-height)+min(200px,max(70px,20svh)))]\" dir=\"auto\" tabindex=\"-1\" data-turn-id=\"request-WEB:cd5deb19-94c9-483e-9ebf-bd612e199c7a-4\" data-testid=\"conversation-turn-10\" data-scroll-anchor=\"true\" data-turn=\"assistant\">\n<div class=\"text-base my-auto mx-auto pb-10 [--thread-content-margin:--spacing(4)] @w-sm\/main:[--thread-content-margin:--spacing(6)] @w-lg\/main:[--thread-content-margin:--spacing(16)] px-(--thread-content-margin)\">\n<div class=\"[--thread-content-max-width:40rem] @w-lg\/main:[--thread-content-max-width:48rem] mx-auto max-w-(--thread-content-max-width) flex-1 group\/turn-messages focus-visible:outline-hidden relative flex w-full min-w-0 flex-col agent-turn\" tabindex=\"-1\">\n<div class=\"flex max-w-full flex-col grow\">\n<div class=\"min-h-8 text-message relative flex w-full flex-col items-end gap-2 text-start break-words whitespace-normal [.text-message+&amp;]:mt-1\" dir=\"auto\" data-message-author-role=\"assistant\" data-message-id=\"b96b74e1-3daa-4b7d-9619-2887dd84cbb3\" data-message-model-slug=\"gpt-5-2\">\n<div class=\"flex w-full flex-col gap-1 empty:hidden first:pt-[1px]\">\n<div class=\"markdown prose dark:prose-invert w-full wrap-break-word light markdown-new-styling\">\n<div class=\"flex h-svh w-screen flex-col\">\n<div class=\"relative z-0 flex min-h-0 w-full flex-1\">\n<div class=\"relative flex min-h-0 w-full flex-1\">\n<div class=\"@container\/main relative flex min-w-0 flex-1 flex-col -translate-y-[calc(env(safe-area-inset-bottom,0px)\/2)] pt-[calc(env(safe-area-inset-bottom,0px)\/2)]\">\n<div class=\"@w-sm\/main:[scrollbar-gutter:stable_both-edges] touch:[scrollbar-width:none] relative flex min-h-0 min-w-0 flex-1 flex-col [scrollbar-gutter:stable] not-print:overflow-x-clip not-print:overflow-y-auto scroll-pt-(--header-height) [--sticky-padding-top:var(--header-height)] has-data-[fixed-header=less-than-xl]:@w-xl\/main:scroll-pt-0 has-data-[fixed-header=less-than-xl]:@w-xl\/main:[--sticky-padding-top:0px] has-data-[fixed-header=less-than-xxl]:@w-2xl\/main:scroll-pt-0 has-data-[fixed-header=less-than-xxl]:@w-2xl\/main:[--sticky-padding-top:0px]\" data-scroll-root=\"\">\n<h3>Types de portes WPC : des solutions id\u00e9ales pour les espaces int\u00e9rieurs et ext\u00e9rieurs<\/h3>\n<p class=\"first:mt-1.5!\"><strong>Introduction : o\u00f9 utilise-t-on les portes WPC ?<\/strong><\/p>\n<p class=\"first:mt-1.5!\">Les <strong>portes WPC<\/strong> ont un large champ d\u2019application, des espaces int\u00e9rieurs aux espaces ext\u00e9rieurs. Fabriqu\u00e9es \u00e0 partir d\u2019un composite de bois et de plastique, ces portes s\u2019adaptent \u00e0 tous types d\u2019environnements gr\u00e2ce \u00e0 leur durabilit\u00e9 et \u00e0 leur esth\u00e9tique. Id\u00e9ales aussi bien pour les habitations que pour les espaces commerciaux, les portes WPC r\u00e9pondent \u00e0 tous les besoins gr\u00e2ce \u00e0 leurs diff\u00e9rentes couleurs et conceptions.<\/p>\n<p class=\"first:mt-1.5!\"><strong>Utilisation des portes WPC \u00e0 l\u2019ext\u00e9rieur<\/strong><\/p>\n<p class=\"first:mt-1.5!\">Les portes WPC se distinguent particuli\u00e8rement en ext\u00e9rieur gr\u00e2ce \u00e0 leur r\u00e9sistance aux conditions climatiques. Gr\u00e2ce \u00e0 leur structure <strong>imperm\u00e9able<\/strong> et <strong>r\u00e9sistante aux termites<\/strong>, elles peuvent \u00eatre utilis\u00e9es durablement en ext\u00e9rieur. Elles constituent un excellent choix pour les <strong>portes de jardin<\/strong>, <strong>portes de balcon<\/strong> ou <strong>portes d\u2019entr\u00e9e ext\u00e9rieures<\/strong>. De plus, gr\u00e2ce \u00e0 leurs propri\u00e9t\u00e9s d\u2019<strong>isolation thermique<\/strong>, elles emp\u00eachent la chaleur int\u00e9rieure de s\u2019\u00e9chapper en hiver, ce qui am\u00e9liore l\u2019efficacit\u00e9 \u00e9nerg\u00e9tique.<\/p>\n<p class=\"first:mt-1.5!\"><strong>Utilisation des portes WPC \u00e0 l\u2019int\u00e9rieur<\/strong><\/p>\n<p class=\"first:mt-1.5!\">En int\u00e9rieur, les portes WPC offrent de grands avantages, notamment dans les zones \u00e0 forte circulation. Les <strong>portes int\u00e9rieures WPC<\/strong> r\u00e9sistent aux rayures, aux chocs et \u00e0 l\u2019usure. Elles peuvent \u00eatre utilis\u00e9es dans les bureaux, restaurants, h\u00f4tels et autres espaces commerciaux. Gr\u00e2ce \u00e0 leur surface durable, elles conservent leur esth\u00e9tique pendant de nombreuses ann\u00e9es.<\/p>\n<p class=\"first:mt-1.5!\"><strong>Diverses options de couleurs et de design<\/strong><\/p>\n<p class=\"first:mt-1.5!\">Les portes WPC attirent l\u2019attention non seulement par leur durabilit\u00e9, mais aussi par leur design \u00e9l\u00e9gant. Elles offrent un large \u00e9ventail allant de l\u2019aspect bois naturel aux couleurs audacieuses. Ces portes s\u2019harmonisent avec la d\u00e9coration de tout espace et apportent une touche moderne \u00e0 l\u2019environnement. Gr\u00e2ce \u00e0 leurs diff\u00e9rents styles et coloris adapt\u00e9s \u00e0 un usage int\u00e9rieur et ext\u00e9rieur, elles proposent des solutions pour tous les besoins.<\/p>\n<\/div>\n<\/div>\n<\/div>\n<\/div>\n<\/div>\n<\/div>\n<\/div>\n<\/div>\n<\/div>\n<\/div>\n<\/div>\n<\/article>\n<\/div>\n<\/div>\n<\/div>\n<\/div>\n<\/div>\n<\/div>\n<\/div>\n<\/article>\n<\/div>\n<\/div>\n","protected":false},"excerpt":{"rendered":"<p>Types de portes WPC : des solutions id\u00e9ales pour les espaces int\u00e9rieurs et ext\u00e9rieurs Introduction : o\u00f9 utilise-t-on les portes WPC ? Les portes WPC ont un large champ d\u2019application, des espaces int\u00e9rieurs aux espaces ext\u00e9rieurs. Fabriqu\u00e9es \u00e0 partir d\u2019un composite de bois et de plastique, ces portes s\u2019adaptent \u00e0 tous types d\u2019environnements gr\u00e2ce \u00e0<\/p>\n","protected":false},"featured_media":10147,"template":"","meta":{"_bbp_topic_count":0,"_bbp_reply_count":0,"_bbp_total_topic_count":0,"_bbp_total_reply_count":0,"_bbp_voice_count":0,"_bbp_anonymous_reply_count":0,"_bbp_topic_count_hidden":0,"_bbp_reply_count_hidden":0,"_bbp_forum_subforum_count":0},"product_brand":[],"product_cat":[1053],"product_tag":[],"class_list":{"0":"post-10146","1":"product","2":"type-product","3":"status-publish","4":"has-post-thumbnail","6":"product_cat-porte-composite","8":"first","9":"instock","10":"shipping-taxable","11":"product-type-simple","12":"prodpage-classic"},"yoast_head":"<!-- This site is optimized with the Yoast SEO Premium plugin v26.6 (Yoast SEO v27.3) - https:\/\/yoast.com\/product\/yoast-seo-premium-wordpress\/ -->\n<title>Alliez esth\u00e9tique et durabilit\u00e9 avec les portes en WPC<\/title>\n<meta name=\"description\" content=\"Les portes en WPC, gr\u00e2ce \u00e0 leur large choix de couleurs et \u00e0 leur excellente r\u00e9sistance, constituent la solution id\u00e9ale pour embellir les int\u00e9rieurs.\" \/>\n<meta name=\"robots\" content=\"index, follow, max-snippet:-1, max-image-preview:large, max-video-preview:-1\" \/>\n<link rel=\"canonical\" href=\"https:\/\/www.kapi.ltd\/fr\/urun\/types-de-portes-en-wpc\/\" \/>\n<meta property=\"og:locale\" content=\"fr_FR\" \/>\n<meta property=\"og:type\" content=\"article\" \/>\n<meta property=\"og:title\" content=\"Types de portes en WPC\" \/>\n<meta property=\"og:description\" content=\"Les portes en WPC, gr\u00e2ce \u00e0 leur large choix de couleurs et \u00e0 leur excellente r\u00e9sistance, constituent la solution id\u00e9ale pour embellir les int\u00e9rieurs.\" \/>\n<meta property=\"og:url\" content=\"https:\/\/www.kapi.ltd\/fr\/urun\/types-de-portes-en-wpc\/\" \/>\n<meta property=\"og:site_name\" content=\"\u0130\u00e7 Oda Kap\u0131lar\u0131 - \u00c7elik kap\u0131 modelleri - apartman kap\u0131lar\u0131\" \/>\n<meta property=\"article:modified_time\" content=\"2026-03-23T14:00:09+00:00\" \/>\n<meta property=\"og:image\" content=\"https:\/\/www.kapi.ltd\/wp-content\/uploads\/2026\/03\/wpc-kapi-turleri.webp\" \/>\n\t<meta property=\"og:image:width\" content=\"500\" \/>\n\t<meta property=\"og:image:height\" content=\"750\" \/>\n\t<meta property=\"og:image:type\" content=\"image\/webp\" \/>\n<meta name=\"twitter:card\" content=\"summary_large_image\" \/>\n<meta name=\"twitter:label1\" content=\"Dur\u00e9e de lecture estim\u00e9e\" \/>\n\t<meta name=\"twitter:data1\" content=\"3 minutes\" \/>\n<script type=\"application\/ld+json\" class=\"yoast-schema-graph\">{\"@context\":\"https:\\\/\\\/schema.org\",\"@graph\":[{\"@type\":\"WebPage\",\"@id\":\"https:\\\/\\\/www.kapi.ltd\\\/fr\\\/urun\\\/types-de-portes-en-wpc\\\/\",\"url\":\"https:\\\/\\\/www.kapi.ltd\\\/fr\\\/urun\\\/types-de-portes-en-wpc\\\/\",\"name\":\"Alliez esth\u00e9tique et durabilit\u00e9 avec les portes en WPC\",\"isPartOf\":{\"@id\":\"https:\\\/\\\/www.kapi.ltd\\\/fr\\\/#website\"},\"primaryImageOfPage\":{\"@id\":\"https:\\\/\\\/www.kapi.ltd\\\/fr\\\/urun\\\/types-de-portes-en-wpc\\\/#primaryimage\"},\"image\":{\"@id\":\"https:\\\/\\\/www.kapi.ltd\\\/fr\\\/urun\\\/types-de-portes-en-wpc\\\/#primaryimage\"},\"thumbnailUrl\":\"https:\\\/\\\/www.kapi.ltd\\\/wp-content\\\/uploads\\\/2026\\\/03\\\/wpc-kapi-turleri.webp\",\"datePublished\":\"2026-02-28T21:55:22+00:00\",\"dateModified\":\"2026-03-23T14:00:09+00:00\",\"description\":\"Les portes en WPC, gr\u00e2ce \u00e0 leur large choix de couleurs et \u00e0 leur excellente r\u00e9sistance, constituent la solution id\u00e9ale pour embellir les int\u00e9rieurs.\",\"breadcrumb\":{\"@id\":\"https:\\\/\\\/www.kapi.ltd\\\/fr\\\/urun\\\/types-de-portes-en-wpc\\\/#breadcrumb\"},\"inLanguage\":\"fr-FR\",\"potentialAction\":[{\"@type\":\"ReadAction\",\"target\":[\"https:\\\/\\\/www.kapi.ltd\\\/fr\\\/urun\\\/types-de-portes-en-wpc\\\/\"]}]},{\"@type\":\"ImageObject\",\"inLanguage\":\"fr-FR\",\"@id\":\"https:\\\/\\\/www.kapi.ltd\\\/fr\\\/urun\\\/types-de-portes-en-wpc\\\/#primaryimage\",\"url\":\"https:\\\/\\\/www.kapi.ltd\\\/wp-content\\\/uploads\\\/2026\\\/03\\\/wpc-kapi-turleri.webp\",\"contentUrl\":\"https:\\\/\\\/www.kapi.ltd\\\/wp-content\\\/uploads\\\/2026\\\/03\\\/wpc-kapi-turleri.webp\",\"width\":500,\"height\":750,\"caption\":\"wpc kap\u0131 t\u00fcrleri\"},{\"@type\":\"BreadcrumbList\",\"@id\":\"https:\\\/\\\/www.kapi.ltd\\\/fr\\\/urun\\\/types-de-portes-en-wpc\\\/#breadcrumb\",\"itemListElement\":[{\"@type\":\"ListItem\",\"position\":1,\"name\":\"Anasayfa\",\"item\":\"https:\\\/\\\/www.kapi.ltd\\\/fr\\\/\"},{\"@type\":\"ListItem\",\"position\":2,\"name\":\"ic-kapi-celik-kapi-modelleri\",\"item\":\"https:\\\/\\\/www.kapi.ltd\\\/?page_id=4263\"},{\"@type\":\"ListItem\",\"position\":3,\"name\":\"Types de portes en WPC\"}]},{\"@type\":\"WebSite\",\"@id\":\"https:\\\/\\\/www.kapi.ltd\\\/fr\\\/#website\",\"url\":\"https:\\\/\\\/www.kapi.ltd\\\/fr\\\/\",\"name\":\"\u0130\u00e7 Kap\u0131 Ve \u00c7elik Kap\u0131 Modelleri\",\"description\":\"T\u00fcrkiye Kap\u0131 Modelleri Merkezi\",\"potentialAction\":[{\"@type\":\"SearchAction\",\"target\":{\"@type\":\"EntryPoint\",\"urlTemplate\":\"https:\\\/\\\/www.kapi.ltd\\\/fr\\\/?s={search_term_string}\"},\"query-input\":{\"@type\":\"PropertyValueSpecification\",\"valueRequired\":true,\"valueName\":\"search_term_string\"}}],\"inLanguage\":\"fr-FR\"}]}<\/script>\n<!-- \/ Yoast SEO Premium plugin. -->","yoast_head_json":{"title":"Alliez esth\u00e9tique et durabilit\u00e9 avec les portes en WPC","description":"Les portes en WPC, gr\u00e2ce \u00e0 leur large choix de couleurs et \u00e0 leur excellente r\u00e9sistance, constituent la solution id\u00e9ale pour embellir les int\u00e9rieurs.","robots":{"index":"index","follow":"follow","max-snippet":"max-snippet:-1","max-image-preview":"max-image-preview:large","max-video-preview":"max-video-preview:-1"},"canonical":"https:\/\/www.kapi.ltd\/fr\/urun\/types-de-portes-en-wpc\/","og_locale":"fr_FR","og_type":"article","og_title":"Types de portes en WPC","og_description":"Les portes en WPC, gr\u00e2ce \u00e0 leur large choix de couleurs et \u00e0 leur excellente r\u00e9sistance, constituent la solution id\u00e9ale pour embellir les int\u00e9rieurs.","og_url":"https:\/\/www.kapi.ltd\/fr\/urun\/types-de-portes-en-wpc\/","og_site_name":"\u0130\u00e7 Oda Kap\u0131lar\u0131 - \u00c7elik kap\u0131 modelleri - apartman kap\u0131lar\u0131","article_modified_time":"2026-03-23T14:00:09+00:00","og_image":[{"width":500,"height":750,"url":"https:\/\/www.kapi.ltd\/wp-content\/uploads\/2026\/03\/wpc-kapi-turleri.webp","type":"image\/webp"}],"twitter_card":"summary_large_image","twitter_misc":{"Dur\u00e9e de lecture estim\u00e9e":"3 minutes"},"schema":{"@context":"https:\/\/schema.org","@graph":[{"@type":"WebPage","@id":"https:\/\/www.kapi.ltd\/fr\/urun\/types-de-portes-en-wpc\/","url":"https:\/\/www.kapi.ltd\/fr\/urun\/types-de-portes-en-wpc\/","name":"Alliez esth\u00e9tique et durabilit\u00e9 avec les portes en WPC","isPartOf":{"@id":"https:\/\/www.kapi.ltd\/fr\/#website"},"primaryImageOfPage":{"@id":"https:\/\/www.kapi.ltd\/fr\/urun\/types-de-portes-en-wpc\/#primaryimage"},"image":{"@id":"https:\/\/www.kapi.ltd\/fr\/urun\/types-de-portes-en-wpc\/#primaryimage"},"thumbnailUrl":"https:\/\/www.kapi.ltd\/wp-content\/uploads\/2026\/03\/wpc-kapi-turleri.webp","datePublished":"2026-02-28T21:55:22+00:00","dateModified":"2026-03-23T14:00:09+00:00","description":"Les portes en WPC, gr\u00e2ce \u00e0 leur large choix de couleurs et \u00e0 leur excellente r\u00e9sistance, constituent la solution id\u00e9ale pour embellir les int\u00e9rieurs.","breadcrumb":{"@id":"https:\/\/www.kapi.ltd\/fr\/urun\/types-de-portes-en-wpc\/#breadcrumb"},"inLanguage":"fr-FR","potentialAction":[{"@type":"ReadAction","target":["https:\/\/www.kapi.ltd\/fr\/urun\/types-de-portes-en-wpc\/"]}]},{"@type":"ImageObject","inLanguage":"fr-FR","@id":"https:\/\/www.kapi.ltd\/fr\/urun\/types-de-portes-en-wpc\/#primaryimage","url":"https:\/\/www.kapi.ltd\/wp-content\/uploads\/2026\/03\/wpc-kapi-turleri.webp","contentUrl":"https:\/\/www.kapi.ltd\/wp-content\/uploads\/2026\/03\/wpc-kapi-turleri.webp","width":500,"height":750,"caption":"wpc kap\u0131 t\u00fcrleri"},{"@type":"BreadcrumbList","@id":"https:\/\/www.kapi.ltd\/fr\/urun\/types-de-portes-en-wpc\/#breadcrumb","itemListElement":[{"@type":"ListItem","position":1,"name":"Anasayfa","item":"https:\/\/www.kapi.ltd\/fr\/"},{"@type":"ListItem","position":2,"name":"ic-kapi-celik-kapi-modelleri","item":"https:\/\/www.kapi.ltd\/?page_id=4263"},{"@type":"ListItem","position":3,"name":"Types de portes en WPC"}]},{"@type":"WebSite","@id":"https:\/\/www.kapi.ltd\/fr\/#website","url":"https:\/\/www.kapi.ltd\/fr\/","name":"\u0130\u00e7 Kap\u0131 Ve \u00c7elik Kap\u0131 Modelleri","description":"T\u00fcrkiye Kap\u0131 Modelleri Merkezi","potentialAction":[{"@type":"SearchAction","target":{"@type":"EntryPoint","urlTemplate":"https:\/\/www.kapi.ltd\/fr\/?s={search_term_string}"},"query-input":{"@type":"PropertyValueSpecification","valueRequired":true,"valueName":"search_term_string"}}],"inLanguage":"fr-FR"}]}},"_links":{"self":[{"href":"https:\/\/www.kapi.ltd\/fr\/wp-json\/wp\/v2\/product\/10146","targetHints":{"allow":["GET"]}}],"collection":[{"href":"https:\/\/www.kapi.ltd\/fr\/wp-json\/wp\/v2\/product"}],"about":[{"href":"https:\/\/www.kapi.ltd\/fr\/wp-json\/wp\/v2\/types\/product"}],"version-history":[{"count":2,"href":"https:\/\/www.kapi.ltd\/fr\/wp-json\/wp\/v2\/product\/10146\/revisions"}],"predecessor-version":[{"id":10378,"href":"https:\/\/www.kapi.ltd\/fr\/wp-json\/wp\/v2\/product\/10146\/revisions\/10378"}],"wp:featuredmedia":[{"embeddable":true,"href":"https:\/\/www.kapi.ltd\/fr\/wp-json\/wp\/v2\/media\/10147"}],"wp:attachment":[{"href":"https:\/\/www.kapi.ltd\/fr\/wp-json\/wp\/v2\/media?parent=10146"}],"wp:term":[{"taxonomy":"product_brand","embeddable":true,"href":"https:\/\/www.kapi.ltd\/fr\/wp-json\/wp\/v2\/product_brand?post=10146"},{"taxonomy":"product_cat","embeddable":true,"href":"https:\/\/www.kapi.ltd\/fr\/wp-json\/wp\/v2\/product_cat?post=10146"},{"taxonomy":"product_tag","embeddable":true,"href":"https:\/\/www.kapi.ltd\/fr\/wp-json\/wp\/v2\/product_tag?post=10146"}],"curies":[{"name":"wp","href":"https:\/\/api.w.org\/{rel}","templated":true}]}}