{"id":10134,"date":"2026-03-01T00:53:53","date_gmt":"2026-02-28T21:53:53","guid":{"rendered":"https:\/\/www.kapi.ltd\/urun\/wpc-yatak-odasi-kapilari\/"},"modified":"2026-03-23T17:18:47","modified_gmt":"2026-03-23T14:18:47","slug":"portes-de-chambre-en-wpc","status":"publish","type":"product","link":"https:\/\/www.kapi.ltd\/fr\/urun\/portes-de-chambre-en-wpc\/","title":{"rendered":"Portes de chambre en WPC"},"content":{"rendered":"<div class=\"relative basis-auto flex-col -mb-(--composer-overlap-px) [--composer-overlap-px:28px] grow flex\">\n<div class=\"flex flex-col text-sm pb-25\">\n<article class=\"text-token-text-primary w-full focus:outline-none [--shadow-height:45px] has-data-writing-block:pointer-events-none has-data-writing-block:-mt-(--shadow-height) has-data-writing-block:pt-(--shadow-height) [&amp;:has([data-writing-block])&gt;*]:pointer-events-auto scroll-mt-[calc(var(--header-height)+min(200px,max(70px,20svh)))]\" dir=\"auto\" tabindex=\"-1\" data-turn-id=\"request-WEB:2b9e6435-ceff-4ba4-bf60-66abfd099f94-4\" data-testid=\"conversation-turn-6\" data-scroll-anchor=\"true\" data-turn=\"assistant\">\n<div class=\"text-base my-auto mx-auto pb-10 [--thread-content-margin:--spacing(4)] @w-sm\/main:[--thread-content-margin:--spacing(6)] @w-lg\/main:[--thread-content-margin:--spacing(16)] px-(--thread-content-margin)\">\n<div class=\"[--thread-content-max-width:40rem] @w-lg\/main:[--thread-content-max-width:48rem] mx-auto max-w-(--thread-content-max-width) flex-1 group\/turn-messages focus-visible:outline-hidden relative flex w-full min-w-0 flex-col agent-turn\" tabindex=\"-1\">\n<div class=\"flex max-w-full flex-col grow\">\n<div class=\"min-h-8 text-message relative flex w-full flex-col items-end gap-2 text-start break-words whitespace-normal [.text-message+&amp;]:mt-1\" dir=\"auto\" data-message-author-role=\"assistant\" data-message-id=\"7e3d4023-93e5-4f40-b9b4-ca2e1a7065cc\" data-message-model-slug=\"gpt-5-2\">\n<div class=\"flex w-full flex-col gap-1 empty:hidden first:pt-[1px]\">\n<div class=\"markdown prose dark:prose-invert w-full wrap-break-word light markdown-new-styling\">\n<div class=\"flex flex-col text-sm\">\n<article class=\"text-token-text-primary w-full focus:outline-none [--shadow-height:45px] has-data-writing-block:pointer-events-none has-data-writing-block:-mt-(--shadow-height) has-data-writing-block:pt-(--shadow-height) [&amp;:has([data-writing-block])&gt;*]:pointer-events-auto scroll-mt-[calc(var(--header-height)+min(200px,max(70px,20svh)))]\" dir=\"auto\" tabindex=\"-1\" data-turn-id=\"request-WEB:cd5deb19-94c9-483e-9ebf-bd612e199c7a-4\" data-testid=\"conversation-turn-10\" data-scroll-anchor=\"true\" data-turn=\"assistant\">\n<div class=\"text-base my-auto mx-auto pb-10 [--thread-content-margin:--spacing(4)] @w-sm\/main:[--thread-content-margin:--spacing(6)] @w-lg\/main:[--thread-content-margin:--spacing(16)] px-(--thread-content-margin)\">\n<div class=\"[--thread-content-max-width:40rem] @w-lg\/main:[--thread-content-max-width:48rem] mx-auto max-w-(--thread-content-max-width) flex-1 group\/turn-messages focus-visible:outline-hidden relative flex w-full min-w-0 flex-col agent-turn\" tabindex=\"-1\">\n<div class=\"flex max-w-full flex-col grow\">\n<div class=\"min-h-8 text-message relative flex w-full flex-col items-end gap-2 text-start break-words whitespace-normal [.text-message+&amp;]:mt-1\" dir=\"auto\" data-message-author-role=\"assistant\" data-message-id=\"b96b74e1-3daa-4b7d-9619-2887dd84cbb3\" data-message-model-slug=\"gpt-5-2\">\n<div class=\"flex w-full flex-col gap-1 empty:hidden first:pt-[1px]\">\n<div class=\"markdown prose dark:prose-invert w-full wrap-break-word light markdown-new-styling\">\n<div class=\"flex h-svh w-screen flex-col\">\n<div class=\"relative z-0 flex min-h-0 w-full flex-1\">\n<div class=\"relative flex min-h-0 w-full flex-1\">\n<div class=\"@container\/main relative flex min-w-0 flex-1 flex-col -translate-y-[calc(env(safe-area-inset-bottom,0px)\/2)] pt-[calc(env(safe-area-inset-bottom,0px)\/2)]\">\n<div class=\"@w-sm\/main:[scrollbar-gutter:stable_both-edges] touch:[scrollbar-width:none] relative flex min-h-0 min-w-0 flex-1 flex-col [scrollbar-gutter:stable] not-print:overflow-x-clip not-print:overflow-y-auto scroll-pt-(--header-height) [--sticky-padding-top:var(--header-height)] has-data-[fixed-header=less-than-xl]:@w-xl\/main:scroll-pt-0 has-data-[fixed-header=less-than-xl]:@w-xl\/main:[--sticky-padding-top:0px] has-data-[fixed-header=less-than-xxl]:@w-2xl\/main:scroll-pt-0 has-data-[fixed-header=less-than-xxl]:@w-2xl\/main:[--sticky-padding-top:0px]\" data-scroll-root=\"\">\n<h3>Portes de chambre WPC : alliez \u00e9l\u00e9gance et confort<\/h3>\n<p class=\"first:mt-1.5!\"><strong>Introduction : choisir la bonne porte pour la chambre<\/strong><\/p>\n<p class=\"first:mt-1.5!\">La chambre \u00e0 coucher est l\u2019un des espaces de vie les plus importants de la maison. Le temps qu\u2019on y passe est essentiel pour le repos et la d\u00e9tente. C\u2019est pourquoi les \u00e9l\u00e9ments utilis\u00e9s dans la d\u00e9coration de la chambre doivent \u00eatre non seulement esth\u00e9tiques, mais aussi fonctionnels. Les <strong>portes de chambre WPC<\/strong> r\u00e9unissent ces deux crit\u00e8res en offrant une solution \u00e0 la fois \u00e9l\u00e9gante et durable.<\/p>\n<p class=\"first:mt-1.5!\"><strong>Portes de chambre WPC \u00e9tanches et durables<\/strong><\/p>\n<p class=\"first:mt-1.5!\">Les portes de chambre peuvent \u00eatre expos\u00e9es \u00e0 davantage de variations d\u2019humidit\u00e9 et de temp\u00e9rature que d\u2019autres espaces de la maison. Gr\u00e2ce \u00e0 leurs propri\u00e9t\u00e9s <strong>imperm\u00e9ables<\/strong>, les portes de chambre WPC ne sont pas affect\u00e9es par ce type de conditions d\u00e9favorables. Le <strong>composite bois-plastique<\/strong> est un mat\u00e9riau de haute qualit\u00e9 qui peut \u00eatre utilis\u00e9 aussi bien \u00e0 l\u2019int\u00e9rieur qu\u2019\u00e0 l\u2019ext\u00e9rieur. Ces portes ne se d\u00e9forment pas sous l\u2019effet de la pluie, de l\u2019humidit\u00e9 ou des temp\u00e9ratures extr\u00eames.<\/p>\n<p class=\"first:mt-1.5!\"><strong>Efficacit\u00e9 \u00e9nerg\u00e9tique et isolation thermique<\/strong><\/p>\n<p class=\"first:mt-1.5!\">La chambre est g\u00e9n\u00e9ralement un espace o\u00f9 il faut maintenir une temp\u00e9rature plus fra\u00eeche pendant la nuit. Les <strong>portes de chambre WPC<\/strong> permettent de mieux contr\u00f4ler la temp\u00e9rature de la pi\u00e8ce en limitant les \u00e9changes thermiques. Cela favorise non seulement les \u00e9conomies d\u2019\u00e9nergie, mais am\u00e9liore aussi le confort dans la chambre.<\/p>\n<p class=\"first:mt-1.5!\"><strong>Esth\u00e9tique et large choix de couleurs<\/strong><\/p>\n<p class=\"first:mt-1.5!\">Les <strong>portes de chambre WPC<\/strong> s\u2019int\u00e8grent parfaitement \u00e0 la d\u00e9coration gr\u00e2ce \u00e0 leur \u00e9l\u00e9gance et \u00e0 leurs designs raffin\u00e9s. Elles constituent une option id\u00e9ale pour ceux qui recherchent \u00e0 la fois l\u2019apparence classique du bois et une touche moderne. De plus, elles peuvent \u00eatre personnalis\u00e9es selon le style de votre chambre gr\u00e2ce \u00e0 diff\u00e9rents choix de couleurs et de motifs. Qu\u2019il s\u2019agisse d\u2019une texture bois naturelle ou d\u2019options plus audacieuses et color\u00e9es, les portes WPC conviennent \u00e0 tous les go\u00fbts.<\/p>\n<p class=\"first:mt-1.5!\"><strong>Conclusion : le meilleur choix de porte pour la chambre<\/strong><\/p>\n<p class=\"first:mt-1.5!\">Les <strong>portes de chambre WPC<\/strong> repr\u00e9sentent un excellent choix en termes d\u2019esth\u00e9tique, de durabilit\u00e9 et de fonctionnalit\u00e9. Gr\u00e2ce \u00e0 leurs propri\u00e9t\u00e9s \u00e9tanches, \u00e0 leur isolation thermique et \u00e0 leur longue dur\u00e9e de vie, elles ajoutent de la valeur \u00e0 votre chambre tout en apportant une touche \u00e9l\u00e9gante \u00e0 votre d\u00e9coration avec leurs diff\u00e9rentes options de couleurs. Si vous recherchez la porte id\u00e9ale pour votre chambre, les <strong>portes de chambre WPC<\/strong> r\u00e9unissent toutes ces qualit\u00e9s en une seule solution.<\/p>\n<\/div>\n<\/div>\n<\/div>\n<\/div>\n<\/div>\n<\/div>\n<\/div>\n<\/div>\n<\/div>\n<\/div>\n<\/div>\n<\/article>\n<\/div>\n<\/div>\n<\/div>\n<\/div>\n<\/div>\n<\/div>\n<\/div>\n<\/article>\n<\/div>\n<\/div>\n","protected":false},"excerpt":{"rendered":"<p>Portes de chambre WPC : alliez \u00e9l\u00e9gance et confort Introduction : choisir la bonne porte pour la chambre La chambre \u00e0 coucher est l\u2019un des espaces de vie les plus importants de la maison. Le temps qu\u2019on y passe est essentiel pour le repos et la d\u00e9tente. C\u2019est pourquoi les \u00e9l\u00e9ments utilis\u00e9s dans la d\u00e9coration<\/p>\n","protected":false},"featured_media":10135,"template":"","meta":{"_bbp_topic_count":0,"_bbp_reply_count":0,"_bbp_total_topic_count":0,"_bbp_total_reply_count":0,"_bbp_voice_count":0,"_bbp_anonymous_reply_count":0,"_bbp_topic_count_hidden":0,"_bbp_reply_count_hidden":0,"_bbp_forum_subforum_count":0},"product_brand":[],"product_cat":[1053],"product_tag":[],"class_list":{"0":"post-10134","1":"product","2":"type-product","3":"status-publish","4":"has-post-thumbnail","6":"product_cat-porte-composite","8":"first","9":"instock","10":"shipping-taxable","11":"product-type-simple","12":"prodpage-classic"},"yoast_head":"<!-- This site is optimized with the Yoast SEO Premium plugin v26.6 (Yoast SEO v27.3) - https:\/\/yoast.com\/product\/yoast-seo-premium-wordpress\/ -->\n<title>Portes de chambre en WPC : \u00e0 la fois \u00e9l\u00e9gantes et r\u00e9sistantes<\/title>\n<meta name=\"description\" content=\"Les portes de chambre en WPC garantissent une longue dur\u00e9e de vie gr\u00e2ce \u00e0 leurs propri\u00e9t\u00e9s imperm\u00e9ables, r\u00e9sistantes aux termites et aux intemp\u00e9ries.\" \/>\n<meta name=\"robots\" content=\"index, follow, max-snippet:-1, max-image-preview:large, max-video-preview:-1\" \/>\n<link rel=\"canonical\" href=\"https:\/\/www.kapi.ltd\/fr\/urun\/portes-de-chambre-en-wpc\/\" \/>\n<meta property=\"og:locale\" content=\"fr_FR\" \/>\n<meta property=\"og:type\" content=\"article\" \/>\n<meta property=\"og:title\" content=\"Portes de chambre en WPC\" \/>\n<meta property=\"og:description\" content=\"Les portes de chambre en WPC garantissent une longue dur\u00e9e de vie gr\u00e2ce \u00e0 leurs propri\u00e9t\u00e9s imperm\u00e9ables, r\u00e9sistantes aux termites et aux intemp\u00e9ries.\" \/>\n<meta property=\"og:url\" content=\"https:\/\/www.kapi.ltd\/fr\/urun\/portes-de-chambre-en-wpc\/\" \/>\n<meta property=\"og:site_name\" content=\"\u0130\u00e7 Oda Kap\u0131lar\u0131 - \u00c7elik kap\u0131 modelleri - apartman kap\u0131lar\u0131\" \/>\n<meta property=\"article:modified_time\" content=\"2026-03-23T14:18:47+00:00\" \/>\n<meta property=\"og:image\" content=\"https:\/\/www.kapi.ltd\/wp-content\/uploads\/2026\/03\/wpc-kapilar.webp\" \/>\n\t<meta property=\"og:image:width\" content=\"500\" \/>\n\t<meta property=\"og:image:height\" content=\"750\" \/>\n\t<meta property=\"og:image:type\" content=\"image\/webp\" \/>\n<meta name=\"twitter:card\" content=\"summary_large_image\" \/>\n<meta name=\"twitter:label1\" content=\"Dur\u00e9e de lecture estim\u00e9e\" \/>\n\t<meta name=\"twitter:data1\" content=\"3 minutes\" \/>\n<script type=\"application\/ld+json\" class=\"yoast-schema-graph\">{\"@context\":\"https:\\\/\\\/schema.org\",\"@graph\":[{\"@type\":\"WebPage\",\"@id\":\"https:\\\/\\\/www.kapi.ltd\\\/fr\\\/urun\\\/portes-de-chambre-en-wpc\\\/\",\"url\":\"https:\\\/\\\/www.kapi.ltd\\\/fr\\\/urun\\\/portes-de-chambre-en-wpc\\\/\",\"name\":\"Portes de chambre en WPC : \u00e0 la fois \u00e9l\u00e9gantes et r\u00e9sistantes\",\"isPartOf\":{\"@id\":\"https:\\\/\\\/www.kapi.ltd\\\/fr\\\/#website\"},\"primaryImageOfPage\":{\"@id\":\"https:\\\/\\\/www.kapi.ltd\\\/fr\\\/urun\\\/portes-de-chambre-en-wpc\\\/#primaryimage\"},\"image\":{\"@id\":\"https:\\\/\\\/www.kapi.ltd\\\/fr\\\/urun\\\/portes-de-chambre-en-wpc\\\/#primaryimage\"},\"thumbnailUrl\":\"https:\\\/\\\/www.kapi.ltd\\\/wp-content\\\/uploads\\\/2026\\\/03\\\/wpc-kapilar.webp\",\"datePublished\":\"2026-02-28T21:53:53+00:00\",\"dateModified\":\"2026-03-23T14:18:47+00:00\",\"description\":\"Les portes de chambre en WPC garantissent une longue dur\u00e9e de vie gr\u00e2ce \u00e0 leurs propri\u00e9t\u00e9s imperm\u00e9ables, r\u00e9sistantes aux termites et aux intemp\u00e9ries.\",\"breadcrumb\":{\"@id\":\"https:\\\/\\\/www.kapi.ltd\\\/fr\\\/urun\\\/portes-de-chambre-en-wpc\\\/#breadcrumb\"},\"inLanguage\":\"fr-FR\",\"potentialAction\":[{\"@type\":\"ReadAction\",\"target\":[\"https:\\\/\\\/www.kapi.ltd\\\/fr\\\/urun\\\/portes-de-chambre-en-wpc\\\/\"]}]},{\"@type\":\"ImageObject\",\"inLanguage\":\"fr-FR\",\"@id\":\"https:\\\/\\\/www.kapi.ltd\\\/fr\\\/urun\\\/portes-de-chambre-en-wpc\\\/#primaryimage\",\"url\":\"https:\\\/\\\/www.kapi.ltd\\\/wp-content\\\/uploads\\\/2026\\\/03\\\/wpc-kapilar.webp\",\"contentUrl\":\"https:\\\/\\\/www.kapi.ltd\\\/wp-content\\\/uploads\\\/2026\\\/03\\\/wpc-kapilar.webp\",\"width\":500,\"height\":750,\"caption\":\"wpc kap\u0131lar\"},{\"@type\":\"BreadcrumbList\",\"@id\":\"https:\\\/\\\/www.kapi.ltd\\\/fr\\\/urun\\\/portes-de-chambre-en-wpc\\\/#breadcrumb\",\"itemListElement\":[{\"@type\":\"ListItem\",\"position\":1,\"name\":\"Anasayfa\",\"item\":\"https:\\\/\\\/www.kapi.ltd\\\/fr\\\/\"},{\"@type\":\"ListItem\",\"position\":2,\"name\":\"ic-kapi-celik-kapi-modelleri\",\"item\":\"https:\\\/\\\/www.kapi.ltd\\\/?page_id=4263\"},{\"@type\":\"ListItem\",\"position\":3,\"name\":\"Portes de chambre en WPC\"}]},{\"@type\":\"WebSite\",\"@id\":\"https:\\\/\\\/www.kapi.ltd\\\/fr\\\/#website\",\"url\":\"https:\\\/\\\/www.kapi.ltd\\\/fr\\\/\",\"name\":\"\u0130\u00e7 Kap\u0131 Ve \u00c7elik Kap\u0131 Modelleri\",\"description\":\"T\u00fcrkiye Kap\u0131 Modelleri Merkezi\",\"potentialAction\":[{\"@type\":\"SearchAction\",\"target\":{\"@type\":\"EntryPoint\",\"urlTemplate\":\"https:\\\/\\\/www.kapi.ltd\\\/fr\\\/?s={search_term_string}\"},\"query-input\":{\"@type\":\"PropertyValueSpecification\",\"valueRequired\":true,\"valueName\":\"search_term_string\"}}],\"inLanguage\":\"fr-FR\"}]}<\/script>\n<!-- \/ Yoast SEO Premium plugin. -->","yoast_head_json":{"title":"Portes de chambre en WPC : \u00e0 la fois \u00e9l\u00e9gantes et r\u00e9sistantes","description":"Les portes de chambre en WPC garantissent une longue dur\u00e9e de vie gr\u00e2ce \u00e0 leurs propri\u00e9t\u00e9s imperm\u00e9ables, r\u00e9sistantes aux termites et aux intemp\u00e9ries.","robots":{"index":"index","follow":"follow","max-snippet":"max-snippet:-1","max-image-preview":"max-image-preview:large","max-video-preview":"max-video-preview:-1"},"canonical":"https:\/\/www.kapi.ltd\/fr\/urun\/portes-de-chambre-en-wpc\/","og_locale":"fr_FR","og_type":"article","og_title":"Portes de chambre en WPC","og_description":"Les portes de chambre en WPC garantissent une longue dur\u00e9e de vie gr\u00e2ce \u00e0 leurs propri\u00e9t\u00e9s imperm\u00e9ables, r\u00e9sistantes aux termites et aux intemp\u00e9ries.","og_url":"https:\/\/www.kapi.ltd\/fr\/urun\/portes-de-chambre-en-wpc\/","og_site_name":"\u0130\u00e7 Oda Kap\u0131lar\u0131 - \u00c7elik kap\u0131 modelleri - apartman kap\u0131lar\u0131","article_modified_time":"2026-03-23T14:18:47+00:00","og_image":[{"width":500,"height":750,"url":"https:\/\/www.kapi.ltd\/wp-content\/uploads\/2026\/03\/wpc-kapilar.webp","type":"image\/webp"}],"twitter_card":"summary_large_image","twitter_misc":{"Dur\u00e9e de lecture estim\u00e9e":"3 minutes"},"schema":{"@context":"https:\/\/schema.org","@graph":[{"@type":"WebPage","@id":"https:\/\/www.kapi.ltd\/fr\/urun\/portes-de-chambre-en-wpc\/","url":"https:\/\/www.kapi.ltd\/fr\/urun\/portes-de-chambre-en-wpc\/","name":"Portes de chambre en WPC : \u00e0 la fois \u00e9l\u00e9gantes et r\u00e9sistantes","isPartOf":{"@id":"https:\/\/www.kapi.ltd\/fr\/#website"},"primaryImageOfPage":{"@id":"https:\/\/www.kapi.ltd\/fr\/urun\/portes-de-chambre-en-wpc\/#primaryimage"},"image":{"@id":"https:\/\/www.kapi.ltd\/fr\/urun\/portes-de-chambre-en-wpc\/#primaryimage"},"thumbnailUrl":"https:\/\/www.kapi.ltd\/wp-content\/uploads\/2026\/03\/wpc-kapilar.webp","datePublished":"2026-02-28T21:53:53+00:00","dateModified":"2026-03-23T14:18:47+00:00","description":"Les portes de chambre en WPC garantissent une longue dur\u00e9e de vie gr\u00e2ce \u00e0 leurs propri\u00e9t\u00e9s imperm\u00e9ables, r\u00e9sistantes aux termites et aux intemp\u00e9ries.","breadcrumb":{"@id":"https:\/\/www.kapi.ltd\/fr\/urun\/portes-de-chambre-en-wpc\/#breadcrumb"},"inLanguage":"fr-FR","potentialAction":[{"@type":"ReadAction","target":["https:\/\/www.kapi.ltd\/fr\/urun\/portes-de-chambre-en-wpc\/"]}]},{"@type":"ImageObject","inLanguage":"fr-FR","@id":"https:\/\/www.kapi.ltd\/fr\/urun\/portes-de-chambre-en-wpc\/#primaryimage","url":"https:\/\/www.kapi.ltd\/wp-content\/uploads\/2026\/03\/wpc-kapilar.webp","contentUrl":"https:\/\/www.kapi.ltd\/wp-content\/uploads\/2026\/03\/wpc-kapilar.webp","width":500,"height":750,"caption":"wpc kap\u0131lar"},{"@type":"BreadcrumbList","@id":"https:\/\/www.kapi.ltd\/fr\/urun\/portes-de-chambre-en-wpc\/#breadcrumb","itemListElement":[{"@type":"ListItem","position":1,"name":"Anasayfa","item":"https:\/\/www.kapi.ltd\/fr\/"},{"@type":"ListItem","position":2,"name":"ic-kapi-celik-kapi-modelleri","item":"https:\/\/www.kapi.ltd\/?page_id=4263"},{"@type":"ListItem","position":3,"name":"Portes de chambre en WPC"}]},{"@type":"WebSite","@id":"https:\/\/www.kapi.ltd\/fr\/#website","url":"https:\/\/www.kapi.ltd\/fr\/","name":"\u0130\u00e7 Kap\u0131 Ve \u00c7elik Kap\u0131 Modelleri","description":"T\u00fcrkiye Kap\u0131 Modelleri Merkezi","potentialAction":[{"@type":"SearchAction","target":{"@type":"EntryPoint","urlTemplate":"https:\/\/www.kapi.ltd\/fr\/?s={search_term_string}"},"query-input":{"@type":"PropertyValueSpecification","valueRequired":true,"valueName":"search_term_string"}}],"inLanguage":"fr-FR"}]}},"_links":{"self":[{"href":"https:\/\/www.kapi.ltd\/fr\/wp-json\/wp\/v2\/product\/10134","targetHints":{"allow":["GET"]}}],"collection":[{"href":"https:\/\/www.kapi.ltd\/fr\/wp-json\/wp\/v2\/product"}],"about":[{"href":"https:\/\/www.kapi.ltd\/fr\/wp-json\/wp\/v2\/types\/product"}],"version-history":[{"count":3,"href":"https:\/\/www.kapi.ltd\/fr\/wp-json\/wp\/v2\/product\/10134\/revisions"}],"predecessor-version":[{"id":10381,"href":"https:\/\/www.kapi.ltd\/fr\/wp-json\/wp\/v2\/product\/10134\/revisions\/10381"}],"wp:featuredmedia":[{"embeddable":true,"href":"https:\/\/www.kapi.ltd\/fr\/wp-json\/wp\/v2\/media\/10135"}],"wp:attachment":[{"href":"https:\/\/www.kapi.ltd\/fr\/wp-json\/wp\/v2\/media?parent=10134"}],"wp:term":[{"taxonomy":"product_brand","embeddable":true,"href":"https:\/\/www.kapi.ltd\/fr\/wp-json\/wp\/v2\/product_brand?post=10134"},{"taxonomy":"product_cat","embeddable":true,"href":"https:\/\/www.kapi.ltd\/fr\/wp-json\/wp\/v2\/product_cat?post=10134"},{"taxonomy":"product_tag","embeddable":true,"href":"https:\/\/www.kapi.ltd\/fr\/wp-json\/wp\/v2\/product_tag?post=10134"}],"curies":[{"name":"wp","href":"https:\/\/api.w.org\/{rel}","templated":true}]}}