{"id":10122,"date":"2026-03-01T00:52:32","date_gmt":"2026-02-28T21:52:32","guid":{"rendered":"https:\/\/www.kapi.ltd\/urun\/wpc-kapilar\/"},"modified":"2026-03-23T19:36:00","modified_gmt":"2026-03-23T16:36:00","slug":"portes-en-wpc","status":"publish","type":"product","link":"https:\/\/www.kapi.ltd\/fr\/urun\/portes-en-wpc\/","title":{"rendered":"Portes en WPC"},"content":{"rendered":"<div class=\"relative basis-auto flex-col -mb-(--composer-overlap-px) [--composer-overlap-px:28px] grow flex\">\n<div class=\"flex flex-col text-sm pb-25\">\n<article class=\"text-token-text-primary w-full focus:outline-none [--shadow-height:45px] has-data-writing-block:pointer-events-none has-data-writing-block:-mt-(--shadow-height) has-data-writing-block:pt-(--shadow-height) [&amp;:has([data-writing-block])&gt;*]:pointer-events-auto scroll-mt-[calc(var(--header-height)+min(200px,max(70px,20svh)))]\" dir=\"auto\" tabindex=\"-1\" data-turn-id=\"request-WEB:2b9e6435-ceff-4ba4-bf60-66abfd099f94-4\" data-testid=\"conversation-turn-6\" data-scroll-anchor=\"true\" data-turn=\"assistant\">\n<div class=\"text-base my-auto mx-auto pb-10 [--thread-content-margin:--spacing(4)] @w-sm\/main:[--thread-content-margin:--spacing(6)] @w-lg\/main:[--thread-content-margin:--spacing(16)] px-(--thread-content-margin)\">\n<div class=\"[--thread-content-max-width:40rem] @w-lg\/main:[--thread-content-max-width:48rem] mx-auto max-w-(--thread-content-max-width) flex-1 group\/turn-messages focus-visible:outline-hidden relative flex w-full min-w-0 flex-col agent-turn\" tabindex=\"-1\">\n<div class=\"flex max-w-full flex-col grow\">\n<div class=\"min-h-8 text-message relative flex w-full flex-col items-end gap-2 text-start break-words whitespace-normal [.text-message+&amp;]:mt-1\" dir=\"auto\" data-message-author-role=\"assistant\" data-message-id=\"7e3d4023-93e5-4f40-b9b4-ca2e1a7065cc\" data-message-model-slug=\"gpt-5-2\">\n<div class=\"flex w-full flex-col gap-1 empty:hidden first:pt-[1px]\">\n<div class=\"markdown prose dark:prose-invert w-full wrap-break-word light markdown-new-styling\">\n<div class=\"flex flex-col text-sm\">\n<article class=\"text-token-text-primary w-full focus:outline-none [--shadow-height:45px] has-data-writing-block:pointer-events-none has-data-writing-block:-mt-(--shadow-height) has-data-writing-block:pt-(--shadow-height) [&amp;:has([data-writing-block])&gt;*]:pointer-events-auto scroll-mt-[calc(var(--header-height)+min(200px,max(70px,20svh)))]\" dir=\"auto\" tabindex=\"-1\" data-turn-id=\"request-WEB:cd5deb19-94c9-483e-9ebf-bd612e199c7a-4\" data-testid=\"conversation-turn-10\" data-scroll-anchor=\"true\" data-turn=\"assistant\">\n<div class=\"text-base my-auto mx-auto pb-10 [--thread-content-margin:--spacing(4)] @w-sm\/main:[--thread-content-margin:--spacing(6)] @w-lg\/main:[--thread-content-margin:--spacing(16)] px-(--thread-content-margin)\">\n<div class=\"[--thread-content-max-width:40rem] @w-lg\/main:[--thread-content-max-width:48rem] mx-auto max-w-(--thread-content-max-width) flex-1 group\/turn-messages focus-visible:outline-hidden relative flex w-full min-w-0 flex-col agent-turn\" tabindex=\"-1\">\n<div class=\"flex max-w-full flex-col grow\">\n<div class=\"min-h-8 text-message relative flex w-full flex-col items-end gap-2 text-start break-words whitespace-normal [.text-message+&amp;]:mt-1\" dir=\"auto\" data-message-author-role=\"assistant\" data-message-id=\"b96b74e1-3daa-4b7d-9619-2887dd84cbb3\" data-message-model-slug=\"gpt-5-2\">\n<div class=\"flex w-full flex-col gap-1 empty:hidden first:pt-[1px]\">\n<div class=\"markdown prose dark:prose-invert w-full wrap-break-word light markdown-new-styling\">\n<div class=\"flex h-svh w-screen flex-col\">\n<div class=\"relative z-0 flex min-h-0 w-full flex-1\">\n<div class=\"relative flex min-h-0 w-full flex-1\">\n<div class=\"@container\/main relative flex min-w-0 flex-1 flex-col -translate-y-[calc(env(safe-area-inset-bottom,0px)\/2)] pt-[calc(env(safe-area-inset-bottom,0px)\/2)]\">\n<div class=\"@w-sm\/main:[scrollbar-gutter:stable_both-edges] touch:[scrollbar-width:none] relative flex min-h-0 min-w-0 flex-1 flex-col [scrollbar-gutter:stable] not-print:overflow-x-clip not-print:overflow-y-auto scroll-pt-(--header-height) [--sticky-padding-top:var(--header-height)] has-data-[fixed-header=less-than-xl]:@w-xl\/main:scroll-pt-0 has-data-[fixed-header=less-than-xl]:@w-xl\/main:[--sticky-padding-top:0px] has-data-[fixed-header=less-than-xxl]:@w-2xl\/main:scroll-pt-0 has-data-[fixed-header=less-than-xxl]:@w-2xl\/main:[--sticky-padding-top:0px]\" data-scroll-root=\"\">\n<h3>Portes WPC<\/h3>\n<p class=\"first:mt-1.5!\"><strong>La popularit\u00e9 croissante des portes WPC<\/strong><\/p>\n<p class=\"first:mt-1.5!\">Les portes <strong>WPC<\/strong> (composite bois-plastique) sont devenues ces derni\u00e8res ann\u00e9es un choix tr\u00e8s appr\u00e9ci\u00e9 des propri\u00e9taires, tant pour leur esth\u00e9tique que pour leur durabilit\u00e9. Fabriqu\u00e9es \u00e0 partir d\u2019un m\u00e9lange de bois et de plastique, ces portes attirent l\u2019attention gr\u00e2ce \u00e0 leur structure r\u00e9sistante \u00e0 l\u2019eau tout en offrant une apparence \u00e9l\u00e9gante. Adapt\u00e9es \u00e0 une utilisation dans les maisons, les bureaux et d\u2019autres espaces commerciaux, les portes WPC sont particuli\u00e8rement id\u00e9ales pour ceux qui recherchent robustesse et long\u00e9vit\u00e9.<\/p>\n<p class=\"first:mt-1.5!\"><strong>Caract\u00e9ristiques des portes WPC<\/strong><\/p>\n<p class=\"first:mt-1.5!\">Les <strong>portes WPC \u00e9tanches<\/strong> sont particuli\u00e8rement indispensables dans les zones \u00e0 forte humidit\u00e9. Contrairement aux portes en bois traditionnelles, le mat\u00e9riau composite bois-plastique r\u00e9siste beaucoup mieux \u00e0 l\u2019eau, aux variations de temp\u00e9rature et aux facteurs ext\u00e9rieurs. En outre, il r\u00e9siste aux rayures et r\u00e9duit au minimum les besoins d\u2019entretien \u00e0 long terme. Il existe \u00e9galement des versions de portes WPC adapt\u00e9es \u00e0 une utilisation int\u00e9rieure et ext\u00e9rieure. Elles offrent donc un large \u00e9ventail d\u2019applications, depuis les pi\u00e8ces int\u00e9rieures de votre maison jusqu\u2019aux portes donnant sur l\u2019ext\u00e9rieur.<\/p>\n<p class=\"first:mt-1.5!\"><strong>Efficacit\u00e9 \u00e9nerg\u00e9tique et isolation thermique<\/strong><\/p>\n<p class=\"first:mt-1.5!\">Les portes WPC offrent une excellente <strong>isolation thermique<\/strong>. En \u00e9t\u00e9, elles aident \u00e0 conserver la fra\u00eecheur int\u00e9rieure, tandis qu\u2019en hiver, elles emp\u00eachent la chaleur de s\u2019\u00e9chapper. C\u2019est un avantage important pour ceux qui souhaitent r\u00e9aliser des \u00e9conomies d\u2019\u00e9nergie. Elles vous permettent de mieux contr\u00f4ler la temp\u00e9rature de votre maison et contribuent \u00e0 un fonctionnement plus efficace de vos syst\u00e8mes de chauffage et de climatisation.<\/p>\n<p class=\"first:mt-1.5!\"><strong>Imperm\u00e9ables et r\u00e9sistantes aux termites<\/strong><\/p>\n<p class=\"first:mt-1.5!\">Un autre avantage important est leur <strong>r\u00e9sistance \u00e0 l\u2019eau<\/strong>. Le mat\u00e9riau des portes WPC supporte l\u2019humidit\u00e9 et n\u2019est pas affect\u00e9 par les effets n\u00e9fastes de l\u2019eau. De plus, les portes WPC r\u00e9sistent \u00e9galement aux termites et \u00e0 d\u2019autres nuisibles. Cela vous fait gagner du temps et de l\u2019argent \u00e0 long terme, car contrairement aux portes en bois traditionnelles, les portes WPC ne pourrissent pas et ne sont pas sujettes aux infestations d\u2019insectes.<\/p>\n<p class=\"first:mt-1.5!\"><strong>Conclusion : pourquoi les portes WPC sont-elles id\u00e9ales pour les propri\u00e9taires ?<\/strong><\/p>\n<p class=\"first:mt-1.5!\">Les portes WPC sont devenues un choix privil\u00e9gi\u00e9 des propri\u00e9taires gr\u00e2ce \u00e0 leur structure durable, esth\u00e9tique, \u00e9conome en \u00e9nergie et n\u00e9cessitant peu d\u2019entretien. Gr\u00e2ce \u00e0 leurs propri\u00e9t\u00e9s \u00e9tanches, elles peuvent \u00eatre utilis\u00e9es en toute s\u00e9curit\u00e9 dans toutes les conditions climatiques. Avec leur design \u00e9l\u00e9gant et leurs nombreuses options de couleurs, elles ajoutent du style \u00e0 votre maison tout en offrant un avantage \u00e9conomique gr\u00e2ce \u00e0 leur longue dur\u00e9e de vie. Les portes WPC sont le meilleur choix pour tous ceux qui recherchent qualit\u00e9 et confort \u00e0 la maison.<\/p>\n<\/div>\n<\/div>\n<\/div>\n<\/div>\n<\/div>\n<\/div>\n<\/div>\n<\/div>\n<\/div>\n<\/div>\n<\/div>\n<\/article>\n<\/div>\n<\/div>\n<\/div>\n<\/div>\n<\/div>\n<\/div>\n<\/div>\n<\/article>\n<\/div>\n<\/div>\n","protected":false},"excerpt":{"rendered":"<p>Portes WPC La popularit\u00e9 croissante des portes WPC Les portes WPC (composite bois-plastique) sont devenues ces derni\u00e8res ann\u00e9es un choix tr\u00e8s appr\u00e9ci\u00e9 des propri\u00e9taires, tant pour leur esth\u00e9tique que pour leur durabilit\u00e9. Fabriqu\u00e9es \u00e0 partir d\u2019un m\u00e9lange de bois et de plastique, ces portes attirent l\u2019attention gr\u00e2ce \u00e0 leur structure r\u00e9sistante \u00e0 l\u2019eau tout en<\/p>\n","protected":false},"featured_media":10123,"template":"","meta":{"_bbp_topic_count":0,"_bbp_reply_count":0,"_bbp_total_topic_count":0,"_bbp_total_reply_count":0,"_bbp_voice_count":0,"_bbp_anonymous_reply_count":0,"_bbp_topic_count_hidden":0,"_bbp_reply_count_hidden":0,"_bbp_forum_subforum_count":0},"product_brand":[],"product_cat":[1053],"product_tag":[],"class_list":{"0":"post-10122","1":"product","2":"type-product","3":"status-publish","4":"has-post-thumbnail","6":"product_cat-porte-composite","8":"first","9":"instock","10":"shipping-taxable","11":"product-type-simple","12":"prodpage-classic"},"yoast_head":"<!-- This site is optimized with the Yoast SEO Premium plugin v26.6 (Yoast SEO v27.3) - https:\/\/yoast.com\/product\/yoast-seo-premium-wordpress\/ -->\n<title>Portes WPC imperm\u00e9ables : robustesse, \u00e9l\u00e9gance et confort<\/title>\n<meta name=\"description\" content=\"Les portes en WPC imperm\u00e9ables constituent un excellent choix pour les maisons et les bureaux, car elles offrent des options \u00e0 la fois r\u00e9sistantes, \u00e9l\u00e9gantes et \u00e9conomes en \u00e9nergie.\" \/>\n<meta name=\"robots\" content=\"index, follow, max-snippet:-1, max-image-preview:large, max-video-preview:-1\" \/>\n<link rel=\"canonical\" href=\"https:\/\/www.kapi.ltd\/fr\/urun\/portes-en-wpc\/\" \/>\n<meta property=\"og:locale\" content=\"fr_FR\" \/>\n<meta property=\"og:type\" content=\"article\" \/>\n<meta property=\"og:title\" content=\"Portes en WPC\" \/>\n<meta property=\"og:description\" content=\"Les portes en WPC imperm\u00e9ables constituent un excellent choix pour les maisons et les bureaux, car elles offrent des options \u00e0 la fois r\u00e9sistantes, \u00e9l\u00e9gantes et \u00e9conomes en \u00e9nergie.\" \/>\n<meta property=\"og:url\" content=\"https:\/\/www.kapi.ltd\/fr\/urun\/portes-en-wpc\/\" \/>\n<meta property=\"og:site_name\" content=\"\u0130\u00e7 Oda Kap\u0131lar\u0131 - \u00c7elik kap\u0131 modelleri - apartman kap\u0131lar\u0131\" \/>\n<meta property=\"article:modified_time\" content=\"2026-03-23T16:36:00+00:00\" \/>\n<meta property=\"og:image\" content=\"https:\/\/www.kapi.ltd\/wp-content\/uploads\/2026\/03\/wpc-doors.webp\" \/>\n\t<meta property=\"og:image:width\" content=\"500\" \/>\n\t<meta property=\"og:image:height\" content=\"750\" \/>\n\t<meta property=\"og:image:type\" content=\"image\/webp\" \/>\n<meta name=\"twitter:card\" content=\"summary_large_image\" \/>\n<meta name=\"twitter:label1\" content=\"Dur\u00e9e de lecture estim\u00e9e\" \/>\n\t<meta name=\"twitter:data1\" content=\"3 minutes\" \/>\n<script type=\"application\/ld+json\" class=\"yoast-schema-graph\">{\"@context\":\"https:\\\/\\\/schema.org\",\"@graph\":[{\"@type\":\"WebPage\",\"@id\":\"https:\\\/\\\/www.kapi.ltd\\\/fr\\\/urun\\\/portes-en-wpc\\\/\",\"url\":\"https:\\\/\\\/www.kapi.ltd\\\/fr\\\/urun\\\/portes-en-wpc\\\/\",\"name\":\"Portes WPC imperm\u00e9ables : robustesse, \u00e9l\u00e9gance et confort\",\"isPartOf\":{\"@id\":\"https:\\\/\\\/www.kapi.ltd\\\/fr\\\/#website\"},\"primaryImageOfPage\":{\"@id\":\"https:\\\/\\\/www.kapi.ltd\\\/fr\\\/urun\\\/portes-en-wpc\\\/#primaryimage\"},\"image\":{\"@id\":\"https:\\\/\\\/www.kapi.ltd\\\/fr\\\/urun\\\/portes-en-wpc\\\/#primaryimage\"},\"thumbnailUrl\":\"https:\\\/\\\/www.kapi.ltd\\\/wp-content\\\/uploads\\\/2026\\\/03\\\/wpc-doors.webp\",\"datePublished\":\"2026-02-28T21:52:32+00:00\",\"dateModified\":\"2026-03-23T16:36:00+00:00\",\"description\":\"Les portes en WPC imperm\u00e9ables constituent un excellent choix pour les maisons et les bureaux, car elles offrent des options \u00e0 la fois r\u00e9sistantes, \u00e9l\u00e9gantes et \u00e9conomes en \u00e9nergie.\",\"breadcrumb\":{\"@id\":\"https:\\\/\\\/www.kapi.ltd\\\/fr\\\/urun\\\/portes-en-wpc\\\/#breadcrumb\"},\"inLanguage\":\"fr-FR\",\"potentialAction\":[{\"@type\":\"ReadAction\",\"target\":[\"https:\\\/\\\/www.kapi.ltd\\\/fr\\\/urun\\\/portes-en-wpc\\\/\"]}]},{\"@type\":\"ImageObject\",\"inLanguage\":\"fr-FR\",\"@id\":\"https:\\\/\\\/www.kapi.ltd\\\/fr\\\/urun\\\/portes-en-wpc\\\/#primaryimage\",\"url\":\"https:\\\/\\\/www.kapi.ltd\\\/wp-content\\\/uploads\\\/2026\\\/03\\\/wpc-doors.webp\",\"contentUrl\":\"https:\\\/\\\/www.kapi.ltd\\\/wp-content\\\/uploads\\\/2026\\\/03\\\/wpc-doors.webp\",\"width\":500,\"height\":750,\"caption\":\"wpc doors\"},{\"@type\":\"BreadcrumbList\",\"@id\":\"https:\\\/\\\/www.kapi.ltd\\\/fr\\\/urun\\\/portes-en-wpc\\\/#breadcrumb\",\"itemListElement\":[{\"@type\":\"ListItem\",\"position\":1,\"name\":\"Anasayfa\",\"item\":\"https:\\\/\\\/www.kapi.ltd\\\/fr\\\/\"},{\"@type\":\"ListItem\",\"position\":2,\"name\":\"ic-kapi-celik-kapi-modelleri\",\"item\":\"https:\\\/\\\/www.kapi.ltd\\\/?page_id=4263\"},{\"@type\":\"ListItem\",\"position\":3,\"name\":\"Portes en WPC\"}]},{\"@type\":\"WebSite\",\"@id\":\"https:\\\/\\\/www.kapi.ltd\\\/fr\\\/#website\",\"url\":\"https:\\\/\\\/www.kapi.ltd\\\/fr\\\/\",\"name\":\"\u0130\u00e7 Kap\u0131 Ve \u00c7elik Kap\u0131 Modelleri\",\"description\":\"T\u00fcrkiye Kap\u0131 Modelleri Merkezi\",\"potentialAction\":[{\"@type\":\"SearchAction\",\"target\":{\"@type\":\"EntryPoint\",\"urlTemplate\":\"https:\\\/\\\/www.kapi.ltd\\\/fr\\\/?s={search_term_string}\"},\"query-input\":{\"@type\":\"PropertyValueSpecification\",\"valueRequired\":true,\"valueName\":\"search_term_string\"}}],\"inLanguage\":\"fr-FR\"}]}<\/script>\n<!-- \/ Yoast SEO Premium plugin. -->","yoast_head_json":{"title":"Portes WPC imperm\u00e9ables : robustesse, \u00e9l\u00e9gance et confort","description":"Les portes en WPC imperm\u00e9ables constituent un excellent choix pour les maisons et les bureaux, car elles offrent des options \u00e0 la fois r\u00e9sistantes, \u00e9l\u00e9gantes et \u00e9conomes en \u00e9nergie.","robots":{"index":"index","follow":"follow","max-snippet":"max-snippet:-1","max-image-preview":"max-image-preview:large","max-video-preview":"max-video-preview:-1"},"canonical":"https:\/\/www.kapi.ltd\/fr\/urun\/portes-en-wpc\/","og_locale":"fr_FR","og_type":"article","og_title":"Portes en WPC","og_description":"Les portes en WPC imperm\u00e9ables constituent un excellent choix pour les maisons et les bureaux, car elles offrent des options \u00e0 la fois r\u00e9sistantes, \u00e9l\u00e9gantes et \u00e9conomes en \u00e9nergie.","og_url":"https:\/\/www.kapi.ltd\/fr\/urun\/portes-en-wpc\/","og_site_name":"\u0130\u00e7 Oda Kap\u0131lar\u0131 - \u00c7elik kap\u0131 modelleri - apartman kap\u0131lar\u0131","article_modified_time":"2026-03-23T16:36:00+00:00","og_image":[{"width":500,"height":750,"url":"https:\/\/www.kapi.ltd\/wp-content\/uploads\/2026\/03\/wpc-doors.webp","type":"image\/webp"}],"twitter_card":"summary_large_image","twitter_misc":{"Dur\u00e9e de lecture estim\u00e9e":"3 minutes"},"schema":{"@context":"https:\/\/schema.org","@graph":[{"@type":"WebPage","@id":"https:\/\/www.kapi.ltd\/fr\/urun\/portes-en-wpc\/","url":"https:\/\/www.kapi.ltd\/fr\/urun\/portes-en-wpc\/","name":"Portes WPC imperm\u00e9ables : robustesse, \u00e9l\u00e9gance et confort","isPartOf":{"@id":"https:\/\/www.kapi.ltd\/fr\/#website"},"primaryImageOfPage":{"@id":"https:\/\/www.kapi.ltd\/fr\/urun\/portes-en-wpc\/#primaryimage"},"image":{"@id":"https:\/\/www.kapi.ltd\/fr\/urun\/portes-en-wpc\/#primaryimage"},"thumbnailUrl":"https:\/\/www.kapi.ltd\/wp-content\/uploads\/2026\/03\/wpc-doors.webp","datePublished":"2026-02-28T21:52:32+00:00","dateModified":"2026-03-23T16:36:00+00:00","description":"Les portes en WPC imperm\u00e9ables constituent un excellent choix pour les maisons et les bureaux, car elles offrent des options \u00e0 la fois r\u00e9sistantes, \u00e9l\u00e9gantes et \u00e9conomes en \u00e9nergie.","breadcrumb":{"@id":"https:\/\/www.kapi.ltd\/fr\/urun\/portes-en-wpc\/#breadcrumb"},"inLanguage":"fr-FR","potentialAction":[{"@type":"ReadAction","target":["https:\/\/www.kapi.ltd\/fr\/urun\/portes-en-wpc\/"]}]},{"@type":"ImageObject","inLanguage":"fr-FR","@id":"https:\/\/www.kapi.ltd\/fr\/urun\/portes-en-wpc\/#primaryimage","url":"https:\/\/www.kapi.ltd\/wp-content\/uploads\/2026\/03\/wpc-doors.webp","contentUrl":"https:\/\/www.kapi.ltd\/wp-content\/uploads\/2026\/03\/wpc-doors.webp","width":500,"height":750,"caption":"wpc doors"},{"@type":"BreadcrumbList","@id":"https:\/\/www.kapi.ltd\/fr\/urun\/portes-en-wpc\/#breadcrumb","itemListElement":[{"@type":"ListItem","position":1,"name":"Anasayfa","item":"https:\/\/www.kapi.ltd\/fr\/"},{"@type":"ListItem","position":2,"name":"ic-kapi-celik-kapi-modelleri","item":"https:\/\/www.kapi.ltd\/?page_id=4263"},{"@type":"ListItem","position":3,"name":"Portes en WPC"}]},{"@type":"WebSite","@id":"https:\/\/www.kapi.ltd\/fr\/#website","url":"https:\/\/www.kapi.ltd\/fr\/","name":"\u0130\u00e7 Kap\u0131 Ve \u00c7elik Kap\u0131 Modelleri","description":"T\u00fcrkiye Kap\u0131 Modelleri Merkezi","potentialAction":[{"@type":"SearchAction","target":{"@type":"EntryPoint","urlTemplate":"https:\/\/www.kapi.ltd\/fr\/?s={search_term_string}"},"query-input":{"@type":"PropertyValueSpecification","valueRequired":true,"valueName":"search_term_string"}}],"inLanguage":"fr-FR"}]}},"_links":{"self":[{"href":"https:\/\/www.kapi.ltd\/fr\/wp-json\/wp\/v2\/product\/10122","targetHints":{"allow":["GET"]}}],"collection":[{"href":"https:\/\/www.kapi.ltd\/fr\/wp-json\/wp\/v2\/product"}],"about":[{"href":"https:\/\/www.kapi.ltd\/fr\/wp-json\/wp\/v2\/types\/product"}],"version-history":[{"count":3,"href":"https:\/\/www.kapi.ltd\/fr\/wp-json\/wp\/v2\/product\/10122\/revisions"}],"predecessor-version":[{"id":10384,"href":"https:\/\/www.kapi.ltd\/fr\/wp-json\/wp\/v2\/product\/10122\/revisions\/10384"}],"wp:featuredmedia":[{"embeddable":true,"href":"https:\/\/www.kapi.ltd\/fr\/wp-json\/wp\/v2\/media\/10123"}],"wp:attachment":[{"href":"https:\/\/www.kapi.ltd\/fr\/wp-json\/wp\/v2\/media?parent=10122"}],"wp:term":[{"taxonomy":"product_brand","embeddable":true,"href":"https:\/\/www.kapi.ltd\/fr\/wp-json\/wp\/v2\/product_brand?post=10122"},{"taxonomy":"product_cat","embeddable":true,"href":"https:\/\/www.kapi.ltd\/fr\/wp-json\/wp\/v2\/product_cat?post=10122"},{"taxonomy":"product_tag","embeddable":true,"href":"https:\/\/www.kapi.ltd\/fr\/wp-json\/wp\/v2\/product_tag?post=10122"}],"curies":[{"name":"wp","href":"https:\/\/api.w.org\/{rel}","templated":true}]}}