{"id":10110,"date":"2026-02-28T23:58:04","date_gmt":"2026-02-28T20:58:04","guid":{"rendered":"https:\/\/www.kapi.ltd\/urun\/ic-kapi-3\/"},"modified":"2026-03-25T17:35:08","modified_gmt":"2026-03-25T14:35:08","slug":"porte-interieure-2","status":"publish","type":"product","link":"https:\/\/www.kapi.ltd\/fr\/urun\/porte-interieure-2\/","title":{"rendered":"Porte int\u00e9rieure"},"content":{"rendered":"<div class=\"relative basis-auto flex-col -mb-(--composer-overlap-px) [--composer-overlap-px:28px] grow flex\">\n<div class=\"flex flex-col text-sm pb-25\">\n<article class=\"text-token-text-primary w-full focus:outline-none [--shadow-height:45px] has-data-writing-block:pointer-events-none has-data-writing-block:-mt-(--shadow-height) has-data-writing-block:pt-(--shadow-height) [&amp;:has([data-writing-block])&gt;*]:pointer-events-auto scroll-mt-[calc(var(--header-height)+min(200px,max(70px,20svh)))]\" dir=\"auto\" tabindex=\"-1\" data-turn-id=\"request-WEB:2b9e6435-ceff-4ba4-bf60-66abfd099f94-4\" data-testid=\"conversation-turn-6\" data-scroll-anchor=\"true\" data-turn=\"assistant\">\n<div class=\"text-base my-auto mx-auto pb-10 [--thread-content-margin:--spacing(4)] @w-sm\/main:[--thread-content-margin:--spacing(6)] @w-lg\/main:[--thread-content-margin:--spacing(16)] px-(--thread-content-margin)\">\n<div class=\"[--thread-content-max-width:40rem] @w-lg\/main:[--thread-content-max-width:48rem] mx-auto max-w-(--thread-content-max-width) flex-1 group\/turn-messages focus-visible:outline-hidden relative flex w-full min-w-0 flex-col agent-turn\" tabindex=\"-1\">\n<div class=\"flex max-w-full flex-col grow\">\n<div class=\"min-h-8 text-message relative flex w-full flex-col items-end gap-2 text-start break-words whitespace-normal [.text-message+&amp;]:mt-1\" dir=\"auto\" data-message-author-role=\"assistant\" data-message-id=\"7e3d4023-93e5-4f40-b9b4-ca2e1a7065cc\" data-message-model-slug=\"gpt-5-2\">\n<div class=\"flex w-full flex-col gap-1 empty:hidden first:pt-[1px]\">\n<div class=\"markdown prose dark:prose-invert w-full wrap-break-word light markdown-new-styling\">\n<div class=\"flex flex-col text-sm\">\n<article class=\"text-token-text-primary w-full focus:outline-none [--shadow-height:45px] has-data-writing-block:pointer-events-none has-data-writing-block:-mt-(--shadow-height) has-data-writing-block:pt-(--shadow-height) [&amp;:has([data-writing-block])&gt;*]:pointer-events-auto scroll-mt-[calc(var(--header-height)+min(200px,max(70px,20svh)))]\" dir=\"auto\" tabindex=\"-1\" data-turn-id=\"request-WEB:cd5deb19-94c9-483e-9ebf-bd612e199c7a-4\" data-testid=\"conversation-turn-10\" data-scroll-anchor=\"true\" data-turn=\"assistant\">\n<div class=\"text-base my-auto mx-auto pb-10 [--thread-content-margin:--spacing(4)] @w-sm\/main:[--thread-content-margin:--spacing(6)] @w-lg\/main:[--thread-content-margin:--spacing(16)] px-(--thread-content-margin)\">\n<div class=\"[--thread-content-max-width:40rem] @w-lg\/main:[--thread-content-max-width:48rem] mx-auto max-w-(--thread-content-max-width) flex-1 group\/turn-messages focus-visible:outline-hidden relative flex w-full min-w-0 flex-col agent-turn\" tabindex=\"-1\">\n<div class=\"flex max-w-full flex-col grow\">\n<div class=\"min-h-8 text-message relative flex w-full flex-col items-end gap-2 text-start break-words whitespace-normal [.text-message+&amp;]:mt-1\" dir=\"auto\" data-message-author-role=\"assistant\" data-message-id=\"b96b74e1-3daa-4b7d-9619-2887dd84cbb3\" data-message-model-slug=\"gpt-5-2\">\n<div class=\"flex w-full flex-col gap-1 empty:hidden first:pt-[1px]\">\n<div class=\"markdown prose dark:prose-invert w-full wrap-break-word light markdown-new-styling\">\n<div class=\"flex h-svh w-screen flex-col\">\n<div class=\"relative z-0 flex min-h-0 w-full flex-1\">\n<div class=\"relative flex min-h-0 w-full flex-1\">\n<div class=\"@container\/main relative flex min-w-0 flex-1 flex-col -translate-y-[calc(env(safe-area-inset-bottom,0px)\/2)] pt-[calc(env(safe-area-inset-bottom,0px)\/2)]\">\n<div class=\"@w-sm\/main:[scrollbar-gutter:stable_both-edges] touch:[scrollbar-width:none] relative flex min-h-0 min-w-0 flex-1 flex-col [scrollbar-gutter:stable] not-print:overflow-x-clip not-print:overflow-y-auto scroll-pt-(--header-height) [--sticky-padding-top:var(--header-height)] has-data-[fixed-header=less-than-xl]:@w-xl\/main:scroll-pt-0 has-data-[fixed-header=less-than-xl]:@w-xl\/main:[--sticky-padding-top:0px] has-data-[fixed-header=less-than-xxl]:@w-2xl\/main:scroll-pt-0 has-data-[fixed-header=less-than-xxl]:@w-2xl\/main:[--sticky-padding-top:0px]\" data-scroll-root=\"\">\n<h3>Mod\u00e8les de portes int\u00e9rieures : les meilleures options pour l\u2019\u00e9l\u00e9gance et la durabilit\u00e9<\/h3>\n<p class=\"first:mt-1.5!\">Les portes utilis\u00e9es dans les espaces int\u00e9rieurs ne servent pas seulement \u00e0 s\u00e9parer les pi\u00e8ces, elles contribuent aussi \u00e0 la d\u00e9coration g\u00e9n\u00e9rale. Les <strong>mod\u00e8les de portes int\u00e9rieures<\/strong> offrent \u00e9l\u00e9gance et fonctionnalit\u00e9 pour tous les styles d\u2019int\u00e9rieur. Fabriqu\u00e9s \u00e0 partir de diff\u00e9rents mat\u00e9riaux comme les <strong>portes MDF<\/strong>, les <strong>portes int\u00e9rieures en MDF<\/strong> ou les <strong>portes int\u00e9rieures en PVC<\/strong>, ces <strong>mod\u00e8les de portes pour la maison<\/strong> peuvent \u00eatre con\u00e7us pour s\u2019adapter \u00e0 chaque pi\u00e8ce. Dans cet article, nous vous proposons un aper\u00e7u d\u00e9taill\u00e9 des diff\u00e9rentes options de portes en mettant en avant les mots-cl\u00e9s <strong>portes int\u00e9rieures<\/strong>, <strong>porte MDF<\/strong> et <strong>porte int\u00e9rieure en PVC<\/strong>.<\/p>\n<h4>Portes MDF : des options modernes et durables<\/h4>\n<p class=\"first:mt-1.5!\">Les <strong>mod\u00e8les de portes MDF<\/strong> figurent parmi les choix les plus populaires dans la cat\u00e9gorie des <strong>portes int\u00e9rieures<\/strong>. Les <strong>portes int\u00e9rieures en MDF<\/strong> attirent l\u2019attention par leur solidit\u00e9 et leur \u00e9l\u00e9gance. Le MDF est un panneau de fibres de bois \u00e0 densit\u00e9 moyenne qui poss\u00e8de une surface de haute qualit\u00e9. Gr\u00e2ce \u00e0 ces caract\u00e9ristiques, les <strong>portes MDF<\/strong> offrent une longue dur\u00e9e de vie et un rendu esth\u00e9tique raffin\u00e9. Les <strong>portes int\u00e9rieures en MDF<\/strong> sont g\u00e9n\u00e9ralement privil\u00e9gi\u00e9es dans les int\u00e9rieurs modernes. Elles peuvent aussi \u00eatre fabriqu\u00e9es dans diff\u00e9rents coloris et motifs, ce qui leur permet de s\u2019int\u00e9grer \u00e0 tous les styles de d\u00e9coration.<\/p>\n<p class=\"first:mt-1.5!\">Les <strong>mod\u00e8les de portes MDF<\/strong> sont \u00e9galement efficaces en mati\u00e8re d\u2019<strong>isolation acoustique<\/strong>. Elles r\u00e9duisent les nuisances sonores entre les espaces int\u00e9rieurs et cr\u00e9ent un environnement de vie plus confortable. En outre, les <strong>portes int\u00e9rieures en MDF<\/strong> peuvent \u00eatre facilement peintes et personnalis\u00e9es avec des \u00e9l\u00e9ments d\u00e9coratifs.<\/p>\n<h4>Portes int\u00e9rieures en PVC : des solutions r\u00e9sistantes \u00e0 l\u2019eau et \u00e0 l\u2019humidit\u00e9<\/h4>\n<p class=\"first:mt-1.5!\">Les <strong>mod\u00e8les de portes int\u00e9rieures en PVC<\/strong> constituent un choix id\u00e9al, en particulier pour les pi\u00e8ces humides. Adapt\u00e9es \u00e0 des espaces comme la cuisine et la salle de bain, les <strong>portes int\u00e9rieures en PVC<\/strong> offrent une longue dur\u00e9e d\u2019utilisation gr\u00e2ce \u00e0 leur r\u00e9sistance \u00e0 l\u2019eau. De plus, les <strong>portes PVC<\/strong> sont tr\u00e8s durables et ne n\u00e9cessitent presque aucun entretien. Elles pr\u00e9sentent aussi une apparence moderne et \u00e9l\u00e9gante.<\/p>\n<p class=\"first:mt-1.5!\">Les <strong>portes int\u00e9rieures en PVC<\/strong> se distinguent g\u00e9n\u00e9ralement par leur co\u00fbt plus \u00e9conomique. Leurs surfaces faciles \u00e0 nettoyer rendent leur entretien extr\u00eamement simple. En outre, il existe diff\u00e9rents mod\u00e8les de <strong>portes int\u00e9rieures en PVC<\/strong> avec de multiples couleurs et motifs, capables de s\u2019adapter \u00e0 tous les int\u00e9rieurs.<\/p>\n<h4>Mod\u00e8les de portes pour la maison : des options adapt\u00e9es \u00e0 diff\u00e9rents styles<\/h4>\n<p class=\"first:mt-1.5!\">Choisir le bon <strong>mod\u00e8le de porte<\/strong> pour les espaces int\u00e9rieurs de la maison est essentiel pour compl\u00e9ter votre d\u00e9coration. Les <strong>mod\u00e8les de portes pour la maison<\/strong> sont con\u00e7us dans diff\u00e9rents styles selon la fonction de chaque pi\u00e8ce et l\u2019esth\u00e9tique recherch\u00e9e. Alors que les <strong>portes int\u00e9rieures en MDF<\/strong> offrent \u00e0 la fois \u00e9l\u00e9gance et robustesse dans les maisons modernes, les <strong>portes int\u00e9rieures en PVC<\/strong> sont id\u00e9ales pour ceux qui recherchent une solution plus \u00e9conomique et r\u00e9sistante \u00e0 l\u2019eau.<\/p>\n<ul class=\"list-disc\">\n<li class=\"ml-4\"><strong>Portes planes et sobres pour les maisons modernes<\/strong> : pour les designs minimalistes, les <strong>portes MDF<\/strong> lisses offrent une apparence \u00e9l\u00e9gante et \u00e9pur\u00e9e. Tr\u00e8s appr\u00e9ci\u00e9es dans les int\u00e9rieurs modernes, elles apportent une sensation de fluidit\u00e9 visuelle entre les pi\u00e8ces.<\/li>\n<li class=\"ml-4\"><strong>Portes \u00e0 panneaux pour les maisons classiques<\/strong> : pour les int\u00e9rieurs de style traditionnel, il est possible de privil\u00e9gier, parmi les <strong>mod\u00e8les de portes int\u00e9rieures en MDF<\/strong>, des portes avec d\u00e9tails \u00e0 panneaux. Ces portes ajoutent une touche raffin\u00e9e \u00e0 la d\u00e9coration.<\/li>\n<\/ul>\n<h4>Points \u00e0 consid\u00e9rer lors du choix d\u2019une porte int\u00e9rieure<\/h4>\n<p class=\"first:mt-1.5!\">Lors du choix d\u2019une porte int\u00e9rieure, certains facteurs importants doivent \u00eatre pris en compte. Parmi les <strong>mod\u00e8les de portes pour la maison<\/strong>, vous devez s\u00e9lectionner la porte adapt\u00e9e en fonction de l\u2019usage de la pi\u00e8ce, de vos pr\u00e9f\u00e9rences esth\u00e9tiques et du niveau de durabilit\u00e9 recherch\u00e9 :<\/p>\n<ul class=\"list-disc\">\n<li class=\"ml-4\"><strong>Isolation acoustique<\/strong> : si vous souhaitez limiter la transmission du bruit entre les espaces int\u00e9rieurs, vous pouvez opter pour des <strong>portes MDF<\/strong> offrant une bonne isolation sonore.<\/li>\n<li class=\"ml-4\"><strong>R\u00e9sistance \u00e0 l\u2019eau<\/strong> : dans les environnements humides comme la salle de bain et la cuisine, les <strong>portes int\u00e9rieures en PVC<\/strong> seront plus durables.<\/li>\n<li class=\"ml-4\"><strong>Esth\u00e9tique et design<\/strong> : vous pouvez choisir un <strong>mod\u00e8le de porte int\u00e9rieure<\/strong> qui apportera de l\u2019\u00e9l\u00e9gance \u00e0 votre maison gr\u00e2ce \u00e0 des choix de couleurs, de motifs et de mat\u00e9riaux adapt\u00e9s \u00e0 votre d\u00e9coration.<\/li>\n<\/ul>\n<h4>Conclusion : rendez votre maison \u00e9l\u00e9gante et fonctionnelle gr\u00e2ce aux portes int\u00e9rieures<\/h4>\n<p class=\"first:mt-1.5!\">Les <strong>portes int\u00e9rieures<\/strong> doivent \u00eatre choisies de mani\u00e8re \u00e0 s\u2019harmoniser avec la d\u00e9coration de chaque pi\u00e8ce de la maison. Parmi les <strong>portes MDF<\/strong>, les <strong>portes int\u00e9rieures en PVC<\/strong> et les diff\u00e9rents <strong>mod\u00e8les de portes int\u00e9rieures<\/strong>, il existe de nombreuses options qui associent \u00e9l\u00e9gance et fonctionnalit\u00e9. Faire le bon choix parmi les <strong>mod\u00e8les de portes pour la maison<\/strong> est essentiel pour compl\u00e9ter l\u2019ambiance de votre int\u00e9rieur et cr\u00e9er un espace de vie fonctionnel.<\/p>\n<p class=\"first:mt-1.5!\">Qu\u2019il s\u2019agisse d\u2019un design moderne ou classique, les <strong>mod\u00e8les de portes int\u00e9rieures<\/strong> proposent des options adapt\u00e9es \u00e0 chaque pi\u00e8ce de votre maison. Les <strong>portes MDF<\/strong> et les <strong>portes int\u00e9rieures en PVC<\/strong> sont des solutions esth\u00e9tiques, robustes et durables, garantissant une utilisation confortable pendant de longues ann\u00e9es. En d\u2019autres termes, choisir le bon <strong>mod\u00e8le de porte<\/strong> vous permettra de rendre votre int\u00e9rieur plus \u00e9l\u00e9gant et plus fonctionnel, tout en am\u00e9liorant votre qualit\u00e9 de vie.<\/p>\n<p class=\"first:mt-1.5!\">Ce contenu met en avant l\u2019importance esth\u00e9tique et fonctionnelle des portes int\u00e9rieures en utilisant des mots-cl\u00e9s tels que <strong>mod\u00e8les de portes int\u00e9rieures<\/strong>, <strong>porte MDF<\/strong>, <strong>porte int\u00e9rieure en PVC<\/strong> et <strong>mod\u00e8les de portes pour la maison<\/strong>.<\/p>\n<\/div>\n<\/div>\n<\/div>\n<\/div>\n<\/div>\n<\/div>\n<\/div>\n<\/div>\n<\/div>\n<\/div>\n<\/div>\n<\/article>\n<\/div>\n<\/div>\n<\/div>\n<\/div>\n<\/div>\n<\/div>\n<\/div>\n<\/article>\n<\/div>\n<\/div>\n","protected":false},"excerpt":{"rendered":"<p>Mod\u00e8les de portes int\u00e9rieures : les meilleures options pour l\u2019\u00e9l\u00e9gance et la durabilit\u00e9 Les portes utilis\u00e9es dans les espaces int\u00e9rieurs ne servent pas seulement \u00e0 s\u00e9parer les pi\u00e8ces, elles contribuent aussi \u00e0 la d\u00e9coration g\u00e9n\u00e9rale. Les mod\u00e8les de portes int\u00e9rieures offrent \u00e9l\u00e9gance et fonctionnalit\u00e9 pour tous les styles d\u2019int\u00e9rieur. Fabriqu\u00e9s \u00e0 partir de diff\u00e9rents mat\u00e9riaux<\/p>\n","protected":false},"featured_media":10111,"template":"","meta":{"_bbp_topic_count":0,"_bbp_reply_count":0,"_bbp_total_topic_count":0,"_bbp_total_reply_count":0,"_bbp_voice_count":0,"_bbp_anonymous_reply_count":0,"_bbp_topic_count_hidden":0,"_bbp_reply_count_hidden":0,"_bbp_forum_subforum_count":0},"product_brand":[],"product_cat":[931],"product_tag":[],"class_list":{"0":"post-10110","1":"product","2":"type-product","3":"status-publish","4":"has-post-thumbnail","6":"product_cat-portes-interieures-de-luxe","8":"first","9":"instock","10":"shipping-taxable","11":"product-type-simple","12":"prodpage-classic"},"yoast_head":"<!-- This site is optimized with the Yoast SEO Premium plugin v26.6 (Yoast SEO v27.3) - https:\/\/yoast.com\/product\/yoast-seo-premium-wordpress\/ -->\n<title>Mod\u00e8les de portes int\u00e9rieures : apportez une touche d&#039;\u00e9l\u00e9gance \u00e0 votre int\u00e9rieur avec des portes int\u00e9rieures en MDF et en PVC<\/title>\n<meta name=\"description\" content=\"Les portes int\u00e9rieures constituent des \u00e9l\u00e9ments essentiels qui compl\u00e8tent la d\u00e9coration int\u00e9rieure. Portes en MDF, portes int\u00e9rieures en PVC, mod\u00e8les de portes d&#039;entr\u00e9e et diff\u00e9rents mod\u00e8les de portes int\u00e9rieures\" \/>\n<meta name=\"robots\" content=\"index, follow, max-snippet:-1, max-image-preview:large, max-video-preview:-1\" \/>\n<link rel=\"canonical\" href=\"https:\/\/www.kapi.ltd\/fr\/urun\/porte-interieure-2\/\" \/>\n<meta property=\"og:locale\" content=\"fr_FR\" \/>\n<meta property=\"og:type\" content=\"article\" \/>\n<meta property=\"og:title\" content=\"Porte int\u00e9rieure\" \/>\n<meta property=\"og:description\" content=\"Les portes int\u00e9rieures constituent des \u00e9l\u00e9ments essentiels qui compl\u00e8tent la d\u00e9coration int\u00e9rieure. Portes en MDF, portes int\u00e9rieures en PVC, mod\u00e8les de portes d&#039;entr\u00e9e et diff\u00e9rents mod\u00e8les de portes int\u00e9rieures\" \/>\n<meta property=\"og:url\" content=\"https:\/\/www.kapi.ltd\/fr\/urun\/porte-interieure-2\/\" \/>\n<meta property=\"og:site_name\" content=\"\u0130\u00e7 Oda Kap\u0131lar\u0131 - \u00c7elik kap\u0131 modelleri - apartman kap\u0131lar\u0131\" \/>\n<meta property=\"article:modified_time\" content=\"2026-03-25T14:35:08+00:00\" \/>\n<meta property=\"og:image\" content=\"https:\/\/www.kapi.ltd\/wp-content\/uploads\/2026\/02\/ic-kapi-modelleri.webp\" \/>\n\t<meta property=\"og:image:width\" content=\"500\" \/>\n\t<meta property=\"og:image:height\" content=\"750\" \/>\n\t<meta property=\"og:image:type\" content=\"image\/webp\" \/>\n<meta name=\"twitter:card\" content=\"summary_large_image\" \/>\n<meta name=\"twitter:label1\" content=\"Dur\u00e9e de lecture estim\u00e9e\" \/>\n\t<meta name=\"twitter:data1\" content=\"5 minutes\" \/>\n<script type=\"application\/ld+json\" class=\"yoast-schema-graph\">{\"@context\":\"https:\\\/\\\/schema.org\",\"@graph\":[{\"@type\":\"WebPage\",\"@id\":\"https:\\\/\\\/www.kapi.ltd\\\/fr\\\/urun\\\/porte-interieure-2\\\/\",\"url\":\"https:\\\/\\\/www.kapi.ltd\\\/fr\\\/urun\\\/porte-interieure-2\\\/\",\"name\":\"Mod\u00e8les de portes int\u00e9rieures : apportez une touche d'\u00e9l\u00e9gance \u00e0 votre int\u00e9rieur avec des portes int\u00e9rieures en MDF et en PVC\",\"isPartOf\":{\"@id\":\"https:\\\/\\\/www.kapi.ltd\\\/fr\\\/#website\"},\"primaryImageOfPage\":{\"@id\":\"https:\\\/\\\/www.kapi.ltd\\\/fr\\\/urun\\\/porte-interieure-2\\\/#primaryimage\"},\"image\":{\"@id\":\"https:\\\/\\\/www.kapi.ltd\\\/fr\\\/urun\\\/porte-interieure-2\\\/#primaryimage\"},\"thumbnailUrl\":\"https:\\\/\\\/www.kapi.ltd\\\/wp-content\\\/uploads\\\/2026\\\/02\\\/ic-kapi-modelleri.webp\",\"datePublished\":\"2026-02-28T20:58:04+00:00\",\"dateModified\":\"2026-03-25T14:35:08+00:00\",\"description\":\"Les portes int\u00e9rieures constituent des \u00e9l\u00e9ments essentiels qui compl\u00e8tent la d\u00e9coration int\u00e9rieure. Portes en MDF, portes int\u00e9rieures en PVC, mod\u00e8les de portes d'entr\u00e9e et diff\u00e9rents mod\u00e8les de portes int\u00e9rieures\",\"breadcrumb\":{\"@id\":\"https:\\\/\\\/www.kapi.ltd\\\/fr\\\/urun\\\/porte-interieure-2\\\/#breadcrumb\"},\"inLanguage\":\"fr-FR\",\"potentialAction\":[{\"@type\":\"ReadAction\",\"target\":[\"https:\\\/\\\/www.kapi.ltd\\\/fr\\\/urun\\\/porte-interieure-2\\\/\"]}]},{\"@type\":\"ImageObject\",\"inLanguage\":\"fr-FR\",\"@id\":\"https:\\\/\\\/www.kapi.ltd\\\/fr\\\/urun\\\/porte-interieure-2\\\/#primaryimage\",\"url\":\"https:\\\/\\\/www.kapi.ltd\\\/wp-content\\\/uploads\\\/2026\\\/02\\\/ic-kapi-modelleri.webp\",\"contentUrl\":\"https:\\\/\\\/www.kapi.ltd\\\/wp-content\\\/uploads\\\/2026\\\/02\\\/ic-kapi-modelleri.webp\",\"width\":500,\"height\":750,\"caption\":\"i\u00e7 kap\u0131 modelleri\"},{\"@type\":\"BreadcrumbList\",\"@id\":\"https:\\\/\\\/www.kapi.ltd\\\/fr\\\/urun\\\/porte-interieure-2\\\/#breadcrumb\",\"itemListElement\":[{\"@type\":\"ListItem\",\"position\":1,\"name\":\"Anasayfa\",\"item\":\"https:\\\/\\\/www.kapi.ltd\\\/fr\\\/\"},{\"@type\":\"ListItem\",\"position\":2,\"name\":\"ic-kapi-celik-kapi-modelleri\",\"item\":\"https:\\\/\\\/www.kapi.ltd\\\/?page_id=4263\"},{\"@type\":\"ListItem\",\"position\":3,\"name\":\"Porte int\u00e9rieure\"}]},{\"@type\":\"WebSite\",\"@id\":\"https:\\\/\\\/www.kapi.ltd\\\/fr\\\/#website\",\"url\":\"https:\\\/\\\/www.kapi.ltd\\\/fr\\\/\",\"name\":\"\u0130\u00e7 Kap\u0131 Ve \u00c7elik Kap\u0131 Modelleri\",\"description\":\"T\u00fcrkiye Kap\u0131 Modelleri Merkezi\",\"potentialAction\":[{\"@type\":\"SearchAction\",\"target\":{\"@type\":\"EntryPoint\",\"urlTemplate\":\"https:\\\/\\\/www.kapi.ltd\\\/fr\\\/?s={search_term_string}\"},\"query-input\":{\"@type\":\"PropertyValueSpecification\",\"valueRequired\":true,\"valueName\":\"search_term_string\"}}],\"inLanguage\":\"fr-FR\"}]}<\/script>\n<!-- \/ Yoast SEO Premium plugin. -->","yoast_head_json":{"title":"Mod\u00e8les de portes int\u00e9rieures : apportez une touche d'\u00e9l\u00e9gance \u00e0 votre int\u00e9rieur avec des portes int\u00e9rieures en MDF et en PVC","description":"Les portes int\u00e9rieures constituent des \u00e9l\u00e9ments essentiels qui compl\u00e8tent la d\u00e9coration int\u00e9rieure. Portes en MDF, portes int\u00e9rieures en PVC, mod\u00e8les de portes d'entr\u00e9e et diff\u00e9rents mod\u00e8les de portes int\u00e9rieures","robots":{"index":"index","follow":"follow","max-snippet":"max-snippet:-1","max-image-preview":"max-image-preview:large","max-video-preview":"max-video-preview:-1"},"canonical":"https:\/\/www.kapi.ltd\/fr\/urun\/porte-interieure-2\/","og_locale":"fr_FR","og_type":"article","og_title":"Porte int\u00e9rieure","og_description":"Les portes int\u00e9rieures constituent des \u00e9l\u00e9ments essentiels qui compl\u00e8tent la d\u00e9coration int\u00e9rieure. Portes en MDF, portes int\u00e9rieures en PVC, mod\u00e8les de portes d'entr\u00e9e et diff\u00e9rents mod\u00e8les de portes int\u00e9rieures","og_url":"https:\/\/www.kapi.ltd\/fr\/urun\/porte-interieure-2\/","og_site_name":"\u0130\u00e7 Oda Kap\u0131lar\u0131 - \u00c7elik kap\u0131 modelleri - apartman kap\u0131lar\u0131","article_modified_time":"2026-03-25T14:35:08+00:00","og_image":[{"width":500,"height":750,"url":"https:\/\/www.kapi.ltd\/wp-content\/uploads\/2026\/02\/ic-kapi-modelleri.webp","type":"image\/webp"}],"twitter_card":"summary_large_image","twitter_misc":{"Dur\u00e9e de lecture estim\u00e9e":"5 minutes"},"schema":{"@context":"https:\/\/schema.org","@graph":[{"@type":"WebPage","@id":"https:\/\/www.kapi.ltd\/fr\/urun\/porte-interieure-2\/","url":"https:\/\/www.kapi.ltd\/fr\/urun\/porte-interieure-2\/","name":"Mod\u00e8les de portes int\u00e9rieures : apportez une touche d'\u00e9l\u00e9gance \u00e0 votre int\u00e9rieur avec des portes int\u00e9rieures en MDF et en PVC","isPartOf":{"@id":"https:\/\/www.kapi.ltd\/fr\/#website"},"primaryImageOfPage":{"@id":"https:\/\/www.kapi.ltd\/fr\/urun\/porte-interieure-2\/#primaryimage"},"image":{"@id":"https:\/\/www.kapi.ltd\/fr\/urun\/porte-interieure-2\/#primaryimage"},"thumbnailUrl":"https:\/\/www.kapi.ltd\/wp-content\/uploads\/2026\/02\/ic-kapi-modelleri.webp","datePublished":"2026-02-28T20:58:04+00:00","dateModified":"2026-03-25T14:35:08+00:00","description":"Les portes int\u00e9rieures constituent des \u00e9l\u00e9ments essentiels qui compl\u00e8tent la d\u00e9coration int\u00e9rieure. Portes en MDF, portes int\u00e9rieures en PVC, mod\u00e8les de portes d'entr\u00e9e et diff\u00e9rents mod\u00e8les de portes int\u00e9rieures","breadcrumb":{"@id":"https:\/\/www.kapi.ltd\/fr\/urun\/porte-interieure-2\/#breadcrumb"},"inLanguage":"fr-FR","potentialAction":[{"@type":"ReadAction","target":["https:\/\/www.kapi.ltd\/fr\/urun\/porte-interieure-2\/"]}]},{"@type":"ImageObject","inLanguage":"fr-FR","@id":"https:\/\/www.kapi.ltd\/fr\/urun\/porte-interieure-2\/#primaryimage","url":"https:\/\/www.kapi.ltd\/wp-content\/uploads\/2026\/02\/ic-kapi-modelleri.webp","contentUrl":"https:\/\/www.kapi.ltd\/wp-content\/uploads\/2026\/02\/ic-kapi-modelleri.webp","width":500,"height":750,"caption":"i\u00e7 kap\u0131 modelleri"},{"@type":"BreadcrumbList","@id":"https:\/\/www.kapi.ltd\/fr\/urun\/porte-interieure-2\/#breadcrumb","itemListElement":[{"@type":"ListItem","position":1,"name":"Anasayfa","item":"https:\/\/www.kapi.ltd\/fr\/"},{"@type":"ListItem","position":2,"name":"ic-kapi-celik-kapi-modelleri","item":"https:\/\/www.kapi.ltd\/?page_id=4263"},{"@type":"ListItem","position":3,"name":"Porte int\u00e9rieure"}]},{"@type":"WebSite","@id":"https:\/\/www.kapi.ltd\/fr\/#website","url":"https:\/\/www.kapi.ltd\/fr\/","name":"\u0130\u00e7 Kap\u0131 Ve \u00c7elik Kap\u0131 Modelleri","description":"T\u00fcrkiye Kap\u0131 Modelleri Merkezi","potentialAction":[{"@type":"SearchAction","target":{"@type":"EntryPoint","urlTemplate":"https:\/\/www.kapi.ltd\/fr\/?s={search_term_string}"},"query-input":{"@type":"PropertyValueSpecification","valueRequired":true,"valueName":"search_term_string"}}],"inLanguage":"fr-FR"}]}},"_links":{"self":[{"href":"https:\/\/www.kapi.ltd\/fr\/wp-json\/wp\/v2\/product\/10110","targetHints":{"allow":["GET"]}}],"collection":[{"href":"https:\/\/www.kapi.ltd\/fr\/wp-json\/wp\/v2\/product"}],"about":[{"href":"https:\/\/www.kapi.ltd\/fr\/wp-json\/wp\/v2\/types\/product"}],"version-history":[{"count":2,"href":"https:\/\/www.kapi.ltd\/fr\/wp-json\/wp\/v2\/product\/10110\/revisions"}],"predecessor-version":[{"id":10391,"href":"https:\/\/www.kapi.ltd\/fr\/wp-json\/wp\/v2\/product\/10110\/revisions\/10391"}],"wp:featuredmedia":[{"embeddable":true,"href":"https:\/\/www.kapi.ltd\/fr\/wp-json\/wp\/v2\/media\/10111"}],"wp:attachment":[{"href":"https:\/\/www.kapi.ltd\/fr\/wp-json\/wp\/v2\/media?parent=10110"}],"wp:term":[{"taxonomy":"product_brand","embeddable":true,"href":"https:\/\/www.kapi.ltd\/fr\/wp-json\/wp\/v2\/product_brand?post=10110"},{"taxonomy":"product_cat","embeddable":true,"href":"https:\/\/www.kapi.ltd\/fr\/wp-json\/wp\/v2\/product_cat?post=10110"},{"taxonomy":"product_tag","embeddable":true,"href":"https:\/\/www.kapi.ltd\/fr\/wp-json\/wp\/v2\/product_tag?post=10110"}],"curies":[{"name":"wp","href":"https:\/\/api.w.org\/{rel}","templated":true}]}}