{"id":10074,"date":"2026-02-28T16:48:27","date_gmt":"2026-02-28T13:48:27","guid":{"rendered":"https:\/\/www.kapi.ltd\/urun\/camli-oda-kapilari\/"},"modified":"2026-03-30T17:57:22","modified_gmt":"2026-03-30T14:57:22","slug":"portes-de-chambre-vitrees","status":"publish","type":"product","link":"https:\/\/www.kapi.ltd\/fr\/urun\/portes-de-chambre-vitrees\/","title":{"rendered":"Portes de chambre vitr\u00e9es"},"content":{"rendered":"<div class=\"relative basis-auto flex-col -mb-(--composer-overlap-px) [--composer-overlap-px:28px] grow flex\">\n<div class=\"flex flex-col text-sm pb-25\">\n<article class=\"text-token-text-primary w-full focus:outline-none [--shadow-height:45px] has-data-writing-block:pointer-events-none has-data-writing-block:-mt-(--shadow-height) has-data-writing-block:pt-(--shadow-height) [&amp;:has([data-writing-block])&gt;*]:pointer-events-auto scroll-mt-[calc(var(--header-height)+min(200px,max(70px,20svh)))]\" dir=\"auto\" tabindex=\"-1\" data-turn-id=\"request-WEB:2b9e6435-ceff-4ba4-bf60-66abfd099f94-4\" data-testid=\"conversation-turn-6\" data-scroll-anchor=\"true\" data-turn=\"assistant\">\n<div class=\"text-base my-auto mx-auto pb-10 [--thread-content-margin:--spacing(4)] @w-sm\/main:[--thread-content-margin:--spacing(6)] @w-lg\/main:[--thread-content-margin:--spacing(16)] px-(--thread-content-margin)\">\n<div class=\"[--thread-content-max-width:40rem] @w-lg\/main:[--thread-content-max-width:48rem] mx-auto max-w-(--thread-content-max-width) flex-1 group\/turn-messages focus-visible:outline-hidden relative flex w-full min-w-0 flex-col agent-turn\" tabindex=\"-1\">\n<div class=\"flex max-w-full flex-col grow\">\n<div class=\"min-h-8 text-message relative flex w-full flex-col items-end gap-2 text-start break-words whitespace-normal [.text-message+&amp;]:mt-1\" dir=\"auto\" data-message-author-role=\"assistant\" data-message-id=\"7e3d4023-93e5-4f40-b9b4-ca2e1a7065cc\" data-message-model-slug=\"gpt-5-2\">\n<div class=\"flex w-full flex-col gap-1 empty:hidden first:pt-[1px]\">\n<div class=\"markdown prose dark:prose-invert w-full wrap-break-word light markdown-new-styling\">\n<div class=\"flex flex-col text-sm\">\n<article class=\"text-token-text-primary w-full focus:outline-none [--shadow-height:45px] has-data-writing-block:pointer-events-none has-data-writing-block:-mt-(--shadow-height) has-data-writing-block:pt-(--shadow-height) [&amp;:has([data-writing-block])&gt;*]:pointer-events-auto scroll-mt-[calc(var(--header-height)+min(200px,max(70px,20svh)))]\" dir=\"auto\" tabindex=\"-1\" data-turn-id=\"request-WEB:cd5deb19-94c9-483e-9ebf-bd612e199c7a-4\" data-testid=\"conversation-turn-10\" data-scroll-anchor=\"true\" data-turn=\"assistant\">\n<div class=\"text-base my-auto mx-auto pb-10 [--thread-content-margin:--spacing(4)] @w-sm\/main:[--thread-content-margin:--spacing(6)] @w-lg\/main:[--thread-content-margin:--spacing(16)] px-(--thread-content-margin)\">\n<div class=\"[--thread-content-max-width:40rem] @w-lg\/main:[--thread-content-max-width:48rem] mx-auto max-w-(--thread-content-max-width) flex-1 group\/turn-messages focus-visible:outline-hidden relative flex w-full min-w-0 flex-col agent-turn\" tabindex=\"-1\">\n<div class=\"flex max-w-full flex-col grow\">\n<div class=\"min-h-8 text-message relative flex w-full flex-col items-end gap-2 text-start break-words whitespace-normal [.text-message+&amp;]:mt-1\" dir=\"auto\" data-message-author-role=\"assistant\" data-message-id=\"b96b74e1-3daa-4b7d-9619-2887dd84cbb3\" data-message-model-slug=\"gpt-5-2\">\n<div class=\"flex w-full flex-col gap-1 empty:hidden first:pt-[1px]\">\n<div class=\"markdown prose dark:prose-invert w-full wrap-break-word light markdown-new-styling\">\n<h3>Portes de chambre vitr\u00e9es : l\u2019\u00e9l\u00e9gance qui allie esth\u00e9tique et fonctionnalit\u00e9<\/h3>\n<p class=\"first:mt-1.5!\">Les portes utilis\u00e9es dans les espaces int\u00e9rieurs jouent un r\u00f4le important non seulement sur le plan fonctionnel, mais aussi comme \u00e9l\u00e9ments d\u00e9coratifs. Les <strong>portes de chambre vitr\u00e9es<\/strong> comptent parmi les meilleures options pour apporter \u00e9l\u00e9gance et sensation d\u2019espace aux int\u00e9rieurs modernes. Les diff\u00e9rents <strong>mod\u00e8les de portes de chambre vitr\u00e9es<\/strong>, la <strong>porte int\u00e9rieure vitr\u00e9e<\/strong> ou encore le <strong>mod\u00e8le de porte int\u00e9rieure avec vitrage<\/strong> permettent \u00e0 la fois de laisser entrer la lumi\u00e8re naturelle et de cr\u00e9er une transparence visuelle entre les pi\u00e8ces. Dans cet article, nous vous donnons des informations d\u00e9taill\u00e9es sur les <strong>portes de chambre vitr\u00e9es<\/strong> et vous expliquons comment cr\u00e9er un int\u00e9rieur \u00e0 la fois \u00e9l\u00e9gant et fonctionnel.<\/p>\n<h4>Portes de chambre vitr\u00e9es : un incontournable des int\u00e9rieurs modernes<\/h4>\n<p class=\"first:mt-1.5!\">Les <strong>portes de chambre vitr\u00e9es<\/strong> augmentent la circulation de la lumi\u00e8re dans les espaces int\u00e9rieurs, ce qui rend les pi\u00e8ces plus lumineuses et plus spacieuses. Les <strong>mod\u00e8les de portes de chambre vitr\u00e9es<\/strong> sont particuli\u00e8rement adapt\u00e9s aux pi\u00e8ces petites ou sombres. Ces portes apportent \u00e0 votre maison une touche d\u2019\u00e9l\u00e9gance tout en \u00e9tant tr\u00e8s fonctionnelles. La <strong>porte int\u00e9rieure vitr\u00e9e<\/strong> cr\u00e9e un lien visuel entre les espaces et contribue \u00e0 instaurer une atmosph\u00e8re plus a\u00e9r\u00e9e.<\/p>\n<p class=\"first:mt-1.5!\">Le plus grand avantage des portes vitr\u00e9es est leur capacit\u00e9 \u00e0 laisser passer la lumi\u00e8re, ce qui donne aux espaces un aspect plus clair et plus ouvert. En outre, les <strong>portes de chambre vitr\u00e9es<\/strong> cr\u00e9ent une transparence visuelle entre les pi\u00e8ces, ce qui donne une impression de continuit\u00e9 et d\u2019espace.<\/p>\n<h4>Mod\u00e8les de portes int\u00e9rieures vitr\u00e9es : des designs \u00e9l\u00e9gants et fonctionnels<\/h4>\n<p class=\"first:mt-1.5!\">Les <strong>mod\u00e8les de portes int\u00e9rieures vitr\u00e9es<\/strong> peuvent \u00eatre con\u00e7us selon diff\u00e9rents styles et pr\u00e9f\u00e9rences. Les portes vitr\u00e9es proposent g\u00e9n\u00e9ralement des designs minimalistes et \u00e9l\u00e9gants, parfaitement adapt\u00e9s aux int\u00e9rieurs modernes. Toutefois, il existe \u00e9galement des options convenant aux d\u00e9corations plus classiques. Voici quelques mod\u00e8les populaires :<\/p>\n<ul class=\"list-disc\">\n<li class=\"ml-4\"><strong>Portes enti\u00e8rement vitr\u00e9es<\/strong> : ce type de porte est enti\u00e8rement compos\u00e9 de verre et offre une transparence totale entre les pi\u00e8ces. Elles laissent passer la lumi\u00e8re tout en renfor\u00e7ant la connexion visuelle entre les espaces. Elles sont g\u00e9n\u00e9ralement id\u00e9ales pour les int\u00e9rieurs modernes.<\/li>\n<li class=\"ml-4\"><strong>Portes \u00e0 panneaux vitr\u00e9s<\/strong> : dans ces mod\u00e8les, le vitrage est int\u00e9gr\u00e9 dans la partie panneau de la porte. Elles allient design traditionnel et \u00e9l\u00e9gance moderne. C\u2019est un excellent choix pour ceux qui souhaitent \u00e0 la fois plus de clart\u00e9 et une touche d\u00e9corative.<\/li>\n<li class=\"ml-4\"><strong>Mod\u00e8les de portes vitr\u00e9es avec sections en verre<\/strong> : les parties vitr\u00e9es situ\u00e9es dans la partie sup\u00e9rieure ou inf\u00e9rieure de la porte offrent une apparence \u00e0 la fois d\u00e9corative et fonctionnelle. Ces portes donnent une impression d\u2019ouverture et de luminosit\u00e9 tout en pr\u00e9servant l\u2019intimit\u00e9.<\/li>\n<\/ul>\n<h4>Mod\u00e8les de portes vitr\u00e9es : pour quels styles d\u2019int\u00e9rieur ?<\/h4>\n<p class=\"first:mt-1.5!\">M\u00eame si les <strong>portes de chambre vitr\u00e9es<\/strong> sont particuli\u00e8rement appr\u00e9ci\u00e9es dans les int\u00e9rieurs modernes, il existe de nombreux mod\u00e8les compatibles avec diff\u00e9rents styles de d\u00e9coration. Par exemple :<\/p>\n<ul class=\"list-disc\">\n<li class=\"ml-4\"><strong>Int\u00e9rieurs modernes<\/strong> : les portes vitr\u00e9es s\u2019int\u00e8grent parfaitement aux espaces modernes gr\u00e2ce \u00e0 leurs lignes \u00e9pur\u00e9es et \u00e0 leurs surfaces transparentes. Les <strong>mod\u00e8les de portes int\u00e9rieures vitr\u00e9es<\/strong> \u00e9tablissent un lien naturel entre les pi\u00e8ces.<\/li>\n<li class=\"ml-4\"><strong>Int\u00e9rieurs classiques<\/strong> : dans les maisons au style classique, les portes vitr\u00e9es sont souvent combin\u00e9es avec des d\u00e9tails \u00e0 panneaux pour obtenir une esth\u00e9tique raffin\u00e9e. Les <strong>portes de chambre vitr\u00e9es<\/strong> avec encadrement en bois cr\u00e9ent une ambiance plus chaleureuse et plus traditionnelle.<\/li>\n<li class=\"ml-4\"><strong>D\u00e9coration industrielle<\/strong> : dans les int\u00e9rieurs de style industriel, on privil\u00e9gie souvent des <strong>mod\u00e8les de portes vitr\u00e9es<\/strong> utilisant des mat\u00e9riaux bruts et naturels. Les portes vitr\u00e9es avec cadre m\u00e9tallique apportent une touche moderne et industrielle.<\/li>\n<\/ul>\n<h4>Avantages des portes de chambre vitr\u00e9es<\/h4>\n<p class=\"first:mt-1.5!\">Les <strong>portes de chambre vitr\u00e9es<\/strong> offrent de nombreux avantages fonctionnels en plus de leur valeur esth\u00e9tique :<\/p>\n<ol class=\"list-decimal\">\n<li class=\"ml-4\"><strong>Transmission de la lumi\u00e8re<\/strong> : les portes vitr\u00e9es permettent \u00e0 la lumi\u00e8re de circuler entre les pi\u00e8ces, rendant les espaces plus lumineux et plus vastes.<\/li>\n<li class=\"ml-4\"><strong>Connexion visuelle<\/strong> : elles cr\u00e9ent un lien visuel entre les espaces, ce qui est particuli\u00e8rement avantageux dans les petits int\u00e9rieurs. La <strong>porte int\u00e9rieure vitr\u00e9e<\/strong> assure une transition plus fluide entre les pi\u00e8ces.<\/li>\n<li class=\"ml-4\"><strong>Valeur esth\u00e9tique<\/strong> : les <strong>mod\u00e8les de portes vitr\u00e9es<\/strong> compl\u00e8tent la d\u00e9coration int\u00e9rieure et ajoutent une touche d\u2019\u00e9l\u00e9gance. Les diff\u00e9rents types de vitrage peuvent encore renforcer ce raffinement.<\/li>\n<li class=\"ml-4\"><strong>Fonctionnalit\u00e9 et intimit\u00e9<\/strong> : selon leur conception, les portes vitr\u00e9es peuvent aussi pr\u00e9server l\u2019intimit\u00e9. Par exemple, les portes avec vitrage d\u00e9poli laissent passer la lumi\u00e8re tout en garantissant une certaine discr\u00e9tion.<\/li>\n<\/ol>\n<h4>Conclusion : renouvelez votre int\u00e9rieur avec des portes de chambre vitr\u00e9es<\/h4>\n<p class=\"first:mt-1.5!\">Les <strong>portes de chambre vitr\u00e9es<\/strong> sont un excellent choix pour am\u00e9liorer l\u2019\u00e9l\u00e9gance, la luminosit\u00e9 et la sensation d\u2019espace dans les int\u00e9rieurs. Parmi les <strong>mod\u00e8les de portes de chambre vitr\u00e9es<\/strong>, il existe diff\u00e9rents styles et designs. Ces portes ne renforcent pas seulement l\u2019apparence visuelle des espaces, elles am\u00e9liorent aussi la connexion fonctionnelle entre les pi\u00e8ces. Le choix d\u2019une <strong>porte int\u00e9rieure vitr\u00e9e<\/strong> s\u2019adapte \u00e0 tous les styles de d\u00e9coration et apporte une touche moderne \u00e0 votre espace de vie.<\/p>\n<p class=\"first:mt-1.5!\">Que votre int\u00e9rieur soit moderne ou classique, les <strong>mod\u00e8les de portes vitr\u00e9es<\/strong> r\u00e9pondent \u00e0 tous les besoins et s\u2019adaptent \u00e0 tous les styles d\u00e9coratifs. Pour rendre vos espaces plus lumineux, plus a\u00e9r\u00e9s et plus \u00e9l\u00e9gants, les <strong>portes de chambre vitr\u00e9es<\/strong> constituent une option id\u00e9ale.<\/p>\n<\/div>\n<\/div>\n<\/div>\n<\/div>\n<\/div>\n<\/div>\n<\/article>\n<\/div>\n<\/div>\n<\/div>\n<\/div>\n<\/div>\n<\/div>\n<\/div>\n<\/article>\n<\/div>\n<\/div>\n","protected":false},"excerpt":{"rendered":"<p>Portes de chambre vitr\u00e9es : l\u2019\u00e9l\u00e9gance qui allie esth\u00e9tique et fonctionnalit\u00e9 Les portes utilis\u00e9es dans les espaces int\u00e9rieurs jouent un r\u00f4le important non seulement sur le plan fonctionnel, mais aussi comme \u00e9l\u00e9ments d\u00e9coratifs. Les portes de chambre vitr\u00e9es comptent parmi les meilleures options pour apporter \u00e9l\u00e9gance et sensation d\u2019espace aux int\u00e9rieurs modernes. Les diff\u00e9rents mod\u00e8les<\/p>\n","protected":false},"featured_media":10075,"template":"","meta":{"_bbp_topic_count":0,"_bbp_reply_count":0,"_bbp_total_topic_count":0,"_bbp_total_reply_count":0,"_bbp_voice_count":0,"_bbp_anonymous_reply_count":0,"_bbp_topic_count_hidden":0,"_bbp_reply_count_hidden":0,"_bbp_forum_subforum_count":0},"product_brand":[],"product_cat":[931],"product_tag":[],"class_list":{"0":"post-10074","1":"product","2":"type-product","3":"status-publish","4":"has-post-thumbnail","6":"product_cat-portes-interieures-de-luxe","8":"first","9":"instock","10":"shipping-taxable","11":"product-type-simple","12":"prodpage-classic"},"yoast_head":"<!-- This site is optimized with the Yoast SEO Premium plugin v26.6 (Yoast SEO v27.3) - https:\/\/yoast.com\/product\/yoast-seo-premium-wordpress\/ -->\n<title>Portes de chambre vitr\u00e9es : pour des int\u00e9rieurs modernes<\/title>\n<meta name=\"description\" content=\"Les portes de chambre vitr\u00e9es apportent de la lumi\u00e8re et une touche d&#039;\u00e9l\u00e9gance \u00e0 vos int\u00e9rieurs. Apportez de la luminosit\u00e9 \u00e0 votre int\u00e9rieur gr\u00e2ce \u00e0 nos diff\u00e9rents mod\u00e8les de portes de chambre vitr\u00e9es.\" \/>\n<meta name=\"robots\" content=\"index, follow, max-snippet:-1, max-image-preview:large, max-video-preview:-1\" \/>\n<link rel=\"canonical\" href=\"https:\/\/www.kapi.ltd\/fr\/urun\/portes-de-chambre-vitrees\/\" \/>\n<meta property=\"og:locale\" content=\"fr_FR\" \/>\n<meta property=\"og:type\" content=\"article\" \/>\n<meta property=\"og:title\" content=\"Portes de chambre vitr\u00e9es\" \/>\n<meta property=\"og:description\" content=\"Les portes de chambre vitr\u00e9es apportent de la lumi\u00e8re et une touche d&#039;\u00e9l\u00e9gance \u00e0 vos int\u00e9rieurs. Apportez de la luminosit\u00e9 \u00e0 votre int\u00e9rieur gr\u00e2ce \u00e0 nos diff\u00e9rents mod\u00e8les de portes de chambre vitr\u00e9es.\" \/>\n<meta property=\"og:url\" content=\"https:\/\/www.kapi.ltd\/fr\/urun\/portes-de-chambre-vitrees\/\" \/>\n<meta property=\"og:site_name\" content=\"\u0130\u00e7 Oda Kap\u0131lar\u0131 - \u00c7elik kap\u0131 modelleri - apartman kap\u0131lar\u0131\" \/>\n<meta property=\"article:modified_time\" content=\"2026-03-30T14:57:22+00:00\" \/>\n<meta property=\"og:image\" content=\"https:\/\/www.kapi.ltd\/wp-content\/uploads\/2026\/02\/camli-oda-kapisi.webp\" \/>\n\t<meta property=\"og:image:width\" content=\"500\" \/>\n\t<meta property=\"og:image:height\" content=\"750\" \/>\n\t<meta property=\"og:image:type\" content=\"image\/webp\" \/>\n<meta name=\"twitter:card\" content=\"summary_large_image\" \/>\n<meta name=\"twitter:label1\" content=\"Dur\u00e9e de lecture estim\u00e9e\" \/>\n\t<meta name=\"twitter:data1\" content=\"6 minutes\" \/>\n<script type=\"application\/ld+json\" class=\"yoast-schema-graph\">{\"@context\":\"https:\\\/\\\/schema.org\",\"@graph\":[{\"@type\":\"WebPage\",\"@id\":\"https:\\\/\\\/www.kapi.ltd\\\/fr\\\/urun\\\/portes-de-chambre-vitrees\\\/\",\"url\":\"https:\\\/\\\/www.kapi.ltd\\\/fr\\\/urun\\\/portes-de-chambre-vitrees\\\/\",\"name\":\"Portes de chambre vitr\u00e9es : pour des int\u00e9rieurs modernes\",\"isPartOf\":{\"@id\":\"https:\\\/\\\/www.kapi.ltd\\\/fr\\\/#website\"},\"primaryImageOfPage\":{\"@id\":\"https:\\\/\\\/www.kapi.ltd\\\/fr\\\/urun\\\/portes-de-chambre-vitrees\\\/#primaryimage\"},\"image\":{\"@id\":\"https:\\\/\\\/www.kapi.ltd\\\/fr\\\/urun\\\/portes-de-chambre-vitrees\\\/#primaryimage\"},\"thumbnailUrl\":\"https:\\\/\\\/www.kapi.ltd\\\/wp-content\\\/uploads\\\/2026\\\/02\\\/camli-oda-kapisi.webp\",\"datePublished\":\"2026-02-28T13:48:27+00:00\",\"dateModified\":\"2026-03-30T14:57:22+00:00\",\"description\":\"Les portes de chambre vitr\u00e9es apportent de la lumi\u00e8re et une touche d'\u00e9l\u00e9gance \u00e0 vos int\u00e9rieurs. Apportez de la luminosit\u00e9 \u00e0 votre int\u00e9rieur gr\u00e2ce \u00e0 nos diff\u00e9rents mod\u00e8les de portes de chambre vitr\u00e9es.\",\"breadcrumb\":{\"@id\":\"https:\\\/\\\/www.kapi.ltd\\\/fr\\\/urun\\\/portes-de-chambre-vitrees\\\/#breadcrumb\"},\"inLanguage\":\"fr-FR\",\"potentialAction\":[{\"@type\":\"ReadAction\",\"target\":[\"https:\\\/\\\/www.kapi.ltd\\\/fr\\\/urun\\\/portes-de-chambre-vitrees\\\/\"]}]},{\"@type\":\"ImageObject\",\"inLanguage\":\"fr-FR\",\"@id\":\"https:\\\/\\\/www.kapi.ltd\\\/fr\\\/urun\\\/portes-de-chambre-vitrees\\\/#primaryimage\",\"url\":\"https:\\\/\\\/www.kapi.ltd\\\/wp-content\\\/uploads\\\/2026\\\/02\\\/camli-oda-kapisi.webp\",\"contentUrl\":\"https:\\\/\\\/www.kapi.ltd\\\/wp-content\\\/uploads\\\/2026\\\/02\\\/camli-oda-kapisi.webp\",\"width\":500,\"height\":750,\"caption\":\"caml\u0131 oda kap\u0131s\u0131\"},{\"@type\":\"BreadcrumbList\",\"@id\":\"https:\\\/\\\/www.kapi.ltd\\\/fr\\\/urun\\\/portes-de-chambre-vitrees\\\/#breadcrumb\",\"itemListElement\":[{\"@type\":\"ListItem\",\"position\":1,\"name\":\"Anasayfa\",\"item\":\"https:\\\/\\\/www.kapi.ltd\\\/fr\\\/\"},{\"@type\":\"ListItem\",\"position\":2,\"name\":\"ic-kapi-celik-kapi-modelleri\",\"item\":\"https:\\\/\\\/www.kapi.ltd\\\/?page_id=4263\"},{\"@type\":\"ListItem\",\"position\":3,\"name\":\"Portes de chambre vitr\u00e9es\"}]},{\"@type\":\"WebSite\",\"@id\":\"https:\\\/\\\/www.kapi.ltd\\\/fr\\\/#website\",\"url\":\"https:\\\/\\\/www.kapi.ltd\\\/fr\\\/\",\"name\":\"\u0130\u00e7 Kap\u0131 Ve \u00c7elik Kap\u0131 Modelleri\",\"description\":\"T\u00fcrkiye Kap\u0131 Modelleri Merkezi\",\"potentialAction\":[{\"@type\":\"SearchAction\",\"target\":{\"@type\":\"EntryPoint\",\"urlTemplate\":\"https:\\\/\\\/www.kapi.ltd\\\/fr\\\/?s={search_term_string}\"},\"query-input\":{\"@type\":\"PropertyValueSpecification\",\"valueRequired\":true,\"valueName\":\"search_term_string\"}}],\"inLanguage\":\"fr-FR\"}]}<\/script>\n<!-- \/ Yoast SEO Premium plugin. -->","yoast_head_json":{"title":"Portes de chambre vitr\u00e9es : pour des int\u00e9rieurs modernes","description":"Les portes de chambre vitr\u00e9es apportent de la lumi\u00e8re et une touche d'\u00e9l\u00e9gance \u00e0 vos int\u00e9rieurs. Apportez de la luminosit\u00e9 \u00e0 votre int\u00e9rieur gr\u00e2ce \u00e0 nos diff\u00e9rents mod\u00e8les de portes de chambre vitr\u00e9es.","robots":{"index":"index","follow":"follow","max-snippet":"max-snippet:-1","max-image-preview":"max-image-preview:large","max-video-preview":"max-video-preview:-1"},"canonical":"https:\/\/www.kapi.ltd\/fr\/urun\/portes-de-chambre-vitrees\/","og_locale":"fr_FR","og_type":"article","og_title":"Portes de chambre vitr\u00e9es","og_description":"Les portes de chambre vitr\u00e9es apportent de la lumi\u00e8re et une touche d'\u00e9l\u00e9gance \u00e0 vos int\u00e9rieurs. Apportez de la luminosit\u00e9 \u00e0 votre int\u00e9rieur gr\u00e2ce \u00e0 nos diff\u00e9rents mod\u00e8les de portes de chambre vitr\u00e9es.","og_url":"https:\/\/www.kapi.ltd\/fr\/urun\/portes-de-chambre-vitrees\/","og_site_name":"\u0130\u00e7 Oda Kap\u0131lar\u0131 - \u00c7elik kap\u0131 modelleri - apartman kap\u0131lar\u0131","article_modified_time":"2026-03-30T14:57:22+00:00","og_image":[{"width":500,"height":750,"url":"https:\/\/www.kapi.ltd\/wp-content\/uploads\/2026\/02\/camli-oda-kapisi.webp","type":"image\/webp"}],"twitter_card":"summary_large_image","twitter_misc":{"Dur\u00e9e de lecture estim\u00e9e":"6 minutes"},"schema":{"@context":"https:\/\/schema.org","@graph":[{"@type":"WebPage","@id":"https:\/\/www.kapi.ltd\/fr\/urun\/portes-de-chambre-vitrees\/","url":"https:\/\/www.kapi.ltd\/fr\/urun\/portes-de-chambre-vitrees\/","name":"Portes de chambre vitr\u00e9es : pour des int\u00e9rieurs modernes","isPartOf":{"@id":"https:\/\/www.kapi.ltd\/fr\/#website"},"primaryImageOfPage":{"@id":"https:\/\/www.kapi.ltd\/fr\/urun\/portes-de-chambre-vitrees\/#primaryimage"},"image":{"@id":"https:\/\/www.kapi.ltd\/fr\/urun\/portes-de-chambre-vitrees\/#primaryimage"},"thumbnailUrl":"https:\/\/www.kapi.ltd\/wp-content\/uploads\/2026\/02\/camli-oda-kapisi.webp","datePublished":"2026-02-28T13:48:27+00:00","dateModified":"2026-03-30T14:57:22+00:00","description":"Les portes de chambre vitr\u00e9es apportent de la lumi\u00e8re et une touche d'\u00e9l\u00e9gance \u00e0 vos int\u00e9rieurs. Apportez de la luminosit\u00e9 \u00e0 votre int\u00e9rieur gr\u00e2ce \u00e0 nos diff\u00e9rents mod\u00e8les de portes de chambre vitr\u00e9es.","breadcrumb":{"@id":"https:\/\/www.kapi.ltd\/fr\/urun\/portes-de-chambre-vitrees\/#breadcrumb"},"inLanguage":"fr-FR","potentialAction":[{"@type":"ReadAction","target":["https:\/\/www.kapi.ltd\/fr\/urun\/portes-de-chambre-vitrees\/"]}]},{"@type":"ImageObject","inLanguage":"fr-FR","@id":"https:\/\/www.kapi.ltd\/fr\/urun\/portes-de-chambre-vitrees\/#primaryimage","url":"https:\/\/www.kapi.ltd\/wp-content\/uploads\/2026\/02\/camli-oda-kapisi.webp","contentUrl":"https:\/\/www.kapi.ltd\/wp-content\/uploads\/2026\/02\/camli-oda-kapisi.webp","width":500,"height":750,"caption":"caml\u0131 oda kap\u0131s\u0131"},{"@type":"BreadcrumbList","@id":"https:\/\/www.kapi.ltd\/fr\/urun\/portes-de-chambre-vitrees\/#breadcrumb","itemListElement":[{"@type":"ListItem","position":1,"name":"Anasayfa","item":"https:\/\/www.kapi.ltd\/fr\/"},{"@type":"ListItem","position":2,"name":"ic-kapi-celik-kapi-modelleri","item":"https:\/\/www.kapi.ltd\/?page_id=4263"},{"@type":"ListItem","position":3,"name":"Portes de chambre vitr\u00e9es"}]},{"@type":"WebSite","@id":"https:\/\/www.kapi.ltd\/fr\/#website","url":"https:\/\/www.kapi.ltd\/fr\/","name":"\u0130\u00e7 Kap\u0131 Ve \u00c7elik Kap\u0131 Modelleri","description":"T\u00fcrkiye Kap\u0131 Modelleri Merkezi","potentialAction":[{"@type":"SearchAction","target":{"@type":"EntryPoint","urlTemplate":"https:\/\/www.kapi.ltd\/fr\/?s={search_term_string}"},"query-input":{"@type":"PropertyValueSpecification","valueRequired":true,"valueName":"search_term_string"}}],"inLanguage":"fr-FR"}]}},"_links":{"self":[{"href":"https:\/\/www.kapi.ltd\/fr\/wp-json\/wp\/v2\/product\/10074","targetHints":{"allow":["GET"]}}],"collection":[{"href":"https:\/\/www.kapi.ltd\/fr\/wp-json\/wp\/v2\/product"}],"about":[{"href":"https:\/\/www.kapi.ltd\/fr\/wp-json\/wp\/v2\/types\/product"}],"version-history":[{"count":2,"href":"https:\/\/www.kapi.ltd\/fr\/wp-json\/wp\/v2\/product\/10074\/revisions"}],"predecessor-version":[{"id":10398,"href":"https:\/\/www.kapi.ltd\/fr\/wp-json\/wp\/v2\/product\/10074\/revisions\/10398"}],"wp:featuredmedia":[{"embeddable":true,"href":"https:\/\/www.kapi.ltd\/fr\/wp-json\/wp\/v2\/media\/10075"}],"wp:attachment":[{"href":"https:\/\/www.kapi.ltd\/fr\/wp-json\/wp\/v2\/media?parent=10074"}],"wp:term":[{"taxonomy":"product_brand","embeddable":true,"href":"https:\/\/www.kapi.ltd\/fr\/wp-json\/wp\/v2\/product_brand?post=10074"},{"taxonomy":"product_cat","embeddable":true,"href":"https:\/\/www.kapi.ltd\/fr\/wp-json\/wp\/v2\/product_cat?post=10074"},{"taxonomy":"product_tag","embeddable":true,"href":"https:\/\/www.kapi.ltd\/fr\/wp-json\/wp\/v2\/product_tag?post=10074"}],"curies":[{"name":"wp","href":"https:\/\/api.w.org\/{rel}","templated":true}]}}