{"id":10037,"date":"2026-03-01T18:25:30","date_gmt":"2026-03-01T15:25:30","guid":{"rendered":"https:\/\/www.kapi.ltd\/urun\/kompozit-villa-kapisi\/"},"modified":"2026-03-18T14:13:38","modified_gmt":"2026-03-18T11:13:38","slug":"porte-de-villa-en-composite","status":"publish","type":"product","link":"https:\/\/www.kapi.ltd\/fr\/urun\/porte-de-villa-en-composite\/","title":{"rendered":"Porte de villa en composite"},"content":{"rendered":"<article class=\"text-token-text-primary w-full focus:outline-none [--shadow-height:45px] has-data-writing-block:pointer-events-none has-data-writing-block:-mt-(--shadow-height) has-data-writing-block:pt-(--shadow-height) [&amp;:has([data-writing-block])&gt;*]:pointer-events-auto scroll-mt-(--header-height)\" dir=\"auto\" tabindex=\"-1\" data-turn-id=\"b7fb632a-8307-4160-a1c8-2224c82b3534\" data-testid=\"conversation-turn-5\" data-scroll-anchor=\"false\" data-turn=\"user\"><\/article>\n<article class=\"text-token-text-primary w-full focus:outline-none [--shadow-height:45px] has-data-writing-block:pointer-events-none has-data-writing-block:-mt-(--shadow-height) has-data-writing-block:pt-(--shadow-height) [&amp;:has([data-writing-block])&gt;*]:pointer-events-auto scroll-mt-[calc(var(--header-height)+min(200px,max(70px,20svh)))]\" dir=\"auto\" tabindex=\"-1\" data-turn-id=\"request-WEB:59673052-fb18-4d40-b517-536d6a9e1d42-2\" data-testid=\"conversation-turn-6\" data-scroll-anchor=\"true\" data-turn=\"assistant\">\n<div class=\"text-base my-auto mx-auto pb-10 [--thread-content-margin:var(--thread-content-margin-xs,calc(var(--spacing)*4))] @w-sm\/main:[--thread-content-margin:var(--thread-content-margin-sm,calc(var(--spacing)*6))] @w-lg\/main:[--thread-content-margin:var(--thread-content-margin-lg,calc(var(--spacing)*16))] px-(--thread-content-margin)\">\n<div class=\"[--thread-content-max-width:40rem] @w-lg\/main:[--thread-content-max-width:48rem] mx-auto max-w-(--thread-content-max-width) flex-1 group\/turn-messages focus-visible:outline-hidden relative flex w-full min-w-0 flex-col agent-turn\" tabindex=\"-1\">\n<div class=\"flex max-w-full flex-col gap-4 grow\">\n<div class=\"min-h-8 text-message relative flex w-full flex-col items-end gap-2 text-start break-words whitespace-normal [.text-message+&amp;]:mt-1\" dir=\"auto\" data-message-author-role=\"assistant\" data-message-id=\"1048aa36-2524-4762-ad03-546258bc6db4\" data-message-model-slug=\"gpt-5-3\">\n<div class=\"flex w-full flex-col gap-1 empty:hidden\">\n<div class=\"markdown prose dark:prose-invert w-full wrap-break-word light markdown-new-styling\">\n<h3>Portes de villa : s\u00e9curit\u00e9, esth\u00e9tique et durabilit\u00e9<\/h3>\n<p class=\"first:mt-1.5!\">Les <strong>portes de villa<\/strong> sont des \u00e9l\u00e9ments essentiels qui assurent la s\u00e9curit\u00e9 ext\u00e9rieure des maisons et des propri\u00e9t\u00e9s tout en offrant une apparence \u00e9l\u00e9gante sur le plan esth\u00e9tique. La porte d\u2019entr\u00e9e d\u2019une villa n\u2019est pas seulement un dispositif de s\u00e9curit\u00e9, mais aussi un \u00e9l\u00e9ment important qui compl\u00e8te le design g\u00e9n\u00e9ral de la maison. C\u2019est pourquoi les options fabriqu\u00e9es avec des mat\u00e9riaux modernes et durables, tels que la <strong>porte de villa composite<\/strong>, la <strong>porte composite<\/strong> et la <strong>porte ext\u00e9rieure en aluminium<\/strong>, sont devenues de plus en plus populaires ces derni\u00e8res ann\u00e9es.<\/p>\n<h3>Portes de villa composites : l\u2019esth\u00e9tique et la s\u00e9curit\u00e9 r\u00e9unies<\/h3>\n<p class=\"first:mt-1.5!\">La <strong>porte de villa composite<\/strong> est particuli\u00e8rement appr\u00e9ci\u00e9e pour son esth\u00e9tique et sa durabilit\u00e9. Ces portes sont fabriqu\u00e9es \u00e0 partir d\u2019une combinaison d\u2019aluminium et de mat\u00e9riaux composites. Le mat\u00e9riau <strong>composite en aluminium<\/strong> est reconnu pour sa robustesse et sa longue dur\u00e9e de vie. En m\u00eame temps, ces portes offrent une grande r\u00e9sistance aux agressions ext\u00e9rieures. En particulier, les options de <strong>portes r\u00e9sistantes au soleil<\/strong> sont plus durables face aux temp\u00e9ratures \u00e9lev\u00e9es et \u00e0 l\u2019exposition directe au soleil.<\/p>\n<p class=\"first:mt-1.5!\">Les types de <strong>portes ext\u00e9rieures composites<\/strong> et de <strong>portes ext\u00e9rieures en aluminium<\/strong> utilis\u00e9s pour les villas offrent \u00e9galement une apparence tr\u00e8s \u00e9l\u00e9gante et moderne. Le mat\u00e9riau de <strong>porte composite en aluminium<\/strong>, en plus d\u2019\u00eatre r\u00e9sistant aux conditions ext\u00e9rieures, r\u00e9duit au minimum les probl\u00e8mes tels que la d\u00e9coloration ou l\u2019usure. Ainsi, les portes de villa conservent pendant de nombreuses ann\u00e9es leur esth\u00e9tique et leur fonctionnalit\u00e9 d\u2019origine.<\/p>\n<h3>Les avantages des portes en aluminium et en composite<\/h3>\n<p class=\"first:mt-1.5!\">Les <strong>portes en aluminium<\/strong> et les <strong>portes composites<\/strong> sont des choix id\u00e9aux pour les entr\u00e9es de villa. Les options de <strong>porte ext\u00e9rieure en aluminium<\/strong> et de <strong>porte composite<\/strong> sont toutes deux extr\u00eamement durables. L\u2019aluminium est connu pour sa l\u00e9g\u00e8ret\u00e9 et sa r\u00e9sistance. Il est \u00e9galement tr\u00e8s r\u00e9sistant aux facteurs ext\u00e9rieurs. Les <strong>portes composites en aluminium<\/strong> ne se contentent pas d\u2019am\u00e9liorer la s\u00e9curit\u00e9, elles renforcent aussi l\u2019esth\u00e9tique de l\u2019espace ext\u00e9rieur.<\/p>\n<p class=\"first:mt-1.5!\">Les <strong>portes ext\u00e9rieures composites<\/strong> offrent quant \u00e0 elles une plus grande vari\u00e9t\u00e9. Le mat\u00e9riau composite utilis\u00e9 dans leur fabrication les rend particuli\u00e8rement r\u00e9sistantes aux conditions m\u00e9t\u00e9orologiques difficiles rencontr\u00e9es en ext\u00e9rieur. R\u00e9sistantes au soleil et aux temp\u00e9ratures \u00e9lev\u00e9es, ces portes peuvent \u00eatre utilis\u00e9es longtemps, notamment dans les r\u00e9gions au climat chaud. De plus, les <strong>portes r\u00e9sistantes au soleil<\/strong> repr\u00e9sentent une caract\u00e9ristique tr\u00e8s recherch\u00e9e pour les espaces ext\u00e9rieurs.<\/p>\n<p class=\"first:mt-1.5!\">Les portes de villa offrent non seulement des avantages esth\u00e9tiques, mais aussi d\u2019importants b\u00e9n\u00e9fices en mati\u00e8re de s\u00e9curit\u00e9. Les <strong>portes composites en aluminium<\/strong> assurent une protection \u00e9lev\u00e9e contre les cambriolages et autres menaces ext\u00e9rieures. De plus, les portes fabriqu\u00e9es \u00e0 partir de mat\u00e9riau composite en aluminium ne s\u2019usent pas et ne se d\u00e9forment pas avec le temps gr\u00e2ce \u00e0 leur structure solide et durable.<\/p>\n<h3>Les mat\u00e9riaux utilis\u00e9s pour les portes de villa<\/h3>\n<p class=\"first:mt-1.5!\">Les mat\u00e9riaux utilis\u00e9s pour les portes de villa jouent un r\u00f4le majeur en mati\u00e8re de s\u00e9curit\u00e9, d\u2019esth\u00e9tique et de durabilit\u00e9. Parmi les mat\u00e9riaux les plus populaires, les <strong>portes composites<\/strong> se distinguent par leur robustesse et leur apparence \u00e9l\u00e9gante. Le mat\u00e9riau composite, obtenu \u00e0 partir d\u2019une combinaison de plastique et de m\u00e9tal, poss\u00e8de une structure l\u00e9g\u00e8re et r\u00e9sistante. Il est extr\u00eamement r\u00e9sistant aux facteurs ext\u00e9rieurs et ne se d\u00e9t\u00e9riore pas pendant de longues ann\u00e9es.<\/p>\n<p class=\"first:mt-1.5!\">Les <strong>portes ext\u00e9rieures en aluminium<\/strong> constituent un autre mat\u00e9riau fr\u00e9quemment privil\u00e9gi\u00e9 pour les portes de villa. L\u2019aluminium est r\u00e9put\u00e9 pour sa l\u00e9g\u00e8ret\u00e9, sa durabilit\u00e9 et sa longue dur\u00e9e de vie. Les <strong>portes composites en aluminium<\/strong> sont fabriqu\u00e9es \u00e0 partir d\u2019une combinaison d\u2019aluminium et de mat\u00e9riau composite ; en plus d\u2019\u00eatre r\u00e9sistantes aux conditions ext\u00e9rieures, elles offrent une apparence moderne.<\/p>\n<p class=\"first:mt-1.5!\">Les <strong>portes ext\u00e9rieures composites<\/strong> sont particuli\u00e8rement privil\u00e9gi\u00e9es dans les climats chauds et les r\u00e9gions fortement expos\u00e9es au soleil. Ces portes r\u00e9sistent aux rayons du soleil et emp\u00eachent la d\u00e9coloration. Les <strong>portes r\u00e9sistantes au soleil<\/strong> r\u00e9duisent au minimum les effets des temp\u00e9ratures \u00e9lev\u00e9es et des rayons UV. Ainsi, les propri\u00e9taires de villa peuvent profiter pendant longtemps des qualit\u00e9s esth\u00e9tiques et fonctionnelles de leurs portes.<\/p>\n<h3>De vastes domaines d\u2019utilisation<\/h3>\n<p class=\"first:mt-1.5!\">La <strong>porte de villa composite<\/strong>, gr\u00e2ce \u00e0 son apparence s\u00fbre et esth\u00e9tique, est utilis\u00e9e dans de nombreux domaines. Elle est privil\u00e9gi\u00e9e dans un large \u00e9ventail d\u2019applications, des entr\u00e9es de villa aux complexes r\u00e9sidentiels. Ces portes s\u2019adaptent parfaitement aux grandes entr\u00e9es et aux espaces ext\u00e9rieurs. En m\u00eame temps, les portes de villa ne sont pas seulement id\u00e9ales pour les maisons, mais aussi pour les lieux de travail, les \u00e9coles et les b\u00e2timents commerciaux.<\/p>\n<p class=\"first:mt-1.5!\">En particulier, les <strong>portes ext\u00e9rieures composites<\/strong>, gr\u00e2ce \u00e0 leur durabilit\u00e9, peuvent \u00e9galement \u00eatre utilis\u00e9es dans divers environnements industriels. Fabriqu\u00e9es \u00e0 partir d\u2019une combinaison d\u2019aluminium et de mat\u00e9riaux composites, ces portes peuvent \u00eatre utilis\u00e9es en toute s\u00e9curit\u00e9 pendant de nombreuses ann\u00e9es dans les b\u00e2timents industriels et autres espaces commerciaux.<\/p>\n<h3>Conclusion<\/h3>\n<p class=\"first:mt-1.5!\">Les <strong>portes de villa<\/strong> repr\u00e9sentent une solution id\u00e9ale en mati\u00e8re d\u2019esth\u00e9tique, de s\u00e9curit\u00e9 et de durabilit\u00e9. Les portes fabriqu\u00e9es \u00e0 partir de mat\u00e9riaux modernes tels que la <strong>porte composite<\/strong>, la <strong>porte ext\u00e9rieure en aluminium<\/strong> et la <strong>porte ext\u00e9rieure composite<\/strong> offrent \u00e0 la fois une apparence \u00e9l\u00e9gante et un haut niveau de s\u00e9curit\u00e9 fonctionnelle. Les <strong>portes composites en aluminium<\/strong> se distinguent particuli\u00e8rement en ext\u00e9rieur par leur long\u00e9vit\u00e9, leur r\u00e9sistance au soleil et leur structure solide. C\u2019est pourquoi, pour les propri\u00e9taires de villa, les options de <strong>portes r\u00e9sistantes au soleil<\/strong> figurent parmi les choix les plus adapt\u00e9s en mati\u00e8re d\u2019utilisation \u00e0 long terme et de s\u00e9curit\u00e9.<\/p>\n<\/div>\n<\/div>\n<\/div>\n<\/div>\n<\/div>\n<\/div>\n<\/article>\n","protected":false},"excerpt":{"rendered":"<p>Portes de villa : s\u00e9curit\u00e9, esth\u00e9tique et durabilit\u00e9 Les portes de villa sont des \u00e9l\u00e9ments essentiels qui assurent la s\u00e9curit\u00e9 ext\u00e9rieure des maisons et des propri\u00e9t\u00e9s tout en offrant une apparence \u00e9l\u00e9gante sur le plan esth\u00e9tique. La porte d\u2019entr\u00e9e d\u2019une villa n\u2019est pas seulement un dispositif de s\u00e9curit\u00e9, mais aussi un \u00e9l\u00e9ment important qui compl\u00e8te<\/p>\n","protected":false},"featured_media":10038,"template":"","meta":{"_bbp_topic_count":0,"_bbp_reply_count":0,"_bbp_total_topic_count":0,"_bbp_total_reply_count":0,"_bbp_voice_count":0,"_bbp_anonymous_reply_count":0,"_bbp_topic_count_hidden":0,"_bbp_reply_count_hidden":0,"_bbp_forum_subforum_count":0},"product_brand":[],"product_cat":[1053,909],"product_tag":[],"class_list":{"0":"post-10037","1":"product","2":"type-product","3":"status-publish","4":"has-post-thumbnail","6":"product_cat-porte-composite","7":"product_cat-portes-exterieures-du-batiment","9":"first","10":"instock","11":"shipping-taxable","12":"product-type-simple","13":"prodpage-classic"},"yoast_head":"<!-- This site is optimized with the Yoast SEO Premium plugin v26.6 (Yoast SEO v27.3) - https:\/\/yoast.com\/product\/yoast-seo-premium-wordpress\/ -->\n<title>Portes de villa : portes en composite d&#039;aluminium, r\u00e9sistantes au soleil<\/title>\n<meta name=\"description\" content=\"Les portes de villa allient s\u00e9curit\u00e9 et esth\u00e9tique. Apportez une touche d&#039;\u00e9l\u00e9gance \u00e0 votre ext\u00e9rieur et renforcez la s\u00e9curit\u00e9 gr\u00e2ce \u00e0 des portes en composite d&#039;aluminium r\u00e9sistantes au soleil et durables.\" \/>\n<meta name=\"robots\" content=\"index, follow, max-snippet:-1, max-image-preview:large, max-video-preview:-1\" \/>\n<link rel=\"canonical\" href=\"https:\/\/www.kapi.ltd\/fr\/urun\/porte-de-villa-en-composite\/\" \/>\n<meta property=\"og:locale\" content=\"fr_FR\" \/>\n<meta property=\"og:type\" content=\"article\" \/>\n<meta property=\"og:title\" content=\"Porte de villa en composite\" \/>\n<meta property=\"og:description\" content=\"Les portes de villa allient s\u00e9curit\u00e9 et esth\u00e9tique. Apportez une touche d&#039;\u00e9l\u00e9gance \u00e0 votre ext\u00e9rieur et renforcez la s\u00e9curit\u00e9 gr\u00e2ce \u00e0 des portes en composite d&#039;aluminium r\u00e9sistantes au soleil et durables.\" \/>\n<meta property=\"og:url\" content=\"https:\/\/www.kapi.ltd\/fr\/urun\/porte-de-villa-en-composite\/\" \/>\n<meta property=\"og:site_name\" content=\"\u0130\u00e7 Oda Kap\u0131lar\u0131 - \u00c7elik kap\u0131 modelleri - apartman kap\u0131lar\u0131\" \/>\n<meta property=\"article:modified_time\" content=\"2026-03-18T11:13:38+00:00\" \/>\n<meta property=\"og:image\" content=\"https:\/\/www.kapi.ltd\/wp-content\/uploads\/2026\/03\/kompozit-villa-kapisi.webp\" \/>\n\t<meta property=\"og:image:width\" content=\"500\" \/>\n\t<meta property=\"og:image:height\" content=\"750\" \/>\n\t<meta property=\"og:image:type\" content=\"image\/webp\" \/>\n<meta name=\"twitter:card\" content=\"summary_large_image\" \/>\n<meta name=\"twitter:label1\" content=\"Dur\u00e9e de lecture estim\u00e9e\" \/>\n\t<meta name=\"twitter:data1\" content=\"5 minutes\" \/>\n<script type=\"application\/ld+json\" class=\"yoast-schema-graph\">{\"@context\":\"https:\\\/\\\/schema.org\",\"@graph\":[{\"@type\":\"WebPage\",\"@id\":\"https:\\\/\\\/www.kapi.ltd\\\/fr\\\/urun\\\/porte-de-villa-en-composite\\\/\",\"url\":\"https:\\\/\\\/www.kapi.ltd\\\/fr\\\/urun\\\/porte-de-villa-en-composite\\\/\",\"name\":\"Portes de villa : portes en composite d'aluminium, r\u00e9sistantes au soleil\",\"isPartOf\":{\"@id\":\"https:\\\/\\\/www.kapi.ltd\\\/fr\\\/#website\"},\"primaryImageOfPage\":{\"@id\":\"https:\\\/\\\/www.kapi.ltd\\\/fr\\\/urun\\\/porte-de-villa-en-composite\\\/#primaryimage\"},\"image\":{\"@id\":\"https:\\\/\\\/www.kapi.ltd\\\/fr\\\/urun\\\/porte-de-villa-en-composite\\\/#primaryimage\"},\"thumbnailUrl\":\"https:\\\/\\\/www.kapi.ltd\\\/wp-content\\\/uploads\\\/2026\\\/03\\\/kompozit-villa-kapisi.webp\",\"datePublished\":\"2026-03-01T15:25:30+00:00\",\"dateModified\":\"2026-03-18T11:13:38+00:00\",\"description\":\"Les portes de villa allient s\u00e9curit\u00e9 et esth\u00e9tique. Apportez une touche d'\u00e9l\u00e9gance \u00e0 votre ext\u00e9rieur et renforcez la s\u00e9curit\u00e9 gr\u00e2ce \u00e0 des portes en composite d'aluminium r\u00e9sistantes au soleil et durables.\",\"breadcrumb\":{\"@id\":\"https:\\\/\\\/www.kapi.ltd\\\/fr\\\/urun\\\/porte-de-villa-en-composite\\\/#breadcrumb\"},\"inLanguage\":\"fr-FR\",\"potentialAction\":[{\"@type\":\"ReadAction\",\"target\":[\"https:\\\/\\\/www.kapi.ltd\\\/fr\\\/urun\\\/porte-de-villa-en-composite\\\/\"]}]},{\"@type\":\"ImageObject\",\"inLanguage\":\"fr-FR\",\"@id\":\"https:\\\/\\\/www.kapi.ltd\\\/fr\\\/urun\\\/porte-de-villa-en-composite\\\/#primaryimage\",\"url\":\"https:\\\/\\\/www.kapi.ltd\\\/wp-content\\\/uploads\\\/2026\\\/03\\\/kompozit-villa-kapisi.webp\",\"contentUrl\":\"https:\\\/\\\/www.kapi.ltd\\\/wp-content\\\/uploads\\\/2026\\\/03\\\/kompozit-villa-kapisi.webp\",\"width\":500,\"height\":750,\"caption\":\"kompozit villa kap\u0131s\u0131\"},{\"@type\":\"BreadcrumbList\",\"@id\":\"https:\\\/\\\/www.kapi.ltd\\\/fr\\\/urun\\\/porte-de-villa-en-composite\\\/#breadcrumb\",\"itemListElement\":[{\"@type\":\"ListItem\",\"position\":1,\"name\":\"Anasayfa\",\"item\":\"https:\\\/\\\/www.kapi.ltd\\\/fr\\\/\"},{\"@type\":\"ListItem\",\"position\":2,\"name\":\"ic-kapi-celik-kapi-modelleri\",\"item\":\"https:\\\/\\\/www.kapi.ltd\\\/?page_id=4263\"},{\"@type\":\"ListItem\",\"position\":3,\"name\":\"Porte de villa en composite\"}]},{\"@type\":\"WebSite\",\"@id\":\"https:\\\/\\\/www.kapi.ltd\\\/fr\\\/#website\",\"url\":\"https:\\\/\\\/www.kapi.ltd\\\/fr\\\/\",\"name\":\"\u0130\u00e7 Kap\u0131 Ve \u00c7elik Kap\u0131 Modelleri\",\"description\":\"T\u00fcrkiye Kap\u0131 Modelleri Merkezi\",\"potentialAction\":[{\"@type\":\"SearchAction\",\"target\":{\"@type\":\"EntryPoint\",\"urlTemplate\":\"https:\\\/\\\/www.kapi.ltd\\\/fr\\\/?s={search_term_string}\"},\"query-input\":{\"@type\":\"PropertyValueSpecification\",\"valueRequired\":true,\"valueName\":\"search_term_string\"}}],\"inLanguage\":\"fr-FR\"}]}<\/script>\n<!-- \/ Yoast SEO Premium plugin. -->","yoast_head_json":{"title":"Portes de villa : portes en composite d'aluminium, r\u00e9sistantes au soleil","description":"Les portes de villa allient s\u00e9curit\u00e9 et esth\u00e9tique. Apportez une touche d'\u00e9l\u00e9gance \u00e0 votre ext\u00e9rieur et renforcez la s\u00e9curit\u00e9 gr\u00e2ce \u00e0 des portes en composite d'aluminium r\u00e9sistantes au soleil et durables.","robots":{"index":"index","follow":"follow","max-snippet":"max-snippet:-1","max-image-preview":"max-image-preview:large","max-video-preview":"max-video-preview:-1"},"canonical":"https:\/\/www.kapi.ltd\/fr\/urun\/porte-de-villa-en-composite\/","og_locale":"fr_FR","og_type":"article","og_title":"Porte de villa en composite","og_description":"Les portes de villa allient s\u00e9curit\u00e9 et esth\u00e9tique. Apportez une touche d'\u00e9l\u00e9gance \u00e0 votre ext\u00e9rieur et renforcez la s\u00e9curit\u00e9 gr\u00e2ce \u00e0 des portes en composite d'aluminium r\u00e9sistantes au soleil et durables.","og_url":"https:\/\/www.kapi.ltd\/fr\/urun\/porte-de-villa-en-composite\/","og_site_name":"\u0130\u00e7 Oda Kap\u0131lar\u0131 - \u00c7elik kap\u0131 modelleri - apartman kap\u0131lar\u0131","article_modified_time":"2026-03-18T11:13:38+00:00","og_image":[{"width":500,"height":750,"url":"https:\/\/www.kapi.ltd\/wp-content\/uploads\/2026\/03\/kompozit-villa-kapisi.webp","type":"image\/webp"}],"twitter_card":"summary_large_image","twitter_misc":{"Dur\u00e9e de lecture estim\u00e9e":"5 minutes"},"schema":{"@context":"https:\/\/schema.org","@graph":[{"@type":"WebPage","@id":"https:\/\/www.kapi.ltd\/fr\/urun\/porte-de-villa-en-composite\/","url":"https:\/\/www.kapi.ltd\/fr\/urun\/porte-de-villa-en-composite\/","name":"Portes de villa : portes en composite d'aluminium, r\u00e9sistantes au soleil","isPartOf":{"@id":"https:\/\/www.kapi.ltd\/fr\/#website"},"primaryImageOfPage":{"@id":"https:\/\/www.kapi.ltd\/fr\/urun\/porte-de-villa-en-composite\/#primaryimage"},"image":{"@id":"https:\/\/www.kapi.ltd\/fr\/urun\/porte-de-villa-en-composite\/#primaryimage"},"thumbnailUrl":"https:\/\/www.kapi.ltd\/wp-content\/uploads\/2026\/03\/kompozit-villa-kapisi.webp","datePublished":"2026-03-01T15:25:30+00:00","dateModified":"2026-03-18T11:13:38+00:00","description":"Les portes de villa allient s\u00e9curit\u00e9 et esth\u00e9tique. Apportez une touche d'\u00e9l\u00e9gance \u00e0 votre ext\u00e9rieur et renforcez la s\u00e9curit\u00e9 gr\u00e2ce \u00e0 des portes en composite d'aluminium r\u00e9sistantes au soleil et durables.","breadcrumb":{"@id":"https:\/\/www.kapi.ltd\/fr\/urun\/porte-de-villa-en-composite\/#breadcrumb"},"inLanguage":"fr-FR","potentialAction":[{"@type":"ReadAction","target":["https:\/\/www.kapi.ltd\/fr\/urun\/porte-de-villa-en-composite\/"]}]},{"@type":"ImageObject","inLanguage":"fr-FR","@id":"https:\/\/www.kapi.ltd\/fr\/urun\/porte-de-villa-en-composite\/#primaryimage","url":"https:\/\/www.kapi.ltd\/wp-content\/uploads\/2026\/03\/kompozit-villa-kapisi.webp","contentUrl":"https:\/\/www.kapi.ltd\/wp-content\/uploads\/2026\/03\/kompozit-villa-kapisi.webp","width":500,"height":750,"caption":"kompozit villa kap\u0131s\u0131"},{"@type":"BreadcrumbList","@id":"https:\/\/www.kapi.ltd\/fr\/urun\/porte-de-villa-en-composite\/#breadcrumb","itemListElement":[{"@type":"ListItem","position":1,"name":"Anasayfa","item":"https:\/\/www.kapi.ltd\/fr\/"},{"@type":"ListItem","position":2,"name":"ic-kapi-celik-kapi-modelleri","item":"https:\/\/www.kapi.ltd\/?page_id=4263"},{"@type":"ListItem","position":3,"name":"Porte de villa en composite"}]},{"@type":"WebSite","@id":"https:\/\/www.kapi.ltd\/fr\/#website","url":"https:\/\/www.kapi.ltd\/fr\/","name":"\u0130\u00e7 Kap\u0131 Ve \u00c7elik Kap\u0131 Modelleri","description":"T\u00fcrkiye Kap\u0131 Modelleri Merkezi","potentialAction":[{"@type":"SearchAction","target":{"@type":"EntryPoint","urlTemplate":"https:\/\/www.kapi.ltd\/fr\/?s={search_term_string}"},"query-input":{"@type":"PropertyValueSpecification","valueRequired":true,"valueName":"search_term_string"}}],"inLanguage":"fr-FR"}]}},"_links":{"self":[{"href":"https:\/\/www.kapi.ltd\/fr\/wp-json\/wp\/v2\/product\/10037","targetHints":{"allow":["GET"]}}],"collection":[{"href":"https:\/\/www.kapi.ltd\/fr\/wp-json\/wp\/v2\/product"}],"about":[{"href":"https:\/\/www.kapi.ltd\/fr\/wp-json\/wp\/v2\/types\/product"}],"version-history":[{"count":3,"href":"https:\/\/www.kapi.ltd\/fr\/wp-json\/wp\/v2\/product\/10037\/revisions"}],"predecessor-version":[{"id":10370,"href":"https:\/\/www.kapi.ltd\/fr\/wp-json\/wp\/v2\/product\/10037\/revisions\/10370"}],"wp:featuredmedia":[{"embeddable":true,"href":"https:\/\/www.kapi.ltd\/fr\/wp-json\/wp\/v2\/media\/10038"}],"wp:attachment":[{"href":"https:\/\/www.kapi.ltd\/fr\/wp-json\/wp\/v2\/media?parent=10037"}],"wp:term":[{"taxonomy":"product_brand","embeddable":true,"href":"https:\/\/www.kapi.ltd\/fr\/wp-json\/wp\/v2\/product_brand?post=10037"},{"taxonomy":"product_cat","embeddable":true,"href":"https:\/\/www.kapi.ltd\/fr\/wp-json\/wp\/v2\/product_cat?post=10037"},{"taxonomy":"product_tag","embeddable":true,"href":"https:\/\/www.kapi.ltd\/fr\/wp-json\/wp\/v2\/product_tag?post=10037"}],"curies":[{"name":"wp","href":"https:\/\/api.w.org\/{rel}","templated":true}]}}