{"id":10019,"date":"2026-03-01T18:26:58","date_gmt":"2026-03-01T15:26:58","guid":{"rendered":"https:\/\/www.kapi.ltd\/urun\/cift-kanatli-celik-kapilar\/"},"modified":"2026-03-18T14:06:21","modified_gmt":"2026-03-18T11:06:21","slug":"portes-en-acier-a-double-battant","status":"publish","type":"product","link":"https:\/\/www.kapi.ltd\/fr\/urun\/portes-en-acier-a-double-battant\/","title":{"rendered":"Portes en acier \u00e0 double battant"},"content":{"rendered":"<h3>Portes en acier \u00e0 double vantail : des solutions s\u00fbres, durables et esth\u00e9tiques<\/h3>\n<p class=\"first:mt-1.5!\">Les <strong>portes \u00e0 double vantail<\/strong> font partie des solutions de s\u00e9curit\u00e9 id\u00e9ales, en particulier pour les espaces larges et les grandes entr\u00e9es. Elles se distinguent par leur r\u00e9sistance \u00e0 toutes les conditions climatiques, leur \u00e9l\u00e9gance esth\u00e9tique et leur structure fonctionnelle. En particulier, les produits tels que les <strong>portes en acier \u00e0 deux vantaux<\/strong> et les <strong>portes en acier doubles<\/strong> constituent un excellent choix pour r\u00e9pondre aux besoins de s\u00e9curit\u00e9 tout en garantissant une utilisation durable.<\/p>\n<h3>Caract\u00e9ristiques des portes en acier \u00e0 double vantail<\/h3>\n<p class=\"first:mt-1.5!\">Les <strong>portes en acier \u00e0 deux vantaux<\/strong> sont g\u00e9n\u00e9ralement utilis\u00e9es dans les lieux disposant de larges zones d\u2019entr\u00e9e. Ce type de porte poss\u00e8de des caract\u00e9ristiques permettant son utilisation dans de nombreux espaces, des entr\u00e9es d\u2019immeubles aux villas, des portes d\u2019\u00e9coles aux salles de mariage. Gr\u00e2ce \u00e0 leur structure large, les portes en acier \u00e0 double vantail laissent entrer davantage de lumi\u00e8re et favorisent une meilleure circulation de l\u2019air, cr\u00e9ant ainsi un environnement plus confortable dans les espaces de vie. De plus, gr\u00e2ce \u00e0 leur surface ext\u00e9rieure en <strong>composite aluminium<\/strong>, ces portes r\u00e9sistent aux rayons du soleil et ne subissent pas de d\u00e9coloration, m\u00eame dans les climats chauds.<\/p>\n<p class=\"first:mt-1.5!\">Un autre avantage des portes en acier \u00e0 double vantail est leur grande robustesse en mati\u00e8re de s\u00e9curit\u00e9. Fabriqu\u00e9es en acier \u00e9pais et en mat\u00e9riaux composites en aluminium, elles offrent une r\u00e9sistance \u00e9lev\u00e9e contre les tentatives d\u2019effraction ainsi que contre les agressions ext\u00e9rieures. Ces portes, id\u00e9ales pour renforcer votre s\u00e9curit\u00e9, sont particuli\u00e8rement utilis\u00e9es dans les entr\u00e9es d\u2019immeubles et les propri\u00e9t\u00e9s priv\u00e9es telles que les villas.<\/p>\n<h3>Les vastes domaines d\u2019utilisation des portes en acier \u00e0 double vantail<\/h3>\n<p class=\"first:mt-1.5!\">Les <strong>portes en acier \u00e0 double vantail<\/strong> sont particuli\u00e8rement privil\u00e9gi\u00e9es dans les endroits n\u00e9cessitant de larges acc\u00e8s. Elles offrent une solution alliant esth\u00e9tique et s\u00e9curit\u00e9. Les <strong>portes en acier \u00e0 deux vantaux<\/strong> sont con\u00e7ues pour s\u2019adapter \u00e0 tous types d\u2019espaces r\u00e9sidentiels ou commerciaux. Leur vaste champ d\u2019utilisation en a fait un choix prioritaire pour les b\u00e2timents \u00e0 grandes entr\u00e9es, les villas, les \u00e9coles et les salles de mariage.<\/p>\n<h4>1. Entr\u00e9es d\u2019immeubles et portails de r\u00e9sidences<\/h4>\n<p class=\"first:mt-1.5!\">Les grandes entr\u00e9es d\u2019immeubles ou les portails de r\u00e9sidences sont \u00e9quip\u00e9s de <strong>portes en acier doubles<\/strong> afin d\u2019am\u00e9liorer la s\u00e9curit\u00e9 et de rendre les acc\u00e8s plus esth\u00e9tiques. En plus de r\u00e9sister \u00e0 des conditions climatiques difficiles, ces portes sont \u00e9galement tr\u00e8s robustes face aux interventions ext\u00e9rieures. Pratiques et s\u00fbres, elles offrent des avantages \u00e0 tous les niveaux.<\/p>\n<h4>2. Portes d\u2019entr\u00e9e de villa<\/h4>\n<p class=\"first:mt-1.5!\">Dans les villas, on privil\u00e9gie g\u00e9n\u00e9ralement des portes \u00e0 la fois \u00e9l\u00e9gantes et s\u00e9curis\u00e9es. Les <strong>portes en acier \u00e0 deux vantaux<\/strong> offrent la largeur n\u00e9cessaire aux entr\u00e9es de villas et renforcent la s\u00e9curit\u00e9. De plus, gr\u00e2ce aux mat\u00e9riaux composites en aluminium, elles conservent leur forme pendant de longues ann\u00e9es et r\u00e9sistent au soleil, ce qui apporte une apparence esth\u00e9tique aux espaces ext\u00e9rieurs des villas.<\/p>\n<h4>3. Portes d\u2019\u00e9cole<\/h4>\n<p class=\"first:mt-1.5!\">Pour les \u00e9coles, le besoin de portes o\u00f9 la s\u00e9curit\u00e9 est une priorit\u00e9 est particuli\u00e8rement important. Les <strong>portes en acier \u00e0 double vantail<\/strong> garantissent un espace s\u00fbr aussi bien pour les \u00e9l\u00e8ves que pour les enseignants \u00e0 l\u2019entr\u00e9e des \u00e9tablissements. En m\u00eame temps, gr\u00e2ce \u00e0 leur structure durable, elles peuvent \u00eatre utilis\u00e9es pendant de nombreuses ann\u00e9es.<\/p>\n<h4>4. Portes de salles de mariage<\/h4>\n<p class=\"first:mt-1.5!\">Les salles de mariage et autres grands espaces \u00e9v\u00e9nementiels accueillent g\u00e9n\u00e9ralement des groupes nombreux. Ces lieux n\u00e9cessitent des portes d\u2019entr\u00e9e larges et solides. Les <strong>portes en acier \u00e0 deux vantaux<\/strong>, con\u00e7ues pour couvrir de grandes ouvertures, augmentent l\u2019\u00e9l\u00e9gance des salles de mariage. En m\u00eame temps, elles assurent un niveau \u00e9lev\u00e9 de s\u00e9curit\u00e9 pendant les \u00e9v\u00e9nements.<\/p>\n<h3>Avantages des portes en acier \u00e0 double vantail r\u00e9sistantes au soleil<\/h3>\n<p class=\"first:mt-1.5!\">Les <strong>portes en acier \u00e0 deux vantaux r\u00e9sistantes au soleil<\/strong> constituent une solution id\u00e9ale pour une utilisation en ext\u00e9rieur. Les mat\u00e9riaux composites en aluminium prot\u00e8gent la surface ext\u00e9rieure des portes, emp\u00eachant toute d\u00e9coloration et toute d\u00e9t\u00e9rioration pendant de longues ann\u00e9es. En outre, gr\u00e2ce \u00e0 leur structure robuste, ces portes offrent une forte protection non seulement contre le soleil, mais aussi contre la pluie et d\u2019autres facteurs ext\u00e9rieurs.<\/p>\n<p class=\"first:mt-1.5!\">L\u2019un des principaux avantages de ces portes est que leurs couleurs ne se d\u00e9lavent pas pendant longtemps. Le mat\u00e9riau composite en aluminium emp\u00eache les changements de couleur, m\u00eame lorsqu\u2019il est expos\u00e9 au soleil, et permet aux portes de conserver un aspect neuf en permanence. Cette caract\u00e9ristique \u00e9limine notamment le probl\u00e8me de d\u00e9gradation des couleurs, tr\u00e8s fr\u00e9quent dans les espaces ext\u00e9rieurs.<\/p>\n<h3>Caract\u00e9ristiques de s\u00e9curit\u00e9 des portes en acier \u00e0 double vantail<\/h3>\n<p class=\"first:mt-1.5!\">Les <strong>portes en acier \u00e0 double vantail<\/strong> offrent \u00e9galement des performances de haut niveau en mati\u00e8re de s\u00e9curit\u00e9. Les portes en acier sont fabriqu\u00e9es \u00e0 partir de t\u00f4les d\u2019acier \u00e9paisses et assurent, gr\u00e2ce \u00e0 leur structure solide, une excellente protection contre les menaces ext\u00e9rieures telles que le vol. Le mat\u00e9riau composite en aluminium utilis\u00e9 \u00e0 l\u2019int\u00e9rieur de la porte contribue non seulement \u00e0 l\u2019esth\u00e9tique, mais aussi \u00e0 la s\u00e9curit\u00e9. Ce mat\u00e9riau est tr\u00e8s r\u00e9sistant aux impacts et conserve longtemps sa r\u00e9sistance face \u00e0 toute intervention ext\u00e9rieure.<\/p>\n<p class=\"first:mt-1.5!\">Gr\u00e2ce \u00e0 leur large ouverture, les portes en acier \u00e0 double vantail prot\u00e8gent vos entr\u00e9es de mani\u00e8re tr\u00e8s s\u00fbre tout en \u00e9tant faciles \u00e0 ouvrir. Cette caract\u00e9ristique est particuli\u00e8rement importante pour les espaces n\u00e9cessitant un haut niveau de s\u00e9curit\u00e9.<\/p>\n<h3>Conclusion<\/h3>\n<p class=\"first:mt-1.5!\">Les <strong>portes en acier \u00e0 double vantail<\/strong> offrent une solution parfaite en mati\u00e8re d\u2019esth\u00e9tique, de s\u00e9curit\u00e9 et de durabilit\u00e9. Gr\u00e2ce \u00e0 leurs vastes domaines d\u2019utilisation, elles peuvent \u00eatre employ\u00e9es partout, des entr\u00e9es d\u2019immeubles aux villas, des portes d\u2019\u00e9cole aux salles de mariage. De plus, gr\u00e2ce \u00e0 leur structure r\u00e9sistante au soleil et \u00e0 leurs surfaces en composite aluminium, elles sont durables et r\u00e9sistantes \u00e0 la d\u00e9coloration. Avec toutes ces caract\u00e9ristiques, les <strong>portes en acier \u00e0 deux vantaux<\/strong> repr\u00e9sentent une solution de s\u00e9curit\u00e9 \u00e0 la fois fonctionnelle et \u00e9l\u00e9gante.<\/p>\n","protected":false},"excerpt":{"rendered":"<p>Portes en acier \u00e0 double vantail : des solutions s\u00fbres, durables et esth\u00e9tiques Les portes \u00e0 double vantail font partie des solutions de s\u00e9curit\u00e9 id\u00e9ales, en particulier pour les espaces larges et les grandes entr\u00e9es. Elles se distinguent par leur r\u00e9sistance \u00e0 toutes les conditions climatiques, leur \u00e9l\u00e9gance esth\u00e9tique et leur structure fonctionnelle. En particulier,<\/p>\n","protected":false},"featured_media":10020,"template":"","meta":{"_bbp_topic_count":0,"_bbp_reply_count":0,"_bbp_total_topic_count":0,"_bbp_total_reply_count":0,"_bbp_voice_count":0,"_bbp_anonymous_reply_count":0,"_bbp_topic_count_hidden":0,"_bbp_reply_count_hidden":0,"_bbp_forum_subforum_count":0},"product_brand":[],"product_cat":[1053,909],"product_tag":[],"class_list":{"0":"post-10019","1":"product","2":"type-product","3":"status-publish","4":"has-post-thumbnail","6":"product_cat-porte-composite","7":"product_cat-portes-exterieures-du-batiment","9":"first","10":"instock","11":"shipping-taxable","12":"product-type-simple","13":"prodpage-classic"},"yoast_head":"<!-- This site is optimized with the Yoast SEO Premium plugin v26.6 (Yoast SEO v27.3) - https:\/\/yoast.com\/product\/yoast-seo-premium-wordpress\/ -->\n<title>Portes en acier \u00e0 deux vantaux : s\u00e9curis\u00e9es | Portes en acier \u00e0 deux vantaux<\/title>\n<meta name=\"description\" content=\"Les portes en acier \u00e0 deux battants renforcent la s\u00e9curit\u00e9 et apportent une touche d&#039;\u00e9l\u00e9gance. D\u00e9couvrez nos portes en acier \u00e0 deux battants, r\u00e9sistantes au soleil, robustes et durables.\" \/>\n<meta name=\"robots\" content=\"index, follow, max-snippet:-1, max-image-preview:large, max-video-preview:-1\" \/>\n<link rel=\"canonical\" href=\"https:\/\/www.kapi.ltd\/fr\/urun\/portes-en-acier-a-double-battant\/\" \/>\n<meta property=\"og:locale\" content=\"fr_FR\" \/>\n<meta property=\"og:type\" content=\"article\" \/>\n<meta property=\"og:title\" content=\"Portes en acier \u00e0 double battant\" \/>\n<meta property=\"og:description\" content=\"Les portes en acier \u00e0 deux battants renforcent la s\u00e9curit\u00e9 et apportent une touche d&#039;\u00e9l\u00e9gance. D\u00e9couvrez nos portes en acier \u00e0 deux battants, r\u00e9sistantes au soleil, robustes et durables.\" \/>\n<meta property=\"og:url\" content=\"https:\/\/www.kapi.ltd\/fr\/urun\/portes-en-acier-a-double-battant\/\" \/>\n<meta property=\"og:site_name\" content=\"\u0130\u00e7 Oda Kap\u0131lar\u0131 - \u00c7elik kap\u0131 modelleri - apartman kap\u0131lar\u0131\" \/>\n<meta property=\"article:modified_time\" content=\"2026-03-18T11:06:21+00:00\" \/>\n<meta property=\"og:image\" content=\"https:\/\/www.kapi.ltd\/wp-content\/uploads\/2026\/03\/dis-kapisi-9.webp\" \/>\n\t<meta property=\"og:image:width\" content=\"500\" \/>\n\t<meta property=\"og:image:height\" content=\"750\" \/>\n\t<meta property=\"og:image:type\" content=\"image\/webp\" \/>\n<meta name=\"twitter:card\" content=\"summary_large_image\" \/>\n<meta name=\"twitter:label1\" content=\"Dur\u00e9e de lecture estim\u00e9e\" \/>\n\t<meta name=\"twitter:data1\" content=\"6 minutes\" \/>\n<script type=\"application\/ld+json\" class=\"yoast-schema-graph\">{\"@context\":\"https:\\\/\\\/schema.org\",\"@graph\":[{\"@type\":\"WebPage\",\"@id\":\"https:\\\/\\\/www.kapi.ltd\\\/fr\\\/urun\\\/portes-en-acier-a-double-battant\\\/\",\"url\":\"https:\\\/\\\/www.kapi.ltd\\\/fr\\\/urun\\\/portes-en-acier-a-double-battant\\\/\",\"name\":\"Portes en acier \u00e0 deux vantaux : s\u00e9curis\u00e9es | Portes en acier \u00e0 deux vantaux\",\"isPartOf\":{\"@id\":\"https:\\\/\\\/www.kapi.ltd\\\/fr\\\/#website\"},\"primaryImageOfPage\":{\"@id\":\"https:\\\/\\\/www.kapi.ltd\\\/fr\\\/urun\\\/portes-en-acier-a-double-battant\\\/#primaryimage\"},\"image\":{\"@id\":\"https:\\\/\\\/www.kapi.ltd\\\/fr\\\/urun\\\/portes-en-acier-a-double-battant\\\/#primaryimage\"},\"thumbnailUrl\":\"https:\\\/\\\/www.kapi.ltd\\\/wp-content\\\/uploads\\\/2026\\\/03\\\/dis-kapisi-9.webp\",\"datePublished\":\"2026-03-01T15:26:58+00:00\",\"dateModified\":\"2026-03-18T11:06:21+00:00\",\"description\":\"Les portes en acier \u00e0 deux battants renforcent la s\u00e9curit\u00e9 et apportent une touche d'\u00e9l\u00e9gance. D\u00e9couvrez nos portes en acier \u00e0 deux battants, r\u00e9sistantes au soleil, robustes et durables.\",\"breadcrumb\":{\"@id\":\"https:\\\/\\\/www.kapi.ltd\\\/fr\\\/urun\\\/portes-en-acier-a-double-battant\\\/#breadcrumb\"},\"inLanguage\":\"fr-FR\",\"potentialAction\":[{\"@type\":\"ReadAction\",\"target\":[\"https:\\\/\\\/www.kapi.ltd\\\/fr\\\/urun\\\/portes-en-acier-a-double-battant\\\/\"]}]},{\"@type\":\"ImageObject\",\"inLanguage\":\"fr-FR\",\"@id\":\"https:\\\/\\\/www.kapi.ltd\\\/fr\\\/urun\\\/portes-en-acier-a-double-battant\\\/#primaryimage\",\"url\":\"https:\\\/\\\/www.kapi.ltd\\\/wp-content\\\/uploads\\\/2026\\\/03\\\/dis-kapisi-9.webp\",\"contentUrl\":\"https:\\\/\\\/www.kapi.ltd\\\/wp-content\\\/uploads\\\/2026\\\/03\\\/dis-kapisi-9.webp\",\"width\":500,\"height\":750,\"caption\":\"d\u0131\u015f kap\u0131\"},{\"@type\":\"BreadcrumbList\",\"@id\":\"https:\\\/\\\/www.kapi.ltd\\\/fr\\\/urun\\\/portes-en-acier-a-double-battant\\\/#breadcrumb\",\"itemListElement\":[{\"@type\":\"ListItem\",\"position\":1,\"name\":\"Anasayfa\",\"item\":\"https:\\\/\\\/www.kapi.ltd\\\/fr\\\/\"},{\"@type\":\"ListItem\",\"position\":2,\"name\":\"ic-kapi-celik-kapi-modelleri\",\"item\":\"https:\\\/\\\/www.kapi.ltd\\\/?page_id=4263\"},{\"@type\":\"ListItem\",\"position\":3,\"name\":\"Portes en acier \u00e0 double battant\"}]},{\"@type\":\"WebSite\",\"@id\":\"https:\\\/\\\/www.kapi.ltd\\\/fr\\\/#website\",\"url\":\"https:\\\/\\\/www.kapi.ltd\\\/fr\\\/\",\"name\":\"\u0130\u00e7 Kap\u0131 Ve \u00c7elik Kap\u0131 Modelleri\",\"description\":\"T\u00fcrkiye Kap\u0131 Modelleri Merkezi\",\"potentialAction\":[{\"@type\":\"SearchAction\",\"target\":{\"@type\":\"EntryPoint\",\"urlTemplate\":\"https:\\\/\\\/www.kapi.ltd\\\/fr\\\/?s={search_term_string}\"},\"query-input\":{\"@type\":\"PropertyValueSpecification\",\"valueRequired\":true,\"valueName\":\"search_term_string\"}}],\"inLanguage\":\"fr-FR\"}]}<\/script>\n<!-- \/ Yoast SEO Premium plugin. -->","yoast_head_json":{"title":"Portes en acier \u00e0 deux vantaux : s\u00e9curis\u00e9es | Portes en acier \u00e0 deux vantaux","description":"Les portes en acier \u00e0 deux battants renforcent la s\u00e9curit\u00e9 et apportent une touche d'\u00e9l\u00e9gance. D\u00e9couvrez nos portes en acier \u00e0 deux battants, r\u00e9sistantes au soleil, robustes et durables.","robots":{"index":"index","follow":"follow","max-snippet":"max-snippet:-1","max-image-preview":"max-image-preview:large","max-video-preview":"max-video-preview:-1"},"canonical":"https:\/\/www.kapi.ltd\/fr\/urun\/portes-en-acier-a-double-battant\/","og_locale":"fr_FR","og_type":"article","og_title":"Portes en acier \u00e0 double battant","og_description":"Les portes en acier \u00e0 deux battants renforcent la s\u00e9curit\u00e9 et apportent une touche d'\u00e9l\u00e9gance. D\u00e9couvrez nos portes en acier \u00e0 deux battants, r\u00e9sistantes au soleil, robustes et durables.","og_url":"https:\/\/www.kapi.ltd\/fr\/urun\/portes-en-acier-a-double-battant\/","og_site_name":"\u0130\u00e7 Oda Kap\u0131lar\u0131 - \u00c7elik kap\u0131 modelleri - apartman kap\u0131lar\u0131","article_modified_time":"2026-03-18T11:06:21+00:00","og_image":[{"width":500,"height":750,"url":"https:\/\/www.kapi.ltd\/wp-content\/uploads\/2026\/03\/dis-kapisi-9.webp","type":"image\/webp"}],"twitter_card":"summary_large_image","twitter_misc":{"Dur\u00e9e de lecture estim\u00e9e":"6 minutes"},"schema":{"@context":"https:\/\/schema.org","@graph":[{"@type":"WebPage","@id":"https:\/\/www.kapi.ltd\/fr\/urun\/portes-en-acier-a-double-battant\/","url":"https:\/\/www.kapi.ltd\/fr\/urun\/portes-en-acier-a-double-battant\/","name":"Portes en acier \u00e0 deux vantaux : s\u00e9curis\u00e9es | Portes en acier \u00e0 deux vantaux","isPartOf":{"@id":"https:\/\/www.kapi.ltd\/fr\/#website"},"primaryImageOfPage":{"@id":"https:\/\/www.kapi.ltd\/fr\/urun\/portes-en-acier-a-double-battant\/#primaryimage"},"image":{"@id":"https:\/\/www.kapi.ltd\/fr\/urun\/portes-en-acier-a-double-battant\/#primaryimage"},"thumbnailUrl":"https:\/\/www.kapi.ltd\/wp-content\/uploads\/2026\/03\/dis-kapisi-9.webp","datePublished":"2026-03-01T15:26:58+00:00","dateModified":"2026-03-18T11:06:21+00:00","description":"Les portes en acier \u00e0 deux battants renforcent la s\u00e9curit\u00e9 et apportent une touche d'\u00e9l\u00e9gance. D\u00e9couvrez nos portes en acier \u00e0 deux battants, r\u00e9sistantes au soleil, robustes et durables.","breadcrumb":{"@id":"https:\/\/www.kapi.ltd\/fr\/urun\/portes-en-acier-a-double-battant\/#breadcrumb"},"inLanguage":"fr-FR","potentialAction":[{"@type":"ReadAction","target":["https:\/\/www.kapi.ltd\/fr\/urun\/portes-en-acier-a-double-battant\/"]}]},{"@type":"ImageObject","inLanguage":"fr-FR","@id":"https:\/\/www.kapi.ltd\/fr\/urun\/portes-en-acier-a-double-battant\/#primaryimage","url":"https:\/\/www.kapi.ltd\/wp-content\/uploads\/2026\/03\/dis-kapisi-9.webp","contentUrl":"https:\/\/www.kapi.ltd\/wp-content\/uploads\/2026\/03\/dis-kapisi-9.webp","width":500,"height":750,"caption":"d\u0131\u015f kap\u0131"},{"@type":"BreadcrumbList","@id":"https:\/\/www.kapi.ltd\/fr\/urun\/portes-en-acier-a-double-battant\/#breadcrumb","itemListElement":[{"@type":"ListItem","position":1,"name":"Anasayfa","item":"https:\/\/www.kapi.ltd\/fr\/"},{"@type":"ListItem","position":2,"name":"ic-kapi-celik-kapi-modelleri","item":"https:\/\/www.kapi.ltd\/?page_id=4263"},{"@type":"ListItem","position":3,"name":"Portes en acier \u00e0 double battant"}]},{"@type":"WebSite","@id":"https:\/\/www.kapi.ltd\/fr\/#website","url":"https:\/\/www.kapi.ltd\/fr\/","name":"\u0130\u00e7 Kap\u0131 Ve \u00c7elik Kap\u0131 Modelleri","description":"T\u00fcrkiye Kap\u0131 Modelleri Merkezi","potentialAction":[{"@type":"SearchAction","target":{"@type":"EntryPoint","urlTemplate":"https:\/\/www.kapi.ltd\/fr\/?s={search_term_string}"},"query-input":{"@type":"PropertyValueSpecification","valueRequired":true,"valueName":"search_term_string"}}],"inLanguage":"fr-FR"}]}},"_links":{"self":[{"href":"https:\/\/www.kapi.ltd\/fr\/wp-json\/wp\/v2\/product\/10019","targetHints":{"allow":["GET"]}}],"collection":[{"href":"https:\/\/www.kapi.ltd\/fr\/wp-json\/wp\/v2\/product"}],"about":[{"href":"https:\/\/www.kapi.ltd\/fr\/wp-json\/wp\/v2\/types\/product"}],"version-history":[{"count":2,"href":"https:\/\/www.kapi.ltd\/fr\/wp-json\/wp\/v2\/product\/10019\/revisions"}],"predecessor-version":[{"id":10367,"href":"https:\/\/www.kapi.ltd\/fr\/wp-json\/wp\/v2\/product\/10019\/revisions\/10367"}],"wp:featuredmedia":[{"embeddable":true,"href":"https:\/\/www.kapi.ltd\/fr\/wp-json\/wp\/v2\/media\/10020"}],"wp:attachment":[{"href":"https:\/\/www.kapi.ltd\/fr\/wp-json\/wp\/v2\/media?parent=10019"}],"wp:term":[{"taxonomy":"product_brand","embeddable":true,"href":"https:\/\/www.kapi.ltd\/fr\/wp-json\/wp\/v2\/product_brand?post=10019"},{"taxonomy":"product_cat","embeddable":true,"href":"https:\/\/www.kapi.ltd\/fr\/wp-json\/wp\/v2\/product_cat?post=10019"},{"taxonomy":"product_tag","embeddable":true,"href":"https:\/\/www.kapi.ltd\/fr\/wp-json\/wp\/v2\/product_tag?post=10019"}],"curies":[{"name":"wp","href":"https:\/\/api.w.org\/{rel}","templated":true}]}}