{"id":5641,"date":"2015-08-07T15:58:13","date_gmt":"2015-08-07T12:58:13","guid":{"rendered":"https:\/\/www.kapi.ltd\/ic-kapi-ve-celik-kapi-yazilari\/"},"modified":"2025-10-25T11:12:51","modified_gmt":"2025-10-25T08:12:51","slug":"porte-interieure-et-porte-en-acier","status":"publish","type":"page","link":"https:\/\/www.kapi.ltd\/fr\/porte-interieure-et-porte-en-acier\/","title":{"rendered":"Porte int\u00e9rieure et porte en acier"},"content":{"rendered":"","protected":false},"excerpt":{"rendered":"","protected":false},"author":1,"featured_media":0,"parent":0,"menu_order":0,"comment_status":"closed","ping_status":"closed","template":"","meta":{"_bbp_topic_count":0,"_bbp_reply_count":0,"_bbp_total_topic_count":0,"_bbp_total_reply_count":0,"_bbp_voice_count":0,"_bbp_anonymous_reply_count":0,"_bbp_topic_count_hidden":0,"_bbp_reply_count_hidden":0,"_bbp_forum_subforum_count":0,"footnotes":""},"class_list":["post-5641","page","type-page","status-publish","hentry","prodpage-classic"],"yoast_head":"<!-- This site is optimized with the Yoast SEO Premium plugin v26.6 (Yoast SEO v27.4) - https:\/\/yoast.com\/product\/yoast-seo-premium-wordpress\/ -->\n<title>Porte int\u00e9rieure et porte en acier- Porte en acier- Porte int\u00e9rieure<\/title>\n<meta name=\"description\" content=\"Mod\u00e8les de portes int\u00e9rieures et de portes en acier, options de couleurs, informations sur les fabricants en Turquie et informations utiles\" \/>\n<meta name=\"robots\" content=\"index, follow, max-snippet:-1, max-image-preview:large, max-video-preview:-1\" \/>\n<link rel=\"canonical\" href=\"https:\/\/www.kapi.ltd\/fr\/porte-interieure-et-porte-en-acier\/\" \/>\n<meta property=\"og:locale\" content=\"fr_FR\" \/>\n<meta property=\"og:type\" content=\"article\" \/>\n<meta property=\"og:title\" content=\"Porte int\u00e9rieure et porte en acier\" \/>\n<meta property=\"og:description\" content=\"Mod\u00e8les de portes int\u00e9rieures et de portes en acier, options de couleurs, informations sur les fabricants en Turquie et informations utiles\" \/>\n<meta property=\"og:url\" content=\"https:\/\/www.kapi.ltd\/fr\/porte-interieure-et-porte-en-acier\/\" \/>\n<meta property=\"og:site_name\" content=\"\u0130\u00e7 Oda Kap\u0131lar\u0131 - \u00c7elik kap\u0131 modelleri - apartman kap\u0131lar\u0131\" \/>\n<meta property=\"article:modified_time\" content=\"2025-10-25T08:12:51+00:00\" \/>\n<meta name=\"twitter:card\" content=\"summary_large_image\" \/>\n<meta name=\"twitter:label1\" content=\"Dur\u00e9e de lecture estim\u00e9e\" \/>\n\t<meta name=\"twitter:data1\" content=\"2 minutes\" \/>\n<script type=\"application\/ld+json\" class=\"yoast-schema-graph\">{\"@context\":\"https:\\\/\\\/schema.org\",\"@graph\":[{\"@type\":\"WebPage\",\"@id\":\"https:\\\/\\\/www.kapi.ltd\\\/fr\\\/porte-interieure-et-porte-en-acier\\\/\",\"url\":\"https:\\\/\\\/www.kapi.ltd\\\/fr\\\/porte-interieure-et-porte-en-acier\\\/\",\"name\":\"Porte int\u00e9rieure et porte en acier- Porte en acier- Porte int\u00e9rieure\",\"isPartOf\":{\"@id\":\"https:\\\/\\\/www.kapi.ltd\\\/fr\\\/#website\"},\"datePublished\":\"2015-08-07T12:58:13+00:00\",\"dateModified\":\"2025-10-25T08:12:51+00:00\",\"description\":\"Mod\u00e8les de portes int\u00e9rieures et de portes en acier, options de couleurs, informations sur les fabricants en Turquie et informations utiles\",\"breadcrumb\":{\"@id\":\"https:\\\/\\\/www.kapi.ltd\\\/fr\\\/porte-interieure-et-porte-en-acier\\\/#breadcrumb\"},\"inLanguage\":\"fr-FR\",\"potentialAction\":[{\"@type\":\"ReadAction\",\"target\":[\"https:\\\/\\\/www.kapi.ltd\\\/fr\\\/porte-interieure-et-porte-en-acier\\\/\"]}]},{\"@type\":\"BreadcrumbList\",\"@id\":\"https:\\\/\\\/www.kapi.ltd\\\/fr\\\/porte-interieure-et-porte-en-acier\\\/#breadcrumb\",\"itemListElement\":[{\"@type\":\"ListItem\",\"position\":1,\"name\":\"Anasayfa\",\"item\":\"https:\\\/\\\/www.kapi.ltd\\\/fr\\\/\"},{\"@type\":\"ListItem\",\"position\":2,\"name\":\"Porte int\u00e9rieure et porte en acier\"}]},{\"@type\":\"WebSite\",\"@id\":\"https:\\\/\\\/www.kapi.ltd\\\/fr\\\/#website\",\"url\":\"https:\\\/\\\/www.kapi.ltd\\\/fr\\\/\",\"name\":\"\u0130\u00e7 Kap\u0131 Ve \u00c7elik Kap\u0131 Modelleri\",\"description\":\"T\u00fcrkiye Kap\u0131 Modelleri Merkezi\",\"potentialAction\":[{\"@type\":\"SearchAction\",\"target\":{\"@type\":\"EntryPoint\",\"urlTemplate\":\"https:\\\/\\\/www.kapi.ltd\\\/fr\\\/?s={search_term_string}\"},\"query-input\":{\"@type\":\"PropertyValueSpecification\",\"valueRequired\":true,\"valueName\":\"search_term_string\"}}],\"inLanguage\":\"fr-FR\"}]}<\/script>\n<!-- \/ Yoast SEO Premium plugin. -->","yoast_head_json":{"title":"Porte int\u00e9rieure et porte en acier- Porte en acier- Porte int\u00e9rieure","description":"Mod\u00e8les de portes int\u00e9rieures et de portes en acier, options de couleurs, informations sur les fabricants en Turquie et informations utiles","robots":{"index":"index","follow":"follow","max-snippet":"max-snippet:-1","max-image-preview":"max-image-preview:large","max-video-preview":"max-video-preview:-1"},"canonical":"https:\/\/www.kapi.ltd\/fr\/porte-interieure-et-porte-en-acier\/","og_locale":"fr_FR","og_type":"article","og_title":"Porte int\u00e9rieure et porte en acier","og_description":"Mod\u00e8les de portes int\u00e9rieures et de portes en acier, options de couleurs, informations sur les fabricants en Turquie et informations utiles","og_url":"https:\/\/www.kapi.ltd\/fr\/porte-interieure-et-porte-en-acier\/","og_site_name":"\u0130\u00e7 Oda Kap\u0131lar\u0131 - \u00c7elik kap\u0131 modelleri - apartman kap\u0131lar\u0131","article_modified_time":"2025-10-25T08:12:51+00:00","twitter_card":"summary_large_image","twitter_misc":{"Dur\u00e9e de lecture estim\u00e9e":"2 minutes"},"schema":{"@context":"https:\/\/schema.org","@graph":[{"@type":"WebPage","@id":"https:\/\/www.kapi.ltd\/fr\/porte-interieure-et-porte-en-acier\/","url":"https:\/\/www.kapi.ltd\/fr\/porte-interieure-et-porte-en-acier\/","name":"Porte int\u00e9rieure et porte en acier- Porte en acier- Porte int\u00e9rieure","isPartOf":{"@id":"https:\/\/www.kapi.ltd\/fr\/#website"},"datePublished":"2015-08-07T12:58:13+00:00","dateModified":"2025-10-25T08:12:51+00:00","description":"Mod\u00e8les de portes int\u00e9rieures et de portes en acier, options de couleurs, informations sur les fabricants en Turquie et informations utiles","breadcrumb":{"@id":"https:\/\/www.kapi.ltd\/fr\/porte-interieure-et-porte-en-acier\/#breadcrumb"},"inLanguage":"fr-FR","potentialAction":[{"@type":"ReadAction","target":["https:\/\/www.kapi.ltd\/fr\/porte-interieure-et-porte-en-acier\/"]}]},{"@type":"BreadcrumbList","@id":"https:\/\/www.kapi.ltd\/fr\/porte-interieure-et-porte-en-acier\/#breadcrumb","itemListElement":[{"@type":"ListItem","position":1,"name":"Anasayfa","item":"https:\/\/www.kapi.ltd\/fr\/"},{"@type":"ListItem","position":2,"name":"Porte int\u00e9rieure et porte en acier"}]},{"@type":"WebSite","@id":"https:\/\/www.kapi.ltd\/fr\/#website","url":"https:\/\/www.kapi.ltd\/fr\/","name":"\u0130\u00e7 Kap\u0131 Ve \u00c7elik Kap\u0131 Modelleri","description":"T\u00fcrkiye Kap\u0131 Modelleri Merkezi","potentialAction":[{"@type":"SearchAction","target":{"@type":"EntryPoint","urlTemplate":"https:\/\/www.kapi.ltd\/fr\/?s={search_term_string}"},"query-input":{"@type":"PropertyValueSpecification","valueRequired":true,"valueName":"search_term_string"}}],"inLanguage":"fr-FR"}]}},"_links":{"self":[{"href":"https:\/\/www.kapi.ltd\/fr\/wp-json\/wp\/v2\/pages\/5641","targetHints":{"allow":["GET"]}}],"collection":[{"href":"https:\/\/www.kapi.ltd\/fr\/wp-json\/wp\/v2\/pages"}],"about":[{"href":"https:\/\/www.kapi.ltd\/fr\/wp-json\/wp\/v2\/types\/page"}],"author":[{"embeddable":true,"href":"https:\/\/www.kapi.ltd\/fr\/wp-json\/wp\/v2\/users\/1"}],"replies":[{"embeddable":true,"href":"https:\/\/www.kapi.ltd\/fr\/wp-json\/wp\/v2\/comments?post=5641"}],"version-history":[{"count":2,"href":"https:\/\/www.kapi.ltd\/fr\/wp-json\/wp\/v2\/pages\/5641\/revisions"}],"predecessor-version":[{"id":5649,"href":"https:\/\/www.kapi.ltd\/fr\/wp-json\/wp\/v2\/pages\/5641\/revisions\/5649"}],"wp:attachment":[{"href":"https:\/\/www.kapi.ltd\/fr\/wp-json\/wp\/v2\/media?parent=5641"}],"curies":[{"name":"wp","href":"https:\/\/api.w.org\/{rel}","templated":true}]}}