{"id":5521,"date":"2025-10-23T09:20:28","date_gmt":"2025-10-23T06:20:28","guid":{"rendered":"https:\/\/www.kapi.ltd\/kapi-modelleri-4-2\/"},"modified":"2025-11-24T22:55:24","modified_gmt":"2025-11-24T19:55:24","slug":"kapi-modelleri-4-2","status":"publish","type":"page","link":"https:\/\/www.kapi.ltd\/fr\/","title":{"rendered":"Mod\u00e8le de porte"},"content":{"rendered":"","protected":false},"excerpt":{"rendered":"","protected":false},"author":1,"featured_media":0,"parent":0,"menu_order":0,"comment_status":"closed","ping_status":"closed","template":"","meta":{"_bbp_topic_count":0,"_bbp_reply_count":0,"_bbp_total_topic_count":0,"_bbp_total_reply_count":0,"_bbp_voice_count":0,"_bbp_anonymous_reply_count":0,"_bbp_topic_count_hidden":0,"_bbp_reply_count_hidden":0,"_bbp_forum_subforum_count":0,"footnotes":""},"class_list":["post-5521","page","type-page","status-publish","hentry","prodpage-classic"],"yoast_head":"<!-- This site is optimized with the Yoast SEO Premium plugin v26.6 (Yoast SEO v27.4) - https:\/\/yoast.com\/product\/yoast-seo-premium-wordpress\/ -->\n<title>Mod\u00e8le de porte- mod\u00e8les de portes int\u00e9rieures - mod\u00e8les de portes en acier<\/title>\n<meta name=\"description\" content=\"Mod\u00e8les de portes en acier, mod\u00e8les et prix de portes int\u00e9rieures laqu\u00e9es, portes d&#039;entr\u00e9e d&#039;appartement et de villa\" \/>\n<meta name=\"robots\" content=\"index, follow, max-snippet:-1, max-image-preview:large, max-video-preview:-1\" \/>\n<link rel=\"canonical\" href=\"https:\/\/www.kapi.ltd\/fr\/\" \/>\n<meta property=\"og:locale\" content=\"fr_FR\" \/>\n<meta property=\"og:type\" content=\"article\" \/>\n<meta property=\"og:title\" content=\"Mod\u00e8le de porte\" \/>\n<meta property=\"og:description\" content=\"Mod\u00e8les de portes en acier, mod\u00e8les et prix de portes int\u00e9rieures laqu\u00e9es, portes d&#039;entr\u00e9e d&#039;appartement et de villa\" \/>\n<meta property=\"og:url\" content=\"https:\/\/www.kapi.ltd\/fr\/\" \/>\n<meta property=\"og:site_name\" content=\"\u0130\u00e7 Oda Kap\u0131lar\u0131 - \u00c7elik kap\u0131 modelleri - apartman kap\u0131lar\u0131\" \/>\n<meta property=\"article:modified_time\" content=\"2025-11-24T19:55:24+00:00\" \/>\n<meta name=\"twitter:card\" content=\"summary_large_image\" \/>\n<meta name=\"twitter:label1\" content=\"Dur\u00e9e de lecture estim\u00e9e\" \/>\n\t<meta name=\"twitter:data1\" content=\"6 minutes\" \/>\n<script type=\"application\/ld+json\" class=\"yoast-schema-graph\">{\"@context\":\"https:\\\/\\\/schema.org\",\"@graph\":[{\"@type\":\"WebPage\",\"@id\":\"https:\\\/\\\/www.kapi.ltd\\\/fr\\\/\",\"url\":\"https:\\\/\\\/www.kapi.ltd\\\/fr\\\/\",\"name\":\"Mod\u00e8le de porte- mod\u00e8les de portes int\u00e9rieures - mod\u00e8les de portes en acier\",\"isPartOf\":{\"@id\":\"https:\\\/\\\/www.kapi.ltd\\\/fr\\\/#website\"},\"datePublished\":\"2025-10-23T06:20:28+00:00\",\"dateModified\":\"2025-11-24T19:55:24+00:00\",\"description\":\"Mod\u00e8les de portes en acier, mod\u00e8les et prix de portes int\u00e9rieures laqu\u00e9es, portes d'entr\u00e9e d'appartement et de villa\",\"breadcrumb\":{\"@id\":\"https:\\\/\\\/www.kapi.ltd\\\/fr\\\/#breadcrumb\"},\"inLanguage\":\"fr-FR\",\"potentialAction\":[{\"@type\":\"ReadAction\",\"target\":[\"https:\\\/\\\/www.kapi.ltd\\\/fr\\\/\"]}]},{\"@type\":\"BreadcrumbList\",\"@id\":\"https:\\\/\\\/www.kapi.ltd\\\/fr\\\/#breadcrumb\",\"itemListElement\":[{\"@type\":\"ListItem\",\"position\":1,\"name\":\"Anasayfa\",\"item\":\"https:\\\/\\\/www.kapi.ltd\\\/fr\\\/\"},{\"@type\":\"ListItem\",\"position\":2,\"name\":\"Mod\u00e8le de porte\"}]},{\"@type\":\"WebSite\",\"@id\":\"https:\\\/\\\/www.kapi.ltd\\\/fr\\\/#website\",\"url\":\"https:\\\/\\\/www.kapi.ltd\\\/fr\\\/\",\"name\":\"\u0130\u00e7 Kap\u0131 Ve \u00c7elik Kap\u0131 Modelleri\",\"description\":\"T\u00fcrkiye Kap\u0131 Modelleri Merkezi\",\"potentialAction\":[{\"@type\":\"SearchAction\",\"target\":{\"@type\":\"EntryPoint\",\"urlTemplate\":\"https:\\\/\\\/www.kapi.ltd\\\/fr\\\/?s={search_term_string}\"},\"query-input\":{\"@type\":\"PropertyValueSpecification\",\"valueRequired\":true,\"valueName\":\"search_term_string\"}}],\"inLanguage\":\"fr-FR\"}]}<\/script>\n<!-- \/ Yoast SEO Premium plugin. -->","yoast_head_json":{"title":"Mod\u00e8le de porte- mod\u00e8les de portes int\u00e9rieures - mod\u00e8les de portes en acier","description":"Mod\u00e8les de portes en acier, mod\u00e8les et prix de portes int\u00e9rieures laqu\u00e9es, portes d'entr\u00e9e d'appartement et de villa","robots":{"index":"index","follow":"follow","max-snippet":"max-snippet:-1","max-image-preview":"max-image-preview:large","max-video-preview":"max-video-preview:-1"},"canonical":"https:\/\/www.kapi.ltd\/fr\/","og_locale":"fr_FR","og_type":"article","og_title":"Mod\u00e8le de porte","og_description":"Mod\u00e8les de portes en acier, mod\u00e8les et prix de portes int\u00e9rieures laqu\u00e9es, portes d'entr\u00e9e d'appartement et de villa","og_url":"https:\/\/www.kapi.ltd\/fr\/","og_site_name":"\u0130\u00e7 Oda Kap\u0131lar\u0131 - \u00c7elik kap\u0131 modelleri - apartman kap\u0131lar\u0131","article_modified_time":"2025-11-24T19:55:24+00:00","twitter_card":"summary_large_image","twitter_misc":{"Dur\u00e9e de lecture estim\u00e9e":"6 minutes"},"schema":{"@context":"https:\/\/schema.org","@graph":[{"@type":"WebPage","@id":"https:\/\/www.kapi.ltd\/fr\/","url":"https:\/\/www.kapi.ltd\/fr\/","name":"Mod\u00e8le de porte- mod\u00e8les de portes int\u00e9rieures - mod\u00e8les de portes en acier","isPartOf":{"@id":"https:\/\/www.kapi.ltd\/fr\/#website"},"datePublished":"2025-10-23T06:20:28+00:00","dateModified":"2025-11-24T19:55:24+00:00","description":"Mod\u00e8les de portes en acier, mod\u00e8les et prix de portes int\u00e9rieures laqu\u00e9es, portes d'entr\u00e9e d'appartement et de villa","breadcrumb":{"@id":"https:\/\/www.kapi.ltd\/fr\/#breadcrumb"},"inLanguage":"fr-FR","potentialAction":[{"@type":"ReadAction","target":["https:\/\/www.kapi.ltd\/fr\/"]}]},{"@type":"BreadcrumbList","@id":"https:\/\/www.kapi.ltd\/fr\/#breadcrumb","itemListElement":[{"@type":"ListItem","position":1,"name":"Anasayfa","item":"https:\/\/www.kapi.ltd\/fr\/"},{"@type":"ListItem","position":2,"name":"Mod\u00e8le de porte"}]},{"@type":"WebSite","@id":"https:\/\/www.kapi.ltd\/fr\/#website","url":"https:\/\/www.kapi.ltd\/fr\/","name":"\u0130\u00e7 Kap\u0131 Ve \u00c7elik Kap\u0131 Modelleri","description":"T\u00fcrkiye Kap\u0131 Modelleri Merkezi","potentialAction":[{"@type":"SearchAction","target":{"@type":"EntryPoint","urlTemplate":"https:\/\/www.kapi.ltd\/fr\/?s={search_term_string}"},"query-input":{"@type":"PropertyValueSpecification","valueRequired":true,"valueName":"search_term_string"}}],"inLanguage":"fr-FR"}]}},"_links":{"self":[{"href":"https:\/\/www.kapi.ltd\/fr\/wp-json\/wp\/v2\/pages\/5521","targetHints":{"allow":["GET"]}}],"collection":[{"href":"https:\/\/www.kapi.ltd\/fr\/wp-json\/wp\/v2\/pages"}],"about":[{"href":"https:\/\/www.kapi.ltd\/fr\/wp-json\/wp\/v2\/types\/page"}],"author":[{"embeddable":true,"href":"https:\/\/www.kapi.ltd\/fr\/wp-json\/wp\/v2\/users\/1"}],"replies":[{"embeddable":true,"href":"https:\/\/www.kapi.ltd\/fr\/wp-json\/wp\/v2\/comments?post=5521"}],"version-history":[{"count":6,"href":"https:\/\/www.kapi.ltd\/fr\/wp-json\/wp\/v2\/pages\/5521\/revisions"}],"predecessor-version":[{"id":7509,"href":"https:\/\/www.kapi.ltd\/fr\/wp-json\/wp\/v2\/pages\/5521\/revisions\/7509"}],"wp:attachment":[{"href":"https:\/\/www.kapi.ltd\/fr\/wp-json\/wp\/v2\/media?parent=5521"}],"curies":[{"name":"wp","href":"https:\/\/api.w.org\/{rel}","templated":true}]}}