{"id":8634,"date":"2025-11-29T13:06:16","date_gmt":"2025-11-29T10:06:16","guid":{"rendered":"https:\/\/www.kapi.ltd\/urun\/iki-kanatli-yangin-kapisi\/"},"modified":"2026-02-27T11:54:36","modified_gmt":"2026-02-27T08:54:36","slug":"double-leaf-fire-door","status":"publish","type":"product","link":"https:\/\/www.kapi.ltd\/en\/urun\/double-leaf-fire-door\/","title":{"rendered":"Double-leaf fire door"},"content":{"rendered":"<h1 data-start=\"211\" data-end=\"268\"><strong data-start=\"213\" data-end=\"268\">Yang\u0131n Kap\u0131s\u0131: G\u00fcvenli Yap\u0131lar\u0131n Vazge\u00e7ilmez Unsuru<\/strong><\/h1>\n<p data-start=\"270\" data-end=\"815\">Yang\u0131n kap\u0131s\u0131, bir yap\u0131da meydana gelebilecek yang\u0131n durumlar\u0131nda insanlar\u0131n g\u00fcvenli bir \u015fekilde tahliye edilmesini sa\u011flayan en kritik g\u00fcvenlik elemanlar\u0131ndan biridir. Yang\u0131n kap\u0131lar\u0131, y\u00fcksek \u0131s\u0131ya dayan\u0131kl\u0131 malzemelerle \u00fcretilir ve yang\u0131n\u0131n di\u011fer alanlara s\u0131\u00e7ramas\u0131n\u0131 \u00f6nleyerek zaman kazand\u0131r\u0131r. Do\u011fru tasarlanm\u0131\u015f bir yang\u0131n kap\u0131s\u0131, binan\u0131n g\u00fcvenlik seviyesini \u00f6nemli \u00f6l\u00e7\u00fcde art\u0131r\u0131r. Yang\u0131n y\u00f6netmeliklerine uygun \u015fekilde \u00fcretilen bu kap\u0131lar, olas\u0131 bir acil durumda duman ve alev ge\u00e7i\u015fini engelleyerek insanlar\u0131n tahliyesine b\u00fcy\u00fck katk\u0131 sa\u011flar.<\/p>\n<p data-start=\"817\" data-end=\"1191\">Yang\u0131n kap\u0131lar\u0131n\u0131n \u00e7e\u015fitleri aras\u0131nda <strong data-start=\"855\" data-end=\"885\">\u00e7ift kanatl\u0131 yang\u0131n kap\u0131s\u0131<\/strong>, <strong data-start=\"887\" data-end=\"910\">caml\u0131 yang\u0131n kap\u0131s\u0131<\/strong> ve kap\u0131n\u0131n performans\u0131n\u0131 do\u011frudan etkileyen <strong data-start=\"955\" data-end=\"982\">yang\u0131n kap\u0131s\u0131 mente\u015fesi<\/strong> gibi \u00f6nemli unsurlar bulunur. Her biri kullan\u0131m yerine, bina yo\u011funlu\u011funa ve g\u00fcvenlik ihtiya\u00e7lar\u0131na g\u00f6re farkl\u0131 avantajlar sunar. A\u015fa\u011f\u0131daki ba\u015fl\u0131klar alt\u0131nda bu \u00fcr\u00fcn gruplar\u0131n\u0131 daha detayl\u0131 inceleyebilirsiniz.<\/p>\n<hr data-start=\"1193\" data-end=\"1196\" \/>\n<h2 data-start=\"1198\" data-end=\"1231\"><strong data-start=\"1201\" data-end=\"1231\">\u00c7ift Kanatl\u0131 Yang\u0131n Kap\u0131s\u0131<\/strong><\/h2>\n<p data-start=\"1233\" data-end=\"1583\">\u00c7ift kanatl\u0131 yang\u0131n kap\u0131s\u0131, \u00f6zellikle geni\u015f ge\u00e7i\u015f alanlar\u0131na sahip binalarda veya yo\u011fun insan trafi\u011finin bulundu\u011fu noktalarda tercih edilen bir yang\u0131n kap\u0131s\u0131 modelidir. AVM\u2019ler, hastaneler, oteller, fabrikalar ve depolar gibi alanlarda b\u00fcy\u00fck kolayl\u0131k sa\u011flar. Geni\u015f a\u00e7\u0131l\u0131m sa\u011flayan yap\u0131s\u0131, tahliye s\u0131ras\u0131nda kalabal\u0131\u011f\u0131n rahat\u00e7a ge\u00e7mesini m\u00fcmk\u00fcn k\u0131lar.<\/p>\n<p data-start=\"1585\" data-end=\"1945\">Bu kap\u0131lar genellikle <strong data-start=\"1607\" data-end=\"1653\">120 dakika veya 180 dakika yang\u0131na dayan\u0131m<\/strong> se\u00e7enekleriyle \u00fcretilir. Yang\u0131n esnas\u0131nda kapal\u0131 kald\u0131\u011f\u0131nda, bulundu\u011fu alan\u0131 g\u00fcvenli bir \u015fekilde izole eder. \u00c7ift kanat\u0131n e\u015f zamanl\u0131 \u00e7al\u0131\u015fmas\u0131 i\u00e7in \u00f6zel sistemler kullan\u0131l\u0131r. Ayr\u0131ca, kap\u0131 kanatlar\u0131n\u0131n birbiriyle uyumlu \u015fekilde kapanmas\u0131n\u0131 sa\u011flayan <strong data-start=\"1902\" data-end=\"1936\">kanat dengeleyici mekanizmalar<\/strong> bulunur.<\/p>\n<p data-start=\"1947\" data-end=\"2298\">A\u011f\u0131r ve geni\u015f yap\u0131s\u0131na ra\u011fmen y\u00fcksek \u0131s\u0131 kar\u015f\u0131s\u0131nda \u015fekil de\u011fi\u015ftirmeyen \u00e7elik malzemelerden \u00fcretilen \u00e7ift kanatl\u0131 yang\u0131n kap\u0131s\u0131, uzun y\u0131llar sorunsuz kullan\u0131m sunar. Y\u00f6netmelik gere\u011fi acil \u00e7\u0131k\u0131\u015f y\u00f6n\u00fcnde a\u00e7\u0131lacak \u015fekilde tasarlan\u0131r ve genellikle panik bar sistemi kullan\u0131l\u0131r. Bu sayede olas\u0131 bir kaos an\u0131nda kap\u0131n\u0131n h\u0131zl\u0131 ve kolay a\u00e7\u0131lmas\u0131 m\u00fcmk\u00fcn olur.<\/p>\n<hr data-start=\"2300\" data-end=\"2303\" \/>\n<h2 data-start=\"2305\" data-end=\"2331\"><strong data-start=\"2308\" data-end=\"2331\">Caml\u0131 Yang\u0131n Kap\u0131s\u0131<\/strong><\/h2>\n<p data-start=\"2333\" data-end=\"2722\">Caml\u0131 yang\u0131n kap\u0131s\u0131, hem g\u00fcvenlik hem de estetik beklentileri kar\u015f\u0131layan \u00f6zel bir kap\u0131 modelidir. \u0130\u00e7 ortama \u015f\u0131kl\u0131k katarken ayn\u0131 zamanda yang\u0131na dayan\u0131kl\u0131 cam sayesinde g\u00fcvenli\u011fi de \u00fcst seviyede sa\u011flar. Kullan\u0131lan camlar, \u00f6zel olarak \u00fcretilmi\u015f <strong data-start=\"2577\" data-end=\"2633\">\u0131s\u0131ya dayan\u0131kl\u0131 temperli ve lamine yang\u0131n camlar\u0131d\u0131r<\/strong>. Bu camlar, y\u00fcksek s\u0131cakl\u0131k alt\u0131nda \u00e7atlamadan veya patlamadan koruma g\u00f6revini s\u00fcrd\u00fcr\u00fcr.<\/p>\n<p data-start=\"2724\" data-end=\"2999\">Caml\u0131 yang\u0131n kap\u0131lar\u0131 genellikle oteller, ofisler, al\u0131\u015fveri\u015f merkezleri ve modern mimariye sahip yap\u0131larda tercih edilir. Mek\u00e2na daha ferah bir g\u00f6r\u00fcn\u00fcm kazand\u0131r\u0131r ve yang\u0131n an\u0131nda i\u00e7erideki duman veya ate\u015fin durumu d\u0131\u015far\u0131dan g\u00f6r\u00fclebildi\u011fi i\u00e7in tahliye s\u00fcrecine yard\u0131mc\u0131 olur.<\/p>\n<p data-start=\"3001\" data-end=\"3311\">Ayr\u0131ca caml\u0131 yang\u0131n kap\u0131lar\u0131, y\u00f6netmeliklere uygun olarak \u00e7e\u015fitli dakikalarda \u0131s\u0131 dayan\u0131m\u0131 sunabilir. Cam\u0131n bulundu\u011fu b\u00f6lgelerde \u00f6zel \u00e7er\u00e7eve ve izolasyon malzemeleri kullan\u0131l\u0131r. Hem dekoratif hem de g\u00fcvenlik amac\u0131yla kullan\u0131lan bu kap\u0131lar, di\u011fer yang\u0131n kap\u0131s\u0131 modelleriyle ayn\u0131 koruma seviyesini sa\u011flayabilir.<\/p>\n<hr data-start=\"3313\" data-end=\"3316\" \/>\n<h2 data-start=\"3318\" data-end=\"3348\"><strong data-start=\"3321\" data-end=\"3348\">Yang\u0131n Kap\u0131s\u0131 Mente\u015fesi<\/strong><\/h2>\n<p data-start=\"3350\" data-end=\"3653\">Yang\u0131n kap\u0131s\u0131 mente\u015fesi, bir yang\u0131n kap\u0131s\u0131n\u0131n performans\u0131n\u0131 belirleyen en \u00f6nemli unsurlardan biridir. Standart bir kap\u0131 mente\u015fesine benzese de yang\u0131na dayan\u0131m testlerinden ge\u00e7erek \u00fcretilir. Kap\u0131n\u0131n y\u00fcksek \u0131s\u0131 alt\u0131nda formunu korumas\u0131 ve kapanmaya devam etmesi, kullan\u0131lan mente\u015fenin kalitesine ba\u011fl\u0131d\u0131r.<\/p>\n<p data-start=\"3655\" data-end=\"3940\">Yang\u0131n kap\u0131s\u0131 mente\u015fesi, kap\u0131n\u0131n a\u011f\u0131rl\u0131\u011f\u0131n\u0131 ta\u015f\u0131yabilecek g\u00fc\u00e7te \u00fcretilir. \u00c7ift kanatl\u0131 veya a\u011f\u0131r \u00e7elik kap\u0131larda kullan\u0131lan mente\u015feler, yang\u0131n s\u0131ras\u0131nda kap\u0131n\u0131n d\u00fc\u015fmesini veya sarkmas\u0131n\u0131 engelleyecek \u015fekilde tasarlan\u0131r. Bu da duman ge\u00e7i\u015fini \u00f6nlemek i\u00e7in kap\u0131n\u0131n tam kapanmas\u0131n\u0131 sa\u011flar.<\/p>\n<p data-start=\"3942\" data-end=\"4146\">Ayr\u0131ca yayl\u0131 mente\u015fe modelleri, kap\u0131n\u0131n a\u00e7\u0131k kald\u0131\u011f\u0131nda otomatik olarak kapanmas\u0131n\u0131 destekler. Yang\u0131n an\u0131nda kap\u0131n\u0131n a\u00e7\u0131k kalmamas\u0131 hayati \u00f6nem ta\u015f\u0131d\u0131\u011f\u0131 i\u00e7in bu mente\u015feler g\u00fcvenli\u011fi \u00f6nemli \u00f6l\u00e7\u00fcde art\u0131r\u0131r.<\/p>\n","protected":false},"excerpt":{"rendered":"<p>Yang\u0131n Kap\u0131s\u0131: G\u00fcvenli Yap\u0131lar\u0131n Vazge\u00e7ilmez Unsuru Yang\u0131n kap\u0131s\u0131, bir yap\u0131da meydana gelebilecek yang\u0131n durumlar\u0131nda insanlar\u0131n g\u00fcvenli bir \u015fekilde tahliye edilmesini sa\u011flayan en kritik g\u00fcvenlik elemanlar\u0131ndan biridir. Yang\u0131n kap\u0131lar\u0131, y\u00fcksek \u0131s\u0131ya dayan\u0131kl\u0131 malzemelerle \u00fcretilir ve yang\u0131n\u0131n di\u011fer alanlara s\u0131\u00e7ramas\u0131n\u0131 \u00f6nleyerek zaman kazand\u0131r\u0131r. Do\u011fru tasarlanm\u0131\u015f bir yang\u0131n kap\u0131s\u0131, binan\u0131n g\u00fcvenlik seviyesini \u00f6nemli \u00f6l\u00e7\u00fcde art\u0131r\u0131r. Yang\u0131n y\u00f6netmeliklerine uygun<\/p>\n","protected":false},"featured_media":8635,"template":"","meta":{"_bbp_topic_count":0,"_bbp_reply_count":0,"_bbp_total_topic_count":0,"_bbp_total_reply_count":0,"_bbp_voice_count":0,"_bbp_anonymous_reply_count":0,"_bbp_topic_count_hidden":0,"_bbp_reply_count_hidden":0,"_bbp_forum_subforum_count":0},"product_brand":[],"product_cat":[921],"product_tag":[1195],"class_list":{"0":"post-8634","1":"product","2":"type-product","3":"status-publish","4":"has-post-thumbnail","6":"product_cat-fire-doors","7":"product_tag-iki-kanatli-yangin-kapisi","9":"first","10":"instock","11":"shipping-taxable","12":"product-type-simple","13":"prodpage-classic"},"yoast_head":"<!-- This site is optimized with the Yoast SEO Premium plugin v26.6 (Yoast SEO v27.4) - https:\/\/yoast.com\/product\/yoast-seo-premium-wordpress\/ -->\n<title>Caml\u0131 Yang\u0131n Kap\u0131s\u0131 - \u00c7ift Kanatl\u0131 Yang\u0131n Kap\u0131s\u0131 - Yang\u0131n Kap\u0131s\u0131<\/title>\n<meta name=\"description\" content=\"Learn about the features of double-leaf fire doors, glazed fire doors and fire door hinges to make a safe and compliant door selection.\" \/>\n<meta name=\"robots\" content=\"index, follow, max-snippet:-1, max-image-preview:large, max-video-preview:-1\" \/>\n<link rel=\"canonical\" href=\"https:\/\/www.kapi.ltd\/en\/urun\/double-leaf-fire-door\/\" \/>\n<meta property=\"og:locale\" content=\"en_US\" \/>\n<meta property=\"og:type\" content=\"article\" \/>\n<meta property=\"og:title\" content=\"Double-leaf fire door\" \/>\n<meta property=\"og:description\" content=\"Learn about the features of double-leaf fire doors, glazed fire doors and fire door hinges to make a safe and compliant door selection.\" \/>\n<meta property=\"og:url\" content=\"https:\/\/www.kapi.ltd\/en\/urun\/double-leaf-fire-door\/\" \/>\n<meta property=\"og:site_name\" content=\"\u0130\u00e7 Oda Kap\u0131lar\u0131 - \u00c7elik kap\u0131 modelleri - apartman kap\u0131lar\u0131\" \/>\n<meta property=\"article:modified_time\" content=\"2026-02-27T08:54:36+00:00\" \/>\n<meta property=\"og:image\" content=\"https:\/\/www.kapi.ltd\/wp-content\/uploads\/2025\/11\/cift-kanatli-yangin-kapisi-2.webp\" \/>\n\t<meta property=\"og:image:width\" content=\"650\" \/>\n\t<meta property=\"og:image:height\" content=\"975\" \/>\n\t<meta property=\"og:image:type\" content=\"image\/webp\" \/>\n<meta name=\"twitter:card\" content=\"summary_large_image\" \/>\n<meta name=\"twitter:label1\" content=\"Est. reading time\" \/>\n\t<meta name=\"twitter:data1\" content=\"4 minutes\" \/>\n<script type=\"application\/ld+json\" class=\"yoast-schema-graph\">{\"@context\":\"https:\\\/\\\/schema.org\",\"@graph\":[{\"@type\":\"WebPage\",\"@id\":\"https:\\\/\\\/www.kapi.ltd\\\/en\\\/urun\\\/double-leaf-fire-door\\\/\",\"url\":\"https:\\\/\\\/www.kapi.ltd\\\/en\\\/urun\\\/double-leaf-fire-door\\\/\",\"name\":\"Caml\u0131 Yang\u0131n Kap\u0131s\u0131 - \u00c7ift Kanatl\u0131 Yang\u0131n Kap\u0131s\u0131 - Yang\u0131n Kap\u0131s\u0131\",\"isPartOf\":{\"@id\":\"https:\\\/\\\/www.kapi.ltd\\\/en\\\/#website\"},\"primaryImageOfPage\":{\"@id\":\"https:\\\/\\\/www.kapi.ltd\\\/en\\\/urun\\\/double-leaf-fire-door\\\/#primaryimage\"},\"image\":{\"@id\":\"https:\\\/\\\/www.kapi.ltd\\\/en\\\/urun\\\/double-leaf-fire-door\\\/#primaryimage\"},\"thumbnailUrl\":\"https:\\\/\\\/www.kapi.ltd\\\/wp-content\\\/uploads\\\/2025\\\/11\\\/cift-kanatli-yangin-kapisi-2.webp\",\"datePublished\":\"2025-11-29T10:06:16+00:00\",\"dateModified\":\"2026-02-27T08:54:36+00:00\",\"description\":\"Learn about the features of double-leaf fire doors, glazed fire doors and fire door hinges to make a safe and compliant door selection.\",\"breadcrumb\":{\"@id\":\"https:\\\/\\\/www.kapi.ltd\\\/en\\\/urun\\\/double-leaf-fire-door\\\/#breadcrumb\"},\"inLanguage\":\"en-US\",\"potentialAction\":[{\"@type\":\"ReadAction\",\"target\":[\"https:\\\/\\\/www.kapi.ltd\\\/en\\\/urun\\\/double-leaf-fire-door\\\/\"]}]},{\"@type\":\"ImageObject\",\"inLanguage\":\"en-US\",\"@id\":\"https:\\\/\\\/www.kapi.ltd\\\/en\\\/urun\\\/double-leaf-fire-door\\\/#primaryimage\",\"url\":\"https:\\\/\\\/www.kapi.ltd\\\/wp-content\\\/uploads\\\/2025\\\/11\\\/cift-kanatli-yangin-kapisi-2.webp\",\"contentUrl\":\"https:\\\/\\\/www.kapi.ltd\\\/wp-content\\\/uploads\\\/2025\\\/11\\\/cift-kanatli-yangin-kapisi-2.webp\",\"width\":650,\"height\":975,\"caption\":\"\u00e7ift kanatl\u0131 yang\u0131n kap\u0131s\u0131\"},{\"@type\":\"BreadcrumbList\",\"@id\":\"https:\\\/\\\/www.kapi.ltd\\\/en\\\/urun\\\/double-leaf-fire-door\\\/#breadcrumb\",\"itemListElement\":[{\"@type\":\"ListItem\",\"position\":1,\"name\":\"Anasayfa\",\"item\":\"https:\\\/\\\/www.kapi.ltd\\\/en\\\/\"},{\"@type\":\"ListItem\",\"position\":2,\"name\":\"ic-kapi-celik-kapi-modelleri\",\"item\":\"https:\\\/\\\/www.kapi.ltd\\\/?page_id=4263\"},{\"@type\":\"ListItem\",\"position\":3,\"name\":\"Double-leaf fire door\"}]},{\"@type\":\"WebSite\",\"@id\":\"https:\\\/\\\/www.kapi.ltd\\\/en\\\/#website\",\"url\":\"https:\\\/\\\/www.kapi.ltd\\\/en\\\/\",\"name\":\"\u0130\u00e7 Kap\u0131 Ve \u00c7elik Kap\u0131 Modelleri\",\"description\":\"T\u00fcrkiye Kap\u0131 Modelleri Merkezi\",\"potentialAction\":[{\"@type\":\"SearchAction\",\"target\":{\"@type\":\"EntryPoint\",\"urlTemplate\":\"https:\\\/\\\/www.kapi.ltd\\\/en\\\/?s={search_term_string}\"},\"query-input\":{\"@type\":\"PropertyValueSpecification\",\"valueRequired\":true,\"valueName\":\"search_term_string\"}}],\"inLanguage\":\"en-US\"}]}<\/script>\n<!-- \/ Yoast SEO Premium plugin. -->","yoast_head_json":{"title":"Caml\u0131 Yang\u0131n Kap\u0131s\u0131 - \u00c7ift Kanatl\u0131 Yang\u0131n Kap\u0131s\u0131 - Yang\u0131n Kap\u0131s\u0131","description":"Learn about the features of double-leaf fire doors, glazed fire doors and fire door hinges to make a safe and compliant door selection.","robots":{"index":"index","follow":"follow","max-snippet":"max-snippet:-1","max-image-preview":"max-image-preview:large","max-video-preview":"max-video-preview:-1"},"canonical":"https:\/\/www.kapi.ltd\/en\/urun\/double-leaf-fire-door\/","og_locale":"en_US","og_type":"article","og_title":"Double-leaf fire door","og_description":"Learn about the features of double-leaf fire doors, glazed fire doors and fire door hinges to make a safe and compliant door selection.","og_url":"https:\/\/www.kapi.ltd\/en\/urun\/double-leaf-fire-door\/","og_site_name":"\u0130\u00e7 Oda Kap\u0131lar\u0131 - \u00c7elik kap\u0131 modelleri - apartman kap\u0131lar\u0131","article_modified_time":"2026-02-27T08:54:36+00:00","og_image":[{"width":650,"height":975,"url":"https:\/\/www.kapi.ltd\/wp-content\/uploads\/2025\/11\/cift-kanatli-yangin-kapisi-2.webp","type":"image\/webp"}],"twitter_card":"summary_large_image","twitter_misc":{"Est. reading time":"4 minutes"},"schema":{"@context":"https:\/\/schema.org","@graph":[{"@type":"WebPage","@id":"https:\/\/www.kapi.ltd\/en\/urun\/double-leaf-fire-door\/","url":"https:\/\/www.kapi.ltd\/en\/urun\/double-leaf-fire-door\/","name":"Caml\u0131 Yang\u0131n Kap\u0131s\u0131 - \u00c7ift Kanatl\u0131 Yang\u0131n Kap\u0131s\u0131 - Yang\u0131n Kap\u0131s\u0131","isPartOf":{"@id":"https:\/\/www.kapi.ltd\/en\/#website"},"primaryImageOfPage":{"@id":"https:\/\/www.kapi.ltd\/en\/urun\/double-leaf-fire-door\/#primaryimage"},"image":{"@id":"https:\/\/www.kapi.ltd\/en\/urun\/double-leaf-fire-door\/#primaryimage"},"thumbnailUrl":"https:\/\/www.kapi.ltd\/wp-content\/uploads\/2025\/11\/cift-kanatli-yangin-kapisi-2.webp","datePublished":"2025-11-29T10:06:16+00:00","dateModified":"2026-02-27T08:54:36+00:00","description":"Learn about the features of double-leaf fire doors, glazed fire doors and fire door hinges to make a safe and compliant door selection.","breadcrumb":{"@id":"https:\/\/www.kapi.ltd\/en\/urun\/double-leaf-fire-door\/#breadcrumb"},"inLanguage":"en-US","potentialAction":[{"@type":"ReadAction","target":["https:\/\/www.kapi.ltd\/en\/urun\/double-leaf-fire-door\/"]}]},{"@type":"ImageObject","inLanguage":"en-US","@id":"https:\/\/www.kapi.ltd\/en\/urun\/double-leaf-fire-door\/#primaryimage","url":"https:\/\/www.kapi.ltd\/wp-content\/uploads\/2025\/11\/cift-kanatli-yangin-kapisi-2.webp","contentUrl":"https:\/\/www.kapi.ltd\/wp-content\/uploads\/2025\/11\/cift-kanatli-yangin-kapisi-2.webp","width":650,"height":975,"caption":"\u00e7ift kanatl\u0131 yang\u0131n kap\u0131s\u0131"},{"@type":"BreadcrumbList","@id":"https:\/\/www.kapi.ltd\/en\/urun\/double-leaf-fire-door\/#breadcrumb","itemListElement":[{"@type":"ListItem","position":1,"name":"Anasayfa","item":"https:\/\/www.kapi.ltd\/en\/"},{"@type":"ListItem","position":2,"name":"ic-kapi-celik-kapi-modelleri","item":"https:\/\/www.kapi.ltd\/?page_id=4263"},{"@type":"ListItem","position":3,"name":"Double-leaf fire door"}]},{"@type":"WebSite","@id":"https:\/\/www.kapi.ltd\/en\/#website","url":"https:\/\/www.kapi.ltd\/en\/","name":"\u0130\u00e7 Kap\u0131 Ve \u00c7elik Kap\u0131 Modelleri","description":"T\u00fcrkiye Kap\u0131 Modelleri Merkezi","potentialAction":[{"@type":"SearchAction","target":{"@type":"EntryPoint","urlTemplate":"https:\/\/www.kapi.ltd\/en\/?s={search_term_string}"},"query-input":{"@type":"PropertyValueSpecification","valueRequired":true,"valueName":"search_term_string"}}],"inLanguage":"en-US"}]}},"_links":{"self":[{"href":"https:\/\/www.kapi.ltd\/en\/wp-json\/wp\/v2\/product\/8634","targetHints":{"allow":["GET"]}}],"collection":[{"href":"https:\/\/www.kapi.ltd\/en\/wp-json\/wp\/v2\/product"}],"about":[{"href":"https:\/\/www.kapi.ltd\/en\/wp-json\/wp\/v2\/types\/product"}],"version-history":[{"count":2,"href":"https:\/\/www.kapi.ltd\/en\/wp-json\/wp\/v2\/product\/8634\/revisions"}],"predecessor-version":[{"id":9649,"href":"https:\/\/www.kapi.ltd\/en\/wp-json\/wp\/v2\/product\/8634\/revisions\/9649"}],"wp:featuredmedia":[{"embeddable":true,"href":"https:\/\/www.kapi.ltd\/en\/wp-json\/wp\/v2\/media\/8635"}],"wp:attachment":[{"href":"https:\/\/www.kapi.ltd\/en\/wp-json\/wp\/v2\/media?parent=8634"}],"wp:term":[{"taxonomy":"product_brand","embeddable":true,"href":"https:\/\/www.kapi.ltd\/en\/wp-json\/wp\/v2\/product_brand?post=8634"},{"taxonomy":"product_cat","embeddable":true,"href":"https:\/\/www.kapi.ltd\/en\/wp-json\/wp\/v2\/product_cat?post=8634"},{"taxonomy":"product_tag","embeddable":true,"href":"https:\/\/www.kapi.ltd\/en\/wp-json\/wp\/v2\/product_tag?post=8634"}],"curies":[{"name":"wp","href":"https:\/\/api.w.org\/{rel}","templated":true}]}}