{"id":7049,"date":"2025-10-18T13:49:34","date_gmt":"2025-10-18T10:49:34","guid":{"rendered":"https:\/\/www.kapi.ltd\/urun\/celik-kapi-modelleri-3\/"},"modified":"2025-11-28T20:12:20","modified_gmt":"2025-11-28T17:12:20","slug":"steel-door-models","status":"publish","type":"product","link":"https:\/\/www.kapi.ltd\/en\/urun\/steel-door-models\/","title":{"rendered":"Steel Door Models"},"content":{"rendered":"<p>Modern and Stylish Steel Door Models: Anthracite and Wood Color Match<\/p>\n<p>Our newly designed double-lock monoblock steel door model, reflecting the elegant harmony of anthracite and wood colors, offers security and elegance together. Designed with simple yet modern lines, this door will protect your outdoor spaces while also adding aesthetic value. Its simple design stands out among steel door models.<\/p>\n<p>We combined practicality and elegance by using a long pull handle on our door. This design, which both visually presents a modern look and provides convenience for the user. By combining the elegance of the anthracite color with the natural warmth of the wood texture, we have created a stylish option that can complement any interior.<\/p>\n<p>With its double locking system, it prioritizes security and protects your home from external factors. The door&#8217;s monoblock structure guarantees high quality in terms of durability and longevity, while its modern design meets your aesthetic expectations.<\/p>\n<p>This steel door model, which enhances your home&#8217;s security without sacrificing its elegance, will be the perfect choice for modern living spaces.<\/p>\n","protected":false},"excerpt":{"rendered":"<p>Modern and Stylish Steel Door Models: Anthracite and Wood Color Match Our newly designed double-lock monoblock steel door model, reflecting the elegant harmony of anthracite and wood colors, offers security and elegance together. Designed with simple yet modern lines, this door will protect your outdoor spaces while also adding aesthetic value. Its simple design stands<\/p>\n","protected":false},"featured_media":7050,"template":"","meta":{"_bbp_topic_count":0,"_bbp_reply_count":0,"_bbp_total_topic_count":0,"_bbp_total_reply_count":0,"_bbp_voice_count":0,"_bbp_anonymous_reply_count":0,"_bbp_topic_count_hidden":0,"_bbp_reply_count_hidden":0,"_bbp_forum_subforum_count":0},"product_brand":[],"product_cat":[728],"product_tag":[],"class_list":{"0":"post-7049","1":"product","2":"type-product","3":"status-publish","4":"has-post-thumbnail","6":"product_cat-modern-steel-door","8":"first","9":"instock","10":"shipping-taxable","11":"product-type-simple","12":"prodpage-classic"},"yoast_head":"<!-- This site is optimized with the Yoast SEO Premium plugin v26.6 (Yoast SEO v27.4) - https:\/\/yoast.com\/product\/yoast-seo-premium-wordpress\/ -->\n<title>Steel Door Models - Anthracite and Wood Colored Double Locked Steel Door<\/title>\n<meta name=\"description\" content=\"Reflecting the harmony of anthracite and wood colors with its modern and simple design, double-locked monoblock steel door models feature a long pull door handle.\" \/>\n<meta name=\"robots\" content=\"index, follow, max-snippet:-1, max-image-preview:large, max-video-preview:-1\" \/>\n<link rel=\"canonical\" href=\"https:\/\/www.kapi.ltd\/en\/urun\/steel-door-models\/\" \/>\n<meta property=\"og:locale\" content=\"en_US\" \/>\n<meta property=\"og:type\" content=\"article\" \/>\n<meta property=\"og:title\" content=\"Steel Door Models\" \/>\n<meta property=\"og:description\" content=\"Reflecting the harmony of anthracite and wood colors with its modern and simple design, double-locked monoblock steel door models feature a long pull door handle.\" \/>\n<meta property=\"og:url\" content=\"https:\/\/www.kapi.ltd\/en\/urun\/steel-door-models\/\" \/>\n<meta property=\"og:site_name\" content=\"\u0130\u00e7 Oda Kap\u0131lar\u0131 - \u00c7elik kap\u0131 modelleri - apartman kap\u0131lar\u0131\" \/>\n<meta property=\"article:modified_time\" content=\"2025-11-28T17:12:20+00:00\" \/>\n<meta property=\"og:image\" content=\"https:\/\/www.kapi.ltd\/wp-content\/uploads\/2025\/10\/celik-kapi-modelleri8.webp\" \/>\n\t<meta property=\"og:image:width\" content=\"650\" \/>\n\t<meta property=\"og:image:height\" content=\"975\" \/>\n\t<meta property=\"og:image:type\" content=\"image\/webp\" \/>\n<meta name=\"twitter:card\" content=\"summary_large_image\" \/>\n<meta name=\"twitter:label1\" content=\"Est. reading time\" \/>\n\t<meta name=\"twitter:data1\" content=\"2 minutes\" \/>\n<script type=\"application\/ld+json\" class=\"yoast-schema-graph\">{\"@context\":\"https:\\\/\\\/schema.org\",\"@graph\":[{\"@type\":\"WebPage\",\"@id\":\"https:\\\/\\\/www.kapi.ltd\\\/en\\\/urun\\\/steel-door-models\\\/\",\"url\":\"https:\\\/\\\/www.kapi.ltd\\\/en\\\/urun\\\/steel-door-models\\\/\",\"name\":\"Steel Door Models - Anthracite and Wood Colored Double Locked Steel Door\",\"isPartOf\":{\"@id\":\"https:\\\/\\\/www.kapi.ltd\\\/en\\\/#website\"},\"primaryImageOfPage\":{\"@id\":\"https:\\\/\\\/www.kapi.ltd\\\/en\\\/urun\\\/steel-door-models\\\/#primaryimage\"},\"image\":{\"@id\":\"https:\\\/\\\/www.kapi.ltd\\\/en\\\/urun\\\/steel-door-models\\\/#primaryimage\"},\"thumbnailUrl\":\"https:\\\/\\\/www.kapi.ltd\\\/wp-content\\\/uploads\\\/2025\\\/10\\\/celik-kapi-modelleri8.webp\",\"datePublished\":\"2025-10-18T10:49:34+00:00\",\"dateModified\":\"2025-11-28T17:12:20+00:00\",\"description\":\"Reflecting the harmony of anthracite and wood colors with its modern and simple design, double-locked monoblock steel door models feature a long pull door handle.\",\"breadcrumb\":{\"@id\":\"https:\\\/\\\/www.kapi.ltd\\\/en\\\/urun\\\/steel-door-models\\\/#breadcrumb\"},\"inLanguage\":\"en-US\",\"potentialAction\":[{\"@type\":\"ReadAction\",\"target\":[\"https:\\\/\\\/www.kapi.ltd\\\/en\\\/urun\\\/steel-door-models\\\/\"]}]},{\"@type\":\"ImageObject\",\"inLanguage\":\"en-US\",\"@id\":\"https:\\\/\\\/www.kapi.ltd\\\/en\\\/urun\\\/steel-door-models\\\/#primaryimage\",\"url\":\"https:\\\/\\\/www.kapi.ltd\\\/wp-content\\\/uploads\\\/2025\\\/10\\\/celik-kapi-modelleri8.webp\",\"contentUrl\":\"https:\\\/\\\/www.kapi.ltd\\\/wp-content\\\/uploads\\\/2025\\\/10\\\/celik-kapi-modelleri8.webp\",\"width\":650,\"height\":975,\"caption\":\"\u00e7elik kap\u0131 modelleri\"},{\"@type\":\"BreadcrumbList\",\"@id\":\"https:\\\/\\\/www.kapi.ltd\\\/en\\\/urun\\\/steel-door-models\\\/#breadcrumb\",\"itemListElement\":[{\"@type\":\"ListItem\",\"position\":1,\"name\":\"Anasayfa\",\"item\":\"https:\\\/\\\/www.kapi.ltd\\\/en\\\/\"},{\"@type\":\"ListItem\",\"position\":2,\"name\":\"ic-kapi-celik-kapi-modelleri\",\"item\":\"https:\\\/\\\/www.kapi.ltd\\\/?page_id=4263\"},{\"@type\":\"ListItem\",\"position\":3,\"name\":\"Steel Door Models\"}]},{\"@type\":\"WebSite\",\"@id\":\"https:\\\/\\\/www.kapi.ltd\\\/en\\\/#website\",\"url\":\"https:\\\/\\\/www.kapi.ltd\\\/en\\\/\",\"name\":\"\u0130\u00e7 Kap\u0131 Ve \u00c7elik Kap\u0131 Modelleri\",\"description\":\"T\u00fcrkiye Kap\u0131 Modelleri Merkezi\",\"potentialAction\":[{\"@type\":\"SearchAction\",\"target\":{\"@type\":\"EntryPoint\",\"urlTemplate\":\"https:\\\/\\\/www.kapi.ltd\\\/en\\\/?s={search_term_string}\"},\"query-input\":{\"@type\":\"PropertyValueSpecification\",\"valueRequired\":true,\"valueName\":\"search_term_string\"}}],\"inLanguage\":\"en-US\"}]}<\/script>\n<!-- \/ Yoast SEO Premium plugin. -->","yoast_head_json":{"title":"Steel Door Models - Anthracite and Wood Colored Double Locked Steel Door","description":"Reflecting the harmony of anthracite and wood colors with its modern and simple design, double-locked monoblock steel door models feature a long pull door handle.","robots":{"index":"index","follow":"follow","max-snippet":"max-snippet:-1","max-image-preview":"max-image-preview:large","max-video-preview":"max-video-preview:-1"},"canonical":"https:\/\/www.kapi.ltd\/en\/urun\/steel-door-models\/","og_locale":"en_US","og_type":"article","og_title":"Steel Door Models","og_description":"Reflecting the harmony of anthracite and wood colors with its modern and simple design, double-locked monoblock steel door models feature a long pull door handle.","og_url":"https:\/\/www.kapi.ltd\/en\/urun\/steel-door-models\/","og_site_name":"\u0130\u00e7 Oda Kap\u0131lar\u0131 - \u00c7elik kap\u0131 modelleri - apartman kap\u0131lar\u0131","article_modified_time":"2025-11-28T17:12:20+00:00","og_image":[{"width":650,"height":975,"url":"https:\/\/www.kapi.ltd\/wp-content\/uploads\/2025\/10\/celik-kapi-modelleri8.webp","type":"image\/webp"}],"twitter_card":"summary_large_image","twitter_misc":{"Est. reading time":"2 minutes"},"schema":{"@context":"https:\/\/schema.org","@graph":[{"@type":"WebPage","@id":"https:\/\/www.kapi.ltd\/en\/urun\/steel-door-models\/","url":"https:\/\/www.kapi.ltd\/en\/urun\/steel-door-models\/","name":"Steel Door Models - Anthracite and Wood Colored Double Locked Steel Door","isPartOf":{"@id":"https:\/\/www.kapi.ltd\/en\/#website"},"primaryImageOfPage":{"@id":"https:\/\/www.kapi.ltd\/en\/urun\/steel-door-models\/#primaryimage"},"image":{"@id":"https:\/\/www.kapi.ltd\/en\/urun\/steel-door-models\/#primaryimage"},"thumbnailUrl":"https:\/\/www.kapi.ltd\/wp-content\/uploads\/2025\/10\/celik-kapi-modelleri8.webp","datePublished":"2025-10-18T10:49:34+00:00","dateModified":"2025-11-28T17:12:20+00:00","description":"Reflecting the harmony of anthracite and wood colors with its modern and simple design, double-locked monoblock steel door models feature a long pull door handle.","breadcrumb":{"@id":"https:\/\/www.kapi.ltd\/en\/urun\/steel-door-models\/#breadcrumb"},"inLanguage":"en-US","potentialAction":[{"@type":"ReadAction","target":["https:\/\/www.kapi.ltd\/en\/urun\/steel-door-models\/"]}]},{"@type":"ImageObject","inLanguage":"en-US","@id":"https:\/\/www.kapi.ltd\/en\/urun\/steel-door-models\/#primaryimage","url":"https:\/\/www.kapi.ltd\/wp-content\/uploads\/2025\/10\/celik-kapi-modelleri8.webp","contentUrl":"https:\/\/www.kapi.ltd\/wp-content\/uploads\/2025\/10\/celik-kapi-modelleri8.webp","width":650,"height":975,"caption":"\u00e7elik kap\u0131 modelleri"},{"@type":"BreadcrumbList","@id":"https:\/\/www.kapi.ltd\/en\/urun\/steel-door-models\/#breadcrumb","itemListElement":[{"@type":"ListItem","position":1,"name":"Anasayfa","item":"https:\/\/www.kapi.ltd\/en\/"},{"@type":"ListItem","position":2,"name":"ic-kapi-celik-kapi-modelleri","item":"https:\/\/www.kapi.ltd\/?page_id=4263"},{"@type":"ListItem","position":3,"name":"Steel Door Models"}]},{"@type":"WebSite","@id":"https:\/\/www.kapi.ltd\/en\/#website","url":"https:\/\/www.kapi.ltd\/en\/","name":"\u0130\u00e7 Kap\u0131 Ve \u00c7elik Kap\u0131 Modelleri","description":"T\u00fcrkiye Kap\u0131 Modelleri Merkezi","potentialAction":[{"@type":"SearchAction","target":{"@type":"EntryPoint","urlTemplate":"https:\/\/www.kapi.ltd\/en\/?s={search_term_string}"},"query-input":{"@type":"PropertyValueSpecification","valueRequired":true,"valueName":"search_term_string"}}],"inLanguage":"en-US"}]}},"_links":{"self":[{"href":"https:\/\/www.kapi.ltd\/en\/wp-json\/wp\/v2\/product\/7049","targetHints":{"allow":["GET"]}}],"collection":[{"href":"https:\/\/www.kapi.ltd\/en\/wp-json\/wp\/v2\/product"}],"about":[{"href":"https:\/\/www.kapi.ltd\/en\/wp-json\/wp\/v2\/types\/product"}],"version-history":[{"count":2,"href":"https:\/\/www.kapi.ltd\/en\/wp-json\/wp\/v2\/product\/7049\/revisions"}],"predecessor-version":[{"id":7685,"href":"https:\/\/www.kapi.ltd\/en\/wp-json\/wp\/v2\/product\/7049\/revisions\/7685"}],"wp:featuredmedia":[{"embeddable":true,"href":"https:\/\/www.kapi.ltd\/en\/wp-json\/wp\/v2\/media\/7050"}],"wp:attachment":[{"href":"https:\/\/www.kapi.ltd\/en\/wp-json\/wp\/v2\/media?parent=7049"}],"wp:term":[{"taxonomy":"product_brand","embeddable":true,"href":"https:\/\/www.kapi.ltd\/en\/wp-json\/wp\/v2\/product_brand?post=7049"},{"taxonomy":"product_cat","embeddable":true,"href":"https:\/\/www.kapi.ltd\/en\/wp-json\/wp\/v2\/product_cat?post=7049"},{"taxonomy":"product_tag","embeddable":true,"href":"https:\/\/www.kapi.ltd\/en\/wp-json\/wp\/v2\/product_tag?post=7049"}],"curies":[{"name":"wp","href":"https:\/\/api.w.org\/{rel}","templated":true}]}}