{"id":5502,"date":"2025-10-23T09:20:28","date_gmt":"2025-10-23T06:20:28","guid":{"rendered":"https:\/\/www.kapi.ltd\/kapi-modelleri-4\/"},"modified":"2025-11-24T22:21:53","modified_gmt":"2025-11-24T19:21:53","slug":"kapi-modelleri-4","status":"publish","type":"page","link":"https:\/\/www.kapi.ltd\/en\/","title":{"rendered":"Model Door"},"content":{"rendered":"","protected":false},"excerpt":{"rendered":"","protected":false},"author":1,"featured_media":0,"parent":0,"menu_order":0,"comment_status":"closed","ping_status":"closed","template":"","meta":{"_bbp_topic_count":0,"_bbp_reply_count":0,"_bbp_total_topic_count":0,"_bbp_total_reply_count":0,"_bbp_voice_count":0,"_bbp_anonymous_reply_count":0,"_bbp_topic_count_hidden":0,"_bbp_reply_count_hidden":0,"_bbp_forum_subforum_count":0,"footnotes":""},"class_list":["post-5502","page","type-page","status-publish","hentry","prodpage-classic"],"yoast_head":"<!-- This site is optimized with the Yoast SEO Premium plugin v26.6 (Yoast SEO v27.4) - https:\/\/yoast.com\/product\/yoast-seo-premium-wordpress\/ -->\n<title>Model Door - interior door model - interior door models<\/title>\n<meta name=\"description\" content=\"Steel door models, lacquered interior door model, interior room door models and prices, apartment and villa entrance doors\" \/>\n<meta name=\"robots\" content=\"index, follow, max-snippet:-1, max-image-preview:large, max-video-preview:-1\" \/>\n<link rel=\"canonical\" href=\"https:\/\/www.kapi.ltd\/en\/\" \/>\n<meta property=\"og:locale\" content=\"en_US\" \/>\n<meta property=\"og:type\" content=\"article\" \/>\n<meta property=\"og:title\" content=\"Model Door\" \/>\n<meta property=\"og:description\" content=\"Steel door models, lacquered interior door model, interior room door models and prices, apartment and villa entrance doors\" \/>\n<meta property=\"og:url\" content=\"https:\/\/www.kapi.ltd\/en\/\" \/>\n<meta property=\"og:site_name\" content=\"\u0130\u00e7 Oda Kap\u0131lar\u0131 - \u00c7elik kap\u0131 modelleri - apartman kap\u0131lar\u0131\" \/>\n<meta property=\"article:modified_time\" content=\"2025-11-24T19:21:53+00:00\" \/>\n<meta name=\"twitter:card\" content=\"summary_large_image\" \/>\n<meta name=\"twitter:label1\" content=\"Est. reading time\" \/>\n\t<meta name=\"twitter:data1\" content=\"6 minutes\" \/>\n<script type=\"application\/ld+json\" class=\"yoast-schema-graph\">{\"@context\":\"https:\\\/\\\/schema.org\",\"@graph\":[{\"@type\":\"WebPage\",\"@id\":\"https:\\\/\\\/www.kapi.ltd\\\/en\\\/\",\"url\":\"https:\\\/\\\/www.kapi.ltd\\\/en\\\/\",\"name\":\"Model Door - interior door model - interior door models\",\"isPartOf\":{\"@id\":\"https:\\\/\\\/www.kapi.ltd\\\/en\\\/#website\"},\"datePublished\":\"2025-10-23T06:20:28+00:00\",\"dateModified\":\"2025-11-24T19:21:53+00:00\",\"description\":\"Steel door models, lacquered interior door model, interior room door models and prices, apartment and villa entrance doors\",\"breadcrumb\":{\"@id\":\"https:\\\/\\\/www.kapi.ltd\\\/en\\\/#breadcrumb\"},\"inLanguage\":\"en-US\",\"potentialAction\":[{\"@type\":\"ReadAction\",\"target\":[\"https:\\\/\\\/www.kapi.ltd\\\/en\\\/\"]}]},{\"@type\":\"BreadcrumbList\",\"@id\":\"https:\\\/\\\/www.kapi.ltd\\\/en\\\/#breadcrumb\",\"itemListElement\":[{\"@type\":\"ListItem\",\"position\":1,\"name\":\"Anasayfa\",\"item\":\"https:\\\/\\\/www.kapi.ltd\\\/en\\\/\"},{\"@type\":\"ListItem\",\"position\":2,\"name\":\"Model Door\"}]},{\"@type\":\"WebSite\",\"@id\":\"https:\\\/\\\/www.kapi.ltd\\\/en\\\/#website\",\"url\":\"https:\\\/\\\/www.kapi.ltd\\\/en\\\/\",\"name\":\"\u0130\u00e7 Kap\u0131 Ve \u00c7elik Kap\u0131 Modelleri\",\"description\":\"T\u00fcrkiye Kap\u0131 Modelleri Merkezi\",\"potentialAction\":[{\"@type\":\"SearchAction\",\"target\":{\"@type\":\"EntryPoint\",\"urlTemplate\":\"https:\\\/\\\/www.kapi.ltd\\\/en\\\/?s={search_term_string}\"},\"query-input\":{\"@type\":\"PropertyValueSpecification\",\"valueRequired\":true,\"valueName\":\"search_term_string\"}}],\"inLanguage\":\"en-US\"}]}<\/script>\n<!-- \/ Yoast SEO Premium plugin. -->","yoast_head_json":{"title":"Model Door - interior door model - interior door models","description":"Steel door models, lacquered interior door model, interior room door models and prices, apartment and villa entrance doors","robots":{"index":"index","follow":"follow","max-snippet":"max-snippet:-1","max-image-preview":"max-image-preview:large","max-video-preview":"max-video-preview:-1"},"canonical":"https:\/\/www.kapi.ltd\/en\/","og_locale":"en_US","og_type":"article","og_title":"Model Door","og_description":"Steel door models, lacquered interior door model, interior room door models and prices, apartment and villa entrance doors","og_url":"https:\/\/www.kapi.ltd\/en\/","og_site_name":"\u0130\u00e7 Oda Kap\u0131lar\u0131 - \u00c7elik kap\u0131 modelleri - apartman kap\u0131lar\u0131","article_modified_time":"2025-11-24T19:21:53+00:00","twitter_card":"summary_large_image","twitter_misc":{"Est. reading time":"6 minutes"},"schema":{"@context":"https:\/\/schema.org","@graph":[{"@type":"WebPage","@id":"https:\/\/www.kapi.ltd\/en\/","url":"https:\/\/www.kapi.ltd\/en\/","name":"Model Door - interior door model - interior door models","isPartOf":{"@id":"https:\/\/www.kapi.ltd\/en\/#website"},"datePublished":"2025-10-23T06:20:28+00:00","dateModified":"2025-11-24T19:21:53+00:00","description":"Steel door models, lacquered interior door model, interior room door models and prices, apartment and villa entrance doors","breadcrumb":{"@id":"https:\/\/www.kapi.ltd\/en\/#breadcrumb"},"inLanguage":"en-US","potentialAction":[{"@type":"ReadAction","target":["https:\/\/www.kapi.ltd\/en\/"]}]},{"@type":"BreadcrumbList","@id":"https:\/\/www.kapi.ltd\/en\/#breadcrumb","itemListElement":[{"@type":"ListItem","position":1,"name":"Anasayfa","item":"https:\/\/www.kapi.ltd\/en\/"},{"@type":"ListItem","position":2,"name":"Model Door"}]},{"@type":"WebSite","@id":"https:\/\/www.kapi.ltd\/en\/#website","url":"https:\/\/www.kapi.ltd\/en\/","name":"\u0130\u00e7 Kap\u0131 Ve \u00c7elik Kap\u0131 Modelleri","description":"T\u00fcrkiye Kap\u0131 Modelleri Merkezi","potentialAction":[{"@type":"SearchAction","target":{"@type":"EntryPoint","urlTemplate":"https:\/\/www.kapi.ltd\/en\/?s={search_term_string}"},"query-input":{"@type":"PropertyValueSpecification","valueRequired":true,"valueName":"search_term_string"}}],"inLanguage":"en-US"}]}},"_links":{"self":[{"href":"https:\/\/www.kapi.ltd\/en\/wp-json\/wp\/v2\/pages\/5502","targetHints":{"allow":["GET"]}}],"collection":[{"href":"https:\/\/www.kapi.ltd\/en\/wp-json\/wp\/v2\/pages"}],"about":[{"href":"https:\/\/www.kapi.ltd\/en\/wp-json\/wp\/v2\/types\/page"}],"author":[{"embeddable":true,"href":"https:\/\/www.kapi.ltd\/en\/wp-json\/wp\/v2\/users\/1"}],"replies":[{"embeddable":true,"href":"https:\/\/www.kapi.ltd\/en\/wp-json\/wp\/v2\/comments?post=5502"}],"version-history":[{"count":5,"href":"https:\/\/www.kapi.ltd\/en\/wp-json\/wp\/v2\/pages\/5502\/revisions"}],"predecessor-version":[{"id":7507,"href":"https:\/\/www.kapi.ltd\/en\/wp-json\/wp\/v2\/pages\/5502\/revisions\/7507"}],"wp:attachment":[{"href":"https:\/\/www.kapi.ltd\/en\/wp-json\/wp\/v2\/media?parent=5502"}],"curies":[{"name":"wp","href":"https:\/\/api.w.org\/{rel}","templated":true}]}}