{"id":9771,"date":"2026-02-28T13:51:50","date_gmt":"2026-02-28T10:51:50","guid":{"rendered":"https:\/\/www.kapi.ltd\/urun\/pvc-oda-kapisi\/"},"modified":"2026-02-28T20:40:10","modified_gmt":"2026-02-28T17:40:10","slug":"pvc-oda-kapisi","status":"publish","type":"product","link":"https:\/\/www.kapi.ltd\/bg\/urun\/pvc-oda-kapisi\/","title":{"rendered":"pvc oda kap\u0131s\u0131"},"content":{"rendered":"<div class=\"relative basis-auto flex-col -mb-(--composer-overlap-px) [--composer-overlap-px:28px] grow flex\">\n<div class=\"flex flex-col text-sm pb-25\">\n<article class=\"text-token-text-primary w-full focus:outline-none [--shadow-height:45px] has-data-writing-block:pointer-events-none has-data-writing-block:-mt-(--shadow-height) has-data-writing-block:pt-(--shadow-height) [&amp;:has([data-writing-block])&gt;*]:pointer-events-auto scroll-mt-[calc(var(--header-height)+min(200px,max(70px,20svh)))]\" dir=\"auto\" tabindex=\"-1\" data-turn-id=\"request-WEB:2b9e6435-ceff-4ba4-bf60-66abfd099f94-4\" data-testid=\"conversation-turn-6\" data-scroll-anchor=\"true\" data-turn=\"assistant\">\n<div class=\"text-base my-auto mx-auto pb-10 [--thread-content-margin:--spacing(4)] @w-sm\/main:[--thread-content-margin:--spacing(6)] @w-lg\/main:[--thread-content-margin:--spacing(16)] px-(--thread-content-margin)\">\n<div class=\"[--thread-content-max-width:40rem] @w-lg\/main:[--thread-content-max-width:48rem] mx-auto max-w-(--thread-content-max-width) flex-1 group\/turn-messages focus-visible:outline-hidden relative flex w-full min-w-0 flex-col agent-turn\" tabindex=\"-1\">\n<div class=\"flex max-w-full flex-col grow\">\n<div class=\"min-h-8 text-message relative flex w-full flex-col items-end gap-2 text-start break-words whitespace-normal [.text-message+&amp;]:mt-1\" dir=\"auto\" data-message-author-role=\"assistant\" data-message-id=\"7e3d4023-93e5-4f40-b9b4-ca2e1a7065cc\" data-message-model-slug=\"gpt-5-2\">\n<div class=\"flex w-full flex-col gap-1 empty:hidden first:pt-[1px]\">\n<div class=\"markdown prose dark:prose-invert w-full wrap-break-word light markdown-new-styling\">\n<div class=\"flex flex-col text-sm\">\n<article class=\"text-token-text-primary w-full focus:outline-none [--shadow-height:45px] has-data-writing-block:pointer-events-none has-data-writing-block:-mt-(--shadow-height) has-data-writing-block:pt-(--shadow-height) [&amp;:has([data-writing-block])&gt;*]:pointer-events-auto scroll-mt-[calc(var(--header-height)+min(200px,max(70px,20svh)))]\" dir=\"auto\" tabindex=\"-1\" data-turn-id=\"request-WEB:cd5deb19-94c9-483e-9ebf-bd612e199c7a-4\" data-testid=\"conversation-turn-10\" data-scroll-anchor=\"true\" data-turn=\"assistant\">\n<div class=\"text-base my-auto mx-auto pb-10 [--thread-content-margin:--spacing(4)] @w-sm\/main:[--thread-content-margin:--spacing(6)] @w-lg\/main:[--thread-content-margin:--spacing(16)] px-(--thread-content-margin)\">\n<div class=\"[--thread-content-max-width:40rem] @w-lg\/main:[--thread-content-max-width:48rem] mx-auto max-w-(--thread-content-max-width) flex-1 group\/turn-messages focus-visible:outline-hidden relative flex w-full min-w-0 flex-col agent-turn\" tabindex=\"-1\">\n<div class=\"flex max-w-full flex-col grow\">\n<div class=\"min-h-8 text-message relative flex w-full flex-col items-end gap-2 text-start break-words whitespace-normal [.text-message+&amp;]:mt-1\" dir=\"auto\" data-message-author-role=\"assistant\" data-message-id=\"b96b74e1-3daa-4b7d-9619-2887dd84cbb3\" data-message-model-slug=\"gpt-5-2\">\n<div class=\"flex w-full flex-col gap-1 empty:hidden first:pt-[1px]\">\n<div class=\"markdown prose dark:prose-invert w-full wrap-break-word light markdown-new-styling\">\n<h3 data-start=\"0\" data-end=\"67\"><strong data-start=\"4\" data-end=\"67\">PVC Oda Kap\u0131lar\u0131: Modern Tasar\u0131mlar ve Dayan\u0131kl\u0131 Se\u00e7enekler<\/strong><\/h3>\n<p data-start=\"69\" data-end=\"514\">\u0130\u00e7 mekanlarda kullan\u0131lan kap\u0131lar, sadece i\u015flevsel olmakla kalmaz, ayn\u0131 zamanda evin dekorasyonunu tamamlayan \u00f6nemli unsurlard\u0131r. <strong data-start=\"198\" data-end=\"218\">PVC oda kap\u0131lar\u0131<\/strong> son y\u0131llarda, dayan\u0131kl\u0131l\u0131\u011f\u0131, esteti\u011fi ve uygun fiyatlar\u0131 ile pop\u00fclerlik kazanm\u0131\u015f bir se\u00e7enek haline gelmi\u015ftir. Bu yaz\u0131da, <strong data-start=\"341\" data-end=\"357\">oda kap\u0131lar\u0131<\/strong>, <strong data-start=\"359\" data-end=\"381\">oda kap\u0131 modelleri<\/strong> ve <strong data-start=\"385\" data-end=\"407\">PVC kap\u0131 modelleri<\/strong> hakk\u0131nda bilgi verecek ve bu kap\u0131lar\u0131n i\u00e7 mekanlarda nas\u0131l kullan\u0131labilece\u011fi konusunda ipu\u00e7lar\u0131 sunaca\u011f\u0131z.<\/p>\n<h4 data-start=\"516\" data-end=\"576\"><strong data-start=\"521\" data-end=\"576\">PVC Oda Kap\u0131lar\u0131: Dayan\u0131kl\u0131l\u0131k ve Estetik Bir Arada<\/strong><\/h4>\n<p data-start=\"578\" data-end=\"1067\"><strong data-start=\"578\" data-end=\"598\">PVC oda kap\u0131lar\u0131<\/strong>, polivinil klor\u00fcr (PVC) malzemesinden \u00fcretilen kap\u0131lard\u0131r. Bu kap\u0131lar, estetik a\u00e7\u0131dan zengin bir \u00e7e\u015fitlilik sunmakla birlikte, uzun \u00f6m\u00fcrl\u00fc ve dayan\u0131kl\u0131d\u0131r. <strong data-start=\"755\" data-end=\"769\">Oda kap\u0131s\u0131<\/strong> \u00e7e\u015fitlili\u011fiyle her t\u00fcrl\u00fc i\u00e7 mekan dekorasyonuna uyum sa\u011flar. PVC malzemenin \u00f6zellikleri, bu kap\u0131lar\u0131 \u00f6zellikle nemli ortamlar, banyo ve mutfak gibi yerler i\u00e7in ideal hale getirir. Suya dayan\u0131kl\u0131 yap\u0131s\u0131, PVC oda kap\u0131lar\u0131n\u0131n uzun y\u0131llar boyunca sa\u011fl\u0131kl\u0131 ve estetik bir \u015fekilde kullan\u0131lmas\u0131n\u0131 sa\u011flar.<\/p>\n<p data-start=\"1069\" data-end=\"1418\">PVC kap\u0131lar, ah\u015fap ve metal gibi di\u011fer geleneksel malzemelere g\u00f6re daha hafif ve bak\u0131m\u0131 daha kolayd\u0131r. Ayr\u0131ca, \u00e7e\u015fitli renk ve doku se\u00e7enekleri ile her zevke hitap eder. Hem modern hem de klasik tarzda se\u00e7enekler mevcut olup, <strong data-start=\"1295\" data-end=\"1317\">PVC kap\u0131 modelleri<\/strong> geni\u015f bir yelpazeye sahiptir. Bu modeller aras\u0131nda d\u00fcz, panel veya caml\u0131 tasar\u0131mlar yer almaktad\u0131r.<\/p>\n<h4 data-start=\"1420\" data-end=\"1466\"><strong data-start=\"1425\" data-end=\"1466\">Oda Kap\u0131lar\u0131: Mekan\u0131n\u0131za \u015e\u0131kl\u0131k Kat\u0131n<\/strong><\/h4>\n<p data-start=\"1468\" data-end=\"1929\"><strong data-start=\"1468\" data-end=\"1484\">Oda kap\u0131lar\u0131<\/strong>, i\u00e7 mekanlar i\u00e7in en \u00f6nemli elemanlardan biridir. Yaln\u0131zca odalar\u0131n birbirinden ayr\u0131lmas\u0131n\u0131 sa\u011flamakla kalmaz, ayn\u0131 zamanda mekan\u0131n genel havas\u0131n\u0131 da belirler. <strong data-start=\"1645\" data-end=\"1667\">Oda kap\u0131 modelleri<\/strong>, tasar\u0131m a\u00e7\u0131s\u0131ndan olduk\u00e7a \u00e7e\u015fitlidir. Modern, klasik, minimalist, rustik gibi farkl\u0131 dekorasyon stillerine uygun kap\u0131lar bulunmaktad\u0131r. PVC oda kap\u0131lar\u0131 da bu \u00e7e\u015fitlili\u011fi geni\u015fletmi\u015f ve i\u00e7 mekanlarda farkl\u0131 stillere uyum sa\u011flamakta \u00f6nemli bir rol oynamaktad\u0131r.<\/p>\n<p data-start=\"1931\" data-end=\"2334\"><strong data-start=\"1931\" data-end=\"1955\">Oda kap\u0131s\u0131 modelleri<\/strong>, genellikle tasar\u0131m\u0131na g\u00f6re de\u011fi\u015fir. Modern bir i\u00e7 mekanda <strong data-start=\"2015\" data-end=\"2039\">d\u00fcz PVC oda kap\u0131lar\u0131<\/strong> tercih edilirken, daha geleneksel bir ortamda <strong data-start=\"2086\" data-end=\"2123\">panel veya caml\u0131 PVC oda kap\u0131lar\u0131<\/strong> tercih edilebilir. Caml\u0131 modeller, i\u00e7 mekanlarda daha ferah ve ayd\u0131nl\u0131k bir atmosfer yaratmak i\u00e7in idealdir. Ayr\u0131ca, caml\u0131 kap\u0131lar do\u011fal \u0131\u015f\u0131\u011f\u0131n ge\u00e7i\u015fini sa\u011flayarak, odalar aras\u0131nda g\u00f6rsel bir \u015feffafl\u0131k yarat\u0131r.<\/p>\n<h4 data-start=\"2336\" data-end=\"2400\"><strong data-start=\"2341\" data-end=\"2400\">PVC Kap\u0131 Modelleri: Estetik ve Uygun Fiyatl\u0131 Se\u00e7enekler<\/strong><\/h4>\n<p data-start=\"2402\" data-end=\"2876\"><strong data-start=\"2402\" data-end=\"2424\">PVC kap\u0131 modelleri<\/strong> aras\u0131ndaki \u00e7e\u015fitlilik, her t\u00fcr ihtiyaca uygun se\u00e7enekler sunmaktad\u0131r. PVC kap\u0131lar, hem estetik hem de pratik avantajlar sa\u011flar. <strong data-start=\"2553\" data-end=\"2573\">PVC oda kap\u0131lar\u0131<\/strong> fiyat a\u00e7\u0131s\u0131ndan da daha ekonomik olmas\u0131na ra\u011fmen, dayan\u0131kl\u0131 ve \u015f\u0131k olmalar\u0131 sayesinde s\u0131kl\u0131kla tercih edilir. Y\u00fcksek ses yal\u0131t\u0131m\u0131, suya ve neme kar\u015f\u0131 diren\u00e7 gibi avantajlar sunar. Bu kap\u0131lar, \u00f6zellikle ofislerde, evlerde, apartman dairelerinde ve di\u011fer i\u00e7 mekanlarda uzun s\u00fcreli kullan\u0131m i\u00e7in idealdir.<\/p>\n<p data-start=\"2878\" data-end=\"3245\">PVC kap\u0131lar, \u00e7e\u015fitli renklerde ve desenlerde \u00fcretilir. Beyaz, krem, kahverengi gibi do\u011fal tonlar\u0131n yan\u0131 s\u0131ra, modern mekanlar i\u00e7in daha cesur renkler ve desenler de bulunur. <strong data-start=\"3052\" data-end=\"3074\">PVC kap\u0131 modelleri<\/strong>, ayn\u0131 zamanda kap\u0131 aksesuarlar\u0131 ile ki\u015fiselle\u015ftirilebilir. Kilitler, kulplar, mente\u015fe sistemleri gibi donan\u0131mlar, her kap\u0131n\u0131n i\u015flevselli\u011fini art\u0131rmak i\u00e7in tasarlanabilir.<\/p>\n<h4 data-start=\"3247\" data-end=\"3312\"><strong data-start=\"3252\" data-end=\"3312\">Sonu\u00e7: PVC Oda Kap\u0131lar\u0131 ile \u015e\u0131k ve Dayan\u0131kl\u0131 \u0130\u00e7 Mekanlar<\/strong><\/h4>\n<p data-start=\"3314\" data-end=\"3784\"><strong data-start=\"3314\" data-end=\"3334\">PVC oda kap\u0131lar\u0131<\/strong>, dayan\u0131kl\u0131, \u015f\u0131k ve ekonomik olmalar\u0131yla i\u00e7 mekanlarda m\u00fckemmel bir se\u00e7enek sunar. Farkl\u0131 <strong data-start=\"3424\" data-end=\"3446\">oda kap\u0131 modelleri<\/strong> ve <strong data-start=\"3450\" data-end=\"3472\">PVC kap\u0131 modelleri<\/strong> sayesinde, her t\u00fcrl\u00fc dekorasyon tarz\u0131na ve b\u00fct\u00e7eye hitap eden kap\u0131lar mevcuttur. Hem modern hem de klasik i\u00e7 mekanlarda kullanabilece\u011finiz bu kap\u0131lar, uzun \u00f6m\u00fcrl\u00fc olmalar\u0131yla da \u00f6ne \u00e7\u0131kar. E\u011fer siz de i\u00e7 mekan\u0131n\u0131zda \u015f\u0131kl\u0131\u011f\u0131 ve dayan\u0131kl\u0131l\u0131\u011f\u0131 bir arada ar\u0131yorsan\u0131z, <strong data-start=\"3737\" data-end=\"3757\">PVC oda kap\u0131lar\u0131<\/strong> en do\u011fru tercih olacakt\u0131r.<\/p>\n<\/div>\n<\/div>\n<\/div>\n<\/div>\n<\/div>\n<\/div>\n<\/article>\n<\/div>\n<\/div>\n<\/div>\n<\/div>\n<\/div>\n<\/div>\n<\/div>\n<\/article>\n<\/div>\n<\/div>\n","protected":false},"excerpt":{"rendered":"<p>PVC Oda Kap\u0131lar\u0131: Modern Tasar\u0131mlar ve Dayan\u0131kl\u0131 Se\u00e7enekler \u0130\u00e7 mekanlarda kullan\u0131lan kap\u0131lar, sadece i\u015flevsel olmakla kalmaz, ayn\u0131 zamanda evin dekorasyonunu tamamlayan \u00f6nemli unsurlard\u0131r. PVC oda kap\u0131lar\u0131 son y\u0131llarda, dayan\u0131kl\u0131l\u0131\u011f\u0131, esteti\u011fi ve uygun fiyatlar\u0131 ile pop\u00fclerlik kazanm\u0131\u015f bir se\u00e7enek haline gelmi\u015ftir. Bu yaz\u0131da, oda kap\u0131lar\u0131, oda kap\u0131 modelleri ve PVC kap\u0131 modelleri hakk\u0131nda bilgi verecek ve<\/p>\n","protected":false},"featured_media":9772,"template":"","meta":{"_bbp_topic_count":0,"_bbp_reply_count":0,"_bbp_total_topic_count":0,"_bbp_total_reply_count":0,"_bbp_voice_count":0,"_bbp_anonymous_reply_count":0,"_bbp_topic_count_hidden":0,"_bbp_reply_count_hidden":0,"_bbp_forum_subforum_count":0},"product_brand":[],"product_cat":[916],"product_tag":[],"class_list":{"0":"post-9771","1":"product","2":"type-product","3":"status-publish","4":"has-post-thumbnail","6":"product_cat-pvc--","8":"first","9":"instock","10":"shipping-taxable","11":"product-type-simple","12":"prodpage-classic"},"yoast_head":"<!-- This site is optimized with the Yoast SEO Premium plugin v26.6 (Yoast SEO v27.3) - https:\/\/yoast.com\/product\/yoast-seo-premium-wordpress\/ -->\n<title>Parmak \u0130zli \u00c7elik Kap\u0131 Modelleri ve Fiyatlar\u0131<\/title>\n<meta name=\"description\" content=\"Parmak izli \u00e7elik kap\u0131 modelleri, kap\u0131 kilidi sistemleri ve parmak izli \u00e7elik kap\u0131 fiyatlar\u0131 hakk\u0131nda detayl\u0131 ve g\u00fcncel bilgiler.\" \/>\n<meta name=\"robots\" content=\"index, follow, max-snippet:-1, max-image-preview:large, max-video-preview:-1\" \/>\n<link rel=\"canonical\" href=\"https:\/\/www.kapi.ltd\/bg\/urun\/pvc-oda-kapisi\/\" \/>\n<meta property=\"og:locale\" content=\"bg_BG\" \/>\n<meta property=\"og:type\" content=\"article\" \/>\n<meta property=\"og:title\" content=\"pvc oda kap\u0131s\u0131\" \/>\n<meta property=\"og:description\" content=\"Parmak izli \u00e7elik kap\u0131 modelleri, kap\u0131 kilidi sistemleri ve parmak izli \u00e7elik kap\u0131 fiyatlar\u0131 hakk\u0131nda detayl\u0131 ve g\u00fcncel bilgiler.\" \/>\n<meta property=\"og:url\" content=\"https:\/\/www.kapi.ltd\/bg\/urun\/pvc-oda-kapisi\/\" \/>\n<meta property=\"og:site_name\" content=\"\u0130\u00e7 Oda Kap\u0131lar\u0131 - \u00c7elik kap\u0131 modelleri - apartman kap\u0131lar\u0131\" \/>\n<meta property=\"article:modified_time\" content=\"2026-02-28T17:40:10+00:00\" \/>\n<meta property=\"og:image\" content=\"https:\/\/www.kapi.ltd\/wp-content\/uploads\/2026\/02\/pvc-oda-kapisi.webp\" \/>\n\t<meta property=\"og:image:width\" content=\"500\" \/>\n\t<meta property=\"og:image:height\" content=\"750\" \/>\n\t<meta property=\"og:image:type\" content=\"image\/webp\" \/>\n<meta name=\"twitter:card\" content=\"summary_large_image\" \/>\n<meta name=\"twitter:label1\" content=\"Est. reading time\" \/>\n\t<meta name=\"twitter:data1\" content=\"3 \u043c\u0438\u043d\u0443\u0442\u0438\" \/>\n<script type=\"application\/ld+json\" class=\"yoast-schema-graph\">{\"@context\":\"https:\\\/\\\/schema.org\",\"@graph\":[{\"@type\":\"WebPage\",\"@id\":\"https:\\\/\\\/www.kapi.ltd\\\/bg\\\/urun\\\/pvc-oda-kapisi\\\/\",\"url\":\"https:\\\/\\\/www.kapi.ltd\\\/bg\\\/urun\\\/pvc-oda-kapisi\\\/\",\"name\":\"Parmak \u0130zli \u00c7elik Kap\u0131 Modelleri ve Fiyatlar\u0131\",\"isPartOf\":{\"@id\":\"https:\\\/\\\/www.kapi.ltd\\\/bg\\\/#website\"},\"primaryImageOfPage\":{\"@id\":\"https:\\\/\\\/www.kapi.ltd\\\/bg\\\/urun\\\/pvc-oda-kapisi\\\/#primaryimage\"},\"image\":{\"@id\":\"https:\\\/\\\/www.kapi.ltd\\\/bg\\\/urun\\\/pvc-oda-kapisi\\\/#primaryimage\"},\"thumbnailUrl\":\"https:\\\/\\\/www.kapi.ltd\\\/wp-content\\\/uploads\\\/2026\\\/02\\\/pvc-oda-kapisi.webp\",\"datePublished\":\"2026-02-28T10:51:50+00:00\",\"dateModified\":\"2026-02-28T17:40:10+00:00\",\"description\":\"Parmak izli \u00e7elik kap\u0131 modelleri, kap\u0131 kilidi sistemleri ve parmak izli \u00e7elik kap\u0131 fiyatlar\u0131 hakk\u0131nda detayl\u0131 ve g\u00fcncel bilgiler.\",\"breadcrumb\":{\"@id\":\"https:\\\/\\\/www.kapi.ltd\\\/bg\\\/urun\\\/pvc-oda-kapisi\\\/#breadcrumb\"},\"inLanguage\":\"bg-BG\",\"potentialAction\":[{\"@type\":\"ReadAction\",\"target\":[\"https:\\\/\\\/www.kapi.ltd\\\/bg\\\/urun\\\/pvc-oda-kapisi\\\/\"]}]},{\"@type\":\"ImageObject\",\"inLanguage\":\"bg-BG\",\"@id\":\"https:\\\/\\\/www.kapi.ltd\\\/bg\\\/urun\\\/pvc-oda-kapisi\\\/#primaryimage\",\"url\":\"https:\\\/\\\/www.kapi.ltd\\\/wp-content\\\/uploads\\\/2026\\\/02\\\/pvc-oda-kapisi.webp\",\"contentUrl\":\"https:\\\/\\\/www.kapi.ltd\\\/wp-content\\\/uploads\\\/2026\\\/02\\\/pvc-oda-kapisi.webp\",\"width\":500,\"height\":750,\"caption\":\"pvc oda kap\u0131s\u0131\"},{\"@type\":\"BreadcrumbList\",\"@id\":\"https:\\\/\\\/www.kapi.ltd\\\/bg\\\/urun\\\/pvc-oda-kapisi\\\/#breadcrumb\",\"itemListElement\":[{\"@type\":\"ListItem\",\"position\":1,\"name\":\"Anasayfa\",\"item\":\"https:\\\/\\\/www.kapi.ltd\\\/bg\\\/\"},{\"@type\":\"ListItem\",\"position\":2,\"name\":\"ic-kapi-celik-kapi-modelleri\",\"item\":\"https:\\\/\\\/www.kapi.ltd\\\/?page_id=4263\"},{\"@type\":\"ListItem\",\"position\":3,\"name\":\"pvc oda kap\u0131s\u0131\"}]},{\"@type\":\"WebSite\",\"@id\":\"https:\\\/\\\/www.kapi.ltd\\\/bg\\\/#website\",\"url\":\"https:\\\/\\\/www.kapi.ltd\\\/bg\\\/\",\"name\":\"\u0130\u00e7 Kap\u0131 Ve \u00c7elik Kap\u0131 Modelleri\",\"description\":\"T\u00fcrkiye Kap\u0131 Modelleri Merkezi\",\"potentialAction\":[{\"@type\":\"SearchAction\",\"target\":{\"@type\":\"EntryPoint\",\"urlTemplate\":\"https:\\\/\\\/www.kapi.ltd\\\/bg\\\/?s={search_term_string}\"},\"query-input\":{\"@type\":\"PropertyValueSpecification\",\"valueRequired\":true,\"valueName\":\"search_term_string\"}}],\"inLanguage\":\"bg-BG\"}]}<\/script>\n<!-- \/ Yoast SEO Premium plugin. -->","yoast_head_json":{"title":"Parmak \u0130zli \u00c7elik Kap\u0131 Modelleri ve Fiyatlar\u0131","description":"Parmak izli \u00e7elik kap\u0131 modelleri, kap\u0131 kilidi sistemleri ve parmak izli \u00e7elik kap\u0131 fiyatlar\u0131 hakk\u0131nda detayl\u0131 ve g\u00fcncel bilgiler.","robots":{"index":"index","follow":"follow","max-snippet":"max-snippet:-1","max-image-preview":"max-image-preview:large","max-video-preview":"max-video-preview:-1"},"canonical":"https:\/\/www.kapi.ltd\/bg\/urun\/pvc-oda-kapisi\/","og_locale":"bg_BG","og_type":"article","og_title":"pvc oda kap\u0131s\u0131","og_description":"Parmak izli \u00e7elik kap\u0131 modelleri, kap\u0131 kilidi sistemleri ve parmak izli \u00e7elik kap\u0131 fiyatlar\u0131 hakk\u0131nda detayl\u0131 ve g\u00fcncel bilgiler.","og_url":"https:\/\/www.kapi.ltd\/bg\/urun\/pvc-oda-kapisi\/","og_site_name":"\u0130\u00e7 Oda Kap\u0131lar\u0131 - \u00c7elik kap\u0131 modelleri - apartman kap\u0131lar\u0131","article_modified_time":"2026-02-28T17:40:10+00:00","og_image":[{"width":500,"height":750,"url":"https:\/\/www.kapi.ltd\/wp-content\/uploads\/2026\/02\/pvc-oda-kapisi.webp","type":"image\/webp"}],"twitter_card":"summary_large_image","twitter_misc":{"Est. reading time":"3 \u043c\u0438\u043d\u0443\u0442\u0438"},"schema":{"@context":"https:\/\/schema.org","@graph":[{"@type":"WebPage","@id":"https:\/\/www.kapi.ltd\/bg\/urun\/pvc-oda-kapisi\/","url":"https:\/\/www.kapi.ltd\/bg\/urun\/pvc-oda-kapisi\/","name":"Parmak \u0130zli \u00c7elik Kap\u0131 Modelleri ve Fiyatlar\u0131","isPartOf":{"@id":"https:\/\/www.kapi.ltd\/bg\/#website"},"primaryImageOfPage":{"@id":"https:\/\/www.kapi.ltd\/bg\/urun\/pvc-oda-kapisi\/#primaryimage"},"image":{"@id":"https:\/\/www.kapi.ltd\/bg\/urun\/pvc-oda-kapisi\/#primaryimage"},"thumbnailUrl":"https:\/\/www.kapi.ltd\/wp-content\/uploads\/2026\/02\/pvc-oda-kapisi.webp","datePublished":"2026-02-28T10:51:50+00:00","dateModified":"2026-02-28T17:40:10+00:00","description":"Parmak izli \u00e7elik kap\u0131 modelleri, kap\u0131 kilidi sistemleri ve parmak izli \u00e7elik kap\u0131 fiyatlar\u0131 hakk\u0131nda detayl\u0131 ve g\u00fcncel bilgiler.","breadcrumb":{"@id":"https:\/\/www.kapi.ltd\/bg\/urun\/pvc-oda-kapisi\/#breadcrumb"},"inLanguage":"bg-BG","potentialAction":[{"@type":"ReadAction","target":["https:\/\/www.kapi.ltd\/bg\/urun\/pvc-oda-kapisi\/"]}]},{"@type":"ImageObject","inLanguage":"bg-BG","@id":"https:\/\/www.kapi.ltd\/bg\/urun\/pvc-oda-kapisi\/#primaryimage","url":"https:\/\/www.kapi.ltd\/wp-content\/uploads\/2026\/02\/pvc-oda-kapisi.webp","contentUrl":"https:\/\/www.kapi.ltd\/wp-content\/uploads\/2026\/02\/pvc-oda-kapisi.webp","width":500,"height":750,"caption":"pvc oda kap\u0131s\u0131"},{"@type":"BreadcrumbList","@id":"https:\/\/www.kapi.ltd\/bg\/urun\/pvc-oda-kapisi\/#breadcrumb","itemListElement":[{"@type":"ListItem","position":1,"name":"Anasayfa","item":"https:\/\/www.kapi.ltd\/bg\/"},{"@type":"ListItem","position":2,"name":"ic-kapi-celik-kapi-modelleri","item":"https:\/\/www.kapi.ltd\/?page_id=4263"},{"@type":"ListItem","position":3,"name":"pvc oda kap\u0131s\u0131"}]},{"@type":"WebSite","@id":"https:\/\/www.kapi.ltd\/bg\/#website","url":"https:\/\/www.kapi.ltd\/bg\/","name":"\u0130\u00e7 Kap\u0131 Ve \u00c7elik Kap\u0131 Modelleri","description":"T\u00fcrkiye Kap\u0131 Modelleri Merkezi","potentialAction":[{"@type":"SearchAction","target":{"@type":"EntryPoint","urlTemplate":"https:\/\/www.kapi.ltd\/bg\/?s={search_term_string}"},"query-input":{"@type":"PropertyValueSpecification","valueRequired":true,"valueName":"search_term_string"}}],"inLanguage":"bg-BG"}]}},"_links":{"self":[{"href":"https:\/\/www.kapi.ltd\/bg\/wp-json\/wp\/v2\/product\/9771","targetHints":{"allow":["GET"]}}],"collection":[{"href":"https:\/\/www.kapi.ltd\/bg\/wp-json\/wp\/v2\/product"}],"about":[{"href":"https:\/\/www.kapi.ltd\/bg\/wp-json\/wp\/v2\/types\/product"}],"version-history":[{"count":1,"href":"https:\/\/www.kapi.ltd\/bg\/wp-json\/wp\/v2\/product\/9771\/revisions"}],"predecessor-version":[{"id":9781,"href":"https:\/\/www.kapi.ltd\/bg\/wp-json\/wp\/v2\/product\/9771\/revisions\/9781"}],"wp:featuredmedia":[{"embeddable":true,"href":"https:\/\/www.kapi.ltd\/bg\/wp-json\/wp\/v2\/media\/9772"}],"wp:attachment":[{"href":"https:\/\/www.kapi.ltd\/bg\/wp-json\/wp\/v2\/media?parent=9771"}],"wp:term":[{"taxonomy":"product_brand","embeddable":true,"href":"https:\/\/www.kapi.ltd\/bg\/wp-json\/wp\/v2\/product_brand?post=9771"},{"taxonomy":"product_cat","embeddable":true,"href":"https:\/\/www.kapi.ltd\/bg\/wp-json\/wp\/v2\/product_cat?post=9771"},{"taxonomy":"product_tag","embeddable":true,"href":"https:\/\/www.kapi.ltd\/bg\/wp-json\/wp\/v2\/product_tag?post=9771"}],"curies":[{"name":"wp","href":"https:\/\/api.w.org\/{rel}","templated":true}]}}