{"id":9362,"date":"2026-02-22T09:57:58","date_gmt":"2026-02-22T06:57:58","guid":{"rendered":"https:\/\/www.kapi.ltd\/urun\/otel-kapisi\/"},"modified":"2026-02-23T16:50:45","modified_gmt":"2026-02-23T13:50:45","slug":"otel-kapisi","status":"publish","type":"product","link":"https:\/\/www.kapi.ltd\/bg\/urun\/otel-kapisi\/","title":{"rendered":"Otel Kap\u0131s\u0131"},"content":{"rendered":"<div class=\"relative basis-auto flex-col -mb-(--composer-overlap-px) [--composer-overlap-px:28px] grow flex\">\n<div class=\"flex flex-col text-sm pb-25\">\n<article class=\"text-token-text-primary w-full focus:outline-none [--shadow-height:45px] has-data-writing-block:pointer-events-none has-data-writing-block:-mt-(--shadow-height) has-data-writing-block:pt-(--shadow-height) [&amp;:has([data-writing-block])&gt;*]:pointer-events-auto scroll-mt-[calc(var(--header-height)+min(200px,max(70px,20svh)))]\" dir=\"auto\" tabindex=\"-1\" data-turn-id=\"request-WEB:2b9e6435-ceff-4ba4-bf60-66abfd099f94-4\" data-testid=\"conversation-turn-6\" data-scroll-anchor=\"true\" data-turn=\"assistant\">\n<div class=\"text-base my-auto mx-auto pb-10 [--thread-content-margin:--spacing(4)] @w-sm\/main:[--thread-content-margin:--spacing(6)] @w-lg\/main:[--thread-content-margin:--spacing(16)] px-(--thread-content-margin)\">\n<div class=\"[--thread-content-max-width:40rem] @w-lg\/main:[--thread-content-max-width:48rem] mx-auto max-w-(--thread-content-max-width) flex-1 group\/turn-messages focus-visible:outline-hidden relative flex w-full min-w-0 flex-col agent-turn\" tabindex=\"-1\">\n<div class=\"flex max-w-full flex-col grow\">\n<div class=\"min-h-8 text-message relative flex w-full flex-col items-end gap-2 text-start break-words whitespace-normal [.text-message+&amp;]:mt-1\" dir=\"auto\" data-message-author-role=\"assistant\" data-message-id=\"7e3d4023-93e5-4f40-b9b4-ca2e1a7065cc\" data-message-model-slug=\"gpt-5-2\">\n<div class=\"flex w-full flex-col gap-1 empty:hidden first:pt-[1px]\">\n<div class=\"markdown prose dark:prose-invert w-full wrap-break-word light markdown-new-styling\">\n<h2 data-start=\"0\" data-end=\"90\"><strong data-start=\"0\" data-end=\"90\">Otel Kap\u0131s\u0131 ve Dayan\u0131kl\u0131 Kap\u0131 \u00c7\u00f6z\u00fcmleri: Yang\u0131na, G\u00fcne\u015fe ve Is\u0131ya Dayan\u0131kl\u0131 Se\u00e7enekler<\/strong><\/h2>\n<p data-start=\"92\" data-end=\"619\">Otel i\u015fletmeleri i\u00e7in g\u00fcvenlik, estetik ve dayan\u0131kl\u0131l\u0131k bir arada sunulmal\u0131d\u0131r. <strong data-start=\"172\" data-end=\"187\">Otel kap\u0131s\u0131<\/strong> modelleri, sadece g\u00f6rsel a\u00e7\u0131dan de\u011fil, ayn\u0131 zamanda sa\u011flaml\u0131k ve g\u00fcvenlik a\u00e7\u0131s\u0131ndan da \u00f6nemli bir rol oynamaktad\u0131r. <strong data-start=\"304\" data-end=\"330\">Yang\u0131na dayan\u0131kl\u0131 kap\u0131<\/strong>, <strong data-start=\"332\" data-end=\"357\">g\u00fcne\u015fe dayan\u0131kl\u0131 kap\u0131<\/strong>, <strong data-start=\"359\" data-end=\"383\">\u0131s\u0131ya dayan\u0131kl\u0131 kap\u0131<\/strong> ve <strong data-start=\"387\" data-end=\"410\">kompozit i\u00e7 kap\u0131lar<\/strong> gibi \u00f6zel kap\u0131 t\u00fcrleri, otellerin farkl\u0131 ihtiya\u00e7lar\u0131n\u0131 kar\u015f\u0131layan, uzun \u00f6m\u00fcrl\u00fc ve g\u00fcvenli \u00e7\u00f6z\u00fcmler sunar. Bu makalede, otel i\u015fletmeleri i\u00e7in en uygun kap\u0131 se\u00e7eneklerini ve bunlar\u0131n avantajlar\u0131n\u0131 ke\u015ffedece\u011fiz.<\/p>\n<h2 data-section-id=\"4dvyrj\" data-start=\"621\" data-end=\"674\">Otel Kap\u0131s\u0131 Se\u00e7imi: G\u00fcvenlik ve Estetik Bir Arada<\/h2>\n<p data-start=\"676\" data-end=\"1057\">Bir otelin i\u00e7 mekanlar\u0131nda kullan\u0131lan kap\u0131lar, genellikle g\u00fcvenlik ve estetik a\u00e7\u0131dan b\u00fcy\u00fck bir \u00f6nem ta\u015f\u0131r. <strong data-start=\"783\" data-end=\"800\">Otel kap\u0131lar\u0131<\/strong>, hem misafirlerin g\u00fcvenli\u011fini sa\u011flamak hem de dekorasyon ile uyumlu olmak zorundad\u0131r. Yang\u0131n g\u00fcvenli\u011fi, \u00f6zellikle otel gibi kalabal\u0131k ortamlarda kritik bir fakt\u00f6rd\u00fcr. Bu nedenle <strong data-start=\"979\" data-end=\"1005\">yang\u0131na dayan\u0131kl\u0131 kap\u0131<\/strong> se\u00e7enekleri, otellerde yayg\u0131n olarak tercih edilir.<\/p>\n<p data-start=\"1059\" data-end=\"1437\"><strong data-start=\"1059\" data-end=\"1085\">Yang\u0131na dayan\u0131kl\u0131 kap\u0131<\/strong> kullan\u0131m\u0131, otel odalar\u0131 ve ortak alanlar aras\u0131ndaki g\u00fcvenli\u011fi art\u0131r\u0131r. <strong data-start=\"1157\" data-end=\"1175\">Yanmaz i\u00e7 kap\u0131<\/strong> olarak bilinen bu kap\u0131lar, yang\u0131n an\u0131nda alevlerin yay\u0131lmas\u0131n\u0131 engelleyerek, misafirlerin ve \u00e7al\u0131\u015fanlar\u0131n g\u00fcvenli\u011fini sa\u011flar. Yang\u0131n y\u00f6netmeliklerine uygun \u015fekilde tasarlanan bu kap\u0131lar, otel i\u015fletmecilerinin yang\u0131n g\u00fcvenli\u011fi \u00f6nlemleri almalar\u0131na yard\u0131mc\u0131 olur.<\/p>\n<h2 data-section-id=\"1em8znn\" data-start=\"1439\" data-end=\"1496\">G\u00fcne\u015fe ve Is\u0131ya Dayan\u0131kl\u0131 Kap\u0131lar: Dayan\u0131kl\u0131 \u00c7\u00f6z\u00fcmler<\/h2>\n<p data-start=\"1498\" data-end=\"1873\">Otel kap\u0131lar\u0131, ayn\u0131 zamanda g\u00fcne\u015fe ve \u0131s\u0131ya kar\u015f\u0131 dayan\u0131kl\u0131 olmal\u0131d\u0131r. \u00d6zellikle s\u0131cak iklimlerde yer alan otellerde, <strong data-start=\"1616\" data-end=\"1641\">g\u00fcne\u015fe dayan\u0131kl\u0131 kap\u0131<\/strong> se\u00e7enekleri, uzun s\u00fcreli kullan\u0131m i\u00e7in m\u00fckemmel bir \u00e7\u00f6z\u00fcm sunar. <strong data-start=\"1707\" data-end=\"1731\">Is\u0131ya dayan\u0131kl\u0131 kap\u0131<\/strong> \u00f6zellikleri, g\u00fcne\u015f \u0131\u015f\u0131nlar\u0131n\u0131n kap\u0131lar \u00fczerinde yaratt\u0131\u011f\u0131 etkileri minimuma indirir, b\u00f6ylece kap\u0131lar\u0131n estetik g\u00f6r\u00fcn\u00fcmleri uzun s\u00fcre korunur.<\/p>\n<p data-start=\"1875\" data-end=\"2220\"><strong data-start=\"1875\" data-end=\"1888\">UPVC kap\u0131<\/strong> ve <strong data-start=\"1892\" data-end=\"1904\">PVC kap\u0131<\/strong> gibi plastik bazl\u0131 malzemeler, \u0131s\u0131ya ve g\u00fcne\u015fe kar\u015f\u0131 olduk\u00e7a dayan\u0131kl\u0131d\u0131r. Bu t\u00fcr kap\u0131lar, \u00f6zellikle s\u0131cak b\u00f6lgelerdeki otellerde tercih edilir. <strong data-start=\"2050\" data-end=\"2063\">Upvc kap\u0131<\/strong>, hafifli\u011fi ve dayan\u0131kl\u0131l\u0131\u011f\u0131 ile \u00f6ne \u00e7\u0131kar ve uzun s\u00fcre bak\u0131m gerektirmez. Ayn\u0131 zamanda estetik a\u00e7\u0131dan da \u00e7e\u015fitlilik sunar, otelin dekorasyonuna uyum sa\u011flar.<\/p>\n<h2 data-section-id=\"2042dj\" data-start=\"2222\" data-end=\"2287\">Kompozit Kap\u0131 ve Kompozit \u0130\u00e7 Kap\u0131lar: Estetik ve Dayan\u0131kl\u0131l\u0131k<\/h2>\n<p data-start=\"2289\" data-end=\"2636\">Otel i\u00e7 mekanlar\u0131nda kullan\u0131lan <strong data-start=\"2321\" data-end=\"2338\">kompozit kap\u0131<\/strong> ve <strong data-start=\"2342\" data-end=\"2365\">kompozit i\u00e7 kap\u0131lar<\/strong>, hem g\u00f6rsel a\u00e7\u0131dan \u015f\u0131kl\u0131k sunar hem de y\u00fcksek dayan\u0131kl\u0131l\u0131k \u00f6zellikleriyle \u00f6ne \u00e7\u0131kar. <strong data-start=\"2451\" data-end=\"2468\">Kompozit kap\u0131<\/strong> teknolojisi, ah\u015fap, PVC ve di\u011fer malzemelerin birle\u015fiminden olu\u015fan dayan\u0131kl\u0131 bir yap\u0131 sunar. Bu kap\u0131lar, \u0131s\u0131ya, neme ve d\u0131\u015f etkenlere kar\u015f\u0131 m\u00fckemmel bir koruma sa\u011flar.<\/p>\n<p data-start=\"2638\" data-end=\"2976\">Otel odalar\u0131nda ve koridorlar\u0131nda, <strong data-start=\"2673\" data-end=\"2696\">kompozit i\u00e7 kap\u0131lar<\/strong> kullanmak, hem g\u00fcvenli\u011fi art\u0131r\u0131r hem de estetik a\u00e7\u0131dan otelin modern g\u00f6r\u00fcn\u00fcm\u00fcne katk\u0131 sa\u011flar. Bu kap\u0131lar, <strong data-start=\"2803\" data-end=\"2821\">yanmaz i\u00e7 kap\u0131<\/strong> \u00f6zelli\u011fi ile yang\u0131n g\u00fcvenli\u011fini de peki\u015ftirir. Ayr\u0131ca, <strong data-start=\"2877\" data-end=\"2908\">suya ve neme dayan\u0131kl\u0131 kap\u0131<\/strong> se\u00e7enekleri, banyo gibi nemli alanlarda uzun \u00f6m\u00fcrl\u00fc kullan\u0131m sunar.<\/p>\n<h2 data-section-id=\"35tl6v\" data-start=\"2978\" data-end=\"3033\">PVC ve UPVC Kap\u0131lar: Dayan\u0131kl\u0131 ve Ekonomik \u00c7\u00f6z\u00fcmler<\/h2>\n<p data-start=\"3035\" data-end=\"3376\"><strong data-start=\"3035\" data-end=\"3047\">PVC kap\u0131<\/strong> ve <strong data-start=\"3051\" data-end=\"3064\">UPVC kap\u0131<\/strong>, otel kap\u0131 se\u00e7iminde tercih edilen dayan\u0131kl\u0131 ve ekonomik \u00e7\u00f6z\u00fcmler aras\u0131nda yer al\u0131r. <strong data-start=\"3150\" data-end=\"3162\">PVC kap\u0131<\/strong>, d\u0131\u015f etkenlere kar\u015f\u0131 y\u00fcksek dayan\u0131kl\u0131l\u0131k g\u00f6sterirken, <strong data-start=\"3217\" data-end=\"3230\">UPVC kap\u0131<\/strong> da g\u00fcne\u015f \u0131\u015f\u0131nlar\u0131na kar\u015f\u0131 dayan\u0131kl\u0131d\u0131r. Bu kap\u0131lar, \u00f6zellikle d\u0131\u015f mekanlarda, otelin bah\u00e7elerinde ya da verandalar\u0131nda kullan\u0131lmak i\u00e7in idealdir.<\/p>\n<p data-start=\"3378\" data-end=\"3664\"><strong data-start=\"3378\" data-end=\"3390\">PVC kap\u0131<\/strong> se\u00e7enekleri, otel d\u0131\u015f cephelerinde estetik a\u00e7\u0131dan \u015f\u0131k bir g\u00f6r\u00fcn\u00fcm sa\u011flar. Ayr\u0131ca, y\u00fcksek yal\u0131t\u0131m \u00f6zellikleri sayesinde otelin enerji verimlili\u011fine de katk\u0131 sa\u011flar. Y\u00fcksek \u0131s\u0131ya dayan\u0131kl\u0131 kap\u0131 \u00f6zellikleriyle, otellerde s\u0131cak yaz aylar\u0131nda bile performans kayb\u0131 ya\u015famazs\u0131n\u0131z.<\/p>\n<h3 data-section-id=\"1wbyiq8\" data-start=\"3666\" data-end=\"3701\">Dayan\u0131kl\u0131 Kap\u0131lar\u0131n Avantajlar\u0131<\/h3>\n<p data-start=\"3703\" data-end=\"4024\"><strong data-start=\"3703\" data-end=\"3718\">Otel kap\u0131s\u0131<\/strong> se\u00e7iminde, dayan\u0131kl\u0131 kap\u0131lar\u0131n sa\u011flad\u0131\u011f\u0131 avantajlar \u00e7ok \u00f6nemlidir. Hem <strong data-start=\"3790\" data-end=\"3816\">yang\u0131na dayan\u0131kl\u0131 kap\u0131<\/strong> hem de <strong data-start=\"3824\" data-end=\"3847\">suya dayan\u0131kl\u0131 kap\u0131<\/strong> se\u00e7enekleri, otellerdeki g\u00fcvenli\u011fi art\u0131r\u0131rken ayn\u0131 zamanda bak\u0131m maliyetlerini de d\u00fc\u015f\u00fcr\u00fcr. Bu kap\u0131lar, zamanla deforme olma riski ta\u015f\u0131mad\u0131klar\u0131 i\u00e7in uzun y\u0131llar kullan\u0131labilir.<\/p>\n<ol data-start=\"4026\" data-end=\"4573\">\n<li data-section-id=\"1nyo6na\" data-start=\"4026\" data-end=\"4154\">\n<p data-start=\"4029\" data-end=\"4154\"><strong data-start=\"4029\" data-end=\"4049\">G\u00fcvenlik Sa\u011flar:<\/strong> Yang\u0131n, h\u0131rs\u0131zl\u0131k ve di\u011fer acil durumlara kar\u015f\u0131 dayan\u0131kl\u0131 olan kap\u0131lar, misafirlerin g\u00fcvenli\u011fini sa\u011flar.<\/p>\n<\/li>\n<li data-section-id=\"duaqb4\" data-start=\"4155\" data-end=\"4303\">\n<p data-start=\"4158\" data-end=\"4303\"><strong data-start=\"4158\" data-end=\"4181\">Enerji Verimlili\u011fi:<\/strong> <strong data-start=\"4182\" data-end=\"4194\">PVC kap\u0131<\/strong> ve <strong data-start=\"4198\" data-end=\"4211\">UPVC kap\u0131<\/strong> gibi enerji verimli kap\u0131lar, otellerde \u0131s\u0131 kayb\u0131n\u0131 engeller ve enerji faturalar\u0131n\u0131 d\u00fc\u015f\u00fcr\u00fcr.<\/p>\n<\/li>\n<li data-section-id=\"1n0k1c4\" data-start=\"4304\" data-end=\"4414\">\n<p data-start=\"4307\" data-end=\"4414\"><strong data-start=\"4307\" data-end=\"4324\">Estetik Uyum:<\/strong> Kompozit ve PVC kap\u0131lar, otelin dekorasyonuna uyum sa\u011flayarak \u015f\u0131k bir atmosfer olu\u015fturur.<\/p>\n<\/li>\n<li data-section-id=\"188v56h\" data-start=\"4415\" data-end=\"4573\">\n<p data-start=\"4418\" data-end=\"4573\"><strong data-start=\"4418\" data-end=\"4438\">Bak\u0131m Kolayl\u0131\u011f\u0131:<\/strong> Bu kap\u0131lar, geleneksel kap\u0131lara g\u00f6re daha az bak\u0131m gerektirir. Uzun \u00f6m\u00fcrl\u00fc olmalar\u0131, otel i\u015fletmecilerinin bak\u0131m b\u00fct\u00e7elerini k\u00fc\u00e7\u00fclt\u00fcr.<\/p>\n<\/li>\n<\/ol>\n<h2 data-section-id=\"1vo9jim\" data-start=\"4575\" data-end=\"4627\">Otel Kap\u0131s\u0131 Se\u00e7iminde Dikkat Edilmesi Gerekenler<\/h2>\n<p data-start=\"4629\" data-end=\"4708\"><strong data-start=\"4629\" data-end=\"4646\">Otel kap\u0131lar\u0131<\/strong> se\u00e7erken dikkat edilmesi gereken birka\u00e7 \u00f6nemli fakt\u00f6r vard\u0131r:<\/p>\n<ul data-start=\"4710\" data-end=\"5337\">\n<li data-section-id=\"2n4nbm\" data-start=\"4710\" data-end=\"4905\">\n<p data-start=\"4712\" data-end=\"4905\"><strong data-start=\"4712\" data-end=\"4725\">G\u00fcvenlik:<\/strong> Yang\u0131n g\u00fcvenli\u011fi i\u00e7in <strong data-start=\"4748\" data-end=\"4774\">yang\u0131na dayan\u0131kl\u0131 kap\u0131<\/strong> ve <strong data-start=\"4778\" data-end=\"4796\">yanmaz i\u00e7 kap\u0131<\/strong> kullan\u0131m\u0131 \u00f6nemlidir. Bu kap\u0131lar, yang\u0131n an\u0131nda misafirlerin g\u00fcvenli\u011fini sa\u011flamak i\u00e7in hayati \u00f6neme sahiptir.<\/p>\n<\/li>\n<li data-section-id=\"axdhyi\" data-start=\"4906\" data-end=\"5129\">\n<p data-start=\"4908\" data-end=\"5129\"><strong data-start=\"4908\" data-end=\"4925\">Dayan\u0131kl\u0131l\u0131k:<\/strong> <strong data-start=\"4926\" data-end=\"4950\">Is\u0131ya dayan\u0131kl\u0131 kap\u0131<\/strong> ve <strong data-start=\"4954\" data-end=\"4979\">g\u00fcne\u015fe dayan\u0131kl\u0131 kap\u0131<\/strong> se\u00e7enekleri, otelin d\u0131\u015f mekanlar\u0131nda kullan\u0131labilir. Ayr\u0131ca, <strong data-start=\"5041\" data-end=\"5058\">kompozit kap\u0131<\/strong> gibi dayan\u0131kl\u0131 malzemeler, otel odalar\u0131nda uzun y\u0131llar kullan\u0131labilir.<\/p>\n<\/li>\n<li data-section-id=\"l2f10f\" data-start=\"5130\" data-end=\"5337\">\n<p data-start=\"5132\" data-end=\"5337\"><strong data-start=\"5132\" data-end=\"5144\">Estetik:<\/strong> Kap\u0131lar\u0131n estetik g\u00f6r\u00fcn\u00fcmleri, otelin genel dekorasyonuna uyumlu olmal\u0131d\u0131r. <strong data-start=\"5221\" data-end=\"5233\">PVC kap\u0131<\/strong> ve <strong data-start=\"5237\" data-end=\"5260\">kompozit i\u00e7 kap\u0131lar<\/strong> gibi \u015f\u0131k tasar\u0131ml\u0131 kap\u0131lar, otelin i\u00e7 mekanlar\u0131na modern bir hava katabilir.<\/p>\n<\/li>\n<\/ul>\n<h3 data-section-id=\"77u8zq\" data-start=\"5339\" data-end=\"5348\">Sonu\u00e7<\/h3>\n<p data-start=\"5350\" data-end=\"5908\" data-is-last-node=\"\" data-is-only-node=\"\"><strong data-start=\"5350\" data-end=\"5365\">Otel kap\u0131s\u0131<\/strong> se\u00e7iminde <strong data-start=\"5376\" data-end=\"5402\">yang\u0131na dayan\u0131kl\u0131 kap\u0131<\/strong>, <strong data-start=\"5404\" data-end=\"5429\">g\u00fcne\u015fe dayan\u0131kl\u0131 kap\u0131<\/strong>, <strong data-start=\"5431\" data-end=\"5448\">kompozit kap\u0131<\/strong> ve <strong data-start=\"5452\" data-end=\"5464\">PVC kap\u0131<\/strong> gibi se\u00e7enekler, hem g\u00fcvenli\u011fi art\u0131rmak hem de estetik bir g\u00f6r\u00fcn\u00fcm elde etmek i\u00e7in \u00f6nemli unsurlar sunar. <strong data-start=\"5571\" data-end=\"5595\">Is\u0131ya dayan\u0131kl\u0131 kap\u0131<\/strong> ve <strong data-start=\"5599\" data-end=\"5622\">suya dayan\u0131kl\u0131 kap\u0131<\/strong> \u00f6zellikleri ile otellerde uzun \u00f6m\u00fcrl\u00fc ve dayan\u0131kl\u0131 \u00e7\u00f6z\u00fcmler sa\u011flanabilir. Bu kap\u0131lar, otellerin i\u00e7 ve d\u0131\u015f mekanlar\u0131nda hem g\u00fcvenli\u011fi hem de esteti\u011fi bir arada sunar. Otel i\u015fletmecileri i\u00e7in, do\u011fru kap\u0131 se\u00e7imi, hem misafir g\u00fcvenli\u011fi hem de otelin genel kalitesi i\u00e7in kritik bir ad\u0131md\u0131r.<\/p>\n<\/div>\n<\/div>\n<\/div>\n<\/div>\n<\/div>\n<\/div>\n<\/article>\n<\/div>\n<\/div>\n","protected":false},"excerpt":{"rendered":"<p>Otel Kap\u0131s\u0131 ve Dayan\u0131kl\u0131 Kap\u0131 \u00c7\u00f6z\u00fcmleri: Yang\u0131na, G\u00fcne\u015fe ve Is\u0131ya Dayan\u0131kl\u0131 Se\u00e7enekler Otel i\u015fletmeleri i\u00e7in g\u00fcvenlik, estetik ve dayan\u0131kl\u0131l\u0131k bir arada sunulmal\u0131d\u0131r. Otel kap\u0131s\u0131 modelleri, sadece g\u00f6rsel a\u00e7\u0131dan de\u011fil, ayn\u0131 zamanda sa\u011flaml\u0131k ve g\u00fcvenlik a\u00e7\u0131s\u0131ndan da \u00f6nemli bir rol oynamaktad\u0131r. Yang\u0131na dayan\u0131kl\u0131 kap\u0131, g\u00fcne\u015fe dayan\u0131kl\u0131 kap\u0131, \u0131s\u0131ya dayan\u0131kl\u0131 kap\u0131 ve kompozit i\u00e7 kap\u0131lar gibi \u00f6zel<\/p>\n","protected":false},"featured_media":9363,"template":"","meta":{"_bbp_topic_count":0,"_bbp_reply_count":0,"_bbp_total_topic_count":0,"_bbp_total_reply_count":0,"_bbp_voice_count":0,"_bbp_anonymous_reply_count":0,"_bbp_topic_count_hidden":0,"_bbp_reply_count_hidden":0,"_bbp_forum_subforum_count":0},"product_brand":[],"product_cat":[1051],"product_tag":[],"class_list":{"0":"post-9362","1":"product","2":"type-product","3":"status-publish","4":"has-post-thumbnail","6":"product_cat-1051","8":"first","9":"instock","10":"shipping-taxable","11":"product-type-simple","12":"prodpage-classic"},"yoast_head":"<!-- This site is optimized with the Yoast SEO Premium plugin v26.6 (Yoast SEO v27.3) - https:\/\/yoast.com\/product\/yoast-seo-premium-wordpress\/ -->\n<title>Otel Kap\u0131s\u0131 - \u0130\u00e7 Oda Kap\u0131lar\u0131 - \u00c7elik kap\u0131 modelleri - apartman kap\u0131lar\u0131<\/title>\n<meta name=\"robots\" content=\"index, follow, max-snippet:-1, max-image-preview:large, max-video-preview:-1\" \/>\n<link rel=\"canonical\" href=\"https:\/\/www.kapi.ltd\/bg\/urun\/otel-kapisi\/\" \/>\n<meta property=\"og:locale\" content=\"bg_BG\" \/>\n<meta property=\"og:type\" content=\"article\" \/>\n<meta property=\"og:title\" content=\"Otel Kap\u0131s\u0131\" \/>\n<meta property=\"og:description\" content=\"Otel Kap\u0131s\u0131 ve Dayan\u0131kl\u0131 Kap\u0131 \u00c7\u00f6z\u00fcmleri: Yang\u0131na, G\u00fcne\u015fe ve Is\u0131ya Dayan\u0131kl\u0131 Se\u00e7enekler Otel i\u015fletmeleri i\u00e7in g\u00fcvenlik, estetik ve dayan\u0131kl\u0131l\u0131k bir arada sunulmal\u0131d\u0131r. Otel kap\u0131s\u0131 modelleri, sadece g\u00f6rsel a\u00e7\u0131dan de\u011fil, ayn\u0131 zamanda sa\u011flaml\u0131k ve g\u00fcvenlik a\u00e7\u0131s\u0131ndan da \u00f6nemli bir rol oynamaktad\u0131r. Yang\u0131na dayan\u0131kl\u0131 kap\u0131, g\u00fcne\u015fe dayan\u0131kl\u0131 kap\u0131, \u0131s\u0131ya dayan\u0131kl\u0131 kap\u0131 ve kompozit i\u00e7 kap\u0131lar gibi \u00f6zel\" \/>\n<meta property=\"og:url\" content=\"https:\/\/www.kapi.ltd\/bg\/urun\/otel-kapisi\/\" \/>\n<meta property=\"og:site_name\" content=\"\u0130\u00e7 Oda Kap\u0131lar\u0131 - \u00c7elik kap\u0131 modelleri - apartman kap\u0131lar\u0131\" \/>\n<meta property=\"article:modified_time\" content=\"2026-02-23T13:50:45+00:00\" \/>\n<meta name=\"twitter:card\" content=\"summary_large_image\" \/>\n<meta name=\"twitter:label1\" content=\"Est. reading time\" \/>\n\t<meta name=\"twitter:data1\" content=\"6 \u043c\u0438\u043d\u0443\u0442\u0438\" \/>\n<script type=\"application\/ld+json\" class=\"yoast-schema-graph\">{\"@context\":\"https:\\\/\\\/schema.org\",\"@graph\":[{\"@type\":\"WebPage\",\"@id\":\"https:\\\/\\\/www.kapi.ltd\\\/bg\\\/urun\\\/otel-kapisi\\\/\",\"url\":\"https:\\\/\\\/www.kapi.ltd\\\/bg\\\/urun\\\/otel-kapisi\\\/\",\"name\":\"Otel Kap\u0131s\u0131 - \u0130\u00e7 Oda Kap\u0131lar\u0131 - \u00c7elik kap\u0131 modelleri - apartman kap\u0131lar\u0131\",\"isPartOf\":{\"@id\":\"https:\\\/\\\/www.kapi.ltd\\\/bg\\\/#website\"},\"primaryImageOfPage\":{\"@id\":\"https:\\\/\\\/www.kapi.ltd\\\/bg\\\/urun\\\/otel-kapisi\\\/#primaryimage\"},\"image\":{\"@id\":\"https:\\\/\\\/www.kapi.ltd\\\/bg\\\/urun\\\/otel-kapisi\\\/#primaryimage\"},\"thumbnailUrl\":\"https:\\\/\\\/www.kapi.ltd\\\/wp-content\\\/uploads\\\/2026\\\/02\\\/otel-kapisi.webp\",\"datePublished\":\"2026-02-22T06:57:58+00:00\",\"dateModified\":\"2026-02-23T13:50:45+00:00\",\"breadcrumb\":{\"@id\":\"https:\\\/\\\/www.kapi.ltd\\\/bg\\\/urun\\\/otel-kapisi\\\/#breadcrumb\"},\"inLanguage\":\"bg-BG\",\"potentialAction\":[{\"@type\":\"ReadAction\",\"target\":[\"https:\\\/\\\/www.kapi.ltd\\\/bg\\\/urun\\\/otel-kapisi\\\/\"]}]},{\"@type\":\"ImageObject\",\"inLanguage\":\"bg-BG\",\"@id\":\"https:\\\/\\\/www.kapi.ltd\\\/bg\\\/urun\\\/otel-kapisi\\\/#primaryimage\",\"url\":\"https:\\\/\\\/www.kapi.ltd\\\/wp-content\\\/uploads\\\/2026\\\/02\\\/otel-kapisi.webp\",\"contentUrl\":\"https:\\\/\\\/www.kapi.ltd\\\/wp-content\\\/uploads\\\/2026\\\/02\\\/otel-kapisi.webp\",\"width\":500,\"height\":750,\"caption\":\"otel kap\u0131s\u0131\"},{\"@type\":\"BreadcrumbList\",\"@id\":\"https:\\\/\\\/www.kapi.ltd\\\/bg\\\/urun\\\/otel-kapisi\\\/#breadcrumb\",\"itemListElement\":[{\"@type\":\"ListItem\",\"position\":1,\"name\":\"Anasayfa\",\"item\":\"https:\\\/\\\/www.kapi.ltd\\\/bg\\\/\"},{\"@type\":\"ListItem\",\"position\":2,\"name\":\"ic-kapi-celik-kapi-modelleri\",\"item\":\"https:\\\/\\\/www.kapi.ltd\\\/?page_id=4263\"},{\"@type\":\"ListItem\",\"position\":3,\"name\":\"Otel Kap\u0131s\u0131\"}]},{\"@type\":\"WebSite\",\"@id\":\"https:\\\/\\\/www.kapi.ltd\\\/bg\\\/#website\",\"url\":\"https:\\\/\\\/www.kapi.ltd\\\/bg\\\/\",\"name\":\"\u0130\u00e7 Kap\u0131 Ve \u00c7elik Kap\u0131 Modelleri\",\"description\":\"T\u00fcrkiye Kap\u0131 Modelleri Merkezi\",\"potentialAction\":[{\"@type\":\"SearchAction\",\"target\":{\"@type\":\"EntryPoint\",\"urlTemplate\":\"https:\\\/\\\/www.kapi.ltd\\\/bg\\\/?s={search_term_string}\"},\"query-input\":{\"@type\":\"PropertyValueSpecification\",\"valueRequired\":true,\"valueName\":\"search_term_string\"}}],\"inLanguage\":\"bg-BG\"}]}<\/script>\n<!-- \/ Yoast SEO Premium plugin. -->","yoast_head_json":{"title":"Otel Kap\u0131s\u0131 - \u0130\u00e7 Oda Kap\u0131lar\u0131 - \u00c7elik kap\u0131 modelleri - apartman kap\u0131lar\u0131","robots":{"index":"index","follow":"follow","max-snippet":"max-snippet:-1","max-image-preview":"max-image-preview:large","max-video-preview":"max-video-preview:-1"},"canonical":"https:\/\/www.kapi.ltd\/bg\/urun\/otel-kapisi\/","og_locale":"bg_BG","og_type":"article","og_title":"Otel Kap\u0131s\u0131","og_description":"Otel Kap\u0131s\u0131 ve Dayan\u0131kl\u0131 Kap\u0131 \u00c7\u00f6z\u00fcmleri: Yang\u0131na, G\u00fcne\u015fe ve Is\u0131ya Dayan\u0131kl\u0131 Se\u00e7enekler Otel i\u015fletmeleri i\u00e7in g\u00fcvenlik, estetik ve dayan\u0131kl\u0131l\u0131k bir arada sunulmal\u0131d\u0131r. Otel kap\u0131s\u0131 modelleri, sadece g\u00f6rsel a\u00e7\u0131dan de\u011fil, ayn\u0131 zamanda sa\u011flaml\u0131k ve g\u00fcvenlik a\u00e7\u0131s\u0131ndan da \u00f6nemli bir rol oynamaktad\u0131r. Yang\u0131na dayan\u0131kl\u0131 kap\u0131, g\u00fcne\u015fe dayan\u0131kl\u0131 kap\u0131, \u0131s\u0131ya dayan\u0131kl\u0131 kap\u0131 ve kompozit i\u00e7 kap\u0131lar gibi \u00f6zel","og_url":"https:\/\/www.kapi.ltd\/bg\/urun\/otel-kapisi\/","og_site_name":"\u0130\u00e7 Oda Kap\u0131lar\u0131 - \u00c7elik kap\u0131 modelleri - apartman kap\u0131lar\u0131","article_modified_time":"2026-02-23T13:50:45+00:00","twitter_card":"summary_large_image","twitter_misc":{"Est. reading time":"6 \u043c\u0438\u043d\u0443\u0442\u0438"},"schema":{"@context":"https:\/\/schema.org","@graph":[{"@type":"WebPage","@id":"https:\/\/www.kapi.ltd\/bg\/urun\/otel-kapisi\/","url":"https:\/\/www.kapi.ltd\/bg\/urun\/otel-kapisi\/","name":"Otel Kap\u0131s\u0131 - \u0130\u00e7 Oda Kap\u0131lar\u0131 - \u00c7elik kap\u0131 modelleri - apartman kap\u0131lar\u0131","isPartOf":{"@id":"https:\/\/www.kapi.ltd\/bg\/#website"},"primaryImageOfPage":{"@id":"https:\/\/www.kapi.ltd\/bg\/urun\/otel-kapisi\/#primaryimage"},"image":{"@id":"https:\/\/www.kapi.ltd\/bg\/urun\/otel-kapisi\/#primaryimage"},"thumbnailUrl":"https:\/\/www.kapi.ltd\/wp-content\/uploads\/2026\/02\/otel-kapisi.webp","datePublished":"2026-02-22T06:57:58+00:00","dateModified":"2026-02-23T13:50:45+00:00","breadcrumb":{"@id":"https:\/\/www.kapi.ltd\/bg\/urun\/otel-kapisi\/#breadcrumb"},"inLanguage":"bg-BG","potentialAction":[{"@type":"ReadAction","target":["https:\/\/www.kapi.ltd\/bg\/urun\/otel-kapisi\/"]}]},{"@type":"ImageObject","inLanguage":"bg-BG","@id":"https:\/\/www.kapi.ltd\/bg\/urun\/otel-kapisi\/#primaryimage","url":"https:\/\/www.kapi.ltd\/wp-content\/uploads\/2026\/02\/otel-kapisi.webp","contentUrl":"https:\/\/www.kapi.ltd\/wp-content\/uploads\/2026\/02\/otel-kapisi.webp","width":500,"height":750,"caption":"otel kap\u0131s\u0131"},{"@type":"BreadcrumbList","@id":"https:\/\/www.kapi.ltd\/bg\/urun\/otel-kapisi\/#breadcrumb","itemListElement":[{"@type":"ListItem","position":1,"name":"Anasayfa","item":"https:\/\/www.kapi.ltd\/bg\/"},{"@type":"ListItem","position":2,"name":"ic-kapi-celik-kapi-modelleri","item":"https:\/\/www.kapi.ltd\/?page_id=4263"},{"@type":"ListItem","position":3,"name":"Otel Kap\u0131s\u0131"}]},{"@type":"WebSite","@id":"https:\/\/www.kapi.ltd\/bg\/#website","url":"https:\/\/www.kapi.ltd\/bg\/","name":"\u0130\u00e7 Kap\u0131 Ve \u00c7elik Kap\u0131 Modelleri","description":"T\u00fcrkiye Kap\u0131 Modelleri Merkezi","potentialAction":[{"@type":"SearchAction","target":{"@type":"EntryPoint","urlTemplate":"https:\/\/www.kapi.ltd\/bg\/?s={search_term_string}"},"query-input":{"@type":"PropertyValueSpecification","valueRequired":true,"valueName":"search_term_string"}}],"inLanguage":"bg-BG"}]}},"_links":{"self":[{"href":"https:\/\/www.kapi.ltd\/bg\/wp-json\/wp\/v2\/product\/9362","targetHints":{"allow":["GET"]}}],"collection":[{"href":"https:\/\/www.kapi.ltd\/bg\/wp-json\/wp\/v2\/product"}],"about":[{"href":"https:\/\/www.kapi.ltd\/bg\/wp-json\/wp\/v2\/types\/product"}],"version-history":[{"count":0,"href":"https:\/\/www.kapi.ltd\/bg\/wp-json\/wp\/v2\/product\/9362\/revisions"}],"wp:featuredmedia":[{"embeddable":true,"href":"https:\/\/www.kapi.ltd\/bg\/wp-json\/wp\/v2\/media\/9363"}],"wp:attachment":[{"href":"https:\/\/www.kapi.ltd\/bg\/wp-json\/wp\/v2\/media?parent=9362"}],"wp:term":[{"taxonomy":"product_brand","embeddable":true,"href":"https:\/\/www.kapi.ltd\/bg\/wp-json\/wp\/v2\/product_brand?post=9362"},{"taxonomy":"product_cat","embeddable":true,"href":"https:\/\/www.kapi.ltd\/bg\/wp-json\/wp\/v2\/product_cat?post=9362"},{"taxonomy":"product_tag","embeddable":true,"href":"https:\/\/www.kapi.ltd\/bg\/wp-json\/wp\/v2\/product_tag?post=9362"}],"curies":[{"name":"wp","href":"https:\/\/api.w.org\/{rel}","templated":true}]}}