{"id":9344,"date":"2026-02-22T09:36:08","date_gmt":"2026-02-22T06:36:08","guid":{"rendered":"https:\/\/www.kapi.ltd\/urun\/kompozit-ic-kapi\/"},"modified":"2026-02-22T20:34:20","modified_gmt":"2026-02-22T17:34:20","slug":"kompozit-ic-kapi","status":"publish","type":"product","link":"https:\/\/www.kapi.ltd\/bg\/urun\/kompozit-ic-kapi\/","title":{"rendered":"Kompozit \u0130\u00e7 Kap\u0131"},"content":{"rendered":"<div class=\"relative basis-auto flex-col -mb-(--composer-overlap-px) [--composer-overlap-px:28px] grow flex\">\n<div class=\"flex flex-col text-sm pb-25\">\n<article class=\"text-token-text-primary w-full focus:outline-none [--shadow-height:45px] has-data-writing-block:pointer-events-none has-data-writing-block:-mt-(--shadow-height) has-data-writing-block:pt-(--shadow-height) [&amp;:has([data-writing-block])&gt;*]:pointer-events-auto scroll-mt-[calc(var(--header-height)+min(200px,max(70px,20svh)))]\" dir=\"auto\" tabindex=\"-1\" data-turn-id=\"request-WEB:2b9e6435-ceff-4ba4-bf60-66abfd099f94-4\" data-testid=\"conversation-turn-6\" data-scroll-anchor=\"true\" data-turn=\"assistant\">\n<div class=\"text-base my-auto mx-auto pb-10 [--thread-content-margin:--spacing(4)] @w-sm\/main:[--thread-content-margin:--spacing(6)] @w-lg\/main:[--thread-content-margin:--spacing(16)] px-(--thread-content-margin)\">\n<div class=\"[--thread-content-max-width:40rem] @w-lg\/main:[--thread-content-max-width:48rem] mx-auto max-w-(--thread-content-max-width) flex-1 group\/turn-messages focus-visible:outline-hidden relative flex w-full min-w-0 flex-col agent-turn\" tabindex=\"-1\">\n<div class=\"flex max-w-full flex-col grow\">\n<div class=\"min-h-8 text-message relative flex w-full flex-col items-end gap-2 text-start break-words whitespace-normal [.text-message+&amp;]:mt-1\" dir=\"auto\" data-message-author-role=\"assistant\" data-message-id=\"7e3d4023-93e5-4f40-b9b4-ca2e1a7065cc\" data-message-model-slug=\"gpt-5-2\">\n<div class=\"flex w-full flex-col gap-1 empty:hidden first:pt-[1px]\">\n<div class=\"markdown prose dark:prose-invert w-full wrap-break-word light markdown-new-styling\">\n<h2 data-start=\"0\" data-end=\"56\"><strong data-start=\"0\" data-end=\"56\">Kompozit \u0130\u00e7 Kap\u0131: Yanmaya ve Suya Dayan\u0131kl\u0131 \u00c7\u00f6z\u00fcmler<\/strong><\/h2>\n<p data-start=\"58\" data-end=\"536\">\u0130\u00e7 mekanlarda g\u00fcvenlik ve estetik anlay\u0131\u015f\u0131n\u0131 bir araya getiren <strong data-start=\"121\" data-end=\"141\">kompozit i\u00e7 kap\u0131<\/strong> se\u00e7enekleri, \u00f6zellikle yang\u0131na ve neme kar\u015f\u0131 dayan\u0131kl\u0131 \u00f6zellikleriyle \u00f6ne \u00e7\u0131kmaktad\u0131r. Bu kap\u0131lar, modern ya\u015fam\u0131n zorluklar\u0131na kar\u015f\u0131 dayan\u0131kl\u0131 olmalar\u0131 ve uzun \u00f6m\u00fcrl\u00fc olmalar\u0131 sayesinde, evlerde ve i\u015f yerlerinde g\u00fcvenli\u011fi art\u0131ran en ideal tercihlerden biridir. Peki, <strong data-start=\"409\" data-end=\"435\">yanmaya dayan\u0131kl\u0131 kap\u0131<\/strong> ve <strong data-start=\"439\" data-end=\"470\">suya ve neme dayan\u0131kl\u0131 kap\u0131<\/strong> gibi \u00f6zellikler sunan kompozit i\u00e7 kap\u0131lar\u0131n avantajlar\u0131 nelerdir?<\/p>\n<h2 data-section-id=\"lziffk\" data-start=\"538\" data-end=\"565\">Kompozit \u0130\u00e7 Kap\u0131 Nedir?<\/h2>\n<p data-start=\"567\" data-end=\"975\"><strong data-start=\"567\" data-end=\"587\">Kompozit i\u00e7 kap\u0131<\/strong>, farkl\u0131 malzemelerin birle\u015fiminden \u00fcretilen ve y\u00fcksek dayan\u0131kl\u0131l\u0131k \u00f6zelliklerine sahip olan kap\u0131lard\u0131r. Genellikle, ah\u015fap, PVC, al\u00fcminyum veya \u00e7elik gibi malzemelerin birle\u015fimiyle \u00fcretilen kompozit kap\u0131lar, estetik g\u00f6r\u00fcn\u00fcmleri ve fonksiyonel \u00f6zellikleriyle dikkat \u00e7eker. Kompozit i\u00e7 kap\u0131lar, dekorasyon ve g\u00fcvenlik ihtiyac\u0131n\u0131 kar\u015f\u0131lamak ad\u0131na olduk\u00e7a geni\u015f bir kullan\u0131m alan\u0131na sahiptir.<\/p>\n<h3 data-section-id=\"9rklk0\" data-start=\"977\" data-end=\"1035\">Yanmaya Dayan\u0131kl\u0131 Kap\u0131: G\u00fcvenlik \u0130\u00e7in \u00d6nemli Bir Se\u00e7im<\/h3>\n<p data-start=\"1037\" data-end=\"1461\"><strong data-start=\"1037\" data-end=\"1063\">Yanmaya dayan\u0131kl\u0131 kap\u0131<\/strong>, yang\u0131n gibi acil durumlarda evinizin ve ofisinizin g\u00fcvenli\u011fini sa\u011flayan \u00f6nemli bir unsur olarak \u00f6ne \u00e7\u0131kar. <strong data-start=\"1172\" data-end=\"1187\">Yanmaz kap\u0131<\/strong> olarak da bilinen bu kap\u0131lar, y\u00fcksek \u0131s\u0131ya kar\u015f\u0131 dayan\u0131kl\u0131 \u00f6zellikler ta\u015f\u0131r ve yang\u0131n s\u0131ras\u0131nda duman\u0131n yay\u0131lmas\u0131n\u0131 engellemeye yard\u0131mc\u0131 olur. Kompozit i\u00e7 kap\u0131lar, genellikle bu \u00f6zellikleri ta\u015f\u0131r ve herhangi bir yang\u0131n durumunda ortamda kalabilecek zarar\u0131 minimuma indirir.<\/p>\n<p data-start=\"1463\" data-end=\"1808\">Kompozit i\u00e7 kap\u0131lar, <strong data-start=\"1484\" data-end=\"1510\">yang\u0131na dayan\u0131kl\u0131 kap\u0131<\/strong> olma \u00f6zelli\u011fi sayesinde, i\u00e7 mekanlardaki yang\u0131n g\u00fcvenli\u011fini art\u0131r\u0131r. \u00d6zellikle apartmanlar, ofis binalar\u0131 ve oteller gibi kalabal\u0131k yerlerde yang\u0131n g\u00fcvenli\u011fi son derece \u00f6nemlidir. Bu kap\u0131lar\u0131n kullan\u0131m\u0131, ya\u015fam alanlar\u0131n\u0131 daha g\u00fcvenli hale getirebilir ve yang\u0131n y\u00f6netmeli\u011fine uygun bir ortam sunar.<\/p>\n<h2 data-section-id=\"1g0t26g\" data-start=\"1810\" data-end=\"1844\">Suya ve Neme Dayan\u0131kl\u0131 Kap\u0131lar<\/h2>\n<p data-start=\"1846\" data-end=\"2191\"><strong data-start=\"1846\" data-end=\"1877\">Suya ve neme dayan\u0131kl\u0131 kap\u0131<\/strong> se\u00e7enekleri, \u00f6zellikle nemli ve rutubetli ortamlarda ya\u015fayanlar i\u00e7in ideal bir tercihtir. Kompozit i\u00e7 kap\u0131lar, bu t\u00fcr ko\u015fullara kar\u015f\u0131 diren\u00e7li olacak \u015fekilde tasarlan\u0131r. <strong data-start=\"2048\" data-end=\"2071\">Suya dayan\u0131kl\u0131 kap\u0131<\/strong> \u00f6zellikleri, banyo gibi nemin y\u00fcksek oldu\u011fu alanlarda veya d\u0131\u015f mekanlara yak\u0131n i\u00e7 mekanlarda daha fazla avantaj sa\u011flar.<\/p>\n<p data-start=\"2193\" data-end=\"2440\">Ayr\u0131ca, <strong data-start=\"2201\" data-end=\"2235\">suya ve neme dayan\u0131kl\u0131 kap\u0131lar<\/strong> kullanmak, kap\u0131lar\u0131n uzun \u00f6m\u00fcrl\u00fc olmas\u0131n\u0131 sa\u011flar ve deformasyon riskini azalt\u0131r. Ah\u015fap kap\u0131lar nemden dolay\u0131 zamanla deforme olabilirken, kompozit i\u00e7 kap\u0131lar bu t\u00fcr olumsuz etkilere kar\u015f\u0131 diren\u00e7 g\u00f6sterir.<\/p>\n<h3 data-section-id=\"fvp7l3\" data-start=\"2442\" data-end=\"2493\">Yang\u0131na Dayan\u0131kl\u0131 Kap\u0131lar ile G\u00fcvenli\u011fi Art\u0131r\u0131n<\/h3>\n<p data-start=\"2495\" data-end=\"2795\"><strong data-start=\"2495\" data-end=\"2521\">Yang\u0131na dayan\u0131kl\u0131 kap\u0131<\/strong> kullanmak, binalar\u0131n yang\u0131n g\u00fcvenli\u011fini art\u0131rmak i\u00e7in al\u0131nmas\u0131 gereken \u00f6nemli \u00f6nlemlerden biridir. Kompozit i\u00e7 kap\u0131lar, yang\u0131n g\u00fcvenli\u011fi a\u00e7\u0131s\u0131ndan y\u00fcksek standartlara sahip olup, bu kap\u0131lar\u0131n kullan\u0131m\u0131, hem ev sahiplerinin hem de i\u015f yerlerinin daha g\u00fcvende olmas\u0131n\u0131 sa\u011flar.<\/p>\n<p data-start=\"2797\" data-end=\"3161\">Yang\u0131n an\u0131nda, kap\u0131lar genellikle alevin yay\u0131lmas\u0131n\u0131 engellemeye yard\u0131mc\u0131 olur. <strong data-start=\"2877\" data-end=\"2895\">Yanmaz i\u00e7 kap\u0131<\/strong> \u00f6zelli\u011fi, sadece yang\u0131n\u0131n yay\u0131lmas\u0131n\u0131 engellemekle kalmaz, ayn\u0131 zamanda yang\u0131n s\u00f6nd\u00fcrme ekiplerinin m\u00fcdahalesini kolayla\u015ft\u0131racak bir bariyer olu\u015fturur. Bu \u00f6zellik, \u00f6zellikle kamu binalar\u0131nda, apartmanlarda ve y\u00fcksek katl\u0131 yap\u0131lar gibi yerlerde son derece \u00f6nemlidir.<\/p>\n<h2 data-section-id=\"11qbe2q\" data-start=\"3163\" data-end=\"3200\">Kompozit \u0130\u00e7 Kap\u0131lar\u0131n Avantajlar\u0131<\/h2>\n<p data-start=\"3202\" data-end=\"3302\">Kompozit i\u00e7 kap\u0131lar, bir\u00e7ok a\u00e7\u0131dan geleneksel kap\u0131lara g\u00f6re daha avantajl\u0131d\u0131r. \u0130\u015fte baz\u0131 avantajlar:<\/p>\n<ol data-start=\"3304\" data-end=\"4257\">\n<li data-section-id=\"dy3lft\" data-start=\"3304\" data-end=\"3478\">\n<p data-start=\"3307\" data-end=\"3478\"><strong data-start=\"3307\" data-end=\"3324\">Dayan\u0131kl\u0131l\u0131k:<\/strong> Kompozit i\u00e7 kap\u0131lar, ah\u015fap ve metal kap\u0131lara g\u00f6re daha dayan\u0131kl\u0131d\u0131r. Y\u00fcksek \u0131s\u0131, nem, darbe ve \u00e7izilmelere kar\u015f\u0131 dayan\u0131kl\u0131 olduklar\u0131 i\u00e7in uzun \u00f6m\u00fcrl\u00fcd\u00fcr.<\/p>\n<\/li>\n<li data-section-id=\"1rndf8\" data-start=\"3483\" data-end=\"3708\">\n<p data-start=\"3486\" data-end=\"3708\"><strong data-start=\"3486\" data-end=\"3519\">Yang\u0131na ve Neme Dayan\u0131kl\u0131l\u0131k:<\/strong> <strong data-start=\"3520\" data-end=\"3535\">Yanmaz kap\u0131<\/strong> ve <strong data-start=\"3539\" data-end=\"3570\">suya ve neme dayan\u0131kl\u0131 kap\u0131<\/strong> \u00f6zellikleri, bu kap\u0131lar\u0131n en belirgin avantajlar\u0131ndand\u0131r. Bu kap\u0131lar, g\u00fcvenli\u011finizi art\u0131rmak ve ya\u015fam alanlar\u0131n\u0131z\u0131 korumak i\u00e7in idealdir.<\/p>\n<\/li>\n<li data-section-id=\"6ubra3\" data-start=\"3710\" data-end=\"3901\">\n<p data-start=\"3713\" data-end=\"3901\"><strong data-start=\"3713\" data-end=\"3733\">Estetik G\u00f6r\u00fcn\u00fcm:<\/strong> Kompozit kap\u0131lar, \u00e7e\u015fitli tasar\u0131mlar ve renk se\u00e7enekleri sunarak i\u00e7 mekan dekorasyonuna uyum sa\u011flar. Modern ve \u015f\u0131k g\u00f6r\u00fcn\u00fcmleri, i\u00e7 mekanlarda ho\u015f bir atmosfer yarat\u0131r.<\/p>\n<\/li>\n<li data-section-id=\"1lb0wqq\" data-start=\"3903\" data-end=\"4044\">\n<p data-start=\"3906\" data-end=\"4044\"><strong data-start=\"3906\" data-end=\"3929\">Enerji Verimlili\u011fi:<\/strong> Kompozit kap\u0131lar, \u0131s\u0131 yal\u0131t\u0131m\u0131 a\u00e7\u0131s\u0131ndan da olduk\u00e7a verimlidir. Is\u0131 kayb\u0131n\u0131 engelleyerek, enerji tasarrufu sa\u011flar.<\/p>\n<\/li>\n<li data-section-id=\"152rnpe\" data-start=\"4046\" data-end=\"4257\">\n<p data-start=\"4049\" data-end=\"4257\"><strong data-start=\"4049\" data-end=\"4069\">Bak\u0131m Kolayl\u0131\u011f\u0131:<\/strong> Kompozit i\u00e7 kap\u0131lar, di\u011fer kap\u0131 t\u00fcrlerine g\u00f6re bak\u0131m a\u00e7\u0131s\u0131ndan daha az zahmetlidir. Uzun s\u00fcreler boyunca ilk g\u00fcnk\u00fc gibi kalabilmeleri, onlar\u0131 \u00e7ok tercih edilen bir se\u00e7enek haline getirir.<\/p>\n<\/li>\n<\/ol>\n<h3 data-section-id=\"14t2wzu\" data-start=\"4259\" data-end=\"4302\">Kompozit \u0130\u00e7 Kap\u0131lar\u0131n Kullan\u0131m Alanlar\u0131<\/h3>\n<p data-start=\"4304\" data-end=\"4664\">Kompozit i\u00e7 kap\u0131lar, farkl\u0131 kullan\u0131m alanlar\u0131nda rahatl\u0131kla tercih edilebilir. Bu kap\u0131lar, \u00f6zellikle <strong data-start=\"4405\" data-end=\"4431\">yanmaya dayan\u0131kl\u0131 kap\u0131<\/strong> \u00f6zellikleri sayesinde apartmanlarda, ofislerde, otellerde ve hastanelerde yayg\u0131n olarak kullan\u0131lmaktad\u0131r. Ayr\u0131ca, evlerde de banyolarda, mutfaklarda ve di\u011fer nemli ortamlarda <strong data-start=\"4607\" data-end=\"4638\">suya ve neme dayan\u0131kl\u0131 kap\u0131<\/strong> olarak tercih edilebilir.<\/p>\n<p data-start=\"4666\" data-end=\"4895\">Kompozit i\u00e7 kap\u0131lar, sadece g\u00fcvenlik a\u00e7\u0131s\u0131ndan de\u011fil, ayn\u0131 zamanda estetik a\u00e7\u0131dan da i\u00e7 mekanlara de\u011fer katar. Farkl\u0131 renk ve desen se\u00e7enekleriyle, ya\u015fam alanlar\u0131n\u0131zda \u015f\u0131kl\u0131\u011f\u0131 art\u0131r\u0131rken, ayn\u0131 zamanda g\u00fcvenli\u011fi sa\u011flayabilirsiniz.<\/p>\n<h3 data-section-id=\"77u8zq\" data-start=\"4897\" data-end=\"4906\">Sonu\u00e7<\/h3>\n<p data-start=\"4908\" data-end=\"5425\" data-is-last-node=\"\" data-is-only-node=\"\"><strong data-start=\"4908\" data-end=\"4928\">Kompozit i\u00e7 kap\u0131<\/strong> modelleri, estetik ve g\u00fcvenli\u011fi bir arada sunan, modern ya\u015fam alanlar\u0131nda \u00f6nemli bir yer tutan kap\u0131lard\u0131r. <strong data-start=\"5036\" data-end=\"5051\">Yanmaz kap\u0131<\/strong> ve <strong data-start=\"5055\" data-end=\"5086\">suya ve neme dayan\u0131kl\u0131 kap\u0131<\/strong> \u00f6zellikleriyle, hem yang\u0131na hem de nem gibi olumsuz d\u0131\u015f etkenlere kar\u015f\u0131 \u00fcst\u00fcn bir dayan\u0131kl\u0131l\u0131k g\u00f6sterirler. Bu kap\u0131lar, i\u00e7 mekanlar\u0131n\u0131z\u0131n g\u00fcvenli\u011fini sa\u011flarken, ayn\u0131 zamanda uzun \u00f6m\u00fcrl\u00fc olmalar\u0131yla da ekonomik bir yat\u0131r\u0131m sunar. \u0130ster evinizde ister i\u015f yerinizde, <strong data-start=\"5351\" data-end=\"5377\">yang\u0131na dayan\u0131kl\u0131 kap\u0131<\/strong> tercihi, ya\u015fam alanlar\u0131n\u0131zda g\u00fcvenli\u011fi art\u0131r\u0131r.<\/p>\n<\/div>\n<\/div>\n<\/div>\n<\/div>\n<\/div>\n<\/div>\n<\/article>\n<\/div>\n<\/div>\n","protected":false},"excerpt":{"rendered":"<p>Kompozit \u0130\u00e7 Kap\u0131: Yanmaya ve Suya Dayan\u0131kl\u0131 \u00c7\u00f6z\u00fcmler \u0130\u00e7 mekanlarda g\u00fcvenlik ve estetik anlay\u0131\u015f\u0131n\u0131 bir araya getiren kompozit i\u00e7 kap\u0131 se\u00e7enekleri, \u00f6zellikle yang\u0131na ve neme kar\u015f\u0131 dayan\u0131kl\u0131 \u00f6zellikleriyle \u00f6ne \u00e7\u0131kmaktad\u0131r. Bu kap\u0131lar, modern ya\u015fam\u0131n zorluklar\u0131na kar\u015f\u0131 dayan\u0131kl\u0131 olmalar\u0131 ve uzun \u00f6m\u00fcrl\u00fc olmalar\u0131 sayesinde, evlerde ve i\u015f yerlerinde g\u00fcvenli\u011fi art\u0131ran en ideal tercihlerden biridir. Peki, yanmaya<\/p>\n","protected":false},"featured_media":9345,"template":"","meta":{"_bbp_topic_count":0,"_bbp_reply_count":0,"_bbp_total_topic_count":0,"_bbp_total_reply_count":0,"_bbp_voice_count":0,"_bbp_anonymous_reply_count":0,"_bbp_topic_count_hidden":0,"_bbp_reply_count_hidden":0,"_bbp_forum_subforum_count":0},"product_brand":[],"product_cat":[924],"product_tag":[],"class_list":{"0":"post-9344","1":"product","2":"type-product","3":"status-publish","4":"has-post-thumbnail","6":"product_cat-924","8":"first","9":"instock","10":"shipping-taxable","11":"product-type-simple","12":"prodpage-classic"},"yoast_head":"<!-- This site is optimized with the Yoast SEO Premium plugin v26.6 (Yoast SEO v27.4) - https:\/\/yoast.com\/product\/yoast-seo-premium-wordpress\/ -->\n<title>Kompozit \u0130\u00e7 Kap\u0131 - \u0130\u00e7 Oda Kap\u0131lar\u0131 - \u00c7elik kap\u0131 modelleri - apartman kap\u0131lar\u0131<\/title>\n<meta name=\"robots\" content=\"index, follow, max-snippet:-1, max-image-preview:large, max-video-preview:-1\" \/>\n<link rel=\"canonical\" href=\"https:\/\/www.kapi.ltd\/bg\/urun\/kompozit-ic-kapi\/\" \/>\n<meta property=\"og:locale\" content=\"bg_BG\" \/>\n<meta property=\"og:type\" content=\"article\" \/>\n<meta property=\"og:title\" content=\"Kompozit \u0130\u00e7 Kap\u0131\" \/>\n<meta property=\"og:description\" content=\"Kompozit \u0130\u00e7 Kap\u0131: Yanmaya ve Suya Dayan\u0131kl\u0131 \u00c7\u00f6z\u00fcmler \u0130\u00e7 mekanlarda g\u00fcvenlik ve estetik anlay\u0131\u015f\u0131n\u0131 bir araya getiren kompozit i\u00e7 kap\u0131 se\u00e7enekleri, \u00f6zellikle yang\u0131na ve neme kar\u015f\u0131 dayan\u0131kl\u0131 \u00f6zellikleriyle \u00f6ne \u00e7\u0131kmaktad\u0131r. Bu kap\u0131lar, modern ya\u015fam\u0131n zorluklar\u0131na kar\u015f\u0131 dayan\u0131kl\u0131 olmalar\u0131 ve uzun \u00f6m\u00fcrl\u00fc olmalar\u0131 sayesinde, evlerde ve i\u015f yerlerinde g\u00fcvenli\u011fi art\u0131ran en ideal tercihlerden biridir. Peki, yanmaya\" \/>\n<meta property=\"og:url\" content=\"https:\/\/www.kapi.ltd\/bg\/urun\/kompozit-ic-kapi\/\" \/>\n<meta property=\"og:site_name\" content=\"\u0130\u00e7 Oda Kap\u0131lar\u0131 - \u00c7elik kap\u0131 modelleri - apartman kap\u0131lar\u0131\" \/>\n<meta property=\"article:modified_time\" content=\"2026-02-22T17:34:20+00:00\" \/>\n<meta name=\"twitter:card\" content=\"summary_large_image\" \/>\n<meta name=\"twitter:label1\" content=\"Est. reading time\" \/>\n\t<meta name=\"twitter:data1\" content=\"5 \u043c\u0438\u043d\u0443\u0442\u0438\" \/>\n<script type=\"application\/ld+json\" class=\"yoast-schema-graph\">{\"@context\":\"https:\\\/\\\/schema.org\",\"@graph\":[{\"@type\":\"WebPage\",\"@id\":\"https:\\\/\\\/www.kapi.ltd\\\/bg\\\/urun\\\/kompozit-ic-kapi\\\/\",\"url\":\"https:\\\/\\\/www.kapi.ltd\\\/bg\\\/urun\\\/kompozit-ic-kapi\\\/\",\"name\":\"Kompozit \u0130\u00e7 Kap\u0131 - \u0130\u00e7 Oda Kap\u0131lar\u0131 - \u00c7elik kap\u0131 modelleri - apartman kap\u0131lar\u0131\",\"isPartOf\":{\"@id\":\"https:\\\/\\\/www.kapi.ltd\\\/bg\\\/#website\"},\"primaryImageOfPage\":{\"@id\":\"https:\\\/\\\/www.kapi.ltd\\\/bg\\\/urun\\\/kompozit-ic-kapi\\\/#primaryimage\"},\"image\":{\"@id\":\"https:\\\/\\\/www.kapi.ltd\\\/bg\\\/urun\\\/kompozit-ic-kapi\\\/#primaryimage\"},\"thumbnailUrl\":\"https:\\\/\\\/www.kapi.ltd\\\/wp-content\\\/uploads\\\/2026\\\/02\\\/kompozit-ic-kapi.webp\",\"datePublished\":\"2026-02-22T06:36:08+00:00\",\"dateModified\":\"2026-02-22T17:34:20+00:00\",\"breadcrumb\":{\"@id\":\"https:\\\/\\\/www.kapi.ltd\\\/bg\\\/urun\\\/kompozit-ic-kapi\\\/#breadcrumb\"},\"inLanguage\":\"bg-BG\",\"potentialAction\":[{\"@type\":\"ReadAction\",\"target\":[\"https:\\\/\\\/www.kapi.ltd\\\/bg\\\/urun\\\/kompozit-ic-kapi\\\/\"]}]},{\"@type\":\"ImageObject\",\"inLanguage\":\"bg-BG\",\"@id\":\"https:\\\/\\\/www.kapi.ltd\\\/bg\\\/urun\\\/kompozit-ic-kapi\\\/#primaryimage\",\"url\":\"https:\\\/\\\/www.kapi.ltd\\\/wp-content\\\/uploads\\\/2026\\\/02\\\/kompozit-ic-kapi.webp\",\"contentUrl\":\"https:\\\/\\\/www.kapi.ltd\\\/wp-content\\\/uploads\\\/2026\\\/02\\\/kompozit-ic-kapi.webp\",\"width\":500,\"height\":750,\"caption\":\"kompozit i\u00e7 kap\u0131\"},{\"@type\":\"BreadcrumbList\",\"@id\":\"https:\\\/\\\/www.kapi.ltd\\\/bg\\\/urun\\\/kompozit-ic-kapi\\\/#breadcrumb\",\"itemListElement\":[{\"@type\":\"ListItem\",\"position\":1,\"name\":\"Anasayfa\",\"item\":\"https:\\\/\\\/www.kapi.ltd\\\/bg\\\/\"},{\"@type\":\"ListItem\",\"position\":2,\"name\":\"ic-kapi-celik-kapi-modelleri\",\"item\":\"https:\\\/\\\/www.kapi.ltd\\\/?page_id=4263\"},{\"@type\":\"ListItem\",\"position\":3,\"name\":\"Kompozit \u0130\u00e7 Kap\u0131\"}]},{\"@type\":\"WebSite\",\"@id\":\"https:\\\/\\\/www.kapi.ltd\\\/bg\\\/#website\",\"url\":\"https:\\\/\\\/www.kapi.ltd\\\/bg\\\/\",\"name\":\"\u0130\u00e7 Kap\u0131 Ve \u00c7elik Kap\u0131 Modelleri\",\"description\":\"T\u00fcrkiye Kap\u0131 Modelleri Merkezi\",\"potentialAction\":[{\"@type\":\"SearchAction\",\"target\":{\"@type\":\"EntryPoint\",\"urlTemplate\":\"https:\\\/\\\/www.kapi.ltd\\\/bg\\\/?s={search_term_string}\"},\"query-input\":{\"@type\":\"PropertyValueSpecification\",\"valueRequired\":true,\"valueName\":\"search_term_string\"}}],\"inLanguage\":\"bg-BG\"}]}<\/script>\n<!-- \/ Yoast SEO Premium plugin. -->","yoast_head_json":{"title":"Kompozit \u0130\u00e7 Kap\u0131 - \u0130\u00e7 Oda Kap\u0131lar\u0131 - \u00c7elik kap\u0131 modelleri - apartman kap\u0131lar\u0131","robots":{"index":"index","follow":"follow","max-snippet":"max-snippet:-1","max-image-preview":"max-image-preview:large","max-video-preview":"max-video-preview:-1"},"canonical":"https:\/\/www.kapi.ltd\/bg\/urun\/kompozit-ic-kapi\/","og_locale":"bg_BG","og_type":"article","og_title":"Kompozit \u0130\u00e7 Kap\u0131","og_description":"Kompozit \u0130\u00e7 Kap\u0131: Yanmaya ve Suya Dayan\u0131kl\u0131 \u00c7\u00f6z\u00fcmler \u0130\u00e7 mekanlarda g\u00fcvenlik ve estetik anlay\u0131\u015f\u0131n\u0131 bir araya getiren kompozit i\u00e7 kap\u0131 se\u00e7enekleri, \u00f6zellikle yang\u0131na ve neme kar\u015f\u0131 dayan\u0131kl\u0131 \u00f6zellikleriyle \u00f6ne \u00e7\u0131kmaktad\u0131r. Bu kap\u0131lar, modern ya\u015fam\u0131n zorluklar\u0131na kar\u015f\u0131 dayan\u0131kl\u0131 olmalar\u0131 ve uzun \u00f6m\u00fcrl\u00fc olmalar\u0131 sayesinde, evlerde ve i\u015f yerlerinde g\u00fcvenli\u011fi art\u0131ran en ideal tercihlerden biridir. Peki, yanmaya","og_url":"https:\/\/www.kapi.ltd\/bg\/urun\/kompozit-ic-kapi\/","og_site_name":"\u0130\u00e7 Oda Kap\u0131lar\u0131 - \u00c7elik kap\u0131 modelleri - apartman kap\u0131lar\u0131","article_modified_time":"2026-02-22T17:34:20+00:00","twitter_card":"summary_large_image","twitter_misc":{"Est. reading time":"5 \u043c\u0438\u043d\u0443\u0442\u0438"},"schema":{"@context":"https:\/\/schema.org","@graph":[{"@type":"WebPage","@id":"https:\/\/www.kapi.ltd\/bg\/urun\/kompozit-ic-kapi\/","url":"https:\/\/www.kapi.ltd\/bg\/urun\/kompozit-ic-kapi\/","name":"Kompozit \u0130\u00e7 Kap\u0131 - \u0130\u00e7 Oda Kap\u0131lar\u0131 - \u00c7elik kap\u0131 modelleri - apartman kap\u0131lar\u0131","isPartOf":{"@id":"https:\/\/www.kapi.ltd\/bg\/#website"},"primaryImageOfPage":{"@id":"https:\/\/www.kapi.ltd\/bg\/urun\/kompozit-ic-kapi\/#primaryimage"},"image":{"@id":"https:\/\/www.kapi.ltd\/bg\/urun\/kompozit-ic-kapi\/#primaryimage"},"thumbnailUrl":"https:\/\/www.kapi.ltd\/wp-content\/uploads\/2026\/02\/kompozit-ic-kapi.webp","datePublished":"2026-02-22T06:36:08+00:00","dateModified":"2026-02-22T17:34:20+00:00","breadcrumb":{"@id":"https:\/\/www.kapi.ltd\/bg\/urun\/kompozit-ic-kapi\/#breadcrumb"},"inLanguage":"bg-BG","potentialAction":[{"@type":"ReadAction","target":["https:\/\/www.kapi.ltd\/bg\/urun\/kompozit-ic-kapi\/"]}]},{"@type":"ImageObject","inLanguage":"bg-BG","@id":"https:\/\/www.kapi.ltd\/bg\/urun\/kompozit-ic-kapi\/#primaryimage","url":"https:\/\/www.kapi.ltd\/wp-content\/uploads\/2026\/02\/kompozit-ic-kapi.webp","contentUrl":"https:\/\/www.kapi.ltd\/wp-content\/uploads\/2026\/02\/kompozit-ic-kapi.webp","width":500,"height":750,"caption":"kompozit i\u00e7 kap\u0131"},{"@type":"BreadcrumbList","@id":"https:\/\/www.kapi.ltd\/bg\/urun\/kompozit-ic-kapi\/#breadcrumb","itemListElement":[{"@type":"ListItem","position":1,"name":"Anasayfa","item":"https:\/\/www.kapi.ltd\/bg\/"},{"@type":"ListItem","position":2,"name":"ic-kapi-celik-kapi-modelleri","item":"https:\/\/www.kapi.ltd\/?page_id=4263"},{"@type":"ListItem","position":3,"name":"Kompozit \u0130\u00e7 Kap\u0131"}]},{"@type":"WebSite","@id":"https:\/\/www.kapi.ltd\/bg\/#website","url":"https:\/\/www.kapi.ltd\/bg\/","name":"\u0130\u00e7 Kap\u0131 Ve \u00c7elik Kap\u0131 Modelleri","description":"T\u00fcrkiye Kap\u0131 Modelleri Merkezi","potentialAction":[{"@type":"SearchAction","target":{"@type":"EntryPoint","urlTemplate":"https:\/\/www.kapi.ltd\/bg\/?s={search_term_string}"},"query-input":{"@type":"PropertyValueSpecification","valueRequired":true,"valueName":"search_term_string"}}],"inLanguage":"bg-BG"}]}},"_links":{"self":[{"href":"https:\/\/www.kapi.ltd\/bg\/wp-json\/wp\/v2\/product\/9344","targetHints":{"allow":["GET"]}}],"collection":[{"href":"https:\/\/www.kapi.ltd\/bg\/wp-json\/wp\/v2\/product"}],"about":[{"href":"https:\/\/www.kapi.ltd\/bg\/wp-json\/wp\/v2\/types\/product"}],"version-history":[{"count":0,"href":"https:\/\/www.kapi.ltd\/bg\/wp-json\/wp\/v2\/product\/9344\/revisions"}],"wp:featuredmedia":[{"embeddable":true,"href":"https:\/\/www.kapi.ltd\/bg\/wp-json\/wp\/v2\/media\/9345"}],"wp:attachment":[{"href":"https:\/\/www.kapi.ltd\/bg\/wp-json\/wp\/v2\/media?parent=9344"}],"wp:term":[{"taxonomy":"product_brand","embeddable":true,"href":"https:\/\/www.kapi.ltd\/bg\/wp-json\/wp\/v2\/product_brand?post=9344"},{"taxonomy":"product_cat","embeddable":true,"href":"https:\/\/www.kapi.ltd\/bg\/wp-json\/wp\/v2\/product_cat?post=9344"},{"taxonomy":"product_tag","embeddable":true,"href":"https:\/\/www.kapi.ltd\/bg\/wp-json\/wp\/v2\/product_tag?post=9344"}],"curies":[{"name":"wp","href":"https:\/\/api.w.org\/{rel}","templated":true}]}}