{"id":8150,"date":"2025-10-05T06:00:27","date_gmt":"2025-10-05T06:00:27","guid":{"rendered":"https:\/\/www.kapi.ltd\/urun\/luks-ic-kapi-modelleri-2\/"},"modified":"2025-10-05T06:00:27","modified_gmt":"2025-10-05T06:00:27","slug":"luks-ic-kapi-modelleri-2","status":"publish","type":"product","link":"https:\/\/www.kapi.ltd\/bg\/urun\/luks-ic-kapi-modelleri-2\/","title":{"rendered":"L\u00fcks \u0130\u00e7 Kap\u0131 Modelleri"},"content":{"rendered":"<p data-start=\"22\" data-end=\"499\">L\u00fcks i\u00e7 kap\u0131 modelleri, i\u00e7 mekanlar\u0131n\u0131z\u0131 modern ve zarif bir \u015fekilde tamamlamak i\u00e7in m\u00fckemmel bir tercihtir. Y\u00fcksek kaliteli malzemelerle \u00fcretilen l\u00fcks oda kap\u0131lar\u0131, estetik a\u00e7\u0131dan \u015f\u0131kl\u0131\u011f\u0131 ve fonksiyonellik a\u00e7\u0131s\u0131ndan dayan\u0131kl\u0131l\u0131\u011f\u0131 bir arada sunar. Bu kap\u0131lar, her t\u00fcr i\u00e7 mekan tasar\u0131m\u0131na uyum sa\u011flamak i\u00e7in farkl\u0131 renk, doku ve tasar\u0131m se\u00e7enekleriyle \u00fcretilir. L\u00fcks i\u00e7 kap\u0131lar, \u00f6zellikle geni\u015f ve ayd\u0131nl\u0131k mekanlarda daha etkileyici bir g\u00f6r\u00fcn\u00fcm sa\u011flar ve evinize prestij katar.<\/p>\n<p data-start=\"501\" data-end=\"1045\">Oda kap\u0131 modelleri, \u015f\u0131kl\u0131\u011f\u0131 ve i\u015flevselli\u011fi birle\u015ftirerek her tarzda dekorasyona uyum sa\u011flar. Modern, klasik, minimalist veya geleneksel tarzdaki i\u00e7 mekanlarla m\u00fckemmel uyum g\u00f6steren l\u00fcks i\u00e7 kap\u0131lar, zarif \u00e7izgileri ve kaliteli i\u015f\u00e7ilikleri ile \u00f6ne \u00e7\u0131kar. Ayn\u0131 zamanda, g\u00fcvenlik ve uzun \u00f6m\u00fcrl\u00fc kullan\u0131m \u00f6zellikleriyle de tercih edilir. L\u00fcks oda kap\u0131lar\u0131, yaln\u0131zca estetik a\u00e7\u0131dan de\u011fil, ayn\u0131 zamanda sa\u011flaml\u0131k a\u00e7\u0131s\u0131ndan da m\u00fckemmel bir se\u00e7enek sunar. Kullan\u0131c\u0131 dostu \u00f6zellikleri ve dayan\u0131kl\u0131 yap\u0131lar\u0131 sayesinde, y\u0131llarca sorunsuz kullan\u0131m sa\u011flar.<\/p>\n<p data-start=\"1047\" data-end=\"1507\">L\u00fcks i\u00e7 kap\u0131lar, her odan\u0131n havas\u0131n\u0131 de\u011fi\u015ftirebilir ve mek\u00e2n\u0131n genel \u015f\u0131kl\u0131\u011f\u0131n\u0131 art\u0131r\u0131r. Caml\u0131 oda kap\u0131lar\u0131, i\u00e7 mekanlarda do\u011fal \u0131\u015f\u0131\u011f\u0131n ge\u00e7i\u015fini sa\u011flar ve mekan\u0131n daha geni\u015f ve ferah g\u00f6r\u00fcnmesini sa\u011flar. Ayn\u0131 zamanda, oda kap\u0131 modelleri caml\u0131 se\u00e7eneklerle mahremiyetinizi de korur, estetik bir g\u00f6r\u00fcn\u00fcm sunar. L\u00fcks i\u00e7 kap\u0131lar, sadece evlerde de\u011fil, ofislerde de kullan\u0131lmak i\u00e7in idealdir. Geni\u015f model yelpazesi, her ihtimale ve dekorasyona uygun se\u00e7enekler sunar.<\/p>\n","protected":false},"excerpt":{"rendered":"<p>Model Ad\u0131:<\/p>\n","protected":false},"featured_media":8151,"template":"","meta":{"_bbp_topic_count":0,"_bbp_reply_count":0,"_bbp_total_topic_count":0,"_bbp_total_reply_count":0,"_bbp_voice_count":0,"_bbp_anonymous_reply_count":0,"_bbp_topic_count_hidden":0,"_bbp_reply_count_hidden":0,"_bbp_forum_subforum_count":0},"product_brand":[],"product_cat":[916,788],"product_tag":[],"class_list":{"0":"post-8150","1":"product","2":"type-product","3":"status-publish","4":"has-post-thumbnail","6":"product_cat-pvc--","7":"product_cat-788","9":"first","10":"instock","11":"shipping-taxable","12":"product-type-simple","13":"prodpage-classic"},"yoast_head":"<!-- This site is optimized with the Yoast SEO Premium plugin v26.6 (Yoast SEO v27.3) - https:\/\/yoast.com\/product\/yoast-seo-premium-wordpress\/ -->\n<title>L\u00fcks \u0130\u00e7 Kap\u0131 Modelleri - \u0130\u00e7 Oda Kap\u0131lar\u0131 - \u00c7elik kap\u0131 modelleri - apartman kap\u0131lar\u0131<\/title>\n<meta name=\"robots\" content=\"index, follow, max-snippet:-1, max-image-preview:large, max-video-preview:-1\" \/>\n<link rel=\"canonical\" href=\"https:\/\/www.kapi.ltd\/bg\/urun\/luks-ic-kapi-modelleri-2\/\" \/>\n<meta property=\"og:locale\" content=\"bg_BG\" \/>\n<meta property=\"og:type\" content=\"article\" \/>\n<meta property=\"og:title\" content=\"L\u00fcks \u0130\u00e7 Kap\u0131 Modelleri\" \/>\n<meta property=\"og:description\" content=\"Model Ad\u0131:\" \/>\n<meta property=\"og:url\" content=\"https:\/\/www.kapi.ltd\/bg\/urun\/luks-ic-kapi-modelleri-2\/\" \/>\n<meta property=\"og:site_name\" content=\"\u0130\u00e7 Oda Kap\u0131lar\u0131 - \u00c7elik kap\u0131 modelleri - apartman kap\u0131lar\u0131\" \/>\n<meta property=\"og:image\" content=\"https:\/\/www.kapi.ltd\/wp-content\/uploads\/2025\/10\/luks-ic-kapi-modelleri-2.webp\" \/>\n\t<meta property=\"og:image:width\" content=\"650\" \/>\n\t<meta property=\"og:image:height\" content=\"975\" \/>\n\t<meta property=\"og:image:type\" content=\"image\/webp\" \/>\n<meta name=\"twitter:card\" content=\"summary_large_image\" \/>\n<meta name=\"twitter:label1\" content=\"Est. reading time\" \/>\n\t<meta name=\"twitter:data1\" content=\"1 \u043c\u0438\u043d\u0443\u0442\u0430\" \/>\n<script type=\"application\/ld+json\" class=\"yoast-schema-graph\">{\"@context\":\"https:\\\/\\\/schema.org\",\"@graph\":[{\"@type\":\"WebPage\",\"@id\":\"https:\\\/\\\/www.kapi.ltd\\\/bg\\\/urun\\\/luks-ic-kapi-modelleri-2\\\/\",\"url\":\"https:\\\/\\\/www.kapi.ltd\\\/bg\\\/urun\\\/luks-ic-kapi-modelleri-2\\\/\",\"name\":\"L\u00fcks \u0130\u00e7 Kap\u0131 Modelleri - \u0130\u00e7 Oda Kap\u0131lar\u0131 - \u00c7elik kap\u0131 modelleri - apartman kap\u0131lar\u0131\",\"isPartOf\":{\"@id\":\"https:\\\/\\\/www.kapi.ltd\\\/bg\\\/#website\"},\"primaryImageOfPage\":{\"@id\":\"https:\\\/\\\/www.kapi.ltd\\\/bg\\\/urun\\\/luks-ic-kapi-modelleri-2\\\/#primaryimage\"},\"image\":{\"@id\":\"https:\\\/\\\/www.kapi.ltd\\\/bg\\\/urun\\\/luks-ic-kapi-modelleri-2\\\/#primaryimage\"},\"thumbnailUrl\":\"https:\\\/\\\/www.kapi.ltd\\\/wp-content\\\/uploads\\\/2025\\\/10\\\/luks-ic-kapi-modelleri-2.webp\",\"datePublished\":\"2025-10-05T06:00:27+00:00\",\"breadcrumb\":{\"@id\":\"https:\\\/\\\/www.kapi.ltd\\\/bg\\\/urun\\\/luks-ic-kapi-modelleri-2\\\/#breadcrumb\"},\"inLanguage\":\"bg-BG\",\"potentialAction\":[{\"@type\":\"ReadAction\",\"target\":[\"https:\\\/\\\/www.kapi.ltd\\\/bg\\\/urun\\\/luks-ic-kapi-modelleri-2\\\/\"]}]},{\"@type\":\"ImageObject\",\"inLanguage\":\"bg-BG\",\"@id\":\"https:\\\/\\\/www.kapi.ltd\\\/bg\\\/urun\\\/luks-ic-kapi-modelleri-2\\\/#primaryimage\",\"url\":\"https:\\\/\\\/www.kapi.ltd\\\/wp-content\\\/uploads\\\/2025\\\/10\\\/luks-ic-kapi-modelleri-2.webp\",\"contentUrl\":\"https:\\\/\\\/www.kapi.ltd\\\/wp-content\\\/uploads\\\/2025\\\/10\\\/luks-ic-kapi-modelleri-2.webp\",\"width\":650,\"height\":975,\"caption\":\"l\u00fcks i\u00e7 kap\u0131 modelleri\"},{\"@type\":\"BreadcrumbList\",\"@id\":\"https:\\\/\\\/www.kapi.ltd\\\/bg\\\/urun\\\/luks-ic-kapi-modelleri-2\\\/#breadcrumb\",\"itemListElement\":[{\"@type\":\"ListItem\",\"position\":1,\"name\":\"Anasayfa\",\"item\":\"https:\\\/\\\/www.kapi.ltd\\\/bg\\\/\"},{\"@type\":\"ListItem\",\"position\":2,\"name\":\"ic-kapi-celik-kapi-modelleri\",\"item\":\"https:\\\/\\\/www.kapi.ltd\\\/?page_id=4263\"},{\"@type\":\"ListItem\",\"position\":3,\"name\":\"L\u00fcks \u0130\u00e7 Kap\u0131 Modelleri\"}]},{\"@type\":\"WebSite\",\"@id\":\"https:\\\/\\\/www.kapi.ltd\\\/bg\\\/#website\",\"url\":\"https:\\\/\\\/www.kapi.ltd\\\/bg\\\/\",\"name\":\"\u0130\u00e7 Kap\u0131 Ve \u00c7elik Kap\u0131 Modelleri\",\"description\":\"T\u00fcrkiye Kap\u0131 Modelleri Merkezi\",\"potentialAction\":[{\"@type\":\"SearchAction\",\"target\":{\"@type\":\"EntryPoint\",\"urlTemplate\":\"https:\\\/\\\/www.kapi.ltd\\\/bg\\\/?s={search_term_string}\"},\"query-input\":{\"@type\":\"PropertyValueSpecification\",\"valueRequired\":true,\"valueName\":\"search_term_string\"}}],\"inLanguage\":\"bg-BG\"}]}<\/script>\n<!-- \/ Yoast SEO Premium plugin. -->","yoast_head_json":{"title":"L\u00fcks \u0130\u00e7 Kap\u0131 Modelleri - \u0130\u00e7 Oda Kap\u0131lar\u0131 - \u00c7elik kap\u0131 modelleri - apartman kap\u0131lar\u0131","robots":{"index":"index","follow":"follow","max-snippet":"max-snippet:-1","max-image-preview":"max-image-preview:large","max-video-preview":"max-video-preview:-1"},"canonical":"https:\/\/www.kapi.ltd\/bg\/urun\/luks-ic-kapi-modelleri-2\/","og_locale":"bg_BG","og_type":"article","og_title":"L\u00fcks \u0130\u00e7 Kap\u0131 Modelleri","og_description":"Model Ad\u0131:","og_url":"https:\/\/www.kapi.ltd\/bg\/urun\/luks-ic-kapi-modelleri-2\/","og_site_name":"\u0130\u00e7 Oda Kap\u0131lar\u0131 - \u00c7elik kap\u0131 modelleri - apartman kap\u0131lar\u0131","og_image":[{"width":650,"height":975,"url":"https:\/\/www.kapi.ltd\/wp-content\/uploads\/2025\/10\/luks-ic-kapi-modelleri-2.webp","type":"image\/webp"}],"twitter_card":"summary_large_image","twitter_misc":{"Est. reading time":"1 \u043c\u0438\u043d\u0443\u0442\u0430"},"schema":{"@context":"https:\/\/schema.org","@graph":[{"@type":"WebPage","@id":"https:\/\/www.kapi.ltd\/bg\/urun\/luks-ic-kapi-modelleri-2\/","url":"https:\/\/www.kapi.ltd\/bg\/urun\/luks-ic-kapi-modelleri-2\/","name":"L\u00fcks \u0130\u00e7 Kap\u0131 Modelleri - \u0130\u00e7 Oda Kap\u0131lar\u0131 - \u00c7elik kap\u0131 modelleri - apartman kap\u0131lar\u0131","isPartOf":{"@id":"https:\/\/www.kapi.ltd\/bg\/#website"},"primaryImageOfPage":{"@id":"https:\/\/www.kapi.ltd\/bg\/urun\/luks-ic-kapi-modelleri-2\/#primaryimage"},"image":{"@id":"https:\/\/www.kapi.ltd\/bg\/urun\/luks-ic-kapi-modelleri-2\/#primaryimage"},"thumbnailUrl":"https:\/\/www.kapi.ltd\/wp-content\/uploads\/2025\/10\/luks-ic-kapi-modelleri-2.webp","datePublished":"2025-10-05T06:00:27+00:00","breadcrumb":{"@id":"https:\/\/www.kapi.ltd\/bg\/urun\/luks-ic-kapi-modelleri-2\/#breadcrumb"},"inLanguage":"bg-BG","potentialAction":[{"@type":"ReadAction","target":["https:\/\/www.kapi.ltd\/bg\/urun\/luks-ic-kapi-modelleri-2\/"]}]},{"@type":"ImageObject","inLanguage":"bg-BG","@id":"https:\/\/www.kapi.ltd\/bg\/urun\/luks-ic-kapi-modelleri-2\/#primaryimage","url":"https:\/\/www.kapi.ltd\/wp-content\/uploads\/2025\/10\/luks-ic-kapi-modelleri-2.webp","contentUrl":"https:\/\/www.kapi.ltd\/wp-content\/uploads\/2025\/10\/luks-ic-kapi-modelleri-2.webp","width":650,"height":975,"caption":"l\u00fcks i\u00e7 kap\u0131 modelleri"},{"@type":"BreadcrumbList","@id":"https:\/\/www.kapi.ltd\/bg\/urun\/luks-ic-kapi-modelleri-2\/#breadcrumb","itemListElement":[{"@type":"ListItem","position":1,"name":"Anasayfa","item":"https:\/\/www.kapi.ltd\/bg\/"},{"@type":"ListItem","position":2,"name":"ic-kapi-celik-kapi-modelleri","item":"https:\/\/www.kapi.ltd\/?page_id=4263"},{"@type":"ListItem","position":3,"name":"L\u00fcks \u0130\u00e7 Kap\u0131 Modelleri"}]},{"@type":"WebSite","@id":"https:\/\/www.kapi.ltd\/bg\/#website","url":"https:\/\/www.kapi.ltd\/bg\/","name":"\u0130\u00e7 Kap\u0131 Ve \u00c7elik Kap\u0131 Modelleri","description":"T\u00fcrkiye Kap\u0131 Modelleri Merkezi","potentialAction":[{"@type":"SearchAction","target":{"@type":"EntryPoint","urlTemplate":"https:\/\/www.kapi.ltd\/bg\/?s={search_term_string}"},"query-input":{"@type":"PropertyValueSpecification","valueRequired":true,"valueName":"search_term_string"}}],"inLanguage":"bg-BG"}]}},"_links":{"self":[{"href":"https:\/\/www.kapi.ltd\/bg\/wp-json\/wp\/v2\/product\/8150","targetHints":{"allow":["GET"]}}],"collection":[{"href":"https:\/\/www.kapi.ltd\/bg\/wp-json\/wp\/v2\/product"}],"about":[{"href":"https:\/\/www.kapi.ltd\/bg\/wp-json\/wp\/v2\/types\/product"}],"version-history":[{"count":0,"href":"https:\/\/www.kapi.ltd\/bg\/wp-json\/wp\/v2\/product\/8150\/revisions"}],"wp:featuredmedia":[{"embeddable":true,"href":"https:\/\/www.kapi.ltd\/bg\/wp-json\/wp\/v2\/media\/8151"}],"wp:attachment":[{"href":"https:\/\/www.kapi.ltd\/bg\/wp-json\/wp\/v2\/media?parent=8150"}],"wp:term":[{"taxonomy":"product_brand","embeddable":true,"href":"https:\/\/www.kapi.ltd\/bg\/wp-json\/wp\/v2\/product_brand?post=8150"},{"taxonomy":"product_cat","embeddable":true,"href":"https:\/\/www.kapi.ltd\/bg\/wp-json\/wp\/v2\/product_cat?post=8150"},{"taxonomy":"product_tag","embeddable":true,"href":"https:\/\/www.kapi.ltd\/bg\/wp-json\/wp\/v2\/product_tag?post=8150"}],"curies":[{"name":"wp","href":"https:\/\/api.w.org\/{rel}","templated":true}]}}