{"id":7708,"date":"2025-11-28T21:07:11","date_gmt":"2025-11-28T18:07:11","guid":{"rendered":"https:\/\/www.kapi.ltd\/urun\/kompozit-giris-kapisi\/"},"modified":"2025-11-29T19:56:23","modified_gmt":"2025-11-29T16:56:23","slug":"%d0%ba%d0%be%d0%bc%d0%bf%d0%be%d0%b7%d0%b8%d1%82%d0%bd%d0%b0-%d0%b2%d1%85%d0%be%d0%b4%d0%bd%d0%b0-%d0%b2%d1%80%d0%b0%d1%82%d0%b0","status":"publish","type":"product","link":"https:\/\/www.kapi.ltd\/bg\/urun\/%d0%ba%d0%be%d0%bc%d0%bf%d0%be%d0%b7%d0%b8%d1%82%d0%bd%d0%b0-%d0%b2%d1%85%d0%be%d0%b4%d0%bd%d0%b0-%d0%b2%d1%80%d0%b0%d1%82%d0%b0\/","title":{"rendered":"\u041a\u043e\u043c\u043f\u043e\u0437\u0438\u0442\u043d\u0430 \u0432\u0445\u043e\u0434\u043d\u0430 \u0432\u0440\u0430\u0442\u0430"},"content":{"rendered":"","protected":false},"excerpt":{"rendered":"","protected":false},"featured_media":7709,"template":"","meta":{"_bbp_topic_count":0,"_bbp_reply_count":0,"_bbp_total_topic_count":0,"_bbp_total_reply_count":0,"_bbp_voice_count":0,"_bbp_anonymous_reply_count":0,"_bbp_topic_count_hidden":0,"_bbp_reply_count_hidden":0,"_bbp_forum_subforum_count":0},"product_brand":[],"product_cat":[1051],"product_tag":[1070],"class_list":{"0":"post-7708","1":"product","2":"type-product","3":"status-publish","4":"has-post-thumbnail","6":"product_cat-1051","7":"product_tag-kompozit-giris-kapilari","9":"first","10":"instock","11":"shipping-taxable","12":"product-type-simple","13":"prodpage-classic"},"yoast_head":"<!-- This site is optimized with the Yoast SEO Premium plugin v26.6 (Yoast SEO v27.4) - https:\/\/yoast.com\/product\/yoast-seo-premium-wordpress\/ -->\n<title>- \u043a\u043e\u043c\u043f\u043e\u0437\u0438\u0442\u043d\u0430 \u0432\u0445\u043e\u0434\u043d\u0430 \u0432\u0440\u0430\u0442\u0430- \u0432\u044a\u043d\u0448\u043d\u0430 \u0441\u0442\u043e\u043c\u0430\u043d\u0435\u043d\u0430 \u0432\u0440\u0430\u0442\u0430 \u0441\u044a\u0441 \u0441\u0442\u044a\u043a\u043b\u043e<\/title>\n<meta name=\"description\" content=\"\u0423\u0432\u0435\u043b\u0438\u0447\u0435\u0442\u0435 \u0441\u0438\u0433\u0443\u0440\u043d\u043e\u0441\u0442\u0442\u0430 \u043d\u0430 \u0432\u0445\u043e\u0434\u0430 \u043d\u0430 \u0430\u043f\u0430\u0440\u0442\u0430\u043c\u0435\u043d\u0442\u0430 \u0441\u0438 \u0441 \u0447\u0435\u0440\u043d\u0438 \u0441\u0442\u043e\u043c\u0430\u043d\u0435\u043d\u0438 \u0432\u0440\u0430\u0442\u0438, \u043e\u0441\u0442\u044a\u043a\u043b\u0435\u043d\u0438 \u0441\u0442\u043e\u043c\u0430\u043d\u0435\u043d\u0438 \u0432\u0440\u0430\u0442\u0438 \u0438 \u043e\u0441\u0442\u044a\u043a\u043b\u0435\u043d\u0438 \u0432\u044a\u043d\u0448\u043d\u0438 \u0441\u0442\u043e\u043c\u0430\u043d\u0435\u043d\u0438 \u0432\u0440\u0430\u0442\u0438. \u041f\u0435\u0440\u0444\u0435\u043a\u0442\u043d\u0438 \u0440\u0435\u0448\u0435\u043d\u0438\u044f \u0441 \u043c\u043e\u0434\u0435\u0440\u043d\u0438 \u0444\u0443\u043d\u043a\u0446\u0438\u0438 \u0437\u0430 \u0441\u0438\u0433\u0443\u0440\u043d\u043e\u0441\u0442.\" \/>\n<meta name=\"robots\" content=\"index, follow, max-snippet:-1, max-image-preview:large, max-video-preview:-1\" \/>\n<link rel=\"canonical\" href=\"https:\/\/www.kapi.ltd\/bg\/urun\/%d0%ba%d0%be%d0%bc%d0%bf%d0%be%d0%b7%d0%b8%d1%82%d0%bd%d0%b0-%d0%b2%d1%85%d0%be%d0%b4%d0%bd%d0%b0-%d0%b2%d1%80%d0%b0%d1%82%d0%b0\/\" \/>\n<meta property=\"og:locale\" content=\"bg_BG\" \/>\n<meta property=\"og:type\" content=\"article\" \/>\n<meta property=\"og:title\" content=\"\u041a\u043e\u043c\u043f\u043e\u0437\u0438\u0442\u043d\u0430 \u0432\u0445\u043e\u0434\u043d\u0430 \u0432\u0440\u0430\u0442\u0430\" \/>\n<meta property=\"og:description\" content=\"\u0423\u0432\u0435\u043b\u0438\u0447\u0435\u0442\u0435 \u0441\u0438\u0433\u0443\u0440\u043d\u043e\u0441\u0442\u0442\u0430 \u043d\u0430 \u0432\u0445\u043e\u0434\u0430 \u043d\u0430 \u0430\u043f\u0430\u0440\u0442\u0430\u043c\u0435\u043d\u0442\u0430 \u0441\u0438 \u0441 \u0447\u0435\u0440\u043d\u0438 \u0441\u0442\u043e\u043c\u0430\u043d\u0435\u043d\u0438 \u0432\u0440\u0430\u0442\u0438, \u043e\u0441\u0442\u044a\u043a\u043b\u0435\u043d\u0438 \u0441\u0442\u043e\u043c\u0430\u043d\u0435\u043d\u0438 \u0432\u0440\u0430\u0442\u0438 \u0438 \u043e\u0441\u0442\u044a\u043a\u043b\u0435\u043d\u0438 \u0432\u044a\u043d\u0448\u043d\u0438 \u0441\u0442\u043e\u043c\u0430\u043d\u0435\u043d\u0438 \u0432\u0440\u0430\u0442\u0438. \u041f\u0435\u0440\u0444\u0435\u043a\u0442\u043d\u0438 \u0440\u0435\u0448\u0435\u043d\u0438\u044f \u0441 \u043c\u043e\u0434\u0435\u0440\u043d\u0438 \u0444\u0443\u043d\u043a\u0446\u0438\u0438 \u0437\u0430 \u0441\u0438\u0433\u0443\u0440\u043d\u043e\u0441\u0442.\" \/>\n<meta property=\"og:url\" content=\"https:\/\/www.kapi.ltd\/bg\/urun\/%d0%ba%d0%be%d0%bc%d0%bf%d0%be%d0%b7%d0%b8%d1%82%d0%bd%d0%b0-%d0%b2%d1%85%d0%be%d0%b4%d0%bd%d0%b0-%d0%b2%d1%80%d0%b0%d1%82%d0%b0\/\" \/>\n<meta property=\"og:site_name\" content=\"\u0130\u00e7 Oda Kap\u0131lar\u0131 - \u00c7elik kap\u0131 modelleri - apartman kap\u0131lar\u0131\" \/>\n<meta property=\"article:modified_time\" content=\"2025-11-29T16:56:23+00:00\" \/>\n<meta property=\"og:image\" content=\"https:\/\/www.kapi.ltd\/wp-content\/uploads\/2025\/11\/kompozit-giris-kapisi.webp\" \/>\n\t<meta property=\"og:image:width\" content=\"650\" \/>\n\t<meta property=\"og:image:height\" content=\"975\" \/>\n\t<meta property=\"og:image:type\" content=\"image\/webp\" \/>\n<meta name=\"twitter:card\" content=\"summary_large_image\" \/>\n<meta name=\"twitter:label1\" content=\"Est. reading time\" \/>\n\t<meta name=\"twitter:data1\" content=\"1 \u043c\u0438\u043d\u0443\u0442\u0430\" \/>\n<script type=\"application\/ld+json\" class=\"yoast-schema-graph\">{\"@context\":\"https:\\\/\\\/schema.org\",\"@graph\":[{\"@type\":\"WebPage\",\"@id\":\"https:\\\/\\\/www.kapi.ltd\\\/bg\\\/urun\\\/%d0%ba%d0%be%d0%bc%d0%bf%d0%be%d0%b7%d0%b8%d1%82%d0%bd%d0%b0-%d0%b2%d1%85%d0%be%d0%b4%d0%bd%d0%b0-%d0%b2%d1%80%d0%b0%d1%82%d0%b0\\\/\",\"url\":\"https:\\\/\\\/www.kapi.ltd\\\/bg\\\/urun\\\/%d0%ba%d0%be%d0%bc%d0%bf%d0%be%d0%b7%d0%b8%d1%82%d0%bd%d0%b0-%d0%b2%d1%85%d0%be%d0%b4%d0%bd%d0%b0-%d0%b2%d1%80%d0%b0%d1%82%d0%b0\\\/\",\"name\":\"- \u043a\u043e\u043c\u043f\u043e\u0437\u0438\u0442\u043d\u0430 \u0432\u0445\u043e\u0434\u043d\u0430 \u0432\u0440\u0430\u0442\u0430- \u0432\u044a\u043d\u0448\u043d\u0430 \u0441\u0442\u043e\u043c\u0430\u043d\u0435\u043d\u0430 \u0432\u0440\u0430\u0442\u0430 \u0441\u044a\u0441 \u0441\u0442\u044a\u043a\u043b\u043e\",\"isPartOf\":{\"@id\":\"https:\\\/\\\/www.kapi.ltd\\\/bg\\\/#website\"},\"primaryImageOfPage\":{\"@id\":\"https:\\\/\\\/www.kapi.ltd\\\/bg\\\/urun\\\/%d0%ba%d0%be%d0%bc%d0%bf%d0%be%d0%b7%d0%b8%d1%82%d0%bd%d0%b0-%d0%b2%d1%85%d0%be%d0%b4%d0%bd%d0%b0-%d0%b2%d1%80%d0%b0%d1%82%d0%b0\\\/#primaryimage\"},\"image\":{\"@id\":\"https:\\\/\\\/www.kapi.ltd\\\/bg\\\/urun\\\/%d0%ba%d0%be%d0%bc%d0%bf%d0%be%d0%b7%d0%b8%d1%82%d0%bd%d0%b0-%d0%b2%d1%85%d0%be%d0%b4%d0%bd%d0%b0-%d0%b2%d1%80%d0%b0%d1%82%d0%b0\\\/#primaryimage\"},\"thumbnailUrl\":\"https:\\\/\\\/www.kapi.ltd\\\/wp-content\\\/uploads\\\/2025\\\/11\\\/kompozit-giris-kapisi.webp\",\"datePublished\":\"2025-11-28T18:07:11+00:00\",\"dateModified\":\"2025-11-29T16:56:23+00:00\",\"description\":\"\u0423\u0432\u0435\u043b\u0438\u0447\u0435\u0442\u0435 \u0441\u0438\u0433\u0443\u0440\u043d\u043e\u0441\u0442\u0442\u0430 \u043d\u0430 \u0432\u0445\u043e\u0434\u0430 \u043d\u0430 \u0430\u043f\u0430\u0440\u0442\u0430\u043c\u0435\u043d\u0442\u0430 \u0441\u0438 \u0441 \u0447\u0435\u0440\u043d\u0438 \u0441\u0442\u043e\u043c\u0430\u043d\u0435\u043d\u0438 \u0432\u0440\u0430\u0442\u0438, \u043e\u0441\u0442\u044a\u043a\u043b\u0435\u043d\u0438 \u0441\u0442\u043e\u043c\u0430\u043d\u0435\u043d\u0438 \u0432\u0440\u0430\u0442\u0438 \u0438 \u043e\u0441\u0442\u044a\u043a\u043b\u0435\u043d\u0438 \u0432\u044a\u043d\u0448\u043d\u0438 \u0441\u0442\u043e\u043c\u0430\u043d\u0435\u043d\u0438 \u0432\u0440\u0430\u0442\u0438. \u041f\u0435\u0440\u0444\u0435\u043a\u0442\u043d\u0438 \u0440\u0435\u0448\u0435\u043d\u0438\u044f \u0441 \u043c\u043e\u0434\u0435\u0440\u043d\u0438 \u0444\u0443\u043d\u043a\u0446\u0438\u0438 \u0437\u0430 \u0441\u0438\u0433\u0443\u0440\u043d\u043e\u0441\u0442.\",\"breadcrumb\":{\"@id\":\"https:\\\/\\\/www.kapi.ltd\\\/bg\\\/urun\\\/%d0%ba%d0%be%d0%bc%d0%bf%d0%be%d0%b7%d0%b8%d1%82%d0%bd%d0%b0-%d0%b2%d1%85%d0%be%d0%b4%d0%bd%d0%b0-%d0%b2%d1%80%d0%b0%d1%82%d0%b0\\\/#breadcrumb\"},\"inLanguage\":\"bg-BG\",\"potentialAction\":[{\"@type\":\"ReadAction\",\"target\":[\"https:\\\/\\\/www.kapi.ltd\\\/bg\\\/urun\\\/%d0%ba%d0%be%d0%bc%d0%bf%d0%be%d0%b7%d0%b8%d1%82%d0%bd%d0%b0-%d0%b2%d1%85%d0%be%d0%b4%d0%bd%d0%b0-%d0%b2%d1%80%d0%b0%d1%82%d0%b0\\\/\"]}]},{\"@type\":\"ImageObject\",\"inLanguage\":\"bg-BG\",\"@id\":\"https:\\\/\\\/www.kapi.ltd\\\/bg\\\/urun\\\/%d0%ba%d0%be%d0%bc%d0%bf%d0%be%d0%b7%d0%b8%d1%82%d0%bd%d0%b0-%d0%b2%d1%85%d0%be%d0%b4%d0%bd%d0%b0-%d0%b2%d1%80%d0%b0%d1%82%d0%b0\\\/#primaryimage\",\"url\":\"https:\\\/\\\/www.kapi.ltd\\\/wp-content\\\/uploads\\\/2025\\\/11\\\/kompozit-giris-kapisi.webp\",\"contentUrl\":\"https:\\\/\\\/www.kapi.ltd\\\/wp-content\\\/uploads\\\/2025\\\/11\\\/kompozit-giris-kapisi.webp\",\"width\":650,\"height\":975,\"caption\":\"kompozit giri\u015f kap\u0131lar\u0131\"},{\"@type\":\"BreadcrumbList\",\"@id\":\"https:\\\/\\\/www.kapi.ltd\\\/bg\\\/urun\\\/%d0%ba%d0%be%d0%bc%d0%bf%d0%be%d0%b7%d0%b8%d1%82%d0%bd%d0%b0-%d0%b2%d1%85%d0%be%d0%b4%d0%bd%d0%b0-%d0%b2%d1%80%d0%b0%d1%82%d0%b0\\\/#breadcrumb\",\"itemListElement\":[{\"@type\":\"ListItem\",\"position\":1,\"name\":\"Anasayfa\",\"item\":\"https:\\\/\\\/www.kapi.ltd\\\/bg\\\/\"},{\"@type\":\"ListItem\",\"position\":2,\"name\":\"ic-kapi-celik-kapi-modelleri\",\"item\":\"https:\\\/\\\/www.kapi.ltd\\\/?page_id=4263\"},{\"@type\":\"ListItem\",\"position\":3,\"name\":\"\u041a\u043e\u043c\u043f\u043e\u0437\u0438\u0442\u043d\u0430 \u0432\u0445\u043e\u0434\u043d\u0430 \u0432\u0440\u0430\u0442\u0430\"}]},{\"@type\":\"WebSite\",\"@id\":\"https:\\\/\\\/www.kapi.ltd\\\/bg\\\/#website\",\"url\":\"https:\\\/\\\/www.kapi.ltd\\\/bg\\\/\",\"name\":\"\u0130\u00e7 Kap\u0131 Ve \u00c7elik Kap\u0131 Modelleri\",\"description\":\"T\u00fcrkiye Kap\u0131 Modelleri Merkezi\",\"potentialAction\":[{\"@type\":\"SearchAction\",\"target\":{\"@type\":\"EntryPoint\",\"urlTemplate\":\"https:\\\/\\\/www.kapi.ltd\\\/bg\\\/?s={search_term_string}\"},\"query-input\":{\"@type\":\"PropertyValueSpecification\",\"valueRequired\":true,\"valueName\":\"search_term_string\"}}],\"inLanguage\":\"bg-BG\"}]}<\/script>\n<!-- \/ Yoast SEO Premium plugin. -->","yoast_head_json":{"title":"- \u043a\u043e\u043c\u043f\u043e\u0437\u0438\u0442\u043d\u0430 \u0432\u0445\u043e\u0434\u043d\u0430 \u0432\u0440\u0430\u0442\u0430- \u0432\u044a\u043d\u0448\u043d\u0430 \u0441\u0442\u043e\u043c\u0430\u043d\u0435\u043d\u0430 \u0432\u0440\u0430\u0442\u0430 \u0441\u044a\u0441 \u0441\u0442\u044a\u043a\u043b\u043e","description":"\u0423\u0432\u0435\u043b\u0438\u0447\u0435\u0442\u0435 \u0441\u0438\u0433\u0443\u0440\u043d\u043e\u0441\u0442\u0442\u0430 \u043d\u0430 \u0432\u0445\u043e\u0434\u0430 \u043d\u0430 \u0430\u043f\u0430\u0440\u0442\u0430\u043c\u0435\u043d\u0442\u0430 \u0441\u0438 \u0441 \u0447\u0435\u0440\u043d\u0438 \u0441\u0442\u043e\u043c\u0430\u043d\u0435\u043d\u0438 \u0432\u0440\u0430\u0442\u0438, \u043e\u0441\u0442\u044a\u043a\u043b\u0435\u043d\u0438 \u0441\u0442\u043e\u043c\u0430\u043d\u0435\u043d\u0438 \u0432\u0440\u0430\u0442\u0438 \u0438 \u043e\u0441\u0442\u044a\u043a\u043b\u0435\u043d\u0438 \u0432\u044a\u043d\u0448\u043d\u0438 \u0441\u0442\u043e\u043c\u0430\u043d\u0435\u043d\u0438 \u0432\u0440\u0430\u0442\u0438. \u041f\u0435\u0440\u0444\u0435\u043a\u0442\u043d\u0438 \u0440\u0435\u0448\u0435\u043d\u0438\u044f \u0441 \u043c\u043e\u0434\u0435\u0440\u043d\u0438 \u0444\u0443\u043d\u043a\u0446\u0438\u0438 \u0437\u0430 \u0441\u0438\u0433\u0443\u0440\u043d\u043e\u0441\u0442.","robots":{"index":"index","follow":"follow","max-snippet":"max-snippet:-1","max-image-preview":"max-image-preview:large","max-video-preview":"max-video-preview:-1"},"canonical":"https:\/\/www.kapi.ltd\/bg\/urun\/%d0%ba%d0%be%d0%bc%d0%bf%d0%be%d0%b7%d0%b8%d1%82%d0%bd%d0%b0-%d0%b2%d1%85%d0%be%d0%b4%d0%bd%d0%b0-%d0%b2%d1%80%d0%b0%d1%82%d0%b0\/","og_locale":"bg_BG","og_type":"article","og_title":"\u041a\u043e\u043c\u043f\u043e\u0437\u0438\u0442\u043d\u0430 \u0432\u0445\u043e\u0434\u043d\u0430 \u0432\u0440\u0430\u0442\u0430","og_description":"\u0423\u0432\u0435\u043b\u0438\u0447\u0435\u0442\u0435 \u0441\u0438\u0433\u0443\u0440\u043d\u043e\u0441\u0442\u0442\u0430 \u043d\u0430 \u0432\u0445\u043e\u0434\u0430 \u043d\u0430 \u0430\u043f\u0430\u0440\u0442\u0430\u043c\u0435\u043d\u0442\u0430 \u0441\u0438 \u0441 \u0447\u0435\u0440\u043d\u0438 \u0441\u0442\u043e\u043c\u0430\u043d\u0435\u043d\u0438 \u0432\u0440\u0430\u0442\u0438, \u043e\u0441\u0442\u044a\u043a\u043b\u0435\u043d\u0438 \u0441\u0442\u043e\u043c\u0430\u043d\u0435\u043d\u0438 \u0432\u0440\u0430\u0442\u0438 \u0438 \u043e\u0441\u0442\u044a\u043a\u043b\u0435\u043d\u0438 \u0432\u044a\u043d\u0448\u043d\u0438 \u0441\u0442\u043e\u043c\u0430\u043d\u0435\u043d\u0438 \u0432\u0440\u0430\u0442\u0438. \u041f\u0435\u0440\u0444\u0435\u043a\u0442\u043d\u0438 \u0440\u0435\u0448\u0435\u043d\u0438\u044f \u0441 \u043c\u043e\u0434\u0435\u0440\u043d\u0438 \u0444\u0443\u043d\u043a\u0446\u0438\u0438 \u0437\u0430 \u0441\u0438\u0433\u0443\u0440\u043d\u043e\u0441\u0442.","og_url":"https:\/\/www.kapi.ltd\/bg\/urun\/%d0%ba%d0%be%d0%bc%d0%bf%d0%be%d0%b7%d0%b8%d1%82%d0%bd%d0%b0-%d0%b2%d1%85%d0%be%d0%b4%d0%bd%d0%b0-%d0%b2%d1%80%d0%b0%d1%82%d0%b0\/","og_site_name":"\u0130\u00e7 Oda Kap\u0131lar\u0131 - \u00c7elik kap\u0131 modelleri - apartman kap\u0131lar\u0131","article_modified_time":"2025-11-29T16:56:23+00:00","og_image":[{"width":650,"height":975,"url":"https:\/\/www.kapi.ltd\/wp-content\/uploads\/2025\/11\/kompozit-giris-kapisi.webp","type":"image\/webp"}],"twitter_card":"summary_large_image","twitter_misc":{"Est. reading time":"1 \u043c\u0438\u043d\u0443\u0442\u0430"},"schema":{"@context":"https:\/\/schema.org","@graph":[{"@type":"WebPage","@id":"https:\/\/www.kapi.ltd\/bg\/urun\/%d0%ba%d0%be%d0%bc%d0%bf%d0%be%d0%b7%d0%b8%d1%82%d0%bd%d0%b0-%d0%b2%d1%85%d0%be%d0%b4%d0%bd%d0%b0-%d0%b2%d1%80%d0%b0%d1%82%d0%b0\/","url":"https:\/\/www.kapi.ltd\/bg\/urun\/%d0%ba%d0%be%d0%bc%d0%bf%d0%be%d0%b7%d0%b8%d1%82%d0%bd%d0%b0-%d0%b2%d1%85%d0%be%d0%b4%d0%bd%d0%b0-%d0%b2%d1%80%d0%b0%d1%82%d0%b0\/","name":"- \u043a\u043e\u043c\u043f\u043e\u0437\u0438\u0442\u043d\u0430 \u0432\u0445\u043e\u0434\u043d\u0430 \u0432\u0440\u0430\u0442\u0430- \u0432\u044a\u043d\u0448\u043d\u0430 \u0441\u0442\u043e\u043c\u0430\u043d\u0435\u043d\u0430 \u0432\u0440\u0430\u0442\u0430 \u0441\u044a\u0441 \u0441\u0442\u044a\u043a\u043b\u043e","isPartOf":{"@id":"https:\/\/www.kapi.ltd\/bg\/#website"},"primaryImageOfPage":{"@id":"https:\/\/www.kapi.ltd\/bg\/urun\/%d0%ba%d0%be%d0%bc%d0%bf%d0%be%d0%b7%d0%b8%d1%82%d0%bd%d0%b0-%d0%b2%d1%85%d0%be%d0%b4%d0%bd%d0%b0-%d0%b2%d1%80%d0%b0%d1%82%d0%b0\/#primaryimage"},"image":{"@id":"https:\/\/www.kapi.ltd\/bg\/urun\/%d0%ba%d0%be%d0%bc%d0%bf%d0%be%d0%b7%d0%b8%d1%82%d0%bd%d0%b0-%d0%b2%d1%85%d0%be%d0%b4%d0%bd%d0%b0-%d0%b2%d1%80%d0%b0%d1%82%d0%b0\/#primaryimage"},"thumbnailUrl":"https:\/\/www.kapi.ltd\/wp-content\/uploads\/2025\/11\/kompozit-giris-kapisi.webp","datePublished":"2025-11-28T18:07:11+00:00","dateModified":"2025-11-29T16:56:23+00:00","description":"\u0423\u0432\u0435\u043b\u0438\u0447\u0435\u0442\u0435 \u0441\u0438\u0433\u0443\u0440\u043d\u043e\u0441\u0442\u0442\u0430 \u043d\u0430 \u0432\u0445\u043e\u0434\u0430 \u043d\u0430 \u0430\u043f\u0430\u0440\u0442\u0430\u043c\u0435\u043d\u0442\u0430 \u0441\u0438 \u0441 \u0447\u0435\u0440\u043d\u0438 \u0441\u0442\u043e\u043c\u0430\u043d\u0435\u043d\u0438 \u0432\u0440\u0430\u0442\u0438, \u043e\u0441\u0442\u044a\u043a\u043b\u0435\u043d\u0438 \u0441\u0442\u043e\u043c\u0430\u043d\u0435\u043d\u0438 \u0432\u0440\u0430\u0442\u0438 \u0438 \u043e\u0441\u0442\u044a\u043a\u043b\u0435\u043d\u0438 \u0432\u044a\u043d\u0448\u043d\u0438 \u0441\u0442\u043e\u043c\u0430\u043d\u0435\u043d\u0438 \u0432\u0440\u0430\u0442\u0438. \u041f\u0435\u0440\u0444\u0435\u043a\u0442\u043d\u0438 \u0440\u0435\u0448\u0435\u043d\u0438\u044f \u0441 \u043c\u043e\u0434\u0435\u0440\u043d\u0438 \u0444\u0443\u043d\u043a\u0446\u0438\u0438 \u0437\u0430 \u0441\u0438\u0433\u0443\u0440\u043d\u043e\u0441\u0442.","breadcrumb":{"@id":"https:\/\/www.kapi.ltd\/bg\/urun\/%d0%ba%d0%be%d0%bc%d0%bf%d0%be%d0%b7%d0%b8%d1%82%d0%bd%d0%b0-%d0%b2%d1%85%d0%be%d0%b4%d0%bd%d0%b0-%d0%b2%d1%80%d0%b0%d1%82%d0%b0\/#breadcrumb"},"inLanguage":"bg-BG","potentialAction":[{"@type":"ReadAction","target":["https:\/\/www.kapi.ltd\/bg\/urun\/%d0%ba%d0%be%d0%bc%d0%bf%d0%be%d0%b7%d0%b8%d1%82%d0%bd%d0%b0-%d0%b2%d1%85%d0%be%d0%b4%d0%bd%d0%b0-%d0%b2%d1%80%d0%b0%d1%82%d0%b0\/"]}]},{"@type":"ImageObject","inLanguage":"bg-BG","@id":"https:\/\/www.kapi.ltd\/bg\/urun\/%d0%ba%d0%be%d0%bc%d0%bf%d0%be%d0%b7%d0%b8%d1%82%d0%bd%d0%b0-%d0%b2%d1%85%d0%be%d0%b4%d0%bd%d0%b0-%d0%b2%d1%80%d0%b0%d1%82%d0%b0\/#primaryimage","url":"https:\/\/www.kapi.ltd\/wp-content\/uploads\/2025\/11\/kompozit-giris-kapisi.webp","contentUrl":"https:\/\/www.kapi.ltd\/wp-content\/uploads\/2025\/11\/kompozit-giris-kapisi.webp","width":650,"height":975,"caption":"kompozit giri\u015f kap\u0131lar\u0131"},{"@type":"BreadcrumbList","@id":"https:\/\/www.kapi.ltd\/bg\/urun\/%d0%ba%d0%be%d0%bc%d0%bf%d0%be%d0%b7%d0%b8%d1%82%d0%bd%d0%b0-%d0%b2%d1%85%d0%be%d0%b4%d0%bd%d0%b0-%d0%b2%d1%80%d0%b0%d1%82%d0%b0\/#breadcrumb","itemListElement":[{"@type":"ListItem","position":1,"name":"Anasayfa","item":"https:\/\/www.kapi.ltd\/bg\/"},{"@type":"ListItem","position":2,"name":"ic-kapi-celik-kapi-modelleri","item":"https:\/\/www.kapi.ltd\/?page_id=4263"},{"@type":"ListItem","position":3,"name":"\u041a\u043e\u043c\u043f\u043e\u0437\u0438\u0442\u043d\u0430 \u0432\u0445\u043e\u0434\u043d\u0430 \u0432\u0440\u0430\u0442\u0430"}]},{"@type":"WebSite","@id":"https:\/\/www.kapi.ltd\/bg\/#website","url":"https:\/\/www.kapi.ltd\/bg\/","name":"\u0130\u00e7 Kap\u0131 Ve \u00c7elik Kap\u0131 Modelleri","description":"T\u00fcrkiye Kap\u0131 Modelleri Merkezi","potentialAction":[{"@type":"SearchAction","target":{"@type":"EntryPoint","urlTemplate":"https:\/\/www.kapi.ltd\/bg\/?s={search_term_string}"},"query-input":{"@type":"PropertyValueSpecification","valueRequired":true,"valueName":"search_term_string"}}],"inLanguage":"bg-BG"}]}},"_links":{"self":[{"href":"https:\/\/www.kapi.ltd\/bg\/wp-json\/wp\/v2\/product\/7708","targetHints":{"allow":["GET"]}}],"collection":[{"href":"https:\/\/www.kapi.ltd\/bg\/wp-json\/wp\/v2\/product"}],"about":[{"href":"https:\/\/www.kapi.ltd\/bg\/wp-json\/wp\/v2\/types\/product"}],"version-history":[{"count":2,"href":"https:\/\/www.kapi.ltd\/bg\/wp-json\/wp\/v2\/product\/7708\/revisions"}],"predecessor-version":[{"id":7780,"href":"https:\/\/www.kapi.ltd\/bg\/wp-json\/wp\/v2\/product\/7708\/revisions\/7780"}],"wp:featuredmedia":[{"embeddable":true,"href":"https:\/\/www.kapi.ltd\/bg\/wp-json\/wp\/v2\/media\/7709"}],"wp:attachment":[{"href":"https:\/\/www.kapi.ltd\/bg\/wp-json\/wp\/v2\/media?parent=7708"}],"wp:term":[{"taxonomy":"product_brand","embeddable":true,"href":"https:\/\/www.kapi.ltd\/bg\/wp-json\/wp\/v2\/product_brand?post=7708"},{"taxonomy":"product_cat","embeddable":true,"href":"https:\/\/www.kapi.ltd\/bg\/wp-json\/wp\/v2\/product_cat?post=7708"},{"taxonomy":"product_tag","embeddable":true,"href":"https:\/\/www.kapi.ltd\/bg\/wp-json\/wp\/v2\/product_tag?post=7708"}],"curies":[{"name":"wp","href":"https:\/\/api.w.org\/{rel}","templated":true}]}}