{"id":7281,"date":"2025-10-18T21:34:24","date_gmt":"2025-10-18T18:34:24","guid":{"rendered":"https:\/\/www.kapi.ltd\/urun\/yeni-celik-kapilar\/"},"modified":"2025-11-30T12:13:18","modified_gmt":"2025-11-30T09:13:18","slug":"%d0%bd%d0%be%d0%b2%d0%b8-%d1%81%d1%82%d0%be%d0%bc%d0%b0%d0%bd%d0%b5%d0%bd%d0%b8-%d0%b2%d1%80%d0%b0%d1%82%d0%b8-2","status":"publish","type":"product","link":"https:\/\/www.kapi.ltd\/bg\/urun\/%d0%bd%d0%be%d0%b2%d0%b8-%d1%81%d1%82%d0%be%d0%bc%d0%b0%d0%bd%d0%b5%d0%bd%d0%b8-%d0%b2%d1%80%d0%b0%d1%82%d0%b8-2\/","title":{"rendered":"\u041d\u043e\u0432\u0438 \u0441\u0442\u043e\u043c\u0430\u043d\u0435\u043d\u0438 \u0432\u0440\u0430\u0442\u0438"},"content":{"rendered":"","protected":false},"excerpt":{"rendered":"","protected":false},"featured_media":7282,"template":"","meta":{"_bbp_topic_count":0,"_bbp_reply_count":0,"_bbp_total_topic_count":0,"_bbp_total_reply_count":0,"_bbp_voice_count":0,"_bbp_anonymous_reply_count":0,"_bbp_topic_count_hidden":0,"_bbp_reply_count_hidden":0,"_bbp_forum_subforum_count":0},"product_brand":[],"product_cat":[801],"product_tag":[],"class_list":{"0":"post-7281","1":"product","2":"type-product","3":"status-publish","4":"has-post-thumbnail","6":"product_cat-801","8":"first","9":"instock","10":"shipping-taxable","11":"product-type-simple","12":"prodpage-classic"},"yoast_head":"<!-- This site is optimized with the Yoast SEO Premium plugin v26.6 (Yoast SEO v27.4) - https:\/\/yoast.com\/product\/yoast-seo-premium-wordpress\/ -->\n<title>\u041d\u043e\u0432\u0438 \u0441\u0442\u043e\u043c\u0430\u043d\u0435\u043d\u0438 \u0432\u0440\u0430\u0442\u0438 - \u043d\u043e\u0432 \u043c\u043e\u0434\u0435\u043b \u0441\u0442\u043e\u043c\u0430\u043d\u0435\u043d\u0430 \u0432\u0440\u0430\u0442\u0430 - \u043c\u043e\u0434\u0435\u043b \u0441\u0442\u043e\u043c\u0430\u043d\u0435\u043d\u0430 \u0432\u0440\u0430\u0442\u0430<\/title>\n<meta name=\"description\" content=\"\u041d\u043e\u0432\u0438\u044f\u0442 \u043c\u043e\u0434\u0435\u043b \u0441\u0442\u043e\u043c\u0430\u043d\u0435\u043d\u0430 \u0432\u0440\u0430\u0442\u0430 \u0435 \u0441 \u043c\u043e\u0434\u0435\u0440\u043d\u0438 \u0446\u0432\u0435\u0442\u043e\u0432\u0435 \u0438 \u0440\u0430\u0437\u043b\u0438\u043a\u0430 \u0432\u044a\u0432 \u0432\u044a\u043d\u0448\u043d\u0438\u044f \u043c\u043e\u0434\u0435\u043b \u0441\u0442\u043e\u043c\u0430\u043d\u0435\u043d\u0430 \u0432\u0440\u0430\u0442\u0430 \u0437\u0430 \u0441\u0438\u0433\u0443\u0440\u043d\u043e\u0441\u0442, \u0441 \u0434\u0432\u043e\u0439\u043d\u0438 \u0431\u0440\u0430\u0432\u0438 \u0438 \u0434\u044a\u043b\u0433\u043e\u0442\u0440\u0430\u0439\u043d\u0430, \u0438\u0437\u0434\u0440\u044a\u0436\u043b\u0438\u0432\u0430 \u0441\u0442\u043e\u043c\u0430\u043d\u0435\u043d\u0430 \u0432\u0440\u0430\u0442\u0430 \u0437\u0430 \u0430\u043f\u0430\u0440\u0442\u0430\u043c\u0435\u043d\u0442\u0438.\" \/>\n<meta name=\"robots\" content=\"index, follow, max-snippet:-1, max-image-preview:large, max-video-preview:-1\" \/>\n<link rel=\"canonical\" href=\"https:\/\/www.kapi.ltd\/bg\/urun\/%d0%bd%d0%be%d0%b2%d0%b8-%d1%81%d1%82%d0%be%d0%bc%d0%b0%d0%bd%d0%b5%d0%bd%d0%b8-%d0%b2%d1%80%d0%b0%d1%82%d0%b8-2\/\" \/>\n<meta property=\"og:locale\" content=\"bg_BG\" \/>\n<meta property=\"og:type\" content=\"article\" \/>\n<meta property=\"og:title\" content=\"\u041d\u043e\u0432\u0438 \u0441\u0442\u043e\u043c\u0430\u043d\u0435\u043d\u0438 \u0432\u0440\u0430\u0442\u0438\" \/>\n<meta property=\"og:description\" content=\"\u041d\u043e\u0432\u0438\u044f\u0442 \u043c\u043e\u0434\u0435\u043b \u0441\u0442\u043e\u043c\u0430\u043d\u0435\u043d\u0430 \u0432\u0440\u0430\u0442\u0430 \u0435 \u0441 \u043c\u043e\u0434\u0435\u0440\u043d\u0438 \u0446\u0432\u0435\u0442\u043e\u0432\u0435 \u0438 \u0440\u0430\u0437\u043b\u0438\u043a\u0430 \u0432\u044a\u0432 \u0432\u044a\u043d\u0448\u043d\u0438\u044f \u043c\u043e\u0434\u0435\u043b \u0441\u0442\u043e\u043c\u0430\u043d\u0435\u043d\u0430 \u0432\u0440\u0430\u0442\u0430 \u0437\u0430 \u0441\u0438\u0433\u0443\u0440\u043d\u043e\u0441\u0442, \u0441 \u0434\u0432\u043e\u0439\u043d\u0438 \u0431\u0440\u0430\u0432\u0438 \u0438 \u0434\u044a\u043b\u0433\u043e\u0442\u0440\u0430\u0439\u043d\u0430, \u0438\u0437\u0434\u0440\u044a\u0436\u043b\u0438\u0432\u0430 \u0441\u0442\u043e\u043c\u0430\u043d\u0435\u043d\u0430 \u0432\u0440\u0430\u0442\u0430 \u0437\u0430 \u0430\u043f\u0430\u0440\u0442\u0430\u043c\u0435\u043d\u0442\u0438.\" \/>\n<meta property=\"og:url\" content=\"https:\/\/www.kapi.ltd\/bg\/urun\/%d0%bd%d0%be%d0%b2%d0%b8-%d1%81%d1%82%d0%be%d0%bc%d0%b0%d0%bd%d0%b5%d0%bd%d0%b8-%d0%b2%d1%80%d0%b0%d1%82%d0%b8-2\/\" \/>\n<meta property=\"og:site_name\" content=\"\u0130\u00e7 Oda Kap\u0131lar\u0131 - \u00c7elik kap\u0131 modelleri - apartman kap\u0131lar\u0131\" \/>\n<meta property=\"article:modified_time\" content=\"2025-11-30T09:13:18+00:00\" \/>\n<meta property=\"og:image\" content=\"https:\/\/www.kapi.ltd\/wp-content\/uploads\/2025\/10\/yeni-celik-kapilar.webp\" \/>\n\t<meta property=\"og:image:width\" content=\"650\" \/>\n\t<meta property=\"og:image:height\" content=\"975\" \/>\n\t<meta property=\"og:image:type\" content=\"image\/webp\" \/>\n<meta name=\"twitter:card\" content=\"summary_large_image\" \/>\n<meta name=\"twitter:label1\" content=\"Est. reading time\" \/>\n\t<meta name=\"twitter:data1\" content=\"1 \u043c\u0438\u043d\u0443\u0442\u0430\" \/>\n<script type=\"application\/ld+json\" class=\"yoast-schema-graph\">{\"@context\":\"https:\\\/\\\/schema.org\",\"@graph\":[{\"@type\":\"WebPage\",\"@id\":\"https:\\\/\\\/www.kapi.ltd\\\/bg\\\/urun\\\/%d0%bd%d0%be%d0%b2%d0%b8-%d1%81%d1%82%d0%be%d0%bc%d0%b0%d0%bd%d0%b5%d0%bd%d0%b8-%d0%b2%d1%80%d0%b0%d1%82%d0%b8-2\\\/\",\"url\":\"https:\\\/\\\/www.kapi.ltd\\\/bg\\\/urun\\\/%d0%bd%d0%be%d0%b2%d0%b8-%d1%81%d1%82%d0%be%d0%bc%d0%b0%d0%bd%d0%b5%d0%bd%d0%b8-%d0%b2%d1%80%d0%b0%d1%82%d0%b8-2\\\/\",\"name\":\"\u041d\u043e\u0432\u0438 \u0441\u0442\u043e\u043c\u0430\u043d\u0435\u043d\u0438 \u0432\u0440\u0430\u0442\u0438 - \u043d\u043e\u0432 \u043c\u043e\u0434\u0435\u043b \u0441\u0442\u043e\u043c\u0430\u043d\u0435\u043d\u0430 \u0432\u0440\u0430\u0442\u0430 - \u043c\u043e\u0434\u0435\u043b \u0441\u0442\u043e\u043c\u0430\u043d\u0435\u043d\u0430 \u0432\u0440\u0430\u0442\u0430\",\"isPartOf\":{\"@id\":\"https:\\\/\\\/www.kapi.ltd\\\/bg\\\/#website\"},\"primaryImageOfPage\":{\"@id\":\"https:\\\/\\\/www.kapi.ltd\\\/bg\\\/urun\\\/%d0%bd%d0%be%d0%b2%d0%b8-%d1%81%d1%82%d0%be%d0%bc%d0%b0%d0%bd%d0%b5%d0%bd%d0%b8-%d0%b2%d1%80%d0%b0%d1%82%d0%b8-2\\\/#primaryimage\"},\"image\":{\"@id\":\"https:\\\/\\\/www.kapi.ltd\\\/bg\\\/urun\\\/%d0%bd%d0%be%d0%b2%d0%b8-%d1%81%d1%82%d0%be%d0%bc%d0%b0%d0%bd%d0%b5%d0%bd%d0%b8-%d0%b2%d1%80%d0%b0%d1%82%d0%b8-2\\\/#primaryimage\"},\"thumbnailUrl\":\"https:\\\/\\\/www.kapi.ltd\\\/wp-content\\\/uploads\\\/2025\\\/10\\\/yeni-celik-kapilar.webp\",\"datePublished\":\"2025-10-18T18:34:24+00:00\",\"dateModified\":\"2025-11-30T09:13:18+00:00\",\"description\":\"\u041d\u043e\u0432\u0438\u044f\u0442 \u043c\u043e\u0434\u0435\u043b \u0441\u0442\u043e\u043c\u0430\u043d\u0435\u043d\u0430 \u0432\u0440\u0430\u0442\u0430 \u0435 \u0441 \u043c\u043e\u0434\u0435\u0440\u043d\u0438 \u0446\u0432\u0435\u0442\u043e\u0432\u0435 \u0438 \u0440\u0430\u0437\u043b\u0438\u043a\u0430 \u0432\u044a\u0432 \u0432\u044a\u043d\u0448\u043d\u0438\u044f \u043c\u043e\u0434\u0435\u043b \u0441\u0442\u043e\u043c\u0430\u043d\u0435\u043d\u0430 \u0432\u0440\u0430\u0442\u0430 \u0437\u0430 \u0441\u0438\u0433\u0443\u0440\u043d\u043e\u0441\u0442, \u0441 \u0434\u0432\u043e\u0439\u043d\u0438 \u0431\u0440\u0430\u0432\u0438 \u0438 \u0434\u044a\u043b\u0433\u043e\u0442\u0440\u0430\u0439\u043d\u0430, \u0438\u0437\u0434\u0440\u044a\u0436\u043b\u0438\u0432\u0430 \u0441\u0442\u043e\u043c\u0430\u043d\u0435\u043d\u0430 \u0432\u0440\u0430\u0442\u0430 \u0437\u0430 \u0430\u043f\u0430\u0440\u0442\u0430\u043c\u0435\u043d\u0442\u0438.\",\"breadcrumb\":{\"@id\":\"https:\\\/\\\/www.kapi.ltd\\\/bg\\\/urun\\\/%d0%bd%d0%be%d0%b2%d0%b8-%d1%81%d1%82%d0%be%d0%bc%d0%b0%d0%bd%d0%b5%d0%bd%d0%b8-%d0%b2%d1%80%d0%b0%d1%82%d0%b8-2\\\/#breadcrumb\"},\"inLanguage\":\"bg-BG\",\"potentialAction\":[{\"@type\":\"ReadAction\",\"target\":[\"https:\\\/\\\/www.kapi.ltd\\\/bg\\\/urun\\\/%d0%bd%d0%be%d0%b2%d0%b8-%d1%81%d1%82%d0%be%d0%bc%d0%b0%d0%bd%d0%b5%d0%bd%d0%b8-%d0%b2%d1%80%d0%b0%d1%82%d0%b8-2\\\/\"]}]},{\"@type\":\"ImageObject\",\"inLanguage\":\"bg-BG\",\"@id\":\"https:\\\/\\\/www.kapi.ltd\\\/bg\\\/urun\\\/%d0%bd%d0%be%d0%b2%d0%b8-%d1%81%d1%82%d0%be%d0%bc%d0%b0%d0%bd%d0%b5%d0%bd%d0%b8-%d0%b2%d1%80%d0%b0%d1%82%d0%b8-2\\\/#primaryimage\",\"url\":\"https:\\\/\\\/www.kapi.ltd\\\/wp-content\\\/uploads\\\/2025\\\/10\\\/yeni-celik-kapilar.webp\",\"contentUrl\":\"https:\\\/\\\/www.kapi.ltd\\\/wp-content\\\/uploads\\\/2025\\\/10\\\/yeni-celik-kapilar.webp\",\"width\":650,\"height\":975,\"caption\":\"yeni \u00e7elik kap\u0131lar\"},{\"@type\":\"BreadcrumbList\",\"@id\":\"https:\\\/\\\/www.kapi.ltd\\\/bg\\\/urun\\\/%d0%bd%d0%be%d0%b2%d0%b8-%d1%81%d1%82%d0%be%d0%bc%d0%b0%d0%bd%d0%b5%d0%bd%d0%b8-%d0%b2%d1%80%d0%b0%d1%82%d0%b8-2\\\/#breadcrumb\",\"itemListElement\":[{\"@type\":\"ListItem\",\"position\":1,\"name\":\"Anasayfa\",\"item\":\"https:\\\/\\\/www.kapi.ltd\\\/bg\\\/\"},{\"@type\":\"ListItem\",\"position\":2,\"name\":\"ic-kapi-celik-kapi-modelleri\",\"item\":\"https:\\\/\\\/www.kapi.ltd\\\/?page_id=4263\"},{\"@type\":\"ListItem\",\"position\":3,\"name\":\"\u041d\u043e\u0432\u0438 \u0441\u0442\u043e\u043c\u0430\u043d\u0435\u043d\u0438 \u0432\u0440\u0430\u0442\u0438\"}]},{\"@type\":\"WebSite\",\"@id\":\"https:\\\/\\\/www.kapi.ltd\\\/bg\\\/#website\",\"url\":\"https:\\\/\\\/www.kapi.ltd\\\/bg\\\/\",\"name\":\"\u0130\u00e7 Kap\u0131 Ve \u00c7elik Kap\u0131 Modelleri\",\"description\":\"T\u00fcrkiye Kap\u0131 Modelleri Merkezi\",\"potentialAction\":[{\"@type\":\"SearchAction\",\"target\":{\"@type\":\"EntryPoint\",\"urlTemplate\":\"https:\\\/\\\/www.kapi.ltd\\\/bg\\\/?s={search_term_string}\"},\"query-input\":{\"@type\":\"PropertyValueSpecification\",\"valueRequired\":true,\"valueName\":\"search_term_string\"}}],\"inLanguage\":\"bg-BG\"}]}<\/script>\n<!-- \/ Yoast SEO Premium plugin. -->","yoast_head_json":{"title":"\u041d\u043e\u0432\u0438 \u0441\u0442\u043e\u043c\u0430\u043d\u0435\u043d\u0438 \u0432\u0440\u0430\u0442\u0438 - \u043d\u043e\u0432 \u043c\u043e\u0434\u0435\u043b \u0441\u0442\u043e\u043c\u0430\u043d\u0435\u043d\u0430 \u0432\u0440\u0430\u0442\u0430 - \u043c\u043e\u0434\u0435\u043b \u0441\u0442\u043e\u043c\u0430\u043d\u0435\u043d\u0430 \u0432\u0440\u0430\u0442\u0430","description":"\u041d\u043e\u0432\u0438\u044f\u0442 \u043c\u043e\u0434\u0435\u043b \u0441\u0442\u043e\u043c\u0430\u043d\u0435\u043d\u0430 \u0432\u0440\u0430\u0442\u0430 \u0435 \u0441 \u043c\u043e\u0434\u0435\u0440\u043d\u0438 \u0446\u0432\u0435\u0442\u043e\u0432\u0435 \u0438 \u0440\u0430\u0437\u043b\u0438\u043a\u0430 \u0432\u044a\u0432 \u0432\u044a\u043d\u0448\u043d\u0438\u044f \u043c\u043e\u0434\u0435\u043b \u0441\u0442\u043e\u043c\u0430\u043d\u0435\u043d\u0430 \u0432\u0440\u0430\u0442\u0430 \u0437\u0430 \u0441\u0438\u0433\u0443\u0440\u043d\u043e\u0441\u0442, \u0441 \u0434\u0432\u043e\u0439\u043d\u0438 \u0431\u0440\u0430\u0432\u0438 \u0438 \u0434\u044a\u043b\u0433\u043e\u0442\u0440\u0430\u0439\u043d\u0430, \u0438\u0437\u0434\u0440\u044a\u0436\u043b\u0438\u0432\u0430 \u0441\u0442\u043e\u043c\u0430\u043d\u0435\u043d\u0430 \u0432\u0440\u0430\u0442\u0430 \u0437\u0430 \u0430\u043f\u0430\u0440\u0442\u0430\u043c\u0435\u043d\u0442\u0438.","robots":{"index":"index","follow":"follow","max-snippet":"max-snippet:-1","max-image-preview":"max-image-preview:large","max-video-preview":"max-video-preview:-1"},"canonical":"https:\/\/www.kapi.ltd\/bg\/urun\/%d0%bd%d0%be%d0%b2%d0%b8-%d1%81%d1%82%d0%be%d0%bc%d0%b0%d0%bd%d0%b5%d0%bd%d0%b8-%d0%b2%d1%80%d0%b0%d1%82%d0%b8-2\/","og_locale":"bg_BG","og_type":"article","og_title":"\u041d\u043e\u0432\u0438 \u0441\u0442\u043e\u043c\u0430\u043d\u0435\u043d\u0438 \u0432\u0440\u0430\u0442\u0438","og_description":"\u041d\u043e\u0432\u0438\u044f\u0442 \u043c\u043e\u0434\u0435\u043b \u0441\u0442\u043e\u043c\u0430\u043d\u0435\u043d\u0430 \u0432\u0440\u0430\u0442\u0430 \u0435 \u0441 \u043c\u043e\u0434\u0435\u0440\u043d\u0438 \u0446\u0432\u0435\u0442\u043e\u0432\u0435 \u0438 \u0440\u0430\u0437\u043b\u0438\u043a\u0430 \u0432\u044a\u0432 \u0432\u044a\u043d\u0448\u043d\u0438\u044f \u043c\u043e\u0434\u0435\u043b \u0441\u0442\u043e\u043c\u0430\u043d\u0435\u043d\u0430 \u0432\u0440\u0430\u0442\u0430 \u0437\u0430 \u0441\u0438\u0433\u0443\u0440\u043d\u043e\u0441\u0442, \u0441 \u0434\u0432\u043e\u0439\u043d\u0438 \u0431\u0440\u0430\u0432\u0438 \u0438 \u0434\u044a\u043b\u0433\u043e\u0442\u0440\u0430\u0439\u043d\u0430, \u0438\u0437\u0434\u0440\u044a\u0436\u043b\u0438\u0432\u0430 \u0441\u0442\u043e\u043c\u0430\u043d\u0435\u043d\u0430 \u0432\u0440\u0430\u0442\u0430 \u0437\u0430 \u0430\u043f\u0430\u0440\u0442\u0430\u043c\u0435\u043d\u0442\u0438.","og_url":"https:\/\/www.kapi.ltd\/bg\/urun\/%d0%bd%d0%be%d0%b2%d0%b8-%d1%81%d1%82%d0%be%d0%bc%d0%b0%d0%bd%d0%b5%d0%bd%d0%b8-%d0%b2%d1%80%d0%b0%d1%82%d0%b8-2\/","og_site_name":"\u0130\u00e7 Oda Kap\u0131lar\u0131 - \u00c7elik kap\u0131 modelleri - apartman kap\u0131lar\u0131","article_modified_time":"2025-11-30T09:13:18+00:00","og_image":[{"width":650,"height":975,"url":"https:\/\/www.kapi.ltd\/wp-content\/uploads\/2025\/10\/yeni-celik-kapilar.webp","type":"image\/webp"}],"twitter_card":"summary_large_image","twitter_misc":{"Est. reading time":"1 \u043c\u0438\u043d\u0443\u0442\u0430"},"schema":{"@context":"https:\/\/schema.org","@graph":[{"@type":"WebPage","@id":"https:\/\/www.kapi.ltd\/bg\/urun\/%d0%bd%d0%be%d0%b2%d0%b8-%d1%81%d1%82%d0%be%d0%bc%d0%b0%d0%bd%d0%b5%d0%bd%d0%b8-%d0%b2%d1%80%d0%b0%d1%82%d0%b8-2\/","url":"https:\/\/www.kapi.ltd\/bg\/urun\/%d0%bd%d0%be%d0%b2%d0%b8-%d1%81%d1%82%d0%be%d0%bc%d0%b0%d0%bd%d0%b5%d0%bd%d0%b8-%d0%b2%d1%80%d0%b0%d1%82%d0%b8-2\/","name":"\u041d\u043e\u0432\u0438 \u0441\u0442\u043e\u043c\u0430\u043d\u0435\u043d\u0438 \u0432\u0440\u0430\u0442\u0438 - \u043d\u043e\u0432 \u043c\u043e\u0434\u0435\u043b \u0441\u0442\u043e\u043c\u0430\u043d\u0435\u043d\u0430 \u0432\u0440\u0430\u0442\u0430 - \u043c\u043e\u0434\u0435\u043b \u0441\u0442\u043e\u043c\u0430\u043d\u0435\u043d\u0430 \u0432\u0440\u0430\u0442\u0430","isPartOf":{"@id":"https:\/\/www.kapi.ltd\/bg\/#website"},"primaryImageOfPage":{"@id":"https:\/\/www.kapi.ltd\/bg\/urun\/%d0%bd%d0%be%d0%b2%d0%b8-%d1%81%d1%82%d0%be%d0%bc%d0%b0%d0%bd%d0%b5%d0%bd%d0%b8-%d0%b2%d1%80%d0%b0%d1%82%d0%b8-2\/#primaryimage"},"image":{"@id":"https:\/\/www.kapi.ltd\/bg\/urun\/%d0%bd%d0%be%d0%b2%d0%b8-%d1%81%d1%82%d0%be%d0%bc%d0%b0%d0%bd%d0%b5%d0%bd%d0%b8-%d0%b2%d1%80%d0%b0%d1%82%d0%b8-2\/#primaryimage"},"thumbnailUrl":"https:\/\/www.kapi.ltd\/wp-content\/uploads\/2025\/10\/yeni-celik-kapilar.webp","datePublished":"2025-10-18T18:34:24+00:00","dateModified":"2025-11-30T09:13:18+00:00","description":"\u041d\u043e\u0432\u0438\u044f\u0442 \u043c\u043e\u0434\u0435\u043b \u0441\u0442\u043e\u043c\u0430\u043d\u0435\u043d\u0430 \u0432\u0440\u0430\u0442\u0430 \u0435 \u0441 \u043c\u043e\u0434\u0435\u0440\u043d\u0438 \u0446\u0432\u0435\u0442\u043e\u0432\u0435 \u0438 \u0440\u0430\u0437\u043b\u0438\u043a\u0430 \u0432\u044a\u0432 \u0432\u044a\u043d\u0448\u043d\u0438\u044f \u043c\u043e\u0434\u0435\u043b \u0441\u0442\u043e\u043c\u0430\u043d\u0435\u043d\u0430 \u0432\u0440\u0430\u0442\u0430 \u0437\u0430 \u0441\u0438\u0433\u0443\u0440\u043d\u043e\u0441\u0442, \u0441 \u0434\u0432\u043e\u0439\u043d\u0438 \u0431\u0440\u0430\u0432\u0438 \u0438 \u0434\u044a\u043b\u0433\u043e\u0442\u0440\u0430\u0439\u043d\u0430, \u0438\u0437\u0434\u0440\u044a\u0436\u043b\u0438\u0432\u0430 \u0441\u0442\u043e\u043c\u0430\u043d\u0435\u043d\u0430 \u0432\u0440\u0430\u0442\u0430 \u0437\u0430 \u0430\u043f\u0430\u0440\u0442\u0430\u043c\u0435\u043d\u0442\u0438.","breadcrumb":{"@id":"https:\/\/www.kapi.ltd\/bg\/urun\/%d0%bd%d0%be%d0%b2%d0%b8-%d1%81%d1%82%d0%be%d0%bc%d0%b0%d0%bd%d0%b5%d0%bd%d0%b8-%d0%b2%d1%80%d0%b0%d1%82%d0%b8-2\/#breadcrumb"},"inLanguage":"bg-BG","potentialAction":[{"@type":"ReadAction","target":["https:\/\/www.kapi.ltd\/bg\/urun\/%d0%bd%d0%be%d0%b2%d0%b8-%d1%81%d1%82%d0%be%d0%bc%d0%b0%d0%bd%d0%b5%d0%bd%d0%b8-%d0%b2%d1%80%d0%b0%d1%82%d0%b8-2\/"]}]},{"@type":"ImageObject","inLanguage":"bg-BG","@id":"https:\/\/www.kapi.ltd\/bg\/urun\/%d0%bd%d0%be%d0%b2%d0%b8-%d1%81%d1%82%d0%be%d0%bc%d0%b0%d0%bd%d0%b5%d0%bd%d0%b8-%d0%b2%d1%80%d0%b0%d1%82%d0%b8-2\/#primaryimage","url":"https:\/\/www.kapi.ltd\/wp-content\/uploads\/2025\/10\/yeni-celik-kapilar.webp","contentUrl":"https:\/\/www.kapi.ltd\/wp-content\/uploads\/2025\/10\/yeni-celik-kapilar.webp","width":650,"height":975,"caption":"yeni \u00e7elik kap\u0131lar"},{"@type":"BreadcrumbList","@id":"https:\/\/www.kapi.ltd\/bg\/urun\/%d0%bd%d0%be%d0%b2%d0%b8-%d1%81%d1%82%d0%be%d0%bc%d0%b0%d0%bd%d0%b5%d0%bd%d0%b8-%d0%b2%d1%80%d0%b0%d1%82%d0%b8-2\/#breadcrumb","itemListElement":[{"@type":"ListItem","position":1,"name":"Anasayfa","item":"https:\/\/www.kapi.ltd\/bg\/"},{"@type":"ListItem","position":2,"name":"ic-kapi-celik-kapi-modelleri","item":"https:\/\/www.kapi.ltd\/?page_id=4263"},{"@type":"ListItem","position":3,"name":"\u041d\u043e\u0432\u0438 \u0441\u0442\u043e\u043c\u0430\u043d\u0435\u043d\u0438 \u0432\u0440\u0430\u0442\u0438"}]},{"@type":"WebSite","@id":"https:\/\/www.kapi.ltd\/bg\/#website","url":"https:\/\/www.kapi.ltd\/bg\/","name":"\u0130\u00e7 Kap\u0131 Ve \u00c7elik Kap\u0131 Modelleri","description":"T\u00fcrkiye Kap\u0131 Modelleri Merkezi","potentialAction":[{"@type":"SearchAction","target":{"@type":"EntryPoint","urlTemplate":"https:\/\/www.kapi.ltd\/bg\/?s={search_term_string}"},"query-input":{"@type":"PropertyValueSpecification","valueRequired":true,"valueName":"search_term_string"}}],"inLanguage":"bg-BG"}]}},"_links":{"self":[{"href":"https:\/\/www.kapi.ltd\/bg\/wp-json\/wp\/v2\/product\/7281","targetHints":{"allow":["GET"]}}],"collection":[{"href":"https:\/\/www.kapi.ltd\/bg\/wp-json\/wp\/v2\/product"}],"about":[{"href":"https:\/\/www.kapi.ltd\/bg\/wp-json\/wp\/v2\/types\/product"}],"version-history":[{"count":2,"href":"https:\/\/www.kapi.ltd\/bg\/wp-json\/wp\/v2\/product\/7281\/revisions"}],"predecessor-version":[{"id":7830,"href":"https:\/\/www.kapi.ltd\/bg\/wp-json\/wp\/v2\/product\/7281\/revisions\/7830"}],"wp:featuredmedia":[{"embeddable":true,"href":"https:\/\/www.kapi.ltd\/bg\/wp-json\/wp\/v2\/media\/7282"}],"wp:attachment":[{"href":"https:\/\/www.kapi.ltd\/bg\/wp-json\/wp\/v2\/media?parent=7281"}],"wp:term":[{"taxonomy":"product_brand","embeddable":true,"href":"https:\/\/www.kapi.ltd\/bg\/wp-json\/wp\/v2\/product_brand?post=7281"},{"taxonomy":"product_cat","embeddable":true,"href":"https:\/\/www.kapi.ltd\/bg\/wp-json\/wp\/v2\/product_cat?post=7281"},{"taxonomy":"product_tag","embeddable":true,"href":"https:\/\/www.kapi.ltd\/bg\/wp-json\/wp\/v2\/product_tag?post=7281"}],"curies":[{"name":"wp","href":"https:\/\/api.w.org\/{rel}","templated":true}]}}