{"id":5605,"date":"2025-10-18T21:33:01","date_gmt":"2025-10-18T18:33:01","guid":{"rendered":"https:\/\/www.kapi.ltd\/urun\/celik-kapi-modeli-3\/"},"modified":"2025-10-24T23:07:40","modified_gmt":"2025-10-24T20:07:40","slug":"%d0%bd%d0%be%d0%b2%d0%b8-%d1%81%d1%82%d0%be%d0%bc%d0%b0%d0%bd%d0%b5%d0%bd%d0%b8-%d0%b2%d1%80%d0%b0%d1%82%d0%b8","status":"publish","type":"product","link":"https:\/\/www.kapi.ltd\/bg\/urun\/%d0%bd%d0%be%d0%b2%d0%b8-%d1%81%d1%82%d0%be%d0%bc%d0%b0%d0%bd%d0%b5%d0%bd%d0%b8-%d0%b2%d1%80%d0%b0%d1%82%d0%b8\/","title":{"rendered":"\u043d\u043e\u0432\u0438 \u0441\u0442\u043e\u043c\u0430\u043d\u0435\u043d\u0438 \u0432\u0440\u0430\u0442\u0438"},"content":{"rendered":"<div class=\"relative basis-auto flex-col -mb-(--composer-overlap-px) [--composer-overlap-px:28px] grow flex overflow-hidden\">\n<div class=\"relative h-full\">\n<div class=\"flex h-full flex-col overflow-y-auto thread-xl:pt-(--header-height) [scrollbar-gutter:stable_both-edges]\">\n<div class=\"flex flex-col text-sm thread-xl:pt-header-height pb-25\">\n<article class=\"text-token-text-primary w-full focus:outline-none [--shadow-height:45px] has-data-writing-block:pointer-events-none has-data-writing-block:-mt-(--shadow-height) has-data-writing-block:pt-(--shadow-height) [&amp;:has([data-writing-block])&gt;*]:pointer-events-auto scroll-mt-[calc(var(--header-height)+min(200px,max(70px,20svh)))]\" dir=\"auto\" tabindex=\"-1\" data-turn-id=\"request-WEB:daedc216-5f69-4fce-aba6-b00f7f90a267-22\" data-testid=\"conversation-turn-46\" data-scroll-anchor=\"true\" data-turn=\"assistant\">\n<div class=\"text-base my-auto mx-auto pb-10 [--thread-content-margin:--spacing(4)] thread-sm:[--thread-content-margin:--spacing(6)] thread-lg:[--thread-content-margin:--spacing(16)] px-(--thread-content-margin)\">\n<div class=\"[--thread-content-max-width:40rem] thread-lg:[--thread-content-max-width:48rem] mx-auto max-w-(--thread-content-max-width) flex-1 group\/turn-messages focus-visible:outline-hidden relative flex w-full min-w-0 flex-col agent-turn\" tabindex=\"-1\">\n<div class=\"flex max-w-full flex-col grow\">\n<div class=\"min-h-8 text-message relative flex w-full flex-col items-end gap-2 text-start break-words whitespace-normal [.text-message+&amp;]:mt-1\" dir=\"auto\" data-message-author-role=\"assistant\" data-message-id=\"9130ff8a-2636-4209-a489-5cb11ada9bd8\" data-message-model-slug=\"gpt-5-mini\">\n<div class=\"flex w-full flex-col gap-1 empty:hidden first:pt-[1px]\">\n<div class=\"markdown prose dark:prose-invert w-full break-words light markdown-new-styling\">\n<p>\u041c\u043e\u0434\u0435\u043b \u043c\u0430\u0442\u043e\u0432\u043e \u0447\u0435\u0440\u043d\u0430 \u0441\u0442\u043e\u043c\u0430\u043d\u0435\u043d\u0430 \u0432\u0440\u0430\u0442\u0430: \u041c\u043e\u0434\u0435\u0440\u0435\u043d \u0434\u0438\u0437\u0430\u0439\u043d \u0438 \u0435\u043b\u0435\u0433\u0430\u043d\u0442\u043d\u0430 \u0445\u0430\u0440\u043c\u043e\u043d\u0438\u044f \u043e\u0442 \u0434\u044a\u0440\u0432\u0435\u0441\u043d\u0438 \u0442\u043e\u043d\u043e\u0432\u0435<\/p>\n<p>\u041f\u0435\u0440\u0444\u0435\u043a\u0442\u0435\u043d \u0438\u0437\u0431\u043e\u0440 \u0437\u0430 \u0442\u0435\u0437\u0438, \u043a\u043e\u0438\u0442\u043e \u0442\u044a\u0440\u0441\u044f\u0442 \u0441\u0442\u043e\u043c\u0430\u043d\u0435\u043d\u0430 \u0432\u0440\u0430\u0442\u0430: \u043c\u0430\u0442\u043e\u0432\u043e \u0447\u0435\u0440\u043d\u0430\u0442\u0430 \u0441\u0442\u043e\u043c\u0430\u043d\u0435\u043d\u0430 \u0432\u0440\u0430\u0442\u0430! \u0422\u043e\u043f\u043b\u0438\u043d\u0430\u0442\u0430 \u043d\u0430 \u0434\u044a\u0440\u0432\u0435\u0441\u043d\u0438\u0442\u0435 \u0442\u043e\u043d\u043e\u0432\u0435, \u0441\u044a\u0447\u0435\u0442\u0430\u043d\u0430 \u0441 \u0435\u043b\u0435\u0433\u0430\u043d\u0442\u043d\u0438\u044f \u0432\u0438\u0434 \u043d\u0430 \u043c\u0430\u0442\u043e\u0432\u043e \u0447\u0435\u0440\u043d\u043e, \u0441\u044a\u0437\u0434\u0430\u0432\u0430 \u043c\u043e\u0434\u0435\u0440\u0435\u043d \u0438 \u0435\u0441\u0442\u0435\u0442\u0438\u0447\u0435\u0441\u043a\u0438 \u043f\u0440\u0438\u044f\u0442\u0435\u043d \u0434\u0438\u0437\u0430\u0439\u043d. \u0422\u0430\u0437\u0438 \u0447\u0435\u0440\u043d\u0430 \u0441\u0442\u043e\u043c\u0430\u043d\u0435\u043d\u0430 \u0432\u0440\u0430\u0442\u0430, \u043e\u0442\u043b\u0438\u0447\u0430\u0432\u0430\u0449\u0430 \u0441\u0435 \u0441\u044a\u0441 \u0441\u0432\u043e\u044f\u0442\u0430 \u0435\u043b\u0435\u0433\u0430\u043d\u0442\u043d\u043e\u0441\u0442 \u0438 \u0438\u0437\u0434\u0440\u044a\u0436\u043b\u0438\u0432\u043e\u0441\u0442, \u0433\u0430\u0440\u0430\u043d\u0442\u0438\u0440\u0430 \u0441\u0438\u0433\u0443\u0440\u043d\u043e\u0441\u0442\u0442\u0430 \u043d\u0430 \u0432\u0430\u0448\u0438\u044f \u0434\u043e\u043c, \u043a\u0430\u0442\u043e \u0441\u044a\u0449\u0435\u0432\u0440\u0435\u043c\u0435\u043d\u043d\u043e \u043f\u043e\u0434\u043e\u0431\u0440\u044f\u0432\u0430 \u043c\u043e\u0434\u0435\u0440\u043d\u0438\u044f \u0432\u0438 \u0434\u0435\u043a\u043e\u0440.<\/p>\n<p>\u041c\u043e\u0434\u0435\u043b\u044a\u0442 \u043c\u0430\u0442\u043e\u0432\u043e \u0447\u0435\u0440\u043d\u0430 \u0441\u0442\u043e\u043c\u0430\u043d\u0435\u043d\u0430 \u0432\u0440\u0430\u0442\u0430 \u0441\u0435 \u043e\u0442\u043a\u0440\u043e\u044f\u0432\u0430 \u0432\u044a\u0432 \u0432\u044a\u043d\u0448\u043d\u0438\u0442\u0435 \u043f\u0440\u043e\u0441\u0442\u0440\u0430\u043d\u0441\u0442\u0432\u0430 \u0441\u044a\u0441 \u0441\u0432\u043e\u0438\u0442\u0435 \u0441\u0435\u043c\u043f\u043b\u0438 \u0438 \u0435\u043b\u0435\u0433\u0430\u043d\u0442\u043d\u0438 \u043b\u0438\u043d\u0438\u0438, \u0434\u043e\u043a\u0430\u0442\u043e \u0435\u0441\u0442\u0435\u0441\u0442\u0432\u0435\u043d\u0430\u0442\u0430 \u0442\u0435\u043a\u0441\u0442\u0443\u0440\u0430 \u043d\u0430 \u0434\u044a\u0440\u0432\u0435\u0441\u043d\u0438\u0442\u0435 \u0442\u043e\u043d\u043e\u0432\u0435 \u0445\u0430\u0440\u043c\u043e\u043d\u0438\u0437\u0438\u0440\u0430 \u043a\u0440\u0430\u0441\u0438\u0432\u043e \u0441 \u0432\u0430\u0448\u0438\u044f \u0438\u043d\u0442\u0435\u0440\u0438\u043e\u0440. \u0415\u0441\u0442\u0435\u0442\u0438\u0447\u0435\u0441\u043a\u0430\u0442\u0430 \u045d \u043f\u0440\u0438\u0432\u043b\u0435\u043a\u0430\u0442\u0435\u043b\u043d\u043e\u0441\u0442 \u0435 \u043d\u0435 \u0441\u0430\u043c\u043e \u043f\u043e\u0440\u0430\u0437\u0438\u0442\u0435\u043b\u043d\u0430, \u043d\u043e \u0438 \u0441\u0435 \u043e\u0442\u043a\u0440\u043e\u044f\u0432\u0430 \u0441\u044a\u0441 \u0437\u0434\u0440\u0430\u0432\u0430\u0442\u0430 \u0441\u0438 \u043a\u043e\u043d\u0441\u0442\u0440\u0443\u043a\u0446\u0438\u044f \u0438 \u0444\u0443\u043d\u043a\u0446\u0438\u0438 \u0437\u0430 \u0441\u0438\u0433\u0443\u0440\u043d\u043e\u0441\u0442.<\/p>\n<p>\u0427\u0435\u0440\u043d\u0430\u0442\u0430 \u0441\u0442\u043e\u043c\u0430\u043d\u0435\u043d\u0430 \u0432\u0440\u0430\u0442\u0430 \u0435 \u043f\u0435\u0440\u0444\u0435\u043a\u0442\u043d\u0438\u044f\u0442 \u0438\u0437\u0431\u043e\u0440 \u0437\u0430 \u0434\u043e\u0431\u0430\u0432\u044f\u043d\u0435 \u043d\u0430 \u043c\u043e\u0434\u0435\u0440\u0435\u043d \u0449\u0440\u0438\u0445 \u043a\u044a\u043c \u0432\u0430\u0448\u0438\u044f \u0434\u043e\u043c, \u043f\u043e\u0432\u0438\u0448\u0430\u0432\u0430\u043d\u0435 \u043d\u0430 \u0441\u0438\u0433\u0443\u0440\u043d\u043e\u0441\u0442\u0442\u0430 \u0438 \u043f\u043e\u0441\u0442\u0438\u0433\u0430\u043d\u0435 \u043d\u0430 \u0435\u0441\u0442\u0435\u0442\u0438\u0447\u0435\u0441\u043a\u0438 \u043f\u0440\u0438\u044f\u0442\u0435\u043d \u0434\u0438\u0437\u0430\u0439\u043d. \u041c\u0430\u0442\u043e\u0432\u043e \u0447\u0435\u0440\u043d\u0438\u044f\u0442 \u045d \u0446\u0432\u044f\u0442, \u0441\u044a\u0447\u0435\u0442\u0430\u043d \u0441 \u0434\u044a\u0440\u0432\u0435\u0441\u043d\u0438 \u0442\u043e\u043d\u043e\u0432\u0435, \u0441\u0435 \u0441\u043b\u0438\u0432\u0430 \u0431\u0435\u0437\u043f\u0440\u043e\u0431\u043b\u0435\u043c\u043d\u043e \u0441 \u0432\u0441\u0435\u043a\u0438 \u0438\u043d\u0442\u0435\u0440\u0438\u043e\u0440\u0435\u043d \u0438\u043b\u0438 \u0435\u043a\u0441\u0442\u0435\u0440\u0438\u043e\u0440\u0435\u043d \u0434\u0435\u043a\u043e\u0440.<\/p>\n<\/div>\n<\/div>\n<\/div>\n<\/div>\n<\/div>\n<\/div>\n<\/article>\n<\/div>\n<\/div>\n<\/div>\n<\/div>\n","protected":false},"excerpt":{"rendered":"<p>\u041c\u043e\u0434\u0435\u043b \u043c\u0430\u0442\u043e\u0432\u043e \u0447\u0435\u0440\u043d\u0430 \u0441\u0442\u043e\u043c\u0430\u043d\u0435\u043d\u0430 \u0432\u0440\u0430\u0442\u0430: \u041c\u043e\u0434\u0435\u0440\u0435\u043d \u0434\u0438\u0437\u0430\u0439\u043d \u0438 \u0435\u043b\u0435\u0433\u0430\u043d\u0442\u043d\u0430 \u0445\u0430\u0440\u043c\u043e\u043d\u0438\u044f \u043e\u0442 \u0434\u044a\u0440\u0432\u0435\u0441\u043d\u0438 \u0442\u043e\u043d\u043e\u0432\u0435 \u041f\u0435\u0440\u0444\u0435\u043a\u0442\u0435\u043d \u0438\u0437\u0431\u043e\u0440 \u0437\u0430 \u0442\u0435\u0437\u0438, \u043a\u043e\u0438\u0442\u043e \u0442\u044a\u0440\u0441\u044f\u0442 \u0441\u0442\u043e\u043c\u0430\u043d\u0435\u043d\u0430 \u0432\u0440\u0430\u0442\u0430: \u043c\u0430\u0442\u043e\u0432\u043e \u0447\u0435\u0440\u043d\u0430\u0442\u0430 \u0441\u0442\u043e\u043c\u0430\u043d\u0435\u043d\u0430 \u0432\u0440\u0430\u0442\u0430! \u0422\u043e\u043f\u043b\u0438\u043d\u0430\u0442\u0430 \u043d\u0430 \u0434\u044a\u0440\u0432\u0435\u0441\u043d\u0438\u0442\u0435 \u0442\u043e\u043d\u043e\u0432\u0435, \u0441\u044a\u0447\u0435\u0442\u0430\u043d\u0430 \u0441 \u0435\u043b\u0435\u0433\u0430\u043d\u0442\u043d\u0438\u044f \u0432\u0438\u0434 \u043d\u0430 \u043c\u0430\u0442\u043e\u0432\u043e \u0447\u0435\u0440\u043d\u043e, \u0441\u044a\u0437\u0434\u0430\u0432\u0430 \u043c\u043e\u0434\u0435\u0440\u0435\u043d \u0438 \u0435\u0441\u0442\u0435\u0442\u0438\u0447\u0435\u0441\u043a\u0438 \u043f\u0440\u0438\u044f\u0442\u0435\u043d \u0434\u0438\u0437\u0430\u0439\u043d. \u0422\u0430\u0437\u0438 \u0447\u0435\u0440\u043d\u0430 \u0441\u0442\u043e\u043c\u0430\u043d\u0435\u043d\u0430 \u0432\u0440\u0430\u0442\u0430, \u043e\u0442\u043b\u0438\u0447\u0430\u0432\u0430\u0449\u0430 \u0441\u0435 \u0441\u044a\u0441 \u0441\u0432\u043e\u044f\u0442\u0430 \u0435\u043b\u0435\u0433\u0430\u043d\u0442\u043d\u043e\u0441\u0442 \u0438 \u0438\u0437\u0434\u0440\u044a\u0436\u043b\u0438\u0432\u043e\u0441\u0442, \u0433\u0430\u0440\u0430\u043d\u0442\u0438\u0440\u0430 \u0441\u0438\u0433\u0443\u0440\u043d\u043e\u0441\u0442\u0442\u0430<\/p>\n","protected":false},"featured_media":5606,"template":"","meta":{"_bbp_topic_count":0,"_bbp_reply_count":0,"_bbp_total_topic_count":0,"_bbp_total_reply_count":0,"_bbp_voice_count":0,"_bbp_anonymous_reply_count":0,"_bbp_topic_count_hidden":0,"_bbp_reply_count_hidden":0,"_bbp_forum_subforum_count":0},"product_brand":[],"product_cat":[731],"product_tag":[],"class_list":{"0":"post-5605","1":"product","2":"type-product","3":"status-publish","4":"has-post-thumbnail","6":"product_cat-731","8":"first","9":"instock","10":"shipping-taxable","11":"product-type-simple","12":"prodpage-classic"},"yoast_head":"<!-- This site is optimized with the Yoast SEO Premium plugin v26.6 (Yoast SEO v27.5) - https:\/\/yoast.com\/product\/yoast-seo-premium-wordpress\/ -->\n<title>\u043d\u043e\u0432\u0438 \u0441\u0442\u043e\u043c\u0430\u043d\u0435\u043d\u0438 \u0432\u0440\u0430\u0442\u0438- \u041c\u043e\u0434\u0435\u043b \u0441 \u0447\u0435\u0440\u043d\u0430 \u0441\u0442\u043e\u043c\u0430\u043d\u0435\u043d\u0430 \u0432\u0440\u0430\u0442\u0430<\/title>\n<meta name=\"description\" content=\"\u041d\u0430\u0439-\u043f\u043e\u043f\u0443\u043b\u044f\u0440\u043d\u0438\u0442\u0435 \u043c\u043e\u0434\u0435\u043b\u0438 \u043c\u0430\u0442\u043e\u0432\u043e \u0447\u0435\u0440\u043d\u0438 \u0441\u0442\u043e\u043c\u0430\u043d\u0435\u043d\u0438 \u0432\u0440\u0430\u0442\u0438 \u0441\u0440\u0435\u0434 \u043c\u043e\u0434\u0435\u043b\u0438\u0442\u0435 \u0441\u0442\u043e\u043c\u0430\u043d\u0435\u043d\u0438 \u0432\u0440\u0430\u0442\u0438 \u0441\u0430 \u043d\u043e\u0432\u0438\u0442\u0435 \u0441\u0442\u043e\u043c\u0430\u043d\u0435\u043d\u0438 \u0432\u0440\u0430\u0442\u0438 \u0441 \u043c\u043e\u0434\u0435\u0440\u0435\u043d \u0434\u0438\u0437\u0430\u0439\u043d \u0438 \u0434\u0432\u0435 \u0431\u0440\u0430\u0432\u0438.\" \/>\n<meta name=\"robots\" content=\"index, follow, max-snippet:-1, max-image-preview:large, max-video-preview:-1\" \/>\n<link rel=\"canonical\" href=\"https:\/\/www.kapi.ltd\/bg\/urun\/%d0%bd%d0%be%d0%b2%d0%b8-%d1%81%d1%82%d0%be%d0%bc%d0%b0%d0%bd%d0%b5%d0%bd%d0%b8-%d0%b2%d1%80%d0%b0%d1%82%d0%b8\/\" \/>\n<meta property=\"og:locale\" content=\"bg_BG\" \/>\n<meta property=\"og:type\" content=\"article\" \/>\n<meta property=\"og:title\" content=\"\u043d\u043e\u0432\u0438 \u0441\u0442\u043e\u043c\u0430\u043d\u0435\u043d\u0438 \u0432\u0440\u0430\u0442\u0438\" \/>\n<meta property=\"og:description\" content=\"\u041d\u0430\u0439-\u043f\u043e\u043f\u0443\u043b\u044f\u0440\u043d\u0438\u0442\u0435 \u043c\u043e\u0434\u0435\u043b\u0438 \u043c\u0430\u0442\u043e\u0432\u043e \u0447\u0435\u0440\u043d\u0438 \u0441\u0442\u043e\u043c\u0430\u043d\u0435\u043d\u0438 \u0432\u0440\u0430\u0442\u0438 \u0441\u0440\u0435\u0434 \u043c\u043e\u0434\u0435\u043b\u0438\u0442\u0435 \u0441\u0442\u043e\u043c\u0430\u043d\u0435\u043d\u0438 \u0432\u0440\u0430\u0442\u0438 \u0441\u0430 \u043d\u043e\u0432\u0438\u0442\u0435 \u0441\u0442\u043e\u043c\u0430\u043d\u0435\u043d\u0438 \u0432\u0440\u0430\u0442\u0438 \u0441 \u043c\u043e\u0434\u0435\u0440\u0435\u043d \u0434\u0438\u0437\u0430\u0439\u043d \u0438 \u0434\u0432\u0435 \u0431\u0440\u0430\u0432\u0438.\" \/>\n<meta property=\"og:url\" content=\"https:\/\/www.kapi.ltd\/bg\/urun\/%d0%bd%d0%be%d0%b2%d0%b8-%d1%81%d1%82%d0%be%d0%bc%d0%b0%d0%bd%d0%b5%d0%bd%d0%b8-%d0%b2%d1%80%d0%b0%d1%82%d0%b8\/\" \/>\n<meta property=\"og:site_name\" content=\"\u0130\u00e7 Oda Kap\u0131lar\u0131 - \u00c7elik kap\u0131 modelleri - apartman kap\u0131lar\u0131\" \/>\n<meta property=\"article:modified_time\" content=\"2025-10-24T20:07:40+00:00\" \/>\n<meta property=\"og:image\" content=\"https:\/\/www.kapi.ltd\/wp-content\/uploads\/2025\/10\/celik-kapi-modeli.webp\" \/>\n\t<meta property=\"og:image:width\" content=\"650\" \/>\n\t<meta property=\"og:image:height\" content=\"975\" \/>\n\t<meta property=\"og:image:type\" content=\"image\/webp\" \/>\n<meta name=\"twitter:card\" content=\"summary_large_image\" \/>\n<meta name=\"twitter:label1\" content=\"Est. reading time\" \/>\n\t<meta name=\"twitter:data1\" content=\"2 \u043c\u0438\u043d\u0443\u0442\u0438\" \/>\n<script type=\"application\/ld+json\" class=\"yoast-schema-graph\">{\"@context\":\"https:\\\/\\\/schema.org\",\"@graph\":[{\"@type\":\"WebPage\",\"@id\":\"https:\\\/\\\/www.kapi.ltd\\\/bg\\\/urun\\\/%d0%bd%d0%be%d0%b2%d0%b8-%d1%81%d1%82%d0%be%d0%bc%d0%b0%d0%bd%d0%b5%d0%bd%d0%b8-%d0%b2%d1%80%d0%b0%d1%82%d0%b8\\\/\",\"url\":\"https:\\\/\\\/www.kapi.ltd\\\/bg\\\/urun\\\/%d0%bd%d0%be%d0%b2%d0%b8-%d1%81%d1%82%d0%be%d0%bc%d0%b0%d0%bd%d0%b5%d0%bd%d0%b8-%d0%b2%d1%80%d0%b0%d1%82%d0%b8\\\/\",\"name\":\"\u043d\u043e\u0432\u0438 \u0441\u0442\u043e\u043c\u0430\u043d\u0435\u043d\u0438 \u0432\u0440\u0430\u0442\u0438- \u041c\u043e\u0434\u0435\u043b \u0441 \u0447\u0435\u0440\u043d\u0430 \u0441\u0442\u043e\u043c\u0430\u043d\u0435\u043d\u0430 \u0432\u0440\u0430\u0442\u0430\",\"isPartOf\":{\"@id\":\"https:\\\/\\\/www.kapi.ltd\\\/bg\\\/#website\"},\"primaryImageOfPage\":{\"@id\":\"https:\\\/\\\/www.kapi.ltd\\\/bg\\\/urun\\\/%d0%bd%d0%be%d0%b2%d0%b8-%d1%81%d1%82%d0%be%d0%bc%d0%b0%d0%bd%d0%b5%d0%bd%d0%b8-%d0%b2%d1%80%d0%b0%d1%82%d0%b8\\\/#primaryimage\"},\"image\":{\"@id\":\"https:\\\/\\\/www.kapi.ltd\\\/bg\\\/urun\\\/%d0%bd%d0%be%d0%b2%d0%b8-%d1%81%d1%82%d0%be%d0%bc%d0%b0%d0%bd%d0%b5%d0%bd%d0%b8-%d0%b2%d1%80%d0%b0%d1%82%d0%b8\\\/#primaryimage\"},\"thumbnailUrl\":\"https:\\\/\\\/www.kapi.ltd\\\/wp-content\\\/uploads\\\/2025\\\/10\\\/celik-kapi-modeli.webp\",\"datePublished\":\"2025-10-18T18:33:01+00:00\",\"dateModified\":\"2025-10-24T20:07:40+00:00\",\"description\":\"\u041d\u0430\u0439-\u043f\u043e\u043f\u0443\u043b\u044f\u0440\u043d\u0438\u0442\u0435 \u043c\u043e\u0434\u0435\u043b\u0438 \u043c\u0430\u0442\u043e\u0432\u043e \u0447\u0435\u0440\u043d\u0438 \u0441\u0442\u043e\u043c\u0430\u043d\u0435\u043d\u0438 \u0432\u0440\u0430\u0442\u0438 \u0441\u0440\u0435\u0434 \u043c\u043e\u0434\u0435\u043b\u0438\u0442\u0435 \u0441\u0442\u043e\u043c\u0430\u043d\u0435\u043d\u0438 \u0432\u0440\u0430\u0442\u0438 \u0441\u0430 \u043d\u043e\u0432\u0438\u0442\u0435 \u0441\u0442\u043e\u043c\u0430\u043d\u0435\u043d\u0438 \u0432\u0440\u0430\u0442\u0438 \u0441 \u043c\u043e\u0434\u0435\u0440\u0435\u043d \u0434\u0438\u0437\u0430\u0439\u043d \u0438 \u0434\u0432\u0435 \u0431\u0440\u0430\u0432\u0438.\",\"breadcrumb\":{\"@id\":\"https:\\\/\\\/www.kapi.ltd\\\/bg\\\/urun\\\/%d0%bd%d0%be%d0%b2%d0%b8-%d1%81%d1%82%d0%be%d0%bc%d0%b0%d0%bd%d0%b5%d0%bd%d0%b8-%d0%b2%d1%80%d0%b0%d1%82%d0%b8\\\/#breadcrumb\"},\"inLanguage\":\"bg-BG\",\"potentialAction\":[{\"@type\":\"ReadAction\",\"target\":[\"https:\\\/\\\/www.kapi.ltd\\\/bg\\\/urun\\\/%d0%bd%d0%be%d0%b2%d0%b8-%d1%81%d1%82%d0%be%d0%bc%d0%b0%d0%bd%d0%b5%d0%bd%d0%b8-%d0%b2%d1%80%d0%b0%d1%82%d0%b8\\\/\"]}]},{\"@type\":\"ImageObject\",\"inLanguage\":\"bg-BG\",\"@id\":\"https:\\\/\\\/www.kapi.ltd\\\/bg\\\/urun\\\/%d0%bd%d0%be%d0%b2%d0%b8-%d1%81%d1%82%d0%be%d0%bc%d0%b0%d0%bd%d0%b5%d0%bd%d0%b8-%d0%b2%d1%80%d0%b0%d1%82%d0%b8\\\/#primaryimage\",\"url\":\"https:\\\/\\\/www.kapi.ltd\\\/wp-content\\\/uploads\\\/2025\\\/10\\\/celik-kapi-modeli.webp\",\"contentUrl\":\"https:\\\/\\\/www.kapi.ltd\\\/wp-content\\\/uploads\\\/2025\\\/10\\\/celik-kapi-modeli.webp\",\"width\":650,\"height\":975,\"caption\":\"\u00e7elik kap\u0131 modeli\"},{\"@type\":\"BreadcrumbList\",\"@id\":\"https:\\\/\\\/www.kapi.ltd\\\/bg\\\/urun\\\/%d0%bd%d0%be%d0%b2%d0%b8-%d1%81%d1%82%d0%be%d0%bc%d0%b0%d0%bd%d0%b5%d0%bd%d0%b8-%d0%b2%d1%80%d0%b0%d1%82%d0%b8\\\/#breadcrumb\",\"itemListElement\":[{\"@type\":\"ListItem\",\"position\":1,\"name\":\"Anasayfa\",\"item\":\"https:\\\/\\\/www.kapi.ltd\\\/bg\\\/\"},{\"@type\":\"ListItem\",\"position\":2,\"name\":\"ic-kapi-celik-kapi-modelleri\",\"item\":\"https:\\\/\\\/www.kapi.ltd\\\/?page_id=4263\"},{\"@type\":\"ListItem\",\"position\":3,\"name\":\"\u043d\u043e\u0432\u0438 \u0441\u0442\u043e\u043c\u0430\u043d\u0435\u043d\u0438 \u0432\u0440\u0430\u0442\u0438\"}]},{\"@type\":\"WebSite\",\"@id\":\"https:\\\/\\\/www.kapi.ltd\\\/bg\\\/#website\",\"url\":\"https:\\\/\\\/www.kapi.ltd\\\/bg\\\/\",\"name\":\"\u0130\u00e7 Kap\u0131 Ve \u00c7elik Kap\u0131 Modelleri\",\"description\":\"T\u00fcrkiye Kap\u0131 Modelleri Merkezi\",\"potentialAction\":[{\"@type\":\"SearchAction\",\"target\":{\"@type\":\"EntryPoint\",\"urlTemplate\":\"https:\\\/\\\/www.kapi.ltd\\\/bg\\\/?s={search_term_string}\"},\"query-input\":{\"@type\":\"PropertyValueSpecification\",\"valueRequired\":true,\"valueName\":\"search_term_string\"}}],\"inLanguage\":\"bg-BG\"}]}<\/script>\n<!-- \/ Yoast SEO Premium plugin. -->","yoast_head_json":{"title":"\u043d\u043e\u0432\u0438 \u0441\u0442\u043e\u043c\u0430\u043d\u0435\u043d\u0438 \u0432\u0440\u0430\u0442\u0438- \u041c\u043e\u0434\u0435\u043b \u0441 \u0447\u0435\u0440\u043d\u0430 \u0441\u0442\u043e\u043c\u0430\u043d\u0435\u043d\u0430 \u0432\u0440\u0430\u0442\u0430","description":"\u041d\u0430\u0439-\u043f\u043e\u043f\u0443\u043b\u044f\u0440\u043d\u0438\u0442\u0435 \u043c\u043e\u0434\u0435\u043b\u0438 \u043c\u0430\u0442\u043e\u0432\u043e \u0447\u0435\u0440\u043d\u0438 \u0441\u0442\u043e\u043c\u0430\u043d\u0435\u043d\u0438 \u0432\u0440\u0430\u0442\u0438 \u0441\u0440\u0435\u0434 \u043c\u043e\u0434\u0435\u043b\u0438\u0442\u0435 \u0441\u0442\u043e\u043c\u0430\u043d\u0435\u043d\u0438 \u0432\u0440\u0430\u0442\u0438 \u0441\u0430 \u043d\u043e\u0432\u0438\u0442\u0435 \u0441\u0442\u043e\u043c\u0430\u043d\u0435\u043d\u0438 \u0432\u0440\u0430\u0442\u0438 \u0441 \u043c\u043e\u0434\u0435\u0440\u0435\u043d \u0434\u0438\u0437\u0430\u0439\u043d \u0438 \u0434\u0432\u0435 \u0431\u0440\u0430\u0432\u0438.","robots":{"index":"index","follow":"follow","max-snippet":"max-snippet:-1","max-image-preview":"max-image-preview:large","max-video-preview":"max-video-preview:-1"},"canonical":"https:\/\/www.kapi.ltd\/bg\/urun\/%d0%bd%d0%be%d0%b2%d0%b8-%d1%81%d1%82%d0%be%d0%bc%d0%b0%d0%bd%d0%b5%d0%bd%d0%b8-%d0%b2%d1%80%d0%b0%d1%82%d0%b8\/","og_locale":"bg_BG","og_type":"article","og_title":"\u043d\u043e\u0432\u0438 \u0441\u0442\u043e\u043c\u0430\u043d\u0435\u043d\u0438 \u0432\u0440\u0430\u0442\u0438","og_description":"\u041d\u0430\u0439-\u043f\u043e\u043f\u0443\u043b\u044f\u0440\u043d\u0438\u0442\u0435 \u043c\u043e\u0434\u0435\u043b\u0438 \u043c\u0430\u0442\u043e\u0432\u043e \u0447\u0435\u0440\u043d\u0438 \u0441\u0442\u043e\u043c\u0430\u043d\u0435\u043d\u0438 \u0432\u0440\u0430\u0442\u0438 \u0441\u0440\u0435\u0434 \u043c\u043e\u0434\u0435\u043b\u0438\u0442\u0435 \u0441\u0442\u043e\u043c\u0430\u043d\u0435\u043d\u0438 \u0432\u0440\u0430\u0442\u0438 \u0441\u0430 \u043d\u043e\u0432\u0438\u0442\u0435 \u0441\u0442\u043e\u043c\u0430\u043d\u0435\u043d\u0438 \u0432\u0440\u0430\u0442\u0438 \u0441 \u043c\u043e\u0434\u0435\u0440\u0435\u043d \u0434\u0438\u0437\u0430\u0439\u043d \u0438 \u0434\u0432\u0435 \u0431\u0440\u0430\u0432\u0438.","og_url":"https:\/\/www.kapi.ltd\/bg\/urun\/%d0%bd%d0%be%d0%b2%d0%b8-%d1%81%d1%82%d0%be%d0%bc%d0%b0%d0%bd%d0%b5%d0%bd%d0%b8-%d0%b2%d1%80%d0%b0%d1%82%d0%b8\/","og_site_name":"\u0130\u00e7 Oda Kap\u0131lar\u0131 - \u00c7elik kap\u0131 modelleri - apartman kap\u0131lar\u0131","article_modified_time":"2025-10-24T20:07:40+00:00","og_image":[{"width":650,"height":975,"url":"https:\/\/www.kapi.ltd\/wp-content\/uploads\/2025\/10\/celik-kapi-modeli.webp","type":"image\/webp"}],"twitter_card":"summary_large_image","twitter_misc":{"Est. reading time":"2 \u043c\u0438\u043d\u0443\u0442\u0438"},"schema":{"@context":"https:\/\/schema.org","@graph":[{"@type":"WebPage","@id":"https:\/\/www.kapi.ltd\/bg\/urun\/%d0%bd%d0%be%d0%b2%d0%b8-%d1%81%d1%82%d0%be%d0%bc%d0%b0%d0%bd%d0%b5%d0%bd%d0%b8-%d0%b2%d1%80%d0%b0%d1%82%d0%b8\/","url":"https:\/\/www.kapi.ltd\/bg\/urun\/%d0%bd%d0%be%d0%b2%d0%b8-%d1%81%d1%82%d0%be%d0%bc%d0%b0%d0%bd%d0%b5%d0%bd%d0%b8-%d0%b2%d1%80%d0%b0%d1%82%d0%b8\/","name":"\u043d\u043e\u0432\u0438 \u0441\u0442\u043e\u043c\u0430\u043d\u0435\u043d\u0438 \u0432\u0440\u0430\u0442\u0438- \u041c\u043e\u0434\u0435\u043b \u0441 \u0447\u0435\u0440\u043d\u0430 \u0441\u0442\u043e\u043c\u0430\u043d\u0435\u043d\u0430 \u0432\u0440\u0430\u0442\u0430","isPartOf":{"@id":"https:\/\/www.kapi.ltd\/bg\/#website"},"primaryImageOfPage":{"@id":"https:\/\/www.kapi.ltd\/bg\/urun\/%d0%bd%d0%be%d0%b2%d0%b8-%d1%81%d1%82%d0%be%d0%bc%d0%b0%d0%bd%d0%b5%d0%bd%d0%b8-%d0%b2%d1%80%d0%b0%d1%82%d0%b8\/#primaryimage"},"image":{"@id":"https:\/\/www.kapi.ltd\/bg\/urun\/%d0%bd%d0%be%d0%b2%d0%b8-%d1%81%d1%82%d0%be%d0%bc%d0%b0%d0%bd%d0%b5%d0%bd%d0%b8-%d0%b2%d1%80%d0%b0%d1%82%d0%b8\/#primaryimage"},"thumbnailUrl":"https:\/\/www.kapi.ltd\/wp-content\/uploads\/2025\/10\/celik-kapi-modeli.webp","datePublished":"2025-10-18T18:33:01+00:00","dateModified":"2025-10-24T20:07:40+00:00","description":"\u041d\u0430\u0439-\u043f\u043e\u043f\u0443\u043b\u044f\u0440\u043d\u0438\u0442\u0435 \u043c\u043e\u0434\u0435\u043b\u0438 \u043c\u0430\u0442\u043e\u0432\u043e \u0447\u0435\u0440\u043d\u0438 \u0441\u0442\u043e\u043c\u0430\u043d\u0435\u043d\u0438 \u0432\u0440\u0430\u0442\u0438 \u0441\u0440\u0435\u0434 \u043c\u043e\u0434\u0435\u043b\u0438\u0442\u0435 \u0441\u0442\u043e\u043c\u0430\u043d\u0435\u043d\u0438 \u0432\u0440\u0430\u0442\u0438 \u0441\u0430 \u043d\u043e\u0432\u0438\u0442\u0435 \u0441\u0442\u043e\u043c\u0430\u043d\u0435\u043d\u0438 \u0432\u0440\u0430\u0442\u0438 \u0441 \u043c\u043e\u0434\u0435\u0440\u0435\u043d \u0434\u0438\u0437\u0430\u0439\u043d \u0438 \u0434\u0432\u0435 \u0431\u0440\u0430\u0432\u0438.","breadcrumb":{"@id":"https:\/\/www.kapi.ltd\/bg\/urun\/%d0%bd%d0%be%d0%b2%d0%b8-%d1%81%d1%82%d0%be%d0%bc%d0%b0%d0%bd%d0%b5%d0%bd%d0%b8-%d0%b2%d1%80%d0%b0%d1%82%d0%b8\/#breadcrumb"},"inLanguage":"bg-BG","potentialAction":[{"@type":"ReadAction","target":["https:\/\/www.kapi.ltd\/bg\/urun\/%d0%bd%d0%be%d0%b2%d0%b8-%d1%81%d1%82%d0%be%d0%bc%d0%b0%d0%bd%d0%b5%d0%bd%d0%b8-%d0%b2%d1%80%d0%b0%d1%82%d0%b8\/"]}]},{"@type":"ImageObject","inLanguage":"bg-BG","@id":"https:\/\/www.kapi.ltd\/bg\/urun\/%d0%bd%d0%be%d0%b2%d0%b8-%d1%81%d1%82%d0%be%d0%bc%d0%b0%d0%bd%d0%b5%d0%bd%d0%b8-%d0%b2%d1%80%d0%b0%d1%82%d0%b8\/#primaryimage","url":"https:\/\/www.kapi.ltd\/wp-content\/uploads\/2025\/10\/celik-kapi-modeli.webp","contentUrl":"https:\/\/www.kapi.ltd\/wp-content\/uploads\/2025\/10\/celik-kapi-modeli.webp","width":650,"height":975,"caption":"\u00e7elik kap\u0131 modeli"},{"@type":"BreadcrumbList","@id":"https:\/\/www.kapi.ltd\/bg\/urun\/%d0%bd%d0%be%d0%b2%d0%b8-%d1%81%d1%82%d0%be%d0%bc%d0%b0%d0%bd%d0%b5%d0%bd%d0%b8-%d0%b2%d1%80%d0%b0%d1%82%d0%b8\/#breadcrumb","itemListElement":[{"@type":"ListItem","position":1,"name":"Anasayfa","item":"https:\/\/www.kapi.ltd\/bg\/"},{"@type":"ListItem","position":2,"name":"ic-kapi-celik-kapi-modelleri","item":"https:\/\/www.kapi.ltd\/?page_id=4263"},{"@type":"ListItem","position":3,"name":"\u043d\u043e\u0432\u0438 \u0441\u0442\u043e\u043c\u0430\u043d\u0435\u043d\u0438 \u0432\u0440\u0430\u0442\u0438"}]},{"@type":"WebSite","@id":"https:\/\/www.kapi.ltd\/bg\/#website","url":"https:\/\/www.kapi.ltd\/bg\/","name":"\u0130\u00e7 Kap\u0131 Ve \u00c7elik Kap\u0131 Modelleri","description":"T\u00fcrkiye Kap\u0131 Modelleri Merkezi","potentialAction":[{"@type":"SearchAction","target":{"@type":"EntryPoint","urlTemplate":"https:\/\/www.kapi.ltd\/bg\/?s={search_term_string}"},"query-input":{"@type":"PropertyValueSpecification","valueRequired":true,"valueName":"search_term_string"}}],"inLanguage":"bg-BG"}]}},"_links":{"self":[{"href":"https:\/\/www.kapi.ltd\/bg\/wp-json\/wp\/v2\/product\/5605","targetHints":{"allow":["GET"]}}],"collection":[{"href":"https:\/\/www.kapi.ltd\/bg\/wp-json\/wp\/v2\/product"}],"about":[{"href":"https:\/\/www.kapi.ltd\/bg\/wp-json\/wp\/v2\/types\/product"}],"version-history":[{"count":2,"href":"https:\/\/www.kapi.ltd\/bg\/wp-json\/wp\/v2\/product\/5605\/revisions"}],"predecessor-version":[{"id":5618,"href":"https:\/\/www.kapi.ltd\/bg\/wp-json\/wp\/v2\/product\/5605\/revisions\/5618"}],"wp:featuredmedia":[{"embeddable":true,"href":"https:\/\/www.kapi.ltd\/bg\/wp-json\/wp\/v2\/media\/5606"}],"wp:attachment":[{"href":"https:\/\/www.kapi.ltd\/bg\/wp-json\/wp\/v2\/media?parent=5605"}],"wp:term":[{"taxonomy":"product_brand","embeddable":true,"href":"https:\/\/www.kapi.ltd\/bg\/wp-json\/wp\/v2\/product_brand?post=5605"},{"taxonomy":"product_cat","embeddable":true,"href":"https:\/\/www.kapi.ltd\/bg\/wp-json\/wp\/v2\/product_cat?post=5605"},{"taxonomy":"product_tag","embeddable":true,"href":"https:\/\/www.kapi.ltd\/bg\/wp-json\/wp\/v2\/product_tag?post=5605"}],"curies":[{"name":"wp","href":"https:\/\/api.w.org\/{rel}","templated":true}]}}