{"id":10156,"date":"2026-03-01T00:57:22","date_gmt":"2026-02-28T21:57:22","guid":{"rendered":"https:\/\/www.kapi.ltd\/urun\/su-gecirmez-wpc-kapilar\/"},"modified":"2026-03-08T10:11:56","modified_gmt":"2026-03-08T07:11:56","slug":"su-gecirmez-wpc-kapilar","status":"publish","type":"product","link":"https:\/\/www.kapi.ltd\/bg\/urun\/su-gecirmez-wpc-kapilar\/","title":{"rendered":"Su Ge\u00e7irmez WPC Kap\u0131lar"},"content":{"rendered":"<div class=\"relative basis-auto flex-col -mb-(--composer-overlap-px) [--composer-overlap-px:28px] grow flex\">\n<div class=\"flex flex-col text-sm pb-25\">\n<article class=\"text-token-text-primary w-full focus:outline-none [--shadow-height:45px] has-data-writing-block:pointer-events-none has-data-writing-block:-mt-(--shadow-height) has-data-writing-block:pt-(--shadow-height) [&amp;:has([data-writing-block])&gt;*]:pointer-events-auto scroll-mt-[calc(var(--header-height)+min(200px,max(70px,20svh)))]\" dir=\"auto\" tabindex=\"-1\" data-turn-id=\"request-WEB:2b9e6435-ceff-4ba4-bf60-66abfd099f94-4\" data-testid=\"conversation-turn-6\" data-scroll-anchor=\"true\" data-turn=\"assistant\">\n<div class=\"text-base my-auto mx-auto pb-10 [--thread-content-margin:--spacing(4)] @w-sm\/main:[--thread-content-margin:--spacing(6)] @w-lg\/main:[--thread-content-margin:--spacing(16)] px-(--thread-content-margin)\">\n<div class=\"[--thread-content-max-width:40rem] @w-lg\/main:[--thread-content-max-width:48rem] mx-auto max-w-(--thread-content-max-width) flex-1 group\/turn-messages focus-visible:outline-hidden relative flex w-full min-w-0 flex-col agent-turn\" tabindex=\"-1\">\n<div class=\"flex max-w-full flex-col grow\">\n<div class=\"min-h-8 text-message relative flex w-full flex-col items-end gap-2 text-start break-words whitespace-normal [.text-message+&amp;]:mt-1\" dir=\"auto\" data-message-author-role=\"assistant\" data-message-id=\"7e3d4023-93e5-4f40-b9b4-ca2e1a7065cc\" data-message-model-slug=\"gpt-5-2\">\n<div class=\"flex w-full flex-col gap-1 empty:hidden first:pt-[1px]\">\n<div class=\"markdown prose dark:prose-invert w-full wrap-break-word light markdown-new-styling\">\n<div class=\"flex flex-col text-sm\">\n<article class=\"text-token-text-primary w-full focus:outline-none [--shadow-height:45px] has-data-writing-block:pointer-events-none has-data-writing-block:-mt-(--shadow-height) has-data-writing-block:pt-(--shadow-height) [&amp;:has([data-writing-block])&gt;*]:pointer-events-auto scroll-mt-[calc(var(--header-height)+min(200px,max(70px,20svh)))]\" dir=\"auto\" tabindex=\"-1\" data-turn-id=\"request-WEB:cd5deb19-94c9-483e-9ebf-bd612e199c7a-4\" data-testid=\"conversation-turn-10\" data-scroll-anchor=\"true\" data-turn=\"assistant\">\n<div class=\"text-base my-auto mx-auto pb-10 [--thread-content-margin:--spacing(4)] @w-sm\/main:[--thread-content-margin:--spacing(6)] @w-lg\/main:[--thread-content-margin:--spacing(16)] px-(--thread-content-margin)\">\n<div class=\"[--thread-content-max-width:40rem] @w-lg\/main:[--thread-content-max-width:48rem] mx-auto max-w-(--thread-content-max-width) flex-1 group\/turn-messages focus-visible:outline-hidden relative flex w-full min-w-0 flex-col agent-turn\" tabindex=\"-1\">\n<div class=\"flex max-w-full flex-col grow\">\n<div class=\"min-h-8 text-message relative flex w-full flex-col items-end gap-2 text-start break-words whitespace-normal [.text-message+&amp;]:mt-1\" dir=\"auto\" data-message-author-role=\"assistant\" data-message-id=\"b96b74e1-3daa-4b7d-9619-2887dd84cbb3\" data-message-model-slug=\"gpt-5-2\">\n<div class=\"flex w-full flex-col gap-1 empty:hidden first:pt-[1px]\">\n<div class=\"markdown prose dark:prose-invert w-full wrap-break-word light markdown-new-styling\">\n<div class=\"flex h-svh w-screen flex-col\">\n<div class=\"relative z-0 flex min-h-0 w-full flex-1\">\n<div class=\"relative flex min-h-0 w-full flex-1\">\n<div class=\"@container\/main relative flex min-w-0 flex-1 flex-col -translate-y-[calc(env(safe-area-inset-bottom,0px)\/2)] pt-[calc(env(safe-area-inset-bottom,0px)\/2)]\">\n<div class=\"@w-sm\/main:[scrollbar-gutter:stable_both-edges] touch:[scrollbar-width:none] relative flex min-h-0 min-w-0 flex-1 flex-col [scrollbar-gutter:stable] not-print:overflow-x-clip not-print:overflow-y-auto scroll-pt-(--header-height) [--sticky-padding-top:var(--header-height)] has-data-[fixed-header=less-than-xl]:@w-xl\/main:scroll-pt-0 has-data-[fixed-header=less-than-xl]:@w-xl\/main:[--sticky-padding-top:0px] has-data-[fixed-header=less-than-xxl]:@w-2xl\/main:scroll-pt-0 has-data-[fixed-header=less-than-xxl]:@w-2xl\/main:[--sticky-padding-top:0px]\" data-scroll-root=\"\">\n<p>&nbsp;<\/p>\n<div id=\"thread\" class=\"group\/thread flex flex-col min-h-full\">\n<div class=\"composer-parent flex flex-1 flex-col focus-visible:outline-0\" role=\"presentation\">\n<div class=\"relative basis-auto flex-col -mb-(--composer-overlap-px) [--composer-overlap-px:28px] grow flex\">\n<div class=\"flex flex-col text-sm pb-25\">\n<article class=\"text-token-text-primary w-full focus:outline-none [--shadow-height:45px] has-data-writing-block:pointer-events-none has-data-writing-block:-mt-(--shadow-height) has-data-writing-block:pt-(--shadow-height) [&amp;:has([data-writing-block])&gt;*]:pointer-events-auto scroll-mt-[calc(var(--header-height)+min(200px,max(70px,20svh)))]\" dir=\"auto\" tabindex=\"-1\" data-turn-id=\"request-67feb9a1-ef58-8000-b34f-988d9fd415bc-5\" data-testid=\"conversation-turn-204\" data-scroll-anchor=\"true\" data-turn=\"assistant\">\n<div class=\"text-base my-auto mx-auto pb-10 [--thread-content-margin:--spacing(4)] @w-sm\/main:[--thread-content-margin:--spacing(6)] @w-lg\/main:[--thread-content-margin:--spacing(16)] px-(--thread-content-margin)\">\n<div class=\"[--thread-content-max-width:40rem] @w-lg\/main:[--thread-content-max-width:48rem] mx-auto max-w-(--thread-content-max-width) flex-1 group\/turn-messages focus-visible:outline-hidden relative flex w-full min-w-0 flex-col agent-turn\" tabindex=\"-1\">\n<div class=\"flex max-w-full flex-col grow\">\n<div class=\"min-h-8 text-message relative flex w-full flex-col items-end gap-2 text-start break-words whitespace-normal [.text-message+&amp;]:mt-1\" dir=\"auto\" data-message-author-role=\"assistant\" data-message-id=\"da0a2ab6-2e51-48bf-9d11-b6bb78e9d757\" data-message-model-slug=\"gpt-5-mini\">\n<div class=\"flex w-full flex-col gap-1 empty:hidden first:pt-[1px]\">\n<div class=\"markdown prose dark:prose-invert w-full wrap-break-word light markdown-new-styling\">\n<h3 data-start=\"0\" data-end=\"75\">Su Ge\u00e7irmez WPC Kap\u0131lar: Konfor ve G\u00fcvenlik \u0130\u00e7in En \u0130yi Se\u00e7im<\/h3>\n<p data-start=\"77\" data-end=\"123\"><strong data-start=\"77\" data-end=\"123\">Giri\u015f: Su Ge\u00e7irmez WPC Kap\u0131lar\u0131n Y\u00fckseli\u015fi<\/strong><\/p>\n<p data-start=\"125\" data-end=\"700\">Son y\u0131llarda, ev sahipleri ve i\u015fletmeler i\u00e7in dayan\u0131kl\u0131l\u0131\u011f\u0131, esteti\u011fi ve fonksiyonelli\u011fi birle\u015ftiren \u00e7\u00f6z\u00fcmler aray\u0131\u015f\u0131 giderek artmaktad\u0131r. Bu ihtiyaca m\u00fckemmel \u015fekilde cevap veren su ge\u00e7irmez WPC kap\u0131lar, sunduklar\u0131 bir dizi avantajla \u00f6ne \u00e7\u0131kmaktad\u0131r. Ah\u015fap ve plastik kompozit (WPC) malzemeden \u00fcretilen bu kap\u0131lar, suya, a\u015f\u0131r\u0131 hava ko\u015fullar\u0131na ve termitlere kar\u015f\u0131 dayan\u0131kl\u0131d\u0131r. Ayn\u0131 zamanda, \u0131s\u0131 yal\u0131t\u0131m \u00f6zellikleriyle de enerji verimlili\u011fi sa\u011flar. Su ge\u00e7irmez WPC kap\u0131lar, evlerde, ofislerde ve ticari alanlarda konfor ve g\u00fcvenli\u011fi bir arada sunmak isteyenlerin tercihidir.<\/p>\n<p data-start=\"702\" data-end=\"742\"><strong data-start=\"702\" data-end=\"742\">Dayan\u0131kl\u0131l\u0131k ve Uzun \u00d6m\u00fcrl\u00fc Kullan\u0131m<\/strong><\/p>\n<p data-start=\"744\" data-end=\"1282\">WPC kap\u0131lar, geleneksel ah\u015fap kap\u0131lar\u0131n aksine, dayan\u0131kl\u0131l\u0131klar\u0131yla dikkat \u00e7eker. Ah\u015fap plastik kompozit malzeme, d\u0131\u015f etkenlere kar\u015f\u0131 olduk\u00e7a dayan\u0131kl\u0131d\u0131r ve uzun y\u0131llar boyunca ilk g\u00fcnk\u00fc performans\u0131n\u0131 korur. Su ge\u00e7irmez \u00f6zellikleri sayesinde, WPC kap\u0131lar rutubet, nem ve suyun neden oldu\u011fu bozulmalardan etkilenmez. Bu \u00f6zellik, \u00f6zellikle banyo, balkon veya d\u0131\u015f mekan kap\u0131lar\u0131 i\u00e7in ideal bir \u00e7\u00f6z\u00fcm sunar. WPC kap\u0131lar, a\u015f\u0131r\u0131 s\u0131cakl\u0131k de\u011fi\u015fimlerine, UV \u0131\u015f\u0131nlar\u0131na ve k\u00f6t\u00fc hava ko\u015fullar\u0131na kar\u015f\u0131 dayan\u0131kl\u0131d\u0131r, bu da onlar\u0131 uzun \u00f6m\u00fcrl\u00fc k\u0131lar.<\/p>\n<p data-start=\"1284\" data-end=\"1320\"><strong data-start=\"1284\" data-end=\"1320\">Is\u0131 Yal\u0131t\u0131m\u0131 ve Enerji Tasarrufu<\/strong><\/p>\n<p data-start=\"1322\" data-end=\"1819\">Su ge\u00e7irmez WPC kap\u0131lar, yaln\u0131zca dayan\u0131kl\u0131 de\u011fil, ayn\u0131 zamanda enerji tasarrufu sa\u011flay\u0131c\u0131d\u0131r. Kap\u0131lar\u0131n i\u00e7 yap\u0131s\u0131, \u0131s\u0131y\u0131 d\u0131\u015far\u0131da tutarken, i\u00e7erideki \u0131s\u0131n\u0131n korunmas\u0131na yard\u0131mc\u0131 olur. K\u0131\u015f\u0131n \u0131s\u0131 kayb\u0131n\u0131 engelleyerek enerji t\u00fcketimini azalt\u0131rken, yaz\u0131n ise serinli\u011fi i\u00e7erde tutar. Bu, \u00f6zellikle enerji maliyetlerinin y\u00fckseldi\u011fi g\u00fcn\u00fcm\u00fczde, WPC kap\u0131lar\u0131n avantajlar\u0131n\u0131 daha da belirginle\u015ftirir. Hem ev sahipleri hem de i\u015fletmeler i\u00e7in d\u00fc\u015f\u00fck enerji maliyetleri, uzun vadede \u00f6nemli bir tasarruf sa\u011flar.<\/p>\n<p data-start=\"1821\" data-end=\"1875\"><strong data-start=\"1821\" data-end=\"1875\">Suya Dayan\u0131kl\u0131l\u0131k ve Hava Ko\u015fullar\u0131na Kar\u015f\u0131 Koruma<\/strong><\/p>\n<p data-start=\"1877\" data-end=\"2356\">Su ge\u00e7irmez WPC kap\u0131lar, farkl\u0131 hava ko\u015fullar\u0131na kar\u015f\u0131 y\u00fcksek diren\u00e7 g\u00f6sterir. Bu kap\u0131lar, \u00f6zellikle d\u0131\u015f mekanlarda kullan\u0131ld\u0131\u011f\u0131nda ya\u011fmur, kar, nem gibi etmenlerden etkilenmeden sa\u011flaml\u0131\u011f\u0131n\u0131 korur. Geleneksel ah\u015fap kap\u0131lar, suya maruz kald\u0131klar\u0131nda genellikle deforme olur, \u015fi\u015fer veya \u00e7\u00fcr\u00fcr. Ancak WPC kap\u0131lar, suya dayan\u0131kl\u0131 yap\u0131lar\u0131 sayesinde bu t\u00fcr sorunlar\u0131n \u00f6n\u00fcne ge\u00e7er. Bu kap\u0131lar, d\u0131\u015f mekanlarda, bah\u00e7elerde, balkonlarda ve d\u0131\u015f kap\u0131larda uzun s\u00fcre g\u00fcvenle kullan\u0131labilir.<\/p>\n<p data-start=\"2358\" data-end=\"2394\"><strong data-start=\"2358\" data-end=\"2394\">Termit Kan\u0131t\u0131 ve Dayan\u0131kl\u0131 Y\u00fczey<\/strong><\/p>\n<p data-start=\"2396\" data-end=\"2910\">Bir di\u011fer \u00f6nemli \u00f6zellik ise WPC kap\u0131lar\u0131n termitlere kar\u015f\u0131 diren\u00e7li olmas\u0131d\u0131r. Ah\u015fap kap\u0131lar, zamanla termitlerin sald\u0131r\u0131s\u0131na u\u011frayabilir ve \u00e7\u00fcr\u00fcyebilir, ancak WPC kap\u0131lar bu t\u00fcr sorunlardan tamamen ar\u0131nm\u0131\u015ft\u0131r. Ayr\u0131ca, WPC kap\u0131lar \u00e7izilmelere, darbeye ve a\u015f\u0131nmalara kar\u015f\u0131 olduk\u00e7a diren\u00e7lidir. Bu, \u00f6zellikle yo\u011fun kullan\u0131lan ofislerde, ticari alanlarda veya evlerde m\u00fckemmel bir avantaj sa\u011flar. Kap\u0131lar\u0131n y\u00fczeyi, estetik a\u00e7\u0131dan ho\u015f olmakla birlikte, zamanla ya\u015fanacak fiziksel hasarlara kar\u015f\u0131 olduk\u00e7a dayan\u0131kl\u0131d\u0131r.<\/p>\n<p data-start=\"2912\" data-end=\"2951\"><strong data-start=\"2912\" data-end=\"2951\">\u00c7e\u015fitli Renk ve Tasar\u0131m Se\u00e7enekleri<\/strong><\/p>\n<p data-start=\"2953\" data-end=\"3450\">Su ge\u00e7irmez WPC kap\u0131lar\u0131n tasar\u0131m\u0131, ev sahiplerinin ve i\u015fletmelerin dekorasyon ihtiya\u00e7lar\u0131na hitap edecek \u015fekilde geni\u015f bir yelpazeye sahiptir. Klasik ah\u015fap dokusundan modern renk se\u00e7eneklerine kadar bir\u00e7ok farkl\u0131 tasar\u0131m bulunabilir. WPC kap\u0131lar, i\u00e7 ve d\u0131\u015f mekanlarda kullan\u0131lacak her t\u00fcr dekorasyon stiline uyum sa\u011flayacak renk ve desenlere sahiptir. Geleneksel g\u00f6r\u00fcn\u00fcm\u00fc tercih edenler i\u00e7in do\u011fal ah\u015fap renkleri, modern bir dokunu\u015f isteyenler i\u00e7in ise cesur ve canl\u0131 renk se\u00e7enekleri mevcuttur.<\/p>\n<p data-start=\"3452\" data-end=\"3487\"><strong data-start=\"3452\" data-end=\"3487\">Hangi Alanlarda Kullan\u0131labilir?<\/strong><\/p>\n<p data-start=\"3489\" data-end=\"3914\">Su ge\u00e7irmez WPC kap\u0131lar, \u00e7ok y\u00f6nl\u00fc yap\u0131lar\u0131 sayesinde bir\u00e7ok farkl\u0131 alanda kullan\u0131labilir. Evlerde, ofislerde, otel ve tatil k\u00f6ylerinde, restoranlarda ve di\u011fer ticari alanlarda rahatl\u0131kla kullan\u0131labilen bu kap\u0131lar, \u015f\u0131kl\u0131k ve dayan\u0131kl\u0131l\u0131\u011f\u0131 birle\u015ftirir. \u0130\u00e7 mekanlarda, \u00f6zellikle banyo, mutfak ve yatak odas\u0131 gibi nemli alanlarda kullan\u0131labilirken, d\u0131\u015f mekanlarda da balkon, bah\u00e7e ve ana giri\u015f kap\u0131lar\u0131 olarak tercih edilebilir.<\/p>\n<p data-start=\"3916\" data-end=\"3964\"><strong data-start=\"3916\" data-end=\"3964\">Sonu\u00e7: Su Ge\u00e7irmez WPC Kap\u0131lar\u0131n Avantajlar\u0131<\/strong><\/p>\n<p data-start=\"3966\" data-end=\"4418\">Su ge\u00e7irmez WPC kap\u0131lar, dayan\u0131kl\u0131l\u0131\u011f\u0131, \u015f\u0131kl\u0131\u011f\u0131, \u0131s\u0131 yal\u0131t\u0131m\u0131 ve su ge\u00e7irmez \u00f6zellikleriyle her t\u00fcrl\u00fc mekanda kullan\u0131labilen m\u00fckemmel bir \u00e7\u00f6z\u00fcmd\u00fcr. Geleneksel ah\u015fap kap\u0131lara g\u00f6re daha uzun \u00f6m\u00fcrl\u00fc, daha dayan\u0131kl\u0131 ve bak\u0131m\u0131 kolayd\u0131r. Ayr\u0131ca, enerji tasarrufu sa\u011flayarak maliyetleri d\u00fc\u015f\u00fcr\u00fcr ve estetik a\u00e7\u0131dan da modern bir g\u00f6r\u00fcn\u00fcm sunar. Su ge\u00e7irmez WPC kap\u0131lar, her mekana de\u011fer katan, uzun y\u0131llar boyunca g\u00fcvenle kullan\u0131labilecek ideal kap\u0131 t\u00fcrleridir.<\/p>\n<p data-start=\"4420\" data-end=\"4665\" data-is-last-node=\"\" data-is-only-node=\"\">WPC kap\u0131larla evinizi veya i\u015f yerinizi daha dayan\u0131kl\u0131, estetik ve enerji verimli bir hale getirebilirsiniz. Hem i\u00e7 mekanlarda hem de d\u0131\u015f mekanlarda kullan\u0131labilir olmalar\u0131, onlar\u0131 ev sahipleri ve i\u015fletmeler i\u00e7in ideal bir se\u00e7enek haline getirir.<\/p>\n<\/div>\n<\/div>\n<\/div>\n<\/div>\n<\/div>\n<\/div>\n<\/article>\n<\/div>\n<\/div>\n<\/div>\n<\/div>\n<\/div>\n<\/div>\n<\/div>\n<\/div>\n<\/div>\n<\/div>\n<\/div>\n<\/div>\n<\/div>\n<\/div>\n<\/div>\n<\/article>\n<\/div>\n<\/div>\n<\/div>\n<\/div>\n<\/div>\n<\/div>\n<\/div>\n<\/article>\n<\/div>\n<\/div>\n","protected":false},"excerpt":{"rendered":"<p>&nbsp; Su Ge\u00e7irmez WPC Kap\u0131lar: Konfor ve G\u00fcvenlik \u0130\u00e7in En \u0130yi Se\u00e7im Giri\u015f: Su Ge\u00e7irmez WPC Kap\u0131lar\u0131n Y\u00fckseli\u015fi Son y\u0131llarda, ev sahipleri ve i\u015fletmeler i\u00e7in dayan\u0131kl\u0131l\u0131\u011f\u0131, esteti\u011fi ve fonksiyonelli\u011fi birle\u015ftiren \u00e7\u00f6z\u00fcmler aray\u0131\u015f\u0131 giderek artmaktad\u0131r. Bu ihtiyaca m\u00fckemmel \u015fekilde cevap veren su ge\u00e7irmez WPC kap\u0131lar, sunduklar\u0131 bir dizi avantajla \u00f6ne \u00e7\u0131kmaktad\u0131r. Ah\u015fap ve plastik kompozit (WPC)<\/p>\n","protected":false},"featured_media":10158,"template":"","meta":{"_bbp_topic_count":0,"_bbp_reply_count":0,"_bbp_total_topic_count":0,"_bbp_total_reply_count":0,"_bbp_voice_count":0,"_bbp_anonymous_reply_count":0,"_bbp_topic_count_hidden":0,"_bbp_reply_count_hidden":0,"_bbp_forum_subforum_count":0},"product_brand":[],"product_cat":[1051],"product_tag":[],"class_list":{"0":"post-10156","1":"product","2":"type-product","3":"status-publish","4":"has-post-thumbnail","6":"product_cat-1051","8":"first","9":"instock","10":"shipping-taxable","11":"product-type-simple","12":"prodpage-classic"},"yoast_head":"<!-- This site is optimized with the Yoast SEO Premium plugin v26.6 (Yoast SEO v27.3) - https:\/\/yoast.com\/product\/yoast-seo-premium-wordpress\/ -->\n<title>Su Ge\u00e7irmez WPC Kap\u0131lar - \u0130\u00e7 Oda Kap\u0131lar\u0131 - \u00c7elik kap\u0131 modelleri - apartman kap\u0131lar\u0131<\/title>\n<meta name=\"robots\" content=\"index, follow, max-snippet:-1, max-image-preview:large, max-video-preview:-1\" \/>\n<link rel=\"canonical\" href=\"https:\/\/www.kapi.ltd\/bg\/urun\/su-gecirmez-wpc-kapilar\/\" \/>\n<meta property=\"og:locale\" content=\"bg_BG\" \/>\n<meta property=\"og:type\" content=\"article\" \/>\n<meta property=\"og:title\" content=\"Su Ge\u00e7irmez WPC Kap\u0131lar\" \/>\n<meta property=\"og:description\" content=\"&nbsp; Su Ge\u00e7irmez WPC Kap\u0131lar: Konfor ve G\u00fcvenlik \u0130\u00e7in En \u0130yi Se\u00e7im Giri\u015f: Su Ge\u00e7irmez WPC Kap\u0131lar\u0131n Y\u00fckseli\u015fi Son y\u0131llarda, ev sahipleri ve i\u015fletmeler i\u00e7in dayan\u0131kl\u0131l\u0131\u011f\u0131, esteti\u011fi ve fonksiyonelli\u011fi birle\u015ftiren \u00e7\u00f6z\u00fcmler aray\u0131\u015f\u0131 giderek artmaktad\u0131r. Bu ihtiyaca m\u00fckemmel \u015fekilde cevap veren su ge\u00e7irmez WPC kap\u0131lar, sunduklar\u0131 bir dizi avantajla \u00f6ne \u00e7\u0131kmaktad\u0131r. Ah\u015fap ve plastik kompozit (WPC)\" \/>\n<meta property=\"og:url\" content=\"https:\/\/www.kapi.ltd\/bg\/urun\/su-gecirmez-wpc-kapilar\/\" \/>\n<meta property=\"og:site_name\" content=\"\u0130\u00e7 Oda Kap\u0131lar\u0131 - \u00c7elik kap\u0131 modelleri - apartman kap\u0131lar\u0131\" \/>\n<meta property=\"article:modified_time\" content=\"2026-03-08T07:11:56+00:00\" \/>\n<meta name=\"twitter:card\" content=\"summary_large_image\" \/>\n<meta name=\"twitter:label1\" content=\"Est. reading time\" \/>\n\t<meta name=\"twitter:data1\" content=\"4 \u043c\u0438\u043d\u0443\u0442\u0438\" \/>\n<script type=\"application\/ld+json\" class=\"yoast-schema-graph\">{\"@context\":\"https:\\\/\\\/schema.org\",\"@graph\":[{\"@type\":\"WebPage\",\"@id\":\"https:\\\/\\\/www.kapi.ltd\\\/bg\\\/urun\\\/su-gecirmez-wpc-kapilar\\\/\",\"url\":\"https:\\\/\\\/www.kapi.ltd\\\/bg\\\/urun\\\/su-gecirmez-wpc-kapilar\\\/\",\"name\":\"Su Ge\u00e7irmez WPC Kap\u0131lar - \u0130\u00e7 Oda Kap\u0131lar\u0131 - \u00c7elik kap\u0131 modelleri - apartman kap\u0131lar\u0131\",\"isPartOf\":{\"@id\":\"https:\\\/\\\/www.kapi.ltd\\\/bg\\\/#website\"},\"primaryImageOfPage\":{\"@id\":\"https:\\\/\\\/www.kapi.ltd\\\/bg\\\/urun\\\/su-gecirmez-wpc-kapilar\\\/#primaryimage\"},\"image\":{\"@id\":\"https:\\\/\\\/www.kapi.ltd\\\/bg\\\/urun\\\/su-gecirmez-wpc-kapilar\\\/#primaryimage\"},\"thumbnailUrl\":\"https:\\\/\\\/www.kapi.ltd\\\/wp-content\\\/uploads\\\/2026\\\/03\\\/wpc-door-1.webp\",\"datePublished\":\"2026-02-28T21:57:22+00:00\",\"dateModified\":\"2026-03-08T07:11:56+00:00\",\"breadcrumb\":{\"@id\":\"https:\\\/\\\/www.kapi.ltd\\\/bg\\\/urun\\\/su-gecirmez-wpc-kapilar\\\/#breadcrumb\"},\"inLanguage\":\"bg-BG\",\"potentialAction\":[{\"@type\":\"ReadAction\",\"target\":[\"https:\\\/\\\/www.kapi.ltd\\\/bg\\\/urun\\\/su-gecirmez-wpc-kapilar\\\/\"]}]},{\"@type\":\"ImageObject\",\"inLanguage\":\"bg-BG\",\"@id\":\"https:\\\/\\\/www.kapi.ltd\\\/bg\\\/urun\\\/su-gecirmez-wpc-kapilar\\\/#primaryimage\",\"url\":\"https:\\\/\\\/www.kapi.ltd\\\/wp-content\\\/uploads\\\/2026\\\/03\\\/wpc-door-1.webp\",\"contentUrl\":\"https:\\\/\\\/www.kapi.ltd\\\/wp-content\\\/uploads\\\/2026\\\/03\\\/wpc-door-1.webp\",\"width\":500,\"height\":750,\"caption\":\"wpc door\"},{\"@type\":\"BreadcrumbList\",\"@id\":\"https:\\\/\\\/www.kapi.ltd\\\/bg\\\/urun\\\/su-gecirmez-wpc-kapilar\\\/#breadcrumb\",\"itemListElement\":[{\"@type\":\"ListItem\",\"position\":1,\"name\":\"Anasayfa\",\"item\":\"https:\\\/\\\/www.kapi.ltd\\\/bg\\\/\"},{\"@type\":\"ListItem\",\"position\":2,\"name\":\"ic-kapi-celik-kapi-modelleri\",\"item\":\"https:\\\/\\\/www.kapi.ltd\\\/?page_id=4263\"},{\"@type\":\"ListItem\",\"position\":3,\"name\":\"Su Ge\u00e7irmez WPC Kap\u0131lar\"}]},{\"@type\":\"WebSite\",\"@id\":\"https:\\\/\\\/www.kapi.ltd\\\/bg\\\/#website\",\"url\":\"https:\\\/\\\/www.kapi.ltd\\\/bg\\\/\",\"name\":\"\u0130\u00e7 Kap\u0131 Ve \u00c7elik Kap\u0131 Modelleri\",\"description\":\"T\u00fcrkiye Kap\u0131 Modelleri Merkezi\",\"potentialAction\":[{\"@type\":\"SearchAction\",\"target\":{\"@type\":\"EntryPoint\",\"urlTemplate\":\"https:\\\/\\\/www.kapi.ltd\\\/bg\\\/?s={search_term_string}\"},\"query-input\":{\"@type\":\"PropertyValueSpecification\",\"valueRequired\":true,\"valueName\":\"search_term_string\"}}],\"inLanguage\":\"bg-BG\"}]}<\/script>\n<!-- \/ Yoast SEO Premium plugin. -->","yoast_head_json":{"title":"Su Ge\u00e7irmez WPC Kap\u0131lar - \u0130\u00e7 Oda Kap\u0131lar\u0131 - \u00c7elik kap\u0131 modelleri - apartman kap\u0131lar\u0131","robots":{"index":"index","follow":"follow","max-snippet":"max-snippet:-1","max-image-preview":"max-image-preview:large","max-video-preview":"max-video-preview:-1"},"canonical":"https:\/\/www.kapi.ltd\/bg\/urun\/su-gecirmez-wpc-kapilar\/","og_locale":"bg_BG","og_type":"article","og_title":"Su Ge\u00e7irmez WPC Kap\u0131lar","og_description":"&nbsp; Su Ge\u00e7irmez WPC Kap\u0131lar: Konfor ve G\u00fcvenlik \u0130\u00e7in En \u0130yi Se\u00e7im Giri\u015f: Su Ge\u00e7irmez WPC Kap\u0131lar\u0131n Y\u00fckseli\u015fi Son y\u0131llarda, ev sahipleri ve i\u015fletmeler i\u00e7in dayan\u0131kl\u0131l\u0131\u011f\u0131, esteti\u011fi ve fonksiyonelli\u011fi birle\u015ftiren \u00e7\u00f6z\u00fcmler aray\u0131\u015f\u0131 giderek artmaktad\u0131r. Bu ihtiyaca m\u00fckemmel \u015fekilde cevap veren su ge\u00e7irmez WPC kap\u0131lar, sunduklar\u0131 bir dizi avantajla \u00f6ne \u00e7\u0131kmaktad\u0131r. Ah\u015fap ve plastik kompozit (WPC)","og_url":"https:\/\/www.kapi.ltd\/bg\/urun\/su-gecirmez-wpc-kapilar\/","og_site_name":"\u0130\u00e7 Oda Kap\u0131lar\u0131 - \u00c7elik kap\u0131 modelleri - apartman kap\u0131lar\u0131","article_modified_time":"2026-03-08T07:11:56+00:00","twitter_card":"summary_large_image","twitter_misc":{"Est. reading time":"4 \u043c\u0438\u043d\u0443\u0442\u0438"},"schema":{"@context":"https:\/\/schema.org","@graph":[{"@type":"WebPage","@id":"https:\/\/www.kapi.ltd\/bg\/urun\/su-gecirmez-wpc-kapilar\/","url":"https:\/\/www.kapi.ltd\/bg\/urun\/su-gecirmez-wpc-kapilar\/","name":"Su Ge\u00e7irmez WPC Kap\u0131lar - \u0130\u00e7 Oda Kap\u0131lar\u0131 - \u00c7elik kap\u0131 modelleri - apartman kap\u0131lar\u0131","isPartOf":{"@id":"https:\/\/www.kapi.ltd\/bg\/#website"},"primaryImageOfPage":{"@id":"https:\/\/www.kapi.ltd\/bg\/urun\/su-gecirmez-wpc-kapilar\/#primaryimage"},"image":{"@id":"https:\/\/www.kapi.ltd\/bg\/urun\/su-gecirmez-wpc-kapilar\/#primaryimage"},"thumbnailUrl":"https:\/\/www.kapi.ltd\/wp-content\/uploads\/2026\/03\/wpc-door-1.webp","datePublished":"2026-02-28T21:57:22+00:00","dateModified":"2026-03-08T07:11:56+00:00","breadcrumb":{"@id":"https:\/\/www.kapi.ltd\/bg\/urun\/su-gecirmez-wpc-kapilar\/#breadcrumb"},"inLanguage":"bg-BG","potentialAction":[{"@type":"ReadAction","target":["https:\/\/www.kapi.ltd\/bg\/urun\/su-gecirmez-wpc-kapilar\/"]}]},{"@type":"ImageObject","inLanguage":"bg-BG","@id":"https:\/\/www.kapi.ltd\/bg\/urun\/su-gecirmez-wpc-kapilar\/#primaryimage","url":"https:\/\/www.kapi.ltd\/wp-content\/uploads\/2026\/03\/wpc-door-1.webp","contentUrl":"https:\/\/www.kapi.ltd\/wp-content\/uploads\/2026\/03\/wpc-door-1.webp","width":500,"height":750,"caption":"wpc door"},{"@type":"BreadcrumbList","@id":"https:\/\/www.kapi.ltd\/bg\/urun\/su-gecirmez-wpc-kapilar\/#breadcrumb","itemListElement":[{"@type":"ListItem","position":1,"name":"Anasayfa","item":"https:\/\/www.kapi.ltd\/bg\/"},{"@type":"ListItem","position":2,"name":"ic-kapi-celik-kapi-modelleri","item":"https:\/\/www.kapi.ltd\/?page_id=4263"},{"@type":"ListItem","position":3,"name":"Su Ge\u00e7irmez WPC Kap\u0131lar"}]},{"@type":"WebSite","@id":"https:\/\/www.kapi.ltd\/bg\/#website","url":"https:\/\/www.kapi.ltd\/bg\/","name":"\u0130\u00e7 Kap\u0131 Ve \u00c7elik Kap\u0131 Modelleri","description":"T\u00fcrkiye Kap\u0131 Modelleri Merkezi","potentialAction":[{"@type":"SearchAction","target":{"@type":"EntryPoint","urlTemplate":"https:\/\/www.kapi.ltd\/bg\/?s={search_term_string}"},"query-input":{"@type":"PropertyValueSpecification","valueRequired":true,"valueName":"search_term_string"}}],"inLanguage":"bg-BG"}]}},"_links":{"self":[{"href":"https:\/\/www.kapi.ltd\/bg\/wp-json\/wp\/v2\/product\/10156","targetHints":{"allow":["GET"]}}],"collection":[{"href":"https:\/\/www.kapi.ltd\/bg\/wp-json\/wp\/v2\/product"}],"about":[{"href":"https:\/\/www.kapi.ltd\/bg\/wp-json\/wp\/v2\/types\/product"}],"version-history":[{"count":0,"href":"https:\/\/www.kapi.ltd\/bg\/wp-json\/wp\/v2\/product\/10156\/revisions"}],"wp:featuredmedia":[{"embeddable":true,"href":"https:\/\/www.kapi.ltd\/bg\/wp-json\/wp\/v2\/media\/10158"}],"wp:attachment":[{"href":"https:\/\/www.kapi.ltd\/bg\/wp-json\/wp\/v2\/media?parent=10156"}],"wp:term":[{"taxonomy":"product_brand","embeddable":true,"href":"https:\/\/www.kapi.ltd\/bg\/wp-json\/wp\/v2\/product_brand?post=10156"},{"taxonomy":"product_cat","embeddable":true,"href":"https:\/\/www.kapi.ltd\/bg\/wp-json\/wp\/v2\/product_cat?post=10156"},{"taxonomy":"product_tag","embeddable":true,"href":"https:\/\/www.kapi.ltd\/bg\/wp-json\/wp\/v2\/product_tag?post=10156"}],"curies":[{"name":"wp","href":"https:\/\/api.w.org\/{rel}","templated":true}]}}