{"id":10035,"date":"2026-03-01T18:25:30","date_gmt":"2026-03-01T15:25:30","guid":{"rendered":"https:\/\/www.kapi.ltd\/urun\/kompozit-villa-kapisi\/"},"modified":"2026-03-08T09:53:14","modified_gmt":"2026-03-08T06:53:14","slug":"kompozit-villa-kapisi","status":"publish","type":"product","link":"https:\/\/www.kapi.ltd\/bg\/urun\/kompozit-villa-kapisi\/","title":{"rendered":"Kompozit villa kap\u0131s\u0131"},"content":{"rendered":"<article class=\"text-token-text-primary w-full focus:outline-none [--shadow-height:45px] has-data-writing-block:pointer-events-none has-data-writing-block:-mt-(--shadow-height) has-data-writing-block:pt-(--shadow-height) [&amp;:has([data-writing-block])&gt;*]:pointer-events-auto scroll-mt-(--header-height)\" dir=\"auto\" tabindex=\"-1\" data-turn-id=\"b7fb632a-8307-4160-a1c8-2224c82b3534\" data-testid=\"conversation-turn-5\" data-scroll-anchor=\"false\" data-turn=\"user\"><\/article>\n<article class=\"text-token-text-primary w-full focus:outline-none [--shadow-height:45px] has-data-writing-block:pointer-events-none has-data-writing-block:-mt-(--shadow-height) has-data-writing-block:pt-(--shadow-height) [&amp;:has([data-writing-block])&gt;*]:pointer-events-auto scroll-mt-[calc(var(--header-height)+min(200px,max(70px,20svh)))]\" dir=\"auto\" tabindex=\"-1\" data-turn-id=\"request-WEB:59673052-fb18-4d40-b517-536d6a9e1d42-2\" data-testid=\"conversation-turn-6\" data-scroll-anchor=\"true\" data-turn=\"assistant\">\n<div class=\"text-base my-auto mx-auto pb-10 [--thread-content-margin:var(--thread-content-margin-xs,calc(var(--spacing)*4))] @w-sm\/main:[--thread-content-margin:var(--thread-content-margin-sm,calc(var(--spacing)*6))] @w-lg\/main:[--thread-content-margin:var(--thread-content-margin-lg,calc(var(--spacing)*16))] px-(--thread-content-margin)\">\n<div class=\"[--thread-content-max-width:40rem] @w-lg\/main:[--thread-content-max-width:48rem] mx-auto max-w-(--thread-content-max-width) flex-1 group\/turn-messages focus-visible:outline-hidden relative flex w-full min-w-0 flex-col agent-turn\" tabindex=\"-1\">\n<div class=\"flex max-w-full flex-col gap-4 grow\">\n<div class=\"min-h-8 text-message relative flex w-full flex-col items-end gap-2 text-start break-words whitespace-normal [.text-message+&amp;]:mt-1\" dir=\"auto\" data-message-author-role=\"assistant\" data-message-id=\"1048aa36-2524-4762-ad03-546258bc6db4\" data-message-model-slug=\"gpt-5-3\">\n<div class=\"flex w-full flex-col gap-1 empty:hidden\">\n<div class=\"markdown prose dark:prose-invert w-full wrap-break-word light markdown-new-styling\">\n<p data-start=\"0\" data-end=\"53\"><strong data-start=\"0\" data-end=\"53\">Villa Kap\u0131lar\u0131: G\u00fcvenlik, Estetik ve Dayan\u0131kl\u0131l\u0131k<\/strong><\/p>\n<p data-start=\"55\" data-end=\"507\">Villa kap\u0131lar\u0131, evlerin ve m\u00fclklerin d\u0131\u015f mekan g\u00fcvenli\u011fini sa\u011flayan, ayn\u0131 zamanda estetik a\u00e7\u0131dan zarif bir g\u00f6r\u00fcn\u00fcm sunan \u00f6nemli unsurlard\u0131r. Bir villa giri\u015finin kap\u0131s\u0131, sadece bir g\u00fcvenlik arac\u0131 de\u011fil, ayn\u0131 zamanda evin genel tasar\u0131m\u0131n\u0131 tamamlayan \u00f6nemli bir unsurdur. Bu y\u00fczden, kompozit <strong data-start=\"335\" data-end=\"353\">villa kap\u0131s\u0131<\/strong>\u00a0<strong data-start=\"355\" data-end=\"372\">kompozit kap\u0131<\/strong> ve <strong data-start=\"376\" data-end=\"398\">al\u00fcminyum d\u0131\u015f kap\u0131<\/strong> gibi modern ve dayan\u0131kl\u0131 malzemelerle \u00fcretilen se\u00e7enekler, son y\u0131llarda giderek daha pop\u00fcler hale gelmi\u015ftir.<\/p>\n<h3 data-section-id=\"u1onea\" data-start=\"509\" data-end=\"571\"><strong data-start=\"513\" data-end=\"571\">Kompozit Villa Kap\u0131lar\u0131: Estetik ve G\u00fcvenlik Bir Arada<\/strong><\/h3>\n<p data-start=\"573\" data-end=\"1007\"><strong data-start=\"573\" data-end=\"598\">Kompozit villa kap\u0131s\u0131<\/strong> \u00f6zellikle estetik ve dayan\u0131kl\u0131l\u0131k a\u00e7\u0131s\u0131ndan tercih edilen bir kap\u0131 t\u00fcr\u00fcd\u00fcr. Bu kap\u0131lar, al\u00fcminyum ve kompozit malzemelerin birle\u015fimiyle \u00fcretilir. Al\u00fcminyum kompozit malzeme, dayan\u0131kl\u0131l\u0131\u011f\u0131 ve uzun \u00f6m\u00fcrl\u00fc olu\u015fuyla bilinir. Ayn\u0131 zamanda, bu kap\u0131lar d\u0131\u015f etkenlere kar\u015f\u0131 y\u00fcksek diren\u00e7 g\u00f6sterir. \u00d6zellikle <strong data-start=\"899\" data-end=\"924\">g\u00fcne\u015fe dayan\u0131kl\u0131 kap\u0131<\/strong> se\u00e7enekleri, y\u00fcksek s\u0131cakl\u0131klar ve do\u011frudan g\u00fcne\u015f \u0131\u015f\u0131\u011f\u0131na kar\u015f\u0131 daha dayan\u0131kl\u0131d\u0131r.<\/p>\n<p data-start=\"1009\" data-end=\"1397\">Villa kap\u0131lar\u0131nda kullan\u0131lan <strong data-start=\"1038\" data-end=\"1059\">kompozit d\u0131\u015f kap\u0131<\/strong> ve <strong data-start=\"1063\" data-end=\"1085\">al\u00fcminyum d\u0131\u015f kap\u0131<\/strong> t\u00fcrleri, estetik a\u00e7\u0131dan da olduk\u00e7a \u015f\u0131k ve modern bir g\u00f6r\u00fcn\u00fcm sunar. <strong data-start=\"1154\" data-end=\"1181\">Al\u00fcminyum kompozit kap\u0131<\/strong> malzemesi, d\u0131\u015f mekan ko\u015fullar\u0131na dayan\u0131kl\u0131 olmas\u0131yla birlikte renk bozulmas\u0131 veya a\u015f\u0131nma gibi sorunlar\u0131 en aza indirir. Bu sayede, <strong data-start=\"1313\" data-end=\"1331\">villa kap\u0131lar\u0131<\/strong> uzun y\u0131llar boyunca ilk g\u00fcnk\u00fc estetik ve fonksiyonelli\u011fini korur.<\/p>\n<h3 data-section-id=\"1pntdvg\" data-start=\"1399\" data-end=\"1450\"><strong data-start=\"1403\" data-end=\"1450\">Al\u00fcminyum ve Kompozit Kap\u0131lar\u0131n Avantajlar\u0131<\/strong><\/h3>\n<p data-start=\"1452\" data-end=\"1851\">Al\u00fcminyum ve kompozit kap\u0131lar, villa giri\u015fleri i\u00e7in ideal tercihlerdir. <strong data-start=\"1524\" data-end=\"1546\">Al\u00fcminyum d\u0131\u015f kap\u0131<\/strong> ve <strong data-start=\"1550\" data-end=\"1567\">kompozit kap\u0131<\/strong> se\u00e7enekleri, her ikisi de son derece dayan\u0131kl\u0131d\u0131r. Al\u00fcminyum, hafifli\u011fi ve dayan\u0131kl\u0131l\u0131\u011f\u0131yla bilinir. Ayn\u0131 zamanda, d\u0131\u015f etkenlere kar\u015f\u0131 olduk\u00e7a diren\u00e7lidir. <strong data-start=\"1724\" data-end=\"1751\">Al\u00fcminyum kompozit kap\u0131<\/strong>lar, sadece g\u00fcvenli\u011fi art\u0131rmakla kalmaz, ayn\u0131 zamanda d\u0131\u015f mekan\u0131n estetik yap\u0131s\u0131n\u0131 da g\u00fc\u00e7lendirir.<\/p>\n<p data-start=\"1853\" data-end=\"2265\"><strong data-start=\"1853\" data-end=\"1874\">Kompozit d\u0131\u015f kap\u0131<\/strong>lar ise daha fazla \u00e7e\u015fitlilik sunar. \u0130\u00e7eri\u011finde kullan\u0131lan kompozit malzeme, \u00f6zellikle d\u0131\u015f mekanlarda kar\u015f\u0131la\u015f\u0131lan zorlu hava ko\u015fullar\u0131na dayan\u0131kl\u0131 hale getirir. G\u00fcne\u015f \u0131\u015f\u0131\u011f\u0131na ve y\u00fcksek s\u0131cakl\u0131klara kar\u015f\u0131 diren\u00e7li olan bu kap\u0131lar, \u00f6zellikle s\u0131cak iklimlere sahip b\u00f6lgelerde uzun s\u00fcre kullan\u0131labilir. Ayr\u0131ca, <strong data-start=\"2182\" data-end=\"2207\">g\u00fcne\u015fe dayan\u0131kl\u0131 kap\u0131<\/strong>lar, d\u0131\u015f mekanlarda tercih edilen \u00f6nemli bir \u00f6zelliktir.<\/p>\n<p data-start=\"2267\" data-end=\"2615\"><strong data-start=\"2267\" data-end=\"2285\">Villa kap\u0131lar\u0131<\/strong>, sadece estetik a\u00e7\u0131dan de\u011fil, ayn\u0131 zamanda g\u00fcvenlik a\u00e7\u0131s\u0131ndan da \u00f6nemli avantajlar sunar. <strong data-start=\"2376\" data-end=\"2403\">Al\u00fcminyum kompozit kap\u0131<\/strong>lar, h\u0131rs\u0131zl\u0131k ve di\u011fer d\u0131\u015f tehditlere kar\u015f\u0131 y\u00fcksek g\u00fcvenlik sa\u011flar. Ayn\u0131 zamanda, al\u00fcminyum kompozit malzeme kullan\u0131larak \u00fcretilen kap\u0131lar, uzun \u00f6m\u00fcrl\u00fc ve sa\u011flam yap\u0131lar\u0131 sayesinde zamanla eskiyip deforme olmaz.<\/p>\n<h3 data-section-id=\"1s1w16h\" data-start=\"2617\" data-end=\"2664\"><strong data-start=\"2621\" data-end=\"2664\">Villa Kap\u0131lar\u0131nda Kullan\u0131lan Malzemeler<\/strong><\/h3>\n<p data-start=\"2666\" data-end=\"3083\">Villa kap\u0131lar\u0131nda kullan\u0131lan malzemeler, g\u00fcvenlik, estetik ve dayan\u0131kl\u0131l\u0131k a\u00e7\u0131s\u0131ndan b\u00fcy\u00fck \u00f6neme sahiptir. En pop\u00fcler malzemelerden biri olan <strong data-start=\"2808\" data-end=\"2825\">kompozit kap\u0131<\/strong>lar, hem dayan\u0131kl\u0131d\u0131r hem de estetik a\u00e7\u0131dan \u015f\u0131k bir g\u00f6r\u00fcn\u00fcm sunar. Kompozit malzeme, plastik ve metalin birle\u015fiminden elde edilen, hafif ve dayan\u0131kl\u0131 bir yap\u0131ya sahiptir. Bu malzeme, d\u0131\u015f etkenlere kar\u015f\u0131 son derece diren\u00e7lidir ve uzun y\u0131llar boyunca bozulmaz.<\/p>\n<p data-start=\"3085\" data-end=\"3437\"><strong data-start=\"3085\" data-end=\"3107\">Al\u00fcminyum d\u0131\u015f kap\u0131<\/strong>lar, \u00f6zellikle villa kap\u0131lar\u0131nda yayg\u0131n olarak tercih edilen di\u011fer bir malzemedir. Al\u00fcminyum, hafifli\u011fi, dayan\u0131kl\u0131l\u0131\u011f\u0131 ve uzun \u00f6mr\u00fc ile bilinir. <strong data-start=\"3252\" data-end=\"3279\">Al\u00fcminyum kompozit kap\u0131<\/strong>lar, al\u00fcminyum ve kompozit malzemenin birle\u015fimiyle olu\u015fturulmu\u015f kap\u0131lard\u0131r ve d\u0131\u015f mekan ko\u015fullar\u0131na dayan\u0131kl\u0131 olmalar\u0131n\u0131n yan\u0131 s\u0131ra, modern bir g\u00f6r\u00fcn\u00fcm sunar.<\/p>\n<p data-start=\"3439\" data-end=\"3827\"><strong data-start=\"3439\" data-end=\"3460\">Kompozit d\u0131\u015f kap\u0131<\/strong>lar, \u00f6zellikle s\u0131cak iklimlerde ve g\u00fcne\u015f \u0131\u015f\u0131\u011f\u0131n\u0131n yo\u011fun oldu\u011fu b\u00f6lgelerde tercih edilir. Bu kap\u0131lar, g\u00fcne\u015f \u0131\u015f\u0131\u011f\u0131na kar\u015f\u0131 dayan\u0131kl\u0131d\u0131r ve renk bozulmas\u0131n\u0131 engeller. <strong data-start=\"3624\" data-end=\"3649\">G\u00fcne\u015fe dayan\u0131kl\u0131 kap\u0131<\/strong>lar, y\u00fcksek s\u0131cakl\u0131klar\u0131n ve UV \u0131\u015f\u0131nlar\u0131n\u0131n etkisini en aza indirir. Bu sayede, villa sahipleri uzun s\u00fcre boyunca kap\u0131lar\u0131n estetik ve i\u015flevsel \u00f6zelliklerinden faydalanabilirler.<\/p>\n<h3 data-section-id=\"1mfebst\" data-start=\"3829\" data-end=\"3860\"><strong data-start=\"3833\" data-end=\"3860\">Geni\u015f Kullan\u0131m Alanlar\u0131<\/strong><\/h3>\n<p data-start=\"3862\" data-end=\"4254\"><strong data-start=\"3862\" data-end=\"3887\">Kompozit villa kap\u0131s\u0131<\/strong>, g\u00fcvenli ve estetik g\u00f6r\u00fcn\u00fcm\u00fcnden dolay\u0131 bir\u00e7ok farkl\u0131 alanda kullan\u0131l\u0131r. Villa giri\u015flerinden apartman komplekslerine kadar geni\u015f bir yelpazede tercih edilmektedir. Bu kap\u0131lar, geni\u015f giri\u015fler ve d\u0131\u015f mekanlara m\u00fckemmel uyum sa\u011flar. Ayn\u0131 zamanda, <strong data-start=\"4132\" data-end=\"4150\">villa kap\u0131lar\u0131<\/strong> sadece evler i\u00e7in de\u011fil, i\u015f yerleri, okullar ve ticari binalar gibi alanlar i\u00e7in de ideal bir \u00e7\u00f6z\u00fcmd\u00fcr.<\/p>\n<p data-start=\"4256\" data-end=\"4531\">\u00d6zellikle <strong data-start=\"4266\" data-end=\"4287\">kompozit d\u0131\u015f kap\u0131<\/strong>lar, dayan\u0131kl\u0131l\u0131klar\u0131 sayesinde \u00e7e\u015fitli end\u00fcstriyel alanlarda da kullan\u0131labilir. Al\u00fcminyum ve kompozit malzemelerin birle\u015fimiyle \u00fcretilen bu kap\u0131lar, end\u00fcstriyel binalarda ve di\u011fer ticari alanlarda da uzun y\u0131llar boyunca g\u00fcvenle kullan\u0131labilir.<\/p>\n<h3 data-section-id=\"jnayva\" data-start=\"4533\" data-end=\"4546\"><strong data-start=\"4537\" data-end=\"4546\">Sonu\u00e7<\/strong><\/h3>\n<p data-start=\"4548\" data-end=\"5071\" data-is-last-node=\"\" data-is-only-node=\"\"><strong data-start=\"4548\" data-end=\"4566\">Villa kap\u0131lar\u0131<\/strong>, estetik, g\u00fcvenlik ve dayan\u0131kl\u0131l\u0131k a\u00e7\u0131s\u0131ndan m\u00fckemmel bir \u00e7\u00f6z\u00fcmd\u00fcr. <strong data-start=\"4635\" data-end=\"4652\">Kompozit kap\u0131<\/strong>, <strong data-start=\"4654\" data-end=\"4676\">al\u00fcminyum d\u0131\u015f kap\u0131<\/strong> ve <strong data-start=\"4680\" data-end=\"4701\">kompozit d\u0131\u015f kap\u0131<\/strong> gibi modern malzemelerle \u00fcretilen kap\u0131lar, hem g\u00f6rsel a\u00e7\u0131dan \u015f\u0131k hem de i\u015flevsel olarak y\u00fcksek g\u00fcvenlik sa\u011flar. <strong data-start=\"4814\" data-end=\"4841\">Al\u00fcminyum kompozit kap\u0131<\/strong>lar, \u00f6zellikle d\u0131\u015f mekanlarda uzun \u00f6m\u00fcrl\u00fc, g\u00fcne\u015fe dayan\u0131kl\u0131 ve sa\u011flam yap\u0131lar\u0131yla \u00f6ne \u00e7\u0131kar. Bu nedenle, villa sahipleri i\u00e7in <strong data-start=\"4967\" data-end=\"4992\">g\u00fcne\u015fe dayan\u0131kl\u0131 kap\u0131<\/strong> se\u00e7enekleri, uzun s\u00fcreli kullan\u0131m ve g\u00fcvenlik a\u00e7\u0131s\u0131ndan en ideal tercihlerdir.<\/p>\n<\/div>\n<\/div>\n<\/div>\n<\/div>\n<\/div>\n<\/div>\n<\/article>\n","protected":false},"excerpt":{"rendered":"<p>Villa Kap\u0131lar\u0131: G\u00fcvenlik, Estetik ve Dayan\u0131kl\u0131l\u0131k Villa kap\u0131lar\u0131, evlerin ve m\u00fclklerin d\u0131\u015f mekan g\u00fcvenli\u011fini sa\u011flayan, ayn\u0131 zamanda estetik a\u00e7\u0131dan zarif bir g\u00f6r\u00fcn\u00fcm sunan \u00f6nemli unsurlard\u0131r. Bir villa giri\u015finin kap\u0131s\u0131, sadece bir g\u00fcvenlik arac\u0131 de\u011fil, ayn\u0131 zamanda evin genel tasar\u0131m\u0131n\u0131 tamamlayan \u00f6nemli bir unsurdur. Bu y\u00fczden, kompozit villa kap\u0131s\u0131\u00a0kompozit kap\u0131 ve al\u00fcminyum d\u0131\u015f kap\u0131 gibi modern<\/p>\n","protected":false},"featured_media":10036,"template":"","meta":{"_bbp_topic_count":0,"_bbp_reply_count":0,"_bbp_total_topic_count":0,"_bbp_total_reply_count":0,"_bbp_voice_count":0,"_bbp_anonymous_reply_count":0,"_bbp_topic_count_hidden":0,"_bbp_reply_count_hidden":0,"_bbp_forum_subforum_count":0},"product_brand":[],"product_cat":[907,1051],"product_tag":[],"class_list":{"0":"post-10035","1":"product","2":"type-product","3":"status-publish","4":"has-post-thumbnail","6":"product_cat-907","7":"product_cat-1051","9":"first","10":"instock","11":"shipping-taxable","12":"product-type-simple","13":"prodpage-classic"},"yoast_head":"<!-- This site is optimized with the Yoast SEO Premium plugin v26.6 (Yoast SEO v27.3) - https:\/\/yoast.com\/product\/yoast-seo-premium-wordpress\/ -->\n<title>Kompozit villa kap\u0131s\u0131 - \u0130\u00e7 Oda Kap\u0131lar\u0131 - \u00c7elik kap\u0131 modelleri - apartman kap\u0131lar\u0131<\/title>\n<meta name=\"robots\" content=\"index, follow, max-snippet:-1, max-image-preview:large, max-video-preview:-1\" \/>\n<link rel=\"canonical\" href=\"https:\/\/www.kapi.ltd\/bg\/urun\/kompozit-villa-kapisi\/\" \/>\n<meta property=\"og:locale\" content=\"bg_BG\" \/>\n<meta property=\"og:type\" content=\"article\" \/>\n<meta property=\"og:title\" content=\"Kompozit villa kap\u0131s\u0131\" \/>\n<meta property=\"og:description\" content=\"Villa Kap\u0131lar\u0131: G\u00fcvenlik, Estetik ve Dayan\u0131kl\u0131l\u0131k Villa kap\u0131lar\u0131, evlerin ve m\u00fclklerin d\u0131\u015f mekan g\u00fcvenli\u011fini sa\u011flayan, ayn\u0131 zamanda estetik a\u00e7\u0131dan zarif bir g\u00f6r\u00fcn\u00fcm sunan \u00f6nemli unsurlard\u0131r. Bir villa giri\u015finin kap\u0131s\u0131, sadece bir g\u00fcvenlik arac\u0131 de\u011fil, ayn\u0131 zamanda evin genel tasar\u0131m\u0131n\u0131 tamamlayan \u00f6nemli bir unsurdur. Bu y\u00fczden, kompozit villa kap\u0131s\u0131\u00a0kompozit kap\u0131 ve al\u00fcminyum d\u0131\u015f kap\u0131 gibi modern\" \/>\n<meta property=\"og:url\" content=\"https:\/\/www.kapi.ltd\/bg\/urun\/kompozit-villa-kapisi\/\" \/>\n<meta property=\"og:site_name\" content=\"\u0130\u00e7 Oda Kap\u0131lar\u0131 - \u00c7elik kap\u0131 modelleri - apartman kap\u0131lar\u0131\" \/>\n<meta property=\"article:modified_time\" content=\"2026-03-08T06:53:14+00:00\" \/>\n<meta name=\"twitter:card\" content=\"summary_large_image\" \/>\n<meta name=\"twitter:label1\" content=\"Est. reading time\" \/>\n\t<meta name=\"twitter:data1\" content=\"5 \u043c\u0438\u043d\u0443\u0442\u0438\" \/>\n<script type=\"application\/ld+json\" class=\"yoast-schema-graph\">{\"@context\":\"https:\\\/\\\/schema.org\",\"@graph\":[{\"@type\":\"WebPage\",\"@id\":\"https:\\\/\\\/www.kapi.ltd\\\/bg\\\/urun\\\/kompozit-villa-kapisi\\\/\",\"url\":\"https:\\\/\\\/www.kapi.ltd\\\/bg\\\/urun\\\/kompozit-villa-kapisi\\\/\",\"name\":\"Kompozit villa kap\u0131s\u0131 - \u0130\u00e7 Oda Kap\u0131lar\u0131 - \u00c7elik kap\u0131 modelleri - apartman kap\u0131lar\u0131\",\"isPartOf\":{\"@id\":\"https:\\\/\\\/www.kapi.ltd\\\/bg\\\/#website\"},\"primaryImageOfPage\":{\"@id\":\"https:\\\/\\\/www.kapi.ltd\\\/bg\\\/urun\\\/kompozit-villa-kapisi\\\/#primaryimage\"},\"image\":{\"@id\":\"https:\\\/\\\/www.kapi.ltd\\\/bg\\\/urun\\\/kompozit-villa-kapisi\\\/#primaryimage\"},\"thumbnailUrl\":\"https:\\\/\\\/www.kapi.ltd\\\/wp-content\\\/uploads\\\/2026\\\/03\\\/kompozit-villa-kapisi.webp\",\"datePublished\":\"2026-03-01T15:25:30+00:00\",\"dateModified\":\"2026-03-08T06:53:14+00:00\",\"breadcrumb\":{\"@id\":\"https:\\\/\\\/www.kapi.ltd\\\/bg\\\/urun\\\/kompozit-villa-kapisi\\\/#breadcrumb\"},\"inLanguage\":\"bg-BG\",\"potentialAction\":[{\"@type\":\"ReadAction\",\"target\":[\"https:\\\/\\\/www.kapi.ltd\\\/bg\\\/urun\\\/kompozit-villa-kapisi\\\/\"]}]},{\"@type\":\"ImageObject\",\"inLanguage\":\"bg-BG\",\"@id\":\"https:\\\/\\\/www.kapi.ltd\\\/bg\\\/urun\\\/kompozit-villa-kapisi\\\/#primaryimage\",\"url\":\"https:\\\/\\\/www.kapi.ltd\\\/wp-content\\\/uploads\\\/2026\\\/03\\\/kompozit-villa-kapisi.webp\",\"contentUrl\":\"https:\\\/\\\/www.kapi.ltd\\\/wp-content\\\/uploads\\\/2026\\\/03\\\/kompozit-villa-kapisi.webp\",\"width\":500,\"height\":750,\"caption\":\"kompozit villa kap\u0131s\u0131\"},{\"@type\":\"BreadcrumbList\",\"@id\":\"https:\\\/\\\/www.kapi.ltd\\\/bg\\\/urun\\\/kompozit-villa-kapisi\\\/#breadcrumb\",\"itemListElement\":[{\"@type\":\"ListItem\",\"position\":1,\"name\":\"Anasayfa\",\"item\":\"https:\\\/\\\/www.kapi.ltd\\\/bg\\\/\"},{\"@type\":\"ListItem\",\"position\":2,\"name\":\"ic-kapi-celik-kapi-modelleri\",\"item\":\"https:\\\/\\\/www.kapi.ltd\\\/?page_id=4263\"},{\"@type\":\"ListItem\",\"position\":3,\"name\":\"Kompozit villa kap\u0131s\u0131\"}]},{\"@type\":\"WebSite\",\"@id\":\"https:\\\/\\\/www.kapi.ltd\\\/bg\\\/#website\",\"url\":\"https:\\\/\\\/www.kapi.ltd\\\/bg\\\/\",\"name\":\"\u0130\u00e7 Kap\u0131 Ve \u00c7elik Kap\u0131 Modelleri\",\"description\":\"T\u00fcrkiye Kap\u0131 Modelleri Merkezi\",\"potentialAction\":[{\"@type\":\"SearchAction\",\"target\":{\"@type\":\"EntryPoint\",\"urlTemplate\":\"https:\\\/\\\/www.kapi.ltd\\\/bg\\\/?s={search_term_string}\"},\"query-input\":{\"@type\":\"PropertyValueSpecification\",\"valueRequired\":true,\"valueName\":\"search_term_string\"}}],\"inLanguage\":\"bg-BG\"}]}<\/script>\n<!-- \/ Yoast SEO Premium plugin. -->","yoast_head_json":{"title":"Kompozit villa kap\u0131s\u0131 - \u0130\u00e7 Oda Kap\u0131lar\u0131 - \u00c7elik kap\u0131 modelleri - apartman kap\u0131lar\u0131","robots":{"index":"index","follow":"follow","max-snippet":"max-snippet:-1","max-image-preview":"max-image-preview:large","max-video-preview":"max-video-preview:-1"},"canonical":"https:\/\/www.kapi.ltd\/bg\/urun\/kompozit-villa-kapisi\/","og_locale":"bg_BG","og_type":"article","og_title":"Kompozit villa kap\u0131s\u0131","og_description":"Villa Kap\u0131lar\u0131: G\u00fcvenlik, Estetik ve Dayan\u0131kl\u0131l\u0131k Villa kap\u0131lar\u0131, evlerin ve m\u00fclklerin d\u0131\u015f mekan g\u00fcvenli\u011fini sa\u011flayan, ayn\u0131 zamanda estetik a\u00e7\u0131dan zarif bir g\u00f6r\u00fcn\u00fcm sunan \u00f6nemli unsurlard\u0131r. Bir villa giri\u015finin kap\u0131s\u0131, sadece bir g\u00fcvenlik arac\u0131 de\u011fil, ayn\u0131 zamanda evin genel tasar\u0131m\u0131n\u0131 tamamlayan \u00f6nemli bir unsurdur. Bu y\u00fczden, kompozit villa kap\u0131s\u0131\u00a0kompozit kap\u0131 ve al\u00fcminyum d\u0131\u015f kap\u0131 gibi modern","og_url":"https:\/\/www.kapi.ltd\/bg\/urun\/kompozit-villa-kapisi\/","og_site_name":"\u0130\u00e7 Oda Kap\u0131lar\u0131 - \u00c7elik kap\u0131 modelleri - apartman kap\u0131lar\u0131","article_modified_time":"2026-03-08T06:53:14+00:00","twitter_card":"summary_large_image","twitter_misc":{"Est. reading time":"5 \u043c\u0438\u043d\u0443\u0442\u0438"},"schema":{"@context":"https:\/\/schema.org","@graph":[{"@type":"WebPage","@id":"https:\/\/www.kapi.ltd\/bg\/urun\/kompozit-villa-kapisi\/","url":"https:\/\/www.kapi.ltd\/bg\/urun\/kompozit-villa-kapisi\/","name":"Kompozit villa kap\u0131s\u0131 - \u0130\u00e7 Oda Kap\u0131lar\u0131 - \u00c7elik kap\u0131 modelleri - apartman kap\u0131lar\u0131","isPartOf":{"@id":"https:\/\/www.kapi.ltd\/bg\/#website"},"primaryImageOfPage":{"@id":"https:\/\/www.kapi.ltd\/bg\/urun\/kompozit-villa-kapisi\/#primaryimage"},"image":{"@id":"https:\/\/www.kapi.ltd\/bg\/urun\/kompozit-villa-kapisi\/#primaryimage"},"thumbnailUrl":"https:\/\/www.kapi.ltd\/wp-content\/uploads\/2026\/03\/kompozit-villa-kapisi.webp","datePublished":"2026-03-01T15:25:30+00:00","dateModified":"2026-03-08T06:53:14+00:00","breadcrumb":{"@id":"https:\/\/www.kapi.ltd\/bg\/urun\/kompozit-villa-kapisi\/#breadcrumb"},"inLanguage":"bg-BG","potentialAction":[{"@type":"ReadAction","target":["https:\/\/www.kapi.ltd\/bg\/urun\/kompozit-villa-kapisi\/"]}]},{"@type":"ImageObject","inLanguage":"bg-BG","@id":"https:\/\/www.kapi.ltd\/bg\/urun\/kompozit-villa-kapisi\/#primaryimage","url":"https:\/\/www.kapi.ltd\/wp-content\/uploads\/2026\/03\/kompozit-villa-kapisi.webp","contentUrl":"https:\/\/www.kapi.ltd\/wp-content\/uploads\/2026\/03\/kompozit-villa-kapisi.webp","width":500,"height":750,"caption":"kompozit villa kap\u0131s\u0131"},{"@type":"BreadcrumbList","@id":"https:\/\/www.kapi.ltd\/bg\/urun\/kompozit-villa-kapisi\/#breadcrumb","itemListElement":[{"@type":"ListItem","position":1,"name":"Anasayfa","item":"https:\/\/www.kapi.ltd\/bg\/"},{"@type":"ListItem","position":2,"name":"ic-kapi-celik-kapi-modelleri","item":"https:\/\/www.kapi.ltd\/?page_id=4263"},{"@type":"ListItem","position":3,"name":"Kompozit villa kap\u0131s\u0131"}]},{"@type":"WebSite","@id":"https:\/\/www.kapi.ltd\/bg\/#website","url":"https:\/\/www.kapi.ltd\/bg\/","name":"\u0130\u00e7 Kap\u0131 Ve \u00c7elik Kap\u0131 Modelleri","description":"T\u00fcrkiye Kap\u0131 Modelleri Merkezi","potentialAction":[{"@type":"SearchAction","target":{"@type":"EntryPoint","urlTemplate":"https:\/\/www.kapi.ltd\/bg\/?s={search_term_string}"},"query-input":{"@type":"PropertyValueSpecification","valueRequired":true,"valueName":"search_term_string"}}],"inLanguage":"bg-BG"}]}},"_links":{"self":[{"href":"https:\/\/www.kapi.ltd\/bg\/wp-json\/wp\/v2\/product\/10035","targetHints":{"allow":["GET"]}}],"collection":[{"href":"https:\/\/www.kapi.ltd\/bg\/wp-json\/wp\/v2\/product"}],"about":[{"href":"https:\/\/www.kapi.ltd\/bg\/wp-json\/wp\/v2\/types\/product"}],"version-history":[{"count":0,"href":"https:\/\/www.kapi.ltd\/bg\/wp-json\/wp\/v2\/product\/10035\/revisions"}],"wp:featuredmedia":[{"embeddable":true,"href":"https:\/\/www.kapi.ltd\/bg\/wp-json\/wp\/v2\/media\/10036"}],"wp:attachment":[{"href":"https:\/\/www.kapi.ltd\/bg\/wp-json\/wp\/v2\/media?parent=10035"}],"wp:term":[{"taxonomy":"product_brand","embeddable":true,"href":"https:\/\/www.kapi.ltd\/bg\/wp-json\/wp\/v2\/product_brand?post=10035"},{"taxonomy":"product_cat","embeddable":true,"href":"https:\/\/www.kapi.ltd\/bg\/wp-json\/wp\/v2\/product_cat?post=10035"},{"taxonomy":"product_tag","embeddable":true,"href":"https:\/\/www.kapi.ltd\/bg\/wp-json\/wp\/v2\/product_tag?post=10035"}],"curies":[{"name":"wp","href":"https:\/\/api.w.org\/{rel}","templated":true}]}}