{"id":10015,"date":"2026-03-01T18:26:58","date_gmt":"2026-03-01T15:26:58","guid":{"rendered":"https:\/\/www.kapi.ltd\/urun\/cift-kanatli-celik-kapilar\/"},"modified":"2026-03-08T09:43:20","modified_gmt":"2026-03-08T06:43:20","slug":"cift-kanatli-celik-kapilar","status":"publish","type":"product","link":"https:\/\/www.kapi.ltd\/bg\/urun\/cift-kanatli-celik-kapilar\/","title":{"rendered":"\u00c7ift Kanatl\u0131 \u00c7elik Kap\u0131lar"},"content":{"rendered":"<p data-start=\"0\" data-end=\"70\"><strong data-start=\"0\" data-end=\"70\">\u00c7ift Kanatl\u0131 \u00c7elik Kap\u0131lar: G\u00fcvenli, Dayan\u0131kl\u0131 ve Estetik \u00c7\u00f6z\u00fcmler<\/strong><\/p>\n<p data-start=\"72\" data-end=\"506\">\u00c7ift kanatl\u0131 kap\u0131lar, \u00f6zellikle geni\u015f alanlar\u0131n ve b\u00fcy\u00fck giri\u015flerin oldu\u011fu yerlerde tercih edilen ideal g\u00fcvenlik \u00e7\u00f6z\u00fcmlerinden biridir. Bu kap\u0131lar, her t\u00fcr hava ko\u015fuluna kar\u015f\u0131 dayan\u0131kl\u0131, estetik a\u00e7\u0131dan \u015f\u0131k ve fonksiyonel yap\u0131lar\u0131yla dikkat \u00e7eker. \u00d6zellikle &#8222;iki kanatl\u0131 \u00e7elik kap\u0131lar&#8220; ve &#8222;\u00e7ift \u00e7elik kap\u0131lar&#8220; gibi \u00fcr\u00fcnler, g\u00fcvenlik gereksinimlerini kar\u015f\u0131lamak ve ayn\u0131 zamanda uzun \u00f6m\u00fcrl\u00fc kullan\u0131m sa\u011flamak i\u00e7in m\u00fckemmel bir tercihtir.<\/p>\n<h3 data-section-id=\"10ht5uw\" data-start=\"508\" data-end=\"552\">\u00c7ift Kanatl\u0131 \u00c7elik Kap\u0131lar\u0131n \u00d6zellikleri<\/h3>\n<p data-start=\"554\" data-end=\"1101\">\u0130ki kanatl\u0131 \u00e7elik kap\u0131lar, genellikle geni\u015f giri\u015f alanlar\u0131na sahip olan yerlerde kullan\u0131l\u0131r. Bu t\u00fcr kap\u0131lar, apartman giri\u015flerinden villalara, okul kap\u0131lar\u0131ndan d\u00fc\u011f\u00fcn salonlar\u0131na kadar her t\u00fcrl\u00fc mekanda kullan\u0131labilecek \u00f6zelliklere sahiptir. \u00c7ift kanatl\u0131 \u00e7elik kap\u0131lar, geni\u015f yap\u0131lar\u0131 sayesinde daha fazla \u0131\u015f\u0131k al\u0131r ve i\u00e7eriye daha fazla hava girmesini sa\u011flar, bu da ya\u015fam alanlar\u0131nda daha konforlu bir ortam yarat\u0131r. Ayr\u0131ca, al\u00fcminyum kompozit d\u0131\u015f y\u00fczeyiyle bu kap\u0131lar, g\u00fcne\u015f \u0131\u015f\u0131\u011f\u0131na dayan\u0131kl\u0131 olup, s\u0131cak iklimlerde bile renk bozulmas\u0131 ya\u015fanmaz.<\/p>\n<p data-start=\"1103\" data-end=\"1490\">\u00c7ift kanatl\u0131 \u00e7elik kap\u0131lar\u0131n bir di\u011fer avantaj\u0131, g\u00fcvenlik \u00f6nlemleri a\u00e7\u0131s\u0131ndan olduk\u00e7a g\u00fc\u00e7l\u00fc olmalar\u0131d\u0131r. Bu kap\u0131lar, kal\u0131n \u00e7elik ve al\u00fcminyum kompozit malzemelerle \u00fcretilerek hem h\u0131rs\u0131zl\u0131k hem de d\u0131\u015f etkenlere kar\u015f\u0131 y\u00fcksek bir diren\u00e7 g\u00f6sterir. G\u00fcvenli\u011finizi art\u0131rmak i\u00e7in tercih edilebilecek bu kap\u0131lar, \u00f6zellikle apartman giri\u015fleri ve villa gibi \u00f6zel m\u00fclklerde yayg\u0131n olarak kullan\u0131l\u0131r.<\/p>\n<h3 data-section-id=\"oyny96\" data-start=\"1492\" data-end=\"1548\">\u00c7ift Kanatl\u0131 \u00c7elik Kap\u0131lar\u0131n Geni\u015f Kullan\u0131m Alanlar\u0131<\/h3>\n<p data-start=\"1550\" data-end=\"1963\">\u00c7ift kanatl\u0131 \u00e7elik kap\u0131lar, \u00f6zellikle geni\u015f giri\u015f alanlar\u0131na ihtiya\u00e7 duyulan yerlerde tercih edilmektedir. Bu kap\u0131lar, hem estetik hem de g\u00fcvenlik anlam\u0131nda bir arada \u00e7\u00f6z\u00fcm sunar. \u0130ki kanatl\u0131 \u00e7elik kap\u0131lar, her t\u00fcr yerle\u015fim alan\u0131na uyum sa\u011flayabilecek \u015fekilde tasarlanm\u0131\u015ft\u0131r. Geni\u015f kullan\u0131m alanlar\u0131, b\u00fcy\u00fck giri\u015flere sahip binalar\u0131n, villalar\u0131n, okullar\u0131n ve d\u00fc\u011f\u00fcn salonlar\u0131n\u0131n \u00f6ncelikli tercihi haline gelmi\u015ftir.<\/p>\n<h4 data-start=\"1965\" data-end=\"2012\">1. <strong data-start=\"1973\" data-end=\"2012\">Apartman Giri\u015fleri ve Site Kap\u0131lar\u0131<\/strong><\/h4>\n<p data-start=\"2013\" data-end=\"2368\">Geni\u015f apartman giri\u015fleri veya site kap\u0131lar\u0131, g\u00fcvenli\u011fi art\u0131rmak ve giri\u015fleri daha estetik hale getirmek i\u00e7in &#8222;\u00e7ift \u00e7elik kap\u0131lar&#8220; ile donat\u0131lmaktad\u0131r. Bu kap\u0131lar, zorlu hava ko\u015fullar\u0131na kar\u015f\u0131 dayan\u0131kl\u0131 olmalar\u0131n\u0131n yan\u0131 s\u0131ra, d\u0131\u015far\u0131dan gelecek m\u00fcdahalelere kar\u015f\u0131 da olduk\u00e7a diren\u00e7lidir. Hem pratik hem de g\u00fcvenli olan bu kap\u0131lar, her a\u00e7\u0131dan avantaj sa\u011flar.<\/p>\n<h4 data-start=\"2370\" data-end=\"2402\">2. <strong data-start=\"2378\" data-end=\"2402\">Villa Giri\u015f Kap\u0131lar\u0131<\/strong><\/h4>\n<p data-start=\"2403\" data-end=\"2745\">Villalarda genellikle \u015f\u0131k ve g\u00fcvenli kap\u0131lar tercih edilmektedir. \u0130ki kanatl\u0131 \u00e7elik kap\u0131lar, villa giri\u015flerinin ihtiyac\u0131 olan geni\u015f alan\u0131 sa\u011flar ve g\u00fcvenli\u011fi artt\u0131r\u0131r. Ayr\u0131ca, al\u00fcminyum kompozit malzemeler sayesinde uzun y\u0131llar boyunca formunu korur ve g\u00fcne\u015f \u0131\u015f\u0131\u011f\u0131na dayan\u0131kl\u0131d\u0131r, bu da villalar\u0131n d\u0131\u015f mekanlar\u0131nda estetik bir g\u00f6r\u00fcn\u00fcm sa\u011flar.<\/p>\n<h4 data-start=\"2747\" data-end=\"2772\">3. <strong data-start=\"2755\" data-end=\"2772\">Okul Kap\u0131lar\u0131<\/strong><\/h4>\n<p data-start=\"2773\" data-end=\"3045\">Okullar i\u00e7in g\u00fcvenli\u011fin \u00f6n planda oldu\u011fu kap\u0131 ihtiyac\u0131 olduk\u00e7a y\u00fcksektir. \u00c7ift kanatl\u0131 \u00e7elik kap\u0131lar, okul giri\u015flerinde hem \u00f6\u011frenciler hem de \u00f6\u011fretmenler i\u00e7in g\u00fcvenli bir alan sa\u011flar. Ayn\u0131 zamanda, dayan\u0131kl\u0131 yap\u0131lar\u0131 sayesinde okul giri\u015flerinde uzun y\u0131llar kullan\u0131labilir.<\/p>\n<h4 data-start=\"3047\" data-end=\"3080\">4. <strong data-start=\"3055\" data-end=\"3080\">D\u00fc\u011f\u00fcn Salonu Kap\u0131lar\u0131<\/strong><\/h4>\n<p data-start=\"3081\" data-end=\"3437\">D\u00fc\u011f\u00fcn salonlar\u0131 ve di\u011fer b\u00fcy\u00fck etkinlik alanlar\u0131, genellikle kalabal\u0131k gruplara ev sahipli\u011fi yapar. Bu t\u00fcr mekanlar i\u00e7in geni\u015f ve sa\u011flam giri\u015f kap\u0131lar\u0131 gereklidir. \u0130ki kanatl\u0131 \u00e7elik kap\u0131lar, geni\u015f giri\u015f alanlar\u0131n\u0131 kapsayacak \u015fekilde tasarlanarak d\u00fc\u011f\u00fcn salonlar\u0131n\u0131n \u015f\u0131kl\u0131\u011f\u0131n\u0131 artt\u0131r\u0131r. Ayn\u0131 zamanda bu kap\u0131lar, etkinlik s\u0131ras\u0131nda y\u00fcksek g\u00fcvenli\u011fi de sa\u011flar.<\/p>\n<h3 data-section-id=\"8mk2h2\" data-start=\"3439\" data-end=\"3500\">G\u00fcne\u015fe Dayan\u0131kl\u0131 \u00c7ift Kanatl\u0131 \u00c7elik Kap\u0131lar\u0131n Avantajlar\u0131<\/h3>\n<p data-start=\"3502\" data-end=\"3887\">G\u00fcne\u015f \u0131\u015f\u0131\u011f\u0131na dayan\u0131kl\u0131 &#8222;iki kanatl\u0131 \u00e7elik kap\u0131lar&#8220; d\u0131\u015f mekanlarda kullan\u0131m i\u00e7in ideal bir \u00e7\u00f6z\u00fcmd\u00fcr. Al\u00fcminyum kompozit malzemeler, kap\u0131lar\u0131n d\u0131\u015f y\u00fczeyini koruyarak uzun y\u0131llar boyunca renk de\u011fi\u015fimi ve bozulma ya\u015fanmas\u0131n\u0131 engeller. Ayr\u0131ca, bu kap\u0131lar dayan\u0131kl\u0131 yap\u0131lar\u0131 sayesinde yaln\u0131zca g\u00fcne\u015f \u0131\u015f\u0131\u011f\u0131na de\u011fil, ayn\u0131 zamanda ya\u011fmur ve di\u011fer d\u0131\u015f etkenlere kar\u015f\u0131 da g\u00fc\u00e7l\u00fc bir koruma sunar.<\/p>\n<p data-start=\"3889\" data-end=\"4256\">G\u00fcne\u015fe dayan\u0131kl\u0131 \u00e7elik kap\u0131lar\u0131n en \u00f6nemli avantajlar\u0131ndan biri, bu kap\u0131lar\u0131n renklerinin uzun s\u00fcre boyunca solmamas\u0131d\u0131r. Al\u00fcminyum kompozit malzeme, g\u00fcne\u015f \u0131\u015f\u0131\u011f\u0131na maruz kald\u0131\u011f\u0131nda bile renk de\u011fi\u015fimlerini engeller ve kap\u0131lar\u0131n g\u00f6r\u00fcn\u00fcm\u00fcn\u00fc her zaman yeni tutar. Bu \u00f6zellik, \u00f6zellikle d\u0131\u015f mekanlarda s\u0131k\u00e7a kar\u015f\u0131la\u015f\u0131lan bir sorun olan renk bozulmalar\u0131n\u0131 ortadan kald\u0131r\u0131r.<\/p>\n<h3 data-section-id=\"1iqnxmo\" data-start=\"4258\" data-end=\"4311\">\u00c7ift Kanatl\u0131 \u00c7elik Kap\u0131lar\u0131n G\u00fcvenlik \u00d6zellikleri<\/h3>\n<p data-start=\"4313\" data-end=\"4810\">\u00c7ift kanatl\u0131 \u00e7elik kap\u0131lar, g\u00fcvenlik a\u00e7\u0131s\u0131ndan da \u00fcst d\u00fczey bir performans sergiler. \u00c7elik kap\u0131lar, \u00f6zellikle kal\u0131n \u00e7elik levhalardan \u00fcretilir ve g\u00fc\u00e7l\u00fc yap\u0131lar\u0131 sayesinde h\u0131rs\u0131zl\u0131k gibi d\u0131\u015f tehditlere kar\u015f\u0131 m\u00fckemmel bir koruma sa\u011flar. Kap\u0131lar\u0131n i\u00e7inde kullan\u0131lan al\u00fcminyum kompozit malzeme, sadece estetik a\u00e7\u0131dan de\u011fil, ayn\u0131 zamanda g\u00fcvenlik a\u00e7\u0131s\u0131ndan da katk\u0131 sa\u011flar. Bu malzeme, darbelere kar\u015f\u0131 olduk\u00e7a dayan\u0131kl\u0131d\u0131r ve d\u0131\u015far\u0131dan yap\u0131lacak herhangi bir m\u00fcdahaleye kar\u015f\u0131 direncini uzun s\u00fcre korur.<\/p>\n<p data-start=\"4812\" data-end=\"5048\">Geni\u015f a\u00e7\u0131labilir yap\u0131lar\u0131 sayesinde, \u00e7ift kanatl\u0131 \u00e7elik kap\u0131lar, giri\u015flerinizi olduk\u00e7a g\u00fcvenli bir \u015fekilde korurken ayn\u0131 zamanda kolayca a\u00e7\u0131labilir. Bu \u00f6zellik, \u00f6zellikle y\u00fcksek g\u00fcvenlik gereksinimi duyan alanlar i\u00e7in olduk\u00e7a \u00f6nemlidir.<\/p>\n<h3 data-section-id=\"77u8zq\" data-start=\"5050\" data-end=\"5059\">Sonu\u00e7<\/h3>\n<p data-start=\"5061\" data-end=\"5526\" data-is-last-node=\"\" data-is-only-node=\"\">\u00c7ift kanatl\u0131 \u00e7elik kap\u0131lar, estetik, g\u00fcvenlik ve dayan\u0131kl\u0131l\u0131k a\u00e7\u0131s\u0131ndan m\u00fckemmel bir \u00e7\u00f6z\u00fcm sunar. Geni\u015f kullan\u0131m alanlar\u0131 sayesinde, apartman giri\u015flerinden villalara, okul kap\u0131lar\u0131ndan d\u00fc\u011f\u00fcn salonlar\u0131na kadar her alanda kullan\u0131labilir. Ayr\u0131ca, g\u00fcne\u015fe dayan\u0131kl\u0131 yap\u0131lar\u0131 ve al\u00fcminyum kompozit y\u00fczeyleri sayesinde uzun \u00f6m\u00fcrl\u00fcd\u00fcr ve renk bozulmas\u0131na kar\u015f\u0131 diren\u00e7lidir. Bu \u00f6zellikleriyle &#8222;iki kanatl\u0131 \u00e7elik kap\u0131lar&#8220; hem fonksiyonel hem de \u015f\u0131k bir g\u00fcvenlik \u00e7\u00f6z\u00fcm\u00fc sunar.<\/p>\n","protected":false},"excerpt":{"rendered":"<p>\u00c7ift Kanatl\u0131 \u00c7elik Kap\u0131lar: G\u00fcvenli, Dayan\u0131kl\u0131 ve Estetik \u00c7\u00f6z\u00fcmler \u00c7ift kanatl\u0131 kap\u0131lar, \u00f6zellikle geni\u015f alanlar\u0131n ve b\u00fcy\u00fck giri\u015flerin oldu\u011fu yerlerde tercih edilen ideal g\u00fcvenlik \u00e7\u00f6z\u00fcmlerinden biridir. Bu kap\u0131lar, her t\u00fcr hava ko\u015fuluna kar\u015f\u0131 dayan\u0131kl\u0131, estetik a\u00e7\u0131dan \u015f\u0131k ve fonksiyonel yap\u0131lar\u0131yla dikkat \u00e7eker. \u00d6zellikle &#8222;iki kanatl\u0131 \u00e7elik kap\u0131lar&#8220; ve &#8222;\u00e7ift \u00e7elik kap\u0131lar&#8220; gibi \u00fcr\u00fcnler, g\u00fcvenlik gereksinimlerini<\/p>\n","protected":false},"featured_media":10016,"template":"","meta":{"_bbp_topic_count":0,"_bbp_reply_count":0,"_bbp_total_topic_count":0,"_bbp_total_reply_count":0,"_bbp_voice_count":0,"_bbp_anonymous_reply_count":0,"_bbp_topic_count_hidden":0,"_bbp_reply_count_hidden":0,"_bbp_forum_subforum_count":0},"product_brand":[],"product_cat":[907,1051],"product_tag":[],"class_list":{"0":"post-10015","1":"product","2":"type-product","3":"status-publish","4":"has-post-thumbnail","6":"product_cat-907","7":"product_cat-1051","9":"first","10":"instock","11":"shipping-taxable","12":"product-type-simple","13":"prodpage-classic"},"yoast_head":"<!-- This site is optimized with the Yoast SEO Premium plugin v26.6 (Yoast SEO v27.3) - https:\/\/yoast.com\/product\/yoast-seo-premium-wordpress\/ -->\n<title>\u00c7ift Kanatl\u0131 \u00c7elik Kap\u0131lar - \u0130\u00e7 Oda Kap\u0131lar\u0131 - \u00c7elik kap\u0131 modelleri - apartman kap\u0131lar\u0131<\/title>\n<meta name=\"robots\" content=\"index, follow, max-snippet:-1, max-image-preview:large, max-video-preview:-1\" \/>\n<link rel=\"canonical\" href=\"https:\/\/www.kapi.ltd\/bg\/urun\/cift-kanatli-celik-kapilar\/\" \/>\n<meta property=\"og:locale\" content=\"bg_BG\" \/>\n<meta property=\"og:type\" content=\"article\" \/>\n<meta property=\"og:title\" content=\"\u00c7ift Kanatl\u0131 \u00c7elik Kap\u0131lar\" \/>\n<meta property=\"og:description\" content=\"\u00c7ift Kanatl\u0131 \u00c7elik Kap\u0131lar: G\u00fcvenli, Dayan\u0131kl\u0131 ve Estetik \u00c7\u00f6z\u00fcmler \u00c7ift kanatl\u0131 kap\u0131lar, \u00f6zellikle geni\u015f alanlar\u0131n ve b\u00fcy\u00fck giri\u015flerin oldu\u011fu yerlerde tercih edilen ideal g\u00fcvenlik \u00e7\u00f6z\u00fcmlerinden biridir. Bu kap\u0131lar, her t\u00fcr hava ko\u015fuluna kar\u015f\u0131 dayan\u0131kl\u0131, estetik a\u00e7\u0131dan \u015f\u0131k ve fonksiyonel yap\u0131lar\u0131yla dikkat \u00e7eker. \u00d6zellikle &#8222;iki kanatl\u0131 \u00e7elik kap\u0131lar&#8220; ve &#8222;\u00e7ift \u00e7elik kap\u0131lar&#8220; gibi \u00fcr\u00fcnler, g\u00fcvenlik gereksinimlerini\" \/>\n<meta property=\"og:url\" content=\"https:\/\/www.kapi.ltd\/bg\/urun\/cift-kanatli-celik-kapilar\/\" \/>\n<meta property=\"og:site_name\" content=\"\u0130\u00e7 Oda Kap\u0131lar\u0131 - \u00c7elik kap\u0131 modelleri - apartman kap\u0131lar\u0131\" \/>\n<meta property=\"article:modified_time\" content=\"2026-03-08T06:43:20+00:00\" \/>\n<meta name=\"twitter:card\" content=\"summary_large_image\" \/>\n<meta name=\"twitter:label1\" content=\"Est. reading time\" \/>\n\t<meta name=\"twitter:data1\" content=\"5 \u043c\u0438\u043d\u0443\u0442\u0438\" \/>\n<script type=\"application\/ld+json\" class=\"yoast-schema-graph\">{\"@context\":\"https:\\\/\\\/schema.org\",\"@graph\":[{\"@type\":\"WebPage\",\"@id\":\"https:\\\/\\\/www.kapi.ltd\\\/bg\\\/urun\\\/cift-kanatli-celik-kapilar\\\/\",\"url\":\"https:\\\/\\\/www.kapi.ltd\\\/bg\\\/urun\\\/cift-kanatli-celik-kapilar\\\/\",\"name\":\"\u00c7ift Kanatl\u0131 \u00c7elik Kap\u0131lar - \u0130\u00e7 Oda Kap\u0131lar\u0131 - \u00c7elik kap\u0131 modelleri - apartman kap\u0131lar\u0131\",\"isPartOf\":{\"@id\":\"https:\\\/\\\/www.kapi.ltd\\\/bg\\\/#website\"},\"primaryImageOfPage\":{\"@id\":\"https:\\\/\\\/www.kapi.ltd\\\/bg\\\/urun\\\/cift-kanatli-celik-kapilar\\\/#primaryimage\"},\"image\":{\"@id\":\"https:\\\/\\\/www.kapi.ltd\\\/bg\\\/urun\\\/cift-kanatli-celik-kapilar\\\/#primaryimage\"},\"thumbnailUrl\":\"https:\\\/\\\/www.kapi.ltd\\\/wp-content\\\/uploads\\\/2026\\\/03\\\/dis-kapisi-9.webp\",\"datePublished\":\"2026-03-01T15:26:58+00:00\",\"dateModified\":\"2026-03-08T06:43:20+00:00\",\"breadcrumb\":{\"@id\":\"https:\\\/\\\/www.kapi.ltd\\\/bg\\\/urun\\\/cift-kanatli-celik-kapilar\\\/#breadcrumb\"},\"inLanguage\":\"bg-BG\",\"potentialAction\":[{\"@type\":\"ReadAction\",\"target\":[\"https:\\\/\\\/www.kapi.ltd\\\/bg\\\/urun\\\/cift-kanatli-celik-kapilar\\\/\"]}]},{\"@type\":\"ImageObject\",\"inLanguage\":\"bg-BG\",\"@id\":\"https:\\\/\\\/www.kapi.ltd\\\/bg\\\/urun\\\/cift-kanatli-celik-kapilar\\\/#primaryimage\",\"url\":\"https:\\\/\\\/www.kapi.ltd\\\/wp-content\\\/uploads\\\/2026\\\/03\\\/dis-kapisi-9.webp\",\"contentUrl\":\"https:\\\/\\\/www.kapi.ltd\\\/wp-content\\\/uploads\\\/2026\\\/03\\\/dis-kapisi-9.webp\",\"width\":500,\"height\":750,\"caption\":\"d\u0131\u015f kap\u0131\"},{\"@type\":\"BreadcrumbList\",\"@id\":\"https:\\\/\\\/www.kapi.ltd\\\/bg\\\/urun\\\/cift-kanatli-celik-kapilar\\\/#breadcrumb\",\"itemListElement\":[{\"@type\":\"ListItem\",\"position\":1,\"name\":\"Anasayfa\",\"item\":\"https:\\\/\\\/www.kapi.ltd\\\/bg\\\/\"},{\"@type\":\"ListItem\",\"position\":2,\"name\":\"ic-kapi-celik-kapi-modelleri\",\"item\":\"https:\\\/\\\/www.kapi.ltd\\\/?page_id=4263\"},{\"@type\":\"ListItem\",\"position\":3,\"name\":\"\u00c7ift Kanatl\u0131 \u00c7elik Kap\u0131lar\"}]},{\"@type\":\"WebSite\",\"@id\":\"https:\\\/\\\/www.kapi.ltd\\\/bg\\\/#website\",\"url\":\"https:\\\/\\\/www.kapi.ltd\\\/bg\\\/\",\"name\":\"\u0130\u00e7 Kap\u0131 Ve \u00c7elik Kap\u0131 Modelleri\",\"description\":\"T\u00fcrkiye Kap\u0131 Modelleri Merkezi\",\"potentialAction\":[{\"@type\":\"SearchAction\",\"target\":{\"@type\":\"EntryPoint\",\"urlTemplate\":\"https:\\\/\\\/www.kapi.ltd\\\/bg\\\/?s={search_term_string}\"},\"query-input\":{\"@type\":\"PropertyValueSpecification\",\"valueRequired\":true,\"valueName\":\"search_term_string\"}}],\"inLanguage\":\"bg-BG\"}]}<\/script>\n<!-- \/ Yoast SEO Premium plugin. -->","yoast_head_json":{"title":"\u00c7ift Kanatl\u0131 \u00c7elik Kap\u0131lar - \u0130\u00e7 Oda Kap\u0131lar\u0131 - \u00c7elik kap\u0131 modelleri - apartman kap\u0131lar\u0131","robots":{"index":"index","follow":"follow","max-snippet":"max-snippet:-1","max-image-preview":"max-image-preview:large","max-video-preview":"max-video-preview:-1"},"canonical":"https:\/\/www.kapi.ltd\/bg\/urun\/cift-kanatli-celik-kapilar\/","og_locale":"bg_BG","og_type":"article","og_title":"\u00c7ift Kanatl\u0131 \u00c7elik Kap\u0131lar","og_description":"\u00c7ift Kanatl\u0131 \u00c7elik Kap\u0131lar: G\u00fcvenli, Dayan\u0131kl\u0131 ve Estetik \u00c7\u00f6z\u00fcmler \u00c7ift kanatl\u0131 kap\u0131lar, \u00f6zellikle geni\u015f alanlar\u0131n ve b\u00fcy\u00fck giri\u015flerin oldu\u011fu yerlerde tercih edilen ideal g\u00fcvenlik \u00e7\u00f6z\u00fcmlerinden biridir. Bu kap\u0131lar, her t\u00fcr hava ko\u015fuluna kar\u015f\u0131 dayan\u0131kl\u0131, estetik a\u00e7\u0131dan \u015f\u0131k ve fonksiyonel yap\u0131lar\u0131yla dikkat \u00e7eker. \u00d6zellikle &#8222;iki kanatl\u0131 \u00e7elik kap\u0131lar&#8220; ve &#8222;\u00e7ift \u00e7elik kap\u0131lar&#8220; gibi \u00fcr\u00fcnler, g\u00fcvenlik gereksinimlerini","og_url":"https:\/\/www.kapi.ltd\/bg\/urun\/cift-kanatli-celik-kapilar\/","og_site_name":"\u0130\u00e7 Oda Kap\u0131lar\u0131 - \u00c7elik kap\u0131 modelleri - apartman kap\u0131lar\u0131","article_modified_time":"2026-03-08T06:43:20+00:00","twitter_card":"summary_large_image","twitter_misc":{"Est. reading time":"5 \u043c\u0438\u043d\u0443\u0442\u0438"},"schema":{"@context":"https:\/\/schema.org","@graph":[{"@type":"WebPage","@id":"https:\/\/www.kapi.ltd\/bg\/urun\/cift-kanatli-celik-kapilar\/","url":"https:\/\/www.kapi.ltd\/bg\/urun\/cift-kanatli-celik-kapilar\/","name":"\u00c7ift Kanatl\u0131 \u00c7elik Kap\u0131lar - \u0130\u00e7 Oda Kap\u0131lar\u0131 - \u00c7elik kap\u0131 modelleri - apartman kap\u0131lar\u0131","isPartOf":{"@id":"https:\/\/www.kapi.ltd\/bg\/#website"},"primaryImageOfPage":{"@id":"https:\/\/www.kapi.ltd\/bg\/urun\/cift-kanatli-celik-kapilar\/#primaryimage"},"image":{"@id":"https:\/\/www.kapi.ltd\/bg\/urun\/cift-kanatli-celik-kapilar\/#primaryimage"},"thumbnailUrl":"https:\/\/www.kapi.ltd\/wp-content\/uploads\/2026\/03\/dis-kapisi-9.webp","datePublished":"2026-03-01T15:26:58+00:00","dateModified":"2026-03-08T06:43:20+00:00","breadcrumb":{"@id":"https:\/\/www.kapi.ltd\/bg\/urun\/cift-kanatli-celik-kapilar\/#breadcrumb"},"inLanguage":"bg-BG","potentialAction":[{"@type":"ReadAction","target":["https:\/\/www.kapi.ltd\/bg\/urun\/cift-kanatli-celik-kapilar\/"]}]},{"@type":"ImageObject","inLanguage":"bg-BG","@id":"https:\/\/www.kapi.ltd\/bg\/urun\/cift-kanatli-celik-kapilar\/#primaryimage","url":"https:\/\/www.kapi.ltd\/wp-content\/uploads\/2026\/03\/dis-kapisi-9.webp","contentUrl":"https:\/\/www.kapi.ltd\/wp-content\/uploads\/2026\/03\/dis-kapisi-9.webp","width":500,"height":750,"caption":"d\u0131\u015f kap\u0131"},{"@type":"BreadcrumbList","@id":"https:\/\/www.kapi.ltd\/bg\/urun\/cift-kanatli-celik-kapilar\/#breadcrumb","itemListElement":[{"@type":"ListItem","position":1,"name":"Anasayfa","item":"https:\/\/www.kapi.ltd\/bg\/"},{"@type":"ListItem","position":2,"name":"ic-kapi-celik-kapi-modelleri","item":"https:\/\/www.kapi.ltd\/?page_id=4263"},{"@type":"ListItem","position":3,"name":"\u00c7ift Kanatl\u0131 \u00c7elik Kap\u0131lar"}]},{"@type":"WebSite","@id":"https:\/\/www.kapi.ltd\/bg\/#website","url":"https:\/\/www.kapi.ltd\/bg\/","name":"\u0130\u00e7 Kap\u0131 Ve \u00c7elik Kap\u0131 Modelleri","description":"T\u00fcrkiye Kap\u0131 Modelleri Merkezi","potentialAction":[{"@type":"SearchAction","target":{"@type":"EntryPoint","urlTemplate":"https:\/\/www.kapi.ltd\/bg\/?s={search_term_string}"},"query-input":{"@type":"PropertyValueSpecification","valueRequired":true,"valueName":"search_term_string"}}],"inLanguage":"bg-BG"}]}},"_links":{"self":[{"href":"https:\/\/www.kapi.ltd\/bg\/wp-json\/wp\/v2\/product\/10015","targetHints":{"allow":["GET"]}}],"collection":[{"href":"https:\/\/www.kapi.ltd\/bg\/wp-json\/wp\/v2\/product"}],"about":[{"href":"https:\/\/www.kapi.ltd\/bg\/wp-json\/wp\/v2\/types\/product"}],"version-history":[{"count":0,"href":"https:\/\/www.kapi.ltd\/bg\/wp-json\/wp\/v2\/product\/10015\/revisions"}],"wp:featuredmedia":[{"embeddable":true,"href":"https:\/\/www.kapi.ltd\/bg\/wp-json\/wp\/v2\/media\/10016"}],"wp:attachment":[{"href":"https:\/\/www.kapi.ltd\/bg\/wp-json\/wp\/v2\/media?parent=10015"}],"wp:term":[{"taxonomy":"product_brand","embeddable":true,"href":"https:\/\/www.kapi.ltd\/bg\/wp-json\/wp\/v2\/product_brand?post=10015"},{"taxonomy":"product_cat","embeddable":true,"href":"https:\/\/www.kapi.ltd\/bg\/wp-json\/wp\/v2\/product_cat?post=10015"},{"taxonomy":"product_tag","embeddable":true,"href":"https:\/\/www.kapi.ltd\/bg\/wp-json\/wp\/v2\/product_tag?post=10015"}],"curies":[{"name":"wp","href":"https:\/\/api.w.org\/{rel}","templated":true}]}}