{"id":8859,"date":"2025-10-05T05:55:33","date_gmt":"2025-10-05T05:55:33","guid":{"rendered":"https:\/\/www.kapi.ltd\/urun\/ic-kapi-modelleri-8\/"},"modified":"2026-01-17T11:56:39","modified_gmt":"2026-01-17T08:56:39","slug":"%d9%85%d9%88%d8%af%d9%8a%d9%84%d8%a7%d8%aa-%d8%a7%d9%84%d8%a3%d8%a8%d9%88%d8%a7%d8%a8-%d8%a7%d9%84%d8%af%d8%a7%d8%ae%d9%84%d9%8a%d8%a9-8","status":"publish","type":"product","link":"https:\/\/www.kapi.ltd\/ar\/urun\/%d9%85%d9%88%d8%af%d9%8a%d9%84%d8%a7%d8%aa-%d8%a7%d9%84%d8%a3%d8%a8%d9%88%d8%a7%d8%a8-%d8%a7%d9%84%d8%af%d8%a7%d8%ae%d9%84%d9%8a%d8%a9-8\/","title":{"rendered":"\u0645\u0648\u062f\u064a\u0644\u0627\u062a \u0627\u0644\u0623\u0628\u0648\u0627\u0628 \u0627\u0644\u062f\u0627\u062e\u0644\u064a\u0629"},"content":{"rendered":"","protected":false},"excerpt":{"rendered":"","protected":false},"featured_media":8860,"template":"","meta":{"_bbp_topic_count":0,"_bbp_reply_count":0,"_bbp_total_topic_count":0,"_bbp_total_reply_count":0,"_bbp_voice_count":0,"_bbp_anonymous_reply_count":0,"_bbp_topic_count_hidden":0,"_bbp_reply_count_hidden":0,"_bbp_forum_subforum_count":0},"product_brand":[],"product_cat":[902,786],"product_tag":[],"class_list":{"0":"post-8859","1":"product","2":"type-product","3":"status-publish","4":"has-post-thumbnail","6":"product_cat-902","7":"product_cat-786","9":"first","10":"instock","11":"shipping-taxable","12":"product-type-simple","13":"prodpage-classic"},"yoast_head":"<!-- This site is optimized with the Yoast SEO Premium plugin v26.6 (Yoast SEO v27.4) - https:\/\/yoast.com\/product\/yoast-seo-premium-wordpress\/ -->\n<title>\u0646\u0645\u0627\u0630\u062c \u0627\u0644\u0623\u0628\u0648\u0627\u0628 \u0627\u0644\u062f\u0627\u062e\u0644\u064a\u0629 - \u0646\u0645\u0627\u0630\u062c \u0627\u0644\u0623\u0628\u0648\u0627\u0628 - \u0628\u0627\u0628 \u062f\u0627\u062e\u0644\u064a - \u0646\u0645\u0648\u0630\u062c \u0627\u0644\u0623\u0628\u0648\u0627\u0628 \u0627\u0644\u062f\u0627\u062e\u0644\u064a\u0629<\/title>\n<meta name=\"description\" content=\"\u062a\u064f\u0636\u0641\u064a \u0623\u0628\u0648\u0627\u0628 \u0627\u0644\u063a\u0631\u0641 \u0627\u0644\u062f\u0627\u062e\u0644\u064a\u0629 \u0644\u0645\u0633\u0629 \u0645\u0646 \u0627\u0644\u0623\u0646\u0627\u0642\u0629 \u0639\u0644\u0649 \u0623\u064a \u0645\u0643\u0627\u0646 \u0628\u0641\u0636\u0644 \u062a\u0635\u0627\u0645\u064a\u0645\u0647\u0627 \u0627\u0644\u0631\u0627\u0642\u064a\u0629 \u0648\u0645\u062a\u0627\u0646\u062a\u0647\u0627. \u0643\u0644 \u0637\u0631\u0627\u0632 \u0645\u0646 \u0623\u0628\u0648\u0627\u0628 \u0627\u0644\u063a\u0631\u0641 \u0627\u0644\u062f\u0627\u062e\u0644\u064a\u0629 \u0645\u062b\u0627\u0644\u064a \u0645\u0646 \u062d\u064a\u062b \u0627\u0644\u062c\u0645\u0627\u0644 \u0648\u0627\u0644\u0627\u0633\u062a\u062e\u062f\u0627\u0645 \u0637\u0648\u064a\u0644 \u0627\u0644\u0623\u0645\u062f.\" \/>\n<meta name=\"robots\" content=\"index, follow, max-snippet:-1, max-image-preview:large, max-video-preview:-1\" \/>\n<link rel=\"canonical\" href=\"https:\/\/www.kapi.ltd\/ar\/urun\/%d9%85%d9%88%d8%af%d9%8a%d9%84%d8%a7%d8%aa-%d8%a7%d9%84%d8%a3%d8%a8%d9%88%d8%a7%d8%a8-%d8%a7%d9%84%d8%af%d8%a7%d8%ae%d9%84%d9%8a%d8%a9-8\/\" \/>\n<meta property=\"og:locale\" content=\"ar_AR\" \/>\n<meta property=\"og:type\" content=\"article\" \/>\n<meta property=\"og:title\" content=\"\u0645\u0648\u062f\u064a\u0644\u0627\u062a \u0627\u0644\u0623\u0628\u0648\u0627\u0628 \u0627\u0644\u062f\u0627\u062e\u0644\u064a\u0629\" \/>\n<meta property=\"og:description\" content=\"\u062a\u064f\u0636\u0641\u064a \u0623\u0628\u0648\u0627\u0628 \u0627\u0644\u063a\u0631\u0641 \u0627\u0644\u062f\u0627\u062e\u0644\u064a\u0629 \u0644\u0645\u0633\u0629 \u0645\u0646 \u0627\u0644\u0623\u0646\u0627\u0642\u0629 \u0639\u0644\u0649 \u0623\u064a \u0645\u0643\u0627\u0646 \u0628\u0641\u0636\u0644 \u062a\u0635\u0627\u0645\u064a\u0645\u0647\u0627 \u0627\u0644\u0631\u0627\u0642\u064a\u0629 \u0648\u0645\u062a\u0627\u0646\u062a\u0647\u0627. \u0643\u0644 \u0637\u0631\u0627\u0632 \u0645\u0646 \u0623\u0628\u0648\u0627\u0628 \u0627\u0644\u063a\u0631\u0641 \u0627\u0644\u062f\u0627\u062e\u0644\u064a\u0629 \u0645\u062b\u0627\u0644\u064a \u0645\u0646 \u062d\u064a\u062b \u0627\u0644\u062c\u0645\u0627\u0644 \u0648\u0627\u0644\u0627\u0633\u062a\u062e\u062f\u0627\u0645 \u0637\u0648\u064a\u0644 \u0627\u0644\u0623\u0645\u062f.\" \/>\n<meta property=\"og:url\" content=\"https:\/\/www.kapi.ltd\/ar\/urun\/%d9%85%d9%88%d8%af%d9%8a%d9%84%d8%a7%d8%aa-%d8%a7%d9%84%d8%a3%d8%a8%d9%88%d8%a7%d8%a8-%d8%a7%d9%84%d8%af%d8%a7%d8%ae%d9%84%d9%8a%d8%a9-8\/\" \/>\n<meta property=\"og:site_name\" content=\"\u0130\u00e7 Oda Kap\u0131lar\u0131 - \u00c7elik kap\u0131 modelleri - apartman kap\u0131lar\u0131\" \/>\n<meta property=\"article:modified_time\" content=\"2026-01-17T08:56:39+00:00\" \/>\n<meta property=\"og:image\" content=\"https:\/\/www.kapi.ltd\/wp-content\/uploads\/2025\/10\/ic-kapi-modelleri_9.webp\" \/>\n\t<meta property=\"og:image:width\" content=\"650\" \/>\n\t<meta property=\"og:image:height\" content=\"975\" \/>\n\t<meta property=\"og:image:type\" content=\"image\/webp\" \/>\n<meta name=\"twitter:card\" content=\"summary_large_image\" \/>\n<meta name=\"twitter:label1\" content=\"\u0648\u0642\u062a \u0627\u0644\u0642\u0631\u0627\u0621\u0629 \u0627\u0644\u0645\u064f\u0642\u062f\u0651\u0631\" \/>\n\t<meta name=\"twitter:data1\" content=\"1 \u062f\u0642\u064a\u0642\u0629\" \/>\n<script type=\"application\/ld+json\" class=\"yoast-schema-graph\">{\"@context\":\"https:\\\/\\\/schema.org\",\"@graph\":[{\"@type\":\"WebPage\",\"@id\":\"https:\\\/\\\/www.kapi.ltd\\\/ar\\\/urun\\\/%d9%85%d9%88%d8%af%d9%8a%d9%84%d8%a7%d8%aa-%d8%a7%d9%84%d8%a3%d8%a8%d9%88%d8%a7%d8%a8-%d8%a7%d9%84%d8%af%d8%a7%d8%ae%d9%84%d9%8a%d8%a9-8\\\/\",\"url\":\"https:\\\/\\\/www.kapi.ltd\\\/ar\\\/urun\\\/%d9%85%d9%88%d8%af%d9%8a%d9%84%d8%a7%d8%aa-%d8%a7%d9%84%d8%a3%d8%a8%d9%88%d8%a7%d8%a8-%d8%a7%d9%84%d8%af%d8%a7%d8%ae%d9%84%d9%8a%d8%a9-8\\\/\",\"name\":\"\u0646\u0645\u0627\u0630\u062c \u0627\u0644\u0623\u0628\u0648\u0627\u0628 \u0627\u0644\u062f\u0627\u062e\u0644\u064a\u0629 - \u0646\u0645\u0627\u0630\u062c \u0627\u0644\u0623\u0628\u0648\u0627\u0628 - \u0628\u0627\u0628 \u062f\u0627\u062e\u0644\u064a - \u0646\u0645\u0648\u0630\u062c \u0627\u0644\u0623\u0628\u0648\u0627\u0628 \u0627\u0644\u062f\u0627\u062e\u0644\u064a\u0629\",\"isPartOf\":{\"@id\":\"https:\\\/\\\/www.kapi.ltd\\\/ar\\\/#website\"},\"primaryImageOfPage\":{\"@id\":\"https:\\\/\\\/www.kapi.ltd\\\/ar\\\/urun\\\/%d9%85%d9%88%d8%af%d9%8a%d9%84%d8%a7%d8%aa-%d8%a7%d9%84%d8%a3%d8%a8%d9%88%d8%a7%d8%a8-%d8%a7%d9%84%d8%af%d8%a7%d8%ae%d9%84%d9%8a%d8%a9-8\\\/#primaryimage\"},\"image\":{\"@id\":\"https:\\\/\\\/www.kapi.ltd\\\/ar\\\/urun\\\/%d9%85%d9%88%d8%af%d9%8a%d9%84%d8%a7%d8%aa-%d8%a7%d9%84%d8%a3%d8%a8%d9%88%d8%a7%d8%a8-%d8%a7%d9%84%d8%af%d8%a7%d8%ae%d9%84%d9%8a%d8%a9-8\\\/#primaryimage\"},\"thumbnailUrl\":\"https:\\\/\\\/www.kapi.ltd\\\/wp-content\\\/uploads\\\/2025\\\/10\\\/ic-kapi-modelleri_9.webp\",\"datePublished\":\"2025-10-05T05:55:33+00:00\",\"dateModified\":\"2026-01-17T08:56:39+00:00\",\"description\":\"\u062a\u064f\u0636\u0641\u064a \u0623\u0628\u0648\u0627\u0628 \u0627\u0644\u063a\u0631\u0641 \u0627\u0644\u062f\u0627\u062e\u0644\u064a\u0629 \u0644\u0645\u0633\u0629 \u0645\u0646 \u0627\u0644\u0623\u0646\u0627\u0642\u0629 \u0639\u0644\u0649 \u0623\u064a \u0645\u0643\u0627\u0646 \u0628\u0641\u0636\u0644 \u062a\u0635\u0627\u0645\u064a\u0645\u0647\u0627 \u0627\u0644\u0631\u0627\u0642\u064a\u0629 \u0648\u0645\u062a\u0627\u0646\u062a\u0647\u0627. \u0643\u0644 \u0637\u0631\u0627\u0632 \u0645\u0646 \u0623\u0628\u0648\u0627\u0628 \u0627\u0644\u063a\u0631\u0641 \u0627\u0644\u062f\u0627\u062e\u0644\u064a\u0629 \u0645\u062b\u0627\u0644\u064a \u0645\u0646 \u062d\u064a\u062b \u0627\u0644\u062c\u0645\u0627\u0644 \u0648\u0627\u0644\u0627\u0633\u062a\u062e\u062f\u0627\u0645 \u0637\u0648\u064a\u0644 \u0627\u0644\u0623\u0645\u062f.\",\"breadcrumb\":{\"@id\":\"https:\\\/\\\/www.kapi.ltd\\\/ar\\\/urun\\\/%d9%85%d9%88%d8%af%d9%8a%d9%84%d8%a7%d8%aa-%d8%a7%d9%84%d8%a3%d8%a8%d9%88%d8%a7%d8%a8-%d8%a7%d9%84%d8%af%d8%a7%d8%ae%d9%84%d9%8a%d8%a9-8\\\/#breadcrumb\"},\"inLanguage\":\"ar\",\"potentialAction\":[{\"@type\":\"ReadAction\",\"target\":[\"https:\\\/\\\/www.kapi.ltd\\\/ar\\\/urun\\\/%d9%85%d9%88%d8%af%d9%8a%d9%84%d8%a7%d8%aa-%d8%a7%d9%84%d8%a3%d8%a8%d9%88%d8%a7%d8%a8-%d8%a7%d9%84%d8%af%d8%a7%d8%ae%d9%84%d9%8a%d8%a9-8\\\/\"]}]},{\"@type\":\"ImageObject\",\"inLanguage\":\"ar\",\"@id\":\"https:\\\/\\\/www.kapi.ltd\\\/ar\\\/urun\\\/%d9%85%d9%88%d8%af%d9%8a%d9%84%d8%a7%d8%aa-%d8%a7%d9%84%d8%a3%d8%a8%d9%88%d8%a7%d8%a8-%d8%a7%d9%84%d8%af%d8%a7%d8%ae%d9%84%d9%8a%d8%a9-8\\\/#primaryimage\",\"url\":\"https:\\\/\\\/www.kapi.ltd\\\/wp-content\\\/uploads\\\/2025\\\/10\\\/ic-kapi-modelleri_9.webp\",\"contentUrl\":\"https:\\\/\\\/www.kapi.ltd\\\/wp-content\\\/uploads\\\/2025\\\/10\\\/ic-kapi-modelleri_9.webp\",\"width\":650,\"height\":975,\"caption\":\"i\u00e7 kap\u0131 modelleri\"},{\"@type\":\"BreadcrumbList\",\"@id\":\"https:\\\/\\\/www.kapi.ltd\\\/ar\\\/urun\\\/%d9%85%d9%88%d8%af%d9%8a%d9%84%d8%a7%d8%aa-%d8%a7%d9%84%d8%a3%d8%a8%d9%88%d8%a7%d8%a8-%d8%a7%d9%84%d8%af%d8%a7%d8%ae%d9%84%d9%8a%d8%a9-8\\\/#breadcrumb\",\"itemListElement\":[{\"@type\":\"ListItem\",\"position\":1,\"name\":\"Anasayfa\",\"item\":\"https:\\\/\\\/www.kapi.ltd\\\/ar\\\/\"},{\"@type\":\"ListItem\",\"position\":2,\"name\":\"ic-kapi-celik-kapi-modelleri\",\"item\":\"https:\\\/\\\/www.kapi.ltd\\\/?page_id=4263\"},{\"@type\":\"ListItem\",\"position\":3,\"name\":\"\u0645\u0648\u062f\u064a\u0644\u0627\u062a \u0627\u0644\u0623\u0628\u0648\u0627\u0628 \u0627\u0644\u062f\u0627\u062e\u0644\u064a\u0629\"}]},{\"@type\":\"WebSite\",\"@id\":\"https:\\\/\\\/www.kapi.ltd\\\/ar\\\/#website\",\"url\":\"https:\\\/\\\/www.kapi.ltd\\\/ar\\\/\",\"name\":\"\u0130\u00e7 Kap\u0131 Ve \u00c7elik Kap\u0131 Modelleri\",\"description\":\"T\u00fcrkiye Kap\u0131 Modelleri Merkezi\",\"potentialAction\":[{\"@type\":\"SearchAction\",\"target\":{\"@type\":\"EntryPoint\",\"urlTemplate\":\"https:\\\/\\\/www.kapi.ltd\\\/ar\\\/?s={search_term_string}\"},\"query-input\":{\"@type\":\"PropertyValueSpecification\",\"valueRequired\":true,\"valueName\":\"search_term_string\"}}],\"inLanguage\":\"ar\"}]}<\/script>\n<!-- \/ Yoast SEO Premium plugin. -->","yoast_head_json":{"title":"\u0646\u0645\u0627\u0630\u062c \u0627\u0644\u0623\u0628\u0648\u0627\u0628 \u0627\u0644\u062f\u0627\u062e\u0644\u064a\u0629 - \u0646\u0645\u0627\u0630\u062c \u0627\u0644\u0623\u0628\u0648\u0627\u0628 - \u0628\u0627\u0628 \u062f\u0627\u062e\u0644\u064a - \u0646\u0645\u0648\u0630\u062c \u0627\u0644\u0623\u0628\u0648\u0627\u0628 \u0627\u0644\u062f\u0627\u062e\u0644\u064a\u0629","description":"\u062a\u064f\u0636\u0641\u064a \u0623\u0628\u0648\u0627\u0628 \u0627\u0644\u063a\u0631\u0641 \u0627\u0644\u062f\u0627\u062e\u0644\u064a\u0629 \u0644\u0645\u0633\u0629 \u0645\u0646 \u0627\u0644\u0623\u0646\u0627\u0642\u0629 \u0639\u0644\u0649 \u0623\u064a \u0645\u0643\u0627\u0646 \u0628\u0641\u0636\u0644 \u062a\u0635\u0627\u0645\u064a\u0645\u0647\u0627 \u0627\u0644\u0631\u0627\u0642\u064a\u0629 \u0648\u0645\u062a\u0627\u0646\u062a\u0647\u0627. \u0643\u0644 \u0637\u0631\u0627\u0632 \u0645\u0646 \u0623\u0628\u0648\u0627\u0628 \u0627\u0644\u063a\u0631\u0641 \u0627\u0644\u062f\u0627\u062e\u0644\u064a\u0629 \u0645\u062b\u0627\u0644\u064a \u0645\u0646 \u062d\u064a\u062b \u0627\u0644\u062c\u0645\u0627\u0644 \u0648\u0627\u0644\u0627\u0633\u062a\u062e\u062f\u0627\u0645 \u0637\u0648\u064a\u0644 \u0627\u0644\u0623\u0645\u062f.","robots":{"index":"index","follow":"follow","max-snippet":"max-snippet:-1","max-image-preview":"max-image-preview:large","max-video-preview":"max-video-preview:-1"},"canonical":"https:\/\/www.kapi.ltd\/ar\/urun\/%d9%85%d9%88%d8%af%d9%8a%d9%84%d8%a7%d8%aa-%d8%a7%d9%84%d8%a3%d8%a8%d9%88%d8%a7%d8%a8-%d8%a7%d9%84%d8%af%d8%a7%d8%ae%d9%84%d9%8a%d8%a9-8\/","og_locale":"ar_AR","og_type":"article","og_title":"\u0645\u0648\u062f\u064a\u0644\u0627\u062a \u0627\u0644\u0623\u0628\u0648\u0627\u0628 \u0627\u0644\u062f\u0627\u062e\u0644\u064a\u0629","og_description":"\u062a\u064f\u0636\u0641\u064a \u0623\u0628\u0648\u0627\u0628 \u0627\u0644\u063a\u0631\u0641 \u0627\u0644\u062f\u0627\u062e\u0644\u064a\u0629 \u0644\u0645\u0633\u0629 \u0645\u0646 \u0627\u0644\u0623\u0646\u0627\u0642\u0629 \u0639\u0644\u0649 \u0623\u064a \u0645\u0643\u0627\u0646 \u0628\u0641\u0636\u0644 \u062a\u0635\u0627\u0645\u064a\u0645\u0647\u0627 \u0627\u0644\u0631\u0627\u0642\u064a\u0629 \u0648\u0645\u062a\u0627\u0646\u062a\u0647\u0627. \u0643\u0644 \u0637\u0631\u0627\u0632 \u0645\u0646 \u0623\u0628\u0648\u0627\u0628 \u0627\u0644\u063a\u0631\u0641 \u0627\u0644\u062f\u0627\u062e\u0644\u064a\u0629 \u0645\u062b\u0627\u0644\u064a \u0645\u0646 \u062d\u064a\u062b \u0627\u0644\u062c\u0645\u0627\u0644 \u0648\u0627\u0644\u0627\u0633\u062a\u062e\u062f\u0627\u0645 \u0637\u0648\u064a\u0644 \u0627\u0644\u0623\u0645\u062f.","og_url":"https:\/\/www.kapi.ltd\/ar\/urun\/%d9%85%d9%88%d8%af%d9%8a%d9%84%d8%a7%d8%aa-%d8%a7%d9%84%d8%a3%d8%a8%d9%88%d8%a7%d8%a8-%d8%a7%d9%84%d8%af%d8%a7%d8%ae%d9%84%d9%8a%d8%a9-8\/","og_site_name":"\u0130\u00e7 Oda Kap\u0131lar\u0131 - \u00c7elik kap\u0131 modelleri - apartman kap\u0131lar\u0131","article_modified_time":"2026-01-17T08:56:39+00:00","og_image":[{"width":650,"height":975,"url":"https:\/\/www.kapi.ltd\/wp-content\/uploads\/2025\/10\/ic-kapi-modelleri_9.webp","type":"image\/webp"}],"twitter_card":"summary_large_image","twitter_misc":{"\u0648\u0642\u062a \u0627\u0644\u0642\u0631\u0627\u0621\u0629 \u0627\u0644\u0645\u064f\u0642\u062f\u0651\u0631":"1 \u062f\u0642\u064a\u0642\u0629"},"schema":{"@context":"https:\/\/schema.org","@graph":[{"@type":"WebPage","@id":"https:\/\/www.kapi.ltd\/ar\/urun\/%d9%85%d9%88%d8%af%d9%8a%d9%84%d8%a7%d8%aa-%d8%a7%d9%84%d8%a3%d8%a8%d9%88%d8%a7%d8%a8-%d8%a7%d9%84%d8%af%d8%a7%d8%ae%d9%84%d9%8a%d8%a9-8\/","url":"https:\/\/www.kapi.ltd\/ar\/urun\/%d9%85%d9%88%d8%af%d9%8a%d9%84%d8%a7%d8%aa-%d8%a7%d9%84%d8%a3%d8%a8%d9%88%d8%a7%d8%a8-%d8%a7%d9%84%d8%af%d8%a7%d8%ae%d9%84%d9%8a%d8%a9-8\/","name":"\u0646\u0645\u0627\u0630\u062c \u0627\u0644\u0623\u0628\u0648\u0627\u0628 \u0627\u0644\u062f\u0627\u062e\u0644\u064a\u0629 - \u0646\u0645\u0627\u0630\u062c \u0627\u0644\u0623\u0628\u0648\u0627\u0628 - \u0628\u0627\u0628 \u062f\u0627\u062e\u0644\u064a - \u0646\u0645\u0648\u0630\u062c \u0627\u0644\u0623\u0628\u0648\u0627\u0628 \u0627\u0644\u062f\u0627\u062e\u0644\u064a\u0629","isPartOf":{"@id":"https:\/\/www.kapi.ltd\/ar\/#website"},"primaryImageOfPage":{"@id":"https:\/\/www.kapi.ltd\/ar\/urun\/%d9%85%d9%88%d8%af%d9%8a%d9%84%d8%a7%d8%aa-%d8%a7%d9%84%d8%a3%d8%a8%d9%88%d8%a7%d8%a8-%d8%a7%d9%84%d8%af%d8%a7%d8%ae%d9%84%d9%8a%d8%a9-8\/#primaryimage"},"image":{"@id":"https:\/\/www.kapi.ltd\/ar\/urun\/%d9%85%d9%88%d8%af%d9%8a%d9%84%d8%a7%d8%aa-%d8%a7%d9%84%d8%a3%d8%a8%d9%88%d8%a7%d8%a8-%d8%a7%d9%84%d8%af%d8%a7%d8%ae%d9%84%d9%8a%d8%a9-8\/#primaryimage"},"thumbnailUrl":"https:\/\/www.kapi.ltd\/wp-content\/uploads\/2025\/10\/ic-kapi-modelleri_9.webp","datePublished":"2025-10-05T05:55:33+00:00","dateModified":"2026-01-17T08:56:39+00:00","description":"\u062a\u064f\u0636\u0641\u064a \u0623\u0628\u0648\u0627\u0628 \u0627\u0644\u063a\u0631\u0641 \u0627\u0644\u062f\u0627\u062e\u0644\u064a\u0629 \u0644\u0645\u0633\u0629 \u0645\u0646 \u0627\u0644\u0623\u0646\u0627\u0642\u0629 \u0639\u0644\u0649 \u0623\u064a \u0645\u0643\u0627\u0646 \u0628\u0641\u0636\u0644 \u062a\u0635\u0627\u0645\u064a\u0645\u0647\u0627 \u0627\u0644\u0631\u0627\u0642\u064a\u0629 \u0648\u0645\u062a\u0627\u0646\u062a\u0647\u0627. \u0643\u0644 \u0637\u0631\u0627\u0632 \u0645\u0646 \u0623\u0628\u0648\u0627\u0628 \u0627\u0644\u063a\u0631\u0641 \u0627\u0644\u062f\u0627\u062e\u0644\u064a\u0629 \u0645\u062b\u0627\u0644\u064a \u0645\u0646 \u062d\u064a\u062b \u0627\u0644\u062c\u0645\u0627\u0644 \u0648\u0627\u0644\u0627\u0633\u062a\u062e\u062f\u0627\u0645 \u0637\u0648\u064a\u0644 \u0627\u0644\u0623\u0645\u062f.","breadcrumb":{"@id":"https:\/\/www.kapi.ltd\/ar\/urun\/%d9%85%d9%88%d8%af%d9%8a%d9%84%d8%a7%d8%aa-%d8%a7%d9%84%d8%a3%d8%a8%d9%88%d8%a7%d8%a8-%d8%a7%d9%84%d8%af%d8%a7%d8%ae%d9%84%d9%8a%d8%a9-8\/#breadcrumb"},"inLanguage":"ar","potentialAction":[{"@type":"ReadAction","target":["https:\/\/www.kapi.ltd\/ar\/urun\/%d9%85%d9%88%d8%af%d9%8a%d9%84%d8%a7%d8%aa-%d8%a7%d9%84%d8%a3%d8%a8%d9%88%d8%a7%d8%a8-%d8%a7%d9%84%d8%af%d8%a7%d8%ae%d9%84%d9%8a%d8%a9-8\/"]}]},{"@type":"ImageObject","inLanguage":"ar","@id":"https:\/\/www.kapi.ltd\/ar\/urun\/%d9%85%d9%88%d8%af%d9%8a%d9%84%d8%a7%d8%aa-%d8%a7%d9%84%d8%a3%d8%a8%d9%88%d8%a7%d8%a8-%d8%a7%d9%84%d8%af%d8%a7%d8%ae%d9%84%d9%8a%d8%a9-8\/#primaryimage","url":"https:\/\/www.kapi.ltd\/wp-content\/uploads\/2025\/10\/ic-kapi-modelleri_9.webp","contentUrl":"https:\/\/www.kapi.ltd\/wp-content\/uploads\/2025\/10\/ic-kapi-modelleri_9.webp","width":650,"height":975,"caption":"i\u00e7 kap\u0131 modelleri"},{"@type":"BreadcrumbList","@id":"https:\/\/www.kapi.ltd\/ar\/urun\/%d9%85%d9%88%d8%af%d9%8a%d9%84%d8%a7%d8%aa-%d8%a7%d9%84%d8%a3%d8%a8%d9%88%d8%a7%d8%a8-%d8%a7%d9%84%d8%af%d8%a7%d8%ae%d9%84%d9%8a%d8%a9-8\/#breadcrumb","itemListElement":[{"@type":"ListItem","position":1,"name":"Anasayfa","item":"https:\/\/www.kapi.ltd\/ar\/"},{"@type":"ListItem","position":2,"name":"ic-kapi-celik-kapi-modelleri","item":"https:\/\/www.kapi.ltd\/?page_id=4263"},{"@type":"ListItem","position":3,"name":"\u0645\u0648\u062f\u064a\u0644\u0627\u062a \u0627\u0644\u0623\u0628\u0648\u0627\u0628 \u0627\u0644\u062f\u0627\u062e\u0644\u064a\u0629"}]},{"@type":"WebSite","@id":"https:\/\/www.kapi.ltd\/ar\/#website","url":"https:\/\/www.kapi.ltd\/ar\/","name":"\u0130\u00e7 Kap\u0131 Ve \u00c7elik Kap\u0131 Modelleri","description":"T\u00fcrkiye Kap\u0131 Modelleri Merkezi","potentialAction":[{"@type":"SearchAction","target":{"@type":"EntryPoint","urlTemplate":"https:\/\/www.kapi.ltd\/ar\/?s={search_term_string}"},"query-input":{"@type":"PropertyValueSpecification","valueRequired":true,"valueName":"search_term_string"}}],"inLanguage":"ar"}]}},"_links":{"self":[{"href":"https:\/\/www.kapi.ltd\/ar\/wp-json\/wp\/v2\/product\/8859","targetHints":{"allow":["GET"]}}],"collection":[{"href":"https:\/\/www.kapi.ltd\/ar\/wp-json\/wp\/v2\/product"}],"about":[{"href":"https:\/\/www.kapi.ltd\/ar\/wp-json\/wp\/v2\/types\/product"}],"version-history":[{"count":1,"href":"https:\/\/www.kapi.ltd\/ar\/wp-json\/wp\/v2\/product\/8859\/revisions"}],"predecessor-version":[{"id":8874,"href":"https:\/\/www.kapi.ltd\/ar\/wp-json\/wp\/v2\/product\/8859\/revisions\/8874"}],"wp:featuredmedia":[{"embeddable":true,"href":"https:\/\/www.kapi.ltd\/ar\/wp-json\/wp\/v2\/media\/8860"}],"wp:attachment":[{"href":"https:\/\/www.kapi.ltd\/ar\/wp-json\/wp\/v2\/media?parent=8859"}],"wp:term":[{"taxonomy":"product_brand","embeddable":true,"href":"https:\/\/www.kapi.ltd\/ar\/wp-json\/wp\/v2\/product_brand?post=8859"},{"taxonomy":"product_cat","embeddable":true,"href":"https:\/\/www.kapi.ltd\/ar\/wp-json\/wp\/v2\/product_cat?post=8859"},{"taxonomy":"product_tag","embeddable":true,"href":"https:\/\/www.kapi.ltd\/ar\/wp-json\/wp\/v2\/product_tag?post=8859"}],"curies":[{"name":"wp","href":"https:\/\/api.w.org\/{rel}","templated":true}]}}