{"id":6922,"date":"2025-10-30T01:14:54","date_gmt":"2025-10-29T22:14:54","guid":{"rendered":"https:\/\/www.kapi.ltd\/urun\/ev-dis-kapisi-2\/"},"modified":"2025-11-19T19:50:59","modified_gmt":"2025-11-19T16:50:59","slug":"%d8%a8%d8%a7%d8%a8-%d8%ae%d8%a7%d8%b1%d8%ac%d9%8a-%d9%84%d9%84%d9%85%d9%86%d8%b2%d9%84","status":"publish","type":"product","link":"https:\/\/www.kapi.ltd\/ar\/urun\/%d8%a8%d8%a7%d8%a8-%d8%ae%d8%a7%d8%b1%d8%ac%d9%8a-%d9%84%d9%84%d9%85%d9%86%d8%b2%d9%84\/","title":{"rendered":"\u0628\u0627\u0628 \u062e\u0627\u0631\u062c\u064a \u0644\u0644\u0645\u0646\u0632\u0644"},"content":{"rendered":"<p style=\"text-align: right;\">\u0645\u062f\u0627\u062e\u0644 \u0645\u0646\u0627\u0632\u0644 \u0622\u0645\u0646\u0629 \u0648\u0623\u0646\u064a\u0642\u0629 \u0645\u0639 \u0627\u0644\u0628\u0627\u0628 \u0627\u0644\u062e\u0627\u0631\u062c\u064a \u0627\u0644\u0639\u0635\u0631\u064a \u0628\u0644\u0648\u0646 \u0627\u0644\u0641\u062d\u0645<\/p>\n<p style=\"text-align: right;\">\u0646\u0642\u062f\u0645 \u0644\u0643\u0645 \u0647\u0630\u0627 \u0627\u0644\u0628\u0627\u0628 \u0627\u0644\u0641\u0648\u0644\u0627\u0630\u064a \u0627\u0644\u0639\u0635\u0631\u064a \u0628\u0644\u0648\u0646 \u0627\u0644\u0641\u062d\u0645\u060c \u0627\u0644\u0630\u064a \u0633\u064a\u0636\u064a\u0641 \u0644\u0645\u0633\u0629 \u0623\u0646\u064a\u0642\u0629 \u0625\u0644\u0649 \u0645\u0646\u0632\u0644\u0643! \u0635\u064f\u0645\u0645 \u0647\u0630\u0627 \u0627\u0644\u0628\u0627\u0628 \u0627\u0644\u0641\u0648\u0644\u0627\u0630\u064a \u0627\u0644\u0641\u0627\u062e\u0631 \u0644\u064a\u0645\u0646\u062d \u0645\u062f\u062e\u0644\u0627\u064b \u0622\u0645\u0646\u0627\u064b \u0648\u062c\u0645\u064a\u0644\u0627\u064b \u0641\u064a \u0622\u0646 \u0648\u0627\u062d\u062f\u060c \u0648\u064a\u0636\u064a\u0641 \u0644\u0645\u0633\u0629 \u0645\u0646 \u0627\u0644\u0623\u0646\u0627\u0642\u0629 \u0625\u0644\u0649 \u0648\u0627\u062c\u0647\u0629 \u0645\u0646\u0632\u0644\u0643 \u0628\u062a\u0635\u0645\u064a\u0645\u0647 \u0627\u0644\u0639\u0635\u0631\u064a. \u0625\u0646\u0647 \u0637\u0631\u0627\u0632 \u0645\u0645\u064a\u0632 \u0628\u064a\u0646 \u0637\u0631\u0627\u0632\u0627\u062a \u0627\u0644\u0623\u0628\u0648\u0627\u0628 \u0627\u0644\u062e\u0627\u0631\u062c\u064a\u0629.<\/p>\n<p style=\"text-align: right;\">\u0641\u064a \u0647\u0630\u0627 \u0627\u0644\u0637\u0631\u0627\u0632 \u0627\u0644\u0645\u0645\u064a\u0632\u060c \u0642\u0645\u0646\u0627 \u0628\u0625\u0639\u0627\u062f\u0629 \u062a\u0635\u0645\u064a\u0645\u0647 \u0628\u0634\u0643\u0644 \u0641\u0631\u064a\u062f \u0628\u0645\u0642\u0628\u0636 \u0637\u0648\u064a\u0644 \u0648\u0623\u0646\u064a\u0642. \u064a\u0636\u064a\u0641 \u0627\u0644\u0628\u0627\u0628 \u0627\u0644\u0641\u0648\u0644\u0627\u0630\u064a \u0627\u0644\u0623\u0646\u064a\u0642 \u0628\u062f\u0631\u062c\u0627\u062a \u0627\u0644\u0631\u0645\u0627\u062f\u064a \u0627\u0644\u0641\u062d\u0645\u064a \u0644\u0645\u0633\u0629 \u0631\u0627\u0642\u064a\u0629 \u0625\u0644\u0649 \u0648\u0627\u062c\u0647\u0629 \u0645\u0646\u0632\u0644\u0643\u060c \u0628\u064a\u0646\u0645\u0627 \u064a\u0636\u0641\u064a \u0627\u0644\u062a\u0635\u0645\u064a\u0645 \u062b\u0646\u0627\u0626\u064a \u0627\u0644\u0644\u0648\u0646 \u0644\u0645\u0633\u0629 \u0645\u0646 \u0627\u0644\u0641\u062e\u0627\u0645\u0629. \u0647\u0630\u0627 \u0627\u0644\u0637\u0631\u0627\u0632\u060c \u0627\u0644\u0630\u064a \u064a\u062c\u0645\u0639 \u0628\u064a\u0646 \u0627\u0644\u062c\u0645\u0627\u0644\u064a\u0629 \u0648\u0627\u0644\u0639\u0645\u0644\u064a\u0629\u060c \u064a\u064f\u0648\u0644\u064a \u0623\u0647\u0645\u064a\u0629 \u0643\u0628\u064a\u0631\u0629 \u0644\u0644\u0623\u0645\u0627\u0646. \u0645\u0632\u0648\u062f \u0628\u0646\u0638\u0627\u0645 \u0642\u0641\u0644 \u0645\u0632\u062f\u0648\u062c\u060c \u064a\u062d\u0645\u064a \u0628\u0627\u0628\u0646\u0627 \u0627\u0644\u0641\u0648\u0644\u0627\u0630\u064a \u0645\u0646\u0632\u0644\u0643 \u0645\u0646 \u0627\u0644\u0645\u062e\u0627\u0637\u0631 \u0627\u0644\u062e\u0627\u0631\u062c\u064a\u0629\u060c \u0648\u064a\u0628\u0631\u0632 \u0641\u064a \u0627\u0644\u0648\u0642\u062a \u0646\u0641\u0633\u0647 \u0628\u062a\u0635\u0645\u064a\u0645\u0647 \u0627\u0644\u0639\u0635\u0631\u064a.<\/p>\n<p style=\"text-align: right;\">\u0645\u062f\u0627\u062e\u0644 \u0645\u0646\u0627\u0632\u0644 \u0622\u0645\u0646\u0629 \u0648\u062c\u0645\u0627\u0644\u064a\u0629 \u0645\u0639 \u0628\u0627\u0628 \u0641\u0648\u0644\u0627\u0630\u064a \u0639\u0635\u0631\u064a<\/p>\n<p style=\"text-align: right;\">\u064a\u064f\u0639\u062f\u0651 \u0628\u0627\u0628 \u0645\u062f\u062e\u0644 \u0627\u0644\u0645\u0646\u0632\u0644 \u0627\u0644\u062e\u0637\u0648\u0629 \u0627\u0644\u0623\u0648\u0644\u0649 \u0641\u064a \u0627\u0644\u062a\u0635\u0645\u064a\u0645 \u0627\u0644\u0639\u0627\u0645 \u0644\u0644\u0645\u0646\u0632\u0644\u060c \u0648\u0644\u0630\u0644\u0643 \u0646\u064f\u0648\u0644\u064a \u0627\u0644\u0623\u0648\u0644\u0648\u064a\u0629 \u0644\u0644\u0623\u0646\u0627\u0642\u0629 \u0648\u0627\u0644\u0623\u0645\u0627\u0646 \u0641\u064a \u062a\u0635\u0645\u064a\u0645\u0646\u0627. \u064a\u062c\u0645\u0639 \u0647\u0630\u0627 \u0627\u0644\u0628\u0627\u0628 \u0627\u0644\u0641\u0648\u0644\u0627\u0630\u064a \u0628\u0644\u0648\u0646 \u0627\u0644\u0623\u0646\u062b\u0631\u0627\u0633\u064a\u062a \u0628\u064a\u0646 \u0627\u0644\u062c\u0645\u0627\u0644 \u0648\u0627\u0644\u0623\u0645\u0627\u0646\u060c \u0648\u0647\u0648 \u0645\u062b\u0627\u0644\u064a \u0644\u062a\u0635\u0627\u0645\u064a\u0645 \u0627\u0644\u0645\u0646\u0627\u0632\u0644 \u0627\u0644\u0639\u0635\u0631\u064a\u0629. \u064a\u0636\u0645\u0646 \u062a\u0635\u0645\u064a\u0645\u0647 \u0627\u0644\u0623\u0646\u064a\u0642 \u0648\u0627\u0644\u0645\u062a\u064a\u0646 \u0633\u0646\u0648\u0627\u062a \u0645\u0646 \u0627\u0644\u0627\u0633\u062a\u062e\u062f\u0627\u0645 \u0627\u0644\u0645\u0648\u062b\u0648\u0642\u060c \u0645\u0645\u0627 \u064a\u064f\u0639\u0632\u0632 \u062a\u0646\u0627\u063a\u0645 \u0627\u0644\u062a\u0635\u0645\u064a\u0645 \u0627\u0644\u062e\u0627\u0631\u062c\u064a \u0648\u0627\u0644\u062f\u0627\u062e\u0644\u064a \u0644\u0645\u0646\u0632\u0644\u0643.<\/p>\n<p style=\"text-align: right;\">\u064a\u062a\u0645\u064a\u0632 \u0647\u0630\u0627 \u0627\u0644\u0628\u0627\u0628\u060c \u0627\u0644\u0645\u064f\u062c\u0647\u0632 \u0628\u0646\u0638\u0627\u0645 \u0623\u0645\u0627\u0646 \u0645\u0632\u062f\u0648\u062c \u0627\u0644\u0642\u0641\u0644\u060c \u0628\u062a\u0635\u0645\u064a\u0645\u0647 \u0627\u0644\u062c\u0630\u0627\u0628 \u0648\u0647\u064a\u0643\u0644\u0647 \u0627\u0644\u0645\u062a\u064a\u0646 \u0648\u0627\u0644\u0622\u0645\u0646. \u064a\u064f\u0639\u0632\u0632 \u0647\u0630\u0627 \u0627\u0644\u0628\u0627\u0628 \u0627\u0644\u0641\u0648\u0644\u0627\u0630\u064a \u0628\u0644\u0648\u0646 \u0627\u0644\u0623\u0646\u062b\u0631\u0627\u0633\u064a\u062a \u0627\u0644\u0623\u0645\u0627\u0646 \u0641\u064a \u0643\u0644 \u062a\u0641\u0635\u064a\u0644\u0629\u060c \u0648\u064a\u064f\u0636\u064a\u0641 \u0644\u0645\u0633\u0629 \u062c\u0645\u0627\u0644\u064a\u0629 \u0645\u0645\u064a\u0632\u0629 \u0644\u0645\u0646\u0632\u0644\u0643 \u0628\u062e\u0637\u0648\u0637\u0647 \u0627\u0644\u0639\u0635\u0631\u064a\u0629\u060c \u0645\u0645\u0627 \u064a\u064f\u0639\u0632\u0632 \u0623\u0645\u0627\u0646 \u0645\u0633\u0627\u062d\u0629 \u0645\u0639\u064a\u0634\u062a\u0643 \u062f\u0648\u0646 \u0627\u0644\u0645\u0633\u0627\u0633 \u0628\u0623\u0646\u0627\u0642\u062a\u0647\u0627.<\/p>\n<p style=\"text-align: right;\">\u0644\u0645\u0633\u0629 \u0639\u0635\u0631\u064a\u0629 \u0644\u0645\u062f\u062e\u0644 \u0645\u0646\u0632\u0644\u0643<\/p>\n<p style=\"text-align: right;\">\u062a\u064f\u0639\u062a\u0628\u0631 \u0627\u0644\u0623\u0628\u0648\u0627\u0628 \u0627\u0644\u062e\u0627\u0631\u062c\u064a\u0629 \u0644\u0645\u0646\u0627\u0632\u0644\u0646\u0627 \u0645\u0646 \u0627\u0644\u0639\u0646\u0627\u0635\u0631 \u0627\u0644\u0623\u0648\u0644\u0649 \u0627\u0644\u062a\u064a \u062a\u0639\u0643\u0633 \u0637\u0627\u0628\u0639 \u0645\u0646\u0627\u0632\u0644\u0646\u0627 \u0642\u0628\u0644 \u062f\u062e\u0648\u0644\u0647\u0627. \u0644\u0630\u0644\u0643\u060c \u0635\u0645\u0645\u0646\u0627 \u0646\u0645\u0648\u0630\u062c \u0628\u0627\u0628\u0646\u0627 \u0627\u0644\u0641\u0648\u0644\u0627\u0630\u064a \u0627\u0644\u0639\u0635\u0631\u064a \u0645\u0639 \u0645\u0631\u0627\u0639\u0627\u0629 \u0627\u0644\u062c\u0645\u0627\u0644\u064a\u0629 \u0627\u0644\u0639\u0635\u0631\u064a\u0629 \u0648\u0627\u0644\u0623\u0645\u0627\u0646 \u0641\u064a \u0643\u0644 \u062a\u0641\u0635\u064a\u0644\u0629. \u064a\u064f\u0643\u0645\u0651\u0644 \u0628\u0627\u0628 \u0627\u0644\u0641\u0648\u0644\u0627\u0630 \u0627\u0644\u0631\u0645\u0627\u062f\u064a \u0627\u0644\u0641\u062d\u0645\u064a \u062a\u0635\u0627\u0645\u064a\u0645 \u0627\u0644\u0645\u0646\u0627\u0632\u0644 \u0627\u0644\u0639\u0635\u0631\u064a\u0629 \u0628\u0628\u0631\u0627\u0639\u0629\u060c \u0648\u064a\u0645\u0646\u062d \u0623\u0635\u062d\u0627\u0628 \u0627\u0644\u0645\u0646\u0627\u0632\u0644 \u0645\u0633\u062a\u0648\u0649\u064b \u0639\u0627\u0644\u064d \u0645\u0646 \u0627\u0644\u0623\u0645\u0627\u0646.<\/p>\n<p style=\"text-align: right;\">\u062e\u062a\u0627\u0645\u064b\u0627\u060c \u064a\u064f\u0639\u062f\u0651 \u0628\u0627\u0628\u0646\u0627 \u0627\u0644\u0641\u0648\u0644\u0627\u0630\u064a \u0628\u0644\u0648\u0646 \u0627\u0644\u0641\u062d\u0645 \u0627\u0644\u0641\u062d\u0645\u064a\u060c \u0627\u0644\u0630\u064a \u064a\u062c\u0645\u0639 \u0628\u064a\u0646 \u0627\u0644\u0623\u0646\u0627\u0642\u0629 \u0648\u0627\u0644\u0623\u0645\u0627\u0646\u060c \u062c\u0632\u0621\u064b\u0627 \u0644\u0627 \u064a\u062a\u062c\u0632\u0623 \u0645\u0646 \u0627\u0644\u0645\u0646\u0627\u0632\u0644 \u0627\u0644\u0639\u0635\u0631\u064a\u0629. \u0625\u0630\u0627 \u0643\u0646\u062a \u062a\u0628\u062d\u062b \u0639\u0646 \u0625\u0636\u0627\u0641\u0629 \u0642\u064a\u0645\u0629 \u0625\u0644\u0649 \u0645\u0633\u0627\u062d\u0629 \u0645\u0639\u064a\u0634\u062a\u0643 \u0628\u0645\u0632\u0627\u064a\u0627 \u062c\u0645\u0627\u0644\u064a\u0629 \u0648\u0639\u0645\u0644\u064a\u0629\u060c \u0641\u0647\u0630\u0627 \u0627\u0644\u0628\u0627\u0628 \u0627\u0644\u0645\u0645\u064a\u0632 \u0647\u0648 \u0627\u0644\u062e\u064a\u0627\u0631 \u0627\u0644\u0623\u0645\u062b\u0644 \u0644\u0643!<\/p>\n<p style=\"text-align: right;\">\u0627\u062e\u062a\u0631 \u0628\u0627\u0628\u0646\u0627 \u0627\u0644\u0641\u0648\u0644\u0627\u0630\u064a \u0627\u0644\u0631\u0645\u0627\u062f\u064a \u0627\u0644\u0641\u062d\u0645\u064a \u0644\u062a\u0635\u0645\u064a\u0645 \u0645\u0646\u0632\u0644\u0643 \u0628\u0637\u0631\u064a\u0642\u0629 \u0622\u0645\u0646\u0629 \u0648\u0623\u0646\u064a\u0642\u0629 \u0648\u0639\u0635\u0631\u064a\u0629!<\/p>\n","protected":false},"excerpt":{"rendered":"<p>\u0645\u062f\u0627\u062e\u0644 \u0645\u0646\u0627\u0632\u0644 \u0622\u0645\u0646\u0629 \u0648\u0623\u0646\u064a\u0642\u0629 \u0645\u0639 \u0627\u0644\u0628\u0627\u0628 \u0627\u0644\u062e\u0627\u0631\u062c\u064a \u0627\u0644\u0639\u0635\u0631\u064a \u0628\u0644\u0648\u0646 \u0627\u0644\u0641\u062d\u0645 \u0646\u0642\u062f\u0645 \u0644\u0643\u0645 \u0647\u0630\u0627 \u0627\u0644\u0628\u0627\u0628 \u0627\u0644\u0641\u0648\u0644\u0627\u0630\u064a \u0627\u0644\u0639\u0635\u0631\u064a \u0628\u0644\u0648\u0646 \u0627\u0644\u0641\u062d\u0645\u060c \u0627\u0644\u0630\u064a \u0633\u064a\u0636\u064a\u0641 \u0644\u0645\u0633\u0629 \u0623\u0646\u064a\u0642\u0629 \u0625\u0644\u0649 \u0645\u0646\u0632\u0644\u0643! \u0635\u064f\u0645\u0645 \u0647\u0630\u0627 \u0627\u0644\u0628\u0627\u0628 \u0627\u0644\u0641\u0648\u0644\u0627\u0630\u064a \u0627\u0644\u0641\u0627\u062e\u0631 \u0644\u064a\u0645\u0646\u062d \u0645\u062f\u062e\u0644\u0627\u064b \u0622\u0645\u0646\u0627\u064b \u0648\u062c\u0645\u064a\u0644\u0627\u064b \u0641\u064a \u0622\u0646 \u0648\u0627\u062d\u062f\u060c \u0648\u064a\u0636\u064a\u0641 \u0644\u0645\u0633\u0629 \u0645\u0646 \u0627\u0644\u0623\u0646\u0627\u0642\u0629 \u0625\u0644\u0649 \u0648\u0627\u062c\u0647\u0629 \u0645\u0646\u0632\u0644\u0643 \u0628\u062a\u0635\u0645\u064a\u0645\u0647 \u0627\u0644\u0639\u0635\u0631\u064a. \u0625\u0646\u0647 \u0637\u0631\u0627\u0632 \u0645\u0645\u064a\u0632 \u0628\u064a\u0646 \u0637\u0631\u0627\u0632\u0627\u062a \u0627\u0644\u0623\u0628\u0648\u0627\u0628 \u0627\u0644\u062e\u0627\u0631\u062c\u064a\u0629. \u0641\u064a \u0647\u0630\u0627 \u0627\u0644\u0637\u0631\u0627\u0632<\/p>\n","protected":false},"featured_media":6923,"template":"","meta":{"_bbp_topic_count":0,"_bbp_reply_count":0,"_bbp_total_topic_count":0,"_bbp_total_reply_count":0,"_bbp_voice_count":0,"_bbp_anonymous_reply_count":0,"_bbp_topic_count_hidden":0,"_bbp_reply_count_hidden":0,"_bbp_forum_subforum_count":0},"product_brand":[],"product_cat":[730],"product_tag":[],"class_list":{"0":"post-6922","1":"product","2":"type-product","3":"status-publish","4":"has-post-thumbnail","6":"product_cat-730","8":"first","9":"instock","10":"shipping-taxable","11":"product-type-simple","12":"prodpage-classic"},"yoast_head":"<!-- This site is optimized with the Yoast SEO Premium plugin v26.6 (Yoast SEO v27.4) - https:\/\/yoast.com\/product\/yoast-seo-premium-wordpress\/ -->\n<title>\u0628\u0627\u0628 \u062e\u0627\u0631\u062c\u064a \u0644\u0644\u0645\u0646\u0632\u0644 -\u0628\u0627\u0628 \u0627\u0644\u0645\u0646\u0632\u0644 \u0627\u0644\u062e\u0627\u0631\u062c\u064a - \u0628\u0627\u0628 \u0645\u062f\u062e\u0644 \u0627\u0644\u0645\u0646\u0632\u0644 - \u0628\u0627\u0628 \u0627\u0644\u0645\u0646\u0632\u0644<\/title>\n<meta name=\"description\" content=\"\u0644\u0628\u0627\u0628 \u0645\u0646\u0632\u0644\u0643 \u0627\u0644\u062e\u0627\u0631\u062c\u064a\u060c \u0646\u0642\u062f\u0645 \u0644\u0643 \u062e\u064a\u0627\u0631\u064b\u0627 \u0631\u0627\u0626\u0639\u064b\u0627 \u0644\u0628\u0627\u0628 \u0645\u062f\u062e\u0644 \u0634\u0642\u062a\u0643 \u0645\u0635\u0646\u0648\u0639\u064b\u0627 \u0645\u0646 \u0627\u0644\u0641\u0648\u0644\u0627\u0630 \u0627\u0644\u0631\u0645\u0627\u062f\u064a. \u0645\u0648\u062f\u064a\u0644\u0627\u062a \u0623\u0628\u0648\u0627\u0628 \u0648\u0623\u0628\u0648\u0627\u0628 \u0645\u0646\u0627\u0632\u0644 \u0639\u0635\u0631\u064a\u0629....\" \/>\n<meta name=\"robots\" content=\"index, follow, max-snippet:-1, max-image-preview:large, max-video-preview:-1\" \/>\n<link rel=\"canonical\" href=\"https:\/\/www.kapi.ltd\/ar\/urun\/%d8%a8%d8%a7%d8%a8-%d8%ae%d8%a7%d8%b1%d8%ac%d9%8a-%d9%84%d9%84%d9%85%d9%86%d8%b2%d9%84\/\" \/>\n<meta property=\"og:locale\" content=\"ar_AR\" \/>\n<meta property=\"og:type\" content=\"article\" \/>\n<meta property=\"og:title\" content=\"\u0628\u0627\u0628 \u062e\u0627\u0631\u062c\u064a \u0644\u0644\u0645\u0646\u0632\u0644\" \/>\n<meta property=\"og:description\" content=\"\u0644\u0628\u0627\u0628 \u0645\u0646\u0632\u0644\u0643 \u0627\u0644\u062e\u0627\u0631\u062c\u064a\u060c \u0646\u0642\u062f\u0645 \u0644\u0643 \u062e\u064a\u0627\u0631\u064b\u0627 \u0631\u0627\u0626\u0639\u064b\u0627 \u0644\u0628\u0627\u0628 \u0645\u062f\u062e\u0644 \u0634\u0642\u062a\u0643 \u0645\u0635\u0646\u0648\u0639\u064b\u0627 \u0645\u0646 \u0627\u0644\u0641\u0648\u0644\u0627\u0630 \u0627\u0644\u0631\u0645\u0627\u062f\u064a. \u0645\u0648\u062f\u064a\u0644\u0627\u062a \u0623\u0628\u0648\u0627\u0628 \u0648\u0623\u0628\u0648\u0627\u0628 \u0645\u0646\u0627\u0632\u0644 \u0639\u0635\u0631\u064a\u0629....\" \/>\n<meta property=\"og:url\" content=\"https:\/\/www.kapi.ltd\/ar\/urun\/%d8%a8%d8%a7%d8%a8-%d8%ae%d8%a7%d8%b1%d8%ac%d9%8a-%d9%84%d9%84%d9%85%d9%86%d8%b2%d9%84\/\" \/>\n<meta property=\"og:site_name\" content=\"\u0130\u00e7 Oda Kap\u0131lar\u0131 - \u00c7elik kap\u0131 modelleri - apartman kap\u0131lar\u0131\" \/>\n<meta property=\"article:modified_time\" content=\"2025-11-19T16:50:59+00:00\" \/>\n<meta property=\"og:image\" content=\"https:\/\/www.kapi.ltd\/wp-content\/uploads\/2025\/10\/ev-dis-kapisi-2.webp\" \/>\n\t<meta property=\"og:image:width\" content=\"650\" \/>\n\t<meta property=\"og:image:height\" content=\"975\" \/>\n\t<meta property=\"og:image:type\" content=\"image\/webp\" \/>\n<meta name=\"twitter:card\" content=\"summary_large_image\" \/>\n<meta name=\"twitter:label1\" content=\"\u0648\u0642\u062a \u0627\u0644\u0642\u0631\u0627\u0621\u0629 \u0627\u0644\u0645\u064f\u0642\u062f\u0651\u0631\" \/>\n\t<meta name=\"twitter:data1\" content=\"3 \u062f\u0642\u0627\u0626\u0642\" \/>\n<script type=\"application\/ld+json\" class=\"yoast-schema-graph\">{\"@context\":\"https:\\\/\\\/schema.org\",\"@graph\":[{\"@type\":\"WebPage\",\"@id\":\"https:\\\/\\\/www.kapi.ltd\\\/ar\\\/urun\\\/%d8%a8%d8%a7%d8%a8-%d8%ae%d8%a7%d8%b1%d8%ac%d9%8a-%d9%84%d9%84%d9%85%d9%86%d8%b2%d9%84\\\/\",\"url\":\"https:\\\/\\\/www.kapi.ltd\\\/ar\\\/urun\\\/%d8%a8%d8%a7%d8%a8-%d8%ae%d8%a7%d8%b1%d8%ac%d9%8a-%d9%84%d9%84%d9%85%d9%86%d8%b2%d9%84\\\/\",\"name\":\"\u0628\u0627\u0628 \u062e\u0627\u0631\u062c\u064a \u0644\u0644\u0645\u0646\u0632\u0644 -\u0628\u0627\u0628 \u0627\u0644\u0645\u0646\u0632\u0644 \u0627\u0644\u062e\u0627\u0631\u062c\u064a - \u0628\u0627\u0628 \u0645\u062f\u062e\u0644 \u0627\u0644\u0645\u0646\u0632\u0644 - \u0628\u0627\u0628 \u0627\u0644\u0645\u0646\u0632\u0644\",\"isPartOf\":{\"@id\":\"https:\\\/\\\/www.kapi.ltd\\\/ar\\\/#website\"},\"primaryImageOfPage\":{\"@id\":\"https:\\\/\\\/www.kapi.ltd\\\/ar\\\/urun\\\/%d8%a8%d8%a7%d8%a8-%d8%ae%d8%a7%d8%b1%d8%ac%d9%8a-%d9%84%d9%84%d9%85%d9%86%d8%b2%d9%84\\\/#primaryimage\"},\"image\":{\"@id\":\"https:\\\/\\\/www.kapi.ltd\\\/ar\\\/urun\\\/%d8%a8%d8%a7%d8%a8-%d8%ae%d8%a7%d8%b1%d8%ac%d9%8a-%d9%84%d9%84%d9%85%d9%86%d8%b2%d9%84\\\/#primaryimage\"},\"thumbnailUrl\":\"https:\\\/\\\/www.kapi.ltd\\\/wp-content\\\/uploads\\\/2025\\\/10\\\/ev-dis-kapisi-2.webp\",\"datePublished\":\"2025-10-29T22:14:54+00:00\",\"dateModified\":\"2025-11-19T16:50:59+00:00\",\"description\":\"\u0644\u0628\u0627\u0628 \u0645\u0646\u0632\u0644\u0643 \u0627\u0644\u062e\u0627\u0631\u062c\u064a\u060c \u0646\u0642\u062f\u0645 \u0644\u0643 \u062e\u064a\u0627\u0631\u064b\u0627 \u0631\u0627\u0626\u0639\u064b\u0627 \u0644\u0628\u0627\u0628 \u0645\u062f\u062e\u0644 \u0634\u0642\u062a\u0643 \u0645\u0635\u0646\u0648\u0639\u064b\u0627 \u0645\u0646 \u0627\u0644\u0641\u0648\u0644\u0627\u0630 \u0627\u0644\u0631\u0645\u0627\u062f\u064a. \u0645\u0648\u062f\u064a\u0644\u0627\u062a \u0623\u0628\u0648\u0627\u0628 \u0648\u0623\u0628\u0648\u0627\u0628 \u0645\u0646\u0627\u0632\u0644 \u0639\u0635\u0631\u064a\u0629....\",\"breadcrumb\":{\"@id\":\"https:\\\/\\\/www.kapi.ltd\\\/ar\\\/urun\\\/%d8%a8%d8%a7%d8%a8-%d8%ae%d8%a7%d8%b1%d8%ac%d9%8a-%d9%84%d9%84%d9%85%d9%86%d8%b2%d9%84\\\/#breadcrumb\"},\"inLanguage\":\"ar\",\"potentialAction\":[{\"@type\":\"ReadAction\",\"target\":[\"https:\\\/\\\/www.kapi.ltd\\\/ar\\\/urun\\\/%d8%a8%d8%a7%d8%a8-%d8%ae%d8%a7%d8%b1%d8%ac%d9%8a-%d9%84%d9%84%d9%85%d9%86%d8%b2%d9%84\\\/\"]}]},{\"@type\":\"ImageObject\",\"inLanguage\":\"ar\",\"@id\":\"https:\\\/\\\/www.kapi.ltd\\\/ar\\\/urun\\\/%d8%a8%d8%a7%d8%a8-%d8%ae%d8%a7%d8%b1%d8%ac%d9%8a-%d9%84%d9%84%d9%85%d9%86%d8%b2%d9%84\\\/#primaryimage\",\"url\":\"https:\\\/\\\/www.kapi.ltd\\\/wp-content\\\/uploads\\\/2025\\\/10\\\/ev-dis-kapisi-2.webp\",\"contentUrl\":\"https:\\\/\\\/www.kapi.ltd\\\/wp-content\\\/uploads\\\/2025\\\/10\\\/ev-dis-kapisi-2.webp\",\"width\":650,\"height\":975,\"caption\":\"ev d\u0131\u015f kap\u0131s\u0131\"},{\"@type\":\"BreadcrumbList\",\"@id\":\"https:\\\/\\\/www.kapi.ltd\\\/ar\\\/urun\\\/%d8%a8%d8%a7%d8%a8-%d8%ae%d8%a7%d8%b1%d8%ac%d9%8a-%d9%84%d9%84%d9%85%d9%86%d8%b2%d9%84\\\/#breadcrumb\",\"itemListElement\":[{\"@type\":\"ListItem\",\"position\":1,\"name\":\"Anasayfa\",\"item\":\"https:\\\/\\\/www.kapi.ltd\\\/ar\\\/\"},{\"@type\":\"ListItem\",\"position\":2,\"name\":\"ic-kapi-celik-kapi-modelleri\",\"item\":\"https:\\\/\\\/www.kapi.ltd\\\/?page_id=4263\"},{\"@type\":\"ListItem\",\"position\":3,\"name\":\"\u0628\u0627\u0628 \u062e\u0627\u0631\u062c\u064a \u0644\u0644\u0645\u0646\u0632\u0644\"}]},{\"@type\":\"WebSite\",\"@id\":\"https:\\\/\\\/www.kapi.ltd\\\/ar\\\/#website\",\"url\":\"https:\\\/\\\/www.kapi.ltd\\\/ar\\\/\",\"name\":\"\u0130\u00e7 Kap\u0131 Ve \u00c7elik Kap\u0131 Modelleri\",\"description\":\"T\u00fcrkiye Kap\u0131 Modelleri Merkezi\",\"potentialAction\":[{\"@type\":\"SearchAction\",\"target\":{\"@type\":\"EntryPoint\",\"urlTemplate\":\"https:\\\/\\\/www.kapi.ltd\\\/ar\\\/?s={search_term_string}\"},\"query-input\":{\"@type\":\"PropertyValueSpecification\",\"valueRequired\":true,\"valueName\":\"search_term_string\"}}],\"inLanguage\":\"ar\"}]}<\/script>\n<!-- \/ Yoast SEO Premium plugin. -->","yoast_head_json":{"title":"\u0628\u0627\u0628 \u062e\u0627\u0631\u062c\u064a \u0644\u0644\u0645\u0646\u0632\u0644 -\u0628\u0627\u0628 \u0627\u0644\u0645\u0646\u0632\u0644 \u0627\u0644\u062e\u0627\u0631\u062c\u064a - \u0628\u0627\u0628 \u0645\u062f\u062e\u0644 \u0627\u0644\u0645\u0646\u0632\u0644 - \u0628\u0627\u0628 \u0627\u0644\u0645\u0646\u0632\u0644","description":"\u0644\u0628\u0627\u0628 \u0645\u0646\u0632\u0644\u0643 \u0627\u0644\u062e\u0627\u0631\u062c\u064a\u060c \u0646\u0642\u062f\u0645 \u0644\u0643 \u062e\u064a\u0627\u0631\u064b\u0627 \u0631\u0627\u0626\u0639\u064b\u0627 \u0644\u0628\u0627\u0628 \u0645\u062f\u062e\u0644 \u0634\u0642\u062a\u0643 \u0645\u0635\u0646\u0648\u0639\u064b\u0627 \u0645\u0646 \u0627\u0644\u0641\u0648\u0644\u0627\u0630 \u0627\u0644\u0631\u0645\u0627\u062f\u064a. \u0645\u0648\u062f\u064a\u0644\u0627\u062a \u0623\u0628\u0648\u0627\u0628 \u0648\u0623\u0628\u0648\u0627\u0628 \u0645\u0646\u0627\u0632\u0644 \u0639\u0635\u0631\u064a\u0629....","robots":{"index":"index","follow":"follow","max-snippet":"max-snippet:-1","max-image-preview":"max-image-preview:large","max-video-preview":"max-video-preview:-1"},"canonical":"https:\/\/www.kapi.ltd\/ar\/urun\/%d8%a8%d8%a7%d8%a8-%d8%ae%d8%a7%d8%b1%d8%ac%d9%8a-%d9%84%d9%84%d9%85%d9%86%d8%b2%d9%84\/","og_locale":"ar_AR","og_type":"article","og_title":"\u0628\u0627\u0628 \u062e\u0627\u0631\u062c\u064a \u0644\u0644\u0645\u0646\u0632\u0644","og_description":"\u0644\u0628\u0627\u0628 \u0645\u0646\u0632\u0644\u0643 \u0627\u0644\u062e\u0627\u0631\u062c\u064a\u060c \u0646\u0642\u062f\u0645 \u0644\u0643 \u062e\u064a\u0627\u0631\u064b\u0627 \u0631\u0627\u0626\u0639\u064b\u0627 \u0644\u0628\u0627\u0628 \u0645\u062f\u062e\u0644 \u0634\u0642\u062a\u0643 \u0645\u0635\u0646\u0648\u0639\u064b\u0627 \u0645\u0646 \u0627\u0644\u0641\u0648\u0644\u0627\u0630 \u0627\u0644\u0631\u0645\u0627\u062f\u064a. \u0645\u0648\u062f\u064a\u0644\u0627\u062a \u0623\u0628\u0648\u0627\u0628 \u0648\u0623\u0628\u0648\u0627\u0628 \u0645\u0646\u0627\u0632\u0644 \u0639\u0635\u0631\u064a\u0629....","og_url":"https:\/\/www.kapi.ltd\/ar\/urun\/%d8%a8%d8%a7%d8%a8-%d8%ae%d8%a7%d8%b1%d8%ac%d9%8a-%d9%84%d9%84%d9%85%d9%86%d8%b2%d9%84\/","og_site_name":"\u0130\u00e7 Oda Kap\u0131lar\u0131 - \u00c7elik kap\u0131 modelleri - apartman kap\u0131lar\u0131","article_modified_time":"2025-11-19T16:50:59+00:00","og_image":[{"width":650,"height":975,"url":"https:\/\/www.kapi.ltd\/wp-content\/uploads\/2025\/10\/ev-dis-kapisi-2.webp","type":"image\/webp"}],"twitter_card":"summary_large_image","twitter_misc":{"\u0648\u0642\u062a \u0627\u0644\u0642\u0631\u0627\u0621\u0629 \u0627\u0644\u0645\u064f\u0642\u062f\u0651\u0631":"3 \u062f\u0642\u0627\u0626\u0642"},"schema":{"@context":"https:\/\/schema.org","@graph":[{"@type":"WebPage","@id":"https:\/\/www.kapi.ltd\/ar\/urun\/%d8%a8%d8%a7%d8%a8-%d8%ae%d8%a7%d8%b1%d8%ac%d9%8a-%d9%84%d9%84%d9%85%d9%86%d8%b2%d9%84\/","url":"https:\/\/www.kapi.ltd\/ar\/urun\/%d8%a8%d8%a7%d8%a8-%d8%ae%d8%a7%d8%b1%d8%ac%d9%8a-%d9%84%d9%84%d9%85%d9%86%d8%b2%d9%84\/","name":"\u0628\u0627\u0628 \u062e\u0627\u0631\u062c\u064a \u0644\u0644\u0645\u0646\u0632\u0644 -\u0628\u0627\u0628 \u0627\u0644\u0645\u0646\u0632\u0644 \u0627\u0644\u062e\u0627\u0631\u062c\u064a - \u0628\u0627\u0628 \u0645\u062f\u062e\u0644 \u0627\u0644\u0645\u0646\u0632\u0644 - \u0628\u0627\u0628 \u0627\u0644\u0645\u0646\u0632\u0644","isPartOf":{"@id":"https:\/\/www.kapi.ltd\/ar\/#website"},"primaryImageOfPage":{"@id":"https:\/\/www.kapi.ltd\/ar\/urun\/%d8%a8%d8%a7%d8%a8-%d8%ae%d8%a7%d8%b1%d8%ac%d9%8a-%d9%84%d9%84%d9%85%d9%86%d8%b2%d9%84\/#primaryimage"},"image":{"@id":"https:\/\/www.kapi.ltd\/ar\/urun\/%d8%a8%d8%a7%d8%a8-%d8%ae%d8%a7%d8%b1%d8%ac%d9%8a-%d9%84%d9%84%d9%85%d9%86%d8%b2%d9%84\/#primaryimage"},"thumbnailUrl":"https:\/\/www.kapi.ltd\/wp-content\/uploads\/2025\/10\/ev-dis-kapisi-2.webp","datePublished":"2025-10-29T22:14:54+00:00","dateModified":"2025-11-19T16:50:59+00:00","description":"\u0644\u0628\u0627\u0628 \u0645\u0646\u0632\u0644\u0643 \u0627\u0644\u062e\u0627\u0631\u062c\u064a\u060c \u0646\u0642\u062f\u0645 \u0644\u0643 \u062e\u064a\u0627\u0631\u064b\u0627 \u0631\u0627\u0626\u0639\u064b\u0627 \u0644\u0628\u0627\u0628 \u0645\u062f\u062e\u0644 \u0634\u0642\u062a\u0643 \u0645\u0635\u0646\u0648\u0639\u064b\u0627 \u0645\u0646 \u0627\u0644\u0641\u0648\u0644\u0627\u0630 \u0627\u0644\u0631\u0645\u0627\u062f\u064a. \u0645\u0648\u062f\u064a\u0644\u0627\u062a \u0623\u0628\u0648\u0627\u0628 \u0648\u0623\u0628\u0648\u0627\u0628 \u0645\u0646\u0627\u0632\u0644 \u0639\u0635\u0631\u064a\u0629....","breadcrumb":{"@id":"https:\/\/www.kapi.ltd\/ar\/urun\/%d8%a8%d8%a7%d8%a8-%d8%ae%d8%a7%d8%b1%d8%ac%d9%8a-%d9%84%d9%84%d9%85%d9%86%d8%b2%d9%84\/#breadcrumb"},"inLanguage":"ar","potentialAction":[{"@type":"ReadAction","target":["https:\/\/www.kapi.ltd\/ar\/urun\/%d8%a8%d8%a7%d8%a8-%d8%ae%d8%a7%d8%b1%d8%ac%d9%8a-%d9%84%d9%84%d9%85%d9%86%d8%b2%d9%84\/"]}]},{"@type":"ImageObject","inLanguage":"ar","@id":"https:\/\/www.kapi.ltd\/ar\/urun\/%d8%a8%d8%a7%d8%a8-%d8%ae%d8%a7%d8%b1%d8%ac%d9%8a-%d9%84%d9%84%d9%85%d9%86%d8%b2%d9%84\/#primaryimage","url":"https:\/\/www.kapi.ltd\/wp-content\/uploads\/2025\/10\/ev-dis-kapisi-2.webp","contentUrl":"https:\/\/www.kapi.ltd\/wp-content\/uploads\/2025\/10\/ev-dis-kapisi-2.webp","width":650,"height":975,"caption":"ev d\u0131\u015f kap\u0131s\u0131"},{"@type":"BreadcrumbList","@id":"https:\/\/www.kapi.ltd\/ar\/urun\/%d8%a8%d8%a7%d8%a8-%d8%ae%d8%a7%d8%b1%d8%ac%d9%8a-%d9%84%d9%84%d9%85%d9%86%d8%b2%d9%84\/#breadcrumb","itemListElement":[{"@type":"ListItem","position":1,"name":"Anasayfa","item":"https:\/\/www.kapi.ltd\/ar\/"},{"@type":"ListItem","position":2,"name":"ic-kapi-celik-kapi-modelleri","item":"https:\/\/www.kapi.ltd\/?page_id=4263"},{"@type":"ListItem","position":3,"name":"\u0628\u0627\u0628 \u062e\u0627\u0631\u062c\u064a \u0644\u0644\u0645\u0646\u0632\u0644"}]},{"@type":"WebSite","@id":"https:\/\/www.kapi.ltd\/ar\/#website","url":"https:\/\/www.kapi.ltd\/ar\/","name":"\u0130\u00e7 Kap\u0131 Ve \u00c7elik Kap\u0131 Modelleri","description":"T\u00fcrkiye Kap\u0131 Modelleri Merkezi","potentialAction":[{"@type":"SearchAction","target":{"@type":"EntryPoint","urlTemplate":"https:\/\/www.kapi.ltd\/ar\/?s={search_term_string}"},"query-input":{"@type":"PropertyValueSpecification","valueRequired":true,"valueName":"search_term_string"}}],"inLanguage":"ar"}]}},"_links":{"self":[{"href":"https:\/\/www.kapi.ltd\/ar\/wp-json\/wp\/v2\/product\/6922","targetHints":{"allow":["GET"]}}],"collection":[{"href":"https:\/\/www.kapi.ltd\/ar\/wp-json\/wp\/v2\/product"}],"about":[{"href":"https:\/\/www.kapi.ltd\/ar\/wp-json\/wp\/v2\/types\/product"}],"version-history":[{"count":2,"href":"https:\/\/www.kapi.ltd\/ar\/wp-json\/wp\/v2\/product\/6922\/revisions"}],"predecessor-version":[{"id":7012,"href":"https:\/\/www.kapi.ltd\/ar\/wp-json\/wp\/v2\/product\/6922\/revisions\/7012"}],"wp:featuredmedia":[{"embeddable":true,"href":"https:\/\/www.kapi.ltd\/ar\/wp-json\/wp\/v2\/media\/6923"}],"wp:attachment":[{"href":"https:\/\/www.kapi.ltd\/ar\/wp-json\/wp\/v2\/media?parent=6922"}],"wp:term":[{"taxonomy":"product_brand","embeddable":true,"href":"https:\/\/www.kapi.ltd\/ar\/wp-json\/wp\/v2\/product_brand?post=6922"},{"taxonomy":"product_cat","embeddable":true,"href":"https:\/\/www.kapi.ltd\/ar\/wp-json\/wp\/v2\/product_cat?post=6922"},{"taxonomy":"product_tag","embeddable":true,"href":"https:\/\/www.kapi.ltd\/ar\/wp-json\/wp\/v2\/product_tag?post=6922"}],"curies":[{"name":"wp","href":"https:\/\/api.w.org\/{rel}","templated":true}]}}