{"id":10116,"date":"2026-03-01T00:52:32","date_gmt":"2026-02-28T21:52:32","guid":{"rendered":"https:\/\/www.kapi.ltd\/urun\/wpc-kapilar\/"},"modified":"2026-03-31T18:26:57","modified_gmt":"2026-03-31T15:26:57","slug":"%d8%a3%d8%a8%d9%88%d8%a7%d8%a8-wpc","status":"publish","type":"product","link":"https:\/\/www.kapi.ltd\/ar\/urun\/%d8%a3%d8%a8%d9%88%d8%a7%d8%a8-wpc\/","title":{"rendered":"\u0623\u0628\u0648\u0627\u0628 WPC"},"content":{"rendered":"<div class=\"relative basis-auto flex-col -mb-(--composer-overlap-px) [--composer-overlap-px:28px] grow flex\">\n<div class=\"flex flex-col text-sm pb-25\">\n<article class=\"text-token-text-primary w-full focus:outline-none [--shadow-height:45px] has-data-writing-block:pointer-events-none has-data-writing-block:-mt-(--shadow-height) has-data-writing-block:pt-(--shadow-height) [&amp;:has([data-writing-block])&gt;*]:pointer-events-auto scroll-mt-[calc(var(--header-height)+min(200px,max(70px,20svh)))]\" dir=\"auto\" tabindex=\"-1\" data-turn-id=\"request-WEB:2b9e6435-ceff-4ba4-bf60-66abfd099f94-4\" data-testid=\"conversation-turn-6\" data-scroll-anchor=\"true\" data-turn=\"assistant\">\n<div class=\"text-base my-auto mx-auto pb-10 [--thread-content-margin:--spacing(4)] @w-sm\/main:[--thread-content-margin:--spacing(6)] @w-lg\/main:[--thread-content-margin:--spacing(16)] px-(--thread-content-margin)\">\n<div class=\"[--thread-content-max-width:40rem] @w-lg\/main:[--thread-content-max-width:48rem] mx-auto max-w-(--thread-content-max-width) flex-1 group\/turn-messages focus-visible:outline-hidden relative flex w-full min-w-0 flex-col agent-turn\" tabindex=\"-1\">\n<div class=\"flex max-w-full flex-col grow\">\n<div class=\"min-h-8 text-message relative flex w-full flex-col items-end gap-2 text-start break-words whitespace-normal [.text-message+&amp;]:mt-1\" dir=\"auto\" data-message-author-role=\"assistant\" data-message-id=\"7e3d4023-93e5-4f40-b9b4-ca2e1a7065cc\" data-message-model-slug=\"gpt-5-2\">\n<div class=\"flex w-full flex-col gap-1 empty:hidden first:pt-[1px]\">\n<div class=\"markdown prose dark:prose-invert w-full wrap-break-word light markdown-new-styling\">\n<div class=\"flex flex-col text-sm\">\n<article class=\"text-token-text-primary w-full focus:outline-none [--shadow-height:45px] has-data-writing-block:pointer-events-none has-data-writing-block:-mt-(--shadow-height) has-data-writing-block:pt-(--shadow-height) [&amp;:has([data-writing-block])&gt;*]:pointer-events-auto scroll-mt-[calc(var(--header-height)+min(200px,max(70px,20svh)))]\" dir=\"auto\" tabindex=\"-1\" data-turn-id=\"request-WEB:cd5deb19-94c9-483e-9ebf-bd612e199c7a-4\" data-testid=\"conversation-turn-10\" data-scroll-anchor=\"true\" data-turn=\"assistant\">\n<div class=\"text-base my-auto mx-auto pb-10 [--thread-content-margin:--spacing(4)] @w-sm\/main:[--thread-content-margin:--spacing(6)] @w-lg\/main:[--thread-content-margin:--spacing(16)] px-(--thread-content-margin)\">\n<div class=\"[--thread-content-max-width:40rem] @w-lg\/main:[--thread-content-max-width:48rem] mx-auto max-w-(--thread-content-max-width) flex-1 group\/turn-messages focus-visible:outline-hidden relative flex w-full min-w-0 flex-col agent-turn\" tabindex=\"-1\">\n<div class=\"flex max-w-full flex-col grow\">\n<div class=\"min-h-8 text-message relative flex w-full flex-col items-end gap-2 text-start break-words whitespace-normal [.text-message+&amp;]:mt-1\" dir=\"auto\" data-message-author-role=\"assistant\" data-message-id=\"b96b74e1-3daa-4b7d-9619-2887dd84cbb3\" data-message-model-slug=\"gpt-5-2\">\n<div class=\"flex w-full flex-col gap-1 empty:hidden first:pt-[1px]\">\n<div class=\"markdown prose dark:prose-invert w-full wrap-break-word light markdown-new-styling\">\n<div class=\"flex h-svh w-screen flex-col\">\n<div class=\"relative z-0 flex min-h-0 w-full flex-1\">\n<div class=\"relative flex min-h-0 w-full flex-1\">\n<div class=\"@container\/main relative flex min-w-0 flex-1 flex-col -translate-y-[calc(env(safe-area-inset-bottom,0px)\/2)] pt-[calc(env(safe-area-inset-bottom,0px)\/2)]\">\n<div class=\"@w-sm\/main:[scrollbar-gutter:stable_both-edges] touch:[scrollbar-width:none] relative flex min-h-0 min-w-0 flex-1 flex-col [scrollbar-gutter:stable] not-print:overflow-x-clip not-print:overflow-y-auto scroll-pt-(--header-height) [--sticky-padding-top:var(--header-height)] has-data-[fixed-header=less-than-xl]:@w-xl\/main:scroll-pt-0 has-data-[fixed-header=less-than-xl]:@w-xl\/main:[--sticky-padding-top:0px] has-data-[fixed-header=less-than-xxl]:@w-2xl\/main:scroll-pt-0 has-data-[fixed-header=less-than-xxl]:@w-2xl\/main:[--sticky-padding-top:0px]\" data-scroll-root=\"\">\n<h3>\u0623\u0628\u0648\u0627\u0628 WPC: \u0645\u0632\u064a\u062c \u0645\u062b\u0627\u0644\u064a \u0645\u0646 \u0627\u0644\u0645\u062a\u0627\u0646\u0629 \u0648\u0627\u0644\u062c\u0645\u0627\u0644<\/h3>\n<p class=\"first:mt-1.5!\">\u062a\u064f\u0639\u062a\u0628\u0631 \u0623\u0628\u0648\u0627\u0628 WPC (\u0627\u0644\u062e\u0634\u0628 \u0627\u0644\u0645\u0631\u0643\u0628 \u0628\u0627\u0644\u0628\u0644\u0627\u0633\u062a\u064a\u0643) \u0645\u0646 \u0627\u0644\u062e\u064a\u0627\u0631\u0627\u062a \u0627\u0644\u062d\u062f\u064a\u062b\u0629 \u0627\u0644\u062a\u064a \u062a\u062c\u0645\u0639 \u0628\u064a\u0646 \u0645\u062a\u0627\u0646\u0629 \u0627\u0644\u062e\u0634\u0628 \u0648\u0645\u0642\u0627\u0648\u0645\u0629 \u0627\u0644\u0628\u0644\u0627\u0633\u062a\u064a\u0643\u060c \u0645\u0645\u0627 \u064a\u062c\u0639\u0644\u0647\u0627 \u0645\u062b\u0627\u0644\u064a\u0629 \u0644\u0644\u0627\u0633\u062a\u062e\u062f\u0627\u0645 \u0641\u064a \u0645\u062e\u062a\u0644\u0641 \u0627\u0644\u0623\u0645\u0627\u0643\u0646 \u0627\u0644\u062f\u0627\u062e\u0644\u064a\u0629 \u0648\u0627\u0644\u062e\u0627\u0631\u062c\u064a\u0629. \u062a\u062a\u0645\u064a\u0632 \u0647\u0630\u0647 \u0627\u0644\u0623\u0628\u0648\u0627\u0628 \u0628\u0642\u062f\u0631\u062a\u0647\u0627 \u0639\u0644\u0649 \u0645\u0642\u0627\u0648\u0645\u0629 \u0627\u0644\u0631\u0637\u0648\u0628\u0629 \u0648\u0627\u0644\u062a\u0622\u0643\u0644\u060c \u0645\u0639 \u0627\u0644\u062d\u0641\u0627\u0638 \u0639\u0644\u0649 \u0645\u0638\u0647\u0631 \u0623\u0646\u064a\u0642 \u0648\u0639\u0635\u0631\u064a.<\/p>\n<h4>\u0645\u0632\u0627\u064a\u0627 \u0623\u0628\u0648\u0627\u0628 WPC<\/h4>\n<ul class=\"list-disc\">\n<li class=\"ml-4\"><strong>\u0645\u0642\u0627\u0648\u0645\u0629 \u0639\u0627\u0644\u064a\u0629 \u0644\u0644\u0631\u0637\u0648\u0628\u0629 \u0648\u0627\u0644\u0645\u0627\u0621<\/strong>: \u0644\u0627 \u062a\u062a\u0623\u062b\u0631 \u0628\u0627\u0644\u0631\u0637\u0648\u0628\u0629 \u0623\u0648 \u0627\u0644\u062a\u0639\u0631\u0636 \u0627\u0644\u0645\u0628\u0627\u0634\u0631 \u0644\u0644\u0645\u0627\u0621\u060c \u0645\u0645\u0627 \u064a\u062c\u0639\u0644\u0647\u0627 \u0645\u062b\u0627\u0644\u064a\u0629 \u0644\u0644\u062d\u0645\u0627\u0645\u0627\u062a \u0648\u0627\u0644\u0645\u0637\u0627\u0628\u062e \u0648\u0627\u0644\u0645\u0646\u0627\u0637\u0642 \u0627\u0644\u062e\u0627\u0631\u062c\u064a\u0629.<\/li>\n<li class=\"ml-4\"><strong>\u0645\u062a\u0627\u0646\u0629 \u0648\u0642\u0648\u0629<\/strong>: \u062a\u062a\u062d\u0645\u0644 \u0627\u0644\u0627\u0633\u062a\u062e\u062f\u0627\u0645 \u0627\u0644\u064a\u0648\u0645\u064a \u0648\u0627\u0644\u0638\u0631\u0648\u0641 \u0627\u0644\u062c\u0648\u064a\u0629 \u0627\u0644\u0645\u062e\u062a\u0644\u0641\u0629 \u062f\u0648\u0646 \u0623\u0646 \u062a\u062a\u0644\u0641.<\/li>\n<li class=\"ml-4\"><strong>\u062a\u0635\u0645\u064a\u0645\u0627\u062a \u0645\u062a\u0646\u0648\u0639\u0629<\/strong>: \u062a\u062a\u0648\u0641\u0631 \u0628\u0623\u0634\u0643\u0627\u0644 \u0648\u0623\u0644\u0648\u0627\u0646 \u0645\u062a\u0639\u062f\u062f\u0629 \u062a\u0646\u0627\u0633\u0628 \u062c\u0645\u064a\u0639 \u0627\u0644\u0623\u0630\u0648\u0627\u0642 \u0648\u0627\u0644\u062f\u064a\u0643\u0648\u0631\u0627\u062a.<\/li>\n<li class=\"ml-4\"><strong>\u0635\u064a\u0627\u0646\u0629 \u0645\u0646\u062e\u0641\u0636\u0629<\/strong>: \u0633\u0647\u0644\u0629 \u0627\u0644\u062a\u0646\u0638\u064a\u0641 \u0648\u0644\u0627 \u062a\u062d\u062a\u0627\u062c \u0625\u0644\u0649 \u0635\u064a\u0627\u0646\u0629 \u0645\u0633\u062a\u0645\u0631\u0629.<\/li>\n<li class=\"ml-4\"><strong>\u0635\u062f\u064a\u0642\u0629 \u0644\u0644\u0628\u064a\u0626\u0629<\/strong>: \u0645\u0635\u0646\u0648\u0639\u0629 \u0645\u0646 \u0645\u0648\u0627\u062f \u0645\u0639\u0627\u062f \u062a\u062f\u0648\u064a\u0631\u0647\u0627\u060c \u0645\u0645\u0627 \u064a\u062c\u0639\u0644\u0647\u0627 \u062e\u064a\u0627\u0631\u064b\u0627 \u0645\u0633\u062a\u062f\u0627\u0645\u064b\u0627.<\/li>\n<\/ul>\n<h4>\u0627\u0633\u062a\u062e\u062f\u0627\u0645\u0627\u062a \u0623\u0628\u0648\u0627\u0628 WPC<\/h4>\n<p class=\"first:mt-1.5!\">\u062a\u064f\u0633\u062a\u062e\u062f\u0645 \u0623\u0628\u0648\u0627\u0628 WPC \u0641\u064a \u0627\u0644\u0639\u062f\u064a\u062f \u0645\u0646 \u0627\u0644\u0623\u0645\u0627\u0643\u0646 \u0645\u062b\u0644:<\/p>\n<ul class=\"list-disc\">\n<li class=\"ml-4\">\u0627\u0644\u0645\u0646\u0627\u0632\u0644 \u0648\u0627\u0644\u0645\u0628\u0627\u0646\u064a \u0627\u0644\u0633\u0643\u0646\u064a\u0629.<\/li>\n<li class=\"ml-4\">\u0627\u0644\u0645\u0643\u0627\u062a\u0628 \u0648\u0627\u0644\u0645\u0628\u0627\u0646\u064a \u0627\u0644\u062a\u062c\u0627\u0631\u064a\u0629.<\/li>\n<li class=\"ml-4\">\u0627\u0644\u0645\u0646\u0627\u0637\u0642 \u0627\u0644\u0631\u0637\u0628\u0629 \u0645\u062b\u0644 \u0627\u0644\u062d\u0645\u0627\u0645\u0627\u062a \u0648\u0627\u0644\u0645\u0637\u0627\u0628\u062e.<\/li>\n<li class=\"ml-4\">\u0627\u0644\u0623\u0645\u0627\u0643\u0646 \u0627\u0644\u062e\u0627\u0631\u062c\u064a\u0629 \u0645\u062b\u0644 \u0627\u0644\u0634\u0631\u0641\u0627\u062a \u0648\u0627\u0644\u062d\u062f\u0627\u0626\u0642.<\/li>\n<\/ul>\n<h4>\u0627\u0644\u062e\u0644\u0627\u0635\u0629: \u0623\u0628\u0648\u0627\u0628 WPC \u062e\u064a\u0627\u0631 \u0630\u0643\u064a \u064a\u062c\u0645\u0639 \u0628\u064a\u0646 \u0627\u0644\u062c\u0645\u0627\u0644 \u0648\u0627\u0644\u0639\u0645\u0644\u064a\u0629<\/h4>\n<p class=\"first:mt-1.5!\">\u062a\u0648\u0641\u0631 \u0623\u0628\u0648\u0627\u0628 WPC \u0645\u062c\u0645\u0648\u0639\u0629 \u0648\u0627\u0633\u0639\u0629 \u0645\u0646 \u0627\u0644\u062e\u064a\u0627\u0631\u0627\u062a \u0627\u0644\u062a\u064a \u062a\u0644\u0628\u064a \u0645\u062e\u062a\u0644\u0641 \u0627\u0644\u0627\u062d\u062a\u064a\u0627\u062c\u0627\u062a\u060c \u0645\u0639 \u0636\u0645\u0627\u0646 \u0627\u0644\u0645\u062a\u0627\u0646\u0629 \u0648\u0627\u0644\u0623\u062f\u0627\u0621 \u0627\u0644\u0639\u0627\u0644\u064a. \u0628\u0641\u0636\u0644 \u062a\u0646\u0648\u0639 \u062a\u0635\u0645\u064a\u0645\u0627\u062a\u0647\u0627 \u0648\u0645\u062a\u0627\u0646\u062a\u0647\u0627\u060c \u064a\u0645\u0643\u0646 \u0627\u062e\u062a\u064a\u0627\u0631 \u0627\u0644\u0628\u0627\u0628 \u0627\u0644\u0645\u0646\u0627\u0633\u0628 \u0644\u0643\u0644 \u0645\u0643\u0627\u0646 \u0628\u0633\u0647\u0648\u0644\u0629\u060c \u0645\u0645\u0627 \u064a\u062c\u0639\u0644\u0647\u0627 \u062e\u064a\u0627\u0631\u064b\u0627 \u0645\u062b\u0627\u0644\u064a\u064b\u0627 \u0644\u0644\u0645\u0633\u062a\u062e\u062f\u0645\u064a\u0646 \u0627\u0644\u0628\u0627\u062d\u062b\u064a\u0646 \u0639\u0646 \u0627\u0644\u062c\u0648\u062f\u0629 \u0648\u0627\u0644\u062c\u0645\u0627\u0644 \u0641\u064a \u0622\u0646 \u0648\u0627\u062d\u062f.<\/p>\n<\/div>\n<\/div>\n<\/div>\n<\/div>\n<\/div>\n<\/div>\n<\/div>\n<\/div>\n<\/div>\n<\/div>\n<\/div>\n<\/article>\n<\/div>\n<\/div>\n<\/div>\n<\/div>\n<\/div>\n<\/div>\n<\/div>\n<\/article>\n<\/div>\n<\/div>\n","protected":false},"excerpt":{"rendered":"<p>\u0623\u0628\u0648\u0627\u0628 WPC: \u0645\u0632\u064a\u062c \u0645\u062b\u0627\u0644\u064a \u0645\u0646 \u0627\u0644\u0645\u062a\u0627\u0646\u0629 \u0648\u0627\u0644\u062c\u0645\u0627\u0644 \u062a\u064f\u0639\u062a\u0628\u0631 \u0623\u0628\u0648\u0627\u0628 WPC (\u0627\u0644\u062e\u0634\u0628 \u0627\u0644\u0645\u0631\u0643\u0628 \u0628\u0627\u0644\u0628\u0644\u0627\u0633\u062a\u064a\u0643) \u0645\u0646 \u0627\u0644\u062e\u064a\u0627\u0631\u0627\u062a \u0627\u0644\u062d\u062f\u064a\u062b\u0629 \u0627\u0644\u062a\u064a \u062a\u062c\u0645\u0639 \u0628\u064a\u0646 \u0645\u062a\u0627\u0646\u0629 \u0627\u0644\u062e\u0634\u0628 \u0648\u0645\u0642\u0627\u0648\u0645\u0629 \u0627\u0644\u0628\u0644\u0627\u0633\u062a\u064a\u0643\u060c \u0645\u0645\u0627 \u064a\u062c\u0639\u0644\u0647\u0627 \u0645\u062b\u0627\u0644\u064a\u0629 \u0644\u0644\u0627\u0633\u062a\u062e\u062f\u0627\u0645 \u0641\u064a \u0645\u062e\u062a\u0644\u0641 \u0627\u0644\u0623\u0645\u0627\u0643\u0646 \u0627\u0644\u062f\u0627\u062e\u0644\u064a\u0629 \u0648\u0627\u0644\u062e\u0627\u0631\u062c\u064a\u0629. \u062a\u062a\u0645\u064a\u0632 \u0647\u0630\u0647 \u0627\u0644\u0623\u0628\u0648\u0627\u0628 \u0628\u0642\u062f\u0631\u062a\u0647\u0627 \u0639\u0644\u0649 \u0645\u0642\u0627\u0648\u0645\u0629 \u0627\u0644\u0631\u0637\u0648\u0628\u0629 \u0648\u0627\u0644\u062a\u0622\u0643\u0644\u060c \u0645\u0639 \u0627\u0644\u062d\u0641\u0627\u0638 \u0639\u0644\u0649 \u0645\u0638\u0647\u0631 \u0623\u0646\u064a\u0642 \u0648\u0639\u0635\u0631\u064a. \u0645\u0632\u0627\u064a\u0627 \u0623\u0628\u0648\u0627\u0628 WPC \u0645\u0642\u0627\u0648\u0645\u0629 \u0639\u0627\u0644\u064a\u0629 \u0644\u0644\u0631\u0637\u0648\u0628\u0629 \u0648\u0627\u0644\u0645\u0627\u0621: \u0644\u0627 \u062a\u062a\u0623\u062b\u0631<\/p>\n","protected":false},"featured_media":10117,"template":"","meta":{"_bbp_topic_count":0,"_bbp_reply_count":0,"_bbp_total_topic_count":0,"_bbp_total_reply_count":0,"_bbp_voice_count":0,"_bbp_anonymous_reply_count":0,"_bbp_topic_count_hidden":0,"_bbp_reply_count_hidden":0,"_bbp_forum_subforum_count":0},"product_brand":[],"product_cat":[1050],"product_tag":[],"class_list":{"0":"post-10116","1":"product","2":"type-product","3":"status-publish","4":"has-post-thumbnail","6":"product_cat-1050","8":"first","9":"instock","10":"shipping-taxable","11":"product-type-simple","12":"prodpage-classic"},"yoast_head":"<!-- This site is optimized with the Yoast SEO Premium plugin v26.6 (Yoast SEO v27.3) - https:\/\/yoast.com\/product\/yoast-seo-premium-wordpress\/ -->\n<title>\u0623\u0628\u0648\u0627\u0628 WPC \u0627\u0644\u0645\u0642\u0627\u0648\u0645\u0629 \u0644\u0644\u0645\u0627\u0621: \u0627\u0644\u0645\u062a\u0627\u0646\u0629 \u0648\u0627\u0644\u0623\u0646\u0627\u0642\u0629 \u0648\u0627\u0644\u0631\u0627\u062d\u0629<\/title>\n<meta name=\"description\" content=\"\u062a\u064f\u0639\u062f \u0623\u0628\u0648\u0627\u0628 WPC \u0627\u0644\u0645\u0642\u0627\u0648\u0645\u0629 \u0644\u0644\u0645\u0627\u0621 \u062e\u064a\u0627\u0631\u064b\u0627 \u0645\u062b\u0627\u0644\u064a\u064b\u0627 \u0644\u0644\u0645\u0646\u0627\u0632\u0644 \u0648\u0627\u0644\u0645\u0643\u0627\u062a\u0628\u060c \u062d\u064a\u062b \u062a\u0648\u0641\u0631 \u062e\u064a\u0627\u0631\u0627\u062a \u0645\u062a\u064a\u0646\u0629 \u0648\u0623\u0646\u064a\u0642\u0629 \u0648\u0645\u0648\u0641\u0631\u0629 \u0644\u0644\u0637\u0627\u0642\u0629.\" \/>\n<meta name=\"robots\" content=\"index, follow, max-snippet:-1, max-image-preview:large, max-video-preview:-1\" \/>\n<link rel=\"canonical\" href=\"https:\/\/www.kapi.ltd\/ar\/urun\/%d8%a3%d8%a8%d9%88%d8%a7%d8%a8-wpc\/\" \/>\n<meta property=\"og:locale\" content=\"ar_AR\" \/>\n<meta property=\"og:type\" content=\"article\" \/>\n<meta property=\"og:title\" content=\"\u0623\u0628\u0648\u0627\u0628 WPC\" \/>\n<meta property=\"og:description\" content=\"\u062a\u064f\u0639\u062f \u0623\u0628\u0648\u0627\u0628 WPC \u0627\u0644\u0645\u0642\u0627\u0648\u0645\u0629 \u0644\u0644\u0645\u0627\u0621 \u062e\u064a\u0627\u0631\u064b\u0627 \u0645\u062b\u0627\u0644\u064a\u064b\u0627 \u0644\u0644\u0645\u0646\u0627\u0632\u0644 \u0648\u0627\u0644\u0645\u0643\u0627\u062a\u0628\u060c \u062d\u064a\u062b \u062a\u0648\u0641\u0631 \u062e\u064a\u0627\u0631\u0627\u062a \u0645\u062a\u064a\u0646\u0629 \u0648\u0623\u0646\u064a\u0642\u0629 \u0648\u0645\u0648\u0641\u0631\u0629 \u0644\u0644\u0637\u0627\u0642\u0629.\" \/>\n<meta property=\"og:url\" content=\"https:\/\/www.kapi.ltd\/ar\/urun\/%d8%a3%d8%a8%d9%88%d8%a7%d8%a8-wpc\/\" \/>\n<meta property=\"og:site_name\" content=\"\u0130\u00e7 Oda Kap\u0131lar\u0131 - \u00c7elik kap\u0131 modelleri - apartman kap\u0131lar\u0131\" \/>\n<meta property=\"article:modified_time\" content=\"2026-03-31T15:26:57+00:00\" \/>\n<meta property=\"og:image\" content=\"https:\/\/www.kapi.ltd\/wp-content\/uploads\/2026\/03\/wpc-doors.webp\" \/>\n\t<meta property=\"og:image:width\" content=\"500\" \/>\n\t<meta property=\"og:image:height\" content=\"750\" \/>\n\t<meta property=\"og:image:type\" content=\"image\/webp\" \/>\n<meta name=\"twitter:card\" content=\"summary_large_image\" \/>\n<meta name=\"twitter:label1\" content=\"\u0648\u0642\u062a \u0627\u0644\u0642\u0631\u0627\u0621\u0629 \u0627\u0644\u0645\u064f\u0642\u062f\u0651\u0631\" \/>\n\t<meta name=\"twitter:data1\" content=\"\u062f\u0642\u064a\u0642\u062a\u0627\u0646\" \/>\n<script type=\"application\/ld+json\" class=\"yoast-schema-graph\">{\"@context\":\"https:\\\/\\\/schema.org\",\"@graph\":[{\"@type\":\"WebPage\",\"@id\":\"https:\\\/\\\/www.kapi.ltd\\\/ar\\\/urun\\\/%d8%a3%d8%a8%d9%88%d8%a7%d8%a8-wpc\\\/\",\"url\":\"https:\\\/\\\/www.kapi.ltd\\\/ar\\\/urun\\\/%d8%a3%d8%a8%d9%88%d8%a7%d8%a8-wpc\\\/\",\"name\":\"\u0623\u0628\u0648\u0627\u0628 WPC \u0627\u0644\u0645\u0642\u0627\u0648\u0645\u0629 \u0644\u0644\u0645\u0627\u0621: \u0627\u0644\u0645\u062a\u0627\u0646\u0629 \u0648\u0627\u0644\u0623\u0646\u0627\u0642\u0629 \u0648\u0627\u0644\u0631\u0627\u062d\u0629\",\"isPartOf\":{\"@id\":\"https:\\\/\\\/www.kapi.ltd\\\/ar\\\/#website\"},\"primaryImageOfPage\":{\"@id\":\"https:\\\/\\\/www.kapi.ltd\\\/ar\\\/urun\\\/%d8%a3%d8%a8%d9%88%d8%a7%d8%a8-wpc\\\/#primaryimage\"},\"image\":{\"@id\":\"https:\\\/\\\/www.kapi.ltd\\\/ar\\\/urun\\\/%d8%a3%d8%a8%d9%88%d8%a7%d8%a8-wpc\\\/#primaryimage\"},\"thumbnailUrl\":\"https:\\\/\\\/www.kapi.ltd\\\/wp-content\\\/uploads\\\/2026\\\/03\\\/wpc-doors.webp\",\"datePublished\":\"2026-02-28T21:52:32+00:00\",\"dateModified\":\"2026-03-31T15:26:57+00:00\",\"description\":\"\u062a\u064f\u0639\u062f \u0623\u0628\u0648\u0627\u0628 WPC \u0627\u0644\u0645\u0642\u0627\u0648\u0645\u0629 \u0644\u0644\u0645\u0627\u0621 \u062e\u064a\u0627\u0631\u064b\u0627 \u0645\u062b\u0627\u0644\u064a\u064b\u0627 \u0644\u0644\u0645\u0646\u0627\u0632\u0644 \u0648\u0627\u0644\u0645\u0643\u0627\u062a\u0628\u060c \u062d\u064a\u062b \u062a\u0648\u0641\u0631 \u062e\u064a\u0627\u0631\u0627\u062a \u0645\u062a\u064a\u0646\u0629 \u0648\u0623\u0646\u064a\u0642\u0629 \u0648\u0645\u0648\u0641\u0631\u0629 \u0644\u0644\u0637\u0627\u0642\u0629.\",\"breadcrumb\":{\"@id\":\"https:\\\/\\\/www.kapi.ltd\\\/ar\\\/urun\\\/%d8%a3%d8%a8%d9%88%d8%a7%d8%a8-wpc\\\/#breadcrumb\"},\"inLanguage\":\"ar\",\"potentialAction\":[{\"@type\":\"ReadAction\",\"target\":[\"https:\\\/\\\/www.kapi.ltd\\\/ar\\\/urun\\\/%d8%a3%d8%a8%d9%88%d8%a7%d8%a8-wpc\\\/\"]}]},{\"@type\":\"ImageObject\",\"inLanguage\":\"ar\",\"@id\":\"https:\\\/\\\/www.kapi.ltd\\\/ar\\\/urun\\\/%d8%a3%d8%a8%d9%88%d8%a7%d8%a8-wpc\\\/#primaryimage\",\"url\":\"https:\\\/\\\/www.kapi.ltd\\\/wp-content\\\/uploads\\\/2026\\\/03\\\/wpc-doors.webp\",\"contentUrl\":\"https:\\\/\\\/www.kapi.ltd\\\/wp-content\\\/uploads\\\/2026\\\/03\\\/wpc-doors.webp\",\"width\":500,\"height\":750,\"caption\":\"wpc doors\"},{\"@type\":\"BreadcrumbList\",\"@id\":\"https:\\\/\\\/www.kapi.ltd\\\/ar\\\/urun\\\/%d8%a3%d8%a8%d9%88%d8%a7%d8%a8-wpc\\\/#breadcrumb\",\"itemListElement\":[{\"@type\":\"ListItem\",\"position\":1,\"name\":\"Anasayfa\",\"item\":\"https:\\\/\\\/www.kapi.ltd\\\/ar\\\/\"},{\"@type\":\"ListItem\",\"position\":2,\"name\":\"ic-kapi-celik-kapi-modelleri\",\"item\":\"https:\\\/\\\/www.kapi.ltd\\\/?page_id=4263\"},{\"@type\":\"ListItem\",\"position\":3,\"name\":\"\u0623\u0628\u0648\u0627\u0628 WPC\"}]},{\"@type\":\"WebSite\",\"@id\":\"https:\\\/\\\/www.kapi.ltd\\\/ar\\\/#website\",\"url\":\"https:\\\/\\\/www.kapi.ltd\\\/ar\\\/\",\"name\":\"\u0130\u00e7 Kap\u0131 Ve \u00c7elik Kap\u0131 Modelleri\",\"description\":\"T\u00fcrkiye Kap\u0131 Modelleri Merkezi\",\"potentialAction\":[{\"@type\":\"SearchAction\",\"target\":{\"@type\":\"EntryPoint\",\"urlTemplate\":\"https:\\\/\\\/www.kapi.ltd\\\/ar\\\/?s={search_term_string}\"},\"query-input\":{\"@type\":\"PropertyValueSpecification\",\"valueRequired\":true,\"valueName\":\"search_term_string\"}}],\"inLanguage\":\"ar\"}]}<\/script>\n<!-- \/ Yoast SEO Premium plugin. -->","yoast_head_json":{"title":"\u0623\u0628\u0648\u0627\u0628 WPC \u0627\u0644\u0645\u0642\u0627\u0648\u0645\u0629 \u0644\u0644\u0645\u0627\u0621: \u0627\u0644\u0645\u062a\u0627\u0646\u0629 \u0648\u0627\u0644\u0623\u0646\u0627\u0642\u0629 \u0648\u0627\u0644\u0631\u0627\u062d\u0629","description":"\u062a\u064f\u0639\u062f \u0623\u0628\u0648\u0627\u0628 WPC \u0627\u0644\u0645\u0642\u0627\u0648\u0645\u0629 \u0644\u0644\u0645\u0627\u0621 \u062e\u064a\u0627\u0631\u064b\u0627 \u0645\u062b\u0627\u0644\u064a\u064b\u0627 \u0644\u0644\u0645\u0646\u0627\u0632\u0644 \u0648\u0627\u0644\u0645\u0643\u0627\u062a\u0628\u060c \u062d\u064a\u062b \u062a\u0648\u0641\u0631 \u062e\u064a\u0627\u0631\u0627\u062a \u0645\u062a\u064a\u0646\u0629 \u0648\u0623\u0646\u064a\u0642\u0629 \u0648\u0645\u0648\u0641\u0631\u0629 \u0644\u0644\u0637\u0627\u0642\u0629.","robots":{"index":"index","follow":"follow","max-snippet":"max-snippet:-1","max-image-preview":"max-image-preview:large","max-video-preview":"max-video-preview:-1"},"canonical":"https:\/\/www.kapi.ltd\/ar\/urun\/%d8%a3%d8%a8%d9%88%d8%a7%d8%a8-wpc\/","og_locale":"ar_AR","og_type":"article","og_title":"\u0623\u0628\u0648\u0627\u0628 WPC","og_description":"\u062a\u064f\u0639\u062f \u0623\u0628\u0648\u0627\u0628 WPC \u0627\u0644\u0645\u0642\u0627\u0648\u0645\u0629 \u0644\u0644\u0645\u0627\u0621 \u062e\u064a\u0627\u0631\u064b\u0627 \u0645\u062b\u0627\u0644\u064a\u064b\u0627 \u0644\u0644\u0645\u0646\u0627\u0632\u0644 \u0648\u0627\u0644\u0645\u0643\u0627\u062a\u0628\u060c \u062d\u064a\u062b \u062a\u0648\u0641\u0631 \u062e\u064a\u0627\u0631\u0627\u062a \u0645\u062a\u064a\u0646\u0629 \u0648\u0623\u0646\u064a\u0642\u0629 \u0648\u0645\u0648\u0641\u0631\u0629 \u0644\u0644\u0637\u0627\u0642\u0629.","og_url":"https:\/\/www.kapi.ltd\/ar\/urun\/%d8%a3%d8%a8%d9%88%d8%a7%d8%a8-wpc\/","og_site_name":"\u0130\u00e7 Oda Kap\u0131lar\u0131 - \u00c7elik kap\u0131 modelleri - apartman kap\u0131lar\u0131","article_modified_time":"2026-03-31T15:26:57+00:00","og_image":[{"width":500,"height":750,"url":"https:\/\/www.kapi.ltd\/wp-content\/uploads\/2026\/03\/wpc-doors.webp","type":"image\/webp"}],"twitter_card":"summary_large_image","twitter_misc":{"\u0648\u0642\u062a \u0627\u0644\u0642\u0631\u0627\u0621\u0629 \u0627\u0644\u0645\u064f\u0642\u062f\u0651\u0631":"\u062f\u0642\u064a\u0642\u062a\u0627\u0646"},"schema":{"@context":"https:\/\/schema.org","@graph":[{"@type":"WebPage","@id":"https:\/\/www.kapi.ltd\/ar\/urun\/%d8%a3%d8%a8%d9%88%d8%a7%d8%a8-wpc\/","url":"https:\/\/www.kapi.ltd\/ar\/urun\/%d8%a3%d8%a8%d9%88%d8%a7%d8%a8-wpc\/","name":"\u0623\u0628\u0648\u0627\u0628 WPC \u0627\u0644\u0645\u0642\u0627\u0648\u0645\u0629 \u0644\u0644\u0645\u0627\u0621: \u0627\u0644\u0645\u062a\u0627\u0646\u0629 \u0648\u0627\u0644\u0623\u0646\u0627\u0642\u0629 \u0648\u0627\u0644\u0631\u0627\u062d\u0629","isPartOf":{"@id":"https:\/\/www.kapi.ltd\/ar\/#website"},"primaryImageOfPage":{"@id":"https:\/\/www.kapi.ltd\/ar\/urun\/%d8%a3%d8%a8%d9%88%d8%a7%d8%a8-wpc\/#primaryimage"},"image":{"@id":"https:\/\/www.kapi.ltd\/ar\/urun\/%d8%a3%d8%a8%d9%88%d8%a7%d8%a8-wpc\/#primaryimage"},"thumbnailUrl":"https:\/\/www.kapi.ltd\/wp-content\/uploads\/2026\/03\/wpc-doors.webp","datePublished":"2026-02-28T21:52:32+00:00","dateModified":"2026-03-31T15:26:57+00:00","description":"\u062a\u064f\u0639\u062f \u0623\u0628\u0648\u0627\u0628 WPC \u0627\u0644\u0645\u0642\u0627\u0648\u0645\u0629 \u0644\u0644\u0645\u0627\u0621 \u062e\u064a\u0627\u0631\u064b\u0627 \u0645\u062b\u0627\u0644\u064a\u064b\u0627 \u0644\u0644\u0645\u0646\u0627\u0632\u0644 \u0648\u0627\u0644\u0645\u0643\u0627\u062a\u0628\u060c \u062d\u064a\u062b \u062a\u0648\u0641\u0631 \u062e\u064a\u0627\u0631\u0627\u062a \u0645\u062a\u064a\u0646\u0629 \u0648\u0623\u0646\u064a\u0642\u0629 \u0648\u0645\u0648\u0641\u0631\u0629 \u0644\u0644\u0637\u0627\u0642\u0629.","breadcrumb":{"@id":"https:\/\/www.kapi.ltd\/ar\/urun\/%d8%a3%d8%a8%d9%88%d8%a7%d8%a8-wpc\/#breadcrumb"},"inLanguage":"ar","potentialAction":[{"@type":"ReadAction","target":["https:\/\/www.kapi.ltd\/ar\/urun\/%d8%a3%d8%a8%d9%88%d8%a7%d8%a8-wpc\/"]}]},{"@type":"ImageObject","inLanguage":"ar","@id":"https:\/\/www.kapi.ltd\/ar\/urun\/%d8%a3%d8%a8%d9%88%d8%a7%d8%a8-wpc\/#primaryimage","url":"https:\/\/www.kapi.ltd\/wp-content\/uploads\/2026\/03\/wpc-doors.webp","contentUrl":"https:\/\/www.kapi.ltd\/wp-content\/uploads\/2026\/03\/wpc-doors.webp","width":500,"height":750,"caption":"wpc doors"},{"@type":"BreadcrumbList","@id":"https:\/\/www.kapi.ltd\/ar\/urun\/%d8%a3%d8%a8%d9%88%d8%a7%d8%a8-wpc\/#breadcrumb","itemListElement":[{"@type":"ListItem","position":1,"name":"Anasayfa","item":"https:\/\/www.kapi.ltd\/ar\/"},{"@type":"ListItem","position":2,"name":"ic-kapi-celik-kapi-modelleri","item":"https:\/\/www.kapi.ltd\/?page_id=4263"},{"@type":"ListItem","position":3,"name":"\u0623\u0628\u0648\u0627\u0628 WPC"}]},{"@type":"WebSite","@id":"https:\/\/www.kapi.ltd\/ar\/#website","url":"https:\/\/www.kapi.ltd\/ar\/","name":"\u0130\u00e7 Kap\u0131 Ve \u00c7elik Kap\u0131 Modelleri","description":"T\u00fcrkiye Kap\u0131 Modelleri Merkezi","potentialAction":[{"@type":"SearchAction","target":{"@type":"EntryPoint","urlTemplate":"https:\/\/www.kapi.ltd\/ar\/?s={search_term_string}"},"query-input":{"@type":"PropertyValueSpecification","valueRequired":true,"valueName":"search_term_string"}}],"inLanguage":"ar"}]}},"_links":{"self":[{"href":"https:\/\/www.kapi.ltd\/ar\/wp-json\/wp\/v2\/product\/10116","targetHints":{"allow":["GET"]}}],"collection":[{"href":"https:\/\/www.kapi.ltd\/ar\/wp-json\/wp\/v2\/product"}],"about":[{"href":"https:\/\/www.kapi.ltd\/ar\/wp-json\/wp\/v2\/types\/product"}],"version-history":[{"count":2,"href":"https:\/\/www.kapi.ltd\/ar\/wp-json\/wp\/v2\/product\/10116\/revisions"}],"predecessor-version":[{"id":10419,"href":"https:\/\/www.kapi.ltd\/ar\/wp-json\/wp\/v2\/product\/10116\/revisions\/10419"}],"wp:featuredmedia":[{"embeddable":true,"href":"https:\/\/www.kapi.ltd\/ar\/wp-json\/wp\/v2\/media\/10117"}],"wp:attachment":[{"href":"https:\/\/www.kapi.ltd\/ar\/wp-json\/wp\/v2\/media?parent=10116"}],"wp:term":[{"taxonomy":"product_brand","embeddable":true,"href":"https:\/\/www.kapi.ltd\/ar\/wp-json\/wp\/v2\/product_brand?post=10116"},{"taxonomy":"product_cat","embeddable":true,"href":"https:\/\/www.kapi.ltd\/ar\/wp-json\/wp\/v2\/product_cat?post=10116"},{"taxonomy":"product_tag","embeddable":true,"href":"https:\/\/www.kapi.ltd\/ar\/wp-json\/wp\/v2\/product_tag?post=10116"}],"curies":[{"name":"wp","href":"https:\/\/api.w.org\/{rel}","templated":true}]}}